{"id":682,"date":"2021-11-26T09:14:21","date_gmt":"2021-11-26T09:14:21","guid":{"rendered":"http:\/\/villanueva-fineart.es\/?post_type=product&#038;p=682"},"modified":"2022-01-22T13:14:37","modified_gmt":"2022-01-22T13:14:37","slug":"bruma-en-nueva-york-xavier-carbonell","status":"publish","type":"product","link":"https:\/\/villanueva-fineart.es\/es_es\/producto\/bruma-en-nueva-york-xavier-carbonell\/","title":{"rendered":"Bruma en Nueva York, Xavier Carbonell"},"content":{"rendered":"","protected":false},"excerpt":{"rendered":"<p>Bruma en Nueva York, \u00f3leo sobre tabla, Firmado, 25x35cm.<\/p>\n","protected":false},"featured_media":1859,"template":"","meta":[],"product_brand":[],"product_cat":[24,31,26],"product_tag":[],"class_list":{"0":"post-682","1":"product","2":"type-product","3":"status-publish","4":"has-post-thumbnail","6":"product_cat-obra","7":"product_cat-oleo","8":"product_cat-vistas-urbanas","9":"sales-flash-overlay","10":"woocommerce-text-align-center","11":"woocommerce-image-align-center","12":"do-quantity-buttons","14":"first","15":"instock","16":"sale","17":"sold-individually","18":"taxable","19":"shipping-taxable","20":"purchasable","21":"product-type-simple"},"yoast_head":"<!-- This site is optimized with the Yoast SEO plugin v25.9 - https:\/\/yoast.com\/wordpress\/plugins\/seo\/ -->\n<title>Bruma en Nueva York, Xavier Carbonell - Villanueva Fineart<\/title>\n<meta name=\"description\" content=\"Xavier Carbonell, 1.942 \u2013 2.015Su nacimiento, en Olot, en 1942, coincidi\u00f3 con el nombramiento de su padre, Llu\u00eds Carbonell como profesor de dibujo de la Escuela de Bellas Artes de su ciudad natal. Esta efem\u00e9ride familiar traer\u00eda consigo una infancia rodeada de juguetes at\u00edpicos: carboncillos, pinceles, pinturas y telas. Posteriormente, este contacto directo le llevar\u00eda a dedicarse plenamente a la pintura, a la escultura, a la escenograf\u00eda y a la ense\u00f1anza de las artes pl\u00e1sticas. Hoy, Juan Antonio Samaranch, presidente del Comit\u00e9 Ol\u00edmpico Internacional (COI), hace entrega de su cuadro La paz y el sol a la sede de la Unesco en Par\u00eds.\" \/>\n<meta name=\"robots\" content=\"index, follow, max-snippet:-1, max-image-preview:large, max-video-preview:-1\" \/>\n<link rel=\"canonical\" href=\"https:\/\/villanueva-fineart.es\/es_es\/producto\/bruma-en-nueva-york-xavier-carbonell\/\" \/>\n<meta property=\"og:locale\" content=\"es_ES\" \/>\n<meta property=\"og:type\" content=\"article\" \/>\n<meta property=\"og:title\" content=\"Bruma en Nueva York, Xavier Carbonell - Villanueva Fineart\" \/>\n<meta property=\"og:description\" content=\"Xavier Carbonell, 1.942 \u2013 2.015Su nacimiento, en Olot, en 1942, coincidi\u00f3 con el nombramiento de su padre, Llu\u00eds Carbonell como profesor de dibujo de la Escuela de Bellas Artes de su ciudad natal. Esta efem\u00e9ride familiar traer\u00eda consigo una infancia rodeada de juguetes at\u00edpicos: carboncillos, pinceles, pinturas y telas. Posteriormente, este contacto directo le llevar\u00eda a dedicarse plenamente a la pintura, a la escultura, a la escenograf\u00eda y a la ense\u00f1anza de las artes pl\u00e1sticas. Hoy, Juan Antonio Samaranch, presidente del Comit\u00e9 Ol\u00edmpico Internacional (COI), hace entrega de su cuadro La paz y el sol a la sede de la Unesco en Par\u00eds.\" \/>\n<meta property=\"og:url\" content=\"https:\/\/villanueva-fineart.es\/es_es\/producto\/bruma-en-nueva-york-xavier-carbonell\/\" \/>\n<meta property=\"og:site_name\" content=\"Villanueva Fineart\" \/>\n<meta property=\"article:modified_time\" content=\"2022-01-22T13:14:37+00:00\" \/>\n<meta property=\"og:image\" content=\"https:\/\/villanueva-fineart.es\/wp-content\/uploads\/2021\/12\/bruma-en-nueva-york-Xavier-Carbonell.jpg\" \/>\n\t<meta property=\"og:image:width\" content=\"890\" \/>\n\t<meta property=\"og:image:height\" content=\"616\" \/>\n\t<meta property=\"og:image:type\" content=\"image\/jpeg\" \/>\n<meta name=\"twitter:card\" content=\"summary_large_image\" \/>\n<script type=\"application\/ld+json\" class=\"yoast-schema-graph\">{\"@context\":\"https:\/\/schema.org\",\"@graph\":[{\"@type\":\"WebPage\",\"@id\":\"https:\/\/villanueva-fineart.es\/producto\/bruma-en-nueva-york-xavier-carbonell\/\",\"url\":\"https:\/\/villanueva-fineart.es\/producto\/bruma-en-nueva-york-xavier-carbonell\/\",\"name\":\"Bruma en Nueva York, Xavier Carbonell - Villanueva Fineart\",\"isPartOf\":{\"@id\":\"http:\/\/villanueva-fineart.es\/#website\"},\"primaryImageOfPage\":{\"@id\":\"https:\/\/villanueva-fineart.es\/producto\/bruma-en-nueva-york-xavier-carbonell\/#primaryimage\"},\"image\":{\"@id\":\"https:\/\/villanueva-fineart.es\/producto\/bruma-en-nueva-york-xavier-carbonell\/#primaryimage\"},\"thumbnailUrl\":\"https:\/\/villanueva-fineart.es\/wp-content\/uploads\/2021\/12\/bruma-en-nueva-york-Xavier-Carbonell.jpg\",\"datePublished\":\"2021-11-26T09:14:21+00:00\",\"dateModified\":\"2022-01-22T13:14:37+00:00\",\"description\":\"Xavier Carbonell, 1.942 \u2013 2.015Su nacimiento, en Olot, en 1942, coincidi\u00f3 con el nombramiento de su padre, Llu\u00eds Carbonell como profesor de dibujo de la Escuela de Bellas Artes de su ciudad natal. Esta efem\u00e9ride familiar traer\u00eda consigo una infancia rodeada de juguetes at\u00edpicos: carboncillos, pinceles, pinturas y telas. Posteriormente, este contacto directo le llevar\u00eda a dedicarse plenamente a la pintura, a la escultura, a la escenograf\u00eda y a la ense\u00f1anza de las artes pl\u00e1sticas. Hoy, Juan Antonio Samaranch, presidente del Comit\u00e9 Ol\u00edmpico Internacional (COI), hace entrega de su cuadro La paz y el sol a la sede de la Unesco en Par\u00eds.\",\"breadcrumb\":{\"@id\":\"https:\/\/villanueva-fineart.es\/producto\/bruma-en-nueva-york-xavier-carbonell\/#breadcrumb\"},\"inLanguage\":\"es\",\"potentialAction\":[{\"@type\":\"ReadAction\",\"target\":[\"https:\/\/villanueva-fineart.es\/producto\/bruma-en-nueva-york-xavier-carbonell\/\"]}]},{\"@type\":\"ImageObject\",\"inLanguage\":\"es\",\"@id\":\"https:\/\/villanueva-fineart.es\/producto\/bruma-en-nueva-york-xavier-carbonell\/#primaryimage\",\"url\":\"https:\/\/villanueva-fineart.es\/wp-content\/uploads\/2021\/12\/bruma-en-nueva-york-Xavier-Carbonell.jpg\",\"contentUrl\":\"https:\/\/villanueva-fineart.es\/wp-content\/uploads\/2021\/12\/bruma-en-nueva-york-Xavier-Carbonell.jpg\",\"width\":890,\"height\":616},{\"@type\":\"BreadcrumbList\",\"@id\":\"https:\/\/villanueva-fineart.es\/producto\/bruma-en-nueva-york-xavier-carbonell\/#breadcrumb\",\"itemListElement\":[{\"@type\":\"ListItem\",\"position\":1,\"name\":\"Inicio\",\"item\":\"https:\/\/villanueva-fineart.es\/\"},{\"@type\":\"ListItem\",\"position\":2,\"name\":\"Tienda\",\"item\":\"https:\/\/villanueva-fineart.es\/es_es\/tienda\/\"},{\"@type\":\"ListItem\",\"position\":3,\"name\":\"Bruma en Nueva York, Xavier Carbonell\"}]},{\"@type\":\"WebSite\",\"@id\":\"http:\/\/villanueva-fineart.es\/#website\",\"url\":\"http:\/\/villanueva-fineart.es\/\",\"name\":\"Villanueva Fineart\",\"description\":\"Liquidaci\u00f3n de Obras de arte\",\"publisher\":{\"@id\":\"http:\/\/villanueva-fineart.es\/#organization\"},\"potentialAction\":[{\"@type\":\"SearchAction\",\"target\":{\"@type\":\"EntryPoint\",\"urlTemplate\":\"http:\/\/villanueva-fineart.es\/?s={search_term_string}\"},\"query-input\":{\"@type\":\"PropertyValueSpecification\",\"valueRequired\":true,\"valueName\":\"search_term_string\"}}],\"inLanguage\":\"es\"},{\"@type\":\"Organization\",\"@id\":\"http:\/\/villanueva-fineart.es\/#organization\",\"name\":\"Villanueva Fineart\",\"url\":\"http:\/\/villanueva-fineart.es\/\",\"logo\":{\"@type\":\"ImageObject\",\"inLanguage\":\"es\",\"@id\":\"http:\/\/villanueva-fineart.es\/#\/schema\/logo\/image\/\",\"url\":\"https:\/\/villanueva-fineart.es\/wp-content\/uploads\/2021\/11\/Logo-fineart.jpg\",\"contentUrl\":\"https:\/\/villanueva-fineart.es\/wp-content\/uploads\/2021\/11\/Logo-fineart.jpg\",\"width\":200,\"height\":85,\"caption\":\"Villanueva Fineart\"},\"image\":{\"@id\":\"http:\/\/villanueva-fineart.es\/#\/schema\/logo\/image\/\"}}]}<\/script>\n<!-- \/ Yoast SEO plugin. -->","yoast_head_json":{"title":"Bruma en Nueva York, Xavier Carbonell - Villanueva Fineart","description":"Xavier Carbonell, 1.942 \u2013 2.015Su nacimiento, en Olot, en 1942, coincidi\u00f3 con el nombramiento de su padre, Llu\u00eds Carbonell como profesor de dibujo de la Escuela de Bellas Artes de su ciudad natal. Esta efem\u00e9ride familiar traer\u00eda consigo una infancia rodeada de juguetes at\u00edpicos: carboncillos, pinceles, pinturas y telas. Posteriormente, este contacto directo le llevar\u00eda a dedicarse plenamente a la pintura, a la escultura, a la escenograf\u00eda y a la ense\u00f1anza de las artes pl\u00e1sticas. Hoy, Juan Antonio Samaranch, presidente del Comit\u00e9 Ol\u00edmpico Internacional (COI), hace entrega de su cuadro La paz y el sol a la sede de la Unesco en Par\u00eds.","robots":{"index":"index","follow":"follow","max-snippet":"max-snippet:-1","max-image-preview":"max-image-preview:large","max-video-preview":"max-video-preview:-1"},"canonical":"https:\/\/villanueva-fineart.es\/es_es\/producto\/bruma-en-nueva-york-xavier-carbonell\/","og_locale":"es_ES","og_type":"article","og_title":"Bruma en Nueva York, Xavier Carbonell - Villanueva Fineart","og_description":"Xavier Carbonell, 1.942 \u2013 2.015Su nacimiento, en Olot, en 1942, coincidi\u00f3 con el nombramiento de su padre, Llu\u00eds Carbonell como profesor de dibujo de la Escuela de Bellas Artes de su ciudad natal. Esta efem\u00e9ride familiar traer\u00eda consigo una infancia rodeada de juguetes at\u00edpicos: carboncillos, pinceles, pinturas y telas. Posteriormente, este contacto directo le llevar\u00eda a dedicarse plenamente a la pintura, a la escultura, a la escenograf\u00eda y a la ense\u00f1anza de las artes pl\u00e1sticas. Hoy, Juan Antonio Samaranch, presidente del Comit\u00e9 Ol\u00edmpico Internacional (COI), hace entrega de su cuadro La paz y el sol a la sede de la Unesco en Par\u00eds.","og_url":"https:\/\/villanueva-fineart.es\/es_es\/producto\/bruma-en-nueva-york-xavier-carbonell\/","og_site_name":"Villanueva Fineart","article_modified_time":"2022-01-22T13:14:37+00:00","og_image":[{"width":890,"height":616,"url":"https:\/\/villanueva-fineart.es\/wp-content\/uploads\/2021\/12\/bruma-en-nueva-york-Xavier-Carbonell.jpg","type":"image\/jpeg"}],"twitter_card":"summary_large_image","schema":{"@context":"https:\/\/schema.org","@graph":[{"@type":"WebPage","@id":"https:\/\/villanueva-fineart.es\/producto\/bruma-en-nueva-york-xavier-carbonell\/","url":"https:\/\/villanueva-fineart.es\/producto\/bruma-en-nueva-york-xavier-carbonell\/","name":"Bruma en Nueva York, Xavier Carbonell - Villanueva Fineart","isPartOf":{"@id":"http:\/\/villanueva-fineart.es\/#website"},"primaryImageOfPage":{"@id":"https:\/\/villanueva-fineart.es\/producto\/bruma-en-nueva-york-xavier-carbonell\/#primaryimage"},"image":{"@id":"https:\/\/villanueva-fineart.es\/producto\/bruma-en-nueva-york-xavier-carbonell\/#primaryimage"},"thumbnailUrl":"https:\/\/villanueva-fineart.es\/wp-content\/uploads\/2021\/12\/bruma-en-nueva-york-Xavier-Carbonell.jpg","datePublished":"2021-11-26T09:14:21+00:00","dateModified":"2022-01-22T13:14:37+00:00","description":"Xavier Carbonell, 1.942 \u2013 2.015Su nacimiento, en Olot, en 1942, coincidi\u00f3 con el nombramiento de su padre, Llu\u00eds Carbonell como profesor de dibujo de la Escuela de Bellas Artes de su ciudad natal. Esta efem\u00e9ride familiar traer\u00eda consigo una infancia rodeada de juguetes at\u00edpicos: carboncillos, pinceles, pinturas y telas. Posteriormente, este contacto directo le llevar\u00eda a dedicarse plenamente a la pintura, a la escultura, a la escenograf\u00eda y a la ense\u00f1anza de las artes pl\u00e1sticas. Hoy, Juan Antonio Samaranch, presidente del Comit\u00e9 Ol\u00edmpico Internacional (COI), hace entrega de su cuadro La paz y el sol a la sede de la Unesco en Par\u00eds.","breadcrumb":{"@id":"https:\/\/villanueva-fineart.es\/producto\/bruma-en-nueva-york-xavier-carbonell\/#breadcrumb"},"inLanguage":"es","potentialAction":[{"@type":"ReadAction","target":["https:\/\/villanueva-fineart.es\/producto\/bruma-en-nueva-york-xavier-carbonell\/"]}]},{"@type":"ImageObject","inLanguage":"es","@id":"https:\/\/villanueva-fineart.es\/producto\/bruma-en-nueva-york-xavier-carbonell\/#primaryimage","url":"https:\/\/villanueva-fineart.es\/wp-content\/uploads\/2021\/12\/bruma-en-nueva-york-Xavier-Carbonell.jpg","contentUrl":"https:\/\/villanueva-fineart.es\/wp-content\/uploads\/2021\/12\/bruma-en-nueva-york-Xavier-Carbonell.jpg","width":890,"height":616},{"@type":"BreadcrumbList","@id":"https:\/\/villanueva-fineart.es\/producto\/bruma-en-nueva-york-xavier-carbonell\/#breadcrumb","itemListElement":[{"@type":"ListItem","position":1,"name":"Inicio","item":"https:\/\/villanueva-fineart.es\/"},{"@type":"ListItem","position":2,"name":"Tienda","item":"https:\/\/villanueva-fineart.es\/es_es\/tienda\/"},{"@type":"ListItem","position":3,"name":"Bruma en Nueva York, Xavier Carbonell"}]},{"@type":"WebSite","@id":"http:\/\/villanueva-fineart.es\/#website","url":"http:\/\/villanueva-fineart.es\/","name":"Villanueva Fineart","description":"Liquidaci\u00f3n de Obras de arte","publisher":{"@id":"http:\/\/villanueva-fineart.es\/#organization"},"potentialAction":[{"@type":"SearchAction","target":{"@type":"EntryPoint","urlTemplate":"http:\/\/villanueva-fineart.es\/?s={search_term_string}"},"query-input":{"@type":"PropertyValueSpecification","valueRequired":true,"valueName":"search_term_string"}}],"inLanguage":"es"},{"@type":"Organization","@id":"http:\/\/villanueva-fineart.es\/#organization","name":"Villanueva Fineart","url":"http:\/\/villanueva-fineart.es\/","logo":{"@type":"ImageObject","inLanguage":"es","@id":"http:\/\/villanueva-fineart.es\/#\/schema\/logo\/image\/","url":"https:\/\/villanueva-fineart.es\/wp-content\/uploads\/2021\/11\/Logo-fineart.jpg","contentUrl":"https:\/\/villanueva-fineart.es\/wp-content\/uploads\/2021\/11\/Logo-fineart.jpg","width":200,"height":85,"caption":"Villanueva Fineart"},"image":{"@id":"http:\/\/villanueva-fineart.es\/#\/schema\/logo\/image\/"}}]}},"_links":{"self":[{"href":"https:\/\/villanueva-fineart.es\/es_es\/wp-json\/wp\/v2\/product\/682","targetHints":{"allow":["GET"]}}],"collection":[{"href":"https:\/\/villanueva-fineart.es\/es_es\/wp-json\/wp\/v2\/product"}],"about":[{"href":"https:\/\/villanueva-fineart.es\/es_es\/wp-json\/wp\/v2\/types\/product"}],"wp:featuredmedia":[{"embeddable":true,"href":"https:\/\/villanueva-fineart.es\/es_es\/wp-json\/wp\/v2\/media\/1859"}],"wp:attachment":[{"href":"https:\/\/villanueva-fineart.es\/es_es\/wp-json\/wp\/v2\/media?parent=682"}],"wp:term":[{"taxonomy":"product_brand","embeddable":true,"href":"https:\/\/villanueva-fineart.es\/es_es\/wp-json\/wp\/v2\/product_brand?post=682"},{"taxonomy":"product_cat","embeddable":true,"href":"https:\/\/villanueva-fineart.es\/es_es\/wp-json\/wp\/v2\/product_cat?post=682"},{"taxonomy":"product_tag","embeddable":true,"href":"https:\/\/villanueva-fineart.es\/es_es\/wp-json\/wp\/v2\/product_tag?post=682"}],"curies":[{"name":"wp","href":"https:\/\/api.w.org\/{rel}","templated":true}]}}