{"id":671,"date":"2021-11-26T09:02:02","date_gmt":"2021-11-26T09:02:02","guid":{"rendered":"http:\/\/villanueva-fineart.es\/?post_type=product&#038;p=671"},"modified":"2022-01-22T13:31:06","modified_gmt":"2022-01-22T13:31:06","slug":"el-entrecot-juan-bautista-nieto","status":"publish","type":"product","link":"https:\/\/villanueva-fineart.es\/es_es\/producto\/el-entrecot-juan-bautista-nieto\/","title":{"rendered":"El Entrecot, Juan Bautista Nieto"},"content":{"rendered":"","protected":false},"excerpt":{"rendered":"<p>El entrecot, \u00f3leo sobre tabla, Firmado, 81x60cm.<\/p>\n","protected":false},"featured_media":2213,"template":"","meta":[],"product_brand":[],"product_cat":[24,25,31],"product_tag":[],"class_list":{"0":"post-671","1":"product","2":"type-product","3":"status-publish","4":"has-post-thumbnail","6":"product_cat-obra","7":"product_cat-bodegones","8":"product_cat-oleo","9":"sales-flash-overlay","10":"woocommerce-text-align-center","11":"woocommerce-image-align-center","12":"do-quantity-buttons","14":"first","15":"instock","16":"sale","17":"sold-individually","18":"taxable","19":"shipping-taxable","20":"purchasable","21":"product-type-simple"},"yoast_head":"<!-- This site is optimized with the Yoast SEO plugin v25.9 - https:\/\/yoast.com\/wordpress\/plugins\/seo\/ -->\n<title>El Entrecot, Juan Bautista Nieto - Villanueva Fineart<\/title>\n<meta name=\"description\" content=\"Juan Bautista Nieto naci\u00f3 en Sevilla (Espa\u00f1a) en 1963. Su obra presenta una obsesi\u00f3n exagerada con recreando una realidad que va m\u00e1s all\u00e1 de la representaci\u00f3n precisa de una fotograf\u00eda. \u00c9l trasciende el tema y el concepto de hiperrealismo utilizarlo como veh\u00edculo para llevarnos a otro nivel en el que se alcanza un tipo extraordinario de intensidad que, parad\u00f3jicamente, crea una clara sensaci\u00f3n de irrealidad.\" \/>\n<meta name=\"robots\" content=\"index, follow, max-snippet:-1, max-image-preview:large, max-video-preview:-1\" \/>\n<link rel=\"canonical\" href=\"https:\/\/villanueva-fineart.es\/es_es\/producto\/el-entrecot-juan-bautista-nieto\/\" \/>\n<meta property=\"og:locale\" content=\"es_ES\" \/>\n<meta property=\"og:type\" content=\"article\" \/>\n<meta property=\"og:title\" content=\"El Entrecot, Juan Bautista Nieto - Villanueva Fineart\" \/>\n<meta property=\"og:description\" content=\"Juan Bautista Nieto naci\u00f3 en Sevilla (Espa\u00f1a) en 1963. Su obra presenta una obsesi\u00f3n exagerada con recreando una realidad que va m\u00e1s all\u00e1 de la representaci\u00f3n precisa de una fotograf\u00eda. \u00c9l trasciende el tema y el concepto de hiperrealismo utilizarlo como veh\u00edculo para llevarnos a otro nivel en el que se alcanza un tipo extraordinario de intensidad que, parad\u00f3jicamente, crea una clara sensaci\u00f3n de irrealidad.\" \/>\n<meta property=\"og:url\" content=\"https:\/\/villanueva-fineart.es\/es_es\/producto\/el-entrecot-juan-bautista-nieto\/\" \/>\n<meta property=\"og:site_name\" content=\"Villanueva Fineart\" \/>\n<meta property=\"article:modified_time\" content=\"2022-01-22T13:31:06+00:00\" \/>\n<meta property=\"og:image\" content=\"https:\/\/villanueva-fineart.es\/wp-content\/uploads\/2021\/11\/Juan-Bautista-Nieto.jpg\" \/>\n\t<meta property=\"og:image:width\" content=\"890\" \/>\n\t<meta property=\"og:image:height\" content=\"1180\" \/>\n\t<meta property=\"og:image:type\" content=\"image\/jpeg\" \/>\n<meta name=\"twitter:card\" content=\"summary_large_image\" \/>\n<script type=\"application\/ld+json\" class=\"yoast-schema-graph\">{\"@context\":\"https:\/\/schema.org\",\"@graph\":[{\"@type\":\"WebPage\",\"@id\":\"https:\/\/villanueva-fineart.es\/producto\/el-entrecot-juan-bautista-nieto\/\",\"url\":\"https:\/\/villanueva-fineart.es\/producto\/el-entrecot-juan-bautista-nieto\/\",\"name\":\"El Entrecot, Juan Bautista Nieto - Villanueva Fineart\",\"isPartOf\":{\"@id\":\"http:\/\/villanueva-fineart.es\/#website\"},\"primaryImageOfPage\":{\"@id\":\"https:\/\/villanueva-fineart.es\/producto\/el-entrecot-juan-bautista-nieto\/#primaryimage\"},\"image\":{\"@id\":\"https:\/\/villanueva-fineart.es\/producto\/el-entrecot-juan-bautista-nieto\/#primaryimage\"},\"thumbnailUrl\":\"https:\/\/villanueva-fineart.es\/wp-content\/uploads\/2021\/11\/Juan-Bautista-Nieto.jpg\",\"datePublished\":\"2021-11-26T09:02:02+00:00\",\"dateModified\":\"2022-01-22T13:31:06+00:00\",\"description\":\"Juan Bautista Nieto naci\u00f3 en Sevilla (Espa\u00f1a) en 1963. Su obra presenta una obsesi\u00f3n exagerada con recreando una realidad que va m\u00e1s all\u00e1 de la representaci\u00f3n precisa de una fotograf\u00eda. \u00c9l trasciende el tema y el concepto de hiperrealismo utilizarlo como veh\u00edculo para llevarnos a otro nivel en el que se alcanza un tipo extraordinario de intensidad que, parad\u00f3jicamente, crea una clara sensaci\u00f3n de irrealidad.\",\"breadcrumb\":{\"@id\":\"https:\/\/villanueva-fineart.es\/producto\/el-entrecot-juan-bautista-nieto\/#breadcrumb\"},\"inLanguage\":\"es\",\"potentialAction\":[{\"@type\":\"ReadAction\",\"target\":[\"https:\/\/villanueva-fineart.es\/producto\/el-entrecot-juan-bautista-nieto\/\"]}]},{\"@type\":\"ImageObject\",\"inLanguage\":\"es\",\"@id\":\"https:\/\/villanueva-fineart.es\/producto\/el-entrecot-juan-bautista-nieto\/#primaryimage\",\"url\":\"https:\/\/villanueva-fineart.es\/wp-content\/uploads\/2021\/11\/Juan-Bautista-Nieto.jpg\",\"contentUrl\":\"https:\/\/villanueva-fineart.es\/wp-content\/uploads\/2021\/11\/Juan-Bautista-Nieto.jpg\",\"width\":890,\"height\":1180},{\"@type\":\"BreadcrumbList\",\"@id\":\"https:\/\/villanueva-fineart.es\/producto\/el-entrecot-juan-bautista-nieto\/#breadcrumb\",\"itemListElement\":[{\"@type\":\"ListItem\",\"position\":1,\"name\":\"Inicio\",\"item\":\"https:\/\/villanueva-fineart.es\/\"},{\"@type\":\"ListItem\",\"position\":2,\"name\":\"Tienda\",\"item\":\"https:\/\/villanueva-fineart.es\/es_es\/tienda\/\"},{\"@type\":\"ListItem\",\"position\":3,\"name\":\"El Entrecot, Juan Bautista Nieto\"}]},{\"@type\":\"WebSite\",\"@id\":\"http:\/\/villanueva-fineart.es\/#website\",\"url\":\"http:\/\/villanueva-fineart.es\/\",\"name\":\"Villanueva Fineart\",\"description\":\"Liquidaci\u00f3n de Obras de arte\",\"publisher\":{\"@id\":\"http:\/\/villanueva-fineart.es\/#organization\"},\"potentialAction\":[{\"@type\":\"SearchAction\",\"target\":{\"@type\":\"EntryPoint\",\"urlTemplate\":\"http:\/\/villanueva-fineart.es\/?s={search_term_string}\"},\"query-input\":{\"@type\":\"PropertyValueSpecification\",\"valueRequired\":true,\"valueName\":\"search_term_string\"}}],\"inLanguage\":\"es\"},{\"@type\":\"Organization\",\"@id\":\"http:\/\/villanueva-fineart.es\/#organization\",\"name\":\"Villanueva Fineart\",\"url\":\"http:\/\/villanueva-fineart.es\/\",\"logo\":{\"@type\":\"ImageObject\",\"inLanguage\":\"es\",\"@id\":\"http:\/\/villanueva-fineart.es\/#\/schema\/logo\/image\/\",\"url\":\"https:\/\/villanueva-fineart.es\/wp-content\/uploads\/2021\/11\/Logo-fineart.jpg\",\"contentUrl\":\"https:\/\/villanueva-fineart.es\/wp-content\/uploads\/2021\/11\/Logo-fineart.jpg\",\"width\":200,\"height\":85,\"caption\":\"Villanueva Fineart\"},\"image\":{\"@id\":\"http:\/\/villanueva-fineart.es\/#\/schema\/logo\/image\/\"}}]}<\/script>\n<!-- \/ Yoast SEO plugin. -->","yoast_head_json":{"title":"El Entrecot, Juan Bautista Nieto - Villanueva Fineart","description":"Juan Bautista Nieto naci\u00f3 en Sevilla (Espa\u00f1a) en 1963. Su obra presenta una obsesi\u00f3n exagerada con recreando una realidad que va m\u00e1s all\u00e1 de la representaci\u00f3n precisa de una fotograf\u00eda. \u00c9l trasciende el tema y el concepto de hiperrealismo utilizarlo como veh\u00edculo para llevarnos a otro nivel en el que se alcanza un tipo extraordinario de intensidad que, parad\u00f3jicamente, crea una clara sensaci\u00f3n de irrealidad.","robots":{"index":"index","follow":"follow","max-snippet":"max-snippet:-1","max-image-preview":"max-image-preview:large","max-video-preview":"max-video-preview:-1"},"canonical":"https:\/\/villanueva-fineart.es\/es_es\/producto\/el-entrecot-juan-bautista-nieto\/","og_locale":"es_ES","og_type":"article","og_title":"El Entrecot, Juan Bautista Nieto - Villanueva Fineart","og_description":"Juan Bautista Nieto naci\u00f3 en Sevilla (Espa\u00f1a) en 1963. Su obra presenta una obsesi\u00f3n exagerada con recreando una realidad que va m\u00e1s all\u00e1 de la representaci\u00f3n precisa de una fotograf\u00eda. \u00c9l trasciende el tema y el concepto de hiperrealismo utilizarlo como veh\u00edculo para llevarnos a otro nivel en el que se alcanza un tipo extraordinario de intensidad que, parad\u00f3jicamente, crea una clara sensaci\u00f3n de irrealidad.","og_url":"https:\/\/villanueva-fineart.es\/es_es\/producto\/el-entrecot-juan-bautista-nieto\/","og_site_name":"Villanueva Fineart","article_modified_time":"2022-01-22T13:31:06+00:00","og_image":[{"width":890,"height":1180,"url":"https:\/\/villanueva-fineart.es\/wp-content\/uploads\/2021\/11\/Juan-Bautista-Nieto.jpg","type":"image\/jpeg"}],"twitter_card":"summary_large_image","schema":{"@context":"https:\/\/schema.org","@graph":[{"@type":"WebPage","@id":"https:\/\/villanueva-fineart.es\/producto\/el-entrecot-juan-bautista-nieto\/","url":"https:\/\/villanueva-fineart.es\/producto\/el-entrecot-juan-bautista-nieto\/","name":"El Entrecot, Juan Bautista Nieto - Villanueva Fineart","isPartOf":{"@id":"http:\/\/villanueva-fineart.es\/#website"},"primaryImageOfPage":{"@id":"https:\/\/villanueva-fineart.es\/producto\/el-entrecot-juan-bautista-nieto\/#primaryimage"},"image":{"@id":"https:\/\/villanueva-fineart.es\/producto\/el-entrecot-juan-bautista-nieto\/#primaryimage"},"thumbnailUrl":"https:\/\/villanueva-fineart.es\/wp-content\/uploads\/2021\/11\/Juan-Bautista-Nieto.jpg","datePublished":"2021-11-26T09:02:02+00:00","dateModified":"2022-01-22T13:31:06+00:00","description":"Juan Bautista Nieto naci\u00f3 en Sevilla (Espa\u00f1a) en 1963. Su obra presenta una obsesi\u00f3n exagerada con recreando una realidad que va m\u00e1s all\u00e1 de la representaci\u00f3n precisa de una fotograf\u00eda. \u00c9l trasciende el tema y el concepto de hiperrealismo utilizarlo como veh\u00edculo para llevarnos a otro nivel en el que se alcanza un tipo extraordinario de intensidad que, parad\u00f3jicamente, crea una clara sensaci\u00f3n de irrealidad.","breadcrumb":{"@id":"https:\/\/villanueva-fineart.es\/producto\/el-entrecot-juan-bautista-nieto\/#breadcrumb"},"inLanguage":"es","potentialAction":[{"@type":"ReadAction","target":["https:\/\/villanueva-fineart.es\/producto\/el-entrecot-juan-bautista-nieto\/"]}]},{"@type":"ImageObject","inLanguage":"es","@id":"https:\/\/villanueva-fineart.es\/producto\/el-entrecot-juan-bautista-nieto\/#primaryimage","url":"https:\/\/villanueva-fineart.es\/wp-content\/uploads\/2021\/11\/Juan-Bautista-Nieto.jpg","contentUrl":"https:\/\/villanueva-fineart.es\/wp-content\/uploads\/2021\/11\/Juan-Bautista-Nieto.jpg","width":890,"height":1180},{"@type":"BreadcrumbList","@id":"https:\/\/villanueva-fineart.es\/producto\/el-entrecot-juan-bautista-nieto\/#breadcrumb","itemListElement":[{"@type":"ListItem","position":1,"name":"Inicio","item":"https:\/\/villanueva-fineart.es\/"},{"@type":"ListItem","position":2,"name":"Tienda","item":"https:\/\/villanueva-fineart.es\/es_es\/tienda\/"},{"@type":"ListItem","position":3,"name":"El Entrecot, Juan Bautista Nieto"}]},{"@type":"WebSite","@id":"http:\/\/villanueva-fineart.es\/#website","url":"http:\/\/villanueva-fineart.es\/","name":"Villanueva Fineart","description":"Liquidaci\u00f3n de Obras de arte","publisher":{"@id":"http:\/\/villanueva-fineart.es\/#organization"},"potentialAction":[{"@type":"SearchAction","target":{"@type":"EntryPoint","urlTemplate":"http:\/\/villanueva-fineart.es\/?s={search_term_string}"},"query-input":{"@type":"PropertyValueSpecification","valueRequired":true,"valueName":"search_term_string"}}],"inLanguage":"es"},{"@type":"Organization","@id":"http:\/\/villanueva-fineart.es\/#organization","name":"Villanueva Fineart","url":"http:\/\/villanueva-fineart.es\/","logo":{"@type":"ImageObject","inLanguage":"es","@id":"http:\/\/villanueva-fineart.es\/#\/schema\/logo\/image\/","url":"https:\/\/villanueva-fineart.es\/wp-content\/uploads\/2021\/11\/Logo-fineart.jpg","contentUrl":"https:\/\/villanueva-fineart.es\/wp-content\/uploads\/2021\/11\/Logo-fineart.jpg","width":200,"height":85,"caption":"Villanueva Fineart"},"image":{"@id":"http:\/\/villanueva-fineart.es\/#\/schema\/logo\/image\/"}}]}},"_links":{"self":[{"href":"https:\/\/villanueva-fineart.es\/es_es\/wp-json\/wp\/v2\/product\/671","targetHints":{"allow":["GET"]}}],"collection":[{"href":"https:\/\/villanueva-fineart.es\/es_es\/wp-json\/wp\/v2\/product"}],"about":[{"href":"https:\/\/villanueva-fineart.es\/es_es\/wp-json\/wp\/v2\/types\/product"}],"wp:featuredmedia":[{"embeddable":true,"href":"https:\/\/villanueva-fineart.es\/es_es\/wp-json\/wp\/v2\/media\/2213"}],"wp:attachment":[{"href":"https:\/\/villanueva-fineart.es\/es_es\/wp-json\/wp\/v2\/media?parent=671"}],"wp:term":[{"taxonomy":"product_brand","embeddable":true,"href":"https:\/\/villanueva-fineart.es\/es_es\/wp-json\/wp\/v2\/product_brand?post=671"},{"taxonomy":"product_cat","embeddable":true,"href":"https:\/\/villanueva-fineart.es\/es_es\/wp-json\/wp\/v2\/product_cat?post=671"},{"taxonomy":"product_tag","embeddable":true,"href":"https:\/\/villanueva-fineart.es\/es_es\/wp-json\/wp\/v2\/product_tag?post=671"}],"curies":[{"name":"wp","href":"https:\/\/api.w.org\/{rel}","templated":true}]}}