{"id":670,"date":"2021-11-26T09:00:15","date_gmt":"2021-11-26T09:00:15","guid":{"rendered":"http:\/\/villanueva-fineart.es\/?post_type=product&#038;p=670"},"modified":"2022-05-07T16:29:00","modified_gmt":"2022-05-07T16:29:00","slug":"jarron-con-rosas-jose-bejarano","status":"publish","type":"product","link":"https:\/\/villanueva-fineart.es\/es_es\/producto\/jarron-con-rosas-jose-bejarano\/","title":{"rendered":"Jarr\u00f3n con rosas, Jos\u00e9 Bejarano"},"content":{"rendered":"<p>Jarr\u00f3n con rosas, \u00f3leo sobre lienzo, Firmado, 46x31cm.<\/p>\n","protected":false},"excerpt":{"rendered":"<p>Jarr\u00f3n con rosas, \u00f3leo sobre lienzo, Firmado, 46x31cm.<\/p>\n","protected":false},"featured_media":2160,"template":"","meta":[],"product_brand":[],"product_cat":[46,24,27,31],"product_tag":[],"class_list":{"0":"post-670","1":"product","2":"type-product","3":"status-publish","4":"has-post-thumbnail","6":"product_cat-500e-y-menos","7":"product_cat-obra","8":"product_cat-flores","9":"product_cat-oleo","10":"sales-flash-overlay","11":"woocommerce-text-align-center","12":"woocommerce-image-align-center","13":"do-quantity-buttons","15":"first","16":"instock","17":"sale","18":"sold-individually","19":"taxable","20":"shipping-taxable","21":"purchasable","22":"product-type-simple"},"yoast_head":"<!-- This site is optimized with the Yoast SEO plugin v25.9 - https:\/\/yoast.com\/wordpress\/plugins\/seo\/ -->\n<title>Jarr\u00f3n con rosas, Jos\u00e9 Bejarano - Villanueva Fineart<\/title>\n<meta name=\"description\" content=\"J. BEJARANO Nacido en un peque\u00f1o pueblo de la provincia de C\u00f3rdoba (Espa\u00f1a) en 1.949.Con diez a\u00f1os se sinti\u00f3 atra\u00eddo por la pintura de paisajes y naturaleza. Autodid\u00e1ctica. Los colores, pinceladas gruesas y la frescura del Impresionismo franc\u00e9s fueron sus mejores maestros.\" \/>\n<meta name=\"robots\" content=\"index, follow, max-snippet:-1, max-image-preview:large, max-video-preview:-1\" \/>\n<link rel=\"canonical\" href=\"https:\/\/villanueva-fineart.es\/es_es\/producto\/jarron-con-rosas-jose-bejarano\/\" \/>\n<meta property=\"og:locale\" content=\"es_ES\" \/>\n<meta property=\"og:type\" content=\"article\" \/>\n<meta property=\"og:title\" content=\"Jarr\u00f3n con rosas, Jos\u00e9 Bejarano - Villanueva Fineart\" \/>\n<meta property=\"og:description\" content=\"J. BEJARANO Nacido en un peque\u00f1o pueblo de la provincia de C\u00f3rdoba (Espa\u00f1a) en 1.949.Con diez a\u00f1os se sinti\u00f3 atra\u00eddo por la pintura de paisajes y naturaleza. Autodid\u00e1ctica. Los colores, pinceladas gruesas y la frescura del Impresionismo franc\u00e9s fueron sus mejores maestros.\" \/>\n<meta property=\"og:url\" content=\"https:\/\/villanueva-fineart.es\/es_es\/producto\/jarron-con-rosas-jose-bejarano\/\" \/>\n<meta property=\"og:site_name\" content=\"Villanueva Fineart\" \/>\n<meta property=\"article:modified_time\" content=\"2022-05-07T16:29:00+00:00\" \/>\n<meta property=\"og:image\" content=\"https:\/\/villanueva-fineart.es\/wp-content\/uploads\/2021\/12\/20210818_215358-1.jpg\" \/>\n\t<meta property=\"og:image:width\" content=\"890\" \/>\n\t<meta property=\"og:image:height\" content=\"1368\" \/>\n\t<meta property=\"og:image:type\" content=\"image\/jpeg\" \/>\n<meta name=\"twitter:card\" content=\"summary_large_image\" \/>\n<meta name=\"twitter:label1\" content=\"Tiempo de lectura\" \/>\n\t<meta name=\"twitter:data1\" content=\"1 minuto\" \/>\n<script type=\"application\/ld+json\" class=\"yoast-schema-graph\">{\"@context\":\"https:\/\/schema.org\",\"@graph\":[{\"@type\":\"WebPage\",\"@id\":\"https:\/\/villanueva-fineart.es\/producto\/jarron-con-rosas-jose-bejarano\/\",\"url\":\"https:\/\/villanueva-fineart.es\/producto\/jarron-con-rosas-jose-bejarano\/\",\"name\":\"Jarr\u00f3n con rosas, Jos\u00e9 Bejarano - Villanueva Fineart\",\"isPartOf\":{\"@id\":\"http:\/\/villanueva-fineart.es\/#website\"},\"primaryImageOfPage\":{\"@id\":\"https:\/\/villanueva-fineart.es\/producto\/jarron-con-rosas-jose-bejarano\/#primaryimage\"},\"image\":{\"@id\":\"https:\/\/villanueva-fineart.es\/producto\/jarron-con-rosas-jose-bejarano\/#primaryimage\"},\"thumbnailUrl\":\"https:\/\/villanueva-fineart.es\/wp-content\/uploads\/2021\/12\/20210818_215358-1.jpg\",\"datePublished\":\"2021-11-26T09:00:15+00:00\",\"dateModified\":\"2022-05-07T16:29:00+00:00\",\"description\":\"J. BEJARANO Nacido en un peque\u00f1o pueblo de la provincia de C\u00f3rdoba (Espa\u00f1a) en 1.949.Con diez a\u00f1os se sinti\u00f3 atra\u00eddo por la pintura de paisajes y naturaleza. Autodid\u00e1ctica. Los colores, pinceladas gruesas y la frescura del Impresionismo franc\u00e9s fueron sus mejores maestros.\",\"breadcrumb\":{\"@id\":\"https:\/\/villanueva-fineart.es\/producto\/jarron-con-rosas-jose-bejarano\/#breadcrumb\"},\"inLanguage\":\"es\",\"potentialAction\":[{\"@type\":\"ReadAction\",\"target\":[\"https:\/\/villanueva-fineart.es\/producto\/jarron-con-rosas-jose-bejarano\/\"]}]},{\"@type\":\"ImageObject\",\"inLanguage\":\"es\",\"@id\":\"https:\/\/villanueva-fineart.es\/producto\/jarron-con-rosas-jose-bejarano\/#primaryimage\",\"url\":\"https:\/\/villanueva-fineart.es\/wp-content\/uploads\/2021\/12\/20210818_215358-1.jpg\",\"contentUrl\":\"https:\/\/villanueva-fineart.es\/wp-content\/uploads\/2021\/12\/20210818_215358-1.jpg\",\"width\":890,\"height\":1368},{\"@type\":\"BreadcrumbList\",\"@id\":\"https:\/\/villanueva-fineart.es\/producto\/jarron-con-rosas-jose-bejarano\/#breadcrumb\",\"itemListElement\":[{\"@type\":\"ListItem\",\"position\":1,\"name\":\"Inicio\",\"item\":\"https:\/\/villanueva-fineart.es\/\"},{\"@type\":\"ListItem\",\"position\":2,\"name\":\"Tienda\",\"item\":\"https:\/\/villanueva-fineart.es\/es_es\/tienda\/\"},{\"@type\":\"ListItem\",\"position\":3,\"name\":\"Jarr\u00f3n con rosas, Jos\u00e9 Bejarano\"}]},{\"@type\":\"WebSite\",\"@id\":\"http:\/\/villanueva-fineart.es\/#website\",\"url\":\"http:\/\/villanueva-fineart.es\/\",\"name\":\"Villanueva Fineart\",\"description\":\"Liquidaci\u00f3n de Obras de arte\",\"publisher\":{\"@id\":\"http:\/\/villanueva-fineart.es\/#organization\"},\"potentialAction\":[{\"@type\":\"SearchAction\",\"target\":{\"@type\":\"EntryPoint\",\"urlTemplate\":\"http:\/\/villanueva-fineart.es\/?s={search_term_string}\"},\"query-input\":{\"@type\":\"PropertyValueSpecification\",\"valueRequired\":true,\"valueName\":\"search_term_string\"}}],\"inLanguage\":\"es\"},{\"@type\":\"Organization\",\"@id\":\"http:\/\/villanueva-fineart.es\/#organization\",\"name\":\"Villanueva Fineart\",\"url\":\"http:\/\/villanueva-fineart.es\/\",\"logo\":{\"@type\":\"ImageObject\",\"inLanguage\":\"es\",\"@id\":\"http:\/\/villanueva-fineart.es\/#\/schema\/logo\/image\/\",\"url\":\"https:\/\/villanueva-fineart.es\/wp-content\/uploads\/2021\/11\/Logo-fineart.jpg\",\"contentUrl\":\"https:\/\/villanueva-fineart.es\/wp-content\/uploads\/2021\/11\/Logo-fineart.jpg\",\"width\":200,\"height\":85,\"caption\":\"Villanueva Fineart\"},\"image\":{\"@id\":\"http:\/\/villanueva-fineart.es\/#\/schema\/logo\/image\/\"}}]}<\/script>\n<!-- \/ Yoast SEO plugin. -->","yoast_head_json":{"title":"Jarr\u00f3n con rosas, Jos\u00e9 Bejarano - Villanueva Fineart","description":"J. BEJARANO Nacido en un peque\u00f1o pueblo de la provincia de C\u00f3rdoba (Espa\u00f1a) en 1.949.Con diez a\u00f1os se sinti\u00f3 atra\u00eddo por la pintura de paisajes y naturaleza. Autodid\u00e1ctica. Los colores, pinceladas gruesas y la frescura del Impresionismo franc\u00e9s fueron sus mejores maestros.","robots":{"index":"index","follow":"follow","max-snippet":"max-snippet:-1","max-image-preview":"max-image-preview:large","max-video-preview":"max-video-preview:-1"},"canonical":"https:\/\/villanueva-fineart.es\/es_es\/producto\/jarron-con-rosas-jose-bejarano\/","og_locale":"es_ES","og_type":"article","og_title":"Jarr\u00f3n con rosas, Jos\u00e9 Bejarano - Villanueva Fineart","og_description":"J. BEJARANO Nacido en un peque\u00f1o pueblo de la provincia de C\u00f3rdoba (Espa\u00f1a) en 1.949.Con diez a\u00f1os se sinti\u00f3 atra\u00eddo por la pintura de paisajes y naturaleza. Autodid\u00e1ctica. Los colores, pinceladas gruesas y la frescura del Impresionismo franc\u00e9s fueron sus mejores maestros.","og_url":"https:\/\/villanueva-fineart.es\/es_es\/producto\/jarron-con-rosas-jose-bejarano\/","og_site_name":"Villanueva Fineart","article_modified_time":"2022-05-07T16:29:00+00:00","og_image":[{"width":890,"height":1368,"url":"https:\/\/villanueva-fineart.es\/wp-content\/uploads\/2021\/12\/20210818_215358-1.jpg","type":"image\/jpeg"}],"twitter_card":"summary_large_image","twitter_misc":{"Tiempo de lectura":"1 minuto"},"schema":{"@context":"https:\/\/schema.org","@graph":[{"@type":"WebPage","@id":"https:\/\/villanueva-fineart.es\/producto\/jarron-con-rosas-jose-bejarano\/","url":"https:\/\/villanueva-fineart.es\/producto\/jarron-con-rosas-jose-bejarano\/","name":"Jarr\u00f3n con rosas, Jos\u00e9 Bejarano - Villanueva Fineart","isPartOf":{"@id":"http:\/\/villanueva-fineart.es\/#website"},"primaryImageOfPage":{"@id":"https:\/\/villanueva-fineart.es\/producto\/jarron-con-rosas-jose-bejarano\/#primaryimage"},"image":{"@id":"https:\/\/villanueva-fineart.es\/producto\/jarron-con-rosas-jose-bejarano\/#primaryimage"},"thumbnailUrl":"https:\/\/villanueva-fineart.es\/wp-content\/uploads\/2021\/12\/20210818_215358-1.jpg","datePublished":"2021-11-26T09:00:15+00:00","dateModified":"2022-05-07T16:29:00+00:00","description":"J. BEJARANO Nacido en un peque\u00f1o pueblo de la provincia de C\u00f3rdoba (Espa\u00f1a) en 1.949.Con diez a\u00f1os se sinti\u00f3 atra\u00eddo por la pintura de paisajes y naturaleza. Autodid\u00e1ctica. Los colores, pinceladas gruesas y la frescura del Impresionismo franc\u00e9s fueron sus mejores maestros.","breadcrumb":{"@id":"https:\/\/villanueva-fineart.es\/producto\/jarron-con-rosas-jose-bejarano\/#breadcrumb"},"inLanguage":"es","potentialAction":[{"@type":"ReadAction","target":["https:\/\/villanueva-fineart.es\/producto\/jarron-con-rosas-jose-bejarano\/"]}]},{"@type":"ImageObject","inLanguage":"es","@id":"https:\/\/villanueva-fineart.es\/producto\/jarron-con-rosas-jose-bejarano\/#primaryimage","url":"https:\/\/villanueva-fineart.es\/wp-content\/uploads\/2021\/12\/20210818_215358-1.jpg","contentUrl":"https:\/\/villanueva-fineart.es\/wp-content\/uploads\/2021\/12\/20210818_215358-1.jpg","width":890,"height":1368},{"@type":"BreadcrumbList","@id":"https:\/\/villanueva-fineart.es\/producto\/jarron-con-rosas-jose-bejarano\/#breadcrumb","itemListElement":[{"@type":"ListItem","position":1,"name":"Inicio","item":"https:\/\/villanueva-fineart.es\/"},{"@type":"ListItem","position":2,"name":"Tienda","item":"https:\/\/villanueva-fineart.es\/es_es\/tienda\/"},{"@type":"ListItem","position":3,"name":"Jarr\u00f3n con rosas, Jos\u00e9 Bejarano"}]},{"@type":"WebSite","@id":"http:\/\/villanueva-fineart.es\/#website","url":"http:\/\/villanueva-fineart.es\/","name":"Villanueva Fineart","description":"Liquidaci\u00f3n de Obras de arte","publisher":{"@id":"http:\/\/villanueva-fineart.es\/#organization"},"potentialAction":[{"@type":"SearchAction","target":{"@type":"EntryPoint","urlTemplate":"http:\/\/villanueva-fineart.es\/?s={search_term_string}"},"query-input":{"@type":"PropertyValueSpecification","valueRequired":true,"valueName":"search_term_string"}}],"inLanguage":"es"},{"@type":"Organization","@id":"http:\/\/villanueva-fineart.es\/#organization","name":"Villanueva Fineart","url":"http:\/\/villanueva-fineart.es\/","logo":{"@type":"ImageObject","inLanguage":"es","@id":"http:\/\/villanueva-fineart.es\/#\/schema\/logo\/image\/","url":"https:\/\/villanueva-fineart.es\/wp-content\/uploads\/2021\/11\/Logo-fineart.jpg","contentUrl":"https:\/\/villanueva-fineart.es\/wp-content\/uploads\/2021\/11\/Logo-fineart.jpg","width":200,"height":85,"caption":"Villanueva Fineart"},"image":{"@id":"http:\/\/villanueva-fineart.es\/#\/schema\/logo\/image\/"}}]}},"_links":{"self":[{"href":"https:\/\/villanueva-fineart.es\/es_es\/wp-json\/wp\/v2\/product\/670","targetHints":{"allow":["GET"]}}],"collection":[{"href":"https:\/\/villanueva-fineart.es\/es_es\/wp-json\/wp\/v2\/product"}],"about":[{"href":"https:\/\/villanueva-fineart.es\/es_es\/wp-json\/wp\/v2\/types\/product"}],"wp:featuredmedia":[{"embeddable":true,"href":"https:\/\/villanueva-fineart.es\/es_es\/wp-json\/wp\/v2\/media\/2160"}],"wp:attachment":[{"href":"https:\/\/villanueva-fineart.es\/es_es\/wp-json\/wp\/v2\/media?parent=670"}],"wp:term":[{"taxonomy":"product_brand","embeddable":true,"href":"https:\/\/villanueva-fineart.es\/es_es\/wp-json\/wp\/v2\/product_brand?post=670"},{"taxonomy":"product_cat","embeddable":true,"href":"https:\/\/villanueva-fineart.es\/es_es\/wp-json\/wp\/v2\/product_cat?post=670"},{"taxonomy":"product_tag","embeddable":true,"href":"https:\/\/villanueva-fineart.es\/es_es\/wp-json\/wp\/v2\/product_tag?post=670"}],"curies":[{"name":"wp","href":"https:\/\/api.w.org\/{rel}","templated":true}]}}