{"id":4633,"date":"2022-04-20T17:30:31","date_gmt":"2022-04-20T17:30:31","guid":{"rendered":"https:\/\/villanueva-fineart.es\/?post_type=product&#038;p=4633"},"modified":"2025-12-20T16:34:00","modified_gmt":"2025-12-20T16:34:00","slug":"marina-ii-pilar-perez-ochoa","status":"publish","type":"product","link":"https:\/\/villanueva-fineart.es\/es_es\/producto\/marina-ii-pilar-perez-ochoa\/","title":{"rendered":"Marina II, Pilar P\u00e9rez Ochoa"},"content":{"rendered":"","protected":false},"excerpt":{"rendered":"<p>Marina, \u00f3leo sobre lienzo, firmado, 16 x 12 cm.<\/p>\n","protected":false},"featured_media":4631,"template":"","meta":[],"product_brand":[],"product_cat":[46,24,31,28],"product_tag":[],"class_list":{"0":"post-4633","1":"product","2":"type-product","3":"status-publish","4":"has-post-thumbnail","6":"product_cat-500e-y-menos","7":"product_cat-obra","8":"product_cat-oleo","9":"product_cat-paisajes-marinos","10":"sales-flash-overlay","11":"woocommerce-text-align-center","12":"woocommerce-image-align-center","13":"do-quantity-buttons","15":"first","16":"instock","17":"sale","18":"sold-individually","19":"taxable","20":"shipping-taxable","21":"purchasable","22":"product-type-simple"},"yoast_head":"<!-- This site is optimized with the Yoast SEO plugin v25.9 - https:\/\/yoast.com\/wordpress\/plugins\/seo\/ -->\n<title>Marina II, Pilar P\u00e9rez Ochoa - Villanueva Fineart<\/title>\n<meta name=\"description\" content=\"Pilar P\u00e9rez Ochoa naci\u00f3 en San Sebasti\u00e1n. 1940 - 2016 Sus primeros maestros fueron Jes\u00fas Olasagasti y Ascensio Martiarena, que la animaron a trasladarse a Madrid para proseguir y ampliar sus estudios. En Madrid Ingres\u00f3 en Bellas Artes, pero la persona que influy\u00f3 definitivamente en su formaci\u00f3n fue el gran maestro Eduardo Pe\u00f1a, del que recibi\u00f3 su magisterio durante seis a\u00f1os. Posteriormente se traslad\u00f3 a Paris, donde sigui\u00f3 perfeccionando sus conocimientos y estudi\u00f3 con apasionamiento a los grandes maestros del impresionismo.A partir de entonces inici\u00f3 una dilatada carrera profesional, realizando numerosas exposiciones individuales y colectivas, con gran \u00e9xito de p\u00fablico y ventas, estando representada en importantes colecciones p\u00fablicas y privadas de Espa\u00f1a y el extranjero.\" \/>\n<meta name=\"robots\" content=\"index, follow, max-snippet:-1, max-image-preview:large, max-video-preview:-1\" \/>\n<link rel=\"canonical\" href=\"https:\/\/villanueva-fineart.es\/es_es\/producto\/marina-ii-pilar-perez-ochoa\/\" \/>\n<meta property=\"og:locale\" content=\"es_ES\" \/>\n<meta property=\"og:type\" content=\"article\" \/>\n<meta property=\"og:title\" content=\"Marina II, Pilar P\u00e9rez Ochoa - Villanueva Fineart\" \/>\n<meta property=\"og:description\" content=\"Pilar P\u00e9rez Ochoa naci\u00f3 en San Sebasti\u00e1n. 1940 - 2016 Sus primeros maestros fueron Jes\u00fas Olasagasti y Ascensio Martiarena, que la animaron a trasladarse a Madrid para proseguir y ampliar sus estudios. En Madrid Ingres\u00f3 en Bellas Artes, pero la persona que influy\u00f3 definitivamente en su formaci\u00f3n fue el gran maestro Eduardo Pe\u00f1a, del que recibi\u00f3 su magisterio durante seis a\u00f1os. Posteriormente se traslad\u00f3 a Paris, donde sigui\u00f3 perfeccionando sus conocimientos y estudi\u00f3 con apasionamiento a los grandes maestros del impresionismo.A partir de entonces inici\u00f3 una dilatada carrera profesional, realizando numerosas exposiciones individuales y colectivas, con gran \u00e9xito de p\u00fablico y ventas, estando representada en importantes colecciones p\u00fablicas y privadas de Espa\u00f1a y el extranjero.\" \/>\n<meta property=\"og:url\" content=\"https:\/\/villanueva-fineart.es\/es_es\/producto\/marina-ii-pilar-perez-ochoa\/\" \/>\n<meta property=\"og:site_name\" content=\"Villanueva Fineart\" \/>\n<meta property=\"article:modified_time\" content=\"2025-12-20T16:34:00+00:00\" \/>\n<meta property=\"og:image\" content=\"https:\/\/villanueva-fineart.es\/wp-content\/uploads\/2022\/04\/74-.jpg\" \/>\n\t<meta property=\"og:image:width\" content=\"689\" \/>\n\t<meta property=\"og:image:height\" content=\"929\" \/>\n\t<meta property=\"og:image:type\" content=\"image\/jpeg\" \/>\n<meta name=\"twitter:card\" content=\"summary_large_image\" \/>\n<meta name=\"twitter:label1\" content=\"Tiempo de lectura\" \/>\n\t<meta name=\"twitter:data1\" content=\"1 minuto\" \/>\n<script type=\"application\/ld+json\" class=\"yoast-schema-graph\">{\"@context\":\"https:\/\/schema.org\",\"@graph\":[{\"@type\":\"WebPage\",\"@id\":\"https:\/\/villanueva-fineart.es\/producto\/marina-ii-pilar-perez-ochoa\/\",\"url\":\"https:\/\/villanueva-fineart.es\/producto\/marina-ii-pilar-perez-ochoa\/\",\"name\":\"Marina II, Pilar P\u00e9rez Ochoa - Villanueva Fineart\",\"isPartOf\":{\"@id\":\"http:\/\/villanueva-fineart.es\/#website\"},\"primaryImageOfPage\":{\"@id\":\"https:\/\/villanueva-fineart.es\/producto\/marina-ii-pilar-perez-ochoa\/#primaryimage\"},\"image\":{\"@id\":\"https:\/\/villanueva-fineart.es\/producto\/marina-ii-pilar-perez-ochoa\/#primaryimage\"},\"thumbnailUrl\":\"https:\/\/villanueva-fineart.es\/wp-content\/uploads\/2022\/04\/74-.jpg\",\"datePublished\":\"2022-04-20T17:30:31+00:00\",\"dateModified\":\"2025-12-20T16:34:00+00:00\",\"description\":\"Pilar P\u00e9rez Ochoa naci\u00f3 en San Sebasti\u00e1n. 1940 - 2016 Sus primeros maestros fueron Jes\u00fas Olasagasti y Ascensio Martiarena, que la animaron a trasladarse a Madrid para proseguir y ampliar sus estudios. En Madrid Ingres\u00f3 en Bellas Artes, pero la persona que influy\u00f3 definitivamente en su formaci\u00f3n fue el gran maestro Eduardo Pe\u00f1a, del que recibi\u00f3 su magisterio durante seis a\u00f1os. Posteriormente se traslad\u00f3 a Paris, donde sigui\u00f3 perfeccionando sus conocimientos y estudi\u00f3 con apasionamiento a los grandes maestros del impresionismo.A partir de entonces inici\u00f3 una dilatada carrera profesional, realizando numerosas exposiciones individuales y colectivas, con gran \u00e9xito de p\u00fablico y ventas, estando representada en importantes colecciones p\u00fablicas y privadas de Espa\u00f1a y el extranjero.\",\"breadcrumb\":{\"@id\":\"https:\/\/villanueva-fineart.es\/producto\/marina-ii-pilar-perez-ochoa\/#breadcrumb\"},\"inLanguage\":\"es\",\"potentialAction\":[{\"@type\":\"ReadAction\",\"target\":[\"https:\/\/villanueva-fineart.es\/producto\/marina-ii-pilar-perez-ochoa\/\"]}]},{\"@type\":\"ImageObject\",\"inLanguage\":\"es\",\"@id\":\"https:\/\/villanueva-fineart.es\/producto\/marina-ii-pilar-perez-ochoa\/#primaryimage\",\"url\":\"https:\/\/villanueva-fineart.es\/wp-content\/uploads\/2022\/04\/74-.jpg\",\"contentUrl\":\"https:\/\/villanueva-fineart.es\/wp-content\/uploads\/2022\/04\/74-.jpg\",\"width\":689,\"height\":929},{\"@type\":\"BreadcrumbList\",\"@id\":\"https:\/\/villanueva-fineart.es\/producto\/marina-ii-pilar-perez-ochoa\/#breadcrumb\",\"itemListElement\":[{\"@type\":\"ListItem\",\"position\":1,\"name\":\"Inicio\",\"item\":\"https:\/\/villanueva-fineart.es\/\"},{\"@type\":\"ListItem\",\"position\":2,\"name\":\"Tienda\",\"item\":\"https:\/\/villanueva-fineart.es\/es_es\/tienda\/\"},{\"@type\":\"ListItem\",\"position\":3,\"name\":\"Marina II, Pilar P\u00e9rez Ochoa\"}]},{\"@type\":\"WebSite\",\"@id\":\"http:\/\/villanueva-fineart.es\/#website\",\"url\":\"http:\/\/villanueva-fineart.es\/\",\"name\":\"Villanueva Fineart\",\"description\":\"Liquidaci\u00f3n de Obras de arte\",\"publisher\":{\"@id\":\"http:\/\/villanueva-fineart.es\/#organization\"},\"potentialAction\":[{\"@type\":\"SearchAction\",\"target\":{\"@type\":\"EntryPoint\",\"urlTemplate\":\"http:\/\/villanueva-fineart.es\/?s={search_term_string}\"},\"query-input\":{\"@type\":\"PropertyValueSpecification\",\"valueRequired\":true,\"valueName\":\"search_term_string\"}}],\"inLanguage\":\"es\"},{\"@type\":\"Organization\",\"@id\":\"http:\/\/villanueva-fineart.es\/#organization\",\"name\":\"Villanueva Fineart\",\"url\":\"http:\/\/villanueva-fineart.es\/\",\"logo\":{\"@type\":\"ImageObject\",\"inLanguage\":\"es\",\"@id\":\"http:\/\/villanueva-fineart.es\/#\/schema\/logo\/image\/\",\"url\":\"https:\/\/villanueva-fineart.es\/wp-content\/uploads\/2021\/11\/Logo-fineart.jpg\",\"contentUrl\":\"https:\/\/villanueva-fineart.es\/wp-content\/uploads\/2021\/11\/Logo-fineart.jpg\",\"width\":200,\"height\":85,\"caption\":\"Villanueva Fineart\"},\"image\":{\"@id\":\"http:\/\/villanueva-fineart.es\/#\/schema\/logo\/image\/\"}}]}<\/script>\n<!-- \/ Yoast SEO plugin. -->","yoast_head_json":{"title":"Marina II, Pilar P\u00e9rez Ochoa - Villanueva Fineart","description":"Pilar P\u00e9rez Ochoa naci\u00f3 en San Sebasti\u00e1n. 1940 - 2016 Sus primeros maestros fueron Jes\u00fas Olasagasti y Ascensio Martiarena, que la animaron a trasladarse a Madrid para proseguir y ampliar sus estudios. En Madrid Ingres\u00f3 en Bellas Artes, pero la persona que influy\u00f3 definitivamente en su formaci\u00f3n fue el gran maestro Eduardo Pe\u00f1a, del que recibi\u00f3 su magisterio durante seis a\u00f1os. Posteriormente se traslad\u00f3 a Paris, donde sigui\u00f3 perfeccionando sus conocimientos y estudi\u00f3 con apasionamiento a los grandes maestros del impresionismo.A partir de entonces inici\u00f3 una dilatada carrera profesional, realizando numerosas exposiciones individuales y colectivas, con gran \u00e9xito de p\u00fablico y ventas, estando representada en importantes colecciones p\u00fablicas y privadas de Espa\u00f1a y el extranjero.","robots":{"index":"index","follow":"follow","max-snippet":"max-snippet:-1","max-image-preview":"max-image-preview:large","max-video-preview":"max-video-preview:-1"},"canonical":"https:\/\/villanueva-fineart.es\/es_es\/producto\/marina-ii-pilar-perez-ochoa\/","og_locale":"es_ES","og_type":"article","og_title":"Marina II, Pilar P\u00e9rez Ochoa - Villanueva Fineart","og_description":"Pilar P\u00e9rez Ochoa naci\u00f3 en San Sebasti\u00e1n. 1940 - 2016 Sus primeros maestros fueron Jes\u00fas Olasagasti y Ascensio Martiarena, que la animaron a trasladarse a Madrid para proseguir y ampliar sus estudios. En Madrid Ingres\u00f3 en Bellas Artes, pero la persona que influy\u00f3 definitivamente en su formaci\u00f3n fue el gran maestro Eduardo Pe\u00f1a, del que recibi\u00f3 su magisterio durante seis a\u00f1os. Posteriormente se traslad\u00f3 a Paris, donde sigui\u00f3 perfeccionando sus conocimientos y estudi\u00f3 con apasionamiento a los grandes maestros del impresionismo.A partir de entonces inici\u00f3 una dilatada carrera profesional, realizando numerosas exposiciones individuales y colectivas, con gran \u00e9xito de p\u00fablico y ventas, estando representada en importantes colecciones p\u00fablicas y privadas de Espa\u00f1a y el extranjero.","og_url":"https:\/\/villanueva-fineart.es\/es_es\/producto\/marina-ii-pilar-perez-ochoa\/","og_site_name":"Villanueva Fineart","article_modified_time":"2025-12-20T16:34:00+00:00","og_image":[{"width":689,"height":929,"url":"https:\/\/villanueva-fineart.es\/wp-content\/uploads\/2022\/04\/74-.jpg","type":"image\/jpeg"}],"twitter_card":"summary_large_image","twitter_misc":{"Tiempo de lectura":"1 minuto"},"schema":{"@context":"https:\/\/schema.org","@graph":[{"@type":"WebPage","@id":"https:\/\/villanueva-fineart.es\/producto\/marina-ii-pilar-perez-ochoa\/","url":"https:\/\/villanueva-fineart.es\/producto\/marina-ii-pilar-perez-ochoa\/","name":"Marina II, Pilar P\u00e9rez Ochoa - Villanueva Fineart","isPartOf":{"@id":"http:\/\/villanueva-fineart.es\/#website"},"primaryImageOfPage":{"@id":"https:\/\/villanueva-fineart.es\/producto\/marina-ii-pilar-perez-ochoa\/#primaryimage"},"image":{"@id":"https:\/\/villanueva-fineart.es\/producto\/marina-ii-pilar-perez-ochoa\/#primaryimage"},"thumbnailUrl":"https:\/\/villanueva-fineart.es\/wp-content\/uploads\/2022\/04\/74-.jpg","datePublished":"2022-04-20T17:30:31+00:00","dateModified":"2025-12-20T16:34:00+00:00","description":"Pilar P\u00e9rez Ochoa naci\u00f3 en San Sebasti\u00e1n. 1940 - 2016 Sus primeros maestros fueron Jes\u00fas Olasagasti y Ascensio Martiarena, que la animaron a trasladarse a Madrid para proseguir y ampliar sus estudios. En Madrid Ingres\u00f3 en Bellas Artes, pero la persona que influy\u00f3 definitivamente en su formaci\u00f3n fue el gran maestro Eduardo Pe\u00f1a, del que recibi\u00f3 su magisterio durante seis a\u00f1os. Posteriormente se traslad\u00f3 a Paris, donde sigui\u00f3 perfeccionando sus conocimientos y estudi\u00f3 con apasionamiento a los grandes maestros del impresionismo.A partir de entonces inici\u00f3 una dilatada carrera profesional, realizando numerosas exposiciones individuales y colectivas, con gran \u00e9xito de p\u00fablico y ventas, estando representada en importantes colecciones p\u00fablicas y privadas de Espa\u00f1a y el extranjero.","breadcrumb":{"@id":"https:\/\/villanueva-fineart.es\/producto\/marina-ii-pilar-perez-ochoa\/#breadcrumb"},"inLanguage":"es","potentialAction":[{"@type":"ReadAction","target":["https:\/\/villanueva-fineart.es\/producto\/marina-ii-pilar-perez-ochoa\/"]}]},{"@type":"ImageObject","inLanguage":"es","@id":"https:\/\/villanueva-fineart.es\/producto\/marina-ii-pilar-perez-ochoa\/#primaryimage","url":"https:\/\/villanueva-fineart.es\/wp-content\/uploads\/2022\/04\/74-.jpg","contentUrl":"https:\/\/villanueva-fineart.es\/wp-content\/uploads\/2022\/04\/74-.jpg","width":689,"height":929},{"@type":"BreadcrumbList","@id":"https:\/\/villanueva-fineart.es\/producto\/marina-ii-pilar-perez-ochoa\/#breadcrumb","itemListElement":[{"@type":"ListItem","position":1,"name":"Inicio","item":"https:\/\/villanueva-fineart.es\/"},{"@type":"ListItem","position":2,"name":"Tienda","item":"https:\/\/villanueva-fineart.es\/es_es\/tienda\/"},{"@type":"ListItem","position":3,"name":"Marina II, Pilar P\u00e9rez Ochoa"}]},{"@type":"WebSite","@id":"http:\/\/villanueva-fineart.es\/#website","url":"http:\/\/villanueva-fineart.es\/","name":"Villanueva Fineart","description":"Liquidaci\u00f3n de Obras de arte","publisher":{"@id":"http:\/\/villanueva-fineart.es\/#organization"},"potentialAction":[{"@type":"SearchAction","target":{"@type":"EntryPoint","urlTemplate":"http:\/\/villanueva-fineart.es\/?s={search_term_string}"},"query-input":{"@type":"PropertyValueSpecification","valueRequired":true,"valueName":"search_term_string"}}],"inLanguage":"es"},{"@type":"Organization","@id":"http:\/\/villanueva-fineart.es\/#organization","name":"Villanueva Fineart","url":"http:\/\/villanueva-fineart.es\/","logo":{"@type":"ImageObject","inLanguage":"es","@id":"http:\/\/villanueva-fineart.es\/#\/schema\/logo\/image\/","url":"https:\/\/villanueva-fineart.es\/wp-content\/uploads\/2021\/11\/Logo-fineart.jpg","contentUrl":"https:\/\/villanueva-fineart.es\/wp-content\/uploads\/2021\/11\/Logo-fineart.jpg","width":200,"height":85,"caption":"Villanueva Fineart"},"image":{"@id":"http:\/\/villanueva-fineart.es\/#\/schema\/logo\/image\/"}}]}},"_links":{"self":[{"href":"https:\/\/villanueva-fineart.es\/es_es\/wp-json\/wp\/v2\/product\/4633","targetHints":{"allow":["GET"]}}],"collection":[{"href":"https:\/\/villanueva-fineart.es\/es_es\/wp-json\/wp\/v2\/product"}],"about":[{"href":"https:\/\/villanueva-fineart.es\/es_es\/wp-json\/wp\/v2\/types\/product"}],"wp:featuredmedia":[{"embeddable":true,"href":"https:\/\/villanueva-fineart.es\/es_es\/wp-json\/wp\/v2\/media\/4631"}],"wp:attachment":[{"href":"https:\/\/villanueva-fineart.es\/es_es\/wp-json\/wp\/v2\/media?parent=4633"}],"wp:term":[{"taxonomy":"product_brand","embeddable":true,"href":"https:\/\/villanueva-fineart.es\/es_es\/wp-json\/wp\/v2\/product_brand?post=4633"},{"taxonomy":"product_cat","embeddable":true,"href":"https:\/\/villanueva-fineart.es\/es_es\/wp-json\/wp\/v2\/product_cat?post=4633"},{"taxonomy":"product_tag","embeddable":true,"href":"https:\/\/villanueva-fineart.es\/es_es\/wp-json\/wp\/v2\/product_tag?post=4633"}],"curies":[{"name":"wp","href":"https:\/\/api.w.org\/{rel}","templated":true}]}}