{"id":4339,"date":"2022-02-27T15:29:07","date_gmt":"2022-02-27T15:29:07","guid":{"rendered":"https:\/\/villanueva-fineart.es\/?post_type=product&#038;p=4339"},"modified":"2025-12-20T19:40:15","modified_gmt":"2025-12-20T19:40:15","slug":"torso-de-mujer-detalle-dorso-jose-casamayor","status":"publish","type":"product","link":"https:\/\/villanueva-fineart.es\/es_es\/producto\/torso-de-mujer-detalle-dorso-jose-casamayor\/","title":{"rendered":"Torso de mujer, detalle dorso, Jos\u00e9 Casamayor VENDIDO\/SOLD OUT"},"content":{"rendered":"","protected":false},"excerpt":{"rendered":"<p>Torso de mujer, escultura en piedra de Calatorao, 35 cm. altura x 18cm. Firmada<\/p>\n","protected":false},"featured_media":4330,"template":"","meta":[],"product_brand":[],"product_cat":[24,40],"product_tag":[],"class_list":{"0":"post-4339","1":"product","2":"type-product","3":"status-publish","4":"has-post-thumbnail","6":"product_cat-obra","7":"product_cat-esculturas","8":"sales-flash-overlay","9":"woocommerce-text-align-center","10":"woocommerce-image-align-center","11":"do-quantity-buttons","13":"first","14":"instock","15":"sold-individually","16":"taxable","17":"shipping-taxable","18":"product-type-simple"},"yoast_head":"<!-- This site is optimized with the Yoast SEO plugin v25.9 - https:\/\/yoast.com\/wordpress\/plugins\/seo\/ -->\n<title>Torso de mujer, detalle dorso, Jos\u00e9 Casamayor VENDIDO\/SOLD OUT - Villanueva Fineart<\/title>\n<meta name=\"description\" content=\"Jos\u00e9 Casamayor S\u00e1nchez (22 de noviembre de 1951, V\u00e9lez-M\u00e1laga, Espa\u00f1a) es un artista pl\u00e1stico espa\u00f1ol, especialmente dedicado a la escultura en piedra.La trayectoria profesional de este artista empieza en 1976, a\u00f1o en el que realiza su primera exposici\u00f3n individual en la Sala de Exposiciones de la Caja de Ahorros Provincial de V\u00e9lez-M\u00e1laga. A partir de entonces se suceden otras muestras -tanto individuales como colectivas- acogidas mayoritariamente en distintas localidades de la provincia de M\u00e1laga. En 1996 expone por primera vez fuera de Espa\u00f1a, en una muestra colectiva en Bruselas (B\u00e9lgica), ciudad en la que volver\u00e1 a exponer sus creaciones peri\u00f3dicamente. La obra de Casamayor tambi\u00e9n ha sido expuesta en otros puntos de Espa\u00f1a como Madrid, Bilbao, San Sebasti\u00e1n, Zaragoza, Barcelona, Tarragona, L\u00e9rida o Sevilla, as\u00ed como tambi\u00e9n en Italia.2Jos\u00e9 Casamayor ha ganado numerosos premios por su obra; adem\u00e1s, a lo largo de su trayectoria profesional, ha recibido diversas menciones de honor. Ha participado, asimismo, en varias ferias de arte que han tenido lugar en ciudades como Madrid, Granada, Barcelona, Sevilla, Marbella, Santander, B\u00e9lgica, Londres, Las Vegas o San Francisco.2 En la actualidad compagina su trabajo como artista, con su pasi\u00f3n por el cuidado de sus \u00e1rboles frutales en la Axarqu\u00eda.\" \/>\n<meta name=\"robots\" content=\"index, follow, max-snippet:-1, max-image-preview:large, max-video-preview:-1\" \/>\n<link rel=\"canonical\" href=\"https:\/\/villanueva-fineart.es\/es_es\/producto\/torso-de-mujer-detalle-dorso-jose-casamayor\/\" \/>\n<meta property=\"og:locale\" content=\"es_ES\" \/>\n<meta property=\"og:type\" content=\"article\" \/>\n<meta property=\"og:title\" content=\"Torso de mujer, detalle dorso, Jos\u00e9 Casamayor VENDIDO\/SOLD OUT - Villanueva Fineart\" \/>\n<meta property=\"og:description\" content=\"Jos\u00e9 Casamayor S\u00e1nchez (22 de noviembre de 1951, V\u00e9lez-M\u00e1laga, Espa\u00f1a) es un artista pl\u00e1stico espa\u00f1ol, especialmente dedicado a la escultura en piedra.La trayectoria profesional de este artista empieza en 1976, a\u00f1o en el que realiza su primera exposici\u00f3n individual en la Sala de Exposiciones de la Caja de Ahorros Provincial de V\u00e9lez-M\u00e1laga. A partir de entonces se suceden otras muestras -tanto individuales como colectivas- acogidas mayoritariamente en distintas localidades de la provincia de M\u00e1laga. En 1996 expone por primera vez fuera de Espa\u00f1a, en una muestra colectiva en Bruselas (B\u00e9lgica), ciudad en la que volver\u00e1 a exponer sus creaciones peri\u00f3dicamente. La obra de Casamayor tambi\u00e9n ha sido expuesta en otros puntos de Espa\u00f1a como Madrid, Bilbao, San Sebasti\u00e1n, Zaragoza, Barcelona, Tarragona, L\u00e9rida o Sevilla, as\u00ed como tambi\u00e9n en Italia.2Jos\u00e9 Casamayor ha ganado numerosos premios por su obra; adem\u00e1s, a lo largo de su trayectoria profesional, ha recibido diversas menciones de honor. Ha participado, asimismo, en varias ferias de arte que han tenido lugar en ciudades como Madrid, Granada, Barcelona, Sevilla, Marbella, Santander, B\u00e9lgica, Londres, Las Vegas o San Francisco.2 En la actualidad compagina su trabajo como artista, con su pasi\u00f3n por el cuidado de sus \u00e1rboles frutales en la Axarqu\u00eda.\" \/>\n<meta property=\"og:url\" content=\"https:\/\/villanueva-fineart.es\/es_es\/producto\/torso-de-mujer-detalle-dorso-jose-casamayor\/\" \/>\n<meta property=\"og:site_name\" content=\"Villanueva Fineart\" \/>\n<meta property=\"article:modified_time\" content=\"2025-12-20T19:40:15+00:00\" \/>\n<meta property=\"og:image\" content=\"https:\/\/villanueva-fineart.es\/wp-content\/uploads\/2022\/02\/Casamayor-1.jpg\" \/>\n\t<meta property=\"og:image:width\" content=\"890\" \/>\n\t<meta property=\"og:image:height\" content=\"1628\" \/>\n\t<meta property=\"og:image:type\" content=\"image\/jpeg\" \/>\n<meta name=\"twitter:card\" content=\"summary_large_image\" \/>\n<meta name=\"twitter:label1\" content=\"Tiempo de lectura\" \/>\n\t<meta name=\"twitter:data1\" content=\"1 minuto\" \/>\n<script type=\"application\/ld+json\" class=\"yoast-schema-graph\">{\"@context\":\"https:\/\/schema.org\",\"@graph\":[{\"@type\":\"WebPage\",\"@id\":\"https:\/\/villanueva-fineart.es\/producto\/torso-de-mujer-detalle-dorso-jose-casamayor\/\",\"url\":\"https:\/\/villanueva-fineart.es\/producto\/torso-de-mujer-detalle-dorso-jose-casamayor\/\",\"name\":\"Torso de mujer, detalle dorso, Jos\u00e9 Casamayor VENDIDO\/SOLD OUT - Villanueva Fineart\",\"isPartOf\":{\"@id\":\"http:\/\/villanueva-fineart.es\/#website\"},\"primaryImageOfPage\":{\"@id\":\"https:\/\/villanueva-fineart.es\/producto\/torso-de-mujer-detalle-dorso-jose-casamayor\/#primaryimage\"},\"image\":{\"@id\":\"https:\/\/villanueva-fineart.es\/producto\/torso-de-mujer-detalle-dorso-jose-casamayor\/#primaryimage\"},\"thumbnailUrl\":\"https:\/\/villanueva-fineart.es\/wp-content\/uploads\/2022\/02\/Casamayor-1.jpg\",\"datePublished\":\"2022-02-27T15:29:07+00:00\",\"dateModified\":\"2025-12-20T19:40:15+00:00\",\"description\":\"Jos\u00e9 Casamayor S\u00e1nchez (22 de noviembre de 1951, V\u00e9lez-M\u00e1laga, Espa\u00f1a) es un artista pl\u00e1stico espa\u00f1ol, especialmente dedicado a la escultura en piedra.La trayectoria profesional de este artista empieza en 1976, a\u00f1o en el que realiza su primera exposici\u00f3n individual en la Sala de Exposiciones de la Caja de Ahorros Provincial de V\u00e9lez-M\u00e1laga. A partir de entonces se suceden otras muestras -tanto individuales como colectivas- acogidas mayoritariamente en distintas localidades de la provincia de M\u00e1laga. En 1996 expone por primera vez fuera de Espa\u00f1a, en una muestra colectiva en Bruselas (B\u00e9lgica), ciudad en la que volver\u00e1 a exponer sus creaciones peri\u00f3dicamente. La obra de Casamayor tambi\u00e9n ha sido expuesta en otros puntos de Espa\u00f1a como Madrid, Bilbao, San Sebasti\u00e1n, Zaragoza, Barcelona, Tarragona, L\u00e9rida o Sevilla, as\u00ed como tambi\u00e9n en Italia.2Jos\u00e9 Casamayor ha ganado numerosos premios por su obra; adem\u00e1s, a lo largo de su trayectoria profesional, ha recibido diversas menciones de honor. Ha participado, asimismo, en varias ferias de arte que han tenido lugar en ciudades como Madrid, Granada, Barcelona, Sevilla, Marbella, Santander, B\u00e9lgica, Londres, Las Vegas o San Francisco.2 En la actualidad compagina su trabajo como artista, con su pasi\u00f3n por el cuidado de sus \u00e1rboles frutales en la Axarqu\u00eda.\",\"breadcrumb\":{\"@id\":\"https:\/\/villanueva-fineart.es\/producto\/torso-de-mujer-detalle-dorso-jose-casamayor\/#breadcrumb\"},\"inLanguage\":\"es\",\"potentialAction\":[{\"@type\":\"ReadAction\",\"target\":[\"https:\/\/villanueva-fineart.es\/producto\/torso-de-mujer-detalle-dorso-jose-casamayor\/\"]}]},{\"@type\":\"ImageObject\",\"inLanguage\":\"es\",\"@id\":\"https:\/\/villanueva-fineart.es\/producto\/torso-de-mujer-detalle-dorso-jose-casamayor\/#primaryimage\",\"url\":\"https:\/\/villanueva-fineart.es\/wp-content\/uploads\/2022\/02\/Casamayor-1.jpg\",\"contentUrl\":\"https:\/\/villanueva-fineart.es\/wp-content\/uploads\/2022\/02\/Casamayor-1.jpg\",\"width\":890,\"height\":1628},{\"@type\":\"BreadcrumbList\",\"@id\":\"https:\/\/villanueva-fineart.es\/producto\/torso-de-mujer-detalle-dorso-jose-casamayor\/#breadcrumb\",\"itemListElement\":[{\"@type\":\"ListItem\",\"position\":1,\"name\":\"Inicio\",\"item\":\"https:\/\/villanueva-fineart.es\/\"},{\"@type\":\"ListItem\",\"position\":2,\"name\":\"Tienda\",\"item\":\"https:\/\/villanueva-fineart.es\/es_es\/tienda\/\"},{\"@type\":\"ListItem\",\"position\":3,\"name\":\"Torso de mujer, detalle dorso, Jos\u00e9 Casamayor VENDIDO\/SOLD OUT\"}]},{\"@type\":\"WebSite\",\"@id\":\"http:\/\/villanueva-fineart.es\/#website\",\"url\":\"http:\/\/villanueva-fineart.es\/\",\"name\":\"Villanueva Fineart\",\"description\":\"Liquidaci\u00f3n de Obras de arte\",\"publisher\":{\"@id\":\"http:\/\/villanueva-fineart.es\/#organization\"},\"potentialAction\":[{\"@type\":\"SearchAction\",\"target\":{\"@type\":\"EntryPoint\",\"urlTemplate\":\"http:\/\/villanueva-fineart.es\/?s={search_term_string}\"},\"query-input\":{\"@type\":\"PropertyValueSpecification\",\"valueRequired\":true,\"valueName\":\"search_term_string\"}}],\"inLanguage\":\"es\"},{\"@type\":\"Organization\",\"@id\":\"http:\/\/villanueva-fineart.es\/#organization\",\"name\":\"Villanueva Fineart\",\"url\":\"http:\/\/villanueva-fineart.es\/\",\"logo\":{\"@type\":\"ImageObject\",\"inLanguage\":\"es\",\"@id\":\"http:\/\/villanueva-fineart.es\/#\/schema\/logo\/image\/\",\"url\":\"https:\/\/villanueva-fineart.es\/wp-content\/uploads\/2021\/11\/Logo-fineart.jpg\",\"contentUrl\":\"https:\/\/villanueva-fineart.es\/wp-content\/uploads\/2021\/11\/Logo-fineart.jpg\",\"width\":200,\"height\":85,\"caption\":\"Villanueva Fineart\"},\"image\":{\"@id\":\"http:\/\/villanueva-fineart.es\/#\/schema\/logo\/image\/\"}}]}<\/script>\n<!-- \/ Yoast SEO plugin. -->","yoast_head_json":{"title":"Torso de mujer, detalle dorso, Jos\u00e9 Casamayor VENDIDO\/SOLD OUT - Villanueva Fineart","description":"Jos\u00e9 Casamayor S\u00e1nchez (22 de noviembre de 1951, V\u00e9lez-M\u00e1laga, Espa\u00f1a) es un artista pl\u00e1stico espa\u00f1ol, especialmente dedicado a la escultura en piedra.La trayectoria profesional de este artista empieza en 1976, a\u00f1o en el que realiza su primera exposici\u00f3n individual en la Sala de Exposiciones de la Caja de Ahorros Provincial de V\u00e9lez-M\u00e1laga. A partir de entonces se suceden otras muestras -tanto individuales como colectivas- acogidas mayoritariamente en distintas localidades de la provincia de M\u00e1laga. En 1996 expone por primera vez fuera de Espa\u00f1a, en una muestra colectiva en Bruselas (B\u00e9lgica), ciudad en la que volver\u00e1 a exponer sus creaciones peri\u00f3dicamente. La obra de Casamayor tambi\u00e9n ha sido expuesta en otros puntos de Espa\u00f1a como Madrid, Bilbao, San Sebasti\u00e1n, Zaragoza, Barcelona, Tarragona, L\u00e9rida o Sevilla, as\u00ed como tambi\u00e9n en Italia.2Jos\u00e9 Casamayor ha ganado numerosos premios por su obra; adem\u00e1s, a lo largo de su trayectoria profesional, ha recibido diversas menciones de honor. Ha participado, asimismo, en varias ferias de arte que han tenido lugar en ciudades como Madrid, Granada, Barcelona, Sevilla, Marbella, Santander, B\u00e9lgica, Londres, Las Vegas o San Francisco.2 En la actualidad compagina su trabajo como artista, con su pasi\u00f3n por el cuidado de sus \u00e1rboles frutales en la Axarqu\u00eda.","robots":{"index":"index","follow":"follow","max-snippet":"max-snippet:-1","max-image-preview":"max-image-preview:large","max-video-preview":"max-video-preview:-1"},"canonical":"https:\/\/villanueva-fineart.es\/es_es\/producto\/torso-de-mujer-detalle-dorso-jose-casamayor\/","og_locale":"es_ES","og_type":"article","og_title":"Torso de mujer, detalle dorso, Jos\u00e9 Casamayor VENDIDO\/SOLD OUT - Villanueva Fineart","og_description":"Jos\u00e9 Casamayor S\u00e1nchez (22 de noviembre de 1951, V\u00e9lez-M\u00e1laga, Espa\u00f1a) es un artista pl\u00e1stico espa\u00f1ol, especialmente dedicado a la escultura en piedra.La trayectoria profesional de este artista empieza en 1976, a\u00f1o en el que realiza su primera exposici\u00f3n individual en la Sala de Exposiciones de la Caja de Ahorros Provincial de V\u00e9lez-M\u00e1laga. A partir de entonces se suceden otras muestras -tanto individuales como colectivas- acogidas mayoritariamente en distintas localidades de la provincia de M\u00e1laga. En 1996 expone por primera vez fuera de Espa\u00f1a, en una muestra colectiva en Bruselas (B\u00e9lgica), ciudad en la que volver\u00e1 a exponer sus creaciones peri\u00f3dicamente. La obra de Casamayor tambi\u00e9n ha sido expuesta en otros puntos de Espa\u00f1a como Madrid, Bilbao, San Sebasti\u00e1n, Zaragoza, Barcelona, Tarragona, L\u00e9rida o Sevilla, as\u00ed como tambi\u00e9n en Italia.2Jos\u00e9 Casamayor ha ganado numerosos premios por su obra; adem\u00e1s, a lo largo de su trayectoria profesional, ha recibido diversas menciones de honor. Ha participado, asimismo, en varias ferias de arte que han tenido lugar en ciudades como Madrid, Granada, Barcelona, Sevilla, Marbella, Santander, B\u00e9lgica, Londres, Las Vegas o San Francisco.2 En la actualidad compagina su trabajo como artista, con su pasi\u00f3n por el cuidado de sus \u00e1rboles frutales en la Axarqu\u00eda.","og_url":"https:\/\/villanueva-fineart.es\/es_es\/producto\/torso-de-mujer-detalle-dorso-jose-casamayor\/","og_site_name":"Villanueva Fineart","article_modified_time":"2025-12-20T19:40:15+00:00","og_image":[{"width":890,"height":1628,"url":"https:\/\/villanueva-fineart.es\/wp-content\/uploads\/2022\/02\/Casamayor-1.jpg","type":"image\/jpeg"}],"twitter_card":"summary_large_image","twitter_misc":{"Tiempo de lectura":"1 minuto"},"schema":{"@context":"https:\/\/schema.org","@graph":[{"@type":"WebPage","@id":"https:\/\/villanueva-fineart.es\/producto\/torso-de-mujer-detalle-dorso-jose-casamayor\/","url":"https:\/\/villanueva-fineart.es\/producto\/torso-de-mujer-detalle-dorso-jose-casamayor\/","name":"Torso de mujer, detalle dorso, Jos\u00e9 Casamayor VENDIDO\/SOLD OUT - Villanueva Fineart","isPartOf":{"@id":"http:\/\/villanueva-fineart.es\/#website"},"primaryImageOfPage":{"@id":"https:\/\/villanueva-fineart.es\/producto\/torso-de-mujer-detalle-dorso-jose-casamayor\/#primaryimage"},"image":{"@id":"https:\/\/villanueva-fineart.es\/producto\/torso-de-mujer-detalle-dorso-jose-casamayor\/#primaryimage"},"thumbnailUrl":"https:\/\/villanueva-fineart.es\/wp-content\/uploads\/2022\/02\/Casamayor-1.jpg","datePublished":"2022-02-27T15:29:07+00:00","dateModified":"2025-12-20T19:40:15+00:00","description":"Jos\u00e9 Casamayor S\u00e1nchez (22 de noviembre de 1951, V\u00e9lez-M\u00e1laga, Espa\u00f1a) es un artista pl\u00e1stico espa\u00f1ol, especialmente dedicado a la escultura en piedra.La trayectoria profesional de este artista empieza en 1976, a\u00f1o en el que realiza su primera exposici\u00f3n individual en la Sala de Exposiciones de la Caja de Ahorros Provincial de V\u00e9lez-M\u00e1laga. A partir de entonces se suceden otras muestras -tanto individuales como colectivas- acogidas mayoritariamente en distintas localidades de la provincia de M\u00e1laga. En 1996 expone por primera vez fuera de Espa\u00f1a, en una muestra colectiva en Bruselas (B\u00e9lgica), ciudad en la que volver\u00e1 a exponer sus creaciones peri\u00f3dicamente. La obra de Casamayor tambi\u00e9n ha sido expuesta en otros puntos de Espa\u00f1a como Madrid, Bilbao, San Sebasti\u00e1n, Zaragoza, Barcelona, Tarragona, L\u00e9rida o Sevilla, as\u00ed como tambi\u00e9n en Italia.2Jos\u00e9 Casamayor ha ganado numerosos premios por su obra; adem\u00e1s, a lo largo de su trayectoria profesional, ha recibido diversas menciones de honor. Ha participado, asimismo, en varias ferias de arte que han tenido lugar en ciudades como Madrid, Granada, Barcelona, Sevilla, Marbella, Santander, B\u00e9lgica, Londres, Las Vegas o San Francisco.2 En la actualidad compagina su trabajo como artista, con su pasi\u00f3n por el cuidado de sus \u00e1rboles frutales en la Axarqu\u00eda.","breadcrumb":{"@id":"https:\/\/villanueva-fineart.es\/producto\/torso-de-mujer-detalle-dorso-jose-casamayor\/#breadcrumb"},"inLanguage":"es","potentialAction":[{"@type":"ReadAction","target":["https:\/\/villanueva-fineart.es\/producto\/torso-de-mujer-detalle-dorso-jose-casamayor\/"]}]},{"@type":"ImageObject","inLanguage":"es","@id":"https:\/\/villanueva-fineart.es\/producto\/torso-de-mujer-detalle-dorso-jose-casamayor\/#primaryimage","url":"https:\/\/villanueva-fineart.es\/wp-content\/uploads\/2022\/02\/Casamayor-1.jpg","contentUrl":"https:\/\/villanueva-fineart.es\/wp-content\/uploads\/2022\/02\/Casamayor-1.jpg","width":890,"height":1628},{"@type":"BreadcrumbList","@id":"https:\/\/villanueva-fineart.es\/producto\/torso-de-mujer-detalle-dorso-jose-casamayor\/#breadcrumb","itemListElement":[{"@type":"ListItem","position":1,"name":"Inicio","item":"https:\/\/villanueva-fineart.es\/"},{"@type":"ListItem","position":2,"name":"Tienda","item":"https:\/\/villanueva-fineart.es\/es_es\/tienda\/"},{"@type":"ListItem","position":3,"name":"Torso de mujer, detalle dorso, Jos\u00e9 Casamayor VENDIDO\/SOLD OUT"}]},{"@type":"WebSite","@id":"http:\/\/villanueva-fineart.es\/#website","url":"http:\/\/villanueva-fineart.es\/","name":"Villanueva Fineart","description":"Liquidaci\u00f3n de Obras de arte","publisher":{"@id":"http:\/\/villanueva-fineart.es\/#organization"},"potentialAction":[{"@type":"SearchAction","target":{"@type":"EntryPoint","urlTemplate":"http:\/\/villanueva-fineart.es\/?s={search_term_string}"},"query-input":{"@type":"PropertyValueSpecification","valueRequired":true,"valueName":"search_term_string"}}],"inLanguage":"es"},{"@type":"Organization","@id":"http:\/\/villanueva-fineart.es\/#organization","name":"Villanueva Fineart","url":"http:\/\/villanueva-fineart.es\/","logo":{"@type":"ImageObject","inLanguage":"es","@id":"http:\/\/villanueva-fineart.es\/#\/schema\/logo\/image\/","url":"https:\/\/villanueva-fineart.es\/wp-content\/uploads\/2021\/11\/Logo-fineart.jpg","contentUrl":"https:\/\/villanueva-fineart.es\/wp-content\/uploads\/2021\/11\/Logo-fineart.jpg","width":200,"height":85,"caption":"Villanueva Fineart"},"image":{"@id":"http:\/\/villanueva-fineart.es\/#\/schema\/logo\/image\/"}}]}},"_links":{"self":[{"href":"https:\/\/villanueva-fineart.es\/es_es\/wp-json\/wp\/v2\/product\/4339","targetHints":{"allow":["GET"]}}],"collection":[{"href":"https:\/\/villanueva-fineart.es\/es_es\/wp-json\/wp\/v2\/product"}],"about":[{"href":"https:\/\/villanueva-fineart.es\/es_es\/wp-json\/wp\/v2\/types\/product"}],"wp:featuredmedia":[{"embeddable":true,"href":"https:\/\/villanueva-fineart.es\/es_es\/wp-json\/wp\/v2\/media\/4330"}],"wp:attachment":[{"href":"https:\/\/villanueva-fineart.es\/es_es\/wp-json\/wp\/v2\/media?parent=4339"}],"wp:term":[{"taxonomy":"product_brand","embeddable":true,"href":"https:\/\/villanueva-fineart.es\/es_es\/wp-json\/wp\/v2\/product_brand?post=4339"},{"taxonomy":"product_cat","embeddable":true,"href":"https:\/\/villanueva-fineart.es\/es_es\/wp-json\/wp\/v2\/product_cat?post=4339"},{"taxonomy":"product_tag","embeddable":true,"href":"https:\/\/villanueva-fineart.es\/es_es\/wp-json\/wp\/v2\/product_tag?post=4339"}],"curies":[{"name":"wp","href":"https:\/\/api.w.org\/{rel}","templated":true}]}}