{"id":3933,"date":"2022-01-29T13:38:15","date_gmt":"2022-01-29T13:38:15","guid":{"rendered":"https:\/\/villanueva-fineart.es\/?post_type=product&#038;p=3933"},"modified":"2024-02-26T08:41:36","modified_gmt":"2024-02-26T08:41:36","slug":"paisaje-enrique-monis-mora","status":"publish","type":"product","link":"https:\/\/villanueva-fineart.es\/es_es\/producto\/paisaje-enrique-monis-mora\/","title":{"rendered":"Paisaje, Enrique Mon\u00eds Mora &#8211; VENDIDO\/SOLD OUT"},"content":{"rendered":"","protected":false},"excerpt":{"rendered":"<p>Paisaje, \u00f3leo sobre lienzo, firmado, 50 x 65 cm.<\/p>\n","protected":false},"featured_media":3934,"template":"","meta":[],"product_brand":[],"product_cat":[24,31,37],"product_tag":[],"class_list":{"0":"post-3933","1":"product","2":"type-product","3":"status-publish","4":"has-post-thumbnail","6":"product_cat-obra","7":"product_cat-oleo","8":"product_cat-paisajes-obra","9":"sales-flash-overlay","10":"woocommerce-text-align-center","11":"woocommerce-image-align-center","12":"do-quantity-buttons","14":"first","15":"instock","16":"sold-individually","17":"taxable","18":"shipping-taxable","19":"purchasable","20":"product-type-simple"},"yoast_head":"<!-- This site is optimized with the Yoast SEO plugin v25.9 - https:\/\/yoast.com\/wordpress\/plugins\/seo\/ -->\n<title>Paisaje, Enrique Mon\u00eds Mora - VENDIDO\/SOLD OUT - Villanueva Fineart<\/title>\n<meta name=\"description\" content=\"Enrique Mon\u00eds Mora (Nerva, 1914-1982), Pintor onubense formado art\u00edsticamente en Sevilla y en Par\u00eds. Se dedic\u00f3 con profusi\u00f3n a la pintura de flores, al m\u00e1s puro estilo holand\u00e9s. Autor de prodigiosos bodegones, marinas, paisajes, conjuntos florales y retratos. Enrique Mon\u00eds Mora cultiv\u00f3 los bodegones floridos como pocos y se especializ\u00f3 en este tema en sus lienzos. El Museo V\u00e1zquez D\u00edaz de Nerva muestra sus fondos de arte\" \/>\n<meta name=\"robots\" content=\"index, follow, max-snippet:-1, max-image-preview:large, max-video-preview:-1\" \/>\n<link rel=\"canonical\" href=\"https:\/\/villanueva-fineart.es\/es_es\/producto\/paisaje-enrique-monis-mora\/\" \/>\n<meta property=\"og:locale\" content=\"es_ES\" \/>\n<meta property=\"og:type\" content=\"article\" \/>\n<meta property=\"og:title\" content=\"Paisaje, Enrique Mon\u00eds Mora - VENDIDO\/SOLD OUT - Villanueva Fineart\" \/>\n<meta property=\"og:description\" content=\"Enrique Mon\u00eds Mora (Nerva, 1914-1982), Pintor onubense formado art\u00edsticamente en Sevilla y en Par\u00eds. Se dedic\u00f3 con profusi\u00f3n a la pintura de flores, al m\u00e1s puro estilo holand\u00e9s. Autor de prodigiosos bodegones, marinas, paisajes, conjuntos florales y retratos. Enrique Mon\u00eds Mora cultiv\u00f3 los bodegones floridos como pocos y se especializ\u00f3 en este tema en sus lienzos. El Museo V\u00e1zquez D\u00edaz de Nerva muestra sus fondos de arte\" \/>\n<meta property=\"og:url\" content=\"https:\/\/villanueva-fineart.es\/es_es\/producto\/paisaje-enrique-monis-mora\/\" \/>\n<meta property=\"og:site_name\" content=\"Villanueva Fineart\" \/>\n<meta property=\"article:modified_time\" content=\"2024-02-26T08:41:36+00:00\" \/>\n<meta property=\"og:image\" content=\"https:\/\/villanueva-fineart.es\/wp-content\/uploads\/2022\/01\/Monis-Mora.jpg\" \/>\n\t<meta property=\"og:image:width\" content=\"890\" \/>\n\t<meta property=\"og:image:height\" content=\"669\" \/>\n\t<meta property=\"og:image:type\" content=\"image\/jpeg\" \/>\n<meta name=\"twitter:card\" content=\"summary_large_image\" \/>\n<script type=\"application\/ld+json\" class=\"yoast-schema-graph\">{\"@context\":\"https:\/\/schema.org\",\"@graph\":[{\"@type\":\"WebPage\",\"@id\":\"https:\/\/villanueva-fineart.es\/producto\/paisaje-enrique-monis-mora\/\",\"url\":\"https:\/\/villanueva-fineart.es\/producto\/paisaje-enrique-monis-mora\/\",\"name\":\"Paisaje, Enrique Mon\u00eds Mora - VENDIDO\/SOLD OUT - Villanueva Fineart\",\"isPartOf\":{\"@id\":\"http:\/\/villanueva-fineart.es\/#website\"},\"primaryImageOfPage\":{\"@id\":\"https:\/\/villanueva-fineart.es\/producto\/paisaje-enrique-monis-mora\/#primaryimage\"},\"image\":{\"@id\":\"https:\/\/villanueva-fineart.es\/producto\/paisaje-enrique-monis-mora\/#primaryimage\"},\"thumbnailUrl\":\"https:\/\/villanueva-fineart.es\/wp-content\/uploads\/2022\/01\/Monis-Mora.jpg\",\"datePublished\":\"2022-01-29T13:38:15+00:00\",\"dateModified\":\"2024-02-26T08:41:36+00:00\",\"description\":\"Enrique Mon\u00eds Mora (Nerva, 1914-1982), Pintor onubense formado art\u00edsticamente en Sevilla y en Par\u00eds. Se dedic\u00f3 con profusi\u00f3n a la pintura de flores, al m\u00e1s puro estilo holand\u00e9s. Autor de prodigiosos bodegones, marinas, paisajes, conjuntos florales y retratos. Enrique Mon\u00eds Mora cultiv\u00f3 los bodegones floridos como pocos y se especializ\u00f3 en este tema en sus lienzos. El Museo V\u00e1zquez D\u00edaz de Nerva muestra sus fondos de arte\",\"breadcrumb\":{\"@id\":\"https:\/\/villanueva-fineart.es\/producto\/paisaje-enrique-monis-mora\/#breadcrumb\"},\"inLanguage\":\"es\",\"potentialAction\":[{\"@type\":\"ReadAction\",\"target\":[\"https:\/\/villanueva-fineart.es\/producto\/paisaje-enrique-monis-mora\/\"]}]},{\"@type\":\"ImageObject\",\"inLanguage\":\"es\",\"@id\":\"https:\/\/villanueva-fineart.es\/producto\/paisaje-enrique-monis-mora\/#primaryimage\",\"url\":\"https:\/\/villanueva-fineart.es\/wp-content\/uploads\/2022\/01\/Monis-Mora.jpg\",\"contentUrl\":\"https:\/\/villanueva-fineart.es\/wp-content\/uploads\/2022\/01\/Monis-Mora.jpg\",\"width\":890,\"height\":669},{\"@type\":\"BreadcrumbList\",\"@id\":\"https:\/\/villanueva-fineart.es\/producto\/paisaje-enrique-monis-mora\/#breadcrumb\",\"itemListElement\":[{\"@type\":\"ListItem\",\"position\":1,\"name\":\"Inicio\",\"item\":\"https:\/\/villanueva-fineart.es\/\"},{\"@type\":\"ListItem\",\"position\":2,\"name\":\"Tienda\",\"item\":\"https:\/\/villanueva-fineart.es\/es_es\/tienda\/\"},{\"@type\":\"ListItem\",\"position\":3,\"name\":\"Paisaje, Enrique Mon\u00eds Mora &#8211; VENDIDO\/SOLD OUT\"}]},{\"@type\":\"WebSite\",\"@id\":\"http:\/\/villanueva-fineart.es\/#website\",\"url\":\"http:\/\/villanueva-fineart.es\/\",\"name\":\"Villanueva Fineart\",\"description\":\"Liquidaci\u00f3n de Obras de arte\",\"publisher\":{\"@id\":\"http:\/\/villanueva-fineart.es\/#organization\"},\"potentialAction\":[{\"@type\":\"SearchAction\",\"target\":{\"@type\":\"EntryPoint\",\"urlTemplate\":\"http:\/\/villanueva-fineart.es\/?s={search_term_string}\"},\"query-input\":{\"@type\":\"PropertyValueSpecification\",\"valueRequired\":true,\"valueName\":\"search_term_string\"}}],\"inLanguage\":\"es\"},{\"@type\":\"Organization\",\"@id\":\"http:\/\/villanueva-fineart.es\/#organization\",\"name\":\"Villanueva Fineart\",\"url\":\"http:\/\/villanueva-fineart.es\/\",\"logo\":{\"@type\":\"ImageObject\",\"inLanguage\":\"es\",\"@id\":\"http:\/\/villanueva-fineart.es\/#\/schema\/logo\/image\/\",\"url\":\"https:\/\/villanueva-fineart.es\/wp-content\/uploads\/2021\/11\/Logo-fineart.jpg\",\"contentUrl\":\"https:\/\/villanueva-fineart.es\/wp-content\/uploads\/2021\/11\/Logo-fineart.jpg\",\"width\":200,\"height\":85,\"caption\":\"Villanueva Fineart\"},\"image\":{\"@id\":\"http:\/\/villanueva-fineart.es\/#\/schema\/logo\/image\/\"}}]}<\/script>\n<!-- \/ Yoast SEO plugin. -->","yoast_head_json":{"title":"Paisaje, Enrique Mon\u00eds Mora - VENDIDO\/SOLD OUT - Villanueva Fineart","description":"Enrique Mon\u00eds Mora (Nerva, 1914-1982), Pintor onubense formado art\u00edsticamente en Sevilla y en Par\u00eds. Se dedic\u00f3 con profusi\u00f3n a la pintura de flores, al m\u00e1s puro estilo holand\u00e9s. Autor de prodigiosos bodegones, marinas, paisajes, conjuntos florales y retratos. Enrique Mon\u00eds Mora cultiv\u00f3 los bodegones floridos como pocos y se especializ\u00f3 en este tema en sus lienzos. El Museo V\u00e1zquez D\u00edaz de Nerva muestra sus fondos de arte","robots":{"index":"index","follow":"follow","max-snippet":"max-snippet:-1","max-image-preview":"max-image-preview:large","max-video-preview":"max-video-preview:-1"},"canonical":"https:\/\/villanueva-fineart.es\/es_es\/producto\/paisaje-enrique-monis-mora\/","og_locale":"es_ES","og_type":"article","og_title":"Paisaje, Enrique Mon\u00eds Mora - VENDIDO\/SOLD OUT - Villanueva Fineart","og_description":"Enrique Mon\u00eds Mora (Nerva, 1914-1982), Pintor onubense formado art\u00edsticamente en Sevilla y en Par\u00eds. Se dedic\u00f3 con profusi\u00f3n a la pintura de flores, al m\u00e1s puro estilo holand\u00e9s. Autor de prodigiosos bodegones, marinas, paisajes, conjuntos florales y retratos. Enrique Mon\u00eds Mora cultiv\u00f3 los bodegones floridos como pocos y se especializ\u00f3 en este tema en sus lienzos. El Museo V\u00e1zquez D\u00edaz de Nerva muestra sus fondos de arte","og_url":"https:\/\/villanueva-fineart.es\/es_es\/producto\/paisaje-enrique-monis-mora\/","og_site_name":"Villanueva Fineart","article_modified_time":"2024-02-26T08:41:36+00:00","og_image":[{"width":890,"height":669,"url":"https:\/\/villanueva-fineart.es\/wp-content\/uploads\/2022\/01\/Monis-Mora.jpg","type":"image\/jpeg"}],"twitter_card":"summary_large_image","schema":{"@context":"https:\/\/schema.org","@graph":[{"@type":"WebPage","@id":"https:\/\/villanueva-fineart.es\/producto\/paisaje-enrique-monis-mora\/","url":"https:\/\/villanueva-fineart.es\/producto\/paisaje-enrique-monis-mora\/","name":"Paisaje, Enrique Mon\u00eds Mora - VENDIDO\/SOLD OUT - Villanueva Fineart","isPartOf":{"@id":"http:\/\/villanueva-fineart.es\/#website"},"primaryImageOfPage":{"@id":"https:\/\/villanueva-fineart.es\/producto\/paisaje-enrique-monis-mora\/#primaryimage"},"image":{"@id":"https:\/\/villanueva-fineart.es\/producto\/paisaje-enrique-monis-mora\/#primaryimage"},"thumbnailUrl":"https:\/\/villanueva-fineart.es\/wp-content\/uploads\/2022\/01\/Monis-Mora.jpg","datePublished":"2022-01-29T13:38:15+00:00","dateModified":"2024-02-26T08:41:36+00:00","description":"Enrique Mon\u00eds Mora (Nerva, 1914-1982), Pintor onubense formado art\u00edsticamente en Sevilla y en Par\u00eds. Se dedic\u00f3 con profusi\u00f3n a la pintura de flores, al m\u00e1s puro estilo holand\u00e9s. Autor de prodigiosos bodegones, marinas, paisajes, conjuntos florales y retratos. Enrique Mon\u00eds Mora cultiv\u00f3 los bodegones floridos como pocos y se especializ\u00f3 en este tema en sus lienzos. El Museo V\u00e1zquez D\u00edaz de Nerva muestra sus fondos de arte","breadcrumb":{"@id":"https:\/\/villanueva-fineart.es\/producto\/paisaje-enrique-monis-mora\/#breadcrumb"},"inLanguage":"es","potentialAction":[{"@type":"ReadAction","target":["https:\/\/villanueva-fineart.es\/producto\/paisaje-enrique-monis-mora\/"]}]},{"@type":"ImageObject","inLanguage":"es","@id":"https:\/\/villanueva-fineart.es\/producto\/paisaje-enrique-monis-mora\/#primaryimage","url":"https:\/\/villanueva-fineart.es\/wp-content\/uploads\/2022\/01\/Monis-Mora.jpg","contentUrl":"https:\/\/villanueva-fineart.es\/wp-content\/uploads\/2022\/01\/Monis-Mora.jpg","width":890,"height":669},{"@type":"BreadcrumbList","@id":"https:\/\/villanueva-fineart.es\/producto\/paisaje-enrique-monis-mora\/#breadcrumb","itemListElement":[{"@type":"ListItem","position":1,"name":"Inicio","item":"https:\/\/villanueva-fineart.es\/"},{"@type":"ListItem","position":2,"name":"Tienda","item":"https:\/\/villanueva-fineart.es\/es_es\/tienda\/"},{"@type":"ListItem","position":3,"name":"Paisaje, Enrique Mon\u00eds Mora &#8211; VENDIDO\/SOLD OUT"}]},{"@type":"WebSite","@id":"http:\/\/villanueva-fineart.es\/#website","url":"http:\/\/villanueva-fineart.es\/","name":"Villanueva Fineart","description":"Liquidaci\u00f3n de Obras de arte","publisher":{"@id":"http:\/\/villanueva-fineart.es\/#organization"},"potentialAction":[{"@type":"SearchAction","target":{"@type":"EntryPoint","urlTemplate":"http:\/\/villanueva-fineart.es\/?s={search_term_string}"},"query-input":{"@type":"PropertyValueSpecification","valueRequired":true,"valueName":"search_term_string"}}],"inLanguage":"es"},{"@type":"Organization","@id":"http:\/\/villanueva-fineart.es\/#organization","name":"Villanueva Fineart","url":"http:\/\/villanueva-fineart.es\/","logo":{"@type":"ImageObject","inLanguage":"es","@id":"http:\/\/villanueva-fineart.es\/#\/schema\/logo\/image\/","url":"https:\/\/villanueva-fineart.es\/wp-content\/uploads\/2021\/11\/Logo-fineart.jpg","contentUrl":"https:\/\/villanueva-fineart.es\/wp-content\/uploads\/2021\/11\/Logo-fineart.jpg","width":200,"height":85,"caption":"Villanueva Fineart"},"image":{"@id":"http:\/\/villanueva-fineart.es\/#\/schema\/logo\/image\/"}}]}},"_links":{"self":[{"href":"https:\/\/villanueva-fineart.es\/es_es\/wp-json\/wp\/v2\/product\/3933","targetHints":{"allow":["GET"]}}],"collection":[{"href":"https:\/\/villanueva-fineart.es\/es_es\/wp-json\/wp\/v2\/product"}],"about":[{"href":"https:\/\/villanueva-fineart.es\/es_es\/wp-json\/wp\/v2\/types\/product"}],"wp:featuredmedia":[{"embeddable":true,"href":"https:\/\/villanueva-fineart.es\/es_es\/wp-json\/wp\/v2\/media\/3934"}],"wp:attachment":[{"href":"https:\/\/villanueva-fineart.es\/es_es\/wp-json\/wp\/v2\/media?parent=3933"}],"wp:term":[{"taxonomy":"product_brand","embeddable":true,"href":"https:\/\/villanueva-fineart.es\/es_es\/wp-json\/wp\/v2\/product_brand?post=3933"},{"taxonomy":"product_cat","embeddable":true,"href":"https:\/\/villanueva-fineart.es\/es_es\/wp-json\/wp\/v2\/product_cat?post=3933"},{"taxonomy":"product_tag","embeddable":true,"href":"https:\/\/villanueva-fineart.es\/es_es\/wp-json\/wp\/v2\/product_tag?post=3933"}],"curies":[{"name":"wp","href":"https:\/\/api.w.org\/{rel}","templated":true}]}}