{"id":3875,"date":"2022-01-26T19:47:37","date_gmt":"2022-01-26T19:47:37","guid":{"rendered":"https:\/\/villanueva-fineart.es\/?post_type=product&#038;p=3875"},"modified":"2024-06-23T15:42:34","modified_gmt":"2024-06-23T15:42:34","slug":"paisaje-luis-luque","status":"publish","type":"product","link":"https:\/\/villanueva-fineart.es\/es_es\/producto\/paisaje-luis-luque\/","title":{"rendered":"Paisaje, Luis Luque PRECIO A NEGOCIAR"},"content":{"rendered":"","protected":false},"excerpt":{"rendered":"<p>Paisaje, \u00f3leo sobre tabla, firmado, 15 x 30 cm.<\/p>\n","protected":false},"featured_media":3876,"template":"","meta":[],"product_brand":[],"product_cat":[46,24,31,37],"product_tag":[],"class_list":{"0":"post-3875","1":"product","2":"type-product","3":"status-publish","4":"has-post-thumbnail","6":"product_cat-500e-y-menos","7":"product_cat-obra","8":"product_cat-oleo","9":"product_cat-paisajes-obra","10":"sales-flash-overlay","11":"woocommerce-text-align-center","12":"woocommerce-image-align-center","13":"do-quantity-buttons","15":"first","16":"instock","17":"sold-individually","18":"taxable","19":"shipping-taxable","20":"purchasable","21":"product-type-simple"},"yoast_head":"<!-- This site is optimized with the Yoast SEO plugin v25.9 - https:\/\/yoast.com\/wordpress\/plugins\/seo\/ -->\n<title>Paisaje, Luis Luque PRECIO A NEGOCIAR - Villanueva Fineart<\/title>\n<meta name=\"description\" content=\"Luis M. Luque - Nace el 25 de noviembre de 1953 en Palma de Mallorca. Durante largos a\u00f1os vivi\u00f3 en \u00c1frica y actualmente reside en Ja\u00e9n. Sus pinturas nos trasladan a un mundo po\u00e9tico, digno de cualquier novela de Edgar Alan Poe, inquietante y m\u00e1gico de los siglos XV y XVI. Su obra se encuentra repartida en museos y colecciones privadas, nacionales y extranjeras. Si alguna caracter\u00edstica define la pintura de Luis Manuel Luque Sureda es la de la fantas\u00eda. A trav\u00e9s de sus cuadros de formas alargada y profundas panor\u00e1micas nos invita a so\u00f1ar.\" \/>\n<meta name=\"robots\" content=\"index, follow, max-snippet:-1, max-image-preview:large, max-video-preview:-1\" \/>\n<link rel=\"canonical\" href=\"https:\/\/villanueva-fineart.es\/es_es\/producto\/paisaje-luis-luque\/\" \/>\n<meta property=\"og:locale\" content=\"es_ES\" \/>\n<meta property=\"og:type\" content=\"article\" \/>\n<meta property=\"og:title\" content=\"Paisaje, Luis Luque PRECIO A NEGOCIAR - Villanueva Fineart\" \/>\n<meta property=\"og:description\" content=\"Luis M. Luque - Nace el 25 de noviembre de 1953 en Palma de Mallorca. Durante largos a\u00f1os vivi\u00f3 en \u00c1frica y actualmente reside en Ja\u00e9n. Sus pinturas nos trasladan a un mundo po\u00e9tico, digno de cualquier novela de Edgar Alan Poe, inquietante y m\u00e1gico de los siglos XV y XVI. Su obra se encuentra repartida en museos y colecciones privadas, nacionales y extranjeras. Si alguna caracter\u00edstica define la pintura de Luis Manuel Luque Sureda es la de la fantas\u00eda. A trav\u00e9s de sus cuadros de formas alargada y profundas panor\u00e1micas nos invita a so\u00f1ar.\" \/>\n<meta property=\"og:url\" content=\"https:\/\/villanueva-fineart.es\/es_es\/producto\/paisaje-luis-luque\/\" \/>\n<meta property=\"og:site_name\" content=\"Villanueva Fineart\" \/>\n<meta property=\"article:modified_time\" content=\"2024-06-23T15:42:34+00:00\" \/>\n<meta property=\"og:image\" content=\"https:\/\/villanueva-fineart.es\/wp-content\/uploads\/2022\/01\/134-luque.jpg\" \/>\n\t<meta property=\"og:image:width\" content=\"800\" \/>\n\t<meta property=\"og:image:height\" content=\"401\" \/>\n\t<meta property=\"og:image:type\" content=\"image\/jpeg\" \/>\n<meta name=\"twitter:card\" content=\"summary_large_image\" \/>\n<script type=\"application\/ld+json\" class=\"yoast-schema-graph\">{\"@context\":\"https:\/\/schema.org\",\"@graph\":[{\"@type\":\"WebPage\",\"@id\":\"https:\/\/villanueva-fineart.es\/producto\/paisaje-luis-luque\/\",\"url\":\"https:\/\/villanueva-fineart.es\/producto\/paisaje-luis-luque\/\",\"name\":\"Paisaje, Luis Luque PRECIO A NEGOCIAR - Villanueva Fineart\",\"isPartOf\":{\"@id\":\"http:\/\/villanueva-fineart.es\/#website\"},\"primaryImageOfPage\":{\"@id\":\"https:\/\/villanueva-fineart.es\/producto\/paisaje-luis-luque\/#primaryimage\"},\"image\":{\"@id\":\"https:\/\/villanueva-fineart.es\/producto\/paisaje-luis-luque\/#primaryimage\"},\"thumbnailUrl\":\"https:\/\/villanueva-fineart.es\/wp-content\/uploads\/2022\/01\/134-luque.jpg\",\"datePublished\":\"2022-01-26T19:47:37+00:00\",\"dateModified\":\"2024-06-23T15:42:34+00:00\",\"description\":\"Luis M. Luque - Nace el 25 de noviembre de 1953 en Palma de Mallorca. Durante largos a\u00f1os vivi\u00f3 en \u00c1frica y actualmente reside en Ja\u00e9n. Sus pinturas nos trasladan a un mundo po\u00e9tico, digno de cualquier novela de Edgar Alan Poe, inquietante y m\u00e1gico de los siglos XV y XVI. Su obra se encuentra repartida en museos y colecciones privadas, nacionales y extranjeras. Si alguna caracter\u00edstica define la pintura de Luis Manuel Luque Sureda es la de la fantas\u00eda. A trav\u00e9s de sus cuadros de formas alargada y profundas panor\u00e1micas nos invita a so\u00f1ar.\",\"breadcrumb\":{\"@id\":\"https:\/\/villanueva-fineart.es\/producto\/paisaje-luis-luque\/#breadcrumb\"},\"inLanguage\":\"es\",\"potentialAction\":[{\"@type\":\"ReadAction\",\"target\":[\"https:\/\/villanueva-fineart.es\/producto\/paisaje-luis-luque\/\"]}]},{\"@type\":\"ImageObject\",\"inLanguage\":\"es\",\"@id\":\"https:\/\/villanueva-fineart.es\/producto\/paisaje-luis-luque\/#primaryimage\",\"url\":\"https:\/\/villanueva-fineart.es\/wp-content\/uploads\/2022\/01\/134-luque.jpg\",\"contentUrl\":\"https:\/\/villanueva-fineart.es\/wp-content\/uploads\/2022\/01\/134-luque.jpg\",\"width\":800,\"height\":401},{\"@type\":\"BreadcrumbList\",\"@id\":\"https:\/\/villanueva-fineart.es\/producto\/paisaje-luis-luque\/#breadcrumb\",\"itemListElement\":[{\"@type\":\"ListItem\",\"position\":1,\"name\":\"Inicio\",\"item\":\"https:\/\/villanueva-fineart.es\/\"},{\"@type\":\"ListItem\",\"position\":2,\"name\":\"Tienda\",\"item\":\"https:\/\/villanueva-fineart.es\/es_es\/tienda\/\"},{\"@type\":\"ListItem\",\"position\":3,\"name\":\"Paisaje, Luis Luque PRECIO A NEGOCIAR\"}]},{\"@type\":\"WebSite\",\"@id\":\"http:\/\/villanueva-fineart.es\/#website\",\"url\":\"http:\/\/villanueva-fineart.es\/\",\"name\":\"Villanueva Fineart\",\"description\":\"Liquidaci\u00f3n de Obras de arte\",\"publisher\":{\"@id\":\"http:\/\/villanueva-fineart.es\/#organization\"},\"potentialAction\":[{\"@type\":\"SearchAction\",\"target\":{\"@type\":\"EntryPoint\",\"urlTemplate\":\"http:\/\/villanueva-fineart.es\/?s={search_term_string}\"},\"query-input\":{\"@type\":\"PropertyValueSpecification\",\"valueRequired\":true,\"valueName\":\"search_term_string\"}}],\"inLanguage\":\"es\"},{\"@type\":\"Organization\",\"@id\":\"http:\/\/villanueva-fineart.es\/#organization\",\"name\":\"Villanueva Fineart\",\"url\":\"http:\/\/villanueva-fineart.es\/\",\"logo\":{\"@type\":\"ImageObject\",\"inLanguage\":\"es\",\"@id\":\"http:\/\/villanueva-fineart.es\/#\/schema\/logo\/image\/\",\"url\":\"https:\/\/villanueva-fineart.es\/wp-content\/uploads\/2021\/11\/Logo-fineart.jpg\",\"contentUrl\":\"https:\/\/villanueva-fineart.es\/wp-content\/uploads\/2021\/11\/Logo-fineart.jpg\",\"width\":200,\"height\":85,\"caption\":\"Villanueva Fineart\"},\"image\":{\"@id\":\"http:\/\/villanueva-fineart.es\/#\/schema\/logo\/image\/\"}}]}<\/script>\n<!-- \/ Yoast SEO plugin. -->","yoast_head_json":{"title":"Paisaje, Luis Luque PRECIO A NEGOCIAR - Villanueva Fineart","description":"Luis M. Luque - Nace el 25 de noviembre de 1953 en Palma de Mallorca. Durante largos a\u00f1os vivi\u00f3 en \u00c1frica y actualmente reside en Ja\u00e9n. Sus pinturas nos trasladan a un mundo po\u00e9tico, digno de cualquier novela de Edgar Alan Poe, inquietante y m\u00e1gico de los siglos XV y XVI. Su obra se encuentra repartida en museos y colecciones privadas, nacionales y extranjeras. Si alguna caracter\u00edstica define la pintura de Luis Manuel Luque Sureda es la de la fantas\u00eda. A trav\u00e9s de sus cuadros de formas alargada y profundas panor\u00e1micas nos invita a so\u00f1ar.","robots":{"index":"index","follow":"follow","max-snippet":"max-snippet:-1","max-image-preview":"max-image-preview:large","max-video-preview":"max-video-preview:-1"},"canonical":"https:\/\/villanueva-fineart.es\/es_es\/producto\/paisaje-luis-luque\/","og_locale":"es_ES","og_type":"article","og_title":"Paisaje, Luis Luque PRECIO A NEGOCIAR - Villanueva Fineart","og_description":"Luis M. Luque - Nace el 25 de noviembre de 1953 en Palma de Mallorca. Durante largos a\u00f1os vivi\u00f3 en \u00c1frica y actualmente reside en Ja\u00e9n. Sus pinturas nos trasladan a un mundo po\u00e9tico, digno de cualquier novela de Edgar Alan Poe, inquietante y m\u00e1gico de los siglos XV y XVI. Su obra se encuentra repartida en museos y colecciones privadas, nacionales y extranjeras. Si alguna caracter\u00edstica define la pintura de Luis Manuel Luque Sureda es la de la fantas\u00eda. A trav\u00e9s de sus cuadros de formas alargada y profundas panor\u00e1micas nos invita a so\u00f1ar.","og_url":"https:\/\/villanueva-fineart.es\/es_es\/producto\/paisaje-luis-luque\/","og_site_name":"Villanueva Fineart","article_modified_time":"2024-06-23T15:42:34+00:00","og_image":[{"width":800,"height":401,"url":"https:\/\/villanueva-fineart.es\/wp-content\/uploads\/2022\/01\/134-luque.jpg","type":"image\/jpeg"}],"twitter_card":"summary_large_image","schema":{"@context":"https:\/\/schema.org","@graph":[{"@type":"WebPage","@id":"https:\/\/villanueva-fineart.es\/producto\/paisaje-luis-luque\/","url":"https:\/\/villanueva-fineart.es\/producto\/paisaje-luis-luque\/","name":"Paisaje, Luis Luque PRECIO A NEGOCIAR - Villanueva Fineart","isPartOf":{"@id":"http:\/\/villanueva-fineart.es\/#website"},"primaryImageOfPage":{"@id":"https:\/\/villanueva-fineart.es\/producto\/paisaje-luis-luque\/#primaryimage"},"image":{"@id":"https:\/\/villanueva-fineart.es\/producto\/paisaje-luis-luque\/#primaryimage"},"thumbnailUrl":"https:\/\/villanueva-fineart.es\/wp-content\/uploads\/2022\/01\/134-luque.jpg","datePublished":"2022-01-26T19:47:37+00:00","dateModified":"2024-06-23T15:42:34+00:00","description":"Luis M. Luque - Nace el 25 de noviembre de 1953 en Palma de Mallorca. Durante largos a\u00f1os vivi\u00f3 en \u00c1frica y actualmente reside en Ja\u00e9n. Sus pinturas nos trasladan a un mundo po\u00e9tico, digno de cualquier novela de Edgar Alan Poe, inquietante y m\u00e1gico de los siglos XV y XVI. Su obra se encuentra repartida en museos y colecciones privadas, nacionales y extranjeras. Si alguna caracter\u00edstica define la pintura de Luis Manuel Luque Sureda es la de la fantas\u00eda. A trav\u00e9s de sus cuadros de formas alargada y profundas panor\u00e1micas nos invita a so\u00f1ar.","breadcrumb":{"@id":"https:\/\/villanueva-fineart.es\/producto\/paisaje-luis-luque\/#breadcrumb"},"inLanguage":"es","potentialAction":[{"@type":"ReadAction","target":["https:\/\/villanueva-fineart.es\/producto\/paisaje-luis-luque\/"]}]},{"@type":"ImageObject","inLanguage":"es","@id":"https:\/\/villanueva-fineart.es\/producto\/paisaje-luis-luque\/#primaryimage","url":"https:\/\/villanueva-fineart.es\/wp-content\/uploads\/2022\/01\/134-luque.jpg","contentUrl":"https:\/\/villanueva-fineart.es\/wp-content\/uploads\/2022\/01\/134-luque.jpg","width":800,"height":401},{"@type":"BreadcrumbList","@id":"https:\/\/villanueva-fineart.es\/producto\/paisaje-luis-luque\/#breadcrumb","itemListElement":[{"@type":"ListItem","position":1,"name":"Inicio","item":"https:\/\/villanueva-fineart.es\/"},{"@type":"ListItem","position":2,"name":"Tienda","item":"https:\/\/villanueva-fineart.es\/es_es\/tienda\/"},{"@type":"ListItem","position":3,"name":"Paisaje, Luis Luque PRECIO A NEGOCIAR"}]},{"@type":"WebSite","@id":"http:\/\/villanueva-fineart.es\/#website","url":"http:\/\/villanueva-fineart.es\/","name":"Villanueva Fineart","description":"Liquidaci\u00f3n de Obras de arte","publisher":{"@id":"http:\/\/villanueva-fineart.es\/#organization"},"potentialAction":[{"@type":"SearchAction","target":{"@type":"EntryPoint","urlTemplate":"http:\/\/villanueva-fineart.es\/?s={search_term_string}"},"query-input":{"@type":"PropertyValueSpecification","valueRequired":true,"valueName":"search_term_string"}}],"inLanguage":"es"},{"@type":"Organization","@id":"http:\/\/villanueva-fineart.es\/#organization","name":"Villanueva Fineart","url":"http:\/\/villanueva-fineart.es\/","logo":{"@type":"ImageObject","inLanguage":"es","@id":"http:\/\/villanueva-fineart.es\/#\/schema\/logo\/image\/","url":"https:\/\/villanueva-fineart.es\/wp-content\/uploads\/2021\/11\/Logo-fineart.jpg","contentUrl":"https:\/\/villanueva-fineart.es\/wp-content\/uploads\/2021\/11\/Logo-fineart.jpg","width":200,"height":85,"caption":"Villanueva Fineart"},"image":{"@id":"http:\/\/villanueva-fineart.es\/#\/schema\/logo\/image\/"}}]}},"_links":{"self":[{"href":"https:\/\/villanueva-fineart.es\/es_es\/wp-json\/wp\/v2\/product\/3875","targetHints":{"allow":["GET"]}}],"collection":[{"href":"https:\/\/villanueva-fineart.es\/es_es\/wp-json\/wp\/v2\/product"}],"about":[{"href":"https:\/\/villanueva-fineart.es\/es_es\/wp-json\/wp\/v2\/types\/product"}],"wp:featuredmedia":[{"embeddable":true,"href":"https:\/\/villanueva-fineart.es\/es_es\/wp-json\/wp\/v2\/media\/3876"}],"wp:attachment":[{"href":"https:\/\/villanueva-fineart.es\/es_es\/wp-json\/wp\/v2\/media?parent=3875"}],"wp:term":[{"taxonomy":"product_brand","embeddable":true,"href":"https:\/\/villanueva-fineart.es\/es_es\/wp-json\/wp\/v2\/product_brand?post=3875"},{"taxonomy":"product_cat","embeddable":true,"href":"https:\/\/villanueva-fineart.es\/es_es\/wp-json\/wp\/v2\/product_cat?post=3875"},{"taxonomy":"product_tag","embeddable":true,"href":"https:\/\/villanueva-fineart.es\/es_es\/wp-json\/wp\/v2\/product_tag?post=3875"}],"curies":[{"name":"wp","href":"https:\/\/api.w.org\/{rel}","templated":true}]}}