{"id":3371,"date":"2021-12-31T17:58:34","date_gmt":"2021-12-31T17:58:34","guid":{"rendered":"https:\/\/villanueva-fineart.es\/?post_type=product&#038;p=3371"},"modified":"2022-01-22T11:32:35","modified_gmt":"2022-01-22T11:32:35","slug":"la-familia-pedro-creixams","status":"publish","type":"product","link":"https:\/\/villanueva-fineart.es\/es_es\/producto\/la-familia-pedro-creixams\/","title":{"rendered":"La familia, Pedro Creixams"},"content":{"rendered":"","protected":false},"excerpt":{"rendered":"<p>La familia, \u00f3leo sobre lienzo, Firmado, 42 x 27 cm.<\/p>\n","protected":false},"featured_media":3363,"template":"","meta":[],"product_brand":[],"product_cat":[24,30,31],"product_tag":[],"class_list":{"0":"post-3371","1":"product","2":"type-product","3":"status-publish","4":"has-post-thumbnail","6":"product_cat-obra","7":"product_cat-figurativos","8":"product_cat-oleo","9":"sales-flash-overlay","10":"woocommerce-text-align-center","11":"woocommerce-image-align-center","12":"do-quantity-buttons","14":"first","15":"instock","16":"sale","17":"sold-individually","18":"taxable","19":"shipping-taxable","20":"purchasable","21":"product-type-simple"},"yoast_head":"<!-- This site is optimized with the Yoast SEO plugin v25.9 - https:\/\/yoast.com\/wordpress\/plugins\/seo\/ -->\n<title>La familia, Pedro Creixams - Villanueva Fineart<\/title>\n<meta name=\"description\" content=\"PERE CREIXAMS I PICO Barcelona, 1893 - 1965. En 1918 fue a Par\u00eds pero, pasaron tres a\u00f1os hasta que empez\u00f3 a dedicarse a la pintura. En 1921, se integr\u00f3 en el ambiente art\u00edstico de Montmartre, donde tuvo su taller y de esta manera empez\u00f3 a exponer en varios salones de Par\u00eds. Entre 1927 y 1936 residi\u00f3 entre Tossa de Mar y Barcelona, realizando varias exposiciones en la Sala Par\u00e9s y otros en la Sala Busquets y en las Galer\u00edas de Arte Syra . En la d\u00e9cada de 1930 da a conocer Tossa de Mar entre los pintores for\u00e1neos conjuntamente con el pintor y cr\u00edtico Rafael Benet quien escribi\u00f3 el art\u00edculo Tossa, babel de las Artes en octubre de 1934.\" \/>\n<meta name=\"robots\" content=\"index, follow, max-snippet:-1, max-image-preview:large, max-video-preview:-1\" \/>\n<link rel=\"canonical\" href=\"https:\/\/villanueva-fineart.es\/es_es\/producto\/la-familia-pedro-creixams\/\" \/>\n<meta property=\"og:locale\" content=\"es_ES\" \/>\n<meta property=\"og:type\" content=\"article\" \/>\n<meta property=\"og:title\" content=\"La familia, Pedro Creixams - Villanueva Fineart\" \/>\n<meta property=\"og:description\" content=\"PERE CREIXAMS I PICO Barcelona, 1893 - 1965. En 1918 fue a Par\u00eds pero, pasaron tres a\u00f1os hasta que empez\u00f3 a dedicarse a la pintura. En 1921, se integr\u00f3 en el ambiente art\u00edstico de Montmartre, donde tuvo su taller y de esta manera empez\u00f3 a exponer en varios salones de Par\u00eds. Entre 1927 y 1936 residi\u00f3 entre Tossa de Mar y Barcelona, realizando varias exposiciones en la Sala Par\u00e9s y otros en la Sala Busquets y en las Galer\u00edas de Arte Syra . En la d\u00e9cada de 1930 da a conocer Tossa de Mar entre los pintores for\u00e1neos conjuntamente con el pintor y cr\u00edtico Rafael Benet quien escribi\u00f3 el art\u00edculo Tossa, babel de las Artes en octubre de 1934.\" \/>\n<meta property=\"og:url\" content=\"https:\/\/villanueva-fineart.es\/es_es\/producto\/la-familia-pedro-creixams\/\" \/>\n<meta property=\"og:site_name\" content=\"Villanueva Fineart\" \/>\n<meta property=\"article:modified_time\" content=\"2022-01-22T11:32:35+00:00\" \/>\n<meta property=\"og:image\" content=\"https:\/\/villanueva-fineart.es\/wp-content\/uploads\/2021\/12\/Pedro-Creixams-Reducidas.jpg\" \/>\n\t<meta property=\"og:image:width\" content=\"890\" \/>\n\t<meta property=\"og:image:height\" content=\"570\" \/>\n\t<meta property=\"og:image:type\" content=\"image\/jpeg\" \/>\n<meta name=\"twitter:card\" content=\"summary_large_image\" \/>\n<script type=\"application\/ld+json\" class=\"yoast-schema-graph\">{\"@context\":\"https:\/\/schema.org\",\"@graph\":[{\"@type\":\"WebPage\",\"@id\":\"https:\/\/villanueva-fineart.es\/es_es\/producto\/la-familia-pedro-creixams\/\",\"url\":\"https:\/\/villanueva-fineart.es\/es_es\/producto\/la-familia-pedro-creixams\/\",\"name\":\"La familia, Pedro Creixams - Villanueva Fineart\",\"isPartOf\":{\"@id\":\"http:\/\/villanueva-fineart.es\/#website\"},\"primaryImageOfPage\":{\"@id\":\"https:\/\/villanueva-fineart.es\/es_es\/producto\/la-familia-pedro-creixams\/#primaryimage\"},\"image\":{\"@id\":\"https:\/\/villanueva-fineart.es\/es_es\/producto\/la-familia-pedro-creixams\/#primaryimage\"},\"thumbnailUrl\":\"https:\/\/villanueva-fineart.es\/wp-content\/uploads\/2021\/12\/Pedro-Creixams-Reducidas.jpg\",\"datePublished\":\"2021-12-31T17:58:34+00:00\",\"dateModified\":\"2022-01-22T11:32:35+00:00\",\"description\":\"PERE CREIXAMS I PICO Barcelona, 1893 - 1965. En 1918 fue a Par\u00eds pero, pasaron tres a\u00f1os hasta que empez\u00f3 a dedicarse a la pintura. En 1921, se integr\u00f3 en el ambiente art\u00edstico de Montmartre, donde tuvo su taller y de esta manera empez\u00f3 a exponer en varios salones de Par\u00eds. Entre 1927 y 1936 residi\u00f3 entre Tossa de Mar y Barcelona, realizando varias exposiciones en la Sala Par\u00e9s y otros en la Sala Busquets y en las Galer\u00edas de Arte Syra . En la d\u00e9cada de 1930 da a conocer Tossa de Mar entre los pintores for\u00e1neos conjuntamente con el pintor y cr\u00edtico Rafael Benet quien escribi\u00f3 el art\u00edculo Tossa, babel de las Artes en octubre de 1934.\",\"breadcrumb\":{\"@id\":\"https:\/\/villanueva-fineart.es\/es_es\/producto\/la-familia-pedro-creixams\/#breadcrumb\"},\"inLanguage\":\"es\",\"potentialAction\":[{\"@type\":\"ReadAction\",\"target\":[\"https:\/\/villanueva-fineart.es\/es_es\/producto\/la-familia-pedro-creixams\/\"]}]},{\"@type\":\"ImageObject\",\"inLanguage\":\"es\",\"@id\":\"https:\/\/villanueva-fineart.es\/es_es\/producto\/la-familia-pedro-creixams\/#primaryimage\",\"url\":\"https:\/\/villanueva-fineart.es\/wp-content\/uploads\/2021\/12\/Pedro-Creixams-Reducidas.jpg\",\"contentUrl\":\"https:\/\/villanueva-fineart.es\/wp-content\/uploads\/2021\/12\/Pedro-Creixams-Reducidas.jpg\",\"width\":890,\"height\":570},{\"@type\":\"BreadcrumbList\",\"@id\":\"https:\/\/villanueva-fineart.es\/es_es\/producto\/la-familia-pedro-creixams\/#breadcrumb\",\"itemListElement\":[{\"@type\":\"ListItem\",\"position\":1,\"name\":\"Inicio\",\"item\":\"https:\/\/villanueva-fineart.es\/\"},{\"@type\":\"ListItem\",\"position\":2,\"name\":\"Tienda\",\"item\":\"https:\/\/villanueva-fineart.es\/es_es\/tienda\/\"},{\"@type\":\"ListItem\",\"position\":3,\"name\":\"La familia, Pedro Creixams\"}]},{\"@type\":\"WebSite\",\"@id\":\"http:\/\/villanueva-fineart.es\/#website\",\"url\":\"http:\/\/villanueva-fineart.es\/\",\"name\":\"Villanueva Fineart\",\"description\":\"Liquidaci\u00f3n de Obras de arte\",\"publisher\":{\"@id\":\"http:\/\/villanueva-fineart.es\/#organization\"},\"potentialAction\":[{\"@type\":\"SearchAction\",\"target\":{\"@type\":\"EntryPoint\",\"urlTemplate\":\"http:\/\/villanueva-fineart.es\/?s={search_term_string}\"},\"query-input\":{\"@type\":\"PropertyValueSpecification\",\"valueRequired\":true,\"valueName\":\"search_term_string\"}}],\"inLanguage\":\"es\"},{\"@type\":\"Organization\",\"@id\":\"http:\/\/villanueva-fineart.es\/#organization\",\"name\":\"Villanueva Fineart\",\"url\":\"http:\/\/villanueva-fineart.es\/\",\"logo\":{\"@type\":\"ImageObject\",\"inLanguage\":\"es\",\"@id\":\"http:\/\/villanueva-fineart.es\/#\/schema\/logo\/image\/\",\"url\":\"https:\/\/villanueva-fineart.es\/wp-content\/uploads\/2021\/11\/Logo-fineart.jpg\",\"contentUrl\":\"https:\/\/villanueva-fineart.es\/wp-content\/uploads\/2021\/11\/Logo-fineart.jpg\",\"width\":200,\"height\":85,\"caption\":\"Villanueva Fineart\"},\"image\":{\"@id\":\"http:\/\/villanueva-fineart.es\/#\/schema\/logo\/image\/\"}}]}<\/script>\n<!-- \/ Yoast SEO plugin. -->","yoast_head_json":{"title":"La familia, Pedro Creixams - Villanueva Fineart","description":"PERE CREIXAMS I PICO Barcelona, 1893 - 1965. En 1918 fue a Par\u00eds pero, pasaron tres a\u00f1os hasta que empez\u00f3 a dedicarse a la pintura. En 1921, se integr\u00f3 en el ambiente art\u00edstico de Montmartre, donde tuvo su taller y de esta manera empez\u00f3 a exponer en varios salones de Par\u00eds. Entre 1927 y 1936 residi\u00f3 entre Tossa de Mar y Barcelona, realizando varias exposiciones en la Sala Par\u00e9s y otros en la Sala Busquets y en las Galer\u00edas de Arte Syra . En la d\u00e9cada de 1930 da a conocer Tossa de Mar entre los pintores for\u00e1neos conjuntamente con el pintor y cr\u00edtico Rafael Benet quien escribi\u00f3 el art\u00edculo Tossa, babel de las Artes en octubre de 1934.","robots":{"index":"index","follow":"follow","max-snippet":"max-snippet:-1","max-image-preview":"max-image-preview:large","max-video-preview":"max-video-preview:-1"},"canonical":"https:\/\/villanueva-fineart.es\/es_es\/producto\/la-familia-pedro-creixams\/","og_locale":"es_ES","og_type":"article","og_title":"La familia, Pedro Creixams - Villanueva Fineart","og_description":"PERE CREIXAMS I PICO Barcelona, 1893 - 1965. En 1918 fue a Par\u00eds pero, pasaron tres a\u00f1os hasta que empez\u00f3 a dedicarse a la pintura. En 1921, se integr\u00f3 en el ambiente art\u00edstico de Montmartre, donde tuvo su taller y de esta manera empez\u00f3 a exponer en varios salones de Par\u00eds. Entre 1927 y 1936 residi\u00f3 entre Tossa de Mar y Barcelona, realizando varias exposiciones en la Sala Par\u00e9s y otros en la Sala Busquets y en las Galer\u00edas de Arte Syra . En la d\u00e9cada de 1930 da a conocer Tossa de Mar entre los pintores for\u00e1neos conjuntamente con el pintor y cr\u00edtico Rafael Benet quien escribi\u00f3 el art\u00edculo Tossa, babel de las Artes en octubre de 1934.","og_url":"https:\/\/villanueva-fineart.es\/es_es\/producto\/la-familia-pedro-creixams\/","og_site_name":"Villanueva Fineart","article_modified_time":"2022-01-22T11:32:35+00:00","og_image":[{"width":890,"height":570,"url":"https:\/\/villanueva-fineart.es\/wp-content\/uploads\/2021\/12\/Pedro-Creixams-Reducidas.jpg","type":"image\/jpeg"}],"twitter_card":"summary_large_image","schema":{"@context":"https:\/\/schema.org","@graph":[{"@type":"WebPage","@id":"https:\/\/villanueva-fineart.es\/es_es\/producto\/la-familia-pedro-creixams\/","url":"https:\/\/villanueva-fineart.es\/es_es\/producto\/la-familia-pedro-creixams\/","name":"La familia, Pedro Creixams - Villanueva Fineart","isPartOf":{"@id":"http:\/\/villanueva-fineart.es\/#website"},"primaryImageOfPage":{"@id":"https:\/\/villanueva-fineart.es\/es_es\/producto\/la-familia-pedro-creixams\/#primaryimage"},"image":{"@id":"https:\/\/villanueva-fineart.es\/es_es\/producto\/la-familia-pedro-creixams\/#primaryimage"},"thumbnailUrl":"https:\/\/villanueva-fineart.es\/wp-content\/uploads\/2021\/12\/Pedro-Creixams-Reducidas.jpg","datePublished":"2021-12-31T17:58:34+00:00","dateModified":"2022-01-22T11:32:35+00:00","description":"PERE CREIXAMS I PICO Barcelona, 1893 - 1965. En 1918 fue a Par\u00eds pero, pasaron tres a\u00f1os hasta que empez\u00f3 a dedicarse a la pintura. En 1921, se integr\u00f3 en el ambiente art\u00edstico de Montmartre, donde tuvo su taller y de esta manera empez\u00f3 a exponer en varios salones de Par\u00eds. Entre 1927 y 1936 residi\u00f3 entre Tossa de Mar y Barcelona, realizando varias exposiciones en la Sala Par\u00e9s y otros en la Sala Busquets y en las Galer\u00edas de Arte Syra . En la d\u00e9cada de 1930 da a conocer Tossa de Mar entre los pintores for\u00e1neos conjuntamente con el pintor y cr\u00edtico Rafael Benet quien escribi\u00f3 el art\u00edculo Tossa, babel de las Artes en octubre de 1934.","breadcrumb":{"@id":"https:\/\/villanueva-fineart.es\/es_es\/producto\/la-familia-pedro-creixams\/#breadcrumb"},"inLanguage":"es","potentialAction":[{"@type":"ReadAction","target":["https:\/\/villanueva-fineart.es\/es_es\/producto\/la-familia-pedro-creixams\/"]}]},{"@type":"ImageObject","inLanguage":"es","@id":"https:\/\/villanueva-fineart.es\/es_es\/producto\/la-familia-pedro-creixams\/#primaryimage","url":"https:\/\/villanueva-fineart.es\/wp-content\/uploads\/2021\/12\/Pedro-Creixams-Reducidas.jpg","contentUrl":"https:\/\/villanueva-fineart.es\/wp-content\/uploads\/2021\/12\/Pedro-Creixams-Reducidas.jpg","width":890,"height":570},{"@type":"BreadcrumbList","@id":"https:\/\/villanueva-fineart.es\/es_es\/producto\/la-familia-pedro-creixams\/#breadcrumb","itemListElement":[{"@type":"ListItem","position":1,"name":"Inicio","item":"https:\/\/villanueva-fineart.es\/"},{"@type":"ListItem","position":2,"name":"Tienda","item":"https:\/\/villanueva-fineart.es\/es_es\/tienda\/"},{"@type":"ListItem","position":3,"name":"La familia, Pedro Creixams"}]},{"@type":"WebSite","@id":"http:\/\/villanueva-fineart.es\/#website","url":"http:\/\/villanueva-fineart.es\/","name":"Villanueva Fineart","description":"Liquidaci\u00f3n de Obras de arte","publisher":{"@id":"http:\/\/villanueva-fineart.es\/#organization"},"potentialAction":[{"@type":"SearchAction","target":{"@type":"EntryPoint","urlTemplate":"http:\/\/villanueva-fineart.es\/?s={search_term_string}"},"query-input":{"@type":"PropertyValueSpecification","valueRequired":true,"valueName":"search_term_string"}}],"inLanguage":"es"},{"@type":"Organization","@id":"http:\/\/villanueva-fineart.es\/#organization","name":"Villanueva Fineart","url":"http:\/\/villanueva-fineart.es\/","logo":{"@type":"ImageObject","inLanguage":"es","@id":"http:\/\/villanueva-fineart.es\/#\/schema\/logo\/image\/","url":"https:\/\/villanueva-fineart.es\/wp-content\/uploads\/2021\/11\/Logo-fineart.jpg","contentUrl":"https:\/\/villanueva-fineart.es\/wp-content\/uploads\/2021\/11\/Logo-fineart.jpg","width":200,"height":85,"caption":"Villanueva Fineart"},"image":{"@id":"http:\/\/villanueva-fineart.es\/#\/schema\/logo\/image\/"}}]}},"_links":{"self":[{"href":"https:\/\/villanueva-fineart.es\/es_es\/wp-json\/wp\/v2\/product\/3371","targetHints":{"allow":["GET"]}}],"collection":[{"href":"https:\/\/villanueva-fineart.es\/es_es\/wp-json\/wp\/v2\/product"}],"about":[{"href":"https:\/\/villanueva-fineart.es\/es_es\/wp-json\/wp\/v2\/types\/product"}],"wp:featuredmedia":[{"embeddable":true,"href":"https:\/\/villanueva-fineart.es\/es_es\/wp-json\/wp\/v2\/media\/3363"}],"wp:attachment":[{"href":"https:\/\/villanueva-fineart.es\/es_es\/wp-json\/wp\/v2\/media?parent=3371"}],"wp:term":[{"taxonomy":"product_brand","embeddable":true,"href":"https:\/\/villanueva-fineart.es\/es_es\/wp-json\/wp\/v2\/product_brand?post=3371"},{"taxonomy":"product_cat","embeddable":true,"href":"https:\/\/villanueva-fineart.es\/es_es\/wp-json\/wp\/v2\/product_cat?post=3371"},{"taxonomy":"product_tag","embeddable":true,"href":"https:\/\/villanueva-fineart.es\/es_es\/wp-json\/wp\/v2\/product_tag?post=3371"}],"curies":[{"name":"wp","href":"https:\/\/api.w.org\/{rel}","templated":true}]}}