{"id":3352,"date":"2021-12-31T16:55:33","date_gmt":"2021-12-31T16:55:33","guid":{"rendered":"https:\/\/villanueva-fineart.es\/?post_type=product&#038;p=3352"},"modified":"2022-05-07T13:10:02","modified_gmt":"2022-05-07T13:10:02","slug":"casas-del-pirineo-jose-cozar","status":"publish","type":"product","link":"https:\/\/villanueva-fineart.es\/es_es\/producto\/casas-del-pirineo-jose-cozar\/","title":{"rendered":"Casas del Pirineo, Jos\u00e9 C\u00f3zar"},"content":{"rendered":"","protected":false},"excerpt":{"rendered":"<p>Casas del Pirineo, \u00f3leo sobre lienzo, firmado, 38 x 46 cm.<\/p>\n","protected":false},"featured_media":3353,"template":"","meta":[],"product_brand":[],"product_cat":[46,24,31,37],"product_tag":[],"class_list":{"0":"post-3352","1":"product","2":"type-product","3":"status-publish","4":"has-post-thumbnail","6":"product_cat-500e-y-menos","7":"product_cat-obra","8":"product_cat-oleo","9":"product_cat-paisajes-obra","10":"sales-flash-overlay","11":"woocommerce-text-align-center","12":"woocommerce-image-align-center","13":"do-quantity-buttons","15":"first","16":"instock","17":"sale","18":"sold-individually","19":"taxable","20":"shipping-taxable","21":"purchasable","22":"product-type-simple"},"yoast_head":"<!-- This site is optimized with the Yoast SEO plugin v25.9 - https:\/\/yoast.com\/wordpress\/plugins\/seo\/ -->\n<title>Casas del Pirineo, Jos\u00e9 C\u00f3zar - Villanueva Fineart<\/title>\n<meta name=\"description\" content=\"Jos\u00e9 C\u00f3zar Viedma, nace en Baeza el 6 de Junio de 1.944.Su formaci\u00f3n acad\u00e9mica, con una innata predisposici\u00f3n al dibujo inicialmente, al pincel en su juventud y a la esp\u00e1tula posteriormente, siempre persigui\u00f3 la est\u00e9tica y en la actualidad puede decirse que es un maestro en la tierra de los artistas, Valencia, ciudad en la que reside desde 1955, aunque es muy frecuente durante el a\u00f1o su estancia en Baeza.\" \/>\n<meta name=\"robots\" content=\"index, follow, max-snippet:-1, max-image-preview:large, max-video-preview:-1\" \/>\n<link rel=\"canonical\" href=\"https:\/\/villanueva-fineart.es\/es_es\/producto\/casas-del-pirineo-jose-cozar\/\" \/>\n<meta property=\"og:locale\" content=\"es_ES\" \/>\n<meta property=\"og:type\" content=\"article\" \/>\n<meta property=\"og:title\" content=\"Casas del Pirineo, Jos\u00e9 C\u00f3zar - Villanueva Fineart\" \/>\n<meta property=\"og:description\" content=\"Jos\u00e9 C\u00f3zar Viedma, nace en Baeza el 6 de Junio de 1.944.Su formaci\u00f3n acad\u00e9mica, con una innata predisposici\u00f3n al dibujo inicialmente, al pincel en su juventud y a la esp\u00e1tula posteriormente, siempre persigui\u00f3 la est\u00e9tica y en la actualidad puede decirse que es un maestro en la tierra de los artistas, Valencia, ciudad en la que reside desde 1955, aunque es muy frecuente durante el a\u00f1o su estancia en Baeza.\" \/>\n<meta property=\"og:url\" content=\"https:\/\/villanueva-fineart.es\/es_es\/producto\/casas-del-pirineo-jose-cozar\/\" \/>\n<meta property=\"og:site_name\" content=\"Villanueva Fineart\" \/>\n<meta property=\"article:modified_time\" content=\"2022-05-07T13:10:02+00:00\" \/>\n<meta property=\"og:image\" content=\"https:\/\/villanueva-fineart.es\/wp-content\/uploads\/2021\/12\/Cozar-2.jpg\" \/>\n\t<meta property=\"og:image:width\" content=\"890\" \/>\n\t<meta property=\"og:image:height\" content=\"737\" \/>\n\t<meta property=\"og:image:type\" content=\"image\/jpeg\" \/>\n<meta name=\"twitter:card\" content=\"summary_large_image\" \/>\n<script type=\"application\/ld+json\" class=\"yoast-schema-graph\">{\"@context\":\"https:\/\/schema.org\",\"@graph\":[{\"@type\":\"WebPage\",\"@id\":\"https:\/\/villanueva-fineart.es\/es_es\/producto\/casas-del-pirineo-jose-cozar\/\",\"url\":\"https:\/\/villanueva-fineart.es\/es_es\/producto\/casas-del-pirineo-jose-cozar\/\",\"name\":\"Casas del Pirineo, Jos\u00e9 C\u00f3zar - Villanueva Fineart\",\"isPartOf\":{\"@id\":\"http:\/\/villanueva-fineart.es\/#website\"},\"primaryImageOfPage\":{\"@id\":\"https:\/\/villanueva-fineart.es\/es_es\/producto\/casas-del-pirineo-jose-cozar\/#primaryimage\"},\"image\":{\"@id\":\"https:\/\/villanueva-fineart.es\/es_es\/producto\/casas-del-pirineo-jose-cozar\/#primaryimage\"},\"thumbnailUrl\":\"https:\/\/villanueva-fineart.es\/wp-content\/uploads\/2021\/12\/Cozar-2.jpg\",\"datePublished\":\"2021-12-31T16:55:33+00:00\",\"dateModified\":\"2022-05-07T13:10:02+00:00\",\"description\":\"Jos\u00e9 C\u00f3zar Viedma, nace en Baeza el 6 de Junio de 1.944.Su formaci\u00f3n acad\u00e9mica, con una innata predisposici\u00f3n al dibujo inicialmente, al pincel en su juventud y a la esp\u00e1tula posteriormente, siempre persigui\u00f3 la est\u00e9tica y en la actualidad puede decirse que es un maestro en la tierra de los artistas, Valencia, ciudad en la que reside desde 1955, aunque es muy frecuente durante el a\u00f1o su estancia en Baeza.\",\"breadcrumb\":{\"@id\":\"https:\/\/villanueva-fineart.es\/es_es\/producto\/casas-del-pirineo-jose-cozar\/#breadcrumb\"},\"inLanguage\":\"es\",\"potentialAction\":[{\"@type\":\"ReadAction\",\"target\":[\"https:\/\/villanueva-fineart.es\/es_es\/producto\/casas-del-pirineo-jose-cozar\/\"]}]},{\"@type\":\"ImageObject\",\"inLanguage\":\"es\",\"@id\":\"https:\/\/villanueva-fineart.es\/es_es\/producto\/casas-del-pirineo-jose-cozar\/#primaryimage\",\"url\":\"https:\/\/villanueva-fineart.es\/wp-content\/uploads\/2021\/12\/Cozar-2.jpg\",\"contentUrl\":\"https:\/\/villanueva-fineart.es\/wp-content\/uploads\/2021\/12\/Cozar-2.jpg\",\"width\":890,\"height\":737},{\"@type\":\"BreadcrumbList\",\"@id\":\"https:\/\/villanueva-fineart.es\/es_es\/producto\/casas-del-pirineo-jose-cozar\/#breadcrumb\",\"itemListElement\":[{\"@type\":\"ListItem\",\"position\":1,\"name\":\"Inicio\",\"item\":\"https:\/\/villanueva-fineart.es\/\"},{\"@type\":\"ListItem\",\"position\":2,\"name\":\"Tienda\",\"item\":\"https:\/\/villanueva-fineart.es\/es_es\/tienda\/\"},{\"@type\":\"ListItem\",\"position\":3,\"name\":\"Casas del Pirineo, Jos\u00e9 C\u00f3zar\"}]},{\"@type\":\"WebSite\",\"@id\":\"http:\/\/villanueva-fineart.es\/#website\",\"url\":\"http:\/\/villanueva-fineart.es\/\",\"name\":\"Villanueva Fineart\",\"description\":\"Liquidaci\u00f3n de Obras de arte\",\"publisher\":{\"@id\":\"http:\/\/villanueva-fineart.es\/#organization\"},\"potentialAction\":[{\"@type\":\"SearchAction\",\"target\":{\"@type\":\"EntryPoint\",\"urlTemplate\":\"http:\/\/villanueva-fineart.es\/?s={search_term_string}\"},\"query-input\":{\"@type\":\"PropertyValueSpecification\",\"valueRequired\":true,\"valueName\":\"search_term_string\"}}],\"inLanguage\":\"es\"},{\"@type\":\"Organization\",\"@id\":\"http:\/\/villanueva-fineart.es\/#organization\",\"name\":\"Villanueva Fineart\",\"url\":\"http:\/\/villanueva-fineart.es\/\",\"logo\":{\"@type\":\"ImageObject\",\"inLanguage\":\"es\",\"@id\":\"http:\/\/villanueva-fineart.es\/#\/schema\/logo\/image\/\",\"url\":\"https:\/\/villanueva-fineart.es\/wp-content\/uploads\/2021\/11\/Logo-fineart.jpg\",\"contentUrl\":\"https:\/\/villanueva-fineart.es\/wp-content\/uploads\/2021\/11\/Logo-fineart.jpg\",\"width\":200,\"height\":85,\"caption\":\"Villanueva Fineart\"},\"image\":{\"@id\":\"http:\/\/villanueva-fineart.es\/#\/schema\/logo\/image\/\"}}]}<\/script>\n<!-- \/ Yoast SEO plugin. -->","yoast_head_json":{"title":"Casas del Pirineo, Jos\u00e9 C\u00f3zar - Villanueva Fineart","description":"Jos\u00e9 C\u00f3zar Viedma, nace en Baeza el 6 de Junio de 1.944.Su formaci\u00f3n acad\u00e9mica, con una innata predisposici\u00f3n al dibujo inicialmente, al pincel en su juventud y a la esp\u00e1tula posteriormente, siempre persigui\u00f3 la est\u00e9tica y en la actualidad puede decirse que es un maestro en la tierra de los artistas, Valencia, ciudad en la que reside desde 1955, aunque es muy frecuente durante el a\u00f1o su estancia en Baeza.","robots":{"index":"index","follow":"follow","max-snippet":"max-snippet:-1","max-image-preview":"max-image-preview:large","max-video-preview":"max-video-preview:-1"},"canonical":"https:\/\/villanueva-fineart.es\/es_es\/producto\/casas-del-pirineo-jose-cozar\/","og_locale":"es_ES","og_type":"article","og_title":"Casas del Pirineo, Jos\u00e9 C\u00f3zar - Villanueva Fineart","og_description":"Jos\u00e9 C\u00f3zar Viedma, nace en Baeza el 6 de Junio de 1.944.Su formaci\u00f3n acad\u00e9mica, con una innata predisposici\u00f3n al dibujo inicialmente, al pincel en su juventud y a la esp\u00e1tula posteriormente, siempre persigui\u00f3 la est\u00e9tica y en la actualidad puede decirse que es un maestro en la tierra de los artistas, Valencia, ciudad en la que reside desde 1955, aunque es muy frecuente durante el a\u00f1o su estancia en Baeza.","og_url":"https:\/\/villanueva-fineart.es\/es_es\/producto\/casas-del-pirineo-jose-cozar\/","og_site_name":"Villanueva Fineart","article_modified_time":"2022-05-07T13:10:02+00:00","og_image":[{"width":890,"height":737,"url":"https:\/\/villanueva-fineart.es\/wp-content\/uploads\/2021\/12\/Cozar-2.jpg","type":"image\/jpeg"}],"twitter_card":"summary_large_image","schema":{"@context":"https:\/\/schema.org","@graph":[{"@type":"WebPage","@id":"https:\/\/villanueva-fineart.es\/es_es\/producto\/casas-del-pirineo-jose-cozar\/","url":"https:\/\/villanueva-fineart.es\/es_es\/producto\/casas-del-pirineo-jose-cozar\/","name":"Casas del Pirineo, Jos\u00e9 C\u00f3zar - Villanueva Fineart","isPartOf":{"@id":"http:\/\/villanueva-fineart.es\/#website"},"primaryImageOfPage":{"@id":"https:\/\/villanueva-fineart.es\/es_es\/producto\/casas-del-pirineo-jose-cozar\/#primaryimage"},"image":{"@id":"https:\/\/villanueva-fineart.es\/es_es\/producto\/casas-del-pirineo-jose-cozar\/#primaryimage"},"thumbnailUrl":"https:\/\/villanueva-fineart.es\/wp-content\/uploads\/2021\/12\/Cozar-2.jpg","datePublished":"2021-12-31T16:55:33+00:00","dateModified":"2022-05-07T13:10:02+00:00","description":"Jos\u00e9 C\u00f3zar Viedma, nace en Baeza el 6 de Junio de 1.944.Su formaci\u00f3n acad\u00e9mica, con una innata predisposici\u00f3n al dibujo inicialmente, al pincel en su juventud y a la esp\u00e1tula posteriormente, siempre persigui\u00f3 la est\u00e9tica y en la actualidad puede decirse que es un maestro en la tierra de los artistas, Valencia, ciudad en la que reside desde 1955, aunque es muy frecuente durante el a\u00f1o su estancia en Baeza.","breadcrumb":{"@id":"https:\/\/villanueva-fineart.es\/es_es\/producto\/casas-del-pirineo-jose-cozar\/#breadcrumb"},"inLanguage":"es","potentialAction":[{"@type":"ReadAction","target":["https:\/\/villanueva-fineart.es\/es_es\/producto\/casas-del-pirineo-jose-cozar\/"]}]},{"@type":"ImageObject","inLanguage":"es","@id":"https:\/\/villanueva-fineart.es\/es_es\/producto\/casas-del-pirineo-jose-cozar\/#primaryimage","url":"https:\/\/villanueva-fineart.es\/wp-content\/uploads\/2021\/12\/Cozar-2.jpg","contentUrl":"https:\/\/villanueva-fineart.es\/wp-content\/uploads\/2021\/12\/Cozar-2.jpg","width":890,"height":737},{"@type":"BreadcrumbList","@id":"https:\/\/villanueva-fineart.es\/es_es\/producto\/casas-del-pirineo-jose-cozar\/#breadcrumb","itemListElement":[{"@type":"ListItem","position":1,"name":"Inicio","item":"https:\/\/villanueva-fineart.es\/"},{"@type":"ListItem","position":2,"name":"Tienda","item":"https:\/\/villanueva-fineart.es\/es_es\/tienda\/"},{"@type":"ListItem","position":3,"name":"Casas del Pirineo, Jos\u00e9 C\u00f3zar"}]},{"@type":"WebSite","@id":"http:\/\/villanueva-fineart.es\/#website","url":"http:\/\/villanueva-fineart.es\/","name":"Villanueva Fineart","description":"Liquidaci\u00f3n de Obras de arte","publisher":{"@id":"http:\/\/villanueva-fineart.es\/#organization"},"potentialAction":[{"@type":"SearchAction","target":{"@type":"EntryPoint","urlTemplate":"http:\/\/villanueva-fineart.es\/?s={search_term_string}"},"query-input":{"@type":"PropertyValueSpecification","valueRequired":true,"valueName":"search_term_string"}}],"inLanguage":"es"},{"@type":"Organization","@id":"http:\/\/villanueva-fineart.es\/#organization","name":"Villanueva Fineart","url":"http:\/\/villanueva-fineart.es\/","logo":{"@type":"ImageObject","inLanguage":"es","@id":"http:\/\/villanueva-fineart.es\/#\/schema\/logo\/image\/","url":"https:\/\/villanueva-fineart.es\/wp-content\/uploads\/2021\/11\/Logo-fineart.jpg","contentUrl":"https:\/\/villanueva-fineart.es\/wp-content\/uploads\/2021\/11\/Logo-fineart.jpg","width":200,"height":85,"caption":"Villanueva Fineart"},"image":{"@id":"http:\/\/villanueva-fineart.es\/#\/schema\/logo\/image\/"}}]}},"_links":{"self":[{"href":"https:\/\/villanueva-fineart.es\/es_es\/wp-json\/wp\/v2\/product\/3352","targetHints":{"allow":["GET"]}}],"collection":[{"href":"https:\/\/villanueva-fineart.es\/es_es\/wp-json\/wp\/v2\/product"}],"about":[{"href":"https:\/\/villanueva-fineart.es\/es_es\/wp-json\/wp\/v2\/types\/product"}],"wp:featuredmedia":[{"embeddable":true,"href":"https:\/\/villanueva-fineart.es\/es_es\/wp-json\/wp\/v2\/media\/3353"}],"wp:attachment":[{"href":"https:\/\/villanueva-fineart.es\/es_es\/wp-json\/wp\/v2\/media?parent=3352"}],"wp:term":[{"taxonomy":"product_brand","embeddable":true,"href":"https:\/\/villanueva-fineart.es\/es_es\/wp-json\/wp\/v2\/product_brand?post=3352"},{"taxonomy":"product_cat","embeddable":true,"href":"https:\/\/villanueva-fineart.es\/es_es\/wp-json\/wp\/v2\/product_cat?post=3352"},{"taxonomy":"product_tag","embeddable":true,"href":"https:\/\/villanueva-fineart.es\/es_es\/wp-json\/wp\/v2\/product_tag?post=3352"}],"curies":[{"name":"wp","href":"https:\/\/api.w.org\/{rel}","templated":true}]}}