{"id":3036,"date":"2021-12-29T08:47:22","date_gmt":"2021-12-29T08:47:22","guid":{"rendered":"https:\/\/villanueva-fineart.es\/?post_type=product&#038;p=3036"},"modified":"2024-03-30T10:48:58","modified_gmt":"2024-03-30T10:48:58","slug":"ninas-en-las-dunas-manuel-aranda","status":"publish","type":"product","link":"https:\/\/villanueva-fineart.es\/es_es\/producto\/ninas-en-las-dunas-manuel-aranda\/","title":{"rendered":"Ni\u00f1as en las dunas, Manuel Aranda"},"content":{"rendered":"","protected":false},"excerpt":{"rendered":"<p>Ni\u00f1as en las dunas, Giclee sobre lienzo, sin bastidor. Edici\u00f3n limitada 12\/60.\u00a0 Firmado,\u00a0 81 x 65 cm.<\/p>\n<p>Esta obra ha sido embellecida, enumerada y firmada a mano por el artista<\/p>\n","protected":false},"featured_media":2599,"template":"","meta":[],"product_brand":[],"product_cat":[46,24,30,38,28],"product_tag":[],"class_list":{"0":"post-3036","1":"product","2":"type-product","3":"status-publish","4":"has-post-thumbnail","6":"product_cat-500e-y-menos","7":"product_cat-obra","8":"product_cat-figurativos","9":"product_cat-giclee","10":"product_cat-paisajes-marinos","11":"sales-flash-overlay","12":"woocommerce-text-align-center","13":"woocommerce-image-align-center","14":"do-quantity-buttons","16":"first","17":"instock","18":"sale","19":"sold-individually","20":"taxable","21":"shipping-taxable","22":"purchasable","23":"product-type-simple"},"yoast_head":"<!-- This site is optimized with the Yoast SEO plugin v25.9 - https:\/\/yoast.com\/wordpress\/plugins\/seo\/ -->\n<title>Ni\u00f1as en las dunas, Manuel Aranda - Villanueva Fineart<\/title>\n<meta name=\"description\" content=\"MANUEL ARANDANace en Sevilla en 1.963. Cursa sus estudios en la Facultad de Bellas Artes de Sevilla en 1.980.En 1.986 realiza su primera exposici\u00f3n.Hasta 1.990 realiza un viaje que lo lleva a residir durante alg\u00fan tiempo en la costa.\" \/>\n<meta name=\"robots\" content=\"index, follow, max-snippet:-1, max-image-preview:large, max-video-preview:-1\" \/>\n<link rel=\"canonical\" href=\"https:\/\/villanueva-fineart.es\/es_es\/producto\/ninas-en-las-dunas-manuel-aranda\/\" \/>\n<meta property=\"og:locale\" content=\"es_ES\" \/>\n<meta property=\"og:type\" content=\"article\" \/>\n<meta property=\"og:title\" content=\"Ni\u00f1as en las dunas, Manuel Aranda - Villanueva Fineart\" \/>\n<meta property=\"og:description\" content=\"MANUEL ARANDANace en Sevilla en 1.963. Cursa sus estudios en la Facultad de Bellas Artes de Sevilla en 1.980.En 1.986 realiza su primera exposici\u00f3n.Hasta 1.990 realiza un viaje que lo lleva a residir durante alg\u00fan tiempo en la costa.\" \/>\n<meta property=\"og:url\" content=\"https:\/\/villanueva-fineart.es\/es_es\/producto\/ninas-en-las-dunas-manuel-aranda\/\" \/>\n<meta property=\"og:site_name\" content=\"Villanueva Fineart\" \/>\n<meta property=\"article:modified_time\" content=\"2024-03-30T10:48:58+00:00\" \/>\n<meta property=\"og:image\" content=\"https:\/\/villanueva-fineart.es\/wp-content\/uploads\/2021\/12\/20211002_120636.jpg\" \/>\n\t<meta property=\"og:image:width\" content=\"890\" \/>\n\t<meta property=\"og:image:height\" content=\"1099\" \/>\n\t<meta property=\"og:image:type\" content=\"image\/jpeg\" \/>\n<meta name=\"twitter:card\" content=\"summary_large_image\" \/>\n<script type=\"application\/ld+json\" class=\"yoast-schema-graph\">{\"@context\":\"https:\/\/schema.org\",\"@graph\":[{\"@type\":\"WebPage\",\"@id\":\"https:\/\/villanueva-fineart.es\/producto\/ninas-en-las-dunas-manuel-aranda\/\",\"url\":\"https:\/\/villanueva-fineart.es\/producto\/ninas-en-las-dunas-manuel-aranda\/\",\"name\":\"Ni\u00f1as en las dunas, Manuel Aranda - Villanueva Fineart\",\"isPartOf\":{\"@id\":\"http:\/\/villanueva-fineart.es\/#website\"},\"primaryImageOfPage\":{\"@id\":\"https:\/\/villanueva-fineart.es\/producto\/ninas-en-las-dunas-manuel-aranda\/#primaryimage\"},\"image\":{\"@id\":\"https:\/\/villanueva-fineart.es\/producto\/ninas-en-las-dunas-manuel-aranda\/#primaryimage\"},\"thumbnailUrl\":\"https:\/\/villanueva-fineart.es\/wp-content\/uploads\/2021\/12\/20211002_120636.jpg\",\"datePublished\":\"2021-12-29T08:47:22+00:00\",\"dateModified\":\"2024-03-30T10:48:58+00:00\",\"description\":\"MANUEL ARANDANace en Sevilla en 1.963. Cursa sus estudios en la Facultad de Bellas Artes de Sevilla en 1.980.En 1.986 realiza su primera exposici\u00f3n.Hasta 1.990 realiza un viaje que lo lleva a residir durante alg\u00fan tiempo en la costa.\",\"breadcrumb\":{\"@id\":\"https:\/\/villanueva-fineart.es\/producto\/ninas-en-las-dunas-manuel-aranda\/#breadcrumb\"},\"inLanguage\":\"es\",\"potentialAction\":[{\"@type\":\"ReadAction\",\"target\":[\"https:\/\/villanueva-fineart.es\/producto\/ninas-en-las-dunas-manuel-aranda\/\"]}]},{\"@type\":\"ImageObject\",\"inLanguage\":\"es\",\"@id\":\"https:\/\/villanueva-fineart.es\/producto\/ninas-en-las-dunas-manuel-aranda\/#primaryimage\",\"url\":\"https:\/\/villanueva-fineart.es\/wp-content\/uploads\/2021\/12\/20211002_120636.jpg\",\"contentUrl\":\"https:\/\/villanueva-fineart.es\/wp-content\/uploads\/2021\/12\/20211002_120636.jpg\",\"width\":890,\"height\":1099},{\"@type\":\"BreadcrumbList\",\"@id\":\"https:\/\/villanueva-fineart.es\/producto\/ninas-en-las-dunas-manuel-aranda\/#breadcrumb\",\"itemListElement\":[{\"@type\":\"ListItem\",\"position\":1,\"name\":\"Inicio\",\"item\":\"https:\/\/villanueva-fineart.es\/\"},{\"@type\":\"ListItem\",\"position\":2,\"name\":\"Tienda\",\"item\":\"https:\/\/villanueva-fineart.es\/es_es\/tienda\/\"},{\"@type\":\"ListItem\",\"position\":3,\"name\":\"Ni\u00f1as en las dunas, Manuel Aranda\"}]},{\"@type\":\"WebSite\",\"@id\":\"http:\/\/villanueva-fineart.es\/#website\",\"url\":\"http:\/\/villanueva-fineart.es\/\",\"name\":\"Villanueva Fineart\",\"description\":\"Liquidaci\u00f3n de Obras de arte\",\"publisher\":{\"@id\":\"http:\/\/villanueva-fineart.es\/#organization\"},\"potentialAction\":[{\"@type\":\"SearchAction\",\"target\":{\"@type\":\"EntryPoint\",\"urlTemplate\":\"http:\/\/villanueva-fineart.es\/?s={search_term_string}\"},\"query-input\":{\"@type\":\"PropertyValueSpecification\",\"valueRequired\":true,\"valueName\":\"search_term_string\"}}],\"inLanguage\":\"es\"},{\"@type\":\"Organization\",\"@id\":\"http:\/\/villanueva-fineart.es\/#organization\",\"name\":\"Villanueva Fineart\",\"url\":\"http:\/\/villanueva-fineart.es\/\",\"logo\":{\"@type\":\"ImageObject\",\"inLanguage\":\"es\",\"@id\":\"http:\/\/villanueva-fineart.es\/#\/schema\/logo\/image\/\",\"url\":\"https:\/\/villanueva-fineart.es\/wp-content\/uploads\/2021\/11\/Logo-fineart.jpg\",\"contentUrl\":\"https:\/\/villanueva-fineart.es\/wp-content\/uploads\/2021\/11\/Logo-fineart.jpg\",\"width\":200,\"height\":85,\"caption\":\"Villanueva Fineart\"},\"image\":{\"@id\":\"http:\/\/villanueva-fineart.es\/#\/schema\/logo\/image\/\"}}]}<\/script>\n<!-- \/ Yoast SEO plugin. -->","yoast_head_json":{"title":"Ni\u00f1as en las dunas, Manuel Aranda - Villanueva Fineart","description":"MANUEL ARANDANace en Sevilla en 1.963. Cursa sus estudios en la Facultad de Bellas Artes de Sevilla en 1.980.En 1.986 realiza su primera exposici\u00f3n.Hasta 1.990 realiza un viaje que lo lleva a residir durante alg\u00fan tiempo en la costa.","robots":{"index":"index","follow":"follow","max-snippet":"max-snippet:-1","max-image-preview":"max-image-preview:large","max-video-preview":"max-video-preview:-1"},"canonical":"https:\/\/villanueva-fineart.es\/es_es\/producto\/ninas-en-las-dunas-manuel-aranda\/","og_locale":"es_ES","og_type":"article","og_title":"Ni\u00f1as en las dunas, Manuel Aranda - Villanueva Fineart","og_description":"MANUEL ARANDANace en Sevilla en 1.963. Cursa sus estudios en la Facultad de Bellas Artes de Sevilla en 1.980.En 1.986 realiza su primera exposici\u00f3n.Hasta 1.990 realiza un viaje que lo lleva a residir durante alg\u00fan tiempo en la costa.","og_url":"https:\/\/villanueva-fineart.es\/es_es\/producto\/ninas-en-las-dunas-manuel-aranda\/","og_site_name":"Villanueva Fineart","article_modified_time":"2024-03-30T10:48:58+00:00","og_image":[{"width":890,"height":1099,"url":"https:\/\/villanueva-fineart.es\/wp-content\/uploads\/2021\/12\/20211002_120636.jpg","type":"image\/jpeg"}],"twitter_card":"summary_large_image","schema":{"@context":"https:\/\/schema.org","@graph":[{"@type":"WebPage","@id":"https:\/\/villanueva-fineart.es\/producto\/ninas-en-las-dunas-manuel-aranda\/","url":"https:\/\/villanueva-fineart.es\/producto\/ninas-en-las-dunas-manuel-aranda\/","name":"Ni\u00f1as en las dunas, Manuel Aranda - Villanueva Fineart","isPartOf":{"@id":"http:\/\/villanueva-fineart.es\/#website"},"primaryImageOfPage":{"@id":"https:\/\/villanueva-fineart.es\/producto\/ninas-en-las-dunas-manuel-aranda\/#primaryimage"},"image":{"@id":"https:\/\/villanueva-fineart.es\/producto\/ninas-en-las-dunas-manuel-aranda\/#primaryimage"},"thumbnailUrl":"https:\/\/villanueva-fineart.es\/wp-content\/uploads\/2021\/12\/20211002_120636.jpg","datePublished":"2021-12-29T08:47:22+00:00","dateModified":"2024-03-30T10:48:58+00:00","description":"MANUEL ARANDANace en Sevilla en 1.963. Cursa sus estudios en la Facultad de Bellas Artes de Sevilla en 1.980.En 1.986 realiza su primera exposici\u00f3n.Hasta 1.990 realiza un viaje que lo lleva a residir durante alg\u00fan tiempo en la costa.","breadcrumb":{"@id":"https:\/\/villanueva-fineart.es\/producto\/ninas-en-las-dunas-manuel-aranda\/#breadcrumb"},"inLanguage":"es","potentialAction":[{"@type":"ReadAction","target":["https:\/\/villanueva-fineart.es\/producto\/ninas-en-las-dunas-manuel-aranda\/"]}]},{"@type":"ImageObject","inLanguage":"es","@id":"https:\/\/villanueva-fineart.es\/producto\/ninas-en-las-dunas-manuel-aranda\/#primaryimage","url":"https:\/\/villanueva-fineart.es\/wp-content\/uploads\/2021\/12\/20211002_120636.jpg","contentUrl":"https:\/\/villanueva-fineart.es\/wp-content\/uploads\/2021\/12\/20211002_120636.jpg","width":890,"height":1099},{"@type":"BreadcrumbList","@id":"https:\/\/villanueva-fineart.es\/producto\/ninas-en-las-dunas-manuel-aranda\/#breadcrumb","itemListElement":[{"@type":"ListItem","position":1,"name":"Inicio","item":"https:\/\/villanueva-fineart.es\/"},{"@type":"ListItem","position":2,"name":"Tienda","item":"https:\/\/villanueva-fineart.es\/es_es\/tienda\/"},{"@type":"ListItem","position":3,"name":"Ni\u00f1as en las dunas, Manuel Aranda"}]},{"@type":"WebSite","@id":"http:\/\/villanueva-fineart.es\/#website","url":"http:\/\/villanueva-fineart.es\/","name":"Villanueva Fineart","description":"Liquidaci\u00f3n de Obras de arte","publisher":{"@id":"http:\/\/villanueva-fineart.es\/#organization"},"potentialAction":[{"@type":"SearchAction","target":{"@type":"EntryPoint","urlTemplate":"http:\/\/villanueva-fineart.es\/?s={search_term_string}"},"query-input":{"@type":"PropertyValueSpecification","valueRequired":true,"valueName":"search_term_string"}}],"inLanguage":"es"},{"@type":"Organization","@id":"http:\/\/villanueva-fineart.es\/#organization","name":"Villanueva Fineart","url":"http:\/\/villanueva-fineart.es\/","logo":{"@type":"ImageObject","inLanguage":"es","@id":"http:\/\/villanueva-fineart.es\/#\/schema\/logo\/image\/","url":"https:\/\/villanueva-fineart.es\/wp-content\/uploads\/2021\/11\/Logo-fineart.jpg","contentUrl":"https:\/\/villanueva-fineart.es\/wp-content\/uploads\/2021\/11\/Logo-fineart.jpg","width":200,"height":85,"caption":"Villanueva Fineart"},"image":{"@id":"http:\/\/villanueva-fineart.es\/#\/schema\/logo\/image\/"}}]}},"_links":{"self":[{"href":"https:\/\/villanueva-fineart.es\/es_es\/wp-json\/wp\/v2\/product\/3036","targetHints":{"allow":["GET"]}}],"collection":[{"href":"https:\/\/villanueva-fineart.es\/es_es\/wp-json\/wp\/v2\/product"}],"about":[{"href":"https:\/\/villanueva-fineart.es\/es_es\/wp-json\/wp\/v2\/types\/product"}],"wp:featuredmedia":[{"embeddable":true,"href":"https:\/\/villanueva-fineart.es\/es_es\/wp-json\/wp\/v2\/media\/2599"}],"wp:attachment":[{"href":"https:\/\/villanueva-fineart.es\/es_es\/wp-json\/wp\/v2\/media?parent=3036"}],"wp:term":[{"taxonomy":"product_brand","embeddable":true,"href":"https:\/\/villanueva-fineart.es\/es_es\/wp-json\/wp\/v2\/product_brand?post=3036"},{"taxonomy":"product_cat","embeddable":true,"href":"https:\/\/villanueva-fineart.es\/es_es\/wp-json\/wp\/v2\/product_cat?post=3036"},{"taxonomy":"product_tag","embeddable":true,"href":"https:\/\/villanueva-fineart.es\/es_es\/wp-json\/wp\/v2\/product_tag?post=3036"}],"curies":[{"name":"wp","href":"https:\/\/api.w.org\/{rel}","templated":true}]}}