{"id":3009,"date":"2021-12-28T19:50:03","date_gmt":"2021-12-28T19:50:03","guid":{"rendered":"https:\/\/villanueva-fineart.es\/?post_type=product&#038;p=3009"},"modified":"2022-02-26T11:40:55","modified_gmt":"2022-02-26T11:40:55","slug":"maternidad-rosa-serra","status":"publish","type":"product","link":"https:\/\/villanueva-fineart.es\/es_es\/producto\/maternidad-rosa-serra\/","title":{"rendered":"Maternidad, Rosa Serra"},"content":{"rendered":"","protected":false},"excerpt":{"rendered":"<p>Maternidad, escultura en bronce, edici\u00f3n 4\/5 Firmada<\/p>\n","protected":false},"featured_media":4254,"template":"","meta":[],"product_brand":[],"product_cat":[24,40],"product_tag":[],"class_list":{"0":"post-3009","1":"product","2":"type-product","3":"status-publish","4":"has-post-thumbnail","6":"product_cat-obra","7":"product_cat-esculturas","8":"sales-flash-overlay","9":"woocommerce-text-align-center","10":"woocommerce-image-align-center","11":"do-quantity-buttons","13":"first","14":"instock","15":"sale","16":"sold-individually","17":"taxable","18":"shipping-taxable","19":"purchasable","20":"product-type-simple"},"yoast_head":"<!-- This site is optimized with the Yoast SEO plugin v25.9 - https:\/\/yoast.com\/wordpress\/plugins\/seo\/ -->\n<title>Maternidad, Rosa Serra - Villanueva Fineart<\/title>\n<meta name=\"description\" content=\"Rosa Serra Puigvert - [ Rosa Serra ] Vic, Barcelona, 1944 Pertenece a la generaci\u00f3n que impuso una ruptura en la escultura olotina. Su descubrimiento de la figura tridimensional la condujo a acercarse a las realizaciones de Llu\u00eds Cur\u00f3s, su primer maestro. En 1952 se traslad\u00f3 a Olot, donde actualmente trabaja y reside. En 1970 entr\u00f3 en la academia de Llu\u00eds Carbonell, donde estudi\u00f3 dibujo y pintura, y dos a\u00f1os despu\u00e9s entr\u00f3 en la Escuela de Bellas Artes de Olot, donde durante tres a\u00f1os estudi\u00f3 dibujo, cer\u00e1mica y grabado.\" \/>\n<meta name=\"robots\" content=\"index, follow, max-snippet:-1, max-image-preview:large, max-video-preview:-1\" \/>\n<link rel=\"canonical\" href=\"https:\/\/villanueva-fineart.es\/es_es\/product\/maternidad-rosa-serra\/\" \/>\n<meta property=\"og:locale\" content=\"es_ES\" \/>\n<meta property=\"og:type\" content=\"article\" \/>\n<meta property=\"og:title\" content=\"Maternidad, Rosa Serra - Villanueva Fineart\" \/>\n<meta property=\"og:description\" content=\"Rosa Serra Puigvert - [ Rosa Serra ] Vic, Barcelona, 1944 Pertenece a la generaci\u00f3n que impuso una ruptura en la escultura olotina. Su descubrimiento de la figura tridimensional la condujo a acercarse a las realizaciones de Llu\u00eds Cur\u00f3s, su primer maestro. En 1952 se traslad\u00f3 a Olot, donde actualmente trabaja y reside. En 1970 entr\u00f3 en la academia de Llu\u00eds Carbonell, donde estudi\u00f3 dibujo y pintura, y dos a\u00f1os despu\u00e9s entr\u00f3 en la Escuela de Bellas Artes de Olot, donde durante tres a\u00f1os estudi\u00f3 dibujo, cer\u00e1mica y grabado.\" \/>\n<meta property=\"og:url\" content=\"https:\/\/villanueva-fineart.es\/es_es\/product\/maternidad-rosa-serra\/\" \/>\n<meta property=\"og:site_name\" content=\"Villanueva Fineart\" \/>\n<meta property=\"article:modified_time\" content=\"2022-02-26T11:40:55+00:00\" \/>\n<meta property=\"og:image\" content=\"https:\/\/villanueva-fineart.es\/wp-content\/uploads\/2022\/02\/Maternidad-1.jpg\" \/>\n\t<meta property=\"og:image:width\" content=\"890\" \/>\n\t<meta property=\"og:image:height\" content=\"1360\" \/>\n\t<meta property=\"og:image:type\" content=\"image\/jpeg\" \/>\n<meta name=\"twitter:card\" content=\"summary_large_image\" \/>\n<script type=\"application\/ld+json\" class=\"yoast-schema-graph\">{\"@context\":\"https:\/\/schema.org\",\"@graph\":[{\"@type\":\"WebPage\",\"@id\":\"https:\/\/villanueva-fineart.es\/en\/product\/maternidad-rosa-serra\/\",\"url\":\"https:\/\/villanueva-fineart.es\/en\/product\/maternidad-rosa-serra\/\",\"name\":\"Maternidad, Rosa Serra - Villanueva Fineart\",\"isPartOf\":{\"@id\":\"http:\/\/villanueva-fineart.es\/#website\"},\"primaryImageOfPage\":{\"@id\":\"https:\/\/villanueva-fineart.es\/en\/product\/maternidad-rosa-serra\/#primaryimage\"},\"image\":{\"@id\":\"https:\/\/villanueva-fineart.es\/en\/product\/maternidad-rosa-serra\/#primaryimage\"},\"thumbnailUrl\":\"https:\/\/villanueva-fineart.es\/wp-content\/uploads\/2022\/02\/Maternidad-1.jpg\",\"datePublished\":\"2021-12-28T19:50:03+00:00\",\"dateModified\":\"2022-02-26T11:40:55+00:00\",\"description\":\"Rosa Serra Puigvert - [ Rosa Serra ] Vic, Barcelona, 1944 Pertenece a la generaci\u00f3n que impuso una ruptura en la escultura olotina. Su descubrimiento de la figura tridimensional la condujo a acercarse a las realizaciones de Llu\u00eds Cur\u00f3s, su primer maestro. En 1952 se traslad\u00f3 a Olot, donde actualmente trabaja y reside. En 1970 entr\u00f3 en la academia de Llu\u00eds Carbonell, donde estudi\u00f3 dibujo y pintura, y dos a\u00f1os despu\u00e9s entr\u00f3 en la Escuela de Bellas Artes de Olot, donde durante tres a\u00f1os estudi\u00f3 dibujo, cer\u00e1mica y grabado.\",\"breadcrumb\":{\"@id\":\"https:\/\/villanueva-fineart.es\/en\/product\/maternidad-rosa-serra\/#breadcrumb\"},\"inLanguage\":\"es\",\"potentialAction\":[{\"@type\":\"ReadAction\",\"target\":[\"https:\/\/villanueva-fineart.es\/en\/product\/maternidad-rosa-serra\/\"]}]},{\"@type\":\"ImageObject\",\"inLanguage\":\"es\",\"@id\":\"https:\/\/villanueva-fineart.es\/en\/product\/maternidad-rosa-serra\/#primaryimage\",\"url\":\"https:\/\/villanueva-fineart.es\/wp-content\/uploads\/2022\/02\/Maternidad-1.jpg\",\"contentUrl\":\"https:\/\/villanueva-fineart.es\/wp-content\/uploads\/2022\/02\/Maternidad-1.jpg\",\"width\":890,\"height\":1360},{\"@type\":\"BreadcrumbList\",\"@id\":\"https:\/\/villanueva-fineart.es\/en\/product\/maternidad-rosa-serra\/#breadcrumb\",\"itemListElement\":[{\"@type\":\"ListItem\",\"position\":1,\"name\":\"Inicio\",\"item\":\"https:\/\/villanueva-fineart.es\/\"},{\"@type\":\"ListItem\",\"position\":2,\"name\":\"Tienda\",\"item\":\"https:\/\/villanueva-fineart.es\/es_es\/tienda\/\"},{\"@type\":\"ListItem\",\"position\":3,\"name\":\"Maternidad, Rosa Serra\"}]},{\"@type\":\"WebSite\",\"@id\":\"http:\/\/villanueva-fineart.es\/#website\",\"url\":\"http:\/\/villanueva-fineart.es\/\",\"name\":\"Villanueva Fineart\",\"description\":\"Liquidaci\u00f3n de Obras de arte\",\"publisher\":{\"@id\":\"http:\/\/villanueva-fineart.es\/#organization\"},\"potentialAction\":[{\"@type\":\"SearchAction\",\"target\":{\"@type\":\"EntryPoint\",\"urlTemplate\":\"http:\/\/villanueva-fineart.es\/?s={search_term_string}\"},\"query-input\":{\"@type\":\"PropertyValueSpecification\",\"valueRequired\":true,\"valueName\":\"search_term_string\"}}],\"inLanguage\":\"es\"},{\"@type\":\"Organization\",\"@id\":\"http:\/\/villanueva-fineart.es\/#organization\",\"name\":\"Villanueva Fineart\",\"url\":\"http:\/\/villanueva-fineart.es\/\",\"logo\":{\"@type\":\"ImageObject\",\"inLanguage\":\"es\",\"@id\":\"http:\/\/villanueva-fineart.es\/#\/schema\/logo\/image\/\",\"url\":\"https:\/\/villanueva-fineart.es\/wp-content\/uploads\/2021\/11\/Logo-fineart.jpg\",\"contentUrl\":\"https:\/\/villanueva-fineart.es\/wp-content\/uploads\/2021\/11\/Logo-fineart.jpg\",\"width\":200,\"height\":85,\"caption\":\"Villanueva Fineart\"},\"image\":{\"@id\":\"http:\/\/villanueva-fineart.es\/#\/schema\/logo\/image\/\"}}]}<\/script>\n<!-- \/ Yoast SEO plugin. -->","yoast_head_json":{"title":"Maternidad, Rosa Serra - Villanueva Fineart","description":"Rosa Serra Puigvert - [ Rosa Serra ] Vic, Barcelona, 1944 Pertenece a la generaci\u00f3n que impuso una ruptura en la escultura olotina. Su descubrimiento de la figura tridimensional la condujo a acercarse a las realizaciones de Llu\u00eds Cur\u00f3s, su primer maestro. En 1952 se traslad\u00f3 a Olot, donde actualmente trabaja y reside. En 1970 entr\u00f3 en la academia de Llu\u00eds Carbonell, donde estudi\u00f3 dibujo y pintura, y dos a\u00f1os despu\u00e9s entr\u00f3 en la Escuela de Bellas Artes de Olot, donde durante tres a\u00f1os estudi\u00f3 dibujo, cer\u00e1mica y grabado.","robots":{"index":"index","follow":"follow","max-snippet":"max-snippet:-1","max-image-preview":"max-image-preview:large","max-video-preview":"max-video-preview:-1"},"canonical":"https:\/\/villanueva-fineart.es\/es_es\/product\/maternidad-rosa-serra\/","og_locale":"es_ES","og_type":"article","og_title":"Maternidad, Rosa Serra - Villanueva Fineart","og_description":"Rosa Serra Puigvert - [ Rosa Serra ] Vic, Barcelona, 1944 Pertenece a la generaci\u00f3n que impuso una ruptura en la escultura olotina. Su descubrimiento de la figura tridimensional la condujo a acercarse a las realizaciones de Llu\u00eds Cur\u00f3s, su primer maestro. En 1952 se traslad\u00f3 a Olot, donde actualmente trabaja y reside. En 1970 entr\u00f3 en la academia de Llu\u00eds Carbonell, donde estudi\u00f3 dibujo y pintura, y dos a\u00f1os despu\u00e9s entr\u00f3 en la Escuela de Bellas Artes de Olot, donde durante tres a\u00f1os estudi\u00f3 dibujo, cer\u00e1mica y grabado.","og_url":"https:\/\/villanueva-fineart.es\/es_es\/product\/maternidad-rosa-serra\/","og_site_name":"Villanueva Fineart","article_modified_time":"2022-02-26T11:40:55+00:00","og_image":[{"width":890,"height":1360,"url":"https:\/\/villanueva-fineart.es\/wp-content\/uploads\/2022\/02\/Maternidad-1.jpg","type":"image\/jpeg"}],"twitter_card":"summary_large_image","schema":{"@context":"https:\/\/schema.org","@graph":[{"@type":"WebPage","@id":"https:\/\/villanueva-fineart.es\/en\/product\/maternidad-rosa-serra\/","url":"https:\/\/villanueva-fineart.es\/en\/product\/maternidad-rosa-serra\/","name":"Maternidad, Rosa Serra - Villanueva Fineart","isPartOf":{"@id":"http:\/\/villanueva-fineart.es\/#website"},"primaryImageOfPage":{"@id":"https:\/\/villanueva-fineart.es\/en\/product\/maternidad-rosa-serra\/#primaryimage"},"image":{"@id":"https:\/\/villanueva-fineart.es\/en\/product\/maternidad-rosa-serra\/#primaryimage"},"thumbnailUrl":"https:\/\/villanueva-fineart.es\/wp-content\/uploads\/2022\/02\/Maternidad-1.jpg","datePublished":"2021-12-28T19:50:03+00:00","dateModified":"2022-02-26T11:40:55+00:00","description":"Rosa Serra Puigvert - [ Rosa Serra ] Vic, Barcelona, 1944 Pertenece a la generaci\u00f3n que impuso una ruptura en la escultura olotina. Su descubrimiento de la figura tridimensional la condujo a acercarse a las realizaciones de Llu\u00eds Cur\u00f3s, su primer maestro. En 1952 se traslad\u00f3 a Olot, donde actualmente trabaja y reside. En 1970 entr\u00f3 en la academia de Llu\u00eds Carbonell, donde estudi\u00f3 dibujo y pintura, y dos a\u00f1os despu\u00e9s entr\u00f3 en la Escuela de Bellas Artes de Olot, donde durante tres a\u00f1os estudi\u00f3 dibujo, cer\u00e1mica y grabado.","breadcrumb":{"@id":"https:\/\/villanueva-fineart.es\/en\/product\/maternidad-rosa-serra\/#breadcrumb"},"inLanguage":"es","potentialAction":[{"@type":"ReadAction","target":["https:\/\/villanueva-fineart.es\/en\/product\/maternidad-rosa-serra\/"]}]},{"@type":"ImageObject","inLanguage":"es","@id":"https:\/\/villanueva-fineart.es\/en\/product\/maternidad-rosa-serra\/#primaryimage","url":"https:\/\/villanueva-fineart.es\/wp-content\/uploads\/2022\/02\/Maternidad-1.jpg","contentUrl":"https:\/\/villanueva-fineart.es\/wp-content\/uploads\/2022\/02\/Maternidad-1.jpg","width":890,"height":1360},{"@type":"BreadcrumbList","@id":"https:\/\/villanueva-fineart.es\/en\/product\/maternidad-rosa-serra\/#breadcrumb","itemListElement":[{"@type":"ListItem","position":1,"name":"Inicio","item":"https:\/\/villanueva-fineart.es\/"},{"@type":"ListItem","position":2,"name":"Tienda","item":"https:\/\/villanueva-fineart.es\/es_es\/tienda\/"},{"@type":"ListItem","position":3,"name":"Maternidad, Rosa Serra"}]},{"@type":"WebSite","@id":"http:\/\/villanueva-fineart.es\/#website","url":"http:\/\/villanueva-fineart.es\/","name":"Villanueva Fineart","description":"Liquidaci\u00f3n de Obras de arte","publisher":{"@id":"http:\/\/villanueva-fineart.es\/#organization"},"potentialAction":[{"@type":"SearchAction","target":{"@type":"EntryPoint","urlTemplate":"http:\/\/villanueva-fineart.es\/?s={search_term_string}"},"query-input":{"@type":"PropertyValueSpecification","valueRequired":true,"valueName":"search_term_string"}}],"inLanguage":"es"},{"@type":"Organization","@id":"http:\/\/villanueva-fineart.es\/#organization","name":"Villanueva Fineart","url":"http:\/\/villanueva-fineart.es\/","logo":{"@type":"ImageObject","inLanguage":"es","@id":"http:\/\/villanueva-fineart.es\/#\/schema\/logo\/image\/","url":"https:\/\/villanueva-fineart.es\/wp-content\/uploads\/2021\/11\/Logo-fineart.jpg","contentUrl":"https:\/\/villanueva-fineart.es\/wp-content\/uploads\/2021\/11\/Logo-fineart.jpg","width":200,"height":85,"caption":"Villanueva Fineart"},"image":{"@id":"http:\/\/villanueva-fineart.es\/#\/schema\/logo\/image\/"}}]}},"_links":{"self":[{"href":"https:\/\/villanueva-fineart.es\/es_es\/wp-json\/wp\/v2\/product\/3009","targetHints":{"allow":["GET"]}}],"collection":[{"href":"https:\/\/villanueva-fineart.es\/es_es\/wp-json\/wp\/v2\/product"}],"about":[{"href":"https:\/\/villanueva-fineart.es\/es_es\/wp-json\/wp\/v2\/types\/product"}],"wp:featuredmedia":[{"embeddable":true,"href":"https:\/\/villanueva-fineart.es\/es_es\/wp-json\/wp\/v2\/media\/4254"}],"wp:attachment":[{"href":"https:\/\/villanueva-fineart.es\/es_es\/wp-json\/wp\/v2\/media?parent=3009"}],"wp:term":[{"taxonomy":"product_brand","embeddable":true,"href":"https:\/\/villanueva-fineart.es\/es_es\/wp-json\/wp\/v2\/product_brand?post=3009"},{"taxonomy":"product_cat","embeddable":true,"href":"https:\/\/villanueva-fineart.es\/es_es\/wp-json\/wp\/v2\/product_cat?post=3009"},{"taxonomy":"product_tag","embeddable":true,"href":"https:\/\/villanueva-fineart.es\/es_es\/wp-json\/wp\/v2\/product_tag?post=3009"}],"curies":[{"name":"wp","href":"https:\/\/api.w.org\/{rel}","templated":true}]}}