{"id":2841,"date":"2021-12-26T20:58:34","date_gmt":"2021-12-26T20:58:34","guid":{"rendered":"https:\/\/villanueva-fineart.es\/?post_type=product&#038;p=2841"},"modified":"2026-01-08T13:58:04","modified_gmt":"2026-01-08T13:58:04","slug":"torero-tristan-ra","status":"publish","type":"product","link":"https:\/\/villanueva-fineart.es\/es_es\/producto\/torero-tristan-ra\/","title":{"rendered":"Torero, Tristan R\u00e1 VENDIDO\/SOLD OUT"},"content":{"rendered":"","protected":false},"excerpt":{"rendered":"<p>Torero, \u00f3leo sobre lienzo, firmado, 35 x 27 cm.<\/p>\n","protected":false},"featured_media":2849,"template":"","meta":[],"product_brand":[],"product_cat":[46,24,30,31],"product_tag":[],"class_list":{"0":"post-2841","1":"product","2":"type-product","3":"status-publish","4":"has-post-thumbnail","6":"product_cat-500e-y-menos","7":"product_cat-obra","8":"product_cat-figurativos","9":"product_cat-oleo","10":"sales-flash-overlay","11":"woocommerce-text-align-center","12":"woocommerce-image-align-center","13":"do-quantity-buttons","15":"first","16":"instock","17":"sold-individually","18":"taxable","19":"shipping-taxable","20":"product-type-simple"},"yoast_head":"<!-- This site is optimized with the Yoast SEO plugin v25.9 - https:\/\/yoast.com\/wordpress\/plugins\/seo\/ -->\n<title>Torero, Tristan R\u00e1 VENDIDO\/SOLD OUT - Villanueva Fineart<\/title>\n<meta name=\"description\" content=\"Tristan R\u00e1 nacido en Montlu\u00e7on, en el centro de Francia, este talentoso hombre autodidacta eligi\u00f3 deliberadamente nuestro propio sur para poner su caballete despu\u00e9s de a\u00f1os de alegres galeras en la Costa Azul. Pintor de renombre y adoraci\u00f3n, su expresionismo contempor\u00e1neo est\u00e1 de moda en muchas galer\u00edas y exposiciones internacionales de todo el mundo.\" \/>\n<meta name=\"robots\" content=\"index, follow, max-snippet:-1, max-image-preview:large, max-video-preview:-1\" \/>\n<link rel=\"canonical\" href=\"https:\/\/villanueva-fineart.es\/es_es\/producto\/torero-tristan-ra\/\" \/>\n<meta property=\"og:locale\" content=\"es_ES\" \/>\n<meta property=\"og:type\" content=\"article\" \/>\n<meta property=\"og:title\" content=\"Torero, Tristan R\u00e1 VENDIDO\/SOLD OUT - Villanueva Fineart\" \/>\n<meta property=\"og:description\" content=\"Tristan R\u00e1 nacido en Montlu\u00e7on, en el centro de Francia, este talentoso hombre autodidacta eligi\u00f3 deliberadamente nuestro propio sur para poner su caballete despu\u00e9s de a\u00f1os de alegres galeras en la Costa Azul. Pintor de renombre y adoraci\u00f3n, su expresionismo contempor\u00e1neo est\u00e1 de moda en muchas galer\u00edas y exposiciones internacionales de todo el mundo.\" \/>\n<meta property=\"og:url\" content=\"https:\/\/villanueva-fineart.es\/es_es\/producto\/torero-tristan-ra\/\" \/>\n<meta property=\"og:site_name\" content=\"Villanueva Fineart\" \/>\n<meta property=\"article:modified_time\" content=\"2026-01-08T13:58:04+00:00\" \/>\n<meta property=\"og:image\" content=\"https:\/\/villanueva-fineart.es\/wp-content\/uploads\/2021\/12\/Tristan-Ra-1.jpg\" \/>\n\t<meta property=\"og:image:width\" content=\"890\" \/>\n\t<meta property=\"og:image:height\" content=\"1163\" \/>\n\t<meta property=\"og:image:type\" content=\"image\/jpeg\" \/>\n<meta name=\"twitter:card\" content=\"summary_large_image\" \/>\n<script type=\"application\/ld+json\" class=\"yoast-schema-graph\">{\"@context\":\"https:\/\/schema.org\",\"@graph\":[{\"@type\":\"WebPage\",\"@id\":\"https:\/\/villanueva-fineart.es\/producto\/torero-tristan-ra\/\",\"url\":\"https:\/\/villanueva-fineart.es\/producto\/torero-tristan-ra\/\",\"name\":\"Torero, Tristan R\u00e1 VENDIDO\/SOLD OUT - Villanueva Fineart\",\"isPartOf\":{\"@id\":\"http:\/\/villanueva-fineart.es\/#website\"},\"primaryImageOfPage\":{\"@id\":\"https:\/\/villanueva-fineart.es\/producto\/torero-tristan-ra\/#primaryimage\"},\"image\":{\"@id\":\"https:\/\/villanueva-fineart.es\/producto\/torero-tristan-ra\/#primaryimage\"},\"thumbnailUrl\":\"https:\/\/villanueva-fineart.es\/wp-content\/uploads\/2021\/12\/Tristan-Ra-1.jpg\",\"datePublished\":\"2021-12-26T20:58:34+00:00\",\"dateModified\":\"2026-01-08T13:58:04+00:00\",\"description\":\"Tristan R\u00e1 nacido en Montlu\u00e7on, en el centro de Francia, este talentoso hombre autodidacta eligi\u00f3 deliberadamente nuestro propio sur para poner su caballete despu\u00e9s de a\u00f1os de alegres galeras en la Costa Azul. Pintor de renombre y adoraci\u00f3n, su expresionismo contempor\u00e1neo est\u00e1 de moda en muchas galer\u00edas y exposiciones internacionales de todo el mundo.\",\"breadcrumb\":{\"@id\":\"https:\/\/villanueva-fineart.es\/producto\/torero-tristan-ra\/#breadcrumb\"},\"inLanguage\":\"es\",\"potentialAction\":[{\"@type\":\"ReadAction\",\"target\":[\"https:\/\/villanueva-fineart.es\/producto\/torero-tristan-ra\/\"]}]},{\"@type\":\"ImageObject\",\"inLanguage\":\"es\",\"@id\":\"https:\/\/villanueva-fineart.es\/producto\/torero-tristan-ra\/#primaryimage\",\"url\":\"https:\/\/villanueva-fineart.es\/wp-content\/uploads\/2021\/12\/Tristan-Ra-1.jpg\",\"contentUrl\":\"https:\/\/villanueva-fineart.es\/wp-content\/uploads\/2021\/12\/Tristan-Ra-1.jpg\",\"width\":890,\"height\":1163},{\"@type\":\"BreadcrumbList\",\"@id\":\"https:\/\/villanueva-fineart.es\/producto\/torero-tristan-ra\/#breadcrumb\",\"itemListElement\":[{\"@type\":\"ListItem\",\"position\":1,\"name\":\"Inicio\",\"item\":\"https:\/\/villanueva-fineart.es\/\"},{\"@type\":\"ListItem\",\"position\":2,\"name\":\"Tienda\",\"item\":\"https:\/\/villanueva-fineart.es\/es_es\/tienda\/\"},{\"@type\":\"ListItem\",\"position\":3,\"name\":\"Torero, Tristan R\u00e1 VENDIDO\/SOLD OUT\"}]},{\"@type\":\"WebSite\",\"@id\":\"http:\/\/villanueva-fineart.es\/#website\",\"url\":\"http:\/\/villanueva-fineart.es\/\",\"name\":\"Villanueva Fineart\",\"description\":\"Liquidaci\u00f3n de Obras de arte\",\"publisher\":{\"@id\":\"http:\/\/villanueva-fineart.es\/#organization\"},\"potentialAction\":[{\"@type\":\"SearchAction\",\"target\":{\"@type\":\"EntryPoint\",\"urlTemplate\":\"http:\/\/villanueva-fineart.es\/?s={search_term_string}\"},\"query-input\":{\"@type\":\"PropertyValueSpecification\",\"valueRequired\":true,\"valueName\":\"search_term_string\"}}],\"inLanguage\":\"es\"},{\"@type\":\"Organization\",\"@id\":\"http:\/\/villanueva-fineart.es\/#organization\",\"name\":\"Villanueva Fineart\",\"url\":\"http:\/\/villanueva-fineart.es\/\",\"logo\":{\"@type\":\"ImageObject\",\"inLanguage\":\"es\",\"@id\":\"http:\/\/villanueva-fineart.es\/#\/schema\/logo\/image\/\",\"url\":\"https:\/\/villanueva-fineart.es\/wp-content\/uploads\/2021\/11\/Logo-fineart.jpg\",\"contentUrl\":\"https:\/\/villanueva-fineart.es\/wp-content\/uploads\/2021\/11\/Logo-fineart.jpg\",\"width\":200,\"height\":85,\"caption\":\"Villanueva Fineart\"},\"image\":{\"@id\":\"http:\/\/villanueva-fineart.es\/#\/schema\/logo\/image\/\"}}]}<\/script>\n<!-- \/ Yoast SEO plugin. -->","yoast_head_json":{"title":"Torero, Tristan R\u00e1 VENDIDO\/SOLD OUT - Villanueva Fineart","description":"Tristan R\u00e1 nacido en Montlu\u00e7on, en el centro de Francia, este talentoso hombre autodidacta eligi\u00f3 deliberadamente nuestro propio sur para poner su caballete despu\u00e9s de a\u00f1os de alegres galeras en la Costa Azul. Pintor de renombre y adoraci\u00f3n, su expresionismo contempor\u00e1neo est\u00e1 de moda en muchas galer\u00edas y exposiciones internacionales de todo el mundo.","robots":{"index":"index","follow":"follow","max-snippet":"max-snippet:-1","max-image-preview":"max-image-preview:large","max-video-preview":"max-video-preview:-1"},"canonical":"https:\/\/villanueva-fineart.es\/es_es\/producto\/torero-tristan-ra\/","og_locale":"es_ES","og_type":"article","og_title":"Torero, Tristan R\u00e1 VENDIDO\/SOLD OUT - Villanueva Fineart","og_description":"Tristan R\u00e1 nacido en Montlu\u00e7on, en el centro de Francia, este talentoso hombre autodidacta eligi\u00f3 deliberadamente nuestro propio sur para poner su caballete despu\u00e9s de a\u00f1os de alegres galeras en la Costa Azul. Pintor de renombre y adoraci\u00f3n, su expresionismo contempor\u00e1neo est\u00e1 de moda en muchas galer\u00edas y exposiciones internacionales de todo el mundo.","og_url":"https:\/\/villanueva-fineart.es\/es_es\/producto\/torero-tristan-ra\/","og_site_name":"Villanueva Fineart","article_modified_time":"2026-01-08T13:58:04+00:00","og_image":[{"width":890,"height":1163,"url":"https:\/\/villanueva-fineart.es\/wp-content\/uploads\/2021\/12\/Tristan-Ra-1.jpg","type":"image\/jpeg"}],"twitter_card":"summary_large_image","schema":{"@context":"https:\/\/schema.org","@graph":[{"@type":"WebPage","@id":"https:\/\/villanueva-fineart.es\/producto\/torero-tristan-ra\/","url":"https:\/\/villanueva-fineart.es\/producto\/torero-tristan-ra\/","name":"Torero, Tristan R\u00e1 VENDIDO\/SOLD OUT - Villanueva Fineart","isPartOf":{"@id":"http:\/\/villanueva-fineart.es\/#website"},"primaryImageOfPage":{"@id":"https:\/\/villanueva-fineart.es\/producto\/torero-tristan-ra\/#primaryimage"},"image":{"@id":"https:\/\/villanueva-fineart.es\/producto\/torero-tristan-ra\/#primaryimage"},"thumbnailUrl":"https:\/\/villanueva-fineart.es\/wp-content\/uploads\/2021\/12\/Tristan-Ra-1.jpg","datePublished":"2021-12-26T20:58:34+00:00","dateModified":"2026-01-08T13:58:04+00:00","description":"Tristan R\u00e1 nacido en Montlu\u00e7on, en el centro de Francia, este talentoso hombre autodidacta eligi\u00f3 deliberadamente nuestro propio sur para poner su caballete despu\u00e9s de a\u00f1os de alegres galeras en la Costa Azul. Pintor de renombre y adoraci\u00f3n, su expresionismo contempor\u00e1neo est\u00e1 de moda en muchas galer\u00edas y exposiciones internacionales de todo el mundo.","breadcrumb":{"@id":"https:\/\/villanueva-fineart.es\/producto\/torero-tristan-ra\/#breadcrumb"},"inLanguage":"es","potentialAction":[{"@type":"ReadAction","target":["https:\/\/villanueva-fineart.es\/producto\/torero-tristan-ra\/"]}]},{"@type":"ImageObject","inLanguage":"es","@id":"https:\/\/villanueva-fineart.es\/producto\/torero-tristan-ra\/#primaryimage","url":"https:\/\/villanueva-fineart.es\/wp-content\/uploads\/2021\/12\/Tristan-Ra-1.jpg","contentUrl":"https:\/\/villanueva-fineart.es\/wp-content\/uploads\/2021\/12\/Tristan-Ra-1.jpg","width":890,"height":1163},{"@type":"BreadcrumbList","@id":"https:\/\/villanueva-fineart.es\/producto\/torero-tristan-ra\/#breadcrumb","itemListElement":[{"@type":"ListItem","position":1,"name":"Inicio","item":"https:\/\/villanueva-fineart.es\/"},{"@type":"ListItem","position":2,"name":"Tienda","item":"https:\/\/villanueva-fineart.es\/es_es\/tienda\/"},{"@type":"ListItem","position":3,"name":"Torero, Tristan R\u00e1 VENDIDO\/SOLD OUT"}]},{"@type":"WebSite","@id":"http:\/\/villanueva-fineart.es\/#website","url":"http:\/\/villanueva-fineart.es\/","name":"Villanueva Fineart","description":"Liquidaci\u00f3n de Obras de arte","publisher":{"@id":"http:\/\/villanueva-fineart.es\/#organization"},"potentialAction":[{"@type":"SearchAction","target":{"@type":"EntryPoint","urlTemplate":"http:\/\/villanueva-fineart.es\/?s={search_term_string}"},"query-input":{"@type":"PropertyValueSpecification","valueRequired":true,"valueName":"search_term_string"}}],"inLanguage":"es"},{"@type":"Organization","@id":"http:\/\/villanueva-fineart.es\/#organization","name":"Villanueva Fineart","url":"http:\/\/villanueva-fineart.es\/","logo":{"@type":"ImageObject","inLanguage":"es","@id":"http:\/\/villanueva-fineart.es\/#\/schema\/logo\/image\/","url":"https:\/\/villanueva-fineart.es\/wp-content\/uploads\/2021\/11\/Logo-fineart.jpg","contentUrl":"https:\/\/villanueva-fineart.es\/wp-content\/uploads\/2021\/11\/Logo-fineart.jpg","width":200,"height":85,"caption":"Villanueva Fineart"},"image":{"@id":"http:\/\/villanueva-fineart.es\/#\/schema\/logo\/image\/"}}]}},"_links":{"self":[{"href":"https:\/\/villanueva-fineart.es\/es_es\/wp-json\/wp\/v2\/product\/2841","targetHints":{"allow":["GET"]}}],"collection":[{"href":"https:\/\/villanueva-fineart.es\/es_es\/wp-json\/wp\/v2\/product"}],"about":[{"href":"https:\/\/villanueva-fineart.es\/es_es\/wp-json\/wp\/v2\/types\/product"}],"wp:featuredmedia":[{"embeddable":true,"href":"https:\/\/villanueva-fineart.es\/es_es\/wp-json\/wp\/v2\/media\/2849"}],"wp:attachment":[{"href":"https:\/\/villanueva-fineart.es\/es_es\/wp-json\/wp\/v2\/media?parent=2841"}],"wp:term":[{"taxonomy":"product_brand","embeddable":true,"href":"https:\/\/villanueva-fineart.es\/es_es\/wp-json\/wp\/v2\/product_brand?post=2841"},{"taxonomy":"product_cat","embeddable":true,"href":"https:\/\/villanueva-fineart.es\/es_es\/wp-json\/wp\/v2\/product_cat?post=2841"},{"taxonomy":"product_tag","embeddable":true,"href":"https:\/\/villanueva-fineart.es\/es_es\/wp-json\/wp\/v2\/product_tag?post=2841"}],"curies":[{"name":"wp","href":"https:\/\/api.w.org\/{rel}","templated":true}]}}