{"id":2837,"date":"2021-12-26T20:45:10","date_gmt":"2021-12-26T20:45:10","guid":{"rendered":"https:\/\/villanueva-fineart.es\/?post_type=product&#038;p=2837"},"modified":"2022-01-22T12:36:17","modified_gmt":"2022-01-22T12:36:17","slug":"bodegon-solta","status":"publish","type":"product","link":"https:\/\/villanueva-fineart.es\/es_es\/producto\/bodegon-solta\/","title":{"rendered":"Bodeg\u00f3n, Solta"},"content":{"rendered":"","protected":false},"excerpt":{"rendered":"<p>Bodeg\u00f3n, \u00f3leo sobre lienzo, firmado, 89 x 116 cm.<\/p>\n","protected":false},"featured_media":2848,"template":"","meta":[],"product_brand":[],"product_cat":[24,25,31],"product_tag":[],"class_list":{"0":"post-2837","1":"product","2":"type-product","3":"status-publish","4":"has-post-thumbnail","6":"product_cat-obra","7":"product_cat-bodegones","8":"product_cat-oleo","9":"sales-flash-overlay","10":"woocommerce-text-align-center","11":"woocommerce-image-align-center","12":"do-quantity-buttons","14":"first","15":"instock","16":"sale","17":"sold-individually","18":"taxable","19":"shipping-taxable","20":"purchasable","21":"product-type-simple"},"yoast_head":"<!-- This site is optimized with the Yoast SEO plugin v25.9 - https:\/\/yoast.com\/wordpress\/plugins\/seo\/ -->\n<title>Bodeg\u00f3n, Solta - Villanueva Fineart<\/title>\n<meta name=\"description\" content=\"DRAHOSLAV SOLTA-Lugar de nacimiento: Prerov, Rep\u00fablica Checa, el 25.03.1960FORMACI\u00d3N ACAD\u00c9MICA: Realiza estudios en la Academia de Arte de Pilsen - pintura, escultura, dibujo, artes gr\u00e1ficas .En Praga ampl\u00eda sus conocimientos, ingresando en la Escuela Superior de Bellas Artes. Al concluir dichos estudios contin\u00faa perfeccionando y dictando clases de arte. .Asimismo imparte t\u00e9cnicas de Arte Terapia. Esta t\u00e9cnica permite trascender psicol\u00f3gicamente en la formaci\u00f3n intelectual y social del individuo.\" \/>\n<meta name=\"robots\" content=\"index, follow, max-snippet:-1, max-image-preview:large, max-video-preview:-1\" \/>\n<link rel=\"canonical\" href=\"https:\/\/villanueva-fineart.es\/es_es\/producto\/bodegon-solta\/\" \/>\n<meta property=\"og:locale\" content=\"es_ES\" \/>\n<meta property=\"og:type\" content=\"article\" \/>\n<meta property=\"og:title\" content=\"Bodeg\u00f3n, Solta - Villanueva Fineart\" \/>\n<meta property=\"og:description\" content=\"DRAHOSLAV SOLTA-Lugar de nacimiento: Prerov, Rep\u00fablica Checa, el 25.03.1960FORMACI\u00d3N ACAD\u00c9MICA: Realiza estudios en la Academia de Arte de Pilsen - pintura, escultura, dibujo, artes gr\u00e1ficas .En Praga ampl\u00eda sus conocimientos, ingresando en la Escuela Superior de Bellas Artes. Al concluir dichos estudios contin\u00faa perfeccionando y dictando clases de arte. .Asimismo imparte t\u00e9cnicas de Arte Terapia. Esta t\u00e9cnica permite trascender psicol\u00f3gicamente en la formaci\u00f3n intelectual y social del individuo.\" \/>\n<meta property=\"og:url\" content=\"https:\/\/villanueva-fineart.es\/es_es\/producto\/bodegon-solta\/\" \/>\n<meta property=\"og:site_name\" content=\"Villanueva Fineart\" \/>\n<meta property=\"article:modified_time\" content=\"2022-01-22T12:36:17+00:00\" \/>\n<meta property=\"og:image\" content=\"https:\/\/villanueva-fineart.es\/wp-content\/uploads\/2021\/12\/Solta-1.jpg\" \/>\n\t<meta property=\"og:image:width\" content=\"890\" \/>\n\t<meta property=\"og:image:height\" content=\"664\" \/>\n\t<meta property=\"og:image:type\" content=\"image\/jpeg\" \/>\n<meta name=\"twitter:card\" content=\"summary_large_image\" \/>\n<script type=\"application\/ld+json\" class=\"yoast-schema-graph\">{\"@context\":\"https:\/\/schema.org\",\"@graph\":[{\"@type\":\"WebPage\",\"@id\":\"https:\/\/villanueva-fineart.es\/es_es\/producto\/bodegon-solta\/\",\"url\":\"https:\/\/villanueva-fineart.es\/es_es\/producto\/bodegon-solta\/\",\"name\":\"Bodeg\u00f3n, Solta - Villanueva Fineart\",\"isPartOf\":{\"@id\":\"http:\/\/villanueva-fineart.es\/#website\"},\"primaryImageOfPage\":{\"@id\":\"https:\/\/villanueva-fineart.es\/es_es\/producto\/bodegon-solta\/#primaryimage\"},\"image\":{\"@id\":\"https:\/\/villanueva-fineart.es\/es_es\/producto\/bodegon-solta\/#primaryimage\"},\"thumbnailUrl\":\"https:\/\/villanueva-fineart.es\/wp-content\/uploads\/2021\/12\/Solta-1.jpg\",\"datePublished\":\"2021-12-26T20:45:10+00:00\",\"dateModified\":\"2022-01-22T12:36:17+00:00\",\"description\":\"DRAHOSLAV SOLTA-Lugar de nacimiento: Prerov, Rep\u00fablica Checa, el 25.03.1960FORMACI\u00d3N ACAD\u00c9MICA: Realiza estudios en la Academia de Arte de Pilsen - pintura, escultura, dibujo, artes gr\u00e1ficas .En Praga ampl\u00eda sus conocimientos, ingresando en la Escuela Superior de Bellas Artes. Al concluir dichos estudios contin\u00faa perfeccionando y dictando clases de arte. .Asimismo imparte t\u00e9cnicas de Arte Terapia. Esta t\u00e9cnica permite trascender psicol\u00f3gicamente en la formaci\u00f3n intelectual y social del individuo.\",\"breadcrumb\":{\"@id\":\"https:\/\/villanueva-fineart.es\/es_es\/producto\/bodegon-solta\/#breadcrumb\"},\"inLanguage\":\"es\",\"potentialAction\":[{\"@type\":\"ReadAction\",\"target\":[\"https:\/\/villanueva-fineart.es\/es_es\/producto\/bodegon-solta\/\"]}]},{\"@type\":\"ImageObject\",\"inLanguage\":\"es\",\"@id\":\"https:\/\/villanueva-fineart.es\/es_es\/producto\/bodegon-solta\/#primaryimage\",\"url\":\"https:\/\/villanueva-fineart.es\/wp-content\/uploads\/2021\/12\/Solta-1.jpg\",\"contentUrl\":\"https:\/\/villanueva-fineart.es\/wp-content\/uploads\/2021\/12\/Solta-1.jpg\",\"width\":890,\"height\":664},{\"@type\":\"BreadcrumbList\",\"@id\":\"https:\/\/villanueva-fineart.es\/es_es\/producto\/bodegon-solta\/#breadcrumb\",\"itemListElement\":[{\"@type\":\"ListItem\",\"position\":1,\"name\":\"Inicio\",\"item\":\"https:\/\/villanueva-fineart.es\/\"},{\"@type\":\"ListItem\",\"position\":2,\"name\":\"Tienda\",\"item\":\"https:\/\/villanueva-fineart.es\/es_es\/tienda\/\"},{\"@type\":\"ListItem\",\"position\":3,\"name\":\"Bodeg\u00f3n, Solta\"}]},{\"@type\":\"WebSite\",\"@id\":\"http:\/\/villanueva-fineart.es\/#website\",\"url\":\"http:\/\/villanueva-fineart.es\/\",\"name\":\"Villanueva Fineart\",\"description\":\"Liquidaci\u00f3n de Obras de arte\",\"publisher\":{\"@id\":\"http:\/\/villanueva-fineart.es\/#organization\"},\"potentialAction\":[{\"@type\":\"SearchAction\",\"target\":{\"@type\":\"EntryPoint\",\"urlTemplate\":\"http:\/\/villanueva-fineart.es\/?s={search_term_string}\"},\"query-input\":{\"@type\":\"PropertyValueSpecification\",\"valueRequired\":true,\"valueName\":\"search_term_string\"}}],\"inLanguage\":\"es\"},{\"@type\":\"Organization\",\"@id\":\"http:\/\/villanueva-fineart.es\/#organization\",\"name\":\"Villanueva Fineart\",\"url\":\"http:\/\/villanueva-fineart.es\/\",\"logo\":{\"@type\":\"ImageObject\",\"inLanguage\":\"es\",\"@id\":\"http:\/\/villanueva-fineart.es\/#\/schema\/logo\/image\/\",\"url\":\"https:\/\/villanueva-fineart.es\/wp-content\/uploads\/2021\/11\/Logo-fineart.jpg\",\"contentUrl\":\"https:\/\/villanueva-fineart.es\/wp-content\/uploads\/2021\/11\/Logo-fineart.jpg\",\"width\":200,\"height\":85,\"caption\":\"Villanueva Fineart\"},\"image\":{\"@id\":\"http:\/\/villanueva-fineart.es\/#\/schema\/logo\/image\/\"}}]}<\/script>\n<!-- \/ Yoast SEO plugin. -->","yoast_head_json":{"title":"Bodeg\u00f3n, Solta - Villanueva Fineart","description":"DRAHOSLAV SOLTA-Lugar de nacimiento: Prerov, Rep\u00fablica Checa, el 25.03.1960FORMACI\u00d3N ACAD\u00c9MICA: Realiza estudios en la Academia de Arte de Pilsen - pintura, escultura, dibujo, artes gr\u00e1ficas .En Praga ampl\u00eda sus conocimientos, ingresando en la Escuela Superior de Bellas Artes. Al concluir dichos estudios contin\u00faa perfeccionando y dictando clases de arte. .Asimismo imparte t\u00e9cnicas de Arte Terapia. Esta t\u00e9cnica permite trascender psicol\u00f3gicamente en la formaci\u00f3n intelectual y social del individuo.","robots":{"index":"index","follow":"follow","max-snippet":"max-snippet:-1","max-image-preview":"max-image-preview:large","max-video-preview":"max-video-preview:-1"},"canonical":"https:\/\/villanueva-fineart.es\/es_es\/producto\/bodegon-solta\/","og_locale":"es_ES","og_type":"article","og_title":"Bodeg\u00f3n, Solta - Villanueva Fineart","og_description":"DRAHOSLAV SOLTA-Lugar de nacimiento: Prerov, Rep\u00fablica Checa, el 25.03.1960FORMACI\u00d3N ACAD\u00c9MICA: Realiza estudios en la Academia de Arte de Pilsen - pintura, escultura, dibujo, artes gr\u00e1ficas .En Praga ampl\u00eda sus conocimientos, ingresando en la Escuela Superior de Bellas Artes. Al concluir dichos estudios contin\u00faa perfeccionando y dictando clases de arte. .Asimismo imparte t\u00e9cnicas de Arte Terapia. Esta t\u00e9cnica permite trascender psicol\u00f3gicamente en la formaci\u00f3n intelectual y social del individuo.","og_url":"https:\/\/villanueva-fineart.es\/es_es\/producto\/bodegon-solta\/","og_site_name":"Villanueva Fineart","article_modified_time":"2022-01-22T12:36:17+00:00","og_image":[{"width":890,"height":664,"url":"https:\/\/villanueva-fineart.es\/wp-content\/uploads\/2021\/12\/Solta-1.jpg","type":"image\/jpeg"}],"twitter_card":"summary_large_image","schema":{"@context":"https:\/\/schema.org","@graph":[{"@type":"WebPage","@id":"https:\/\/villanueva-fineart.es\/es_es\/producto\/bodegon-solta\/","url":"https:\/\/villanueva-fineart.es\/es_es\/producto\/bodegon-solta\/","name":"Bodeg\u00f3n, Solta - Villanueva Fineart","isPartOf":{"@id":"http:\/\/villanueva-fineart.es\/#website"},"primaryImageOfPage":{"@id":"https:\/\/villanueva-fineart.es\/es_es\/producto\/bodegon-solta\/#primaryimage"},"image":{"@id":"https:\/\/villanueva-fineart.es\/es_es\/producto\/bodegon-solta\/#primaryimage"},"thumbnailUrl":"https:\/\/villanueva-fineart.es\/wp-content\/uploads\/2021\/12\/Solta-1.jpg","datePublished":"2021-12-26T20:45:10+00:00","dateModified":"2022-01-22T12:36:17+00:00","description":"DRAHOSLAV SOLTA-Lugar de nacimiento: Prerov, Rep\u00fablica Checa, el 25.03.1960FORMACI\u00d3N ACAD\u00c9MICA: Realiza estudios en la Academia de Arte de Pilsen - pintura, escultura, dibujo, artes gr\u00e1ficas .En Praga ampl\u00eda sus conocimientos, ingresando en la Escuela Superior de Bellas Artes. Al concluir dichos estudios contin\u00faa perfeccionando y dictando clases de arte. .Asimismo imparte t\u00e9cnicas de Arte Terapia. Esta t\u00e9cnica permite trascender psicol\u00f3gicamente en la formaci\u00f3n intelectual y social del individuo.","breadcrumb":{"@id":"https:\/\/villanueva-fineart.es\/es_es\/producto\/bodegon-solta\/#breadcrumb"},"inLanguage":"es","potentialAction":[{"@type":"ReadAction","target":["https:\/\/villanueva-fineart.es\/es_es\/producto\/bodegon-solta\/"]}]},{"@type":"ImageObject","inLanguage":"es","@id":"https:\/\/villanueva-fineart.es\/es_es\/producto\/bodegon-solta\/#primaryimage","url":"https:\/\/villanueva-fineart.es\/wp-content\/uploads\/2021\/12\/Solta-1.jpg","contentUrl":"https:\/\/villanueva-fineart.es\/wp-content\/uploads\/2021\/12\/Solta-1.jpg","width":890,"height":664},{"@type":"BreadcrumbList","@id":"https:\/\/villanueva-fineart.es\/es_es\/producto\/bodegon-solta\/#breadcrumb","itemListElement":[{"@type":"ListItem","position":1,"name":"Inicio","item":"https:\/\/villanueva-fineart.es\/"},{"@type":"ListItem","position":2,"name":"Tienda","item":"https:\/\/villanueva-fineart.es\/es_es\/tienda\/"},{"@type":"ListItem","position":3,"name":"Bodeg\u00f3n, Solta"}]},{"@type":"WebSite","@id":"http:\/\/villanueva-fineart.es\/#website","url":"http:\/\/villanueva-fineart.es\/","name":"Villanueva Fineart","description":"Liquidaci\u00f3n de Obras de arte","publisher":{"@id":"http:\/\/villanueva-fineart.es\/#organization"},"potentialAction":[{"@type":"SearchAction","target":{"@type":"EntryPoint","urlTemplate":"http:\/\/villanueva-fineart.es\/?s={search_term_string}"},"query-input":{"@type":"PropertyValueSpecification","valueRequired":true,"valueName":"search_term_string"}}],"inLanguage":"es"},{"@type":"Organization","@id":"http:\/\/villanueva-fineart.es\/#organization","name":"Villanueva Fineart","url":"http:\/\/villanueva-fineart.es\/","logo":{"@type":"ImageObject","inLanguage":"es","@id":"http:\/\/villanueva-fineart.es\/#\/schema\/logo\/image\/","url":"https:\/\/villanueva-fineart.es\/wp-content\/uploads\/2021\/11\/Logo-fineart.jpg","contentUrl":"https:\/\/villanueva-fineart.es\/wp-content\/uploads\/2021\/11\/Logo-fineart.jpg","width":200,"height":85,"caption":"Villanueva Fineart"},"image":{"@id":"http:\/\/villanueva-fineart.es\/#\/schema\/logo\/image\/"}}]}},"_links":{"self":[{"href":"https:\/\/villanueva-fineart.es\/es_es\/wp-json\/wp\/v2\/product\/2837","targetHints":{"allow":["GET"]}}],"collection":[{"href":"https:\/\/villanueva-fineart.es\/es_es\/wp-json\/wp\/v2\/product"}],"about":[{"href":"https:\/\/villanueva-fineart.es\/es_es\/wp-json\/wp\/v2\/types\/product"}],"wp:featuredmedia":[{"embeddable":true,"href":"https:\/\/villanueva-fineart.es\/es_es\/wp-json\/wp\/v2\/media\/2848"}],"wp:attachment":[{"href":"https:\/\/villanueva-fineart.es\/es_es\/wp-json\/wp\/v2\/media?parent=2837"}],"wp:term":[{"taxonomy":"product_brand","embeddable":true,"href":"https:\/\/villanueva-fineart.es\/es_es\/wp-json\/wp\/v2\/product_brand?post=2837"},{"taxonomy":"product_cat","embeddable":true,"href":"https:\/\/villanueva-fineart.es\/es_es\/wp-json\/wp\/v2\/product_cat?post=2837"},{"taxonomy":"product_tag","embeddable":true,"href":"https:\/\/villanueva-fineart.es\/es_es\/wp-json\/wp\/v2\/product_tag?post=2837"}],"curies":[{"name":"wp","href":"https:\/\/api.w.org\/{rel}","templated":true}]}}