{"id":2533,"date":"2021-12-19T17:13:47","date_gmt":"2021-12-19T17:13:47","guid":{"rendered":"https:\/\/villanueva-fineart.es\/?post_type=product&#038;p=2533"},"modified":"2022-05-07T15:52:12","modified_gmt":"2022-05-07T15:52:12","slug":"paisaje-rafael-atencia","status":"publish","type":"product","link":"https:\/\/villanueva-fineart.es\/es_es\/producto\/paisaje-rafael-atencia\/","title":{"rendered":"Paisaje, Rafael Atencia"},"content":{"rendered":"","protected":false},"excerpt":{"rendered":"<p>Paisaje, \u00f3leo sobre cobre, firmado,\u00a0 30 x\u00a023 cm.<\/p>\n","protected":false},"featured_media":2507,"template":"","meta":[],"product_brand":[],"product_cat":[46,24,31,37],"product_tag":[],"class_list":{"0":"post-2533","1":"product","2":"type-product","3":"status-publish","4":"has-post-thumbnail","6":"product_cat-500e-y-menos","7":"product_cat-obra","8":"product_cat-oleo","9":"product_cat-paisajes-obra","10":"sales-flash-overlay","11":"woocommerce-text-align-center","12":"woocommerce-image-align-center","13":"do-quantity-buttons","15":"first","16":"instock","17":"sale","18":"sold-individually","19":"taxable","20":"shipping-taxable","21":"purchasable","22":"product-type-simple"},"yoast_head":"<!-- This site is optimized with the Yoast SEO plugin v25.9 - https:\/\/yoast.com\/wordpress\/plugins\/seo\/ -->\n<title>Paisaje, Rafael Atencia - Villanueva Fineart<\/title>\n<meta name=\"description\" content=\"Rafael Atencia. Castro del R\u00edo (C\u00f3rdoba), 1954Estudioso de las escuelas cl\u00e1sicas espa\u00f1olas, especialmente la sevillana barroca de Murillo. Comenz\u00f3 sus estudios pict\u00f3ricos con el maestro C. Toledo continuando su formaci\u00f3n con el C\u00edrculo Art\u00edstico de San Lluch de Barcelona. En sus obras apreciamos un perfecto equilibrio de coloridos y formas. Su pl\u00e1stica es sutil y delicada, el pincel no mancha el lienzo, m\u00e1s bien lo acaricia, con gran cari\u00f1o y delicadeza.\" \/>\n<meta name=\"robots\" content=\"index, follow, max-snippet:-1, max-image-preview:large, max-video-preview:-1\" \/>\n<link rel=\"canonical\" href=\"https:\/\/villanueva-fineart.es\/es_es\/producto\/paisaje-rafael-atencia\/\" \/>\n<meta property=\"og:locale\" content=\"es_ES\" \/>\n<meta property=\"og:type\" content=\"article\" \/>\n<meta property=\"og:title\" content=\"Paisaje, Rafael Atencia - Villanueva Fineart\" \/>\n<meta property=\"og:description\" content=\"Rafael Atencia. Castro del R\u00edo (C\u00f3rdoba), 1954Estudioso de las escuelas cl\u00e1sicas espa\u00f1olas, especialmente la sevillana barroca de Murillo. Comenz\u00f3 sus estudios pict\u00f3ricos con el maestro C. Toledo continuando su formaci\u00f3n con el C\u00edrculo Art\u00edstico de San Lluch de Barcelona. En sus obras apreciamos un perfecto equilibrio de coloridos y formas. Su pl\u00e1stica es sutil y delicada, el pincel no mancha el lienzo, m\u00e1s bien lo acaricia, con gran cari\u00f1o y delicadeza.\" \/>\n<meta property=\"og:url\" content=\"https:\/\/villanueva-fineart.es\/es_es\/producto\/paisaje-rafael-atencia\/\" \/>\n<meta property=\"og:site_name\" content=\"Villanueva Fineart\" \/>\n<meta property=\"article:modified_time\" content=\"2022-05-07T15:52:12+00:00\" \/>\n<meta property=\"og:image\" content=\"https:\/\/villanueva-fineart.es\/wp-content\/uploads\/2021\/12\/Atencia-2.jpg\" \/>\n\t<meta property=\"og:image:width\" content=\"389\" \/>\n\t<meta property=\"og:image:height\" content=\"525\" \/>\n\t<meta property=\"og:image:type\" content=\"image\/jpeg\" \/>\n<meta name=\"twitter:card\" content=\"summary_large_image\" \/>\n<script type=\"application\/ld+json\" class=\"yoast-schema-graph\">{\"@context\":\"https:\/\/schema.org\",\"@graph\":[{\"@type\":\"WebPage\",\"@id\":\"https:\/\/villanueva-fineart.es\/es_es\/producto\/paisaje-rafael-atencia\/\",\"url\":\"https:\/\/villanueva-fineart.es\/es_es\/producto\/paisaje-rafael-atencia\/\",\"name\":\"Paisaje, Rafael Atencia - Villanueva Fineart\",\"isPartOf\":{\"@id\":\"http:\/\/villanueva-fineart.es\/#website\"},\"primaryImageOfPage\":{\"@id\":\"https:\/\/villanueva-fineart.es\/es_es\/producto\/paisaje-rafael-atencia\/#primaryimage\"},\"image\":{\"@id\":\"https:\/\/villanueva-fineart.es\/es_es\/producto\/paisaje-rafael-atencia\/#primaryimage\"},\"thumbnailUrl\":\"https:\/\/villanueva-fineart.es\/wp-content\/uploads\/2021\/12\/Atencia-2.jpg\",\"datePublished\":\"2021-12-19T17:13:47+00:00\",\"dateModified\":\"2022-05-07T15:52:12+00:00\",\"description\":\"Rafael Atencia. Castro del R\u00edo (C\u00f3rdoba), 1954Estudioso de las escuelas cl\u00e1sicas espa\u00f1olas, especialmente la sevillana barroca de Murillo. Comenz\u00f3 sus estudios pict\u00f3ricos con el maestro C. Toledo continuando su formaci\u00f3n con el C\u00edrculo Art\u00edstico de San Lluch de Barcelona. En sus obras apreciamos un perfecto equilibrio de coloridos y formas. Su pl\u00e1stica es sutil y delicada, el pincel no mancha el lienzo, m\u00e1s bien lo acaricia, con gran cari\u00f1o y delicadeza.\",\"breadcrumb\":{\"@id\":\"https:\/\/villanueva-fineart.es\/es_es\/producto\/paisaje-rafael-atencia\/#breadcrumb\"},\"inLanguage\":\"es\",\"potentialAction\":[{\"@type\":\"ReadAction\",\"target\":[\"https:\/\/villanueva-fineart.es\/es_es\/producto\/paisaje-rafael-atencia\/\"]}]},{\"@type\":\"ImageObject\",\"inLanguage\":\"es\",\"@id\":\"https:\/\/villanueva-fineart.es\/es_es\/producto\/paisaje-rafael-atencia\/#primaryimage\",\"url\":\"https:\/\/villanueva-fineart.es\/wp-content\/uploads\/2021\/12\/Atencia-2.jpg\",\"contentUrl\":\"https:\/\/villanueva-fineart.es\/wp-content\/uploads\/2021\/12\/Atencia-2.jpg\",\"width\":389,\"height\":525},{\"@type\":\"BreadcrumbList\",\"@id\":\"https:\/\/villanueva-fineart.es\/es_es\/producto\/paisaje-rafael-atencia\/#breadcrumb\",\"itemListElement\":[{\"@type\":\"ListItem\",\"position\":1,\"name\":\"Inicio\",\"item\":\"https:\/\/villanueva-fineart.es\/\"},{\"@type\":\"ListItem\",\"position\":2,\"name\":\"Tienda\",\"item\":\"https:\/\/villanueva-fineart.es\/es_es\/tienda\/\"},{\"@type\":\"ListItem\",\"position\":3,\"name\":\"Paisaje, Rafael Atencia\"}]},{\"@type\":\"WebSite\",\"@id\":\"http:\/\/villanueva-fineart.es\/#website\",\"url\":\"http:\/\/villanueva-fineart.es\/\",\"name\":\"Villanueva Fineart\",\"description\":\"Liquidaci\u00f3n de Obras de arte\",\"publisher\":{\"@id\":\"http:\/\/villanueva-fineart.es\/#organization\"},\"potentialAction\":[{\"@type\":\"SearchAction\",\"target\":{\"@type\":\"EntryPoint\",\"urlTemplate\":\"http:\/\/villanueva-fineart.es\/?s={search_term_string}\"},\"query-input\":{\"@type\":\"PropertyValueSpecification\",\"valueRequired\":true,\"valueName\":\"search_term_string\"}}],\"inLanguage\":\"es\"},{\"@type\":\"Organization\",\"@id\":\"http:\/\/villanueva-fineart.es\/#organization\",\"name\":\"Villanueva Fineart\",\"url\":\"http:\/\/villanueva-fineart.es\/\",\"logo\":{\"@type\":\"ImageObject\",\"inLanguage\":\"es\",\"@id\":\"http:\/\/villanueva-fineart.es\/#\/schema\/logo\/image\/\",\"url\":\"https:\/\/villanueva-fineart.es\/wp-content\/uploads\/2021\/11\/Logo-fineart.jpg\",\"contentUrl\":\"https:\/\/villanueva-fineart.es\/wp-content\/uploads\/2021\/11\/Logo-fineart.jpg\",\"width\":200,\"height\":85,\"caption\":\"Villanueva Fineart\"},\"image\":{\"@id\":\"http:\/\/villanueva-fineart.es\/#\/schema\/logo\/image\/\"}}]}<\/script>\n<!-- \/ Yoast SEO plugin. -->","yoast_head_json":{"title":"Paisaje, Rafael Atencia - Villanueva Fineart","description":"Rafael Atencia. Castro del R\u00edo (C\u00f3rdoba), 1954Estudioso de las escuelas cl\u00e1sicas espa\u00f1olas, especialmente la sevillana barroca de Murillo. Comenz\u00f3 sus estudios pict\u00f3ricos con el maestro C. Toledo continuando su formaci\u00f3n con el C\u00edrculo Art\u00edstico de San Lluch de Barcelona. En sus obras apreciamos un perfecto equilibrio de coloridos y formas. Su pl\u00e1stica es sutil y delicada, el pincel no mancha el lienzo, m\u00e1s bien lo acaricia, con gran cari\u00f1o y delicadeza.","robots":{"index":"index","follow":"follow","max-snippet":"max-snippet:-1","max-image-preview":"max-image-preview:large","max-video-preview":"max-video-preview:-1"},"canonical":"https:\/\/villanueva-fineart.es\/es_es\/producto\/paisaje-rafael-atencia\/","og_locale":"es_ES","og_type":"article","og_title":"Paisaje, Rafael Atencia - Villanueva Fineart","og_description":"Rafael Atencia. Castro del R\u00edo (C\u00f3rdoba), 1954Estudioso de las escuelas cl\u00e1sicas espa\u00f1olas, especialmente la sevillana barroca de Murillo. Comenz\u00f3 sus estudios pict\u00f3ricos con el maestro C. Toledo continuando su formaci\u00f3n con el C\u00edrculo Art\u00edstico de San Lluch de Barcelona. En sus obras apreciamos un perfecto equilibrio de coloridos y formas. Su pl\u00e1stica es sutil y delicada, el pincel no mancha el lienzo, m\u00e1s bien lo acaricia, con gran cari\u00f1o y delicadeza.","og_url":"https:\/\/villanueva-fineart.es\/es_es\/producto\/paisaje-rafael-atencia\/","og_site_name":"Villanueva Fineart","article_modified_time":"2022-05-07T15:52:12+00:00","og_image":[{"width":389,"height":525,"url":"https:\/\/villanueva-fineart.es\/wp-content\/uploads\/2021\/12\/Atencia-2.jpg","type":"image\/jpeg"}],"twitter_card":"summary_large_image","schema":{"@context":"https:\/\/schema.org","@graph":[{"@type":"WebPage","@id":"https:\/\/villanueva-fineart.es\/es_es\/producto\/paisaje-rafael-atencia\/","url":"https:\/\/villanueva-fineart.es\/es_es\/producto\/paisaje-rafael-atencia\/","name":"Paisaje, Rafael Atencia - Villanueva Fineart","isPartOf":{"@id":"http:\/\/villanueva-fineart.es\/#website"},"primaryImageOfPage":{"@id":"https:\/\/villanueva-fineart.es\/es_es\/producto\/paisaje-rafael-atencia\/#primaryimage"},"image":{"@id":"https:\/\/villanueva-fineart.es\/es_es\/producto\/paisaje-rafael-atencia\/#primaryimage"},"thumbnailUrl":"https:\/\/villanueva-fineart.es\/wp-content\/uploads\/2021\/12\/Atencia-2.jpg","datePublished":"2021-12-19T17:13:47+00:00","dateModified":"2022-05-07T15:52:12+00:00","description":"Rafael Atencia. Castro del R\u00edo (C\u00f3rdoba), 1954Estudioso de las escuelas cl\u00e1sicas espa\u00f1olas, especialmente la sevillana barroca de Murillo. Comenz\u00f3 sus estudios pict\u00f3ricos con el maestro C. Toledo continuando su formaci\u00f3n con el C\u00edrculo Art\u00edstico de San Lluch de Barcelona. En sus obras apreciamos un perfecto equilibrio de coloridos y formas. Su pl\u00e1stica es sutil y delicada, el pincel no mancha el lienzo, m\u00e1s bien lo acaricia, con gran cari\u00f1o y delicadeza.","breadcrumb":{"@id":"https:\/\/villanueva-fineart.es\/es_es\/producto\/paisaje-rafael-atencia\/#breadcrumb"},"inLanguage":"es","potentialAction":[{"@type":"ReadAction","target":["https:\/\/villanueva-fineart.es\/es_es\/producto\/paisaje-rafael-atencia\/"]}]},{"@type":"ImageObject","inLanguage":"es","@id":"https:\/\/villanueva-fineart.es\/es_es\/producto\/paisaje-rafael-atencia\/#primaryimage","url":"https:\/\/villanueva-fineart.es\/wp-content\/uploads\/2021\/12\/Atencia-2.jpg","contentUrl":"https:\/\/villanueva-fineart.es\/wp-content\/uploads\/2021\/12\/Atencia-2.jpg","width":389,"height":525},{"@type":"BreadcrumbList","@id":"https:\/\/villanueva-fineart.es\/es_es\/producto\/paisaje-rafael-atencia\/#breadcrumb","itemListElement":[{"@type":"ListItem","position":1,"name":"Inicio","item":"https:\/\/villanueva-fineart.es\/"},{"@type":"ListItem","position":2,"name":"Tienda","item":"https:\/\/villanueva-fineart.es\/es_es\/tienda\/"},{"@type":"ListItem","position":3,"name":"Paisaje, Rafael Atencia"}]},{"@type":"WebSite","@id":"http:\/\/villanueva-fineart.es\/#website","url":"http:\/\/villanueva-fineart.es\/","name":"Villanueva Fineart","description":"Liquidaci\u00f3n de Obras de arte","publisher":{"@id":"http:\/\/villanueva-fineart.es\/#organization"},"potentialAction":[{"@type":"SearchAction","target":{"@type":"EntryPoint","urlTemplate":"http:\/\/villanueva-fineart.es\/?s={search_term_string}"},"query-input":{"@type":"PropertyValueSpecification","valueRequired":true,"valueName":"search_term_string"}}],"inLanguage":"es"},{"@type":"Organization","@id":"http:\/\/villanueva-fineart.es\/#organization","name":"Villanueva Fineart","url":"http:\/\/villanueva-fineart.es\/","logo":{"@type":"ImageObject","inLanguage":"es","@id":"http:\/\/villanueva-fineart.es\/#\/schema\/logo\/image\/","url":"https:\/\/villanueva-fineart.es\/wp-content\/uploads\/2021\/11\/Logo-fineart.jpg","contentUrl":"https:\/\/villanueva-fineart.es\/wp-content\/uploads\/2021\/11\/Logo-fineart.jpg","width":200,"height":85,"caption":"Villanueva Fineart"},"image":{"@id":"http:\/\/villanueva-fineart.es\/#\/schema\/logo\/image\/"}}]}},"_links":{"self":[{"href":"https:\/\/villanueva-fineart.es\/es_es\/wp-json\/wp\/v2\/product\/2533","targetHints":{"allow":["GET"]}}],"collection":[{"href":"https:\/\/villanueva-fineart.es\/es_es\/wp-json\/wp\/v2\/product"}],"about":[{"href":"https:\/\/villanueva-fineart.es\/es_es\/wp-json\/wp\/v2\/types\/product"}],"wp:featuredmedia":[{"embeddable":true,"href":"https:\/\/villanueva-fineart.es\/es_es\/wp-json\/wp\/v2\/media\/2507"}],"wp:attachment":[{"href":"https:\/\/villanueva-fineart.es\/es_es\/wp-json\/wp\/v2\/media?parent=2533"}],"wp:term":[{"taxonomy":"product_brand","embeddable":true,"href":"https:\/\/villanueva-fineart.es\/es_es\/wp-json\/wp\/v2\/product_brand?post=2533"},{"taxonomy":"product_cat","embeddable":true,"href":"https:\/\/villanueva-fineart.es\/es_es\/wp-json\/wp\/v2\/product_cat?post=2533"},{"taxonomy":"product_tag","embeddable":true,"href":"https:\/\/villanueva-fineart.es\/es_es\/wp-json\/wp\/v2\/product_tag?post=2533"}],"curies":[{"name":"wp","href":"https:\/\/api.w.org\/{rel}","templated":true}]}}