{"id":2462,"date":"2021-12-18T21:59:28","date_gmt":"2021-12-18T21:59:28","guid":{"rendered":"https:\/\/villanueva-fineart.es\/?post_type=product&#038;p=2462"},"modified":"2024-03-30T11:23:22","modified_gmt":"2024-03-30T11:23:22","slug":"bodegon-i-giclee-11-60-leon-olmo","status":"publish","type":"product","link":"https:\/\/villanueva-fineart.es\/es_es\/producto\/bodegon-i-giclee-11-60-leon-olmo\/","title":{"rendered":"Bodeg\u00f3n I, giclee 11\/60 Le\u00f3n Olmo"},"content":{"rendered":"","protected":false},"excerpt":{"rendered":"<p>Bodeg\u00f3n, Giclee sobre lienzo, sin bastidor. Edici\u00f3n limitada 11\/60.\u00a0 Firmado, 81 x 60 cm.<\/p>\n<p>Esta obra ha sido embellecida, enumerada y firmada a mano por el artista.<\/p>\n","protected":false},"featured_media":2458,"template":"","meta":[],"product_brand":[],"product_cat":[46,24,25,38],"product_tag":[],"class_list":{"0":"post-2462","1":"product","2":"type-product","3":"status-publish","4":"has-post-thumbnail","6":"product_cat-500e-y-menos","7":"product_cat-obra","8":"product_cat-bodegones","9":"product_cat-giclee","10":"sales-flash-overlay","11":"woocommerce-text-align-center","12":"woocommerce-image-align-center","13":"do-quantity-buttons","15":"first","16":"instock","17":"sale","18":"sold-individually","19":"taxable","20":"shipping-taxable","21":"purchasable","22":"product-type-simple"},"yoast_head":"<!-- This site is optimized with the Yoast SEO plugin v25.9 - https:\/\/yoast.com\/wordpress\/plugins\/seo\/ -->\n<title>Bodeg\u00f3n I, giclee 11\/60 Le\u00f3n Olmo - Villanueva Fineart<\/title>\n<meta name=\"description\" content=\"LEON OLMO, JUAN ANTONIO - Nacido en Mor\u00f3n de la Frontera en el a\u00f1o 1.948 y despu\u00e9s de realizar estudios de dibujo y seguir de cerca, en los espacios de los maestros primitivos y del Siglo de Oro espa\u00f1ol, el pintor Le\u00f3n Olmo desde su atalaya en Castilleja de la Cuesta, coraz\u00f3n del aljarafe sevillano, inici\u00f3 su magn\u00edfica trayectoria art\u00edstica que la ha llevado por importantes galer\u00edas de arte de Espa\u00f1a y el resto de Europa.\" \/>\n<meta name=\"robots\" content=\"index, follow, max-snippet:-1, max-image-preview:large, max-video-preview:-1\" \/>\n<link rel=\"canonical\" href=\"https:\/\/villanueva-fineart.es\/es_es\/producto\/bodegon-i-giclee-11-60-leon-olmo\/\" \/>\n<meta property=\"og:locale\" content=\"es_ES\" \/>\n<meta property=\"og:type\" content=\"article\" \/>\n<meta property=\"og:title\" content=\"Bodeg\u00f3n I, giclee 11\/60 Le\u00f3n Olmo - Villanueva Fineart\" \/>\n<meta property=\"og:description\" content=\"LEON OLMO, JUAN ANTONIO - Nacido en Mor\u00f3n de la Frontera en el a\u00f1o 1.948 y despu\u00e9s de realizar estudios de dibujo y seguir de cerca, en los espacios de los maestros primitivos y del Siglo de Oro espa\u00f1ol, el pintor Le\u00f3n Olmo desde su atalaya en Castilleja de la Cuesta, coraz\u00f3n del aljarafe sevillano, inici\u00f3 su magn\u00edfica trayectoria art\u00edstica que la ha llevado por importantes galer\u00edas de arte de Espa\u00f1a y el resto de Europa.\" \/>\n<meta property=\"og:url\" content=\"https:\/\/villanueva-fineart.es\/es_es\/producto\/bodegon-i-giclee-11-60-leon-olmo\/\" \/>\n<meta property=\"og:site_name\" content=\"Villanueva Fineart\" \/>\n<meta property=\"article:modified_time\" content=\"2024-03-30T11:23:22+00:00\" \/>\n<meta property=\"og:image\" content=\"https:\/\/villanueva-fineart.es\/wp-content\/uploads\/2021\/12\/2012-06-04-17.36.15.jpg\" \/>\n\t<meta property=\"og:image:width\" content=\"890\" \/>\n\t<meta property=\"og:image:height\" content=\"1072\" \/>\n\t<meta property=\"og:image:type\" content=\"image\/jpeg\" \/>\n<meta name=\"twitter:card\" content=\"summary_large_image\" \/>\n<script type=\"application\/ld+json\" class=\"yoast-schema-graph\">{\"@context\":\"https:\/\/schema.org\",\"@graph\":[{\"@type\":\"WebPage\",\"@id\":\"https:\/\/villanueva-fineart.es\/producto\/bodegon-i-giclee-11-60-leon-olmo\/\",\"url\":\"https:\/\/villanueva-fineart.es\/producto\/bodegon-i-giclee-11-60-leon-olmo\/\",\"name\":\"Bodeg\u00f3n I, giclee 11\/60 Le\u00f3n Olmo - Villanueva Fineart\",\"isPartOf\":{\"@id\":\"http:\/\/villanueva-fineart.es\/#website\"},\"primaryImageOfPage\":{\"@id\":\"https:\/\/villanueva-fineart.es\/producto\/bodegon-i-giclee-11-60-leon-olmo\/#primaryimage\"},\"image\":{\"@id\":\"https:\/\/villanueva-fineart.es\/producto\/bodegon-i-giclee-11-60-leon-olmo\/#primaryimage\"},\"thumbnailUrl\":\"https:\/\/villanueva-fineart.es\/wp-content\/uploads\/2021\/12\/2012-06-04-17.36.15.jpg\",\"datePublished\":\"2021-12-18T21:59:28+00:00\",\"dateModified\":\"2024-03-30T11:23:22+00:00\",\"description\":\"LEON OLMO, JUAN ANTONIO - Nacido en Mor\u00f3n de la Frontera en el a\u00f1o 1.948 y despu\u00e9s de realizar estudios de dibujo y seguir de cerca, en los espacios de los maestros primitivos y del Siglo de Oro espa\u00f1ol, el pintor Le\u00f3n Olmo desde su atalaya en Castilleja de la Cuesta, coraz\u00f3n del aljarafe sevillano, inici\u00f3 su magn\u00edfica trayectoria art\u00edstica que la ha llevado por importantes galer\u00edas de arte de Espa\u00f1a y el resto de Europa.\",\"breadcrumb\":{\"@id\":\"https:\/\/villanueva-fineart.es\/producto\/bodegon-i-giclee-11-60-leon-olmo\/#breadcrumb\"},\"inLanguage\":\"es\",\"potentialAction\":[{\"@type\":\"ReadAction\",\"target\":[\"https:\/\/villanueva-fineart.es\/producto\/bodegon-i-giclee-11-60-leon-olmo\/\"]}]},{\"@type\":\"ImageObject\",\"inLanguage\":\"es\",\"@id\":\"https:\/\/villanueva-fineart.es\/producto\/bodegon-i-giclee-11-60-leon-olmo\/#primaryimage\",\"url\":\"https:\/\/villanueva-fineart.es\/wp-content\/uploads\/2021\/12\/2012-06-04-17.36.15.jpg\",\"contentUrl\":\"https:\/\/villanueva-fineart.es\/wp-content\/uploads\/2021\/12\/2012-06-04-17.36.15.jpg\",\"width\":890,\"height\":1072},{\"@type\":\"BreadcrumbList\",\"@id\":\"https:\/\/villanueva-fineart.es\/producto\/bodegon-i-giclee-11-60-leon-olmo\/#breadcrumb\",\"itemListElement\":[{\"@type\":\"ListItem\",\"position\":1,\"name\":\"Inicio\",\"item\":\"https:\/\/villanueva-fineart.es\/\"},{\"@type\":\"ListItem\",\"position\":2,\"name\":\"Tienda\",\"item\":\"https:\/\/villanueva-fineart.es\/es_es\/tienda\/\"},{\"@type\":\"ListItem\",\"position\":3,\"name\":\"Bodeg\u00f3n I, giclee 11\/60 Le\u00f3n Olmo\"}]},{\"@type\":\"WebSite\",\"@id\":\"http:\/\/villanueva-fineart.es\/#website\",\"url\":\"http:\/\/villanueva-fineart.es\/\",\"name\":\"Villanueva Fineart\",\"description\":\"Liquidaci\u00f3n de Obras de arte\",\"publisher\":{\"@id\":\"http:\/\/villanueva-fineart.es\/#organization\"},\"potentialAction\":[{\"@type\":\"SearchAction\",\"target\":{\"@type\":\"EntryPoint\",\"urlTemplate\":\"http:\/\/villanueva-fineart.es\/?s={search_term_string}\"},\"query-input\":{\"@type\":\"PropertyValueSpecification\",\"valueRequired\":true,\"valueName\":\"search_term_string\"}}],\"inLanguage\":\"es\"},{\"@type\":\"Organization\",\"@id\":\"http:\/\/villanueva-fineart.es\/#organization\",\"name\":\"Villanueva Fineart\",\"url\":\"http:\/\/villanueva-fineart.es\/\",\"logo\":{\"@type\":\"ImageObject\",\"inLanguage\":\"es\",\"@id\":\"http:\/\/villanueva-fineart.es\/#\/schema\/logo\/image\/\",\"url\":\"https:\/\/villanueva-fineart.es\/wp-content\/uploads\/2021\/11\/Logo-fineart.jpg\",\"contentUrl\":\"https:\/\/villanueva-fineart.es\/wp-content\/uploads\/2021\/11\/Logo-fineart.jpg\",\"width\":200,\"height\":85,\"caption\":\"Villanueva Fineart\"},\"image\":{\"@id\":\"http:\/\/villanueva-fineart.es\/#\/schema\/logo\/image\/\"}}]}<\/script>\n<!-- \/ Yoast SEO plugin. -->","yoast_head_json":{"title":"Bodeg\u00f3n I, giclee 11\/60 Le\u00f3n Olmo - Villanueva Fineart","description":"LEON OLMO, JUAN ANTONIO - Nacido en Mor\u00f3n de la Frontera en el a\u00f1o 1.948 y despu\u00e9s de realizar estudios de dibujo y seguir de cerca, en los espacios de los maestros primitivos y del Siglo de Oro espa\u00f1ol, el pintor Le\u00f3n Olmo desde su atalaya en Castilleja de la Cuesta, coraz\u00f3n del aljarafe sevillano, inici\u00f3 su magn\u00edfica trayectoria art\u00edstica que la ha llevado por importantes galer\u00edas de arte de Espa\u00f1a y el resto de Europa.","robots":{"index":"index","follow":"follow","max-snippet":"max-snippet:-1","max-image-preview":"max-image-preview:large","max-video-preview":"max-video-preview:-1"},"canonical":"https:\/\/villanueva-fineart.es\/es_es\/producto\/bodegon-i-giclee-11-60-leon-olmo\/","og_locale":"es_ES","og_type":"article","og_title":"Bodeg\u00f3n I, giclee 11\/60 Le\u00f3n Olmo - Villanueva Fineart","og_description":"LEON OLMO, JUAN ANTONIO - Nacido en Mor\u00f3n de la Frontera en el a\u00f1o 1.948 y despu\u00e9s de realizar estudios de dibujo y seguir de cerca, en los espacios de los maestros primitivos y del Siglo de Oro espa\u00f1ol, el pintor Le\u00f3n Olmo desde su atalaya en Castilleja de la Cuesta, coraz\u00f3n del aljarafe sevillano, inici\u00f3 su magn\u00edfica trayectoria art\u00edstica que la ha llevado por importantes galer\u00edas de arte de Espa\u00f1a y el resto de Europa.","og_url":"https:\/\/villanueva-fineart.es\/es_es\/producto\/bodegon-i-giclee-11-60-leon-olmo\/","og_site_name":"Villanueva Fineart","article_modified_time":"2024-03-30T11:23:22+00:00","og_image":[{"width":890,"height":1072,"url":"https:\/\/villanueva-fineart.es\/wp-content\/uploads\/2021\/12\/2012-06-04-17.36.15.jpg","type":"image\/jpeg"}],"twitter_card":"summary_large_image","schema":{"@context":"https:\/\/schema.org","@graph":[{"@type":"WebPage","@id":"https:\/\/villanueva-fineart.es\/producto\/bodegon-i-giclee-11-60-leon-olmo\/","url":"https:\/\/villanueva-fineart.es\/producto\/bodegon-i-giclee-11-60-leon-olmo\/","name":"Bodeg\u00f3n I, giclee 11\/60 Le\u00f3n Olmo - Villanueva Fineart","isPartOf":{"@id":"http:\/\/villanueva-fineart.es\/#website"},"primaryImageOfPage":{"@id":"https:\/\/villanueva-fineart.es\/producto\/bodegon-i-giclee-11-60-leon-olmo\/#primaryimage"},"image":{"@id":"https:\/\/villanueva-fineart.es\/producto\/bodegon-i-giclee-11-60-leon-olmo\/#primaryimage"},"thumbnailUrl":"https:\/\/villanueva-fineart.es\/wp-content\/uploads\/2021\/12\/2012-06-04-17.36.15.jpg","datePublished":"2021-12-18T21:59:28+00:00","dateModified":"2024-03-30T11:23:22+00:00","description":"LEON OLMO, JUAN ANTONIO - Nacido en Mor\u00f3n de la Frontera en el a\u00f1o 1.948 y despu\u00e9s de realizar estudios de dibujo y seguir de cerca, en los espacios de los maestros primitivos y del Siglo de Oro espa\u00f1ol, el pintor Le\u00f3n Olmo desde su atalaya en Castilleja de la Cuesta, coraz\u00f3n del aljarafe sevillano, inici\u00f3 su magn\u00edfica trayectoria art\u00edstica que la ha llevado por importantes galer\u00edas de arte de Espa\u00f1a y el resto de Europa.","breadcrumb":{"@id":"https:\/\/villanueva-fineart.es\/producto\/bodegon-i-giclee-11-60-leon-olmo\/#breadcrumb"},"inLanguage":"es","potentialAction":[{"@type":"ReadAction","target":["https:\/\/villanueva-fineart.es\/producto\/bodegon-i-giclee-11-60-leon-olmo\/"]}]},{"@type":"ImageObject","inLanguage":"es","@id":"https:\/\/villanueva-fineart.es\/producto\/bodegon-i-giclee-11-60-leon-olmo\/#primaryimage","url":"https:\/\/villanueva-fineart.es\/wp-content\/uploads\/2021\/12\/2012-06-04-17.36.15.jpg","contentUrl":"https:\/\/villanueva-fineart.es\/wp-content\/uploads\/2021\/12\/2012-06-04-17.36.15.jpg","width":890,"height":1072},{"@type":"BreadcrumbList","@id":"https:\/\/villanueva-fineart.es\/producto\/bodegon-i-giclee-11-60-leon-olmo\/#breadcrumb","itemListElement":[{"@type":"ListItem","position":1,"name":"Inicio","item":"https:\/\/villanueva-fineart.es\/"},{"@type":"ListItem","position":2,"name":"Tienda","item":"https:\/\/villanueva-fineart.es\/es_es\/tienda\/"},{"@type":"ListItem","position":3,"name":"Bodeg\u00f3n I, giclee 11\/60 Le\u00f3n Olmo"}]},{"@type":"WebSite","@id":"http:\/\/villanueva-fineart.es\/#website","url":"http:\/\/villanueva-fineart.es\/","name":"Villanueva Fineart","description":"Liquidaci\u00f3n de Obras de arte","publisher":{"@id":"http:\/\/villanueva-fineart.es\/#organization"},"potentialAction":[{"@type":"SearchAction","target":{"@type":"EntryPoint","urlTemplate":"http:\/\/villanueva-fineart.es\/?s={search_term_string}"},"query-input":{"@type":"PropertyValueSpecification","valueRequired":true,"valueName":"search_term_string"}}],"inLanguage":"es"},{"@type":"Organization","@id":"http:\/\/villanueva-fineart.es\/#organization","name":"Villanueva Fineart","url":"http:\/\/villanueva-fineart.es\/","logo":{"@type":"ImageObject","inLanguage":"es","@id":"http:\/\/villanueva-fineart.es\/#\/schema\/logo\/image\/","url":"https:\/\/villanueva-fineart.es\/wp-content\/uploads\/2021\/11\/Logo-fineart.jpg","contentUrl":"https:\/\/villanueva-fineart.es\/wp-content\/uploads\/2021\/11\/Logo-fineart.jpg","width":200,"height":85,"caption":"Villanueva Fineart"},"image":{"@id":"http:\/\/villanueva-fineart.es\/#\/schema\/logo\/image\/"}}]}},"_links":{"self":[{"href":"https:\/\/villanueva-fineart.es\/es_es\/wp-json\/wp\/v2\/product\/2462","targetHints":{"allow":["GET"]}}],"collection":[{"href":"https:\/\/villanueva-fineart.es\/es_es\/wp-json\/wp\/v2\/product"}],"about":[{"href":"https:\/\/villanueva-fineart.es\/es_es\/wp-json\/wp\/v2\/types\/product"}],"wp:featuredmedia":[{"embeddable":true,"href":"https:\/\/villanueva-fineart.es\/es_es\/wp-json\/wp\/v2\/media\/2458"}],"wp:attachment":[{"href":"https:\/\/villanueva-fineart.es\/es_es\/wp-json\/wp\/v2\/media?parent=2462"}],"wp:term":[{"taxonomy":"product_brand","embeddable":true,"href":"https:\/\/villanueva-fineart.es\/es_es\/wp-json\/wp\/v2\/product_brand?post=2462"},{"taxonomy":"product_cat","embeddable":true,"href":"https:\/\/villanueva-fineart.es\/es_es\/wp-json\/wp\/v2\/product_cat?post=2462"},{"taxonomy":"product_tag","embeddable":true,"href":"https:\/\/villanueva-fineart.es\/es_es\/wp-json\/wp\/v2\/product_tag?post=2462"}],"curies":[{"name":"wp","href":"https:\/\/api.w.org\/{rel}","templated":true}]}}