{"id":2305,"date":"2021-12-17T16:25:05","date_gmt":"2021-12-17T16:25:05","guid":{"rendered":"https:\/\/villanueva-fineart.es\/?post_type=product&#038;p=2305"},"modified":"2023-09-16T17:45:19","modified_gmt":"2023-09-16T17:45:19","slug":"bodegon-leon-reina-jose-antonio","status":"publish","type":"product","link":"https:\/\/villanueva-fineart.es\/es_es\/producto\/bodegon-leon-reina-jose-antonio\/","title":{"rendered":"Bodeg\u00f3n, Le\u00f3n Reina, Jos\u00e9 Antonio"},"content":{"rendered":"","protected":false},"excerpt":{"rendered":"<p>Bodeg\u00f3n, \u00f3leo sobre tabla, Firmado, 60x81cm.<\/p>\n","protected":false},"featured_media":2311,"template":"","meta":[],"product_brand":[],"product_cat":[24,25,31],"product_tag":[],"class_list":{"0":"post-2305","1":"product","2":"type-product","3":"status-publish","4":"has-post-thumbnail","6":"product_cat-obra","7":"product_cat-bodegones","8":"product_cat-oleo","9":"sales-flash-overlay","10":"woocommerce-text-align-center","11":"woocommerce-image-align-center","12":"do-quantity-buttons","14":"first","15":"instock","16":"sale","17":"sold-individually","18":"taxable","19":"shipping-taxable","20":"purchasable","21":"product-type-simple"},"yoast_head":"<!-- This site is optimized with the Yoast SEO plugin v25.9 - https:\/\/yoast.com\/wordpress\/plugins\/seo\/ -->\n<title>Bodeg\u00f3n, Le\u00f3n Reina, Jos\u00e9 Antonio - Villanueva Fineart<\/title>\n<meta name=\"robots\" content=\"index, follow, max-snippet:-1, max-image-preview:large, max-video-preview:-1\" \/>\n<link rel=\"canonical\" href=\"https:\/\/villanueva-fineart.es\/es_es\/producto\/bodegon-leon-reina-jose-antonio\/\" \/>\n<meta property=\"og:locale\" content=\"es_ES\" \/>\n<meta property=\"og:type\" content=\"article\" \/>\n<meta property=\"og:title\" content=\"Bodeg\u00f3n, Le\u00f3n Reina, Jos\u00e9 Antonio - Villanueva Fineart\" \/>\n<meta property=\"og:description\" content=\"Bodeg\u00f3n, \u00f3leo sobre tabla, Firmado, 60x81cm.\" \/>\n<meta property=\"og:url\" content=\"https:\/\/villanueva-fineart.es\/es_es\/producto\/bodegon-leon-reina-jose-antonio\/\" \/>\n<meta property=\"og:site_name\" content=\"Villanueva Fineart\" \/>\n<meta property=\"article:modified_time\" content=\"2023-09-16T17:45:19+00:00\" \/>\n<meta property=\"og:image\" content=\"https:\/\/villanueva-fineart.es\/wp-content\/uploads\/2021\/12\/L.-Reina-3.jpg\" \/>\n\t<meta property=\"og:image:width\" content=\"890\" \/>\n\t<meta property=\"og:image:height\" content=\"659\" \/>\n\t<meta property=\"og:image:type\" content=\"image\/jpeg\" \/>\n<meta name=\"twitter:card\" content=\"summary_large_image\" \/>\n<script type=\"application\/ld+json\" class=\"yoast-schema-graph\">{\"@context\":\"https:\/\/schema.org\",\"@graph\":[{\"@type\":\"WebPage\",\"@id\":\"https:\/\/villanueva-fineart.es\/producto\/bodegon-leon-reina-jose-antonio\/\",\"url\":\"https:\/\/villanueva-fineart.es\/producto\/bodegon-leon-reina-jose-antonio\/\",\"name\":\"Bodeg\u00f3n, Le\u00f3n Reina, Jos\u00e9 Antonio - Villanueva Fineart\",\"isPartOf\":{\"@id\":\"http:\/\/villanueva-fineart.es\/#website\"},\"primaryImageOfPage\":{\"@id\":\"https:\/\/villanueva-fineart.es\/producto\/bodegon-leon-reina-jose-antonio\/#primaryimage\"},\"image\":{\"@id\":\"https:\/\/villanueva-fineart.es\/producto\/bodegon-leon-reina-jose-antonio\/#primaryimage\"},\"thumbnailUrl\":\"https:\/\/villanueva-fineart.es\/wp-content\/uploads\/2021\/12\/L.-Reina-3.jpg\",\"datePublished\":\"2021-12-17T16:25:05+00:00\",\"dateModified\":\"2023-09-16T17:45:19+00:00\",\"breadcrumb\":{\"@id\":\"https:\/\/villanueva-fineart.es\/producto\/bodegon-leon-reina-jose-antonio\/#breadcrumb\"},\"inLanguage\":\"es\",\"potentialAction\":[{\"@type\":\"ReadAction\",\"target\":[\"https:\/\/villanueva-fineart.es\/producto\/bodegon-leon-reina-jose-antonio\/\"]}]},{\"@type\":\"ImageObject\",\"inLanguage\":\"es\",\"@id\":\"https:\/\/villanueva-fineart.es\/producto\/bodegon-leon-reina-jose-antonio\/#primaryimage\",\"url\":\"https:\/\/villanueva-fineart.es\/wp-content\/uploads\/2021\/12\/L.-Reina-3.jpg\",\"contentUrl\":\"https:\/\/villanueva-fineart.es\/wp-content\/uploads\/2021\/12\/L.-Reina-3.jpg\",\"width\":890,\"height\":659},{\"@type\":\"BreadcrumbList\",\"@id\":\"https:\/\/villanueva-fineart.es\/producto\/bodegon-leon-reina-jose-antonio\/#breadcrumb\",\"itemListElement\":[{\"@type\":\"ListItem\",\"position\":1,\"name\":\"Inicio\",\"item\":\"https:\/\/villanueva-fineart.es\/\"},{\"@type\":\"ListItem\",\"position\":2,\"name\":\"Tienda\",\"item\":\"https:\/\/villanueva-fineart.es\/es_es\/tienda\/\"},{\"@type\":\"ListItem\",\"position\":3,\"name\":\"Bodeg\u00f3n, Le\u00f3n Reina, Jos\u00e9 Antonio\"}]},{\"@type\":\"WebSite\",\"@id\":\"http:\/\/villanueva-fineart.es\/#website\",\"url\":\"http:\/\/villanueva-fineart.es\/\",\"name\":\"Villanueva Fineart\",\"description\":\"Liquidaci\u00f3n de Obras de arte\",\"publisher\":{\"@id\":\"http:\/\/villanueva-fineart.es\/#organization\"},\"potentialAction\":[{\"@type\":\"SearchAction\",\"target\":{\"@type\":\"EntryPoint\",\"urlTemplate\":\"http:\/\/villanueva-fineart.es\/?s={search_term_string}\"},\"query-input\":{\"@type\":\"PropertyValueSpecification\",\"valueRequired\":true,\"valueName\":\"search_term_string\"}}],\"inLanguage\":\"es\"},{\"@type\":\"Organization\",\"@id\":\"http:\/\/villanueva-fineart.es\/#organization\",\"name\":\"Villanueva Fineart\",\"url\":\"http:\/\/villanueva-fineart.es\/\",\"logo\":{\"@type\":\"ImageObject\",\"inLanguage\":\"es\",\"@id\":\"http:\/\/villanueva-fineart.es\/#\/schema\/logo\/image\/\",\"url\":\"https:\/\/villanueva-fineart.es\/wp-content\/uploads\/2021\/11\/Logo-fineart.jpg\",\"contentUrl\":\"https:\/\/villanueva-fineart.es\/wp-content\/uploads\/2021\/11\/Logo-fineart.jpg\",\"width\":200,\"height\":85,\"caption\":\"Villanueva Fineart\"},\"image\":{\"@id\":\"http:\/\/villanueva-fineart.es\/#\/schema\/logo\/image\/\"}}]}<\/script>\n<!-- \/ Yoast SEO plugin. -->","yoast_head_json":{"title":"Bodeg\u00f3n, Le\u00f3n Reina, Jos\u00e9 Antonio - Villanueva Fineart","robots":{"index":"index","follow":"follow","max-snippet":"max-snippet:-1","max-image-preview":"max-image-preview:large","max-video-preview":"max-video-preview:-1"},"canonical":"https:\/\/villanueva-fineart.es\/es_es\/producto\/bodegon-leon-reina-jose-antonio\/","og_locale":"es_ES","og_type":"article","og_title":"Bodeg\u00f3n, Le\u00f3n Reina, Jos\u00e9 Antonio - Villanueva Fineart","og_description":"Bodeg\u00f3n, \u00f3leo sobre tabla, Firmado, 60x81cm.","og_url":"https:\/\/villanueva-fineart.es\/es_es\/producto\/bodegon-leon-reina-jose-antonio\/","og_site_name":"Villanueva Fineart","article_modified_time":"2023-09-16T17:45:19+00:00","og_image":[{"width":890,"height":659,"url":"https:\/\/villanueva-fineart.es\/wp-content\/uploads\/2021\/12\/L.-Reina-3.jpg","type":"image\/jpeg"}],"twitter_card":"summary_large_image","schema":{"@context":"https:\/\/schema.org","@graph":[{"@type":"WebPage","@id":"https:\/\/villanueva-fineart.es\/producto\/bodegon-leon-reina-jose-antonio\/","url":"https:\/\/villanueva-fineart.es\/producto\/bodegon-leon-reina-jose-antonio\/","name":"Bodeg\u00f3n, Le\u00f3n Reina, Jos\u00e9 Antonio - Villanueva Fineart","isPartOf":{"@id":"http:\/\/villanueva-fineart.es\/#website"},"primaryImageOfPage":{"@id":"https:\/\/villanueva-fineart.es\/producto\/bodegon-leon-reina-jose-antonio\/#primaryimage"},"image":{"@id":"https:\/\/villanueva-fineart.es\/producto\/bodegon-leon-reina-jose-antonio\/#primaryimage"},"thumbnailUrl":"https:\/\/villanueva-fineart.es\/wp-content\/uploads\/2021\/12\/L.-Reina-3.jpg","datePublished":"2021-12-17T16:25:05+00:00","dateModified":"2023-09-16T17:45:19+00:00","breadcrumb":{"@id":"https:\/\/villanueva-fineart.es\/producto\/bodegon-leon-reina-jose-antonio\/#breadcrumb"},"inLanguage":"es","potentialAction":[{"@type":"ReadAction","target":["https:\/\/villanueva-fineart.es\/producto\/bodegon-leon-reina-jose-antonio\/"]}]},{"@type":"ImageObject","inLanguage":"es","@id":"https:\/\/villanueva-fineart.es\/producto\/bodegon-leon-reina-jose-antonio\/#primaryimage","url":"https:\/\/villanueva-fineart.es\/wp-content\/uploads\/2021\/12\/L.-Reina-3.jpg","contentUrl":"https:\/\/villanueva-fineart.es\/wp-content\/uploads\/2021\/12\/L.-Reina-3.jpg","width":890,"height":659},{"@type":"BreadcrumbList","@id":"https:\/\/villanueva-fineart.es\/producto\/bodegon-leon-reina-jose-antonio\/#breadcrumb","itemListElement":[{"@type":"ListItem","position":1,"name":"Inicio","item":"https:\/\/villanueva-fineart.es\/"},{"@type":"ListItem","position":2,"name":"Tienda","item":"https:\/\/villanueva-fineart.es\/es_es\/tienda\/"},{"@type":"ListItem","position":3,"name":"Bodeg\u00f3n, Le\u00f3n Reina, Jos\u00e9 Antonio"}]},{"@type":"WebSite","@id":"http:\/\/villanueva-fineart.es\/#website","url":"http:\/\/villanueva-fineart.es\/","name":"Villanueva Fineart","description":"Liquidaci\u00f3n de Obras de arte","publisher":{"@id":"http:\/\/villanueva-fineart.es\/#organization"},"potentialAction":[{"@type":"SearchAction","target":{"@type":"EntryPoint","urlTemplate":"http:\/\/villanueva-fineart.es\/?s={search_term_string}"},"query-input":{"@type":"PropertyValueSpecification","valueRequired":true,"valueName":"search_term_string"}}],"inLanguage":"es"},{"@type":"Organization","@id":"http:\/\/villanueva-fineart.es\/#organization","name":"Villanueva Fineart","url":"http:\/\/villanueva-fineart.es\/","logo":{"@type":"ImageObject","inLanguage":"es","@id":"http:\/\/villanueva-fineart.es\/#\/schema\/logo\/image\/","url":"https:\/\/villanueva-fineart.es\/wp-content\/uploads\/2021\/11\/Logo-fineart.jpg","contentUrl":"https:\/\/villanueva-fineart.es\/wp-content\/uploads\/2021\/11\/Logo-fineart.jpg","width":200,"height":85,"caption":"Villanueva Fineart"},"image":{"@id":"http:\/\/villanueva-fineart.es\/#\/schema\/logo\/image\/"}}]}},"_links":{"self":[{"href":"https:\/\/villanueva-fineart.es\/es_es\/wp-json\/wp\/v2\/product\/2305","targetHints":{"allow":["GET"]}}],"collection":[{"href":"https:\/\/villanueva-fineart.es\/es_es\/wp-json\/wp\/v2\/product"}],"about":[{"href":"https:\/\/villanueva-fineart.es\/es_es\/wp-json\/wp\/v2\/types\/product"}],"wp:featuredmedia":[{"embeddable":true,"href":"https:\/\/villanueva-fineart.es\/es_es\/wp-json\/wp\/v2\/media\/2311"}],"wp:attachment":[{"href":"https:\/\/villanueva-fineart.es\/es_es\/wp-json\/wp\/v2\/media?parent=2305"}],"wp:term":[{"taxonomy":"product_brand","embeddable":true,"href":"https:\/\/villanueva-fineart.es\/es_es\/wp-json\/wp\/v2\/product_brand?post=2305"},{"taxonomy":"product_cat","embeddable":true,"href":"https:\/\/villanueva-fineart.es\/es_es\/wp-json\/wp\/v2\/product_cat?post=2305"},{"taxonomy":"product_tag","embeddable":true,"href":"https:\/\/villanueva-fineart.es\/es_es\/wp-json\/wp\/v2\/product_tag?post=2305"}],"curies":[{"name":"wp","href":"https:\/\/api.w.org\/{rel}","templated":true}]}}