{"id":2112,"date":"2021-12-12T18:45:04","date_gmt":"2021-12-12T18:45:04","guid":{"rendered":"https:\/\/villanueva-fineart.es\/?post_type=product&#038;p=2112"},"modified":"2022-01-23T12:29:37","modified_gmt":"2022-01-23T12:29:37","slug":"rosas-iii-luis-fernandez-hebrero","status":"publish","type":"product","link":"https:\/\/villanueva-fineart.es\/es_es\/producto\/rosas-iii-luis-fernandez-hebrero\/","title":{"rendered":"Rosas III, Luis Fern\u00e1ndez Hebrero"},"content":{"rendered":"<p>Peque\u00f1as rosas III , \u00f3leo sobre lienzo, Firmado, 27&#215;22 cm.<\/p>\n","protected":false},"excerpt":{"rendered":"<p>Peque\u00f1as rosas III , \u00f3leo sobre lienzo, Firmado, 27&#215;22 cm.<\/p>\n","protected":false},"featured_media":2150,"template":"","meta":[],"product_brand":[],"product_cat":[24,27,31],"product_tag":[],"class_list":{"0":"post-2112","1":"product","2":"type-product","3":"status-publish","4":"has-post-thumbnail","6":"product_cat-obra","7":"product_cat-flores","8":"product_cat-oleo","9":"sales-flash-overlay","10":"woocommerce-text-align-center","11":"woocommerce-image-align-center","12":"do-quantity-buttons","14":"first","15":"instock","16":"sale","17":"sold-individually","18":"taxable","19":"shipping-taxable","20":"purchasable","21":"product-type-simple"},"yoast_head":"<!-- This site is optimized with the Yoast SEO plugin v25.9 - https:\/\/yoast.com\/wordpress\/plugins\/seo\/ -->\n<title>Rosas III, Luis Fern\u00e1ndez Hebrero - Villanueva Fineart<\/title>\n<meta name=\"description\" content=\"Luis Fern\u00e1ndez Hebrero 1958Luis Fern\u00e1ndez Hebrero naci\u00f3 en Torrej\u00f3n de Ardoz \u2013 Madrid. Fue aceptado en el muy distinguido C\u00edrculo de Bellas Artes de Madrid, donde estudi\u00f3 con el maestro pintor Juan Valenzuela y Chac\u00f3n. El hermoso paisaje de Luis y las pinturas de naturalezas muertas dan un sentido de romance y energ\u00eda. Hebrero tiene la habilidad magistral de capturar la esencia de sus sujetos a trav\u00e9s de su color.\" \/>\n<meta name=\"robots\" content=\"index, follow, max-snippet:-1, max-image-preview:large, max-video-preview:-1\" \/>\n<link rel=\"canonical\" href=\"https:\/\/villanueva-fineart.es\/es_es\/product\/rosas-iii-luis-fernandez-hebrero\/\" \/>\n<meta property=\"og:locale\" content=\"es_ES\" \/>\n<meta property=\"og:type\" content=\"article\" \/>\n<meta property=\"og:title\" content=\"Rosas III, Luis Fern\u00e1ndez Hebrero - Villanueva Fineart\" \/>\n<meta property=\"og:description\" content=\"Luis Fern\u00e1ndez Hebrero 1958Luis Fern\u00e1ndez Hebrero naci\u00f3 en Torrej\u00f3n de Ardoz \u2013 Madrid. Fue aceptado en el muy distinguido C\u00edrculo de Bellas Artes de Madrid, donde estudi\u00f3 con el maestro pintor Juan Valenzuela y Chac\u00f3n. El hermoso paisaje de Luis y las pinturas de naturalezas muertas dan un sentido de romance y energ\u00eda. Hebrero tiene la habilidad magistral de capturar la esencia de sus sujetos a trav\u00e9s de su color.\" \/>\n<meta property=\"og:url\" content=\"https:\/\/villanueva-fineart.es\/es_es\/product\/rosas-iii-luis-fernandez-hebrero\/\" \/>\n<meta property=\"og:site_name\" content=\"Villanueva Fineart\" \/>\n<meta property=\"article:modified_time\" content=\"2022-01-23T12:29:37+00:00\" \/>\n<meta property=\"og:image\" content=\"https:\/\/villanueva-fineart.es\/wp-content\/uploads\/2021\/12\/Fotos-nuevas-12-1.jpg\" \/>\n\t<meta property=\"og:image:width\" content=\"890\" \/>\n\t<meta property=\"og:image:height\" content=\"1087\" \/>\n\t<meta property=\"og:image:type\" content=\"image\/jpeg\" \/>\n<meta name=\"twitter:card\" content=\"summary_large_image\" \/>\n<meta name=\"twitter:label1\" content=\"Tiempo de lectura\" \/>\n\t<meta name=\"twitter:data1\" content=\"1 minuto\" \/>\n<script type=\"application\/ld+json\" class=\"yoast-schema-graph\">{\"@context\":\"https:\/\/schema.org\",\"@graph\":[{\"@type\":\"WebPage\",\"@id\":\"https:\/\/villanueva-fineart.es\/en\/product\/rosas-iii-luis-fernandez-hebrero\/\",\"url\":\"https:\/\/villanueva-fineart.es\/en\/product\/rosas-iii-luis-fernandez-hebrero\/\",\"name\":\"Rosas III, Luis Fern\u00e1ndez Hebrero - Villanueva Fineart\",\"isPartOf\":{\"@id\":\"http:\/\/villanueva-fineart.es\/#website\"},\"primaryImageOfPage\":{\"@id\":\"https:\/\/villanueva-fineart.es\/en\/product\/rosas-iii-luis-fernandez-hebrero\/#primaryimage\"},\"image\":{\"@id\":\"https:\/\/villanueva-fineart.es\/en\/product\/rosas-iii-luis-fernandez-hebrero\/#primaryimage\"},\"thumbnailUrl\":\"https:\/\/villanueva-fineart.es\/wp-content\/uploads\/2021\/12\/Fotos-nuevas-12-1.jpg\",\"datePublished\":\"2021-12-12T18:45:04+00:00\",\"dateModified\":\"2022-01-23T12:29:37+00:00\",\"description\":\"Luis Fern\u00e1ndez Hebrero 1958Luis Fern\u00e1ndez Hebrero naci\u00f3 en Torrej\u00f3n de Ardoz \u2013 Madrid. Fue aceptado en el muy distinguido C\u00edrculo de Bellas Artes de Madrid, donde estudi\u00f3 con el maestro pintor Juan Valenzuela y Chac\u00f3n. El hermoso paisaje de Luis y las pinturas de naturalezas muertas dan un sentido de romance y energ\u00eda. Hebrero tiene la habilidad magistral de capturar la esencia de sus sujetos a trav\u00e9s de su color.\",\"breadcrumb\":{\"@id\":\"https:\/\/villanueva-fineart.es\/en\/product\/rosas-iii-luis-fernandez-hebrero\/#breadcrumb\"},\"inLanguage\":\"es\",\"potentialAction\":[{\"@type\":\"ReadAction\",\"target\":[\"https:\/\/villanueva-fineart.es\/en\/product\/rosas-iii-luis-fernandez-hebrero\/\"]}]},{\"@type\":\"ImageObject\",\"inLanguage\":\"es\",\"@id\":\"https:\/\/villanueva-fineart.es\/en\/product\/rosas-iii-luis-fernandez-hebrero\/#primaryimage\",\"url\":\"https:\/\/villanueva-fineart.es\/wp-content\/uploads\/2021\/12\/Fotos-nuevas-12-1.jpg\",\"contentUrl\":\"https:\/\/villanueva-fineart.es\/wp-content\/uploads\/2021\/12\/Fotos-nuevas-12-1.jpg\",\"width\":890,\"height\":1087},{\"@type\":\"BreadcrumbList\",\"@id\":\"https:\/\/villanueva-fineart.es\/en\/product\/rosas-iii-luis-fernandez-hebrero\/#breadcrumb\",\"itemListElement\":[{\"@type\":\"ListItem\",\"position\":1,\"name\":\"Inicio\",\"item\":\"https:\/\/villanueva-fineart.es\/\"},{\"@type\":\"ListItem\",\"position\":2,\"name\":\"Tienda\",\"item\":\"https:\/\/villanueva-fineart.es\/es_es\/tienda\/\"},{\"@type\":\"ListItem\",\"position\":3,\"name\":\"Rosas III, Luis Fern\u00e1ndez Hebrero\"}]},{\"@type\":\"WebSite\",\"@id\":\"http:\/\/villanueva-fineart.es\/#website\",\"url\":\"http:\/\/villanueva-fineart.es\/\",\"name\":\"Villanueva Fineart\",\"description\":\"Liquidaci\u00f3n de Obras de arte\",\"publisher\":{\"@id\":\"http:\/\/villanueva-fineart.es\/#organization\"},\"potentialAction\":[{\"@type\":\"SearchAction\",\"target\":{\"@type\":\"EntryPoint\",\"urlTemplate\":\"http:\/\/villanueva-fineart.es\/?s={search_term_string}\"},\"query-input\":{\"@type\":\"PropertyValueSpecification\",\"valueRequired\":true,\"valueName\":\"search_term_string\"}}],\"inLanguage\":\"es\"},{\"@type\":\"Organization\",\"@id\":\"http:\/\/villanueva-fineart.es\/#organization\",\"name\":\"Villanueva Fineart\",\"url\":\"http:\/\/villanueva-fineart.es\/\",\"logo\":{\"@type\":\"ImageObject\",\"inLanguage\":\"es\",\"@id\":\"http:\/\/villanueva-fineart.es\/#\/schema\/logo\/image\/\",\"url\":\"https:\/\/villanueva-fineart.es\/wp-content\/uploads\/2021\/11\/Logo-fineart.jpg\",\"contentUrl\":\"https:\/\/villanueva-fineart.es\/wp-content\/uploads\/2021\/11\/Logo-fineart.jpg\",\"width\":200,\"height\":85,\"caption\":\"Villanueva Fineart\"},\"image\":{\"@id\":\"http:\/\/villanueva-fineart.es\/#\/schema\/logo\/image\/\"}}]}<\/script>\n<!-- \/ Yoast SEO plugin. -->","yoast_head_json":{"title":"Rosas III, Luis Fern\u00e1ndez Hebrero - Villanueva Fineart","description":"Luis Fern\u00e1ndez Hebrero 1958Luis Fern\u00e1ndez Hebrero naci\u00f3 en Torrej\u00f3n de Ardoz \u2013 Madrid. Fue aceptado en el muy distinguido C\u00edrculo de Bellas Artes de Madrid, donde estudi\u00f3 con el maestro pintor Juan Valenzuela y Chac\u00f3n. El hermoso paisaje de Luis y las pinturas de naturalezas muertas dan un sentido de romance y energ\u00eda. Hebrero tiene la habilidad magistral de capturar la esencia de sus sujetos a trav\u00e9s de su color.","robots":{"index":"index","follow":"follow","max-snippet":"max-snippet:-1","max-image-preview":"max-image-preview:large","max-video-preview":"max-video-preview:-1"},"canonical":"https:\/\/villanueva-fineart.es\/es_es\/product\/rosas-iii-luis-fernandez-hebrero\/","og_locale":"es_ES","og_type":"article","og_title":"Rosas III, Luis Fern\u00e1ndez Hebrero - Villanueva Fineart","og_description":"Luis Fern\u00e1ndez Hebrero 1958Luis Fern\u00e1ndez Hebrero naci\u00f3 en Torrej\u00f3n de Ardoz \u2013 Madrid. Fue aceptado en el muy distinguido C\u00edrculo de Bellas Artes de Madrid, donde estudi\u00f3 con el maestro pintor Juan Valenzuela y Chac\u00f3n. El hermoso paisaje de Luis y las pinturas de naturalezas muertas dan un sentido de romance y energ\u00eda. Hebrero tiene la habilidad magistral de capturar la esencia de sus sujetos a trav\u00e9s de su color.","og_url":"https:\/\/villanueva-fineart.es\/es_es\/product\/rosas-iii-luis-fernandez-hebrero\/","og_site_name":"Villanueva Fineart","article_modified_time":"2022-01-23T12:29:37+00:00","og_image":[{"width":890,"height":1087,"url":"https:\/\/villanueva-fineart.es\/wp-content\/uploads\/2021\/12\/Fotos-nuevas-12-1.jpg","type":"image\/jpeg"}],"twitter_card":"summary_large_image","twitter_misc":{"Tiempo de lectura":"1 minuto"},"schema":{"@context":"https:\/\/schema.org","@graph":[{"@type":"WebPage","@id":"https:\/\/villanueva-fineart.es\/en\/product\/rosas-iii-luis-fernandez-hebrero\/","url":"https:\/\/villanueva-fineart.es\/en\/product\/rosas-iii-luis-fernandez-hebrero\/","name":"Rosas III, Luis Fern\u00e1ndez Hebrero - Villanueva Fineart","isPartOf":{"@id":"http:\/\/villanueva-fineart.es\/#website"},"primaryImageOfPage":{"@id":"https:\/\/villanueva-fineart.es\/en\/product\/rosas-iii-luis-fernandez-hebrero\/#primaryimage"},"image":{"@id":"https:\/\/villanueva-fineart.es\/en\/product\/rosas-iii-luis-fernandez-hebrero\/#primaryimage"},"thumbnailUrl":"https:\/\/villanueva-fineart.es\/wp-content\/uploads\/2021\/12\/Fotos-nuevas-12-1.jpg","datePublished":"2021-12-12T18:45:04+00:00","dateModified":"2022-01-23T12:29:37+00:00","description":"Luis Fern\u00e1ndez Hebrero 1958Luis Fern\u00e1ndez Hebrero naci\u00f3 en Torrej\u00f3n de Ardoz \u2013 Madrid. Fue aceptado en el muy distinguido C\u00edrculo de Bellas Artes de Madrid, donde estudi\u00f3 con el maestro pintor Juan Valenzuela y Chac\u00f3n. El hermoso paisaje de Luis y las pinturas de naturalezas muertas dan un sentido de romance y energ\u00eda. Hebrero tiene la habilidad magistral de capturar la esencia de sus sujetos a trav\u00e9s de su color.","breadcrumb":{"@id":"https:\/\/villanueva-fineart.es\/en\/product\/rosas-iii-luis-fernandez-hebrero\/#breadcrumb"},"inLanguage":"es","potentialAction":[{"@type":"ReadAction","target":["https:\/\/villanueva-fineart.es\/en\/product\/rosas-iii-luis-fernandez-hebrero\/"]}]},{"@type":"ImageObject","inLanguage":"es","@id":"https:\/\/villanueva-fineart.es\/en\/product\/rosas-iii-luis-fernandez-hebrero\/#primaryimage","url":"https:\/\/villanueva-fineart.es\/wp-content\/uploads\/2021\/12\/Fotos-nuevas-12-1.jpg","contentUrl":"https:\/\/villanueva-fineart.es\/wp-content\/uploads\/2021\/12\/Fotos-nuevas-12-1.jpg","width":890,"height":1087},{"@type":"BreadcrumbList","@id":"https:\/\/villanueva-fineart.es\/en\/product\/rosas-iii-luis-fernandez-hebrero\/#breadcrumb","itemListElement":[{"@type":"ListItem","position":1,"name":"Inicio","item":"https:\/\/villanueva-fineart.es\/"},{"@type":"ListItem","position":2,"name":"Tienda","item":"https:\/\/villanueva-fineart.es\/es_es\/tienda\/"},{"@type":"ListItem","position":3,"name":"Rosas III, Luis Fern\u00e1ndez Hebrero"}]},{"@type":"WebSite","@id":"http:\/\/villanueva-fineart.es\/#website","url":"http:\/\/villanueva-fineart.es\/","name":"Villanueva Fineart","description":"Liquidaci\u00f3n de Obras de arte","publisher":{"@id":"http:\/\/villanueva-fineart.es\/#organization"},"potentialAction":[{"@type":"SearchAction","target":{"@type":"EntryPoint","urlTemplate":"http:\/\/villanueva-fineart.es\/?s={search_term_string}"},"query-input":{"@type":"PropertyValueSpecification","valueRequired":true,"valueName":"search_term_string"}}],"inLanguage":"es"},{"@type":"Organization","@id":"http:\/\/villanueva-fineart.es\/#organization","name":"Villanueva Fineart","url":"http:\/\/villanueva-fineart.es\/","logo":{"@type":"ImageObject","inLanguage":"es","@id":"http:\/\/villanueva-fineart.es\/#\/schema\/logo\/image\/","url":"https:\/\/villanueva-fineart.es\/wp-content\/uploads\/2021\/11\/Logo-fineart.jpg","contentUrl":"https:\/\/villanueva-fineart.es\/wp-content\/uploads\/2021\/11\/Logo-fineart.jpg","width":200,"height":85,"caption":"Villanueva Fineart"},"image":{"@id":"http:\/\/villanueva-fineart.es\/#\/schema\/logo\/image\/"}}]}},"_links":{"self":[{"href":"https:\/\/villanueva-fineart.es\/es_es\/wp-json\/wp\/v2\/product\/2112","targetHints":{"allow":["GET"]}}],"collection":[{"href":"https:\/\/villanueva-fineart.es\/es_es\/wp-json\/wp\/v2\/product"}],"about":[{"href":"https:\/\/villanueva-fineart.es\/es_es\/wp-json\/wp\/v2\/types\/product"}],"wp:featuredmedia":[{"embeddable":true,"href":"https:\/\/villanueva-fineart.es\/es_es\/wp-json\/wp\/v2\/media\/2150"}],"wp:attachment":[{"href":"https:\/\/villanueva-fineart.es\/es_es\/wp-json\/wp\/v2\/media?parent=2112"}],"wp:term":[{"taxonomy":"product_brand","embeddable":true,"href":"https:\/\/villanueva-fineart.es\/es_es\/wp-json\/wp\/v2\/product_brand?post=2112"},{"taxonomy":"product_cat","embeddable":true,"href":"https:\/\/villanueva-fineart.es\/es_es\/wp-json\/wp\/v2\/product_cat?post=2112"},{"taxonomy":"product_tag","embeddable":true,"href":"https:\/\/villanueva-fineart.es\/es_es\/wp-json\/wp\/v2\/product_tag?post=2112"}],"curies":[{"name":"wp","href":"https:\/\/api.w.org\/{rel}","templated":true}]}}