{"id":2045,"date":"2021-12-11T14:30:55","date_gmt":"2021-12-11T14:30:55","guid":{"rendered":"https:\/\/villanueva-fineart.es\/?post_type=product&#038;p=2045"},"modified":"2022-01-22T13:26:40","modified_gmt":"2022-01-22T13:26:40","slug":"hoy-jorge-conde","status":"publish","type":"product","link":"https:\/\/villanueva-fineart.es\/es_es\/producto\/hoy-jorge-conde\/","title":{"rendered":"Hoy, Jorge Conde"},"content":{"rendered":"","protected":false},"excerpt":{"rendered":"<p>Hoy, \u00f3leo sobre lienzo, Firmado, 50x50cm.<\/p>\n","protected":false},"featured_media":2192,"template":"","meta":[],"product_brand":[],"product_cat":[24,31],"product_tag":[],"class_list":{"0":"post-2045","1":"product","2":"type-product","3":"status-publish","4":"has-post-thumbnail","6":"product_cat-obra","7":"product_cat-oleo","8":"sales-flash-overlay","9":"woocommerce-text-align-center","10":"woocommerce-image-align-center","11":"do-quantity-buttons","12":"wc-has-gallery","14":"first","15":"instock","16":"sale","17":"sold-individually","18":"taxable","19":"shipping-taxable","20":"purchasable","21":"product-type-simple"},"yoast_head":"<!-- This site is optimized with the Yoast SEO plugin v25.9 - https:\/\/yoast.com\/wordpress\/plugins\/seo\/ -->\n<title>Hoy, Jorge Conde - Villanueva Fineart<\/title>\n<meta name=\"description\" content=\"Jorge Conde (Barcelona, 1968) es un artista multidisciplinar que trabaja la fotograf\u00eda y la pintura, realiza instalaciones, v\u00eddeos y arte sonoro. Con estos elementos construye un universo cr\u00edtico y sarc\u00e1stico con los excesos de la sociedad contempor\u00e1nea y con el modelo de desarrollo actual.\" \/>\n<meta name=\"robots\" content=\"index, follow, max-snippet:-1, max-image-preview:large, max-video-preview:-1\" \/>\n<link rel=\"canonical\" href=\"https:\/\/villanueva-fineart.es\/es_es\/producto\/hoy-jorge-conde\/\" \/>\n<meta property=\"og:locale\" content=\"es_ES\" \/>\n<meta property=\"og:type\" content=\"article\" \/>\n<meta property=\"og:title\" content=\"Hoy, Jorge Conde - Villanueva Fineart\" \/>\n<meta property=\"og:description\" content=\"Jorge Conde (Barcelona, 1968) es un artista multidisciplinar que trabaja la fotograf\u00eda y la pintura, realiza instalaciones, v\u00eddeos y arte sonoro. Con estos elementos construye un universo cr\u00edtico y sarc\u00e1stico con los excesos de la sociedad contempor\u00e1nea y con el modelo de desarrollo actual.\" \/>\n<meta property=\"og:url\" content=\"https:\/\/villanueva-fineart.es\/es_es\/producto\/hoy-jorge-conde\/\" \/>\n<meta property=\"og:site_name\" content=\"Villanueva Fineart\" \/>\n<meta property=\"article:modified_time\" content=\"2022-01-22T13:26:40+00:00\" \/>\n<meta property=\"og:image\" content=\"https:\/\/villanueva-fineart.es\/wp-content\/uploads\/2021\/12\/20210819_113515-1.jpg\" \/>\n\t<meta property=\"og:image:width\" content=\"890\" \/>\n\t<meta property=\"og:image:height\" content=\"891\" \/>\n\t<meta property=\"og:image:type\" content=\"image\/jpeg\" \/>\n<meta name=\"twitter:card\" content=\"summary_large_image\" \/>\n<script type=\"application\/ld+json\" class=\"yoast-schema-graph\">{\"@context\":\"https:\/\/schema.org\",\"@graph\":[{\"@type\":\"WebPage\",\"@id\":\"https:\/\/villanueva-fineart.es\/producto\/hoy-jorge-conde\/\",\"url\":\"https:\/\/villanueva-fineart.es\/producto\/hoy-jorge-conde\/\",\"name\":\"Hoy, Jorge Conde - Villanueva Fineart\",\"isPartOf\":{\"@id\":\"http:\/\/villanueva-fineart.es\/#website\"},\"primaryImageOfPage\":{\"@id\":\"https:\/\/villanueva-fineart.es\/producto\/hoy-jorge-conde\/#primaryimage\"},\"image\":{\"@id\":\"https:\/\/villanueva-fineart.es\/producto\/hoy-jorge-conde\/#primaryimage\"},\"thumbnailUrl\":\"https:\/\/villanueva-fineart.es\/wp-content\/uploads\/2021\/12\/20210819_113515-1.jpg\",\"datePublished\":\"2021-12-11T14:30:55+00:00\",\"dateModified\":\"2022-01-22T13:26:40+00:00\",\"description\":\"Jorge Conde (Barcelona, 1968) es un artista multidisciplinar que trabaja la fotograf\u00eda y la pintura, realiza instalaciones, v\u00eddeos y arte sonoro. Con estos elementos construye un universo cr\u00edtico y sarc\u00e1stico con los excesos de la sociedad contempor\u00e1nea y con el modelo de desarrollo actual.\",\"breadcrumb\":{\"@id\":\"https:\/\/villanueva-fineart.es\/producto\/hoy-jorge-conde\/#breadcrumb\"},\"inLanguage\":\"es\",\"potentialAction\":[{\"@type\":\"ReadAction\",\"target\":[\"https:\/\/villanueva-fineart.es\/producto\/hoy-jorge-conde\/\"]}]},{\"@type\":\"ImageObject\",\"inLanguage\":\"es\",\"@id\":\"https:\/\/villanueva-fineart.es\/producto\/hoy-jorge-conde\/#primaryimage\",\"url\":\"https:\/\/villanueva-fineart.es\/wp-content\/uploads\/2021\/12\/20210819_113515-1.jpg\",\"contentUrl\":\"https:\/\/villanueva-fineart.es\/wp-content\/uploads\/2021\/12\/20210819_113515-1.jpg\",\"width\":890,\"height\":891},{\"@type\":\"BreadcrumbList\",\"@id\":\"https:\/\/villanueva-fineart.es\/producto\/hoy-jorge-conde\/#breadcrumb\",\"itemListElement\":[{\"@type\":\"ListItem\",\"position\":1,\"name\":\"Inicio\",\"item\":\"https:\/\/villanueva-fineart.es\/\"},{\"@type\":\"ListItem\",\"position\":2,\"name\":\"Tienda\",\"item\":\"https:\/\/villanueva-fineart.es\/es_es\/tienda\/\"},{\"@type\":\"ListItem\",\"position\":3,\"name\":\"Hoy, Jorge Conde\"}]},{\"@type\":\"WebSite\",\"@id\":\"http:\/\/villanueva-fineart.es\/#website\",\"url\":\"http:\/\/villanueva-fineart.es\/\",\"name\":\"Villanueva Fineart\",\"description\":\"Liquidaci\u00f3n de Obras de arte\",\"publisher\":{\"@id\":\"http:\/\/villanueva-fineart.es\/#organization\"},\"potentialAction\":[{\"@type\":\"SearchAction\",\"target\":{\"@type\":\"EntryPoint\",\"urlTemplate\":\"http:\/\/villanueva-fineart.es\/?s={search_term_string}\"},\"query-input\":{\"@type\":\"PropertyValueSpecification\",\"valueRequired\":true,\"valueName\":\"search_term_string\"}}],\"inLanguage\":\"es\"},{\"@type\":\"Organization\",\"@id\":\"http:\/\/villanueva-fineart.es\/#organization\",\"name\":\"Villanueva Fineart\",\"url\":\"http:\/\/villanueva-fineart.es\/\",\"logo\":{\"@type\":\"ImageObject\",\"inLanguage\":\"es\",\"@id\":\"http:\/\/villanueva-fineart.es\/#\/schema\/logo\/image\/\",\"url\":\"https:\/\/villanueva-fineart.es\/wp-content\/uploads\/2021\/11\/Logo-fineart.jpg\",\"contentUrl\":\"https:\/\/villanueva-fineart.es\/wp-content\/uploads\/2021\/11\/Logo-fineart.jpg\",\"width\":200,\"height\":85,\"caption\":\"Villanueva Fineart\"},\"image\":{\"@id\":\"http:\/\/villanueva-fineart.es\/#\/schema\/logo\/image\/\"}}]}<\/script>\n<!-- \/ Yoast SEO plugin. -->","yoast_head_json":{"title":"Hoy, Jorge Conde - Villanueva Fineart","description":"Jorge Conde (Barcelona, 1968) es un artista multidisciplinar que trabaja la fotograf\u00eda y la pintura, realiza instalaciones, v\u00eddeos y arte sonoro. Con estos elementos construye un universo cr\u00edtico y sarc\u00e1stico con los excesos de la sociedad contempor\u00e1nea y con el modelo de desarrollo actual.","robots":{"index":"index","follow":"follow","max-snippet":"max-snippet:-1","max-image-preview":"max-image-preview:large","max-video-preview":"max-video-preview:-1"},"canonical":"https:\/\/villanueva-fineart.es\/es_es\/producto\/hoy-jorge-conde\/","og_locale":"es_ES","og_type":"article","og_title":"Hoy, Jorge Conde - Villanueva Fineart","og_description":"Jorge Conde (Barcelona, 1968) es un artista multidisciplinar que trabaja la fotograf\u00eda y la pintura, realiza instalaciones, v\u00eddeos y arte sonoro. Con estos elementos construye un universo cr\u00edtico y sarc\u00e1stico con los excesos de la sociedad contempor\u00e1nea y con el modelo de desarrollo actual.","og_url":"https:\/\/villanueva-fineart.es\/es_es\/producto\/hoy-jorge-conde\/","og_site_name":"Villanueva Fineart","article_modified_time":"2022-01-22T13:26:40+00:00","og_image":[{"width":890,"height":891,"url":"https:\/\/villanueva-fineart.es\/wp-content\/uploads\/2021\/12\/20210819_113515-1.jpg","type":"image\/jpeg"}],"twitter_card":"summary_large_image","schema":{"@context":"https:\/\/schema.org","@graph":[{"@type":"WebPage","@id":"https:\/\/villanueva-fineart.es\/producto\/hoy-jorge-conde\/","url":"https:\/\/villanueva-fineart.es\/producto\/hoy-jorge-conde\/","name":"Hoy, Jorge Conde - Villanueva Fineart","isPartOf":{"@id":"http:\/\/villanueva-fineart.es\/#website"},"primaryImageOfPage":{"@id":"https:\/\/villanueva-fineart.es\/producto\/hoy-jorge-conde\/#primaryimage"},"image":{"@id":"https:\/\/villanueva-fineart.es\/producto\/hoy-jorge-conde\/#primaryimage"},"thumbnailUrl":"https:\/\/villanueva-fineart.es\/wp-content\/uploads\/2021\/12\/20210819_113515-1.jpg","datePublished":"2021-12-11T14:30:55+00:00","dateModified":"2022-01-22T13:26:40+00:00","description":"Jorge Conde (Barcelona, 1968) es un artista multidisciplinar que trabaja la fotograf\u00eda y la pintura, realiza instalaciones, v\u00eddeos y arte sonoro. Con estos elementos construye un universo cr\u00edtico y sarc\u00e1stico con los excesos de la sociedad contempor\u00e1nea y con el modelo de desarrollo actual.","breadcrumb":{"@id":"https:\/\/villanueva-fineart.es\/producto\/hoy-jorge-conde\/#breadcrumb"},"inLanguage":"es","potentialAction":[{"@type":"ReadAction","target":["https:\/\/villanueva-fineart.es\/producto\/hoy-jorge-conde\/"]}]},{"@type":"ImageObject","inLanguage":"es","@id":"https:\/\/villanueva-fineart.es\/producto\/hoy-jorge-conde\/#primaryimage","url":"https:\/\/villanueva-fineart.es\/wp-content\/uploads\/2021\/12\/20210819_113515-1.jpg","contentUrl":"https:\/\/villanueva-fineart.es\/wp-content\/uploads\/2021\/12\/20210819_113515-1.jpg","width":890,"height":891},{"@type":"BreadcrumbList","@id":"https:\/\/villanueva-fineart.es\/producto\/hoy-jorge-conde\/#breadcrumb","itemListElement":[{"@type":"ListItem","position":1,"name":"Inicio","item":"https:\/\/villanueva-fineart.es\/"},{"@type":"ListItem","position":2,"name":"Tienda","item":"https:\/\/villanueva-fineart.es\/es_es\/tienda\/"},{"@type":"ListItem","position":3,"name":"Hoy, Jorge Conde"}]},{"@type":"WebSite","@id":"http:\/\/villanueva-fineart.es\/#website","url":"http:\/\/villanueva-fineart.es\/","name":"Villanueva Fineart","description":"Liquidaci\u00f3n de Obras de arte","publisher":{"@id":"http:\/\/villanueva-fineart.es\/#organization"},"potentialAction":[{"@type":"SearchAction","target":{"@type":"EntryPoint","urlTemplate":"http:\/\/villanueva-fineart.es\/?s={search_term_string}"},"query-input":{"@type":"PropertyValueSpecification","valueRequired":true,"valueName":"search_term_string"}}],"inLanguage":"es"},{"@type":"Organization","@id":"http:\/\/villanueva-fineart.es\/#organization","name":"Villanueva Fineart","url":"http:\/\/villanueva-fineart.es\/","logo":{"@type":"ImageObject","inLanguage":"es","@id":"http:\/\/villanueva-fineart.es\/#\/schema\/logo\/image\/","url":"https:\/\/villanueva-fineart.es\/wp-content\/uploads\/2021\/11\/Logo-fineart.jpg","contentUrl":"https:\/\/villanueva-fineart.es\/wp-content\/uploads\/2021\/11\/Logo-fineart.jpg","width":200,"height":85,"caption":"Villanueva Fineart"},"image":{"@id":"http:\/\/villanueva-fineart.es\/#\/schema\/logo\/image\/"}}]}},"_links":{"self":[{"href":"https:\/\/villanueva-fineart.es\/es_es\/wp-json\/wp\/v2\/product\/2045","targetHints":{"allow":["GET"]}}],"collection":[{"href":"https:\/\/villanueva-fineart.es\/es_es\/wp-json\/wp\/v2\/product"}],"about":[{"href":"https:\/\/villanueva-fineart.es\/es_es\/wp-json\/wp\/v2\/types\/product"}],"wp:featuredmedia":[{"embeddable":true,"href":"https:\/\/villanueva-fineart.es\/es_es\/wp-json\/wp\/v2\/media\/2192"}],"wp:attachment":[{"href":"https:\/\/villanueva-fineart.es\/es_es\/wp-json\/wp\/v2\/media?parent=2045"}],"wp:term":[{"taxonomy":"product_brand","embeddable":true,"href":"https:\/\/villanueva-fineart.es\/es_es\/wp-json\/wp\/v2\/product_brand?post=2045"},{"taxonomy":"product_cat","embeddable":true,"href":"https:\/\/villanueva-fineart.es\/es_es\/wp-json\/wp\/v2\/product_cat?post=2045"},{"taxonomy":"product_tag","embeddable":true,"href":"https:\/\/villanueva-fineart.es\/es_es\/wp-json\/wp\/v2\/product_tag?post=2045"}],"curies":[{"name":"wp","href":"https:\/\/api.w.org\/{rel}","templated":true}]}}