{"id":1991,"date":"2021-12-10T20:17:37","date_gmt":"2021-12-10T20:17:37","guid":{"rendered":"https:\/\/villanueva-fineart.es\/?post_type=product&#038;p=1991"},"modified":"2022-05-07T16:27:52","modified_gmt":"2022-05-07T16:27:52","slug":"el-circo-2003-alvaro-delga","status":"publish","type":"product","link":"https:\/\/villanueva-fineart.es\/es_es\/producto\/el-circo-2003-alvaro-delga\/","title":{"rendered":"El Circo 2003, \u00c1lvaro Delgado 02"},"content":{"rendered":"","protected":false},"excerpt":{"rendered":"<p>Grabado sobre papel \u00abEL CIRCO 2003\u00bb Edici\u00f3n limitada 24\/175, firmado. Medidas 55 x 40 cm.<\/p>\n","protected":false},"featured_media":2176,"template":"","meta":[],"product_brand":[],"product_cat":[46,24,29],"product_tag":[],"class_list":{"0":"post-1991","1":"product","2":"type-product","3":"status-publish","4":"has-post-thumbnail","6":"product_cat-500e-y-menos","7":"product_cat-obra","8":"product_cat-grabados","9":"sales-flash-overlay","10":"woocommerce-text-align-center","11":"woocommerce-image-align-center","12":"do-quantity-buttons","14":"first","15":"instock","16":"sale","17":"taxable","18":"shipping-taxable","19":"purchasable","20":"product-type-simple"},"yoast_head":"<!-- This site is optimized with the Yoast SEO plugin v25.9 - https:\/\/yoast.com\/wordpress\/plugins\/seo\/ -->\n<title>El Circo 2003, \u00c1lvaro Delgado 02 - Villanueva Fineart<\/title>\n<meta name=\"description\" content=\"ALVARO DELGADO 1.922 \u2013 2.016 Nacido en Madrid en 1922, es actualmente uno de los pintores m\u00e1s conocidos e importantes del expresionismo espa\u00f1ol, y uno de los retratistas de m\u00e1s alta cotizaci\u00f3n. Inicia su trayectoria realizando estudios en la Escuela de Pintura que dirigi\u00f3 en Madrid el pintor V\u00e1zquez D\u00edaz, siendo compa\u00f1ero de pintores del prestigio de Francisco San Jos\u00e9, Carlos Pascual de Lara, Mart\u00ednez Novillo o Garc\u00eda Ochoa. Fue uno de los fundadores de la Escuela de Vallecas.\" \/>\n<meta name=\"robots\" content=\"index, follow, max-snippet:-1, max-image-preview:large, max-video-preview:-1\" \/>\n<link rel=\"canonical\" href=\"https:\/\/villanueva-fineart.es\/es_es\/producto\/el-circo-2003-alvaro-delga\/\" \/>\n<meta property=\"og:locale\" content=\"es_ES\" \/>\n<meta property=\"og:type\" content=\"article\" \/>\n<meta property=\"og:title\" content=\"El Circo 2003, \u00c1lvaro Delgado 02 - Villanueva Fineart\" \/>\n<meta property=\"og:description\" content=\"ALVARO DELGADO 1.922 \u2013 2.016 Nacido en Madrid en 1922, es actualmente uno de los pintores m\u00e1s conocidos e importantes del expresionismo espa\u00f1ol, y uno de los retratistas de m\u00e1s alta cotizaci\u00f3n. Inicia su trayectoria realizando estudios en la Escuela de Pintura que dirigi\u00f3 en Madrid el pintor V\u00e1zquez D\u00edaz, siendo compa\u00f1ero de pintores del prestigio de Francisco San Jos\u00e9, Carlos Pascual de Lara, Mart\u00ednez Novillo o Garc\u00eda Ochoa. Fue uno de los fundadores de la Escuela de Vallecas.\" \/>\n<meta property=\"og:url\" content=\"https:\/\/villanueva-fineart.es\/es_es\/producto\/el-circo-2003-alvaro-delga\/\" \/>\n<meta property=\"og:site_name\" content=\"Villanueva Fineart\" \/>\n<meta property=\"article:modified_time\" content=\"2022-05-07T16:27:52+00:00\" \/>\n<meta property=\"og:image\" content=\"https:\/\/villanueva-fineart.es\/wp-content\/uploads\/2021\/12\/CamScanner-06-23-2021-12.17_1-1.jpg\" \/>\n\t<meta property=\"og:image:width\" content=\"890\" \/>\n\t<meta property=\"og:image:height\" content=\"1163\" \/>\n\t<meta property=\"og:image:type\" content=\"image\/jpeg\" \/>\n<meta name=\"twitter:card\" content=\"summary_large_image\" \/>\n<script type=\"application\/ld+json\" class=\"yoast-schema-graph\">{\"@context\":\"https:\/\/schema.org\",\"@graph\":[{\"@type\":\"WebPage\",\"@id\":\"https:\/\/villanueva-fineart.es\/producto\/el-circo-2003-alvaro-delga\/\",\"url\":\"https:\/\/villanueva-fineart.es\/producto\/el-circo-2003-alvaro-delga\/\",\"name\":\"El Circo 2003, \u00c1lvaro Delgado 02 - Villanueva Fineart\",\"isPartOf\":{\"@id\":\"http:\/\/villanueva-fineart.es\/#website\"},\"primaryImageOfPage\":{\"@id\":\"https:\/\/villanueva-fineart.es\/producto\/el-circo-2003-alvaro-delga\/#primaryimage\"},\"image\":{\"@id\":\"https:\/\/villanueva-fineart.es\/producto\/el-circo-2003-alvaro-delga\/#primaryimage\"},\"thumbnailUrl\":\"https:\/\/villanueva-fineart.es\/wp-content\/uploads\/2021\/12\/CamScanner-06-23-2021-12.17_1-1.jpg\",\"datePublished\":\"2021-12-10T20:17:37+00:00\",\"dateModified\":\"2022-05-07T16:27:52+00:00\",\"description\":\"ALVARO DELGADO 1.922 \u2013 2.016 Nacido en Madrid en 1922, es actualmente uno de los pintores m\u00e1s conocidos e importantes del expresionismo espa\u00f1ol, y uno de los retratistas de m\u00e1s alta cotizaci\u00f3n. Inicia su trayectoria realizando estudios en la Escuela de Pintura que dirigi\u00f3 en Madrid el pintor V\u00e1zquez D\u00edaz, siendo compa\u00f1ero de pintores del prestigio de Francisco San Jos\u00e9, Carlos Pascual de Lara, Mart\u00ednez Novillo o Garc\u00eda Ochoa. Fue uno de los fundadores de la Escuela de Vallecas.\",\"breadcrumb\":{\"@id\":\"https:\/\/villanueva-fineart.es\/producto\/el-circo-2003-alvaro-delga\/#breadcrumb\"},\"inLanguage\":\"es\",\"potentialAction\":[{\"@type\":\"ReadAction\",\"target\":[\"https:\/\/villanueva-fineart.es\/producto\/el-circo-2003-alvaro-delga\/\"]}]},{\"@type\":\"ImageObject\",\"inLanguage\":\"es\",\"@id\":\"https:\/\/villanueva-fineart.es\/producto\/el-circo-2003-alvaro-delga\/#primaryimage\",\"url\":\"https:\/\/villanueva-fineart.es\/wp-content\/uploads\/2021\/12\/CamScanner-06-23-2021-12.17_1-1.jpg\",\"contentUrl\":\"https:\/\/villanueva-fineart.es\/wp-content\/uploads\/2021\/12\/CamScanner-06-23-2021-12.17_1-1.jpg\",\"width\":890,\"height\":1163},{\"@type\":\"BreadcrumbList\",\"@id\":\"https:\/\/villanueva-fineart.es\/producto\/el-circo-2003-alvaro-delga\/#breadcrumb\",\"itemListElement\":[{\"@type\":\"ListItem\",\"position\":1,\"name\":\"Inicio\",\"item\":\"https:\/\/villanueva-fineart.es\/\"},{\"@type\":\"ListItem\",\"position\":2,\"name\":\"Tienda\",\"item\":\"https:\/\/villanueva-fineart.es\/es_es\/tienda\/\"},{\"@type\":\"ListItem\",\"position\":3,\"name\":\"El Circo 2003, \u00c1lvaro Delgado 02\"}]},{\"@type\":\"WebSite\",\"@id\":\"http:\/\/villanueva-fineart.es\/#website\",\"url\":\"http:\/\/villanueva-fineart.es\/\",\"name\":\"Villanueva Fineart\",\"description\":\"Liquidaci\u00f3n de Obras de arte\",\"publisher\":{\"@id\":\"http:\/\/villanueva-fineart.es\/#organization\"},\"potentialAction\":[{\"@type\":\"SearchAction\",\"target\":{\"@type\":\"EntryPoint\",\"urlTemplate\":\"http:\/\/villanueva-fineart.es\/?s={search_term_string}\"},\"query-input\":{\"@type\":\"PropertyValueSpecification\",\"valueRequired\":true,\"valueName\":\"search_term_string\"}}],\"inLanguage\":\"es\"},{\"@type\":\"Organization\",\"@id\":\"http:\/\/villanueva-fineart.es\/#organization\",\"name\":\"Villanueva Fineart\",\"url\":\"http:\/\/villanueva-fineart.es\/\",\"logo\":{\"@type\":\"ImageObject\",\"inLanguage\":\"es\",\"@id\":\"http:\/\/villanueva-fineart.es\/#\/schema\/logo\/image\/\",\"url\":\"https:\/\/villanueva-fineart.es\/wp-content\/uploads\/2021\/11\/Logo-fineart.jpg\",\"contentUrl\":\"https:\/\/villanueva-fineart.es\/wp-content\/uploads\/2021\/11\/Logo-fineart.jpg\",\"width\":200,\"height\":85,\"caption\":\"Villanueva Fineart\"},\"image\":{\"@id\":\"http:\/\/villanueva-fineart.es\/#\/schema\/logo\/image\/\"}}]}<\/script>\n<!-- \/ Yoast SEO plugin. -->","yoast_head_json":{"title":"El Circo 2003, \u00c1lvaro Delgado 02 - Villanueva Fineart","description":"ALVARO DELGADO 1.922 \u2013 2.016 Nacido en Madrid en 1922, es actualmente uno de los pintores m\u00e1s conocidos e importantes del expresionismo espa\u00f1ol, y uno de los retratistas de m\u00e1s alta cotizaci\u00f3n. Inicia su trayectoria realizando estudios en la Escuela de Pintura que dirigi\u00f3 en Madrid el pintor V\u00e1zquez D\u00edaz, siendo compa\u00f1ero de pintores del prestigio de Francisco San Jos\u00e9, Carlos Pascual de Lara, Mart\u00ednez Novillo o Garc\u00eda Ochoa. Fue uno de los fundadores de la Escuela de Vallecas.","robots":{"index":"index","follow":"follow","max-snippet":"max-snippet:-1","max-image-preview":"max-image-preview:large","max-video-preview":"max-video-preview:-1"},"canonical":"https:\/\/villanueva-fineart.es\/es_es\/producto\/el-circo-2003-alvaro-delga\/","og_locale":"es_ES","og_type":"article","og_title":"El Circo 2003, \u00c1lvaro Delgado 02 - Villanueva Fineart","og_description":"ALVARO DELGADO 1.922 \u2013 2.016 Nacido en Madrid en 1922, es actualmente uno de los pintores m\u00e1s conocidos e importantes del expresionismo espa\u00f1ol, y uno de los retratistas de m\u00e1s alta cotizaci\u00f3n. Inicia su trayectoria realizando estudios en la Escuela de Pintura que dirigi\u00f3 en Madrid el pintor V\u00e1zquez D\u00edaz, siendo compa\u00f1ero de pintores del prestigio de Francisco San Jos\u00e9, Carlos Pascual de Lara, Mart\u00ednez Novillo o Garc\u00eda Ochoa. Fue uno de los fundadores de la Escuela de Vallecas.","og_url":"https:\/\/villanueva-fineart.es\/es_es\/producto\/el-circo-2003-alvaro-delga\/","og_site_name":"Villanueva Fineart","article_modified_time":"2022-05-07T16:27:52+00:00","og_image":[{"width":890,"height":1163,"url":"https:\/\/villanueva-fineart.es\/wp-content\/uploads\/2021\/12\/CamScanner-06-23-2021-12.17_1-1.jpg","type":"image\/jpeg"}],"twitter_card":"summary_large_image","schema":{"@context":"https:\/\/schema.org","@graph":[{"@type":"WebPage","@id":"https:\/\/villanueva-fineart.es\/producto\/el-circo-2003-alvaro-delga\/","url":"https:\/\/villanueva-fineart.es\/producto\/el-circo-2003-alvaro-delga\/","name":"El Circo 2003, \u00c1lvaro Delgado 02 - Villanueva Fineart","isPartOf":{"@id":"http:\/\/villanueva-fineart.es\/#website"},"primaryImageOfPage":{"@id":"https:\/\/villanueva-fineart.es\/producto\/el-circo-2003-alvaro-delga\/#primaryimage"},"image":{"@id":"https:\/\/villanueva-fineart.es\/producto\/el-circo-2003-alvaro-delga\/#primaryimage"},"thumbnailUrl":"https:\/\/villanueva-fineart.es\/wp-content\/uploads\/2021\/12\/CamScanner-06-23-2021-12.17_1-1.jpg","datePublished":"2021-12-10T20:17:37+00:00","dateModified":"2022-05-07T16:27:52+00:00","description":"ALVARO DELGADO 1.922 \u2013 2.016 Nacido en Madrid en 1922, es actualmente uno de los pintores m\u00e1s conocidos e importantes del expresionismo espa\u00f1ol, y uno de los retratistas de m\u00e1s alta cotizaci\u00f3n. Inicia su trayectoria realizando estudios en la Escuela de Pintura que dirigi\u00f3 en Madrid el pintor V\u00e1zquez D\u00edaz, siendo compa\u00f1ero de pintores del prestigio de Francisco San Jos\u00e9, Carlos Pascual de Lara, Mart\u00ednez Novillo o Garc\u00eda Ochoa. Fue uno de los fundadores de la Escuela de Vallecas.","breadcrumb":{"@id":"https:\/\/villanueva-fineart.es\/producto\/el-circo-2003-alvaro-delga\/#breadcrumb"},"inLanguage":"es","potentialAction":[{"@type":"ReadAction","target":["https:\/\/villanueva-fineart.es\/producto\/el-circo-2003-alvaro-delga\/"]}]},{"@type":"ImageObject","inLanguage":"es","@id":"https:\/\/villanueva-fineart.es\/producto\/el-circo-2003-alvaro-delga\/#primaryimage","url":"https:\/\/villanueva-fineart.es\/wp-content\/uploads\/2021\/12\/CamScanner-06-23-2021-12.17_1-1.jpg","contentUrl":"https:\/\/villanueva-fineart.es\/wp-content\/uploads\/2021\/12\/CamScanner-06-23-2021-12.17_1-1.jpg","width":890,"height":1163},{"@type":"BreadcrumbList","@id":"https:\/\/villanueva-fineart.es\/producto\/el-circo-2003-alvaro-delga\/#breadcrumb","itemListElement":[{"@type":"ListItem","position":1,"name":"Inicio","item":"https:\/\/villanueva-fineart.es\/"},{"@type":"ListItem","position":2,"name":"Tienda","item":"https:\/\/villanueva-fineart.es\/es_es\/tienda\/"},{"@type":"ListItem","position":3,"name":"El Circo 2003, \u00c1lvaro Delgado 02"}]},{"@type":"WebSite","@id":"http:\/\/villanueva-fineart.es\/#website","url":"http:\/\/villanueva-fineart.es\/","name":"Villanueva Fineart","description":"Liquidaci\u00f3n de Obras de arte","publisher":{"@id":"http:\/\/villanueva-fineart.es\/#organization"},"potentialAction":[{"@type":"SearchAction","target":{"@type":"EntryPoint","urlTemplate":"http:\/\/villanueva-fineart.es\/?s={search_term_string}"},"query-input":{"@type":"PropertyValueSpecification","valueRequired":true,"valueName":"search_term_string"}}],"inLanguage":"es"},{"@type":"Organization","@id":"http:\/\/villanueva-fineart.es\/#organization","name":"Villanueva Fineart","url":"http:\/\/villanueva-fineart.es\/","logo":{"@type":"ImageObject","inLanguage":"es","@id":"http:\/\/villanueva-fineart.es\/#\/schema\/logo\/image\/","url":"https:\/\/villanueva-fineart.es\/wp-content\/uploads\/2021\/11\/Logo-fineart.jpg","contentUrl":"https:\/\/villanueva-fineart.es\/wp-content\/uploads\/2021\/11\/Logo-fineart.jpg","width":200,"height":85,"caption":"Villanueva Fineart"},"image":{"@id":"http:\/\/villanueva-fineart.es\/#\/schema\/logo\/image\/"}}]}},"_links":{"self":[{"href":"https:\/\/villanueva-fineart.es\/es_es\/wp-json\/wp\/v2\/product\/1991","targetHints":{"allow":["GET"]}}],"collection":[{"href":"https:\/\/villanueva-fineart.es\/es_es\/wp-json\/wp\/v2\/product"}],"about":[{"href":"https:\/\/villanueva-fineart.es\/es_es\/wp-json\/wp\/v2\/types\/product"}],"wp:featuredmedia":[{"embeddable":true,"href":"https:\/\/villanueva-fineart.es\/es_es\/wp-json\/wp\/v2\/media\/2176"}],"wp:attachment":[{"href":"https:\/\/villanueva-fineart.es\/es_es\/wp-json\/wp\/v2\/media?parent=1991"}],"wp:term":[{"taxonomy":"product_brand","embeddable":true,"href":"https:\/\/villanueva-fineart.es\/es_es\/wp-json\/wp\/v2\/product_brand?post=1991"},{"taxonomy":"product_cat","embeddable":true,"href":"https:\/\/villanueva-fineart.es\/es_es\/wp-json\/wp\/v2\/product_cat?post=1991"},{"taxonomy":"product_tag","embeddable":true,"href":"https:\/\/villanueva-fineart.es\/es_es\/wp-json\/wp\/v2\/product_tag?post=1991"}],"curies":[{"name":"wp","href":"https:\/\/api.w.org\/{rel}","templated":true}]}}