{"id":4842,"date":"2022-04-24T21:13:34","date_gmt":"2022-04-24T21:13:34","guid":{"rendered":"https:\/\/villanueva-fineart.es\/?page_id=4842"},"modified":"2022-04-24T21:30:30","modified_gmt":"2022-04-24T21:30:30","slug":"salvador-dali","status":"publish","type":"page","link":"https:\/\/villanueva-fineart.es\/es_es\/salvador-dali\/","title":{"rendered":"Salvador Dal\u00ed"},"content":{"rendered":"\t\t<div data-elementor-type=\"wp-page\" data-elementor-id=\"4842\" class=\"elementor elementor-4842\" data-elementor-post-type=\"page\">\n\t\t\t\t\t\t<section class=\"elementor-section elementor-top-section elementor-element elementor-element-7da3ceb elementor-section-full_width elementor-section-height-default elementor-section-height-default\" data-id=\"7da3ceb\" data-element_type=\"section\">\n\t\t\t\t\t\t<div class=\"elementor-container elementor-column-gap-default\">\n\t\t\t\t\t<div class=\"elementor-column elementor-col-100 elementor-top-column elementor-element elementor-element-fe60994\" data-id=\"fe60994\" data-element_type=\"column\">\n\t\t\t<div class=\"elementor-widget-wrap elementor-element-populated\">\n\t\t\t\t\t\t<div class=\"elementor-element elementor-element-019e990 elementor-widget-divider--view-line elementor-widget elementor-widget-divider\" data-id=\"019e990\" data-element_type=\"widget\" data-widget_type=\"divider.default\">\n\t\t\t\t<div class=\"elementor-widget-container\">\n\t\t\t\t\t\t\t<div class=\"elementor-divider\">\n\t\t\t<span class=\"elementor-divider-separator\">\n\t\t\t\t\t\t<\/span>\n\t\t<\/div>\n\t\t\t\t\t\t<\/div>\n\t\t\t\t<\/div>\n\t\t\t\t\t<\/div>\n\t\t<\/div>\n\t\t\t\t\t<\/div>\n\t\t<\/section>\n\t\t\t\t<section class=\"elementor-section elementor-top-section elementor-element elementor-element-04cd1bb elementor-section-boxed elementor-section-height-default elementor-section-height-default\" data-id=\"04cd1bb\" data-element_type=\"section\">\n\t\t\t\t\t\t<div class=\"elementor-container elementor-column-gap-default\">\n\t\t\t\t\t<div class=\"elementor-column elementor-col-50 elementor-top-column elementor-element elementor-element-fd0b1ae\" data-id=\"fd0b1ae\" data-element_type=\"column\">\n\t\t\t<div class=\"elementor-widget-wrap elementor-element-populated\">\n\t\t\t\t\t\t<div class=\"elementor-element elementor-element-6484428 elementor-widget elementor-widget-image\" data-id=\"6484428\" data-element_type=\"widget\" data-widget_type=\"image.default\">\n\t\t\t\t<div class=\"elementor-widget-container\">\n\t\t\t\t\t\t\t\t\t\t\t\t\t\t\t\t<a href=\"https:\/\/villanueva-fineart.es\/salvador-dali\">\n\t\t\t\t\t\t\t<img fetchpriority=\"high\" decoding=\"async\" width=\"768\" height=\"573\" src=\"https:\/\/villanueva-fineart.es\/wp-content\/uploads\/2022\/04\/Litografia-Dali-768x573.jpg\" class=\"attachment-medium_large size-medium_large wp-image-4660\" alt=\"\" srcset=\"https:\/\/villanueva-fineart.es\/wp-content\/uploads\/2022\/04\/Litografia-Dali-768x573.jpg 768w, https:\/\/villanueva-fineart.es\/wp-content\/uploads\/2022\/04\/Litografia-Dali-300x224.jpg 300w, https:\/\/villanueva-fineart.es\/wp-content\/uploads\/2022\/04\/Litografia-Dali-16x12.jpg 16w, https:\/\/villanueva-fineart.es\/wp-content\/uploads\/2022\/04\/Litografia-Dali-600x448.jpg 600w, https:\/\/villanueva-fineart.es\/wp-content\/uploads\/2022\/04\/Litografia-Dali.jpg 890w\" sizes=\"(max-width: 768px) 100vw, 768px\" \/>\t\t\t\t\t\t\t\t<\/a>\n\t\t\t\t\t\t\t\t\t\t\t\t\t\t\t<\/div>\n\t\t\t\t<\/div>\n\t\t\t\t\t<\/div>\n\t\t<\/div>\n\t\t\t\t<div class=\"elementor-column elementor-col-50 elementor-top-column elementor-element elementor-element-6463cb3\" data-id=\"6463cb3\" data-element_type=\"column\">\n\t\t\t<div class=\"elementor-widget-wrap elementor-element-populated\">\n\t\t\t\t\t\t<div class=\"elementor-element elementor-element-4667ff2 elementor-widget elementor-widget-heading\" data-id=\"4667ff2\" data-element_type=\"widget\" data-widget_type=\"heading.default\">\n\t\t\t\t<div class=\"elementor-widget-container\">\n\t\t\t\t\t<div class=\"elementor-heading-title elementor-size-xl\"><a href=\"https:\/\/villanueva-fineart.es\/salvador-dali\">Salvador Dal\u00ed<\/a><\/div>\t\t\t\t<\/div>\n\t\t\t\t<\/div>\n\t\t\t\t<div class=\"elementor-element elementor-element-772d12a elementor-widget elementor-widget-text-editor\" data-id=\"772d12a\" data-element_type=\"widget\" data-widget_type=\"text-editor.default\">\n\t\t\t\t<div class=\"elementor-widget-container\">\n\t\t\t\t\t\t\t\t\t<p><strong>Salvador Felipe Jacinto Dal\u00ed i Dom\u00e8nech<\/strong>,<sup><a href=\"https:\/\/es.wikipedia.org\/wiki\/Salvador_Dal%C3%AD#cite_note-Gibson-1\">1<\/a><\/sup>\u200b\u00a0<a href=\"https:\/\/es.wikipedia.org\/wiki\/Marquesado_de_Dal%C3%AD_de_P%C3%BAbol\">marqu\u00e9s de Dal\u00ed de P\u00fabol<\/a>\u00a0(<a href=\"https:\/\/es.wikipedia.org\/wiki\/Figueras\">Figueras<\/a>, 11 de mayo de 1904-Figueras, 23 de enero de 1989) fue un\u00a0<a href=\"https:\/\/es.wikipedia.org\/wiki\/Pintor\">pintor<\/a>,\u00a0<a href=\"https:\/\/es.wikipedia.org\/wiki\/Escultura\">escultor<\/a>,\u00a0<a href=\"https:\/\/es.wikipedia.org\/wiki\/Grabado\">grabador<\/a>,\u00a0<a href=\"https:\/\/es.wikipedia.org\/wiki\/Escen%C3%B3grafo\">escen\u00f3grafo<\/a>\u00a0y\u00a0<a href=\"https:\/\/es.wikipedia.org\/wiki\/Escritor\">escritor<\/a>\u00a0<a href=\"https:\/\/es.wikipedia.org\/wiki\/Nacionalidad_espa%C3%B1ola\">espa\u00f1ol<\/a>\u00a0del siglo XX. Se le considera uno de los m\u00e1ximos representantes del\u00a0<a href=\"https:\/\/es.wikipedia.org\/wiki\/Surrealismo\">surrealismo<\/a>.<\/p><p>Salvador Dal\u00ed es conocido por sus impactantes y on\u00edricas im\u00e1genes surrealistas. Sus habilidades pict\u00f3ricas se suelen atribuir a la influencia y admiraci\u00f3n por el arte\u00a0<a href=\"https:\/\/es.wikipedia.org\/wiki\/Renacimiento\">renacentista<\/a>. Tambi\u00e9n fue un experto\u00a0<a href=\"https:\/\/es.wikipedia.org\/wiki\/Dibujo_t%C3%A9cnico\">dibujante<\/a>.<sup><a href=\"https:\/\/es.wikipedia.org\/wiki\/Salvador_Dal%C3%AD#cite_note-2\">2<\/a><\/sup>\u200b<sup><a href=\"https:\/\/es.wikipedia.org\/wiki\/Salvador_Dal%C3%AD#cite_note-Dali-3\">3<\/a><\/sup>\u200b Los recursos pl\u00e1sticos dalinianos tambi\u00e9n abordaron el\u00a0<a href=\"https:\/\/es.wikipedia.org\/wiki\/Cine\">cine<\/a>, la\u00a0<a href=\"https:\/\/es.wikipedia.org\/wiki\/Escultura\">escultura<\/a>\u00a0y la\u00a0<a href=\"https:\/\/es.wikipedia.org\/wiki\/Fotograf%C3%ADa\">fotograf\u00eda<\/a>, lo cual le condujo a numerosas colaboraciones con otros artistas audiovisuales. Tuvo la capacidad de acrisolar un estilo genuinamente personal y palpable al primer contacto, que en realidad era muy\u00a0<a href=\"https:\/\/es.wikipedia.org\/wiki\/Eclecticismo_(arte)\">ecl\u00e9ctico<\/a>\u00a0y que \u00ab<a href=\"https:\/\/es.wikipedia.org\/wiki\/Vampiro\">succion\u00f3<\/a>\u00bb de innovaciones ajenas. Una de sus pinturas m\u00e1s c\u00e9lebres es\u00a0<em><a href=\"https:\/\/es.wikipedia.org\/wiki\/La_persistencia_de_la_memoria\">La persistencia de la memoria<\/a><\/em>\u00a0(tambi\u00e9n conocida como\u00a0<em>Los relojes blandos<\/em>), realizada en 1931.<\/p><p>Como artista extremadamente imaginativo, manifest\u00f3 una notable tendencia al\u00a0<a href=\"https:\/\/es.wikipedia.org\/wiki\/Narcisismo\">narcisismo<\/a>\u00a0y la\u00a0<a href=\"https:\/\/es.wikipedia.org\/wiki\/Megaloman%C3%ADa\">megaloman\u00eda<\/a>, cuyo objetivo era atraer la atenci\u00f3n p\u00fablica. Esta conducta irritaba a quienes apreciaban su arte y justificaba a sus cr\u00edticos, los cuales rechazaban sus conductas exc\u00e9ntricas como un reclamo publicitario ocasionalmente m\u00e1s llamativo que su producci\u00f3n art\u00edstica.<sup><a href=\"https:\/\/es.wikipedia.org\/wiki\/Salvador_Dal%C3%AD#cite_note-4\">4<\/a><\/sup>\u200b Dal\u00ed atribu\u00eda su \u00abamor por todo lo que es dorado y resulta excesivo, su pasi\u00f3n por el lujo y su amor por la moda oriental\u00bb a un autoproclamado \u00ablinaje ar\u00e1bigo\u00bb,<sup><a href=\"https:\/\/es.wikipedia.org\/wiki\/Salvador_Dal%C3%AD#cite_note-5\">5<\/a><\/sup>\u200b que remontaba sus ra\u00edces a los tiempos de la dominaci\u00f3n\u00a0<a href=\"https:\/\/es.wikipedia.org\/wiki\/Mundo_%C3%A1rabe\">\u00e1rabe<\/a>\u00a0de la\u00a0<a href=\"https:\/\/es.wikipedia.org\/wiki\/Pen%C3%ADnsula_ib%C3%A9rica\">pen\u00ednsula ib\u00e9rica<\/a>.<\/p>\t\t\t\t\t\t\t\t<\/div>\n\t\t\t\t<\/div>\n\t\t\t\t\t<\/div>\n\t\t<\/div>\n\t\t\t\t\t<\/div>\n\t\t<\/section>\n\t\t\t\t<section class=\"elementor-section elementor-top-section elementor-element elementor-element-baa7ac1 elementor-section-boxed elementor-section-height-default elementor-section-height-default\" data-id=\"baa7ac1\" data-element_type=\"section\">\n\t\t\t\t\t\t<div class=\"elementor-container elementor-column-gap-default\">\n\t\t\t\t\t<div class=\"elementor-column elementor-col-100 elementor-top-column elementor-element elementor-element-a9adb97\" data-id=\"a9adb97\" data-element_type=\"column\">\n\t\t\t<div class=\"elementor-widget-wrap elementor-element-populated\">\n\t\t\t\t\t\t<div class=\"elementor-element elementor-element-726238b elementor-widget elementor-widget-heading\" data-id=\"726238b\" data-element_type=\"widget\" data-widget_type=\"heading.default\">\n\t\t\t\t<div class=\"elementor-widget-container\">\n\t\t\t\t\t<div class=\"elementor-heading-title elementor-size-xl\">Obras<\/div>\t\t\t\t<\/div>\n\t\t\t\t<\/div>\n\t\t\t\t<div class=\"elementor-element elementor-element-787b771 elementor-grid-4 elementor-grid-tablet-3 elementor-grid-mobile-2 elementor-products-grid elementor-wc-products elementor-widget elementor-widget-woocommerce-products\" data-id=\"787b771\" data-element_type=\"widget\" data-widget_type=\"woocommerce-products.default\">\n\t\t\t\t<div class=\"elementor-widget-container\">\n\t\t\t\t\t<div class=\"woocommerce columns-4 \"><ul class=\"products elementor-grid columns-4\">\n<li class=\"sales-flash-overlay woocommerce-text-align-center woocommerce-image-align-center do-quantity-buttons product type-product post-4659 status-publish first instock product_cat-500e-y-menos product_cat-litografia product_cat-litografias product_cat-obra has-post-thumbnail sale sold-individually taxable shipping-taxable purchasable product-type-simple\">\n\t<a href=\"https:\/\/villanueva-fineart.es\/es_es\/producto\/rinoceronte-salvador-dali\/\" class=\"woocommerce-LoopProduct-link woocommerce-loop-product__link\">\n\t<span class=\"onsale\">\u00a1Oferta!<\/span>\n\t<img decoding=\"async\" width=\"300\" height=\"300\" src=\"https:\/\/villanueva-fineart.es\/wp-content\/uploads\/2022\/04\/Litografia-Dali-300x300.jpg\" class=\"attachment-woocommerce_thumbnail size-woocommerce_thumbnail\" alt=\"Rinoceronte. Salvador Dal\u00ed\" srcset=\"https:\/\/villanueva-fineart.es\/wp-content\/uploads\/2022\/04\/Litografia-Dali-300x300.jpg 300w, https:\/\/villanueva-fineart.es\/wp-content\/uploads\/2022\/04\/Litografia-Dali-150x150.jpg 150w, https:\/\/villanueva-fineart.es\/wp-content\/uploads\/2022\/04\/Litografia-Dali-100x100.jpg 100w\" sizes=\"(max-width: 300px) 100vw, 300px\" \/><h2 class=\"woocommerce-loop-product__title\">Rinoceronte. Salvador Dal\u00ed<\/h2>\n\t<span class=\"price\"><del aria-hidden=\"true\"><span class=\"woocommerce-Price-amount amount\"><bdi>350,00&nbsp;<span class=\"woocommerce-Price-currencySymbol\">&euro;<\/span><\/bdi><\/span><\/del> <span class=\"screen-reader-text\">El precio original era: 350,00&nbsp;&euro;.<\/span><ins aria-hidden=\"true\"><span class=\"woocommerce-Price-amount amount\"><bdi>200,00&nbsp;<span class=\"woocommerce-Price-currencySymbol\">&euro;<\/span><\/bdi><\/span><\/ins><span class=\"screen-reader-text\">El precio actual es: 200,00&nbsp;&euro;.<\/span><\/span>\n<\/a><a href=\"?add-to-cart=4659\" aria-describedby=\"woocommerce_loop_add_to_cart_link_describedby_4659\" data-quantity=\"1\" class=\"button product_type_simple add_to_cart_button ajax_add_to_cart\" data-product_id=\"4659\" data-product_sku=\"\" aria-label=\"A\u00f1adir al carrito: &ldquo;Rinoceronte. Salvador Dal\u00ed&rdquo;\" rel=\"nofollow\" data-success_message=\"\u00abRinoceronte. Salvador Dal\u00ed\u00bb se ha a\u00f1adido a tu carrito\">A\u00f1adir al carrito<\/a>\t<span id=\"woocommerce_loop_add_to_cart_link_describedby_4659\" class=\"screen-reader-text\">\n\t\t\t<\/span>\n<\/li>\n<\/ul>\n<\/div>\t\t\t\t<\/div>\n\t\t\t\t<\/div>\n\t\t\t\t\t<\/div>\n\t\t<\/div>\n\t\t\t\t\t<\/div>\n\t\t<\/section>\n\t\t\t\t<\/div>\n\t\t","protected":false},"excerpt":{"rendered":"<p>Salvador Dal\u00ed Salvador Felipe Jacinto Dal\u00ed i Dom\u00e8nech,1\u200b\u00a0marqu\u00e9s de Dal\u00ed de P\u00fabol\u00a0(Figueras, 11 de mayo de 1904-Figueras, 23 de enero de 1989) fue un\u00a0pintor,\u00a0escultor,\u00a0grabador,\u00a0escen\u00f3grafo\u00a0y\u00a0escritor\u00a0espa\u00f1ol\u00a0del siglo XX. Se le considera uno de los m\u00e1ximos representantes del\u00a0surrealismo. Salvador Dal\u00ed es conocido por sus impactantes y on\u00edricas im\u00e1genes surrealistas. Sus habilidades pict\u00f3ricas se suelen atribuir a la influencia &#8230; <a title=\"Salvador Dal\u00ed\" class=\"read-more\" href=\"https:\/\/villanueva-fineart.es\/es_es\/salvador-dali\/\" aria-label=\"Leer m\u00e1s sobre Salvador Dal\u00ed\">Leer m\u00e1s<\/a><\/p>\n","protected":false},"author":1,"featured_media":0,"parent":0,"menu_order":0,"comment_status":"closed","ping_status":"closed","template":"","meta":{"footnotes":""},"class_list":["post-4842","page","type-page","status-publish"],"yoast_head":"<!-- This site is optimized with the Yoast SEO plugin v25.9 - https:\/\/yoast.com\/wordpress\/plugins\/seo\/ -->\n<title>Salvador Dal\u00ed - Villanueva Fineart<\/title>\n<meta name=\"description\" content=\"Artista autodidacta que ha realizado muchas exposiciones y adem\u00e1s ha realizado colaboraciones ben\u00e9ficas y donaciones.\" \/>\n<meta name=\"robots\" content=\"index, follow, max-snippet:-1, max-image-preview:large, max-video-preview:-1\" \/>\n<link rel=\"canonical\" href=\"https:\/\/villanueva-fineart.es\/es_es\/salvador-dali\/\" \/>\n<meta property=\"og:locale\" content=\"es_ES\" \/>\n<meta property=\"og:type\" content=\"article\" \/>\n<meta property=\"og:title\" content=\"Salvador Dal\u00ed - Villanueva Fineart\" \/>\n<meta property=\"og:description\" content=\"Artista autodidacta que ha realizado muchas exposiciones y adem\u00e1s ha realizado colaboraciones ben\u00e9ficas y donaciones.\" \/>\n<meta property=\"og:url\" content=\"https:\/\/villanueva-fineart.es\/es_es\/salvador-dali\/\" \/>\n<meta property=\"og:site_name\" content=\"Villanueva Fineart\" \/>\n<meta property=\"article:modified_time\" content=\"2022-04-24T21:30:30+00:00\" \/>\n<meta property=\"og:image\" content=\"https:\/\/villanueva-fineart.es\/wp-content\/uploads\/2022\/04\/Litografia-Dali-768x573.jpg\" \/>\n<meta name=\"twitter:card\" content=\"summary_large_image\" \/>\n<meta name=\"twitter:label1\" content=\"Tiempo de lectura\" \/>\n\t<meta name=\"twitter:data1\" content=\"2 minutos\" \/>\n<script type=\"application\/ld+json\" class=\"yoast-schema-graph\">{\"@context\":\"https:\/\/schema.org\",\"@graph\":[{\"@type\":\"WebPage\",\"@id\":\"https:\/\/villanueva-fineart.es\/en\/salvador-dali\/\",\"url\":\"https:\/\/villanueva-fineart.es\/en\/salvador-dali\/\",\"name\":\"Salvador Dal\u00ed - Villanueva Fineart\",\"isPartOf\":{\"@id\":\"http:\/\/villanueva-fineart.es\/#website\"},\"primaryImageOfPage\":{\"@id\":\"https:\/\/villanueva-fineart.es\/en\/salvador-dali\/#primaryimage\"},\"image\":{\"@id\":\"https:\/\/villanueva-fineart.es\/en\/salvador-dali\/#primaryimage\"},\"thumbnailUrl\":\"https:\/\/villanueva-fineart.es\/wp-content\/uploads\/2022\/04\/Litografia-Dali-768x573.jpg\",\"datePublished\":\"2022-04-24T21:13:34+00:00\",\"dateModified\":\"2022-04-24T21:30:30+00:00\",\"description\":\"Artista autodidacta que ha realizado muchas exposiciones y adem\u00e1s ha realizado colaboraciones ben\u00e9ficas y donaciones.\",\"breadcrumb\":{\"@id\":\"https:\/\/villanueva-fineart.es\/en\/salvador-dali\/#breadcrumb\"},\"inLanguage\":\"es\",\"potentialAction\":[{\"@type\":\"ReadAction\",\"target\":[\"https:\/\/villanueva-fineart.es\/en\/salvador-dali\/\"]}]},{\"@type\":\"ImageObject\",\"inLanguage\":\"es\",\"@id\":\"https:\/\/villanueva-fineart.es\/en\/salvador-dali\/#primaryimage\",\"url\":\"https:\/\/villanueva-fineart.es\/wp-content\/uploads\/2022\/04\/Litografia-Dali-768x573.jpg\",\"contentUrl\":\"https:\/\/villanueva-fineart.es\/wp-content\/uploads\/2022\/04\/Litografia-Dali-768x573.jpg\"},{\"@type\":\"BreadcrumbList\",\"@id\":\"https:\/\/villanueva-fineart.es\/en\/salvador-dali\/#breadcrumb\",\"itemListElement\":[{\"@type\":\"ListItem\",\"position\":1,\"name\":\"Inicio\",\"item\":\"https:\/\/villanueva-fineart.es\/\"},{\"@type\":\"ListItem\",\"position\":2,\"name\":\"Salvador Dal\u00ed\"}]},{\"@type\":\"WebSite\",\"@id\":\"http:\/\/villanueva-fineart.es\/#website\",\"url\":\"http:\/\/villanueva-fineart.es\/\",\"name\":\"Villanueva Fineart\",\"description\":\"Liquidaci\u00f3n de Obras de arte\",\"publisher\":{\"@id\":\"http:\/\/villanueva-fineart.es\/#organization\"},\"potentialAction\":[{\"@type\":\"SearchAction\",\"target\":{\"@type\":\"EntryPoint\",\"urlTemplate\":\"http:\/\/villanueva-fineart.es\/?s={search_term_string}\"},\"query-input\":{\"@type\":\"PropertyValueSpecification\",\"valueRequired\":true,\"valueName\":\"search_term_string\"}}],\"inLanguage\":\"es\"},{\"@type\":\"Organization\",\"@id\":\"http:\/\/villanueva-fineart.es\/#organization\",\"name\":\"Villanueva Fineart\",\"url\":\"http:\/\/villanueva-fineart.es\/\",\"logo\":{\"@type\":\"ImageObject\",\"inLanguage\":\"es\",\"@id\":\"http:\/\/villanueva-fineart.es\/#\/schema\/logo\/image\/\",\"url\":\"https:\/\/villanueva-fineart.es\/wp-content\/uploads\/2021\/11\/Logo-fineart.jpg\",\"contentUrl\":\"https:\/\/villanueva-fineart.es\/wp-content\/uploads\/2021\/11\/Logo-fineart.jpg\",\"width\":200,\"height\":85,\"caption\":\"Villanueva Fineart\"},\"image\":{\"@id\":\"http:\/\/villanueva-fineart.es\/#\/schema\/logo\/image\/\"}}]}<\/script>\n<!-- \/ Yoast SEO plugin. -->","yoast_head_json":{"title":"Salvador Dal\u00ed - Villanueva Fineart","description":"Artista autodidacta que ha realizado muchas exposiciones y adem\u00e1s ha realizado colaboraciones ben\u00e9ficas y donaciones.","robots":{"index":"index","follow":"follow","max-snippet":"max-snippet:-1","max-image-preview":"max-image-preview:large","max-video-preview":"max-video-preview:-1"},"canonical":"https:\/\/villanueva-fineart.es\/es_es\/salvador-dali\/","og_locale":"es_ES","og_type":"article","og_title":"Salvador Dal\u00ed - Villanueva Fineart","og_description":"Artista autodidacta que ha realizado muchas exposiciones y adem\u00e1s ha realizado colaboraciones ben\u00e9ficas y donaciones.","og_url":"https:\/\/villanueva-fineart.es\/es_es\/salvador-dali\/","og_site_name":"Villanueva Fineart","article_modified_time":"2022-04-24T21:30:30+00:00","og_image":[{"url":"https:\/\/villanueva-fineart.es\/wp-content\/uploads\/2022\/04\/Litografia-Dali-768x573.jpg","type":"","width":"","height":""}],"twitter_card":"summary_large_image","twitter_misc":{"Tiempo de lectura":"2 minutos"},"schema":{"@context":"https:\/\/schema.org","@graph":[{"@type":"WebPage","@id":"https:\/\/villanueva-fineart.es\/en\/salvador-dali\/","url":"https:\/\/villanueva-fineart.es\/en\/salvador-dali\/","name":"Salvador Dal\u00ed - Villanueva Fineart","isPartOf":{"@id":"http:\/\/villanueva-fineart.es\/#website"},"primaryImageOfPage":{"@id":"https:\/\/villanueva-fineart.es\/en\/salvador-dali\/#primaryimage"},"image":{"@id":"https:\/\/villanueva-fineart.es\/en\/salvador-dali\/#primaryimage"},"thumbnailUrl":"https:\/\/villanueva-fineart.es\/wp-content\/uploads\/2022\/04\/Litografia-Dali-768x573.jpg","datePublished":"2022-04-24T21:13:34+00:00","dateModified":"2022-04-24T21:30:30+00:00","description":"Artista autodidacta que ha realizado muchas exposiciones y adem\u00e1s ha realizado colaboraciones ben\u00e9ficas y donaciones.","breadcrumb":{"@id":"https:\/\/villanueva-fineart.es\/en\/salvador-dali\/#breadcrumb"},"inLanguage":"es","potentialAction":[{"@type":"ReadAction","target":["https:\/\/villanueva-fineart.es\/en\/salvador-dali\/"]}]},{"@type":"ImageObject","inLanguage":"es","@id":"https:\/\/villanueva-fineart.es\/en\/salvador-dali\/#primaryimage","url":"https:\/\/villanueva-fineart.es\/wp-content\/uploads\/2022\/04\/Litografia-Dali-768x573.jpg","contentUrl":"https:\/\/villanueva-fineart.es\/wp-content\/uploads\/2022\/04\/Litografia-Dali-768x573.jpg"},{"@type":"BreadcrumbList","@id":"https:\/\/villanueva-fineart.es\/en\/salvador-dali\/#breadcrumb","itemListElement":[{"@type":"ListItem","position":1,"name":"Inicio","item":"https:\/\/villanueva-fineart.es\/"},{"@type":"ListItem","position":2,"name":"Salvador Dal\u00ed"}]},{"@type":"WebSite","@id":"http:\/\/villanueva-fineart.es\/#website","url":"http:\/\/villanueva-fineart.es\/","name":"Villanueva Fineart","description":"Liquidaci\u00f3n de Obras de arte","publisher":{"@id":"http:\/\/villanueva-fineart.es\/#organization"},"potentialAction":[{"@type":"SearchAction","target":{"@type":"EntryPoint","urlTemplate":"http:\/\/villanueva-fineart.es\/?s={search_term_string}"},"query-input":{"@type":"PropertyValueSpecification","valueRequired":true,"valueName":"search_term_string"}}],"inLanguage":"es"},{"@type":"Organization","@id":"http:\/\/villanueva-fineart.es\/#organization","name":"Villanueva Fineart","url":"http:\/\/villanueva-fineart.es\/","logo":{"@type":"ImageObject","inLanguage":"es","@id":"http:\/\/villanueva-fineart.es\/#\/schema\/logo\/image\/","url":"https:\/\/villanueva-fineart.es\/wp-content\/uploads\/2021\/11\/Logo-fineart.jpg","contentUrl":"https:\/\/villanueva-fineart.es\/wp-content\/uploads\/2021\/11\/Logo-fineart.jpg","width":200,"height":85,"caption":"Villanueva Fineart"},"image":{"@id":"http:\/\/villanueva-fineart.es\/#\/schema\/logo\/image\/"}}]}},"_links":{"self":[{"href":"https:\/\/villanueva-fineart.es\/es_es\/wp-json\/wp\/v2\/pages\/4842","targetHints":{"allow":["GET"]}}],"collection":[{"href":"https:\/\/villanueva-fineart.es\/es_es\/wp-json\/wp\/v2\/pages"}],"about":[{"href":"https:\/\/villanueva-fineart.es\/es_es\/wp-json\/wp\/v2\/types\/page"}],"author":[{"embeddable":true,"href":"https:\/\/villanueva-fineart.es\/es_es\/wp-json\/wp\/v2\/users\/1"}],"replies":[{"embeddable":true,"href":"https:\/\/villanueva-fineart.es\/es_es\/wp-json\/wp\/v2\/comments?post=4842"}],"version-history":[{"count":6,"href":"https:\/\/villanueva-fineart.es\/es_es\/wp-json\/wp\/v2\/pages\/4842\/revisions"}],"predecessor-version":[{"id":4851,"href":"https:\/\/villanueva-fineart.es\/es_es\/wp-json\/wp\/v2\/pages\/4842\/revisions\/4851"}],"wp:attachment":[{"href":"https:\/\/villanueva-fineart.es\/es_es\/wp-json\/wp\/v2\/media?parent=4842"}],"curies":[{"name":"wp","href":"https:\/\/api.w.org\/{rel}","templated":true}]}}