{"id":3509,"date":"2022-01-01T21:31:11","date_gmt":"2022-01-01T21:31:11","guid":{"rendered":"https:\/\/villanueva-fineart.es\/?page_id=3509"},"modified":"2022-01-02T16:41:34","modified_gmt":"2022-01-02T16:41:34","slug":"tristan-ra","status":"publish","type":"page","link":"https:\/\/villanueva-fineart.es\/es_es\/tristan-ra\/","title":{"rendered":"Tristan R\u00e1"},"content":{"rendered":"\t\t<div data-elementor-type=\"wp-page\" data-elementor-id=\"3509\" class=\"elementor elementor-3509\" data-elementor-post-type=\"page\">\n\t\t\t\t\t\t<section class=\"elementor-section elementor-top-section elementor-element elementor-element-7da3ceb elementor-section-full_width elementor-section-height-default elementor-section-height-default\" data-id=\"7da3ceb\" data-element_type=\"section\">\n\t\t\t\t\t\t<div class=\"elementor-container elementor-column-gap-default\">\n\t\t\t\t\t<div class=\"elementor-column elementor-col-100 elementor-top-column elementor-element elementor-element-fe60994\" data-id=\"fe60994\" data-element_type=\"column\">\n\t\t\t<div class=\"elementor-widget-wrap elementor-element-populated\">\n\t\t\t\t\t\t<div class=\"elementor-element elementor-element-019e990 elementor-widget-divider--view-line elementor-widget elementor-widget-divider\" data-id=\"019e990\" data-element_type=\"widget\" data-widget_type=\"divider.default\">\n\t\t\t\t<div class=\"elementor-widget-container\">\n\t\t\t\t\t\t\t<div class=\"elementor-divider\">\n\t\t\t<span class=\"elementor-divider-separator\">\n\t\t\t\t\t\t<\/span>\n\t\t<\/div>\n\t\t\t\t\t\t<\/div>\n\t\t\t\t<\/div>\n\t\t\t\t\t<\/div>\n\t\t<\/div>\n\t\t\t\t\t<\/div>\n\t\t<\/section>\n\t\t\t\t<section class=\"elementor-section elementor-top-section elementor-element elementor-element-04cd1bb elementor-section-boxed elementor-section-height-default elementor-section-height-default\" data-id=\"04cd1bb\" data-element_type=\"section\">\n\t\t\t\t\t\t<div class=\"elementor-container elementor-column-gap-default\">\n\t\t\t\t\t<div class=\"elementor-column elementor-col-50 elementor-top-column elementor-element elementor-element-fd0b1ae\" data-id=\"fd0b1ae\" data-element_type=\"column\">\n\t\t\t<div class=\"elementor-widget-wrap elementor-element-populated\">\n\t\t\t\t\t\t<div class=\"elementor-element elementor-element-6484428 elementor-widget elementor-widget-image\" data-id=\"6484428\" data-element_type=\"widget\" data-widget_type=\"image.default\">\n\t\t\t\t<div class=\"elementor-widget-container\">\n\t\t\t\t\t\t\t\t\t\t\t\t\t\t\t\t<a href=\"https:\/\/villanueva-fineart.es\/tristan-ra\">\n\t\t\t\t\t\t\t<img fetchpriority=\"high\" decoding=\"async\" width=\"768\" height=\"1004\" src=\"https:\/\/villanueva-fineart.es\/wp-content\/uploads\/2022\/01\/Tristan-Ra-cop-768x1004.jpg\" class=\"attachment-medium_large size-medium_large wp-image-3510\" alt=\"\" srcset=\"https:\/\/villanueva-fineart.es\/wp-content\/uploads\/2022\/01\/Tristan-Ra-cop-768x1004.jpg 768w, https:\/\/villanueva-fineart.es\/wp-content\/uploads\/2022\/01\/Tristan-Ra-cop-230x300.jpg 230w, https:\/\/villanueva-fineart.es\/wp-content\/uploads\/2022\/01\/Tristan-Ra-cop-784x1024.jpg 784w, https:\/\/villanueva-fineart.es\/wp-content\/uploads\/2022\/01\/Tristan-Ra-cop-9x12.jpg 9w, https:\/\/villanueva-fineart.es\/wp-content\/uploads\/2022\/01\/Tristan-Ra-cop-600x784.jpg 600w, https:\/\/villanueva-fineart.es\/wp-content\/uploads\/2022\/01\/Tristan-Ra-cop.jpg 890w\" sizes=\"(max-width: 768px) 100vw, 768px\" \/>\t\t\t\t\t\t\t\t<\/a>\n\t\t\t\t\t\t\t\t\t\t\t\t\t\t\t<\/div>\n\t\t\t\t<\/div>\n\t\t\t\t\t<\/div>\n\t\t<\/div>\n\t\t\t\t<div class=\"elementor-column elementor-col-50 elementor-top-column elementor-element elementor-element-6463cb3\" data-id=\"6463cb3\" data-element_type=\"column\">\n\t\t\t<div class=\"elementor-widget-wrap elementor-element-populated\">\n\t\t\t\t\t\t<div class=\"elementor-element elementor-element-4667ff2 elementor-widget elementor-widget-heading\" data-id=\"4667ff2\" data-element_type=\"widget\" data-widget_type=\"heading.default\">\n\t\t\t\t<div class=\"elementor-widget-container\">\n\t\t\t\t\t<div class=\"elementor-heading-title elementor-size-xl\"><a href=\"https:\/\/villanueva-fineart.es\/tristan-ra\">Tristan R\u00e1<\/a><\/div>\t\t\t\t<\/div>\n\t\t\t\t<\/div>\n\t\t\t\t<div class=\"elementor-element elementor-element-772d12a elementor-widget elementor-widget-text-editor\" data-id=\"772d12a\" data-element_type=\"widget\" data-widget_type=\"text-editor.default\">\n\t\t\t\t<div class=\"elementor-widget-container\">\n\t\t\t\t\t\t\t\t\t<p>Nacido en Montlu\u00e7on, en el centro de Francia, este talentoso hombre autodidacta eligi\u00f3 deliberadamente nuestro propio sur para poner su caballete despu\u00e9s de a\u00f1os de alegres galeras en la Costa Azul. Pintor de renombre y adoraci\u00f3n, su expresionismo contempor\u00e1neo est\u00e1 de moda en muchas galer\u00edas y exposiciones internacionales de todo el mundo. Sin pretensiones y con el coraz\u00f3n en las manos, Tristan y su compa\u00f1era Monika le dan la bienvenida a su casa m\u00e1s sencilla del mundo, a la hora del t\u00e9, mientras reciben al artista indio Jairaj Soni, recogido en Rajasthan durante el \u00faltimo viaje.<\/p><p>Cada vez m\u00e1s, Le Carla-Bayle adquiere la apariencia de un pueblo de arte que la asociaci\u00f3n Arts et Vie, organizadora de la Rue des arts, quisiera darle. Cada a\u00f1o ve su parte de aperturas de peque\u00f1as galer\u00edas y estudios de artistas. As\u00ed, el pintor Tristan R\u00e0 abre al p\u00fablico su preciosa casa en tonos azules en la entrada sur de la bastida. Es probablemente el lugar m\u00e1s visitado del pueblo, despu\u00e9s de la iglesia y las posadas. Tristan R\u00e0 fue creado en 1998, en el Carla-Bayle, un puerto base al que regresa invariablemente despu\u00e9s de cada uno de sus muchos viajes de los que siempre trae de vuelta una formidable cosecha de im\u00e1genes e impresiones que hacen toda la riqueza de sus pinturas.<\/p><p>\u00a0<\/p><p><strong>Tristan R\u00e0<\/strong> viaja mucho por los pa\u00edses que le inspiran. Principalmente en Oriente y Oriente Medio, Afganist\u00e1n, Pakist\u00e1n, Ir\u00e1n, \u00c1frica, T\u00fanez y Mal\u00ed.<\/p><p>Su talento es reconocido hoy en d\u00eda en todo el mundo. Expone en las galer\u00edas m\u00e1s grandes: Nueva York, Miami, Singapur, Hong Kong y por supuesto Par\u00eds.<\/p><p>Tristan R\u00e0 present\u00f3 algunas de las treinta pinturas que ha compuesto en los \u00faltimos diez a\u00f1os: la Mezquita Azul de Estambul, vistas de Venecia y Jerusal\u00e9n, retratos de urdu, gente de la frontera afgano-pakistan\u00ed.<\/p><p>Se define como un pintor \u00aborientalista moderno\u00bb con un estilo \u00abexpresionista\u00bb.<\/p><p>La riqueza y paleta de colores, desde el azul profundo hasta los rojos y ocres, seducen a los visitantes de la exposici\u00f3n, al igual que las obras de otros artistas, acuarelas, l\u00e1pices, \u00f3leos, pasteles, tintas indias, zinc, poes\u00eda y esculturas.<\/p><p>Tristan R\u00e0 no naci\u00f3 pintor, ciertamente siempre dibuj\u00f3 pero se embarc\u00f3 en estudios de medicina antes, de la noche a la ma\u00f1ana, para tirar todo por la pintura<\/p><p>\u00abMe inscrib\u00ed en Bellas Artes, pero aprendimos una t\u00e9cnica extremadamente laboriosa.<br \/><strong>Me mud\u00e9 a Vallauris donde conoc\u00ed a un maestro con el que trabaj\u00e9. Me aconsej\u00f3 que fuera a vender mis pinturas en la acera, era a sus ojos la mejor galer\u00eda<\/strong><\/p><p>Hace treinta a\u00f1os, Tristan R\u00e0 trabajaba en la pintura al \u00f3leo \u00abpor la sutileza de los colores\u00bb pero el acr\u00edlico ahora le permite ir m\u00e1s all\u00e1 en la sutileza del esmalte, la representaci\u00f3n del objeto se desvanece detr\u00e1s del medio de color y el movimiento de la l\u00ednea.<\/p><p>En su caballete, es bajo\u00a0la mirada benevolente de Picasso que oficia,<\/p><p>\u00ab\u00a1puro genio!\u00bb seg\u00fan R\u00e0.<\/p><p>\u00abViv\u00ed en Vallauris durante mucho tiempo, a menudo lo conoc\u00ed sin atreverme a acercarme a \u00e9l [&#8230;]<\/p><p>La presencia de estos grandes pintores imprimi\u00f3 entonces en estos lugares una atm\u00f3sfera que alent\u00f3 la creaci\u00f3n\u00bb.<\/p><p>Ramatuelle, Gassin, Collioure, al principio pint\u00f3 puertos, pueblos donde se aloj\u00f3, el calor abrumador del sur pero tambi\u00e9n el color fr\u00edo de la isla de R\u00e9 o la luminosidad difusa del sur de Francia y este peque\u00f1o pueblo de Ari\u00e8ge que tanto le recuerda a Saint Paul de Vence, con sus altas colinas, sus murallas y galer\u00edas.<\/p><p>\u00a0<\/p><p>\u00abHoy ya no tengo la presi\u00f3n de producir varias docenas de pinturas al mes.<br \/><strong>Tengo una importante exposici\u00f3n en Z\u00farich en enero y trabajo exclusivamente con galer\u00edas, en Alemania, Suiza, Estados Unidos y con mi p\u00e1gina web\u00bb<\/strong><\/p><p>Me gusta el color, estoy cerca de expresionistas alemanes como August Macke y luego Duffy, Matisse, Braque, Picasso o Gauguin que abrieron las puertas al arte moderno\u00bb<\/p><p>La exposici\u00f3n de Tristan R\u00e2 se podr\u00e1 ver hasta el 31 de agosto de 2021 en la Maison Jacob en Castelnau-Montratier en el Lot.\u00a0<\/p><p>Expresionismo oriental<\/p><p>Los colores son brillantes, brillantes pero no agresivos, fue a lugares ic\u00f3nicos de la Ruta de la Seda para crear su propia visi\u00f3n.<\/p><p>Un viaje que le lleva a Oriente, donde pinceles y pinturas bajo el brazo se instala, en la calle, en un lugar que le inspira a esbozar la esencia. Algunas pinturas est\u00e1n trabajadas con pan de oro, explica el artista \u00abAlgunos lugares merecen pan de oro como las pinturas sobre Jerusal\u00e9n. Cuando voy a un pa\u00eds, traigo el lienzo y pinto en la calle. Este es el lugar que me llevar\u00e1. Dependiendo del lugar no tenemos las mismas paletas de colores. Venecia es muy diferente de Sarmarkand. No puedo tomar fotos de un lugar y volver al estudio de mi pintor. Tengo que inspirarme en el lugar, tengo que relajarme, tengo que oler el desierto, la niebla, el caf\u00e9 de al lado, las especias. Y luego s\u00e9 que tengo que instalarme all\u00ed. De ah\u00ed viene el color. El olfato me aporta colores\u00bb.<\/p><p>Su serie de la ruta de la seda no marca todas las etapas, pero el comienzo con Venecia y el final en Jiva en Uzbekist\u00e1n.<\/p><p>Hermosos encuentros<\/p><p>Le gusta contar c\u00f3mo naci\u00f3 esta inspiraci\u00f3n de la Ruta de la Seda: \u00aben un alquiler en Venecia, hab\u00eda en la mesita de noche dos libros de Marco Polo, incluido el Devisement du monde que cuenta la historia de sus a\u00f1os de viajes. Cuenta todas las etapas grandes y m\u00e1s peque\u00f1as con ciudades que ya no existen. Los nombres muy evocadores de las ciudades que cruz\u00f3, me hicieron so\u00f1ar y me dieron este deseo de irme para hacer mi Ruta de la Seda\u00bb.<\/p><p>Y cuando el artista se traslada a la calle a pintar, los nativos suelen estar muy interesados en su obra. Tambi\u00e9n hace reuniones, intercambios, habla mucho con sus manos, sus ojos, y muchas veces termina haciendo el retrato de las personas que lo piden. \u00abLos retratos que hice son, de hecho, quienes vinieron a verme instintivamente con su atuendo tradicional para que los peinara\u00bb.<\/p><p>\u00a0<\/p><p>\u00a0<\/p><p>\u00a0<\/p>\t\t\t\t\t\t\t\t<\/div>\n\t\t\t\t<\/div>\n\t\t\t\t\t<\/div>\n\t\t<\/div>\n\t\t\t\t\t<\/div>\n\t\t<\/section>\n\t\t\t\t<section class=\"elementor-section elementor-top-section elementor-element elementor-element-baa7ac1 elementor-section-boxed elementor-section-height-default elementor-section-height-default\" data-id=\"baa7ac1\" data-element_type=\"section\">\n\t\t\t\t\t\t<div class=\"elementor-container elementor-column-gap-default\">\n\t\t\t\t\t<div class=\"elementor-column elementor-col-100 elementor-top-column elementor-element elementor-element-a9adb97\" data-id=\"a9adb97\" data-element_type=\"column\">\n\t\t\t<div class=\"elementor-widget-wrap elementor-element-populated\">\n\t\t\t\t\t\t<div class=\"elementor-element elementor-element-726238b elementor-widget elementor-widget-heading\" data-id=\"726238b\" data-element_type=\"widget\" data-widget_type=\"heading.default\">\n\t\t\t\t<div class=\"elementor-widget-container\">\n\t\t\t\t\t<div class=\"elementor-heading-title elementor-size-xl\">Obras<\/div>\t\t\t\t<\/div>\n\t\t\t\t<\/div>\n\t\t\t\t<div class=\"elementor-element elementor-element-787b771 elementor-grid-4 elementor-grid-tablet-3 elementor-grid-mobile-2 elementor-products-grid elementor-wc-products elementor-widget elementor-widget-woocommerce-products\" data-id=\"787b771\" data-element_type=\"widget\" data-widget_type=\"woocommerce-products.default\">\n\t\t\t\t<div class=\"elementor-widget-container\">\n\t\t\t\t\t<div class=\"woocommerce columns-4 \"><ul class=\"products elementor-grid columns-4\">\n<li class=\"sales-flash-overlay woocommerce-text-align-center woocommerce-image-align-center do-quantity-buttons product type-product post-2841 status-publish first instock product_cat-500e-y-menos product_cat-figurativos product_cat-obra product_cat-oleo has-post-thumbnail sold-individually taxable shipping-taxable product-type-simple\">\n\t<a href=\"https:\/\/villanueva-fineart.es\/es_es\/producto\/torero-tristan-ra\/\" class=\"woocommerce-LoopProduct-link woocommerce-loop-product__link\"><img decoding=\"async\" width=\"300\" height=\"300\" src=\"https:\/\/villanueva-fineart.es\/wp-content\/uploads\/2021\/12\/Tristan-Ra-1-300x300.jpg\" class=\"attachment-woocommerce_thumbnail size-woocommerce_thumbnail\" alt=\"Torero, Tristan R\u00e1 VENDIDO\/SOLD OUT\" srcset=\"https:\/\/villanueva-fineart.es\/wp-content\/uploads\/2021\/12\/Tristan-Ra-1-300x300.jpg 300w, https:\/\/villanueva-fineart.es\/wp-content\/uploads\/2021\/12\/Tristan-Ra-1-150x150.jpg 150w, https:\/\/villanueva-fineart.es\/wp-content\/uploads\/2021\/12\/Tristan-Ra-1-100x100.jpg 100w\" sizes=\"(max-width: 300px) 100vw, 300px\" \/><h2 class=\"woocommerce-loop-product__title\">Torero, Tristan R\u00e1 VENDIDO\/SOLD OUT<\/h2>\n<\/a><a href=\"https:\/\/villanueva-fineart.es\/es_es\/producto\/torero-tristan-ra\/\" aria-describedby=\"woocommerce_loop_add_to_cart_link_describedby_2841\" data-quantity=\"1\" class=\"button product_type_simple\" data-product_id=\"2841\" data-product_sku=\"\" aria-label=\"Lee m\u00e1s sobre &ldquo;Torero, Tristan R\u00e1 VENDIDO\/SOLD OUT&rdquo;\" rel=\"nofollow\" data-success_message=\"\">Leer m\u00e1s<\/a>\t<span id=\"woocommerce_loop_add_to_cart_link_describedby_2841\" class=\"screen-reader-text\">\n\t\t\t<\/span>\n<\/li>\n<\/ul>\n<\/div>\t\t\t\t<\/div>\n\t\t\t\t<\/div>\n\t\t\t\t\t<\/div>\n\t\t<\/div>\n\t\t\t\t\t<\/div>\n\t\t<\/section>\n\t\t\t\t<\/div>\n\t\t","protected":false},"excerpt":{"rendered":"<p>Tristan R\u00e1 Nacido en Montlu\u00e7on, en el centro de Francia, este talentoso hombre autodidacta eligi\u00f3 deliberadamente nuestro propio sur para poner su caballete despu\u00e9s de a\u00f1os de alegres galeras en la Costa Azul. Pintor de renombre y adoraci\u00f3n, su expresionismo contempor\u00e1neo est\u00e1 de moda en muchas galer\u00edas y exposiciones internacionales de todo el mundo. Sin &#8230; <a title=\"Tristan R\u00e1\" class=\"read-more\" href=\"https:\/\/villanueva-fineart.es\/es_es\/tristan-ra\/\" aria-label=\"Leer m\u00e1s sobre Tristan R\u00e1\">Leer m\u00e1s<\/a><\/p>\n","protected":false},"author":1,"featured_media":0,"parent":0,"menu_order":0,"comment_status":"closed","ping_status":"closed","template":"","meta":{"footnotes":""},"class_list":["post-3509","page","type-page","status-publish"],"yoast_head":"<!-- This site is optimized with the Yoast SEO plugin v25.9 - https:\/\/yoast.com\/wordpress\/plugins\/seo\/ -->\n<title>Tristan R\u00e1 - Villanueva Fineart<\/title>\n<meta name=\"description\" content=\"Pintor de renombre y adoraci\u00f3n, su expresionismo contempor\u00e1neo est\u00e1 de moda en muchas galer\u00edas y exposiciones internacionales de todo el mundo.\" \/>\n<meta name=\"robots\" content=\"index, follow, max-snippet:-1, max-image-preview:large, max-video-preview:-1\" \/>\n<link rel=\"canonical\" href=\"https:\/\/villanueva-fineart.es\/es_es\/tristan-ra\/\" \/>\n<meta property=\"og:locale\" content=\"es_ES\" \/>\n<meta property=\"og:type\" content=\"article\" \/>\n<meta property=\"og:title\" content=\"Tristan R\u00e1 - Villanueva Fineart\" \/>\n<meta property=\"og:description\" content=\"Pintor de renombre y adoraci\u00f3n, su expresionismo contempor\u00e1neo est\u00e1 de moda en muchas galer\u00edas y exposiciones internacionales de todo el mundo.\" \/>\n<meta property=\"og:url\" content=\"https:\/\/villanueva-fineart.es\/es_es\/tristan-ra\/\" \/>\n<meta property=\"og:site_name\" content=\"Villanueva Fineart\" \/>\n<meta property=\"article:modified_time\" content=\"2022-01-02T16:41:34+00:00\" \/>\n<meta property=\"og:image\" content=\"https:\/\/villanueva-fineart.es\/wp-content\/uploads\/2022\/01\/Tristan-Ra-cop-768x1004.jpg\" \/>\n<meta name=\"twitter:card\" content=\"summary_large_image\" \/>\n<meta name=\"twitter:label1\" content=\"Tiempo de lectura\" \/>\n\t<meta name=\"twitter:data1\" content=\"6 minutos\" \/>\n<script type=\"application\/ld+json\" class=\"yoast-schema-graph\">{\"@context\":\"https:\/\/schema.org\",\"@graph\":[{\"@type\":\"WebPage\",\"@id\":\"https:\/\/villanueva-fineart.es\/en\/tristan-ra\/\",\"url\":\"https:\/\/villanueva-fineart.es\/en\/tristan-ra\/\",\"name\":\"Tristan R\u00e1 - Villanueva Fineart\",\"isPartOf\":{\"@id\":\"http:\/\/villanueva-fineart.es\/#website\"},\"primaryImageOfPage\":{\"@id\":\"https:\/\/villanueva-fineart.es\/en\/tristan-ra\/#primaryimage\"},\"image\":{\"@id\":\"https:\/\/villanueva-fineart.es\/en\/tristan-ra\/#primaryimage\"},\"thumbnailUrl\":\"https:\/\/villanueva-fineart.es\/wp-content\/uploads\/2022\/01\/Tristan-Ra-cop-768x1004.jpg\",\"datePublished\":\"2022-01-01T21:31:11+00:00\",\"dateModified\":\"2022-01-02T16:41:34+00:00\",\"description\":\"Pintor de renombre y adoraci\u00f3n, su expresionismo contempor\u00e1neo est\u00e1 de moda en muchas galer\u00edas y exposiciones internacionales de todo el mundo.\",\"breadcrumb\":{\"@id\":\"https:\/\/villanueva-fineart.es\/en\/tristan-ra\/#breadcrumb\"},\"inLanguage\":\"es\",\"potentialAction\":[{\"@type\":\"ReadAction\",\"target\":[\"https:\/\/villanueva-fineart.es\/en\/tristan-ra\/\"]}]},{\"@type\":\"ImageObject\",\"inLanguage\":\"es\",\"@id\":\"https:\/\/villanueva-fineart.es\/en\/tristan-ra\/#primaryimage\",\"url\":\"https:\/\/villanueva-fineart.es\/wp-content\/uploads\/2022\/01\/Tristan-Ra-cop-768x1004.jpg\",\"contentUrl\":\"https:\/\/villanueva-fineart.es\/wp-content\/uploads\/2022\/01\/Tristan-Ra-cop-768x1004.jpg\"},{\"@type\":\"BreadcrumbList\",\"@id\":\"https:\/\/villanueva-fineart.es\/en\/tristan-ra\/#breadcrumb\",\"itemListElement\":[{\"@type\":\"ListItem\",\"position\":1,\"name\":\"Inicio\",\"item\":\"https:\/\/villanueva-fineart.es\/\"},{\"@type\":\"ListItem\",\"position\":2,\"name\":\"Tristan R\u00e1\"}]},{\"@type\":\"WebSite\",\"@id\":\"http:\/\/villanueva-fineart.es\/#website\",\"url\":\"http:\/\/villanueva-fineart.es\/\",\"name\":\"Villanueva Fineart\",\"description\":\"Liquidaci\u00f3n de Obras de arte\",\"publisher\":{\"@id\":\"http:\/\/villanueva-fineart.es\/#organization\"},\"potentialAction\":[{\"@type\":\"SearchAction\",\"target\":{\"@type\":\"EntryPoint\",\"urlTemplate\":\"http:\/\/villanueva-fineart.es\/?s={search_term_string}\"},\"query-input\":{\"@type\":\"PropertyValueSpecification\",\"valueRequired\":true,\"valueName\":\"search_term_string\"}}],\"inLanguage\":\"es\"},{\"@type\":\"Organization\",\"@id\":\"http:\/\/villanueva-fineart.es\/#organization\",\"name\":\"Villanueva Fineart\",\"url\":\"http:\/\/villanueva-fineart.es\/\",\"logo\":{\"@type\":\"ImageObject\",\"inLanguage\":\"es\",\"@id\":\"http:\/\/villanueva-fineart.es\/#\/schema\/logo\/image\/\",\"url\":\"https:\/\/villanueva-fineart.es\/wp-content\/uploads\/2021\/11\/Logo-fineart.jpg\",\"contentUrl\":\"https:\/\/villanueva-fineart.es\/wp-content\/uploads\/2021\/11\/Logo-fineart.jpg\",\"width\":200,\"height\":85,\"caption\":\"Villanueva Fineart\"},\"image\":{\"@id\":\"http:\/\/villanueva-fineart.es\/#\/schema\/logo\/image\/\"}}]}<\/script>\n<!-- \/ Yoast SEO plugin. -->","yoast_head_json":{"title":"Tristan R\u00e1 - Villanueva Fineart","description":"Pintor de renombre y adoraci\u00f3n, su expresionismo contempor\u00e1neo est\u00e1 de moda en muchas galer\u00edas y exposiciones internacionales de todo el mundo.","robots":{"index":"index","follow":"follow","max-snippet":"max-snippet:-1","max-image-preview":"max-image-preview:large","max-video-preview":"max-video-preview:-1"},"canonical":"https:\/\/villanueva-fineart.es\/es_es\/tristan-ra\/","og_locale":"es_ES","og_type":"article","og_title":"Tristan R\u00e1 - Villanueva Fineart","og_description":"Pintor de renombre y adoraci\u00f3n, su expresionismo contempor\u00e1neo est\u00e1 de moda en muchas galer\u00edas y exposiciones internacionales de todo el mundo.","og_url":"https:\/\/villanueva-fineart.es\/es_es\/tristan-ra\/","og_site_name":"Villanueva Fineart","article_modified_time":"2022-01-02T16:41:34+00:00","og_image":[{"url":"https:\/\/villanueva-fineart.es\/wp-content\/uploads\/2022\/01\/Tristan-Ra-cop-768x1004.jpg","type":"","width":"","height":""}],"twitter_card":"summary_large_image","twitter_misc":{"Tiempo de lectura":"6 minutos"},"schema":{"@context":"https:\/\/schema.org","@graph":[{"@type":"WebPage","@id":"https:\/\/villanueva-fineart.es\/en\/tristan-ra\/","url":"https:\/\/villanueva-fineart.es\/en\/tristan-ra\/","name":"Tristan R\u00e1 - Villanueva Fineart","isPartOf":{"@id":"http:\/\/villanueva-fineart.es\/#website"},"primaryImageOfPage":{"@id":"https:\/\/villanueva-fineart.es\/en\/tristan-ra\/#primaryimage"},"image":{"@id":"https:\/\/villanueva-fineart.es\/en\/tristan-ra\/#primaryimage"},"thumbnailUrl":"https:\/\/villanueva-fineart.es\/wp-content\/uploads\/2022\/01\/Tristan-Ra-cop-768x1004.jpg","datePublished":"2022-01-01T21:31:11+00:00","dateModified":"2022-01-02T16:41:34+00:00","description":"Pintor de renombre y adoraci\u00f3n, su expresionismo contempor\u00e1neo est\u00e1 de moda en muchas galer\u00edas y exposiciones internacionales de todo el mundo.","breadcrumb":{"@id":"https:\/\/villanueva-fineart.es\/en\/tristan-ra\/#breadcrumb"},"inLanguage":"es","potentialAction":[{"@type":"ReadAction","target":["https:\/\/villanueva-fineart.es\/en\/tristan-ra\/"]}]},{"@type":"ImageObject","inLanguage":"es","@id":"https:\/\/villanueva-fineart.es\/en\/tristan-ra\/#primaryimage","url":"https:\/\/villanueva-fineart.es\/wp-content\/uploads\/2022\/01\/Tristan-Ra-cop-768x1004.jpg","contentUrl":"https:\/\/villanueva-fineart.es\/wp-content\/uploads\/2022\/01\/Tristan-Ra-cop-768x1004.jpg"},{"@type":"BreadcrumbList","@id":"https:\/\/villanueva-fineart.es\/en\/tristan-ra\/#breadcrumb","itemListElement":[{"@type":"ListItem","position":1,"name":"Inicio","item":"https:\/\/villanueva-fineart.es\/"},{"@type":"ListItem","position":2,"name":"Tristan R\u00e1"}]},{"@type":"WebSite","@id":"http:\/\/villanueva-fineart.es\/#website","url":"http:\/\/villanueva-fineart.es\/","name":"Villanueva Fineart","description":"Liquidaci\u00f3n de Obras de arte","publisher":{"@id":"http:\/\/villanueva-fineart.es\/#organization"},"potentialAction":[{"@type":"SearchAction","target":{"@type":"EntryPoint","urlTemplate":"http:\/\/villanueva-fineart.es\/?s={search_term_string}"},"query-input":{"@type":"PropertyValueSpecification","valueRequired":true,"valueName":"search_term_string"}}],"inLanguage":"es"},{"@type":"Organization","@id":"http:\/\/villanueva-fineart.es\/#organization","name":"Villanueva Fineart","url":"http:\/\/villanueva-fineart.es\/","logo":{"@type":"ImageObject","inLanguage":"es","@id":"http:\/\/villanueva-fineart.es\/#\/schema\/logo\/image\/","url":"https:\/\/villanueva-fineart.es\/wp-content\/uploads\/2021\/11\/Logo-fineart.jpg","contentUrl":"https:\/\/villanueva-fineart.es\/wp-content\/uploads\/2021\/11\/Logo-fineart.jpg","width":200,"height":85,"caption":"Villanueva Fineart"},"image":{"@id":"http:\/\/villanueva-fineart.es\/#\/schema\/logo\/image\/"}}]}},"_links":{"self":[{"href":"https:\/\/villanueva-fineart.es\/es_es\/wp-json\/wp\/v2\/pages\/3509","targetHints":{"allow":["GET"]}}],"collection":[{"href":"https:\/\/villanueva-fineart.es\/es_es\/wp-json\/wp\/v2\/pages"}],"about":[{"href":"https:\/\/villanueva-fineart.es\/es_es\/wp-json\/wp\/v2\/types\/page"}],"author":[{"embeddable":true,"href":"https:\/\/villanueva-fineart.es\/es_es\/wp-json\/wp\/v2\/users\/1"}],"replies":[{"embeddable":true,"href":"https:\/\/villanueva-fineart.es\/es_es\/wp-json\/wp\/v2\/comments?post=3509"}],"version-history":[{"count":4,"href":"https:\/\/villanueva-fineart.es\/es_es\/wp-json\/wp\/v2\/pages\/3509\/revisions"}],"predecessor-version":[{"id":3520,"href":"https:\/\/villanueva-fineart.es\/es_es\/wp-json\/wp\/v2\/pages\/3509\/revisions\/3520"}],"wp:attachment":[{"href":"https:\/\/villanueva-fineart.es\/es_es\/wp-json\/wp\/v2\/media?parent=3509"}],"curies":[{"name":"wp","href":"https:\/\/api.w.org\/{rel}","templated":true}]}}