{"id":3487,"date":"2022-01-01T18:02:46","date_gmt":"2022-01-01T18:02:46","guid":{"rendered":"https:\/\/villanueva-fineart.es\/?page_id=3487"},"modified":"2022-01-02T16:20:21","modified_gmt":"2022-01-02T16:20:21","slug":"pilar-urtiaga","status":"publish","type":"page","link":"https:\/\/villanueva-fineart.es\/es_es\/pilar-urtiaga\/","title":{"rendered":"Pilar Urtiaga"},"content":{"rendered":"\t\t<div data-elementor-type=\"wp-page\" data-elementor-id=\"3487\" class=\"elementor elementor-3487\" data-elementor-post-type=\"page\">\n\t\t\t\t\t\t<section class=\"elementor-section elementor-top-section elementor-element elementor-element-7da3ceb elementor-section-full_width elementor-section-height-default elementor-section-height-default\" data-id=\"7da3ceb\" data-element_type=\"section\">\n\t\t\t\t\t\t<div class=\"elementor-container elementor-column-gap-default\">\n\t\t\t\t\t<div class=\"elementor-column elementor-col-100 elementor-top-column elementor-element elementor-element-fe60994\" data-id=\"fe60994\" data-element_type=\"column\">\n\t\t\t<div class=\"elementor-widget-wrap elementor-element-populated\">\n\t\t\t\t\t\t<div class=\"elementor-element elementor-element-019e990 elementor-widget-divider--view-line elementor-widget elementor-widget-divider\" data-id=\"019e990\" data-element_type=\"widget\" data-widget_type=\"divider.default\">\n\t\t\t\t<div class=\"elementor-widget-container\">\n\t\t\t\t\t\t\t<div class=\"elementor-divider\">\n\t\t\t<span class=\"elementor-divider-separator\">\n\t\t\t\t\t\t<\/span>\n\t\t<\/div>\n\t\t\t\t\t\t<\/div>\n\t\t\t\t<\/div>\n\t\t\t\t\t<\/div>\n\t\t<\/div>\n\t\t\t\t\t<\/div>\n\t\t<\/section>\n\t\t\t\t<section class=\"elementor-section elementor-top-section elementor-element elementor-element-04cd1bb elementor-section-boxed elementor-section-height-default elementor-section-height-default\" data-id=\"04cd1bb\" data-element_type=\"section\">\n\t\t\t\t\t\t<div class=\"elementor-container elementor-column-gap-default\">\n\t\t\t\t\t<div class=\"elementor-column elementor-col-50 elementor-top-column elementor-element elementor-element-fd0b1ae\" data-id=\"fd0b1ae\" data-element_type=\"column\">\n\t\t\t<div class=\"elementor-widget-wrap elementor-element-populated\">\n\t\t\t\t\t\t<div class=\"elementor-element elementor-element-6484428 elementor-widget elementor-widget-image\" data-id=\"6484428\" data-element_type=\"widget\" data-widget_type=\"image.default\">\n\t\t\t\t<div class=\"elementor-widget-container\">\n\t\t\t\t\t\t\t\t\t\t\t\t\t\t\t\t<a href=\"https:\/\/villanueva-fineart.es\/pilar-urtiaga\">\n\t\t\t\t\t\t\t<img fetchpriority=\"high\" decoding=\"async\" width=\"768\" height=\"612\" src=\"https:\/\/villanueva-fineart.es\/wp-content\/uploads\/2022\/01\/P.-5-768x612.jpg\" class=\"attachment-medium_large size-medium_large wp-image-3483\" alt=\"\" srcset=\"https:\/\/villanueva-fineart.es\/wp-content\/uploads\/2022\/01\/P.-5-768x612.jpg 768w, https:\/\/villanueva-fineart.es\/wp-content\/uploads\/2022\/01\/P.-5-300x239.jpg 300w, https:\/\/villanueva-fineart.es\/wp-content\/uploads\/2022\/01\/P.-5-15x12.jpg 15w, https:\/\/villanueva-fineart.es\/wp-content\/uploads\/2022\/01\/P.-5-600x478.jpg 600w, https:\/\/villanueva-fineart.es\/wp-content\/uploads\/2022\/01\/P.-5.jpg 890w\" sizes=\"(max-width: 768px) 100vw, 768px\" \/>\t\t\t\t\t\t\t\t<\/a>\n\t\t\t\t\t\t\t\t\t\t\t\t\t\t\t<\/div>\n\t\t\t\t<\/div>\n\t\t\t\t\t<\/div>\n\t\t<\/div>\n\t\t\t\t<div class=\"elementor-column elementor-col-50 elementor-top-column elementor-element elementor-element-6463cb3\" data-id=\"6463cb3\" data-element_type=\"column\">\n\t\t\t<div class=\"elementor-widget-wrap elementor-element-populated\">\n\t\t\t\t\t\t<div class=\"elementor-element elementor-element-4667ff2 elementor-widget elementor-widget-heading\" data-id=\"4667ff2\" data-element_type=\"widget\" data-widget_type=\"heading.default\">\n\t\t\t\t<div class=\"elementor-widget-container\">\n\t\t\t\t\t<div class=\"elementor-heading-title elementor-size-xl\"><a href=\"https:\/\/villanueva-fineart.es\/pilar-urtiaga\">Pilar Urtiaga<\/a><\/div>\t\t\t\t<\/div>\n\t\t\t\t<\/div>\n\t\t\t\t<div class=\"elementor-element elementor-element-772d12a elementor-widget elementor-widget-text-editor\" data-id=\"772d12a\" data-element_type=\"widget\" data-widget_type=\"text-editor.default\">\n\t\t\t\t<div class=\"elementor-widget-container\">\n\t\t\t\t\t\t\t\t\t<p>Nace en Madrid, asiste a cursos de acuarela y pintura con Julio Quesada.<\/p><p>En Italia trabaja con Kortokraks, en Irlanda asiste a cursos de acuarela con Ron Ranson, en Madrid trabaja en el estudio de Manolo Arjona, taller Spica, etc.<\/p><p>\u00a0<\/p>\t\t\t\t\t\t\t\t<\/div>\n\t\t\t\t<\/div>\n\t\t\t\t\t<\/div>\n\t\t<\/div>\n\t\t\t\t\t<\/div>\n\t\t<\/section>\n\t\t\t\t<section class=\"elementor-section elementor-top-section elementor-element elementor-element-19a47d5 elementor-section-boxed elementor-section-height-default elementor-section-height-default\" data-id=\"19a47d5\" data-element_type=\"section\">\n\t\t\t\t\t\t<div class=\"elementor-container elementor-column-gap-default\">\n\t\t\t\t\t<div class=\"elementor-column elementor-col-100 elementor-top-column elementor-element elementor-element-fd174ac\" data-id=\"fd174ac\" data-element_type=\"column\">\n\t\t\t<div class=\"elementor-widget-wrap\">\n\t\t\t\t\t\t\t<\/div>\n\t\t<\/div>\n\t\t\t\t\t<\/div>\n\t\t<\/section>\n\t\t\t\t<section class=\"elementor-section elementor-top-section elementor-element elementor-element-c9747ec elementor-section-boxed elementor-section-height-default elementor-section-height-default\" data-id=\"c9747ec\" data-element_type=\"section\">\n\t\t\t\t\t\t<div class=\"elementor-container elementor-column-gap-default\">\n\t\t\t\t\t<div class=\"elementor-column elementor-col-50 elementor-top-column elementor-element elementor-element-ae0718e\" data-id=\"ae0718e\" data-element_type=\"column\">\n\t\t\t<div class=\"elementor-widget-wrap elementor-element-populated\">\n\t\t\t\t\t\t<div class=\"elementor-element elementor-element-33e11ec elementor-widget elementor-widget-heading\" data-id=\"33e11ec\" data-element_type=\"widget\" data-widget_type=\"heading.default\">\n\t\t\t\t<div class=\"elementor-widget-container\">\n\t\t\t\t\t<div class=\"elementor-heading-title elementor-size-xl\">Exposiciones colectivas<\/div>\t\t\t\t<\/div>\n\t\t\t\t<\/div>\n\t\t\t\t\t<\/div>\n\t\t<\/div>\n\t\t\t\t<div class=\"elementor-column elementor-col-50 elementor-top-column elementor-element elementor-element-2bb9ce9\" data-id=\"2bb9ce9\" data-element_type=\"column\">\n\t\t\t<div class=\"elementor-widget-wrap elementor-element-populated\">\n\t\t\t\t\t\t<div class=\"elementor-element elementor-element-6d66f68 elementor-widget elementor-widget-text-editor\" data-id=\"6d66f68\" data-element_type=\"widget\" data-widget_type=\"text-editor.default\">\n\t\t\t\t<div class=\"elementor-widget-container\">\n\t\t\t\t\t\t\t\t\t<p>Sala Garo\u00e9. Tenerife.<\/p><p>Galer\u00eda Pluma. Bogot\u00e1<\/p><ul><li>Museo Arqueol\u00f3gico de Malta.<\/li><li>Galer\u00eda Edrema. Linares (Ja\u00e9n)<\/li><\/ul><p>\u00abArte+Sur\u00bb. Granada. Feria Internacional de Arte Contempor\u00e1neo de Granada.<\/p><p>Bienal de Linares (Ja\u00e9n).<\/p><ul><li>Exposici\u00f3n \u00abEncuentro con el Arte\u00bb. Centro Nicol\u00e1s Salm\u00e9n.<\/li><\/ul><p>\u00abArte+Sur\u00bb Granada. Feria Internacional de Arte Contempor\u00e1neo de Granada.<\/p><p>Bienal de Barcelona &#8211; Acuarela.<\/p><ul><li>Centro Cultural de Mondoa \u00abEl Madrid de Goya\u00bb.<\/li><\/ul><p>\u00abArte+Sur\u00bb Granada. Feria Internacional de Arte contempor\u00e1neo de Granada.<\/p><p>Bienal de Barcelona -Acuarela.<\/p><p>Exposici\u00f3n 50 aniversario de Manolete\u00a0 Linares (Ja\u00e9n).<\/p><ul><li>\u00abArte+Sur\u00bb M\u00e1laga. Feria Internacional de Arte Contempor\u00e1neo de M\u00e1laga.<\/li><\/ul><p>\u00abEl Agua en el Arte\u00bb. Ayuntamiento de Puertollano.<\/p><p>Feria de Arte de Marbella (M\u00e1laga).<\/p><p>Bienal de Barcelona &#8211; Acuarela.<\/p><p>Participa en diversas exposiciones colectivas, como Sal\u00f3n de Oto\u00f1o, Caja Madrid, Casa del Reloj, Bienales y galer\u00eda extranjeras.<\/p><p>.<\/p>\t\t\t\t\t\t\t\t<\/div>\n\t\t\t\t<\/div>\n\t\t\t\t\t<\/div>\n\t\t<\/div>\n\t\t\t\t\t<\/div>\n\t\t<\/section>\n\t\t\t\t<section class=\"elementor-section elementor-top-section elementor-element elementor-element-8610463 elementor-section-boxed elementor-section-height-default elementor-section-height-default\" data-id=\"8610463\" data-element_type=\"section\">\n\t\t\t\t\t\t<div class=\"elementor-container elementor-column-gap-default\">\n\t\t\t\t\t<div class=\"elementor-column elementor-col-100 elementor-top-column elementor-element elementor-element-ae36119\" data-id=\"ae36119\" data-element_type=\"column\">\n\t\t\t<div class=\"elementor-widget-wrap\">\n\t\t\t\t\t\t\t<\/div>\n\t\t<\/div>\n\t\t\t\t\t<\/div>\n\t\t<\/section>\n\t\t\t\t<section class=\"elementor-section elementor-top-section elementor-element elementor-element-3f4bab9 elementor-section-boxed elementor-section-height-default elementor-section-height-default\" data-id=\"3f4bab9\" data-element_type=\"section\">\n\t\t\t\t\t\t<div class=\"elementor-container elementor-column-gap-default\">\n\t\t\t\t\t<div class=\"elementor-column elementor-col-100 elementor-top-column elementor-element elementor-element-ec88b76\" data-id=\"ec88b76\" data-element_type=\"column\">\n\t\t\t<div class=\"elementor-widget-wrap elementor-element-populated\">\n\t\t\t\t\t\t<div class=\"elementor-element elementor-element-0e68d6b elementor-widget elementor-widget-heading\" data-id=\"0e68d6b\" data-element_type=\"widget\" data-widget_type=\"heading.default\">\n\t\t\t\t<div class=\"elementor-widget-container\">\n\t\t\t\t\t<div class=\"elementor-heading-title elementor-size-xl\">Premios y Distinciones<\/div>\t\t\t\t<\/div>\n\t\t\t\t<\/div>\n\t\t\t\t<div class=\"elementor-element elementor-element-b0e22c0 elementor-widget elementor-widget-text-editor\" data-id=\"b0e22c0\" data-element_type=\"widget\" data-widget_type=\"text-editor.default\">\n\t\t\t\t<div class=\"elementor-widget-container\">\n\t\t\t\t\t\t\t\t\t<p>Premio Paleta de Plata, Agrupaci\u00f3n de Acuarelistas.<\/p><ul><li>Premio Jos\u00e9 Valenciano.<\/li><li>Segunda Medalla 57\u00ba Sal\u00f3n de Oto\u00f1o.<\/li><li>Segundo Premio Ayuntamiento. Casa reloj.<\/li><li>Menci\u00f3n de Honor XIX Certamen de Acuarela.<\/li><li>Finalista Certamen retiro.<\/li><li>Premio Faber Castell a la mejor acuarela. Pintura retiro.<\/li><\/ul><p>Accesit tema Jardines Aranjuez.<\/p><p>Menci\u00f3n de Honor en el Sal\u00f3n de Invierno Centro Cultural Mondoa.<\/p><ul><li>Premio y adquisici\u00f3n Ayuntamiento de Puertollano.<\/li><\/ul><p>Accesit Casa del reloj. Ayuntamiento de Madrid.<\/p><p>Seleccionada en el premio Ej\u00e9rcito del aire.<\/p><p>Seleccionada en diversas exposiciones colectivas, como Sal\u00f3n de Oto\u00f1o, Caja Madrid, Bienales, etc.<\/p><p>\u00a0<\/p>\t\t\t\t\t\t\t\t<\/div>\n\t\t\t\t<\/div>\n\t\t\t\t<div class=\"elementor-element elementor-element-a1247fd elementor-widget elementor-widget-heading\" data-id=\"a1247fd\" data-element_type=\"widget\" data-widget_type=\"heading.default\">\n\t\t\t\t<div class=\"elementor-widget-container\">\n\t\t\t\t\t<div class=\"elementor-heading-title elementor-size-xl\">Museos y Colecciones<\/div>\t\t\t\t<\/div>\n\t\t\t\t<\/div>\n\t\t\t\t<div class=\"elementor-element elementor-element-4ff8164 elementor-widget elementor-widget-text-editor\" data-id=\"4ff8164\" data-element_type=\"widget\" data-widget_type=\"text-editor.default\">\n\t\t\t\t<div class=\"elementor-widget-container\">\n\t\t\t\t\t\t\t\t\t<p>Museo Arqueol\u00f3gico de Malta.<\/p><p>Museo de Puertollano.<\/p><p>Obra en Colombia, Roma, Colonia, Kassel y Santo Domingo.<\/p>\t\t\t\t\t\t\t\t<\/div>\n\t\t\t\t<\/div>\n\t\t\t\t\t<\/div>\n\t\t<\/div>\n\t\t\t\t\t<\/div>\n\t\t<\/section>\n\t\t\t\t<section class=\"elementor-section elementor-top-section elementor-element elementor-element-baa7ac1 elementor-section-boxed elementor-section-height-default elementor-section-height-default\" data-id=\"baa7ac1\" data-element_type=\"section\">\n\t\t\t\t\t\t<div class=\"elementor-container elementor-column-gap-default\">\n\t\t\t\t\t<div class=\"elementor-column elementor-col-100 elementor-top-column elementor-element elementor-element-a9adb97\" data-id=\"a9adb97\" data-element_type=\"column\">\n\t\t\t<div class=\"elementor-widget-wrap elementor-element-populated\">\n\t\t\t\t\t\t<div class=\"elementor-element elementor-element-726238b elementor-widget elementor-widget-heading\" data-id=\"726238b\" data-element_type=\"widget\" data-widget_type=\"heading.default\">\n\t\t\t\t<div class=\"elementor-widget-container\">\n\t\t\t\t\t<div class=\"elementor-heading-title elementor-size-xl\">Obras<\/div>\t\t\t\t<\/div>\n\t\t\t\t<\/div>\n\t\t\t\t<div class=\"elementor-element elementor-element-787b771 elementor-grid-4 elementor-grid-tablet-3 elementor-grid-mobile-2 elementor-products-grid elementor-wc-products elementor-widget elementor-widget-woocommerce-products\" data-id=\"787b771\" data-element_type=\"widget\" data-widget_type=\"woocommerce-products.default\">\n\t\t\t\t<div class=\"elementor-widget-container\">\n\t\t\t\t\t<div class=\"woocommerce columns-4 \"><ul class=\"products elementor-grid columns-4\">\n<li class=\"sales-flash-overlay woocommerce-text-align-center woocommerce-image-align-center do-quantity-buttons product type-product post-3485 status-publish first instock product_cat-acuarela product_cat-vistas-urbanas product_cat-vistas-urbanas-de-sevilla has-post-thumbnail sale sold-individually taxable shipping-taxable purchasable product-type-simple\">\n\t<a href=\"https:\/\/villanueva-fineart.es\/es_es\/producto\/sevilla-pilar-urtiaga\/\" class=\"woocommerce-LoopProduct-link woocommerce-loop-product__link\">\n\t<span class=\"onsale\">\u00a1Oferta!<\/span>\n\t<img decoding=\"async\" width=\"300\" height=\"300\" src=\"https:\/\/villanueva-fineart.es\/wp-content\/uploads\/2022\/01\/P.-5-300x300.jpg\" class=\"attachment-woocommerce_thumbnail size-woocommerce_thumbnail\" alt=\"Sevilla, Pilar Urtiaga\" srcset=\"https:\/\/villanueva-fineart.es\/wp-content\/uploads\/2022\/01\/P.-5-300x300.jpg 300w, https:\/\/villanueva-fineart.es\/wp-content\/uploads\/2022\/01\/P.-5-150x150.jpg 150w, https:\/\/villanueva-fineart.es\/wp-content\/uploads\/2022\/01\/P.-5-100x100.jpg 100w\" sizes=\"(max-width: 300px) 100vw, 300px\" \/><h2 class=\"woocommerce-loop-product__title\">Sevilla, Pilar Urtiaga<\/h2>\n\t<span class=\"price\"><del aria-hidden=\"true\"><span class=\"woocommerce-Price-amount amount\"><bdi>1.700,00&nbsp;<span class=\"woocommerce-Price-currencySymbol\">&euro;<\/span><\/bdi><\/span><\/del> <span class=\"screen-reader-text\">El precio original era: 1.700,00&nbsp;&euro;.<\/span><ins aria-hidden=\"true\"><span class=\"woocommerce-Price-amount amount\"><bdi>700,00&nbsp;<span class=\"woocommerce-Price-currencySymbol\">&euro;<\/span><\/bdi><\/span><\/ins><span class=\"screen-reader-text\">El precio actual es: 700,00&nbsp;&euro;.<\/span><\/span>\n<\/a><a href=\"?add-to-cart=3485\" aria-describedby=\"woocommerce_loop_add_to_cart_link_describedby_3485\" data-quantity=\"1\" class=\"button product_type_simple add_to_cart_button ajax_add_to_cart\" data-product_id=\"3485\" data-product_sku=\"\" aria-label=\"A\u00f1adir al carrito: &ldquo;Sevilla, Pilar Urtiaga&rdquo;\" rel=\"nofollow\" data-success_message=\"\u00abSevilla, Pilar Urtiaga\u00bb se ha a\u00f1adido a tu carrito\">A\u00f1adir al carrito<\/a>\t<span id=\"woocommerce_loop_add_to_cart_link_describedby_3485\" class=\"screen-reader-text\">\n\t\t\t<\/span>\n<\/li>\n<\/ul>\n<\/div>\t\t\t\t<\/div>\n\t\t\t\t<\/div>\n\t\t\t\t\t<\/div>\n\t\t<\/div>\n\t\t\t\t\t<\/div>\n\t\t<\/section>\n\t\t\t\t<\/div>\n\t\t","protected":false},"excerpt":{"rendered":"<p>Pilar Urtiaga Nace en Madrid, asiste a cursos de acuarela y pintura con Julio Quesada. En Italia trabaja con Kortokraks, en Irlanda asiste a cursos de acuarela con Ron Ranson, en Madrid trabaja en el estudio de Manolo Arjona, taller Spica, etc. Exposiciones colectivas Sala Garo\u00e9. Tenerife. Galer\u00eda Pluma. Bogot\u00e1 Museo Arqueol\u00f3gico de Malta. Galer\u00eda &#8230; <a title=\"Pilar Urtiaga\" class=\"read-more\" href=\"https:\/\/villanueva-fineart.es\/es_es\/pilar-urtiaga\/\" aria-label=\"Leer m\u00e1s sobre Pilar Urtiaga\">Leer m\u00e1s<\/a><\/p>\n","protected":false},"author":1,"featured_media":0,"parent":0,"menu_order":0,"comment_status":"closed","ping_status":"closed","template":"","meta":{"footnotes":""},"class_list":["post-3487","page","type-page","status-publish"],"yoast_head":"<!-- This site is optimized with the Yoast SEO plugin v25.9 - https:\/\/yoast.com\/wordpress\/plugins\/seo\/ -->\n<title>Pilar Urtiaga - Villanueva Fineart<\/title>\n<meta name=\"description\" content=\"Nace en Madrid, asiste a cursos de acuarela y pintura con Julio Quesada.En Italia trabaja con Kortokraks, en Irlanda asiste a cursos de acuarela con Ron Ranson, en Madrid trabaja en el estudio de Manolo Arjona, taller Spica, etc.\" \/>\n<meta name=\"robots\" content=\"index, follow, max-snippet:-1, max-image-preview:large, max-video-preview:-1\" \/>\n<link rel=\"canonical\" href=\"https:\/\/villanueva-fineart.es\/es_es\/pilar-urtiaga\/\" \/>\n<meta property=\"og:locale\" content=\"es_ES\" \/>\n<meta property=\"og:type\" content=\"article\" \/>\n<meta property=\"og:title\" content=\"Pilar Urtiaga - Villanueva Fineart\" \/>\n<meta property=\"og:description\" content=\"Nace en Madrid, asiste a cursos de acuarela y pintura con Julio Quesada.En Italia trabaja con Kortokraks, en Irlanda asiste a cursos de acuarela con Ron Ranson, en Madrid trabaja en el estudio de Manolo Arjona, taller Spica, etc.\" \/>\n<meta property=\"og:url\" content=\"https:\/\/villanueva-fineart.es\/es_es\/pilar-urtiaga\/\" \/>\n<meta property=\"og:site_name\" content=\"Villanueva Fineart\" \/>\n<meta property=\"article:modified_time\" content=\"2022-01-02T16:20:21+00:00\" \/>\n<meta property=\"og:image\" content=\"https:\/\/villanueva-fineart.es\/wp-content\/uploads\/2022\/01\/P.-5-768x612.jpg\" \/>\n<meta name=\"twitter:card\" content=\"summary_large_image\" \/>\n<meta name=\"twitter:label1\" content=\"Tiempo de lectura\" \/>\n\t<meta name=\"twitter:data1\" content=\"2 minutos\" \/>\n<script type=\"application\/ld+json\" class=\"yoast-schema-graph\">{\"@context\":\"https:\/\/schema.org\",\"@graph\":[{\"@type\":\"WebPage\",\"@id\":\"https:\/\/villanueva-fineart.es\/es_es\/pilar-urtiaga\/\",\"url\":\"https:\/\/villanueva-fineart.es\/es_es\/pilar-urtiaga\/\",\"name\":\"Pilar Urtiaga - Villanueva Fineart\",\"isPartOf\":{\"@id\":\"http:\/\/villanueva-fineart.es\/#website\"},\"primaryImageOfPage\":{\"@id\":\"https:\/\/villanueva-fineart.es\/es_es\/pilar-urtiaga\/#primaryimage\"},\"image\":{\"@id\":\"https:\/\/villanueva-fineart.es\/es_es\/pilar-urtiaga\/#primaryimage\"},\"thumbnailUrl\":\"https:\/\/villanueva-fineart.es\/wp-content\/uploads\/2022\/01\/P.-5-768x612.jpg\",\"datePublished\":\"2022-01-01T18:02:46+00:00\",\"dateModified\":\"2022-01-02T16:20:21+00:00\",\"description\":\"Nace en Madrid, asiste a cursos de acuarela y pintura con Julio Quesada.En Italia trabaja con Kortokraks, en Irlanda asiste a cursos de acuarela con Ron Ranson, en Madrid trabaja en el estudio de Manolo Arjona, taller Spica, etc.\",\"breadcrumb\":{\"@id\":\"https:\/\/villanueva-fineart.es\/es_es\/pilar-urtiaga\/#breadcrumb\"},\"inLanguage\":\"es\",\"potentialAction\":[{\"@type\":\"ReadAction\",\"target\":[\"https:\/\/villanueva-fineart.es\/es_es\/pilar-urtiaga\/\"]}]},{\"@type\":\"ImageObject\",\"inLanguage\":\"es\",\"@id\":\"https:\/\/villanueva-fineart.es\/es_es\/pilar-urtiaga\/#primaryimage\",\"url\":\"https:\/\/villanueva-fineart.es\/wp-content\/uploads\/2022\/01\/P.-5-768x612.jpg\",\"contentUrl\":\"https:\/\/villanueva-fineart.es\/wp-content\/uploads\/2022\/01\/P.-5-768x612.jpg\"},{\"@type\":\"BreadcrumbList\",\"@id\":\"https:\/\/villanueva-fineart.es\/es_es\/pilar-urtiaga\/#breadcrumb\",\"itemListElement\":[{\"@type\":\"ListItem\",\"position\":1,\"name\":\"Inicio\",\"item\":\"https:\/\/villanueva-fineart.es\/\"},{\"@type\":\"ListItem\",\"position\":2,\"name\":\"Pilar Urtiaga\"}]},{\"@type\":\"WebSite\",\"@id\":\"http:\/\/villanueva-fineart.es\/#website\",\"url\":\"http:\/\/villanueva-fineart.es\/\",\"name\":\"Villanueva Fineart\",\"description\":\"Liquidaci\u00f3n de Obras de arte\",\"publisher\":{\"@id\":\"http:\/\/villanueva-fineart.es\/#organization\"},\"potentialAction\":[{\"@type\":\"SearchAction\",\"target\":{\"@type\":\"EntryPoint\",\"urlTemplate\":\"http:\/\/villanueva-fineart.es\/?s={search_term_string}\"},\"query-input\":{\"@type\":\"PropertyValueSpecification\",\"valueRequired\":true,\"valueName\":\"search_term_string\"}}],\"inLanguage\":\"es\"},{\"@type\":\"Organization\",\"@id\":\"http:\/\/villanueva-fineart.es\/#organization\",\"name\":\"Villanueva Fineart\",\"url\":\"http:\/\/villanueva-fineart.es\/\",\"logo\":{\"@type\":\"ImageObject\",\"inLanguage\":\"es\",\"@id\":\"http:\/\/villanueva-fineart.es\/#\/schema\/logo\/image\/\",\"url\":\"https:\/\/villanueva-fineart.es\/wp-content\/uploads\/2021\/11\/Logo-fineart.jpg\",\"contentUrl\":\"https:\/\/villanueva-fineart.es\/wp-content\/uploads\/2021\/11\/Logo-fineart.jpg\",\"width\":200,\"height\":85,\"caption\":\"Villanueva Fineart\"},\"image\":{\"@id\":\"http:\/\/villanueva-fineart.es\/#\/schema\/logo\/image\/\"}}]}<\/script>\n<!-- \/ Yoast SEO plugin. -->","yoast_head_json":{"title":"Pilar Urtiaga - Villanueva Fineart","description":"Nace en Madrid, asiste a cursos de acuarela y pintura con Julio Quesada.En Italia trabaja con Kortokraks, en Irlanda asiste a cursos de acuarela con Ron Ranson, en Madrid trabaja en el estudio de Manolo Arjona, taller Spica, etc.","robots":{"index":"index","follow":"follow","max-snippet":"max-snippet:-1","max-image-preview":"max-image-preview:large","max-video-preview":"max-video-preview:-1"},"canonical":"https:\/\/villanueva-fineart.es\/es_es\/pilar-urtiaga\/","og_locale":"es_ES","og_type":"article","og_title":"Pilar Urtiaga - Villanueva Fineart","og_description":"Nace en Madrid, asiste a cursos de acuarela y pintura con Julio Quesada.En Italia trabaja con Kortokraks, en Irlanda asiste a cursos de acuarela con Ron Ranson, en Madrid trabaja en el estudio de Manolo Arjona, taller Spica, etc.","og_url":"https:\/\/villanueva-fineart.es\/es_es\/pilar-urtiaga\/","og_site_name":"Villanueva Fineart","article_modified_time":"2022-01-02T16:20:21+00:00","og_image":[{"url":"https:\/\/villanueva-fineart.es\/wp-content\/uploads\/2022\/01\/P.-5-768x612.jpg","type":"","width":"","height":""}],"twitter_card":"summary_large_image","twitter_misc":{"Tiempo de lectura":"2 minutos"},"schema":{"@context":"https:\/\/schema.org","@graph":[{"@type":"WebPage","@id":"https:\/\/villanueva-fineart.es\/es_es\/pilar-urtiaga\/","url":"https:\/\/villanueva-fineart.es\/es_es\/pilar-urtiaga\/","name":"Pilar Urtiaga - Villanueva Fineart","isPartOf":{"@id":"http:\/\/villanueva-fineart.es\/#website"},"primaryImageOfPage":{"@id":"https:\/\/villanueva-fineart.es\/es_es\/pilar-urtiaga\/#primaryimage"},"image":{"@id":"https:\/\/villanueva-fineart.es\/es_es\/pilar-urtiaga\/#primaryimage"},"thumbnailUrl":"https:\/\/villanueva-fineart.es\/wp-content\/uploads\/2022\/01\/P.-5-768x612.jpg","datePublished":"2022-01-01T18:02:46+00:00","dateModified":"2022-01-02T16:20:21+00:00","description":"Nace en Madrid, asiste a cursos de acuarela y pintura con Julio Quesada.En Italia trabaja con Kortokraks, en Irlanda asiste a cursos de acuarela con Ron Ranson, en Madrid trabaja en el estudio de Manolo Arjona, taller Spica, etc.","breadcrumb":{"@id":"https:\/\/villanueva-fineart.es\/es_es\/pilar-urtiaga\/#breadcrumb"},"inLanguage":"es","potentialAction":[{"@type":"ReadAction","target":["https:\/\/villanueva-fineart.es\/es_es\/pilar-urtiaga\/"]}]},{"@type":"ImageObject","inLanguage":"es","@id":"https:\/\/villanueva-fineart.es\/es_es\/pilar-urtiaga\/#primaryimage","url":"https:\/\/villanueva-fineart.es\/wp-content\/uploads\/2022\/01\/P.-5-768x612.jpg","contentUrl":"https:\/\/villanueva-fineart.es\/wp-content\/uploads\/2022\/01\/P.-5-768x612.jpg"},{"@type":"BreadcrumbList","@id":"https:\/\/villanueva-fineart.es\/es_es\/pilar-urtiaga\/#breadcrumb","itemListElement":[{"@type":"ListItem","position":1,"name":"Inicio","item":"https:\/\/villanueva-fineart.es\/"},{"@type":"ListItem","position":2,"name":"Pilar Urtiaga"}]},{"@type":"WebSite","@id":"http:\/\/villanueva-fineart.es\/#website","url":"http:\/\/villanueva-fineart.es\/","name":"Villanueva Fineart","description":"Liquidaci\u00f3n de Obras de arte","publisher":{"@id":"http:\/\/villanueva-fineart.es\/#organization"},"potentialAction":[{"@type":"SearchAction","target":{"@type":"EntryPoint","urlTemplate":"http:\/\/villanueva-fineart.es\/?s={search_term_string}"},"query-input":{"@type":"PropertyValueSpecification","valueRequired":true,"valueName":"search_term_string"}}],"inLanguage":"es"},{"@type":"Organization","@id":"http:\/\/villanueva-fineart.es\/#organization","name":"Villanueva Fineart","url":"http:\/\/villanueva-fineart.es\/","logo":{"@type":"ImageObject","inLanguage":"es","@id":"http:\/\/villanueva-fineart.es\/#\/schema\/logo\/image\/","url":"https:\/\/villanueva-fineart.es\/wp-content\/uploads\/2021\/11\/Logo-fineart.jpg","contentUrl":"https:\/\/villanueva-fineart.es\/wp-content\/uploads\/2021\/11\/Logo-fineart.jpg","width":200,"height":85,"caption":"Villanueva Fineart"},"image":{"@id":"http:\/\/villanueva-fineart.es\/#\/schema\/logo\/image\/"}}]}},"_links":{"self":[{"href":"https:\/\/villanueva-fineart.es\/es_es\/wp-json\/wp\/v2\/pages\/3487","targetHints":{"allow":["GET"]}}],"collection":[{"href":"https:\/\/villanueva-fineart.es\/es_es\/wp-json\/wp\/v2\/pages"}],"about":[{"href":"https:\/\/villanueva-fineart.es\/es_es\/wp-json\/wp\/v2\/types\/page"}],"author":[{"embeddable":true,"href":"https:\/\/villanueva-fineart.es\/es_es\/wp-json\/wp\/v2\/users\/1"}],"replies":[{"embeddable":true,"href":"https:\/\/villanueva-fineart.es\/es_es\/wp-json\/wp\/v2\/comments?post=3487"}],"version-history":[{"count":8,"href":"https:\/\/villanueva-fineart.es\/es_es\/wp-json\/wp\/v2\/pages\/3487\/revisions"}],"predecessor-version":[{"id":3499,"href":"https:\/\/villanueva-fineart.es\/es_es\/wp-json\/wp\/v2\/pages\/3487\/revisions\/3499"}],"wp:attachment":[{"href":"https:\/\/villanueva-fineart.es\/es_es\/wp-json\/wp\/v2\/media?parent=3487"}],"curies":[{"name":"wp","href":"https:\/\/api.w.org\/{rel}","templated":true}]}}