{"id":3463,"date":"2022-01-01T16:07:37","date_gmt":"2022-01-01T16:07:37","guid":{"rendered":"https:\/\/villanueva-fineart.es\/?page_id=3463"},"modified":"2022-02-05T16:42:49","modified_gmt":"2022-02-05T16:42:49","slug":"sola-puig-joan","status":"publish","type":"page","link":"https:\/\/villanueva-fineart.es\/es_es\/sola-puig-joan\/","title":{"rendered":"Sol\u00e1 Puig Joan"},"content":{"rendered":"\t\t<div data-elementor-type=\"wp-page\" data-elementor-id=\"3463\" class=\"elementor elementor-3463\" data-elementor-post-type=\"page\">\n\t\t\t\t\t\t<section class=\"elementor-section elementor-top-section elementor-element elementor-element-7da3ceb elementor-section-full_width elementor-section-height-default elementor-section-height-default\" data-id=\"7da3ceb\" data-element_type=\"section\">\n\t\t\t\t\t\t<div class=\"elementor-container elementor-column-gap-default\">\n\t\t\t\t\t<div class=\"elementor-column elementor-col-100 elementor-top-column elementor-element elementor-element-fe60994\" data-id=\"fe60994\" data-element_type=\"column\">\n\t\t\t<div class=\"elementor-widget-wrap elementor-element-populated\">\n\t\t\t\t\t\t<div class=\"elementor-element elementor-element-019e990 elementor-widget-divider--view-line elementor-widget elementor-widget-divider\" data-id=\"019e990\" data-element_type=\"widget\" data-widget_type=\"divider.default\">\n\t\t\t\t<div class=\"elementor-widget-container\">\n\t\t\t\t\t\t\t<div class=\"elementor-divider\">\n\t\t\t<span class=\"elementor-divider-separator\">\n\t\t\t\t\t\t<\/span>\n\t\t<\/div>\n\t\t\t\t\t\t<\/div>\n\t\t\t\t<\/div>\n\t\t\t\t\t<\/div>\n\t\t<\/div>\n\t\t\t\t\t<\/div>\n\t\t<\/section>\n\t\t\t\t<section class=\"elementor-section elementor-top-section elementor-element elementor-element-04cd1bb elementor-section-boxed elementor-section-height-default elementor-section-height-default\" data-id=\"04cd1bb\" data-element_type=\"section\">\n\t\t\t\t\t\t<div class=\"elementor-container elementor-column-gap-default\">\n\t\t\t\t\t<div class=\"elementor-column elementor-col-50 elementor-top-column elementor-element elementor-element-fd0b1ae\" data-id=\"fd0b1ae\" data-element_type=\"column\">\n\t\t\t<div class=\"elementor-widget-wrap elementor-element-populated\">\n\t\t\t\t\t\t<div class=\"elementor-element elementor-element-6484428 elementor-widget elementor-widget-image\" data-id=\"6484428\" data-element_type=\"widget\" data-widget_type=\"image.default\">\n\t\t\t\t<div class=\"elementor-widget-container\">\n\t\t\t\t\t\t\t\t\t\t\t\t\t\t\t\t<a href=\"https:\/\/villanueva-fineart.es\/sola-puig\">\n\t\t\t\t\t\t\t<img fetchpriority=\"high\" decoding=\"async\" width=\"390\" height=\"275\" src=\"https:\/\/villanueva-fineart.es\/wp-content\/uploads\/2021\/12\/Josep-Puig.jpg\" class=\"attachment-medium_large size-medium_large wp-image-2846\" alt=\"\" srcset=\"https:\/\/villanueva-fineart.es\/wp-content\/uploads\/2021\/12\/Josep-Puig.jpg 390w, https:\/\/villanueva-fineart.es\/wp-content\/uploads\/2021\/12\/Josep-Puig-300x212.jpg 300w, https:\/\/villanueva-fineart.es\/wp-content\/uploads\/2021\/12\/Josep-Puig-18x12.jpg 18w\" sizes=\"(max-width: 390px) 100vw, 390px\" \/>\t\t\t\t\t\t\t\t<\/a>\n\t\t\t\t\t\t\t\t\t\t\t\t\t\t\t<\/div>\n\t\t\t\t<\/div>\n\t\t\t\t\t<\/div>\n\t\t<\/div>\n\t\t\t\t<div class=\"elementor-column elementor-col-50 elementor-top-column elementor-element elementor-element-6463cb3\" data-id=\"6463cb3\" data-element_type=\"column\">\n\t\t\t<div class=\"elementor-widget-wrap elementor-element-populated\">\n\t\t\t\t\t\t<div class=\"elementor-element elementor-element-4667ff2 elementor-widget elementor-widget-heading\" data-id=\"4667ff2\" data-element_type=\"widget\" data-widget_type=\"heading.default\">\n\t\t\t\t<div class=\"elementor-widget-container\">\n\t\t\t\t\t<div class=\"elementor-heading-title elementor-size-xl\"><a href=\"https:\/\/villanueva-fineart.es\/sola-puig\">SOL\u00c0 PUIG, Joan    <\/a><\/div>\t\t\t\t<\/div>\n\t\t\t\t<\/div>\n\t\t\t\t<div class=\"elementor-element elementor-element-772d12a elementor-widget elementor-widget-text-editor\" data-id=\"772d12a\" data-element_type=\"widget\" data-widget_type=\"text-editor.default\">\n\t\t\t\t<div class=\"elementor-widget-container\">\n\t\t\t\t\t\t\t\t\t<p>(Barcelona 1950 )<\/p><p>Joan SOL\u00c1 pinta al natural, a la manera y reflejo de los viejos maestros para poder impregnarse del color, el aire, el olor y el perfume singular de su entorno, para as\u00ed poder plasmarlo en sus lienzos y transmitir esa extra\u00f1a mezcla de sentimiento y poes\u00eda que desprende una fuerza casi tel\u00farica, solo al alcance de unos poco elegidos, capaces de despreciar y anular totalmente el artificio y lo anecd\u00f3tico, para de esta manera, poder llegar a expresar s\u00f3lo lo esencial.<\/p><p>Sorprende su dominio de la atm\u00f3sfera, junto con la contenci\u00f3n po\u00e9tica del color, que utiliza con una personal y rara habilidad, con la aplicaci\u00f3n de una pincelada de empastes atrevidos y vigorosos; pero al mismo tiempo, meditados y medidos, para llegar a una pl\u00e1stica expresiva pero serena, capaz de conectar de forma intima con el espectador de su obra.<\/p><p>Joan Sol\u00e0 sabe transportar sobre el lienzo, de una manera infalible, las sombras que parecen respirar, el latido de la tierra adormecida, los valores que armonizan los primeros planos de los \u00faltimos, con una visi\u00f3n limpia, para as\u00ed lograr reflejar los sentimientos que se desprenden del contacto con la naturaleza; con una elocuencia y una interpretaci\u00f3n al servicio de un sereno saber.<\/p>\t\t\t\t\t\t\t\t<\/div>\n\t\t\t\t<\/div>\n\t\t\t\t\t<\/div>\n\t\t<\/div>\n\t\t\t\t\t<\/div>\n\t\t<\/section>\n\t\t\t\t<section class=\"elementor-section elementor-top-section elementor-element elementor-element-19a47d5 elementor-section-boxed elementor-section-height-default elementor-section-height-default\" data-id=\"19a47d5\" data-element_type=\"section\">\n\t\t\t\t\t\t<div class=\"elementor-container elementor-column-gap-default\">\n\t\t\t\t\t<div class=\"elementor-column elementor-col-100 elementor-top-column elementor-element elementor-element-cfc1c48\" data-id=\"cfc1c48\" data-element_type=\"column\">\n\t\t\t<div class=\"elementor-widget-wrap elementor-element-populated\">\n\t\t\t\t\t\t<div class=\"elementor-element elementor-element-b223874 elementor-widget elementor-widget-text-editor\" data-id=\"b223874\" data-element_type=\"widget\" data-widget_type=\"text-editor.default\">\n\t\t\t\t<div class=\"elementor-widget-container\">\n\t\t\t\t\t\t\t\t\t<p>COLECCIONES IMPORTANTES QUE POSEEN OBRAS DEL PINTOR<\/p><p>\u2013 Sus Majestades los Reyes de Espa\u00f1a.<br \/>\u2013 S.A. Real el Pr\u00edncipe de Asturias.<br \/>\u2013 Museo de Arte contempor\u00e1neo de Florida (USA).<br \/>\u2013 Museo de Arte de Catalunya.<br \/>\u2013 La Excelent\u00edsima Diputaci\u00f3n Provincial de Barcelona.<br \/>\u2013 La Colecci\u00f3n del Marqu\u00e9s de Muller. (Barcelona)<br \/>\u2013 La Colecci\u00f3n de pintura \u201cArt Reproduction Mallori\u201d (Palma de Mallorca)<br \/>\u2013 La Colecci\u00f3n de la Galer\u00eda de los Ilustres, del Ayuntamiento de Vic.<br \/>\u2013 La Colecci\u00f3n del Se\u00f1or Hosakawa Kazuo (Jap\u00f3n)<br \/>\u2013 La Colecci\u00f3n del Se\u00f1or Kenichi Yamaguchi (Jap\u00f3n)<br \/>\u2013 La Colecci\u00f3n Erik Lange (Noruega)<br \/>\u2013 En importantes colecciones de Espa\u00f1a, Francia, Alemania, B\u00e9lgica, Noruega, Suecia, Luxemburgo, Italia, \u00a0 \u00a0 \u00a0 \u00a0 \u00a0 \u00a0 M\u00f3naco y Holanda.<br \/>\u2013 La Colecci\u00f3n de la \u201cCaixa de Pensions\u201d.<br \/>\u2013 La Colecci\u00f3n de la Fundaci\u00f3n \u201cCasa del Actor\u201d Madrid.<br \/>\u2013 En el a\u00f1o 2003 La Academia II Marzocco de Florencia le nombra acad\u00e9mico de dicha instituci\u00f3n.<\/p>\t\t\t\t\t\t\t\t<\/div>\n\t\t\t\t<\/div>\n\t\t\t\t\t<\/div>\n\t\t<\/div>\n\t\t\t\t\t<\/div>\n\t\t<\/section>\n\t\t\t\t<section class=\"elementor-section elementor-top-section elementor-element elementor-element-baa7ac1 elementor-section-boxed elementor-section-height-default elementor-section-height-default\" data-id=\"baa7ac1\" data-element_type=\"section\">\n\t\t\t\t\t\t<div class=\"elementor-container elementor-column-gap-default\">\n\t\t\t\t\t<div class=\"elementor-column elementor-col-100 elementor-top-column elementor-element elementor-element-a9adb97\" data-id=\"a9adb97\" data-element_type=\"column\">\n\t\t\t<div class=\"elementor-widget-wrap elementor-element-populated\">\n\t\t\t\t\t\t<div class=\"elementor-element elementor-element-726238b elementor-widget elementor-widget-heading\" data-id=\"726238b\" data-element_type=\"widget\" data-widget_type=\"heading.default\">\n\t\t\t\t<div class=\"elementor-widget-container\">\n\t\t\t\t\t<div class=\"elementor-heading-title elementor-size-xl\">Obras<\/div>\t\t\t\t<\/div>\n\t\t\t\t<\/div>\n\t\t\t\t<div class=\"elementor-element elementor-element-787b771 elementor-grid-4 elementor-grid-tablet-3 elementor-grid-mobile-2 elementor-products-grid elementor-wc-products elementor-widget elementor-widget-woocommerce-products\" data-id=\"787b771\" data-element_type=\"widget\" data-widget_type=\"woocommerce-products.default\">\n\t\t\t\t<div class=\"elementor-widget-container\">\n\t\t\t\t\t<div class=\"woocommerce columns-4 \"><ul class=\"products elementor-grid columns-4\">\n<li class=\"sales-flash-overlay woocommerce-text-align-center woocommerce-image-align-center do-quantity-buttons product type-product post-2854 status-publish first instock product_cat-500e-y-menos product_cat-obra product_cat-oleo product_cat-paisajes-marinos has-post-thumbnail sold-individually taxable shipping-taxable product-type-simple\">\n\t<a href=\"https:\/\/villanueva-fineart.es\/es_es\/producto\/marina-joan-sola-puig\/\" class=\"woocommerce-LoopProduct-link woocommerce-loop-product__link\"><img decoding=\"async\" width=\"300\" height=\"275\" src=\"https:\/\/villanueva-fineart.es\/wp-content\/uploads\/2021\/12\/Josep-Puig-300x275.jpg\" class=\"attachment-woocommerce_thumbnail size-woocommerce_thumbnail\" alt=\"Marina, Joan Sola Puig - VENDIDO - SOLD OUT\" \/><h2 class=\"woocommerce-loop-product__title\">Marina, Joan Sola Puig &#8211; VENDIDO &#8211; SOLD OUT<\/h2>\n<\/a><a href=\"https:\/\/villanueva-fineart.es\/es_es\/producto\/marina-joan-sola-puig\/\" aria-describedby=\"woocommerce_loop_add_to_cart_link_describedby_2854\" data-quantity=\"1\" class=\"button product_type_simple\" data-product_id=\"2854\" data-product_sku=\"\" aria-label=\"Lee m\u00e1s sobre &ldquo;Marina, Joan Sola Puig - VENDIDO - SOLD OUT&rdquo;\" rel=\"nofollow\" data-success_message=\"\">Leer m\u00e1s<\/a>\t<span id=\"woocommerce_loop_add_to_cart_link_describedby_2854\" class=\"screen-reader-text\">\n\t\t\t<\/span>\n<\/li>\n<\/ul>\n<\/div>\t\t\t\t<\/div>\n\t\t\t\t<\/div>\n\t\t\t\t\t<\/div>\n\t\t<\/div>\n\t\t\t\t\t<\/div>\n\t\t<\/section>\n\t\t\t\t<\/div>\n\t\t","protected":false},"excerpt":{"rendered":"<p>SOL\u00c0 PUIG, Joan (Barcelona 1950 ) Joan SOL\u00c1 pinta al natural, a la manera y reflejo de los viejos maestros para poder impregnarse del color, el aire, el olor y el perfume singular de su entorno, para as\u00ed poder plasmarlo en sus lienzos y transmitir esa extra\u00f1a mezcla de sentimiento y poes\u00eda que desprende una &#8230; <a title=\"Sol\u00e1 Puig Joan\" class=\"read-more\" href=\"https:\/\/villanueva-fineart.es\/es_es\/sola-puig-joan\/\" aria-label=\"Leer m\u00e1s sobre Sol\u00e1 Puig Joan\">Leer m\u00e1s<\/a><\/p>\n","protected":false},"author":1,"featured_media":0,"parent":0,"menu_order":0,"comment_status":"closed","ping_status":"closed","template":"","meta":{"footnotes":""},"class_list":["post-3463","page","type-page","status-publish"],"yoast_head":"<!-- This site is optimized with the Yoast SEO plugin v25.9 - https:\/\/yoast.com\/wordpress\/plugins\/seo\/ -->\n<title>Sol\u00e1 Puig Joan - Villanueva Fineart<\/title>\n<meta name=\"description\" content=\"Joan SOL\u00c1 pinta al natural, a la manera y reflejo de los viejos maestros para poder impregnarse del color, el aire, el olor y el perfume singular de su entorno, para as\u00ed poder plasmarlo en sus lienzos y transmitir esa extra\u00f1a mezcla de sentimiento y poes\u00eda que desprende una fuerza casi tel\u00farica\" \/>\n<meta name=\"robots\" content=\"index, follow, max-snippet:-1, max-image-preview:large, max-video-preview:-1\" \/>\n<link rel=\"canonical\" href=\"https:\/\/villanueva-fineart.es\/es_es\/sola-puig-joan\/\" \/>\n<meta property=\"og:locale\" content=\"es_ES\" \/>\n<meta property=\"og:type\" content=\"article\" \/>\n<meta property=\"og:title\" content=\"Sol\u00e1 Puig Joan - Villanueva Fineart\" \/>\n<meta property=\"og:description\" content=\"Joan SOL\u00c1 pinta al natural, a la manera y reflejo de los viejos maestros para poder impregnarse del color, el aire, el olor y el perfume singular de su entorno, para as\u00ed poder plasmarlo en sus lienzos y transmitir esa extra\u00f1a mezcla de sentimiento y poes\u00eda que desprende una fuerza casi tel\u00farica\" \/>\n<meta property=\"og:url\" content=\"https:\/\/villanueva-fineart.es\/es_es\/sola-puig-joan\/\" \/>\n<meta property=\"og:site_name\" content=\"Villanueva Fineart\" \/>\n<meta property=\"article:modified_time\" content=\"2022-02-05T16:42:49+00:00\" \/>\n<meta property=\"og:image\" content=\"https:\/\/villanueva-fineart.es\/wp-content\/uploads\/2021\/12\/Josep-Puig.jpg\" \/>\n<meta name=\"twitter:card\" content=\"summary_large_image\" \/>\n<meta name=\"twitter:label1\" content=\"Tiempo de lectura\" \/>\n\t<meta name=\"twitter:data1\" content=\"3 minutos\" \/>\n<script type=\"application\/ld+json\" class=\"yoast-schema-graph\">{\"@context\":\"https:\/\/schema.org\",\"@graph\":[{\"@type\":\"WebPage\",\"@id\":\"https:\/\/villanueva-fineart.es\/sola-puig-joan\/\",\"url\":\"https:\/\/villanueva-fineart.es\/sola-puig-joan\/\",\"name\":\"Sol\u00e1 Puig Joan - Villanueva Fineart\",\"isPartOf\":{\"@id\":\"http:\/\/villanueva-fineart.es\/#website\"},\"primaryImageOfPage\":{\"@id\":\"https:\/\/villanueva-fineart.es\/sola-puig-joan\/#primaryimage\"},\"image\":{\"@id\":\"https:\/\/villanueva-fineart.es\/sola-puig-joan\/#primaryimage\"},\"thumbnailUrl\":\"https:\/\/villanueva-fineart.es\/wp-content\/uploads\/2021\/12\/Josep-Puig.jpg\",\"datePublished\":\"2022-01-01T16:07:37+00:00\",\"dateModified\":\"2022-02-05T16:42:49+00:00\",\"description\":\"Joan SOL\u00c1 pinta al natural, a la manera y reflejo de los viejos maestros para poder impregnarse del color, el aire, el olor y el perfume singular de su entorno, para as\u00ed poder plasmarlo en sus lienzos y transmitir esa extra\u00f1a mezcla de sentimiento y poes\u00eda que desprende una fuerza casi tel\u00farica\",\"breadcrumb\":{\"@id\":\"https:\/\/villanueva-fineart.es\/sola-puig-joan\/#breadcrumb\"},\"inLanguage\":\"es\",\"potentialAction\":[{\"@type\":\"ReadAction\",\"target\":[\"https:\/\/villanueva-fineart.es\/sola-puig-joan\/\"]}]},{\"@type\":\"ImageObject\",\"inLanguage\":\"es\",\"@id\":\"https:\/\/villanueva-fineart.es\/sola-puig-joan\/#primaryimage\",\"url\":\"https:\/\/villanueva-fineart.es\/wp-content\/uploads\/2021\/12\/Josep-Puig.jpg\",\"contentUrl\":\"https:\/\/villanueva-fineart.es\/wp-content\/uploads\/2021\/12\/Josep-Puig.jpg\"},{\"@type\":\"BreadcrumbList\",\"@id\":\"https:\/\/villanueva-fineart.es\/sola-puig-joan\/#breadcrumb\",\"itemListElement\":[{\"@type\":\"ListItem\",\"position\":1,\"name\":\"Inicio\",\"item\":\"https:\/\/villanueva-fineart.es\/\"},{\"@type\":\"ListItem\",\"position\":2,\"name\":\"Sol\u00e1 Puig Joan\"}]},{\"@type\":\"WebSite\",\"@id\":\"http:\/\/villanueva-fineart.es\/#website\",\"url\":\"http:\/\/villanueva-fineart.es\/\",\"name\":\"Villanueva Fineart\",\"description\":\"Liquidaci\u00f3n de Obras de arte\",\"publisher\":{\"@id\":\"http:\/\/villanueva-fineart.es\/#organization\"},\"potentialAction\":[{\"@type\":\"SearchAction\",\"target\":{\"@type\":\"EntryPoint\",\"urlTemplate\":\"http:\/\/villanueva-fineart.es\/?s={search_term_string}\"},\"query-input\":{\"@type\":\"PropertyValueSpecification\",\"valueRequired\":true,\"valueName\":\"search_term_string\"}}],\"inLanguage\":\"es\"},{\"@type\":\"Organization\",\"@id\":\"http:\/\/villanueva-fineart.es\/#organization\",\"name\":\"Villanueva Fineart\",\"url\":\"http:\/\/villanueva-fineart.es\/\",\"logo\":{\"@type\":\"ImageObject\",\"inLanguage\":\"es\",\"@id\":\"http:\/\/villanueva-fineart.es\/#\/schema\/logo\/image\/\",\"url\":\"https:\/\/villanueva-fineart.es\/wp-content\/uploads\/2021\/11\/Logo-fineart.jpg\",\"contentUrl\":\"https:\/\/villanueva-fineart.es\/wp-content\/uploads\/2021\/11\/Logo-fineart.jpg\",\"width\":200,\"height\":85,\"caption\":\"Villanueva Fineart\"},\"image\":{\"@id\":\"http:\/\/villanueva-fineart.es\/#\/schema\/logo\/image\/\"}}]}<\/script>\n<!-- \/ Yoast SEO plugin. -->","yoast_head_json":{"title":"Sol\u00e1 Puig Joan - Villanueva Fineart","description":"Joan SOL\u00c1 pinta al natural, a la manera y reflejo de los viejos maestros para poder impregnarse del color, el aire, el olor y el perfume singular de su entorno, para as\u00ed poder plasmarlo en sus lienzos y transmitir esa extra\u00f1a mezcla de sentimiento y poes\u00eda que desprende una fuerza casi tel\u00farica","robots":{"index":"index","follow":"follow","max-snippet":"max-snippet:-1","max-image-preview":"max-image-preview:large","max-video-preview":"max-video-preview:-1"},"canonical":"https:\/\/villanueva-fineart.es\/es_es\/sola-puig-joan\/","og_locale":"es_ES","og_type":"article","og_title":"Sol\u00e1 Puig Joan - Villanueva Fineart","og_description":"Joan SOL\u00c1 pinta al natural, a la manera y reflejo de los viejos maestros para poder impregnarse del color, el aire, el olor y el perfume singular de su entorno, para as\u00ed poder plasmarlo en sus lienzos y transmitir esa extra\u00f1a mezcla de sentimiento y poes\u00eda que desprende una fuerza casi tel\u00farica","og_url":"https:\/\/villanueva-fineart.es\/es_es\/sola-puig-joan\/","og_site_name":"Villanueva Fineart","article_modified_time":"2022-02-05T16:42:49+00:00","og_image":[{"url":"https:\/\/villanueva-fineart.es\/wp-content\/uploads\/2021\/12\/Josep-Puig.jpg","type":"","width":"","height":""}],"twitter_card":"summary_large_image","twitter_misc":{"Tiempo de lectura":"3 minutos"},"schema":{"@context":"https:\/\/schema.org","@graph":[{"@type":"WebPage","@id":"https:\/\/villanueva-fineart.es\/sola-puig-joan\/","url":"https:\/\/villanueva-fineart.es\/sola-puig-joan\/","name":"Sol\u00e1 Puig Joan - Villanueva Fineart","isPartOf":{"@id":"http:\/\/villanueva-fineart.es\/#website"},"primaryImageOfPage":{"@id":"https:\/\/villanueva-fineart.es\/sola-puig-joan\/#primaryimage"},"image":{"@id":"https:\/\/villanueva-fineart.es\/sola-puig-joan\/#primaryimage"},"thumbnailUrl":"https:\/\/villanueva-fineart.es\/wp-content\/uploads\/2021\/12\/Josep-Puig.jpg","datePublished":"2022-01-01T16:07:37+00:00","dateModified":"2022-02-05T16:42:49+00:00","description":"Joan SOL\u00c1 pinta al natural, a la manera y reflejo de los viejos maestros para poder impregnarse del color, el aire, el olor y el perfume singular de su entorno, para as\u00ed poder plasmarlo en sus lienzos y transmitir esa extra\u00f1a mezcla de sentimiento y poes\u00eda que desprende una fuerza casi tel\u00farica","breadcrumb":{"@id":"https:\/\/villanueva-fineart.es\/sola-puig-joan\/#breadcrumb"},"inLanguage":"es","potentialAction":[{"@type":"ReadAction","target":["https:\/\/villanueva-fineart.es\/sola-puig-joan\/"]}]},{"@type":"ImageObject","inLanguage":"es","@id":"https:\/\/villanueva-fineart.es\/sola-puig-joan\/#primaryimage","url":"https:\/\/villanueva-fineart.es\/wp-content\/uploads\/2021\/12\/Josep-Puig.jpg","contentUrl":"https:\/\/villanueva-fineart.es\/wp-content\/uploads\/2021\/12\/Josep-Puig.jpg"},{"@type":"BreadcrumbList","@id":"https:\/\/villanueva-fineart.es\/sola-puig-joan\/#breadcrumb","itemListElement":[{"@type":"ListItem","position":1,"name":"Inicio","item":"https:\/\/villanueva-fineart.es\/"},{"@type":"ListItem","position":2,"name":"Sol\u00e1 Puig Joan"}]},{"@type":"WebSite","@id":"http:\/\/villanueva-fineart.es\/#website","url":"http:\/\/villanueva-fineart.es\/","name":"Villanueva Fineart","description":"Liquidaci\u00f3n de Obras de arte","publisher":{"@id":"http:\/\/villanueva-fineart.es\/#organization"},"potentialAction":[{"@type":"SearchAction","target":{"@type":"EntryPoint","urlTemplate":"http:\/\/villanueva-fineart.es\/?s={search_term_string}"},"query-input":{"@type":"PropertyValueSpecification","valueRequired":true,"valueName":"search_term_string"}}],"inLanguage":"es"},{"@type":"Organization","@id":"http:\/\/villanueva-fineart.es\/#organization","name":"Villanueva Fineart","url":"http:\/\/villanueva-fineart.es\/","logo":{"@type":"ImageObject","inLanguage":"es","@id":"http:\/\/villanueva-fineart.es\/#\/schema\/logo\/image\/","url":"https:\/\/villanueva-fineart.es\/wp-content\/uploads\/2021\/11\/Logo-fineart.jpg","contentUrl":"https:\/\/villanueva-fineart.es\/wp-content\/uploads\/2021\/11\/Logo-fineart.jpg","width":200,"height":85,"caption":"Villanueva Fineart"},"image":{"@id":"http:\/\/villanueva-fineart.es\/#\/schema\/logo\/image\/"}}]}},"_links":{"self":[{"href":"https:\/\/villanueva-fineart.es\/es_es\/wp-json\/wp\/v2\/pages\/3463","targetHints":{"allow":["GET"]}}],"collection":[{"href":"https:\/\/villanueva-fineart.es\/es_es\/wp-json\/wp\/v2\/pages"}],"about":[{"href":"https:\/\/villanueva-fineart.es\/es_es\/wp-json\/wp\/v2\/types\/page"}],"author":[{"embeddable":true,"href":"https:\/\/villanueva-fineart.es\/es_es\/wp-json\/wp\/v2\/users\/1"}],"replies":[{"embeddable":true,"href":"https:\/\/villanueva-fineart.es\/es_es\/wp-json\/wp\/v2\/comments?post=3463"}],"version-history":[{"count":23,"href":"https:\/\/villanueva-fineart.es\/es_es\/wp-json\/wp\/v2\/pages\/3463\/revisions"}],"predecessor-version":[{"id":4070,"href":"https:\/\/villanueva-fineart.es\/es_es\/wp-json\/wp\/v2\/pages\/3463\/revisions\/4070"}],"wp:attachment":[{"href":"https:\/\/villanueva-fineart.es\/es_es\/wp-json\/wp\/v2\/media?parent=3463"}],"curies":[{"name":"wp","href":"https:\/\/api.w.org\/{rel}","templated":true}]}}