{"id":3362,"date":"2021-12-31T17:42:50","date_gmt":"2021-12-31T17:42:50","guid":{"rendered":"https:\/\/villanueva-fineart.es\/?page_id=3362"},"modified":"2022-01-02T16:18:16","modified_gmt":"2022-01-02T16:18:16","slug":"pedro-creixams","status":"publish","type":"page","link":"https:\/\/villanueva-fineart.es\/es_es\/pedro-creixams\/","title":{"rendered":"Pedro Creixams"},"content":{"rendered":"\t\t<div data-elementor-type=\"wp-page\" data-elementor-id=\"3362\" class=\"elementor elementor-3362\" data-elementor-post-type=\"page\">\n\t\t\t\t\t\t<section class=\"elementor-section elementor-top-section elementor-element elementor-element-d01eecd elementor-section-full_width elementor-section-height-default elementor-section-height-default\" data-id=\"d01eecd\" data-element_type=\"section\">\n\t\t\t\t\t\t<div class=\"elementor-container elementor-column-gap-default\">\n\t\t\t\t\t<div class=\"elementor-column elementor-col-100 elementor-top-column elementor-element elementor-element-d265ad7\" data-id=\"d265ad7\" data-element_type=\"column\">\n\t\t\t<div class=\"elementor-widget-wrap elementor-element-populated\">\n\t\t\t\t\t\t<div class=\"elementor-element elementor-element-240bf64 elementor-widget-divider--view-line elementor-widget elementor-widget-divider\" data-id=\"240bf64\" data-element_type=\"widget\" data-widget_type=\"divider.default\">\n\t\t\t\t<div class=\"elementor-widget-container\">\n\t\t\t\t\t\t\t<div class=\"elementor-divider\">\n\t\t\t<span class=\"elementor-divider-separator\">\n\t\t\t\t\t\t<\/span>\n\t\t<\/div>\n\t\t\t\t\t\t<\/div>\n\t\t\t\t<\/div>\n\t\t\t\t\t<\/div>\n\t\t<\/div>\n\t\t\t\t\t<\/div>\n\t\t<\/section>\n\t\t\t\t<section class=\"elementor-section elementor-top-section elementor-element elementor-element-beda307 elementor-section-full_width elementor-section-height-default elementor-section-height-default\" data-id=\"beda307\" data-element_type=\"section\">\n\t\t\t\t\t\t<div class=\"elementor-container elementor-column-gap-default\">\n\t\t\t\t\t<div class=\"elementor-column elementor-col-50 elementor-top-column elementor-element elementor-element-4bf5eaa\" data-id=\"4bf5eaa\" data-element_type=\"column\">\n\t\t\t<div class=\"elementor-widget-wrap elementor-element-populated\">\n\t\t\t\t\t\t<div class=\"elementor-element elementor-element-fccfb75 elementor-widget elementor-widget-image\" data-id=\"fccfb75\" data-element_type=\"widget\" data-widget_type=\"image.default\">\n\t\t\t\t<div class=\"elementor-widget-container\">\n\t\t\t\t\t\t\t\t\t\t\t\t\t\t\t\t<a href=\"https:\/\/villanueva-fineart.es\/pedro-creixams\/%20\">\n\t\t\t\t\t\t\t<img fetchpriority=\"high\" decoding=\"async\" width=\"768\" height=\"492\" src=\"https:\/\/villanueva-fineart.es\/wp-content\/uploads\/2021\/12\/Pedro-Creixams-Reducidas-768x492.jpg\" class=\"attachment-medium_large size-medium_large wp-image-3363\" alt=\"\" srcset=\"https:\/\/villanueva-fineart.es\/wp-content\/uploads\/2021\/12\/Pedro-Creixams-Reducidas-768x492.jpg 768w, https:\/\/villanueva-fineart.es\/wp-content\/uploads\/2021\/12\/Pedro-Creixams-Reducidas-300x192.jpg 300w, https:\/\/villanueva-fineart.es\/wp-content\/uploads\/2021\/12\/Pedro-Creixams-Reducidas-18x12.jpg 18w, https:\/\/villanueva-fineart.es\/wp-content\/uploads\/2021\/12\/Pedro-Creixams-Reducidas-600x384.jpg 600w, https:\/\/villanueva-fineart.es\/wp-content\/uploads\/2021\/12\/Pedro-Creixams-Reducidas.jpg 890w\" sizes=\"(max-width: 768px) 100vw, 768px\" \/>\t\t\t\t\t\t\t\t<\/a>\n\t\t\t\t\t\t\t\t\t\t\t\t\t\t\t<\/div>\n\t\t\t\t<\/div>\n\t\t\t\t<div class=\"elementor-element elementor-element-848908f elementor-widget elementor-widget-image\" data-id=\"848908f\" data-element_type=\"widget\" data-widget_type=\"image.default\">\n\t\t\t\t<div class=\"elementor-widget-container\">\n\t\t\t\t\t\t\t\t\t\t\t\t\t\t\t<img decoding=\"async\" src=\"https:\/\/villanueva-fineart.es\/wp-content\/uploads\/2021\/12\/la-mujer-del-artista-Diego-Gadir-figurativo.jpg\" title=\"\" alt=\"\" loading=\"lazy\" \/>\t\t\t\t\t\t\t\t\t\t\t\t\t\t\t<\/div>\n\t\t\t\t<\/div>\n\t\t\t\t\t<\/div>\n\t\t<\/div>\n\t\t\t\t<div class=\"elementor-column elementor-col-50 elementor-top-column elementor-element elementor-element-1e0769d\" data-id=\"1e0769d\" data-element_type=\"column\">\n\t\t\t<div class=\"elementor-widget-wrap elementor-element-populated\">\n\t\t\t\t\t\t<div class=\"elementor-element elementor-element-7be6d0e elementor-widget elementor-widget-heading\" data-id=\"7be6d0e\" data-element_type=\"widget\" data-widget_type=\"heading.default\">\n\t\t\t\t<div class=\"elementor-widget-container\">\n\t\t\t\t\t<div class=\"elementor-heading-title elementor-size-xl\"><a href=\"https:\/\/villanueva-fineart.es\/pedro-creixams\/%20s\/pedro-creixams\/%20\">Pedro Creixams<\/a><\/div>\t\t\t\t<\/div>\n\t\t\t\t<\/div>\n\t\t\t\t<div class=\"elementor-element elementor-element-68479aa elementor-widget elementor-widget-text-editor\" data-id=\"68479aa\" data-element_type=\"widget\" data-widget_type=\"text-editor.default\">\n\t\t\t\t<div class=\"elementor-widget-container\">\n\t\t\t\t\t\t\t\t\t<ul><li><p><strong>PERE CREIXAMS I PICO<\/strong><\/p><p>Barcelona, 1893 &#8211; 1965<br \/>Nacido en una casa humilde trabaj\u00f3 en varios oficios entre ellos de carpintero y tip\u00f3grafo. En 1918 fue a Par\u00eds pero, pasaron tres a\u00f1os hasta que empez\u00f3 a dedicarse a la pintura. En 1921, se integr\u00f3 en el ambiente art\u00edstico de Montmartre, donde tuvo su taller y de esta manera empez\u00f3 a exponer en varios salones de Par\u00eds. <br \/>Entre 1927 y 1936 residi\u00f3 entre Tossa de Mar y Barcelona, realizando varias exposiciones en la Sala Par\u00e9s y otros en la Sala Busquets y en las Galer\u00edas de Arte Syra . En la d\u00e9cada de 1930 da a conocer Tossa de Mar entre los pintores for\u00e1neos conjuntamente con el pintor y cr\u00edtico Rafael Benet quien escribi\u00f3 el art\u00edculo Tossa, babel de las Artes en octubre de 1934. <br \/>Entre 1936 y 1953 se exili\u00f3 en Par\u00eds pero, esto no le impidi\u00f3 exponer con regularidad en Barcelona. En 1945 fue uno de los organizadores en la capital de Francia del Sal\u00f3n de Arte Catal\u00e1n . El mismo a\u00f1o, particip\u00f3 en la exposici\u00f3n organizada por Solidaridad Catalana en la galer\u00eda Altarriba de Par\u00eds en beneficio de los deportados y prisioneros catalanes que regresaban de Alemania. Exposici\u00f3n de la que se hizo eco Para Catalu\u00f1a , revista editada en Niza en la que Pedro Cr\u00e9ixams colabor\u00f3 como ilustrador. <br \/>En 1961 le fue concedida la medalla de la ciudad de Par\u00eds.<br \/><br \/><br \/><br \/><\/p><\/li><\/ul>\t\t\t\t\t\t\t\t<\/div>\n\t\t\t\t<\/div>\n\t\t\t\t\t<\/div>\n\t\t<\/div>\n\t\t\t\t\t<\/div>\n\t\t<\/section>\n\t\t\t\t<section class=\"elementor-section elementor-top-section elementor-element elementor-element-9526b04 elementor-section-boxed elementor-section-height-default elementor-section-height-default\" data-id=\"9526b04\" data-element_type=\"section\">\n\t\t\t\t\t\t<div class=\"elementor-container elementor-column-gap-default\">\n\t\t\t\t\t<div class=\"elementor-column elementor-col-100 elementor-top-column elementor-element elementor-element-d5fdd5b\" data-id=\"d5fdd5b\" data-element_type=\"column\">\n\t\t\t<div class=\"elementor-widget-wrap elementor-element-populated\">\n\t\t\t\t\t\t<div class=\"elementor-element elementor-element-5259898 elementor-widget elementor-widget-text-editor\" data-id=\"5259898\" data-element_type=\"widget\" data-widget_type=\"text-editor.default\">\n\t\t\t\t<div class=\"elementor-widget-container\">\n\t\t\t\t\t\t\t\t\t<ul><li><p>Exposiciones <br \/>Salon des Ind\u00e9pendants (1922).<br \/>Salon d&#8217;Automne (1925).<br \/>Las Tuller\u00edas.<br \/>Barcelona, Sala Par\u00e9s. Exposici\u00f3n del 21 de noviembre al 4 de diciembre de 1931.<br \/>Barcelona (1932), \u00faltima exposici\u00f3n de Los Evolucionistas .<br \/>Barcelona, Sala Par\u00e9s. Exposici\u00f3n del 8 al 21 de abril de 1933.<br \/>Barcelona, Galer\u00edas de Arte Syra. Exposici\u00f3n del 17 al 30 de noviembre de 1934.<br \/>Barcelona, Sala Par\u00e9s. Exposici\u00f3n con Hugu\u00e9 del 5 al 18 de mayo de 1934.<br \/>Barcelona, Sala Busquets. Exposici\u00f3n del 19 de octubre al 1 de noviembre de 1935.<br \/>Barcelona, Galer\u00edas de Arte Syra. Exposici\u00f3n del 16 al 29 de mayo de 1936.<br \/><br \/><br \/><\/p><p>.<\/p><\/li><\/ul>\t\t\t\t\t\t\t\t<\/div>\n\t\t\t\t<\/div>\n\t\t\t\t\t<\/div>\n\t\t<\/div>\n\t\t\t\t\t<\/div>\n\t\t<\/section>\n\t\t\t\t<section class=\"elementor-section elementor-top-section elementor-element elementor-element-0d22fa4 elementor-section-boxed elementor-section-height-default elementor-section-height-default\" data-id=\"0d22fa4\" data-element_type=\"section\">\n\t\t\t\t\t\t<div class=\"elementor-container elementor-column-gap-default\">\n\t\t\t\t\t<div class=\"elementor-column elementor-col-100 elementor-top-column elementor-element elementor-element-f0440c9\" data-id=\"f0440c9\" data-element_type=\"column\">\n\t\t\t<div class=\"elementor-widget-wrap elementor-element-populated\">\n\t\t\t\t\t\t<div class=\"elementor-element elementor-element-d19cc42 elementor-widget elementor-widget-heading\" data-id=\"d19cc42\" data-element_type=\"widget\" data-widget_type=\"heading.default\">\n\t\t\t\t<div class=\"elementor-widget-container\">\n\t\t\t\t\t<div class=\"elementor-heading-title elementor-size-xl\">Obras<\/div>\t\t\t\t<\/div>\n\t\t\t\t<\/div>\n\t\t\t\t<div class=\"elementor-element elementor-element-fb598e2 elementor-grid-4 elementor-grid-tablet-3 elementor-grid-mobile-2 elementor-products-grid elementor-wc-products elementor-widget elementor-widget-woocommerce-products\" data-id=\"fb598e2\" data-element_type=\"widget\" data-widget_type=\"woocommerce-products.default\">\n\t\t\t\t<div class=\"elementor-widget-container\">\n\t\t\t\t\t<div class=\"woocommerce columns-4 \"><ul class=\"products elementor-grid columns-4\">\n<li class=\"sales-flash-overlay woocommerce-text-align-center woocommerce-image-align-center do-quantity-buttons product type-product post-3371 status-publish first instock product_cat-figurativos product_cat-obra product_cat-oleo has-post-thumbnail sale sold-individually taxable shipping-taxable purchasable product-type-simple\">\n\t<a href=\"https:\/\/villanueva-fineart.es\/es_es\/producto\/la-familia-pedro-creixams\/\" class=\"woocommerce-LoopProduct-link woocommerce-loop-product__link\">\n\t<span class=\"onsale\">\u00a1Oferta!<\/span>\n\t<img decoding=\"async\" width=\"300\" height=\"300\" src=\"https:\/\/villanueva-fineart.es\/wp-content\/uploads\/2021\/12\/Pedro-Creixams-Reducidas-300x300.jpg\" class=\"attachment-woocommerce_thumbnail size-woocommerce_thumbnail\" alt=\"La familia, Pedro Creixams\" srcset=\"https:\/\/villanueva-fineart.es\/wp-content\/uploads\/2021\/12\/Pedro-Creixams-Reducidas-300x300.jpg 300w, https:\/\/villanueva-fineart.es\/wp-content\/uploads\/2021\/12\/Pedro-Creixams-Reducidas-150x150.jpg 150w, https:\/\/villanueva-fineart.es\/wp-content\/uploads\/2021\/12\/Pedro-Creixams-Reducidas-100x100.jpg 100w\" sizes=\"(max-width: 300px) 100vw, 300px\" \/><h2 class=\"woocommerce-loop-product__title\">La familia, Pedro Creixams<\/h2>\n\t<span class=\"price\"><del aria-hidden=\"true\"><span class=\"woocommerce-Price-amount amount\"><bdi>1.200,00&nbsp;<span class=\"woocommerce-Price-currencySymbol\">&euro;<\/span><\/bdi><\/span><\/del> <span class=\"screen-reader-text\">El precio original era: 1.200,00&nbsp;&euro;.<\/span><ins aria-hidden=\"true\"><span class=\"woocommerce-Price-amount amount\"><bdi>700,00&nbsp;<span class=\"woocommerce-Price-currencySymbol\">&euro;<\/span><\/bdi><\/span><\/ins><span class=\"screen-reader-text\">El precio actual es: 700,00&nbsp;&euro;.<\/span><\/span>\n<\/a><a href=\"?add-to-cart=3371\" aria-describedby=\"woocommerce_loop_add_to_cart_link_describedby_3371\" data-quantity=\"1\" class=\"button product_type_simple add_to_cart_button ajax_add_to_cart\" data-product_id=\"3371\" data-product_sku=\"\" aria-label=\"A\u00f1adir al carrito: &ldquo;La familia, Pedro Creixams&rdquo;\" rel=\"nofollow\" data-success_message=\"\u00abLa familia, Pedro Creixams\u00bb se ha a\u00f1adido a tu carrito\">A\u00f1adir al carrito<\/a>\t<span id=\"woocommerce_loop_add_to_cart_link_describedby_3371\" class=\"screen-reader-text\">\n\t\t\t<\/span>\n<\/li>\n<\/ul>\n<\/div>\t\t\t\t<\/div>\n\t\t\t\t<\/div>\n\t\t\t\t\t<\/div>\n\t\t<\/div>\n\t\t\t\t\t<\/div>\n\t\t<\/section>\n\t\t\t\t<\/div>\n\t\t","protected":false},"excerpt":{"rendered":"<p>Pedro Creixams PERE CREIXAMS I PICOBarcelona, 1893 &#8211; 1965 Nacido en una casa humilde trabaj\u00f3 en varios oficios entre ellos de carpintero y tip\u00f3grafo. En 1918 fue a Par\u00eds pero, pasaron tres a\u00f1os hasta que empez\u00f3 a dedicarse a la pintura. En 1921, se integr\u00f3 en el ambiente art\u00edstico de Montmartre, donde tuvo su taller &#8230; <a title=\"Pedro Creixams\" class=\"read-more\" href=\"https:\/\/villanueva-fineart.es\/es_es\/pedro-creixams\/\" aria-label=\"Leer m\u00e1s sobre Pedro Creixams\">Leer m\u00e1s<\/a><\/p>\n","protected":false},"author":1,"featured_media":0,"parent":0,"menu_order":0,"comment_status":"closed","ping_status":"closed","template":"","meta":{"footnotes":""},"class_list":["post-3362","page","type-page","status-publish"],"yoast_head":"<!-- This site is optimized with the Yoast SEO plugin v25.9 - https:\/\/yoast.com\/wordpress\/plugins\/seo\/ -->\n<title>Pedro Creixams - Villanueva Fineart<\/title>\n<meta name=\"description\" content=\"Entre 1936 y 1953 se exili\u00f3 en Par\u00eds pero, esto no le impidi\u00f3 exponer con regularidad en Barcelona. En 1945 fue uno de los organizadores en la capital de Francia del Sal\u00f3n de Arte Catal\u00e1n . El mismo a\u00f1o, particip\u00f3 en la exposici\u00f3n organizada por Solidaridad Catalana en la galer\u00eda Altarriba de Par\u00eds en beneficio de los deportados y prisioneros catalanes que regresaban de Alemania.\" \/>\n<meta name=\"robots\" content=\"index, follow, max-snippet:-1, max-image-preview:large, max-video-preview:-1\" \/>\n<link rel=\"canonical\" href=\"https:\/\/villanueva-fineart.es\/es_es\/pedro-creixams\/\" \/>\n<meta property=\"og:locale\" content=\"es_ES\" \/>\n<meta property=\"og:type\" content=\"article\" \/>\n<meta property=\"og:title\" content=\"Pedro Creixams - Villanueva Fineart\" \/>\n<meta property=\"og:description\" content=\"Entre 1936 y 1953 se exili\u00f3 en Par\u00eds pero, esto no le impidi\u00f3 exponer con regularidad en Barcelona. En 1945 fue uno de los organizadores en la capital de Francia del Sal\u00f3n de Arte Catal\u00e1n . El mismo a\u00f1o, particip\u00f3 en la exposici\u00f3n organizada por Solidaridad Catalana en la galer\u00eda Altarriba de Par\u00eds en beneficio de los deportados y prisioneros catalanes que regresaban de Alemania.\" \/>\n<meta property=\"og:url\" content=\"https:\/\/villanueva-fineart.es\/es_es\/pedro-creixams\/\" \/>\n<meta property=\"og:site_name\" content=\"Villanueva Fineart\" \/>\n<meta property=\"article:modified_time\" content=\"2022-01-02T16:18:16+00:00\" \/>\n<meta property=\"og:image\" content=\"https:\/\/villanueva-fineart.es\/wp-content\/uploads\/2021\/12\/Pedro-Creixams-Reducidas-768x492.jpg\" \/>\n<meta name=\"twitter:card\" content=\"summary_large_image\" \/>\n<meta name=\"twitter:label1\" content=\"Tiempo de lectura\" \/>\n\t<meta name=\"twitter:data1\" content=\"3 minutos\" \/>\n<script type=\"application\/ld+json\" class=\"yoast-schema-graph\">{\"@context\":\"https:\/\/schema.org\",\"@graph\":[{\"@type\":\"WebPage\",\"@id\":\"https:\/\/villanueva-fineart.es\/pedro-creixams\/\",\"url\":\"https:\/\/villanueva-fineart.es\/pedro-creixams\/\",\"name\":\"Pedro Creixams - Villanueva Fineart\",\"isPartOf\":{\"@id\":\"http:\/\/villanueva-fineart.es\/#website\"},\"primaryImageOfPage\":{\"@id\":\"https:\/\/villanueva-fineart.es\/pedro-creixams\/#primaryimage\"},\"image\":{\"@id\":\"https:\/\/villanueva-fineart.es\/pedro-creixams\/#primaryimage\"},\"thumbnailUrl\":\"https:\/\/villanueva-fineart.es\/wp-content\/uploads\/2021\/12\/Pedro-Creixams-Reducidas-768x492.jpg\",\"datePublished\":\"2021-12-31T17:42:50+00:00\",\"dateModified\":\"2022-01-02T16:18:16+00:00\",\"description\":\"Entre 1936 y 1953 se exili\u00f3 en Par\u00eds pero, esto no le impidi\u00f3 exponer con regularidad en Barcelona. En 1945 fue uno de los organizadores en la capital de Francia del Sal\u00f3n de Arte Catal\u00e1n . El mismo a\u00f1o, particip\u00f3 en la exposici\u00f3n organizada por Solidaridad Catalana en la galer\u00eda Altarriba de Par\u00eds en beneficio de los deportados y prisioneros catalanes que regresaban de Alemania.\",\"breadcrumb\":{\"@id\":\"https:\/\/villanueva-fineart.es\/pedro-creixams\/#breadcrumb\"},\"inLanguage\":\"es\",\"potentialAction\":[{\"@type\":\"ReadAction\",\"target\":[\"https:\/\/villanueva-fineart.es\/pedro-creixams\/\"]}]},{\"@type\":\"ImageObject\",\"inLanguage\":\"es\",\"@id\":\"https:\/\/villanueva-fineart.es\/pedro-creixams\/#primaryimage\",\"url\":\"https:\/\/villanueva-fineart.es\/wp-content\/uploads\/2021\/12\/Pedro-Creixams-Reducidas-768x492.jpg\",\"contentUrl\":\"https:\/\/villanueva-fineart.es\/wp-content\/uploads\/2021\/12\/Pedro-Creixams-Reducidas-768x492.jpg\"},{\"@type\":\"BreadcrumbList\",\"@id\":\"https:\/\/villanueva-fineart.es\/pedro-creixams\/#breadcrumb\",\"itemListElement\":[{\"@type\":\"ListItem\",\"position\":1,\"name\":\"Inicio\",\"item\":\"https:\/\/villanueva-fineart.es\/\"},{\"@type\":\"ListItem\",\"position\":2,\"name\":\"Pedro Creixams\"}]},{\"@type\":\"WebSite\",\"@id\":\"http:\/\/villanueva-fineart.es\/#website\",\"url\":\"http:\/\/villanueva-fineart.es\/\",\"name\":\"Villanueva Fineart\",\"description\":\"Liquidaci\u00f3n de Obras de arte\",\"publisher\":{\"@id\":\"http:\/\/villanueva-fineart.es\/#organization\"},\"potentialAction\":[{\"@type\":\"SearchAction\",\"target\":{\"@type\":\"EntryPoint\",\"urlTemplate\":\"http:\/\/villanueva-fineart.es\/?s={search_term_string}\"},\"query-input\":{\"@type\":\"PropertyValueSpecification\",\"valueRequired\":true,\"valueName\":\"search_term_string\"}}],\"inLanguage\":\"es\"},{\"@type\":\"Organization\",\"@id\":\"http:\/\/villanueva-fineart.es\/#organization\",\"name\":\"Villanueva Fineart\",\"url\":\"http:\/\/villanueva-fineart.es\/\",\"logo\":{\"@type\":\"ImageObject\",\"inLanguage\":\"es\",\"@id\":\"http:\/\/villanueva-fineart.es\/#\/schema\/logo\/image\/\",\"url\":\"https:\/\/villanueva-fineart.es\/wp-content\/uploads\/2021\/11\/Logo-fineart.jpg\",\"contentUrl\":\"https:\/\/villanueva-fineart.es\/wp-content\/uploads\/2021\/11\/Logo-fineart.jpg\",\"width\":200,\"height\":85,\"caption\":\"Villanueva Fineart\"},\"image\":{\"@id\":\"http:\/\/villanueva-fineart.es\/#\/schema\/logo\/image\/\"}}]}<\/script>\n<!-- \/ Yoast SEO plugin. -->","yoast_head_json":{"title":"Pedro Creixams - Villanueva Fineart","description":"Entre 1936 y 1953 se exili\u00f3 en Par\u00eds pero, esto no le impidi\u00f3 exponer con regularidad en Barcelona. En 1945 fue uno de los organizadores en la capital de Francia del Sal\u00f3n de Arte Catal\u00e1n . El mismo a\u00f1o, particip\u00f3 en la exposici\u00f3n organizada por Solidaridad Catalana en la galer\u00eda Altarriba de Par\u00eds en beneficio de los deportados y prisioneros catalanes que regresaban de Alemania.","robots":{"index":"index","follow":"follow","max-snippet":"max-snippet:-1","max-image-preview":"max-image-preview:large","max-video-preview":"max-video-preview:-1"},"canonical":"https:\/\/villanueva-fineart.es\/es_es\/pedro-creixams\/","og_locale":"es_ES","og_type":"article","og_title":"Pedro Creixams - Villanueva Fineart","og_description":"Entre 1936 y 1953 se exili\u00f3 en Par\u00eds pero, esto no le impidi\u00f3 exponer con regularidad en Barcelona. En 1945 fue uno de los organizadores en la capital de Francia del Sal\u00f3n de Arte Catal\u00e1n . El mismo a\u00f1o, particip\u00f3 en la exposici\u00f3n organizada por Solidaridad Catalana en la galer\u00eda Altarriba de Par\u00eds en beneficio de los deportados y prisioneros catalanes que regresaban de Alemania.","og_url":"https:\/\/villanueva-fineart.es\/es_es\/pedro-creixams\/","og_site_name":"Villanueva Fineart","article_modified_time":"2022-01-02T16:18:16+00:00","og_image":[{"url":"https:\/\/villanueva-fineart.es\/wp-content\/uploads\/2021\/12\/Pedro-Creixams-Reducidas-768x492.jpg","type":"","width":"","height":""}],"twitter_card":"summary_large_image","twitter_misc":{"Tiempo de lectura":"3 minutos"},"schema":{"@context":"https:\/\/schema.org","@graph":[{"@type":"WebPage","@id":"https:\/\/villanueva-fineart.es\/pedro-creixams\/","url":"https:\/\/villanueva-fineart.es\/pedro-creixams\/","name":"Pedro Creixams - Villanueva Fineart","isPartOf":{"@id":"http:\/\/villanueva-fineart.es\/#website"},"primaryImageOfPage":{"@id":"https:\/\/villanueva-fineart.es\/pedro-creixams\/#primaryimage"},"image":{"@id":"https:\/\/villanueva-fineart.es\/pedro-creixams\/#primaryimage"},"thumbnailUrl":"https:\/\/villanueva-fineart.es\/wp-content\/uploads\/2021\/12\/Pedro-Creixams-Reducidas-768x492.jpg","datePublished":"2021-12-31T17:42:50+00:00","dateModified":"2022-01-02T16:18:16+00:00","description":"Entre 1936 y 1953 se exili\u00f3 en Par\u00eds pero, esto no le impidi\u00f3 exponer con regularidad en Barcelona. En 1945 fue uno de los organizadores en la capital de Francia del Sal\u00f3n de Arte Catal\u00e1n . El mismo a\u00f1o, particip\u00f3 en la exposici\u00f3n organizada por Solidaridad Catalana en la galer\u00eda Altarriba de Par\u00eds en beneficio de los deportados y prisioneros catalanes que regresaban de Alemania.","breadcrumb":{"@id":"https:\/\/villanueva-fineart.es\/pedro-creixams\/#breadcrumb"},"inLanguage":"es","potentialAction":[{"@type":"ReadAction","target":["https:\/\/villanueva-fineart.es\/pedro-creixams\/"]}]},{"@type":"ImageObject","inLanguage":"es","@id":"https:\/\/villanueva-fineart.es\/pedro-creixams\/#primaryimage","url":"https:\/\/villanueva-fineart.es\/wp-content\/uploads\/2021\/12\/Pedro-Creixams-Reducidas-768x492.jpg","contentUrl":"https:\/\/villanueva-fineart.es\/wp-content\/uploads\/2021\/12\/Pedro-Creixams-Reducidas-768x492.jpg"},{"@type":"BreadcrumbList","@id":"https:\/\/villanueva-fineart.es\/pedro-creixams\/#breadcrumb","itemListElement":[{"@type":"ListItem","position":1,"name":"Inicio","item":"https:\/\/villanueva-fineart.es\/"},{"@type":"ListItem","position":2,"name":"Pedro Creixams"}]},{"@type":"WebSite","@id":"http:\/\/villanueva-fineart.es\/#website","url":"http:\/\/villanueva-fineart.es\/","name":"Villanueva Fineart","description":"Liquidaci\u00f3n de Obras de arte","publisher":{"@id":"http:\/\/villanueva-fineart.es\/#organization"},"potentialAction":[{"@type":"SearchAction","target":{"@type":"EntryPoint","urlTemplate":"http:\/\/villanueva-fineart.es\/?s={search_term_string}"},"query-input":{"@type":"PropertyValueSpecification","valueRequired":true,"valueName":"search_term_string"}}],"inLanguage":"es"},{"@type":"Organization","@id":"http:\/\/villanueva-fineart.es\/#organization","name":"Villanueva Fineart","url":"http:\/\/villanueva-fineart.es\/","logo":{"@type":"ImageObject","inLanguage":"es","@id":"http:\/\/villanueva-fineart.es\/#\/schema\/logo\/image\/","url":"https:\/\/villanueva-fineart.es\/wp-content\/uploads\/2021\/11\/Logo-fineart.jpg","contentUrl":"https:\/\/villanueva-fineart.es\/wp-content\/uploads\/2021\/11\/Logo-fineart.jpg","width":200,"height":85,"caption":"Villanueva Fineart"},"image":{"@id":"http:\/\/villanueva-fineart.es\/#\/schema\/logo\/image\/"}}]}},"_links":{"self":[{"href":"https:\/\/villanueva-fineart.es\/es_es\/wp-json\/wp\/v2\/pages\/3362","targetHints":{"allow":["GET"]}}],"collection":[{"href":"https:\/\/villanueva-fineart.es\/es_es\/wp-json\/wp\/v2\/pages"}],"about":[{"href":"https:\/\/villanueva-fineart.es\/es_es\/wp-json\/wp\/v2\/types\/page"}],"author":[{"embeddable":true,"href":"https:\/\/villanueva-fineart.es\/es_es\/wp-json\/wp\/v2\/users\/1"}],"replies":[{"embeddable":true,"href":"https:\/\/villanueva-fineart.es\/es_es\/wp-json\/wp\/v2\/comments?post=3362"}],"version-history":[{"count":13,"href":"https:\/\/villanueva-fineart.es\/es_es\/wp-json\/wp\/v2\/pages\/3362\/revisions"}],"predecessor-version":[{"id":3607,"href":"https:\/\/villanueva-fineart.es\/es_es\/wp-json\/wp\/v2\/pages\/3362\/revisions\/3607"}],"wp:attachment":[{"href":"https:\/\/villanueva-fineart.es\/es_es\/wp-json\/wp\/v2\/media?parent=3362"}],"curies":[{"name":"wp","href":"https:\/\/api.w.org\/{rel}","templated":true}]}}