{"id":3238,"date":"2021-12-31T10:07:57","date_gmt":"2021-12-31T10:07:57","guid":{"rendered":"https:\/\/villanueva-fineart.es\/?page_id=3238"},"modified":"2022-02-16T16:01:05","modified_gmt":"2022-02-16T16:01:05","slug":"solta","status":"publish","type":"page","link":"https:\/\/villanueva-fineart.es\/es_es\/solta\/","title":{"rendered":"Solta"},"content":{"rendered":"\t\t<div data-elementor-type=\"wp-page\" data-elementor-id=\"3238\" class=\"elementor elementor-3238\" data-elementor-post-type=\"page\">\n\t\t\t\t\t\t<section class=\"elementor-section elementor-top-section elementor-element elementor-element-ba9abe5 elementor-section-full_width elementor-section-height-default elementor-section-height-default\" data-id=\"ba9abe5\" data-element_type=\"section\">\n\t\t\t\t\t\t<div class=\"elementor-container elementor-column-gap-default\">\n\t\t\t\t\t<div class=\"elementor-column elementor-col-100 elementor-top-column elementor-element elementor-element-6a897f1\" data-id=\"6a897f1\" data-element_type=\"column\">\n\t\t\t<div class=\"elementor-widget-wrap elementor-element-populated\">\n\t\t\t\t\t\t<div class=\"elementor-element elementor-element-ab0d8ef elementor-widget-divider--view-line elementor-widget elementor-widget-divider\" data-id=\"ab0d8ef\" data-element_type=\"widget\" data-widget_type=\"divider.default\">\n\t\t\t\t<div class=\"elementor-widget-container\">\n\t\t\t\t\t\t\t<div class=\"elementor-divider\">\n\t\t\t<span class=\"elementor-divider-separator\">\n\t\t\t\t\t\t<\/span>\n\t\t<\/div>\n\t\t\t\t\t\t<\/div>\n\t\t\t\t<\/div>\n\t\t\t\t\t<\/div>\n\t\t<\/div>\n\t\t\t\t\t<\/div>\n\t\t<\/section>\n\t\t\t\t<section class=\"elementor-section elementor-top-section elementor-element elementor-element-2d229a6 elementor-section-boxed elementor-section-height-default elementor-section-height-default\" data-id=\"2d229a6\" data-element_type=\"section\">\n\t\t\t\t\t\t<div class=\"elementor-container elementor-column-gap-default\">\n\t\t\t\t\t<div class=\"elementor-column elementor-col-50 elementor-top-column elementor-element elementor-element-030696b\" data-id=\"030696b\" data-element_type=\"column\">\n\t\t\t<div class=\"elementor-widget-wrap elementor-element-populated\">\n\t\t\t\t\t\t<div class=\"elementor-element elementor-element-5f2bab9 elementor-widget elementor-widget-image\" data-id=\"5f2bab9\" data-element_type=\"widget\" data-widget_type=\"image.default\">\n\t\t\t\t<div class=\"elementor-widget-container\">\n\t\t\t\t\t\t\t\t\t\t\t\t\t\t\t<img fetchpriority=\"high\" decoding=\"async\" width=\"768\" height=\"573\" src=\"https:\/\/villanueva-fineart.es\/wp-content\/uploads\/2021\/12\/Solta-1-768x573.jpg\" class=\"attachment-medium_large size-medium_large wp-image-2848\" alt=\"\" srcset=\"https:\/\/villanueva-fineart.es\/wp-content\/uploads\/2021\/12\/Solta-1-768x573.jpg 768w, https:\/\/villanueva-fineart.es\/wp-content\/uploads\/2021\/12\/Solta-1-300x224.jpg 300w, https:\/\/villanueva-fineart.es\/wp-content\/uploads\/2021\/12\/Solta-1-16x12.jpg 16w, https:\/\/villanueva-fineart.es\/wp-content\/uploads\/2021\/12\/Solta-1-600x448.jpg 600w, https:\/\/villanueva-fineart.es\/wp-content\/uploads\/2021\/12\/Solta-1.jpg 890w\" sizes=\"(max-width: 768px) 100vw, 768px\" \/>\t\t\t\t\t\t\t\t\t\t\t\t\t\t\t<\/div>\n\t\t\t\t<\/div>\n\t\t\t\t\t<\/div>\n\t\t<\/div>\n\t\t\t\t<div class=\"elementor-column elementor-col-50 elementor-top-column elementor-element elementor-element-97c9237\" data-id=\"97c9237\" data-element_type=\"column\">\n\t\t\t<div class=\"elementor-widget-wrap elementor-element-populated\">\n\t\t\t\t\t\t<div class=\"elementor-element elementor-element-357f95f elementor-widget elementor-widget-heading\" data-id=\"357f95f\" data-element_type=\"widget\" data-widget_type=\"heading.default\">\n\t\t\t\t<div class=\"elementor-widget-container\">\n\t\t\t\t\t<div class=\"elementor-heading-title elementor-size-xl\">Solta<\/div>\t\t\t\t<\/div>\n\t\t\t\t<\/div>\n\t\t\t\t<div class=\"elementor-element elementor-element-5566467 elementor-widget elementor-widget-text-editor\" data-id=\"5566467\" data-element_type=\"widget\" data-widget_type=\"text-editor.default\">\n\t\t\t\t<div class=\"elementor-widget-container\">\n\t\t\t\t\t\t\t\t\t<p><strong>DRAHOSLAV SOLTA<\/strong><\/p><p>Lugar de nacimiento: Prerov, Rep\u00fablica Checa, 1960<\/p><p><strong><u>FORMACI\u00d3N ACAD\u00c9MICA<\/u>:<\/strong><\/p><p>Realiza estudios en la Academia de Arte de Pilsen &#8211; pintura, escultura, dibujo, artes gr\u00e1ficas.<\/p><p>En Praga ampl\u00eda sus conocimientos, ingresando en la Escuela Superior de Bellas Artes. Al concluir dichos estudios contin\u00faa perfeccionando y dictando clases de arte.\u00a0<\/p><p>Asimismo imparte t\u00e9cnicas de Arte Terapia. Esta t\u00e9cnica permite trascender psicol\u00f3gicamente en la formaci\u00f3n\u00a0intelectual y social del individuo.<\/p><p>Drahoslav Solta est\u00e1 en permanente b\u00fasqueda art\u00edstica, ya que el proceso de creaci\u00f3n en \u00e9l nunca se detiene.<\/p><p>Frente a sus obras el espectador privilegia el goce est\u00e9tico que le producen las piezas de arte de este excepcional artista.<\/p><p>En los numerosos bodegones, Solta despliega y se comunica con estilos del arte-naif no expresionista y calculado con gran exactitud.\u00a0 Sus paisajes est\u00e1n marcados por una mirada alegre y optimista, como los grandes maestros del surrealismo. (Extra\u00eddo del comentario del Prof. Manfred Boetzkes).<\/p><p><strong><u>TRABAJOS ART\u00cdSTICOS<\/u>:<\/strong><\/p><p>En 1989 se instala en Andaluc\u00eda, Espa\u00f1a. Ah\u00ed comienza una etapa de renovaci\u00f3n art\u00edstica, e influye en el nuevo enfoque, la luz y el color de esa nueva tierra que le abre los brazos.<\/p><p>El artista se brinda de manera intensa a una incansable producci\u00f3n y con una notable repuesta de coleccionistas internacionales, su\u00a0nombre\u00a0comienza a ser valorado y surgen ofrecimientos para exposiciones.<\/p><p>Es entre 1994 a 2009 que sus obras recorren distintas Galer\u00edas de Arte<\/p>\t\t\t\t\t\t\t\t<\/div>\n\t\t\t\t<\/div>\n\t\t\t\t\t<\/div>\n\t\t<\/div>\n\t\t\t\t\t<\/div>\n\t\t<\/section>\n\t\t\t\t<section class=\"elementor-section elementor-top-section elementor-element elementor-element-03455b4 elementor-section-boxed elementor-section-height-default elementor-section-height-default\" data-id=\"03455b4\" data-element_type=\"section\">\n\t\t\t\t\t\t<div class=\"elementor-container elementor-column-gap-default\">\n\t\t\t\t\t<div class=\"elementor-column elementor-col-100 elementor-top-column elementor-element elementor-element-33e8861\" data-id=\"33e8861\" data-element_type=\"column\">\n\t\t\t<div class=\"elementor-widget-wrap elementor-element-populated\">\n\t\t\t\t\t\t\t<\/div>\n\t\t<\/div>\n\t\t\t\t\t<\/div>\n\t\t<\/section>\n\t\t\t\t<section class=\"elementor-section elementor-top-section elementor-element elementor-element-5f476e5 elementor-section-boxed elementor-section-height-default elementor-section-height-default\" data-id=\"5f476e5\" data-element_type=\"section\">\n\t\t\t\t\t\t<div class=\"elementor-container elementor-column-gap-default\">\n\t\t\t\t\t<div class=\"elementor-column elementor-col-100 elementor-top-column elementor-element elementor-element-1794b07\" data-id=\"1794b07\" data-element_type=\"column\">\n\t\t\t<div class=\"elementor-widget-wrap elementor-element-populated\">\n\t\t\t\t\t\t<div class=\"elementor-element elementor-element-1481752 elementor-widget elementor-widget-heading\" data-id=\"1481752\" data-element_type=\"widget\" data-widget_type=\"heading.default\">\n\t\t\t\t<div class=\"elementor-widget-container\">\n\t\t\t\t\t<div class=\"elementor-heading-title elementor-size-xl\">Exposiciones<\/div>\t\t\t\t<\/div>\n\t\t\t\t<\/div>\n\t\t\t\t<div class=\"elementor-element elementor-element-0a979d9 elementor-widget elementor-widget-text-editor\" data-id=\"0a979d9\" data-element_type=\"widget\" data-widget_type=\"text-editor.default\">\n\t\t\t\t<div class=\"elementor-widget-container\">\n\t\t\t\t\t\t\t\t\t<p><strong><u>EXPOSICIONES<\/u>:<\/strong><br \/><br \/>&#8211; 1994\u00a0 Expo individual de pintura de Unicaja &#8211; Ronda &#8211; M\u00e1laga<br \/><br \/>&#8211; 1994\u00a0 Expo individual de pintura Galer\u00eda La Toscana &#8211; Marbella &#8211; M\u00e1laga<br \/><br \/>&#8211; 1995\u00a0 Galer\u00eda Italia &#8211; Mil\u00e1n<br \/><br \/>&#8211; 1996\u00a0 Galeria Marbella Art Studio Internacional &#8211; Marbella &#8211; M\u00e1laga<br \/><br \/>&#8211; 1999\u00a0 Expo individual de pintura de Unicaja &#8211; Ronda &#8211; M\u00e1laga<br \/><br \/>&#8211; 1999\u00a0 The Royal Society of British Sculptors &#8211; Dora House &#8211; South Kensington &#8211; London<br \/><br \/>&#8211; 2001\u00a0 Finalista Cert\u00e1men Internacional de Pinturas Costa del Sol &#8211; Corte Ingl\u00e9s<br \/><br \/>&#8211; 2001\u00a0 Festival Internacional de Arte en San Francisco. USA<br \/><br \/>&#8211; 2002\u00a0 Arte Sevilla &#8211; Andaluc\u00eda<br \/><br \/>&#8211; 2002\u00a0 Obras permanentes en Galer\u00eda Arte Tamisa &#8211; Mijas &#8211; M\u00e1laga<br \/><br \/>&#8211; 2002\u00a0 Holland Art Group &#8211; Holanda<br \/><br \/>&#8211; 2003\u00a0 Arte Sevilla &#8211; Andaluc\u00eda<br \/><br \/>&#8211; 2003\u00a0 Feria Internacional de Arte Nueva York &#8211; USA<br \/><br \/>&#8211; 2004\u00a0 Exposici\u00f3n Individual en Rosdorf &#8211; G\u00f6ttingen &#8211; Alemania<br \/><br \/>&#8211; 2005\u00a0 Galer\u00eda del artista en Benahavis &#8211; M\u00e1laga<br \/><br \/>&#8211; 2006\u00a0 Galer\u00eda del artista en Benahavis &#8211; M\u00e1laga<br \/><br \/>&#8211; 2006\u00a0 Exposici\u00f3n Permanente en Hotel Mirador de Salamanca<br \/><br \/>&#8211; 2007\u00a0 Realiza y Expone en Iglesias y Catedrales en Braunschweig &#8211; Alemania\u00a0<br \/><br \/>&#8211; 2008\u00a0 Exposici\u00f3n Individual en Puerto Banus &#8211; Marbella -M\u00e1laga.<br \/><br \/>&#8211; 2008\u00a0 Galeria de Arte en G\u00f6ttingen &#8211; Alemania<br \/><br \/>&#8211; 2009\u00a0 Galeria de Arte en G\u00f6ttingen &#8211; Alemania<\/p>\t\t\t\t\t\t\t\t<\/div>\n\t\t\t\t<\/div>\n\t\t\t\t\t<\/div>\n\t\t<\/div>\n\t\t\t\t\t<\/div>\n\t\t<\/section>\n\t\t\t\t<section class=\"elementor-section elementor-top-section elementor-element elementor-element-0d4ab8f elementor-section-boxed elementor-section-height-default elementor-section-height-default\" data-id=\"0d4ab8f\" data-element_type=\"section\">\n\t\t\t\t\t\t<div class=\"elementor-container elementor-column-gap-default\">\n\t\t\t\t\t<div class=\"elementor-column elementor-col-100 elementor-top-column elementor-element elementor-element-ed2de8c\" data-id=\"ed2de8c\" data-element_type=\"column\">\n\t\t\t<div class=\"elementor-widget-wrap elementor-element-populated\">\n\t\t\t\t\t\t<div class=\"elementor-element elementor-element-9188e95 elementor-widget elementor-widget-heading\" data-id=\"9188e95\" data-element_type=\"widget\" data-widget_type=\"heading.default\">\n\t\t\t\t<div class=\"elementor-widget-container\">\n\t\t\t\t\t<h2 class=\"elementor-heading-title elementor-size-default\">Obras<\/h2>\t\t\t\t<\/div>\n\t\t\t\t<\/div>\n\t\t\t\t<div class=\"elementor-element elementor-element-b0a9d4f elementor-grid-4 elementor-grid-tablet-3 elementor-grid-mobile-2 elementor-products-grid elementor-wc-products elementor-widget elementor-widget-woocommerce-products\" data-id=\"b0a9d4f\" data-element_type=\"widget\" data-widget_type=\"woocommerce-products.default\">\n\t\t\t\t<div class=\"elementor-widget-container\">\n\t\t\t\t\t<div class=\"woocommerce columns-4 \"><ul class=\"products elementor-grid columns-4\">\n<li class=\"sales-flash-overlay woocommerce-text-align-center woocommerce-image-align-center do-quantity-buttons product type-product post-2837 status-publish first instock product_cat-bodegones product_cat-obra product_cat-oleo has-post-thumbnail sale sold-individually taxable shipping-taxable purchasable product-type-simple\">\n\t<a href=\"https:\/\/villanueva-fineart.es\/es_es\/producto\/bodegon-solta\/\" class=\"woocommerce-LoopProduct-link woocommerce-loop-product__link\">\n\t<span class=\"onsale\">\u00a1Oferta!<\/span>\n\t<img decoding=\"async\" width=\"300\" height=\"300\" src=\"https:\/\/villanueva-fineart.es\/wp-content\/uploads\/2021\/12\/Solta-1-300x300.jpg\" class=\"attachment-woocommerce_thumbnail size-woocommerce_thumbnail\" alt=\"Bodeg\u00f3n, Solta\" srcset=\"https:\/\/villanueva-fineart.es\/wp-content\/uploads\/2021\/12\/Solta-1-300x300.jpg 300w, https:\/\/villanueva-fineart.es\/wp-content\/uploads\/2021\/12\/Solta-1-150x150.jpg 150w, https:\/\/villanueva-fineart.es\/wp-content\/uploads\/2021\/12\/Solta-1-100x100.jpg 100w\" sizes=\"(max-width: 300px) 100vw, 300px\" \/><h2 class=\"woocommerce-loop-product__title\">Bodeg\u00f3n, Solta<\/h2>\n\t<span class=\"price\"><del aria-hidden=\"true\"><span class=\"woocommerce-Price-amount amount\"><bdi>1.500,00&nbsp;<span class=\"woocommerce-Price-currencySymbol\">&euro;<\/span><\/bdi><\/span><\/del> <span class=\"screen-reader-text\">El precio original era: 1.500,00&nbsp;&euro;.<\/span><ins aria-hidden=\"true\"><span class=\"woocommerce-Price-amount amount\"><bdi>725,00&nbsp;<span class=\"woocommerce-Price-currencySymbol\">&euro;<\/span><\/bdi><\/span><\/ins><span class=\"screen-reader-text\">El precio actual es: 725,00&nbsp;&euro;.<\/span><\/span>\n<\/a><a href=\"?add-to-cart=2837\" aria-describedby=\"woocommerce_loop_add_to_cart_link_describedby_2837\" data-quantity=\"1\" class=\"button product_type_simple add_to_cart_button ajax_add_to_cart\" data-product_id=\"2837\" data-product_sku=\"\" aria-label=\"A\u00f1adir al carrito: &ldquo;Bodeg\u00f3n, Solta&rdquo;\" rel=\"nofollow\" data-success_message=\"\u00abBodeg\u00f3n, Solta\u00bb se ha a\u00f1adido a tu carrito\">A\u00f1adir al carrito<\/a>\t<span id=\"woocommerce_loop_add_to_cart_link_describedby_2837\" class=\"screen-reader-text\">\n\t\t\t<\/span>\n<\/li>\n<\/ul>\n<\/div>\t\t\t\t<\/div>\n\t\t\t\t<\/div>\n\t\t\t\t\t<\/div>\n\t\t<\/div>\n\t\t\t\t\t<\/div>\n\t\t<\/section>\n\t\t\t\t<\/div>\n\t\t","protected":false},"excerpt":{"rendered":"<p>Solta DRAHOSLAV SOLTA Lugar de nacimiento: Prerov, Rep\u00fablica Checa, 1960 FORMACI\u00d3N ACAD\u00c9MICA: Realiza estudios en la Academia de Arte de Pilsen &#8211; pintura, escultura, dibujo, artes gr\u00e1ficas. En Praga ampl\u00eda sus conocimientos, ingresando en la Escuela Superior de Bellas Artes. Al concluir dichos estudios contin\u00faa perfeccionando y dictando clases de arte.\u00a0 Asimismo imparte t\u00e9cnicas de &#8230; <a title=\"Solta\" class=\"read-more\" href=\"https:\/\/villanueva-fineart.es\/es_es\/solta\/\" aria-label=\"Leer m\u00e1s sobre Solta\">Leer m\u00e1s<\/a><\/p>\n","protected":false},"author":1,"featured_media":0,"parent":0,"menu_order":0,"comment_status":"closed","ping_status":"closed","template":"","meta":{"footnotes":""},"class_list":["post-3238","page","type-page","status-publish"],"yoast_head":"<!-- This site is optimized with the Yoast SEO plugin v25.9 - https:\/\/yoast.com\/wordpress\/plugins\/seo\/ -->\n<title>Solta - Villanueva Fineart<\/title>\n<meta name=\"description\" content=\"Pintor expresionista, Realiza estudios en la Academia de Arte de Pilsen \u2013 pintura, escultura, dibujo, artes gr\u00e1ficas .En Praga ampl\u00eda sus conocimientos, ingresando en la Escuela Superior de Bellas Artes. Al concluir dichos estudios\" \/>\n<meta name=\"robots\" content=\"index, follow, max-snippet:-1, max-image-preview:large, max-video-preview:-1\" \/>\n<link rel=\"canonical\" href=\"https:\/\/villanueva-fineart.es\/es_es\/solta\/\" \/>\n<meta property=\"og:locale\" content=\"es_ES\" \/>\n<meta property=\"og:type\" content=\"article\" \/>\n<meta property=\"og:title\" content=\"Solta - Villanueva Fineart\" \/>\n<meta property=\"og:description\" content=\"Pintor expresionista, Realiza estudios en la Academia de Arte de Pilsen \u2013 pintura, escultura, dibujo, artes gr\u00e1ficas .En Praga ampl\u00eda sus conocimientos, ingresando en la Escuela Superior de Bellas Artes. Al concluir dichos estudios\" \/>\n<meta property=\"og:url\" content=\"https:\/\/villanueva-fineart.es\/es_es\/solta\/\" \/>\n<meta property=\"og:site_name\" content=\"Villanueva Fineart\" \/>\n<meta property=\"article:modified_time\" content=\"2022-02-16T16:01:05+00:00\" \/>\n<meta property=\"og:image\" content=\"https:\/\/villanueva-fineart.es\/wp-content\/uploads\/2021\/12\/Solta-1-768x573.jpg\" \/>\n<meta name=\"twitter:card\" content=\"summary_large_image\" \/>\n<meta name=\"twitter:label1\" content=\"Tiempo de lectura\" \/>\n\t<meta name=\"twitter:data1\" content=\"3 minutos\" \/>\n<script type=\"application\/ld+json\" class=\"yoast-schema-graph\">{\"@context\":\"https:\/\/schema.org\",\"@graph\":[{\"@type\":\"WebPage\",\"@id\":\"https:\/\/villanueva-fineart.es\/solta\/\",\"url\":\"https:\/\/villanueva-fineart.es\/solta\/\",\"name\":\"Solta - Villanueva Fineart\",\"isPartOf\":{\"@id\":\"http:\/\/villanueva-fineart.es\/#website\"},\"primaryImageOfPage\":{\"@id\":\"https:\/\/villanueva-fineart.es\/solta\/#primaryimage\"},\"image\":{\"@id\":\"https:\/\/villanueva-fineart.es\/solta\/#primaryimage\"},\"thumbnailUrl\":\"https:\/\/villanueva-fineart.es\/wp-content\/uploads\/2021\/12\/Solta-1-768x573.jpg\",\"datePublished\":\"2021-12-31T10:07:57+00:00\",\"dateModified\":\"2022-02-16T16:01:05+00:00\",\"description\":\"Pintor expresionista, Realiza estudios en la Academia de Arte de Pilsen \u2013 pintura, escultura, dibujo, artes gr\u00e1ficas .En Praga ampl\u00eda sus conocimientos, ingresando en la Escuela Superior de Bellas Artes. Al concluir dichos estudios\",\"breadcrumb\":{\"@id\":\"https:\/\/villanueva-fineart.es\/solta\/#breadcrumb\"},\"inLanguage\":\"es\",\"potentialAction\":[{\"@type\":\"ReadAction\",\"target\":[\"https:\/\/villanueva-fineart.es\/solta\/\"]}]},{\"@type\":\"ImageObject\",\"inLanguage\":\"es\",\"@id\":\"https:\/\/villanueva-fineart.es\/solta\/#primaryimage\",\"url\":\"https:\/\/villanueva-fineart.es\/wp-content\/uploads\/2021\/12\/Solta-1-768x573.jpg\",\"contentUrl\":\"https:\/\/villanueva-fineart.es\/wp-content\/uploads\/2021\/12\/Solta-1-768x573.jpg\"},{\"@type\":\"BreadcrumbList\",\"@id\":\"https:\/\/villanueva-fineart.es\/solta\/#breadcrumb\",\"itemListElement\":[{\"@type\":\"ListItem\",\"position\":1,\"name\":\"Inicio\",\"item\":\"https:\/\/villanueva-fineart.es\/\"},{\"@type\":\"ListItem\",\"position\":2,\"name\":\"Solta\"}]},{\"@type\":\"WebSite\",\"@id\":\"http:\/\/villanueva-fineart.es\/#website\",\"url\":\"http:\/\/villanueva-fineart.es\/\",\"name\":\"Villanueva Fineart\",\"description\":\"Liquidaci\u00f3n de Obras de arte\",\"publisher\":{\"@id\":\"http:\/\/villanueva-fineart.es\/#organization\"},\"potentialAction\":[{\"@type\":\"SearchAction\",\"target\":{\"@type\":\"EntryPoint\",\"urlTemplate\":\"http:\/\/villanueva-fineart.es\/?s={search_term_string}\"},\"query-input\":{\"@type\":\"PropertyValueSpecification\",\"valueRequired\":true,\"valueName\":\"search_term_string\"}}],\"inLanguage\":\"es\"},{\"@type\":\"Organization\",\"@id\":\"http:\/\/villanueva-fineart.es\/#organization\",\"name\":\"Villanueva Fineart\",\"url\":\"http:\/\/villanueva-fineart.es\/\",\"logo\":{\"@type\":\"ImageObject\",\"inLanguage\":\"es\",\"@id\":\"http:\/\/villanueva-fineart.es\/#\/schema\/logo\/image\/\",\"url\":\"https:\/\/villanueva-fineart.es\/wp-content\/uploads\/2021\/11\/Logo-fineart.jpg\",\"contentUrl\":\"https:\/\/villanueva-fineart.es\/wp-content\/uploads\/2021\/11\/Logo-fineart.jpg\",\"width\":200,\"height\":85,\"caption\":\"Villanueva Fineart\"},\"image\":{\"@id\":\"http:\/\/villanueva-fineart.es\/#\/schema\/logo\/image\/\"}}]}<\/script>\n<!-- \/ Yoast SEO plugin. -->","yoast_head_json":{"title":"Solta - Villanueva Fineart","description":"Pintor expresionista, Realiza estudios en la Academia de Arte de Pilsen \u2013 pintura, escultura, dibujo, artes gr\u00e1ficas .En Praga ampl\u00eda sus conocimientos, ingresando en la Escuela Superior de Bellas Artes. Al concluir dichos estudios","robots":{"index":"index","follow":"follow","max-snippet":"max-snippet:-1","max-image-preview":"max-image-preview:large","max-video-preview":"max-video-preview:-1"},"canonical":"https:\/\/villanueva-fineart.es\/es_es\/solta\/","og_locale":"es_ES","og_type":"article","og_title":"Solta - Villanueva Fineart","og_description":"Pintor expresionista, Realiza estudios en la Academia de Arte de Pilsen \u2013 pintura, escultura, dibujo, artes gr\u00e1ficas .En Praga ampl\u00eda sus conocimientos, ingresando en la Escuela Superior de Bellas Artes. Al concluir dichos estudios","og_url":"https:\/\/villanueva-fineart.es\/es_es\/solta\/","og_site_name":"Villanueva Fineart","article_modified_time":"2022-02-16T16:01:05+00:00","og_image":[{"url":"https:\/\/villanueva-fineart.es\/wp-content\/uploads\/2021\/12\/Solta-1-768x573.jpg","type":"","width":"","height":""}],"twitter_card":"summary_large_image","twitter_misc":{"Tiempo de lectura":"3 minutos"},"schema":{"@context":"https:\/\/schema.org","@graph":[{"@type":"WebPage","@id":"https:\/\/villanueva-fineart.es\/solta\/","url":"https:\/\/villanueva-fineart.es\/solta\/","name":"Solta - Villanueva Fineart","isPartOf":{"@id":"http:\/\/villanueva-fineart.es\/#website"},"primaryImageOfPage":{"@id":"https:\/\/villanueva-fineart.es\/solta\/#primaryimage"},"image":{"@id":"https:\/\/villanueva-fineart.es\/solta\/#primaryimage"},"thumbnailUrl":"https:\/\/villanueva-fineart.es\/wp-content\/uploads\/2021\/12\/Solta-1-768x573.jpg","datePublished":"2021-12-31T10:07:57+00:00","dateModified":"2022-02-16T16:01:05+00:00","description":"Pintor expresionista, Realiza estudios en la Academia de Arte de Pilsen \u2013 pintura, escultura, dibujo, artes gr\u00e1ficas .En Praga ampl\u00eda sus conocimientos, ingresando en la Escuela Superior de Bellas Artes. Al concluir dichos estudios","breadcrumb":{"@id":"https:\/\/villanueva-fineart.es\/solta\/#breadcrumb"},"inLanguage":"es","potentialAction":[{"@type":"ReadAction","target":["https:\/\/villanueva-fineart.es\/solta\/"]}]},{"@type":"ImageObject","inLanguage":"es","@id":"https:\/\/villanueva-fineart.es\/solta\/#primaryimage","url":"https:\/\/villanueva-fineart.es\/wp-content\/uploads\/2021\/12\/Solta-1-768x573.jpg","contentUrl":"https:\/\/villanueva-fineart.es\/wp-content\/uploads\/2021\/12\/Solta-1-768x573.jpg"},{"@type":"BreadcrumbList","@id":"https:\/\/villanueva-fineart.es\/solta\/#breadcrumb","itemListElement":[{"@type":"ListItem","position":1,"name":"Inicio","item":"https:\/\/villanueva-fineart.es\/"},{"@type":"ListItem","position":2,"name":"Solta"}]},{"@type":"WebSite","@id":"http:\/\/villanueva-fineart.es\/#website","url":"http:\/\/villanueva-fineart.es\/","name":"Villanueva Fineart","description":"Liquidaci\u00f3n de Obras de arte","publisher":{"@id":"http:\/\/villanueva-fineart.es\/#organization"},"potentialAction":[{"@type":"SearchAction","target":{"@type":"EntryPoint","urlTemplate":"http:\/\/villanueva-fineart.es\/?s={search_term_string}"},"query-input":{"@type":"PropertyValueSpecification","valueRequired":true,"valueName":"search_term_string"}}],"inLanguage":"es"},{"@type":"Organization","@id":"http:\/\/villanueva-fineart.es\/#organization","name":"Villanueva Fineart","url":"http:\/\/villanueva-fineart.es\/","logo":{"@type":"ImageObject","inLanguage":"es","@id":"http:\/\/villanueva-fineart.es\/#\/schema\/logo\/image\/","url":"https:\/\/villanueva-fineart.es\/wp-content\/uploads\/2021\/11\/Logo-fineart.jpg","contentUrl":"https:\/\/villanueva-fineart.es\/wp-content\/uploads\/2021\/11\/Logo-fineart.jpg","width":200,"height":85,"caption":"Villanueva Fineart"},"image":{"@id":"http:\/\/villanueva-fineart.es\/#\/schema\/logo\/image\/"}}]}},"_links":{"self":[{"href":"https:\/\/villanueva-fineart.es\/es_es\/wp-json\/wp\/v2\/pages\/3238","targetHints":{"allow":["GET"]}}],"collection":[{"href":"https:\/\/villanueva-fineart.es\/es_es\/wp-json\/wp\/v2\/pages"}],"about":[{"href":"https:\/\/villanueva-fineart.es\/es_es\/wp-json\/wp\/v2\/types\/page"}],"author":[{"embeddable":true,"href":"https:\/\/villanueva-fineart.es\/es_es\/wp-json\/wp\/v2\/users\/1"}],"replies":[{"embeddable":true,"href":"https:\/\/villanueva-fineart.es\/es_es\/wp-json\/wp\/v2\/comments?post=3238"}],"version-history":[{"count":25,"href":"https:\/\/villanueva-fineart.es\/es_es\/wp-json\/wp\/v2\/pages\/3238\/revisions"}],"predecessor-version":[{"id":4156,"href":"https:\/\/villanueva-fineart.es\/es_es\/wp-json\/wp\/v2\/pages\/3238\/revisions\/4156"}],"wp:attachment":[{"href":"https:\/\/villanueva-fineart.es\/es_es\/wp-json\/wp\/v2\/media?parent=3238"}],"curies":[{"name":"wp","href":"https:\/\/api.w.org\/{rel}","templated":true}]}}