{"id":3013,"date":"2021-12-28T20:18:59","date_gmt":"2021-12-28T20:18:59","guid":{"rendered":"https:\/\/villanueva-fineart.es\/?page_id=3013"},"modified":"2022-03-02T12:35:05","modified_gmt":"2022-03-02T12:35:05","slug":"rosa-serra","status":"publish","type":"page","link":"https:\/\/villanueva-fineart.es\/es_es\/rosa-serra\/","title":{"rendered":"Rosa Serra"},"content":{"rendered":"\t\t<div data-elementor-type=\"wp-page\" data-elementor-id=\"3013\" class=\"elementor elementor-3013\" data-elementor-post-type=\"page\">\n\t\t\t\t\t\t<section class=\"elementor-section elementor-top-section elementor-element elementor-element-ba9abe5 elementor-section-full_width elementor-section-height-default elementor-section-height-default\" data-id=\"ba9abe5\" data-element_type=\"section\">\n\t\t\t\t\t\t<div class=\"elementor-container elementor-column-gap-default\">\n\t\t\t\t\t<div class=\"elementor-column elementor-col-100 elementor-top-column elementor-element elementor-element-6a897f1\" data-id=\"6a897f1\" data-element_type=\"column\">\n\t\t\t<div class=\"elementor-widget-wrap elementor-element-populated\">\n\t\t\t\t\t\t<div class=\"elementor-element elementor-element-ab0d8ef elementor-widget-divider--view-line elementor-widget elementor-widget-divider\" data-id=\"ab0d8ef\" data-element_type=\"widget\" data-widget_type=\"divider.default\">\n\t\t\t\t<div class=\"elementor-widget-container\">\n\t\t\t\t\t\t\t<div class=\"elementor-divider\">\n\t\t\t<span class=\"elementor-divider-separator\">\n\t\t\t\t\t\t<\/span>\n\t\t<\/div>\n\t\t\t\t\t\t<\/div>\n\t\t\t\t<\/div>\n\t\t\t\t\t<\/div>\n\t\t<\/div>\n\t\t\t\t\t<\/div>\n\t\t<\/section>\n\t\t\t\t<section class=\"elementor-section elementor-top-section elementor-element elementor-element-2d229a6 elementor-section-boxed elementor-section-height-default elementor-section-height-default\" data-id=\"2d229a6\" data-element_type=\"section\">\n\t\t\t\t\t\t<div class=\"elementor-container elementor-column-gap-default\">\n\t\t\t\t\t<div class=\"elementor-column elementor-col-50 elementor-top-column elementor-element elementor-element-030696b\" data-id=\"030696b\" data-element_type=\"column\">\n\t\t\t<div class=\"elementor-widget-wrap elementor-element-populated\">\n\t\t\t\t\t\t<div class=\"elementor-element elementor-element-5f2bab9 elementor-widget elementor-widget-image\" data-id=\"5f2bab9\" data-element_type=\"widget\" data-widget_type=\"image.default\">\n\t\t\t\t<div class=\"elementor-widget-container\">\n\t\t\t\t\t\t\t\t\t\t\t\t\t\t\t\t<a href=\"https:\/\/villanueva-fineart.es\/rosa-serra\">\n\t\t\t\t\t\t\t<img fetchpriority=\"high\" decoding=\"async\" width=\"768\" height=\"1174\" src=\"https:\/\/villanueva-fineart.es\/wp-content\/uploads\/2022\/02\/Maternidad-1-768x1174.jpg\" class=\"attachment-medium_large size-medium_large wp-image-4254\" alt=\"\" srcset=\"https:\/\/villanueva-fineart.es\/wp-content\/uploads\/2022\/02\/Maternidad-1-768x1174.jpg 768w, https:\/\/villanueva-fineart.es\/wp-content\/uploads\/2022\/02\/Maternidad-1-196x300.jpg 196w, https:\/\/villanueva-fineart.es\/wp-content\/uploads\/2022\/02\/Maternidad-1-670x1024.jpg 670w, https:\/\/villanueva-fineart.es\/wp-content\/uploads\/2022\/02\/Maternidad-1-8x12.jpg 8w, https:\/\/villanueva-fineart.es\/wp-content\/uploads\/2022\/02\/Maternidad-1-600x917.jpg 600w, https:\/\/villanueva-fineart.es\/wp-content\/uploads\/2022\/02\/Maternidad-1.jpg 890w\" sizes=\"(max-width: 768px) 100vw, 768px\" \/>\t\t\t\t\t\t\t\t<\/a>\n\t\t\t\t\t\t\t\t\t\t\t\t\t\t\t<\/div>\n\t\t\t\t<\/div>\n\t\t\t\t\t<\/div>\n\t\t<\/div>\n\t\t\t\t<div class=\"elementor-column elementor-col-50 elementor-top-column elementor-element elementor-element-97c9237\" data-id=\"97c9237\" data-element_type=\"column\">\n\t\t\t<div class=\"elementor-widget-wrap elementor-element-populated\">\n\t\t\t\t\t\t<div class=\"elementor-element elementor-element-357f95f elementor-widget elementor-widget-heading\" data-id=\"357f95f\" data-element_type=\"widget\" data-widget_type=\"heading.default\">\n\t\t\t\t<div class=\"elementor-widget-container\">\n\t\t\t\t\t<div class=\"elementor-heading-title elementor-size-xl\"><a href=\"https:\/\/villanueva-fineart.es\/rosa-serra\">Rosa Serra<\/a><\/div>\t\t\t\t<\/div>\n\t\t\t\t<\/div>\n\t\t\t\t<div class=\"elementor-element elementor-element-5566467 elementor-widget elementor-widget-text-editor\" data-id=\"5566467\" data-element_type=\"widget\" data-widget_type=\"text-editor.default\">\n\t\t\t\t<div class=\"elementor-widget-container\">\n\t\t\t\t\t\t\t\t\t<p>Vic, Barcelona, 1944<\/p><p>Rosa Serra pertenece a la generaci\u00f3n que llev\u00f3 a una ruptura en la escultura olotina por la tridimensionalidad descubierta bajo la influencia del gran maestro, escult\u00f3rico Llu\u00eds Cur\u00f3s.\u00a0 Sin perder nunca su personalidad y estilo, Rosa Serra fue seducida por artistas como Clara, Maillol y Miguel Angel..<\/p><p>En 1952 se traslada a Olot, donde actualmente trabaja y reside.<\/p><p>En 1970 ingres\u00f3 en la academia Llus Carbonell, donde estudi\u00f3 dibujo y pintura, y dos a\u00f1os m\u00e1s tarde ingres\u00f3 en la Escuela de Bellas Artes de Olot, donde durante tres a\u00f1os estudi\u00f3 dibujo, cer\u00e1mica y pintura y grabado.<\/p><p>Es conocida por sus hermosas p\u00e1tinas, que hacen que sus piezas de bronce parezcan talladas en piedra.<\/p><p>Tuvo su primera exposici\u00f3n individual en Barcelona en 1972, y a partir de 1973 se dedic\u00f3 a la escultura.<\/p><p>En su obra, influenciada por Henry Moore, domina la l\u00ednea arriesgad\u00edsima de curvas rubicundas en figuras desnudas, redondez rotunda y arm\u00f3nica que con solo definir la identidad de la mayor parte de su producci\u00f3n, tanto p\u00fablica como privada.<\/p>\t\t\t\t\t\t\t\t<\/div>\n\t\t\t\t<\/div>\n\t\t\t\t\t<\/div>\n\t\t<\/div>\n\t\t\t\t\t<\/div>\n\t\t<\/section>\n\t\t\t\t<section class=\"elementor-section elementor-top-section elementor-element elementor-element-5f476e5 elementor-section-boxed elementor-section-height-default elementor-section-height-default\" data-id=\"5f476e5\" data-element_type=\"section\">\n\t\t\t\t\t\t<div class=\"elementor-container elementor-column-gap-default\">\n\t\t\t\t\t<div class=\"elementor-column elementor-col-50 elementor-top-column elementor-element elementor-element-6eb0256\" data-id=\"6eb0256\" data-element_type=\"column\">\n\t\t\t<div class=\"elementor-widget-wrap elementor-element-populated\">\n\t\t\t\t\t\t<div class=\"elementor-element elementor-element-e428b69 elementor-widget elementor-widget-heading\" data-id=\"e428b69\" data-element_type=\"widget\" data-widget_type=\"heading.default\">\n\t\t\t\t<div class=\"elementor-widget-container\">\n\t\t\t\t\t<div class=\"elementor-heading-title elementor-size-xl\">Algunos  premios<\/div>\t\t\t\t<\/div>\n\t\t\t\t<\/div>\n\t\t\t\t<div class=\"elementor-element elementor-element-33738d4 elementor-widget elementor-widget-text-editor\" data-id=\"33738d4\" data-element_type=\"widget\" data-widget_type=\"text-editor.default\">\n\t\t\t\t<div class=\"elementor-widget-container\">\n\t\t\t\t\t\t\t\t\t<p>En 1976 recibi\u00f3 el premio de Escultura en la III Bienal de Bilbao.<\/p><p>En 2008 recibi\u00f3 la Cruz de Sant Jordi de la Generalitat de Catalu\u00f1a<\/p>\t\t\t\t\t\t\t\t<\/div>\n\t\t\t\t<\/div>\n\t\t\t\t\t<\/div>\n\t\t<\/div>\n\t\t\t\t<div class=\"elementor-column elementor-col-50 elementor-top-column elementor-element elementor-element-aa71d23\" data-id=\"aa71d23\" data-element_type=\"column\">\n\t\t\t<div class=\"elementor-widget-wrap elementor-element-populated\">\n\t\t\t\t\t\t<div class=\"elementor-element elementor-element-88d7c37 elementor-widget elementor-widget-heading\" data-id=\"88d7c37\" data-element_type=\"widget\" data-widget_type=\"heading.default\">\n\t\t\t\t<div class=\"elementor-widget-container\">\n\t\t\t\t\t<div class=\"elementor-heading-title elementor-size-xl\">Obras destacadas<\/div>\t\t\t\t<\/div>\n\t\t\t\t<\/div>\n\t\t\t\t<div class=\"elementor-element elementor-element-bce9879 elementor-widget elementor-widget-text-editor\" data-id=\"bce9879\" data-element_type=\"widget\" data-widget_type=\"text-editor.default\">\n\t\t\t\t<div class=\"elementor-widget-container\">\n\t\t\t\t\t\t\t\t\t<p>En 1985 trabaj\u00f3 en la Suite Olympique, una colecci\u00f3n de un total de 38 esculturas de bronce que representan los deportes ol\u00edmpicos y que est\u00e1n instaladas en la sede del Comit\u00e9 Ol\u00edmpico Internacional en Lausana, Suiza.<\/p><p>Ha realizado esculturas de tem\u00e1tica deportiva para los Juegos Ol\u00edmpicos de Barcelona 1992.<\/p><p>En 2000 la compa\u00f1\u00eda Nike le encarg\u00f3 la creaci\u00f3n de una estatua de Tiger Woods para Oreg\u00f3n.<\/p><p>Tambi\u00e9n es autora de la Suite Ol\u00edmpica de la sede del COI en Lausana y de varias piezas ubicadas en el Parque Ol\u00edmpico de Sely en el Comit\u00e9 Ol\u00edmpico Asi\u00e1tico, en Kuwait.<\/p><p>Su trabajo p\u00fablico ahora aparece en todo el mundo, desde Miami hasta R\u00edo y Singapur, y sus exposiciones en galer\u00edas han tenido lugar desde Jap\u00f3n hasta Nueva York y Montecarlo.<\/p>\t\t\t\t\t\t\t\t<\/div>\n\t\t\t\t<\/div>\n\t\t\t\t\t<\/div>\n\t\t<\/div>\n\t\t\t\t\t<\/div>\n\t\t<\/section>\n\t\t\t\t<section class=\"elementor-section elementor-top-section elementor-element elementor-element-0d4ab8f elementor-section-boxed elementor-section-height-default elementor-section-height-default\" data-id=\"0d4ab8f\" data-element_type=\"section\">\n\t\t\t\t\t\t<div class=\"elementor-container elementor-column-gap-default\">\n\t\t\t\t\t<div class=\"elementor-column elementor-col-100 elementor-top-column elementor-element elementor-element-ed2de8c\" data-id=\"ed2de8c\" data-element_type=\"column\">\n\t\t\t<div class=\"elementor-widget-wrap elementor-element-populated\">\n\t\t\t\t\t\t<div class=\"elementor-element elementor-element-9188e95 elementor-widget elementor-widget-heading\" data-id=\"9188e95\" data-element_type=\"widget\" data-widget_type=\"heading.default\">\n\t\t\t\t<div class=\"elementor-widget-container\">\n\t\t\t\t\t<h2 class=\"elementor-heading-title elementor-size-default\">Obras<\/h2>\t\t\t\t<\/div>\n\t\t\t\t<\/div>\n\t\t\t\t<div class=\"elementor-element elementor-element-b0a9d4f elementor-grid-4 elementor-grid-tablet-3 elementor-grid-mobile-2 elementor-products-grid elementor-wc-products elementor-widget elementor-widget-woocommerce-products\" data-id=\"b0a9d4f\" data-element_type=\"widget\" data-widget_type=\"woocommerce-products.default\">\n\t\t\t\t<div class=\"elementor-widget-container\">\n\t\t\t\t\t<div class=\"woocommerce columns-4 \"><ul class=\"products elementor-grid columns-4\">\n<li class=\"sales-flash-overlay woocommerce-text-align-center woocommerce-image-align-center do-quantity-buttons product type-product post-4260 status-publish first instock product_cat-esculturas product_cat-obra has-post-thumbnail sold-individually taxable shipping-taxable product-type-simple\">\n\t<a href=\"https:\/\/villanueva-fineart.es\/es_es\/producto\/detalle-firma-rosa-serra\/\" class=\"woocommerce-LoopProduct-link woocommerce-loop-product__link\"><img decoding=\"async\" width=\"300\" height=\"300\" src=\"https:\/\/villanueva-fineart.es\/wp-content\/uploads\/2022\/02\/Firma-300x300.jpg\" class=\"attachment-woocommerce_thumbnail size-woocommerce_thumbnail\" alt=\"Detalle firma, Rosa Serra\" srcset=\"https:\/\/villanueva-fineart.es\/wp-content\/uploads\/2022\/02\/Firma-300x300.jpg 300w, https:\/\/villanueva-fineart.es\/wp-content\/uploads\/2022\/02\/Firma-150x150.jpg 150w, https:\/\/villanueva-fineart.es\/wp-content\/uploads\/2022\/02\/Firma-100x100.jpg 100w\" sizes=\"(max-width: 300px) 100vw, 300px\" \/><h2 class=\"woocommerce-loop-product__title\">Detalle firma, Rosa Serra<\/h2>\n<\/a><a href=\"https:\/\/villanueva-fineart.es\/es_es\/producto\/detalle-firma-rosa-serra\/\" aria-describedby=\"woocommerce_loop_add_to_cart_link_describedby_4260\" data-quantity=\"1\" class=\"button product_type_simple\" data-product_id=\"4260\" data-product_sku=\"\" aria-label=\"Lee m\u00e1s sobre &ldquo;Detalle firma, Rosa Serra&rdquo;\" rel=\"nofollow\" data-success_message=\"\">Leer m\u00e1s<\/a>\t<span id=\"woocommerce_loop_add_to_cart_link_describedby_4260\" class=\"screen-reader-text\">\n\t\t\t<\/span>\n<\/li>\n<li class=\"sales-flash-overlay woocommerce-text-align-center woocommerce-image-align-center do-quantity-buttons product type-product post-3009 status-publish instock product_cat-esculturas product_cat-obra has-post-thumbnail sale sold-individually taxable shipping-taxable purchasable product-type-simple\">\n\t<a href=\"https:\/\/villanueva-fineart.es\/es_es\/producto\/maternidad-rosa-serra\/\" class=\"woocommerce-LoopProduct-link woocommerce-loop-product__link\">\n\t<span class=\"onsale\">\u00a1Oferta!<\/span>\n\t<img decoding=\"async\" width=\"300\" height=\"300\" src=\"https:\/\/villanueva-fineart.es\/wp-content\/uploads\/2022\/02\/Maternidad-1-300x300.jpg\" class=\"attachment-woocommerce_thumbnail size-woocommerce_thumbnail\" alt=\"Maternidad, Rosa Serra\" srcset=\"https:\/\/villanueva-fineart.es\/wp-content\/uploads\/2022\/02\/Maternidad-1-300x300.jpg 300w, https:\/\/villanueva-fineart.es\/wp-content\/uploads\/2022\/02\/Maternidad-1-150x150.jpg 150w, https:\/\/villanueva-fineart.es\/wp-content\/uploads\/2022\/02\/Maternidad-1-100x100.jpg 100w\" sizes=\"(max-width: 300px) 100vw, 300px\" \/><h2 class=\"woocommerce-loop-product__title\">Maternidad, Rosa Serra<\/h2>\n\t<span class=\"price\"><del aria-hidden=\"true\"><span class=\"woocommerce-Price-amount amount\"><bdi>6.500,00&nbsp;<span class=\"woocommerce-Price-currencySymbol\">&euro;<\/span><\/bdi><\/span><\/del> <span class=\"screen-reader-text\">El precio original era: 6.500,00&nbsp;&euro;.<\/span><ins aria-hidden=\"true\"><span class=\"woocommerce-Price-amount amount\"><bdi>4.500,00&nbsp;<span class=\"woocommerce-Price-currencySymbol\">&euro;<\/span><\/bdi><\/span><\/ins><span class=\"screen-reader-text\">El precio actual es: 4.500,00&nbsp;&euro;.<\/span><\/span>\n<\/a><a href=\"?add-to-cart=3009\" aria-describedby=\"woocommerce_loop_add_to_cart_link_describedby_3009\" data-quantity=\"1\" class=\"button product_type_simple add_to_cart_button ajax_add_to_cart\" data-product_id=\"3009\" data-product_sku=\"\" aria-label=\"A\u00f1adir al carrito: &ldquo;Maternidad, Rosa Serra&rdquo;\" rel=\"nofollow\" data-success_message=\"\u00abMaternidad, Rosa Serra\u00bb se ha a\u00f1adido a tu carrito\">A\u00f1adir al carrito<\/a>\t<span id=\"woocommerce_loop_add_to_cart_link_describedby_3009\" class=\"screen-reader-text\">\n\t\t\t<\/span>\n<\/li>\n<\/ul>\n<\/div>\t\t\t\t<\/div>\n\t\t\t\t<\/div>\n\t\t\t\t\t<\/div>\n\t\t<\/div>\n\t\t\t\t\t<\/div>\n\t\t<\/section>\n\t\t\t\t<\/div>\n\t\t","protected":false},"excerpt":{"rendered":"<p>Rosa Serra Vic, Barcelona, 1944 Rosa Serra pertenece a la generaci\u00f3n que llev\u00f3 a una ruptura en la escultura olotina por la tridimensionalidad descubierta bajo la influencia del gran maestro, escult\u00f3rico Llu\u00eds Cur\u00f3s.\u00a0 Sin perder nunca su personalidad y estilo, Rosa Serra fue seducida por artistas como Clara, Maillol y Miguel Angel.. En 1952 se &#8230; <a title=\"Rosa Serra\" class=\"read-more\" href=\"https:\/\/villanueva-fineart.es\/es_es\/rosa-serra\/\" aria-label=\"Leer m\u00e1s sobre Rosa Serra\">Leer m\u00e1s<\/a><\/p>\n","protected":false},"author":1,"featured_media":0,"parent":0,"menu_order":0,"comment_status":"closed","ping_status":"closed","template":"","meta":{"footnotes":""},"class_list":["post-3013","page","type-page","status-publish"],"yoast_head":"<!-- This site is optimized with the Yoast SEO plugin v25.9 - https:\/\/yoast.com\/wordpress\/plugins\/seo\/ -->\n<title>Rosa Serra - Villanueva Fineart<\/title>\n<meta name=\"description\" content=\"Vic, Barcelona, 1944 Pertenece a la generaci\u00f3n que impuso una ruptura en la escultura olotina. Su descubrimiento de la figura tridimensional la condujo a acercarse a las realizaciones de Llu\u00eds Cur\u00f3s, su primer maestro\" \/>\n<meta name=\"robots\" content=\"index, follow, max-snippet:-1, max-image-preview:large, max-video-preview:-1\" \/>\n<link rel=\"canonical\" href=\"https:\/\/villanueva-fineart.es\/es_es\/rosa-serra\/\" \/>\n<meta property=\"og:locale\" content=\"es_ES\" \/>\n<meta property=\"og:type\" content=\"article\" \/>\n<meta property=\"og:title\" content=\"Rosa Serra - Villanueva Fineart\" \/>\n<meta property=\"og:description\" content=\"Vic, Barcelona, 1944 Pertenece a la generaci\u00f3n que impuso una ruptura en la escultura olotina. Su descubrimiento de la figura tridimensional la condujo a acercarse a las realizaciones de Llu\u00eds Cur\u00f3s, su primer maestro\" \/>\n<meta property=\"og:url\" content=\"https:\/\/villanueva-fineart.es\/es_es\/rosa-serra\/\" \/>\n<meta property=\"og:site_name\" content=\"Villanueva Fineart\" \/>\n<meta property=\"article:modified_time\" content=\"2022-03-02T12:35:05+00:00\" \/>\n<meta property=\"og:image\" content=\"https:\/\/villanueva-fineart.es\/wp-content\/uploads\/2022\/02\/Maternidad-1-768x1174.jpg\" \/>\n<meta name=\"twitter:card\" content=\"summary_large_image\" \/>\n<meta name=\"twitter:label1\" content=\"Tiempo de lectura\" \/>\n\t<meta name=\"twitter:data1\" content=\"3 minutos\" \/>\n<script type=\"application\/ld+json\" class=\"yoast-schema-graph\">{\"@context\":\"https:\/\/schema.org\",\"@graph\":[{\"@type\":\"WebPage\",\"@id\":\"https:\/\/villanueva-fineart.es\/rosa-serra\/\",\"url\":\"https:\/\/villanueva-fineart.es\/rosa-serra\/\",\"name\":\"Rosa Serra - Villanueva Fineart\",\"isPartOf\":{\"@id\":\"http:\/\/villanueva-fineart.es\/#website\"},\"primaryImageOfPage\":{\"@id\":\"https:\/\/villanueva-fineart.es\/rosa-serra\/#primaryimage\"},\"image\":{\"@id\":\"https:\/\/villanueva-fineart.es\/rosa-serra\/#primaryimage\"},\"thumbnailUrl\":\"https:\/\/villanueva-fineart.es\/wp-content\/uploads\/2022\/02\/Maternidad-1-768x1174.jpg\",\"datePublished\":\"2021-12-28T20:18:59+00:00\",\"dateModified\":\"2022-03-02T12:35:05+00:00\",\"description\":\"Vic, Barcelona, 1944 Pertenece a la generaci\u00f3n que impuso una ruptura en la escultura olotina. Su descubrimiento de la figura tridimensional la condujo a acercarse a las realizaciones de Llu\u00eds Cur\u00f3s, su primer maestro\",\"breadcrumb\":{\"@id\":\"https:\/\/villanueva-fineart.es\/rosa-serra\/#breadcrumb\"},\"inLanguage\":\"es\",\"potentialAction\":[{\"@type\":\"ReadAction\",\"target\":[\"https:\/\/villanueva-fineart.es\/rosa-serra\/\"]}]},{\"@type\":\"ImageObject\",\"inLanguage\":\"es\",\"@id\":\"https:\/\/villanueva-fineart.es\/rosa-serra\/#primaryimage\",\"url\":\"https:\/\/villanueva-fineart.es\/wp-content\/uploads\/2022\/02\/Maternidad-1-768x1174.jpg\",\"contentUrl\":\"https:\/\/villanueva-fineart.es\/wp-content\/uploads\/2022\/02\/Maternidad-1-768x1174.jpg\"},{\"@type\":\"BreadcrumbList\",\"@id\":\"https:\/\/villanueva-fineart.es\/rosa-serra\/#breadcrumb\",\"itemListElement\":[{\"@type\":\"ListItem\",\"position\":1,\"name\":\"Inicio\",\"item\":\"https:\/\/villanueva-fineart.es\/\"},{\"@type\":\"ListItem\",\"position\":2,\"name\":\"Rosa Serra\"}]},{\"@type\":\"WebSite\",\"@id\":\"http:\/\/villanueva-fineart.es\/#website\",\"url\":\"http:\/\/villanueva-fineart.es\/\",\"name\":\"Villanueva Fineart\",\"description\":\"Liquidaci\u00f3n de Obras de arte\",\"publisher\":{\"@id\":\"http:\/\/villanueva-fineart.es\/#organization\"},\"potentialAction\":[{\"@type\":\"SearchAction\",\"target\":{\"@type\":\"EntryPoint\",\"urlTemplate\":\"http:\/\/villanueva-fineart.es\/?s={search_term_string}\"},\"query-input\":{\"@type\":\"PropertyValueSpecification\",\"valueRequired\":true,\"valueName\":\"search_term_string\"}}],\"inLanguage\":\"es\"},{\"@type\":\"Organization\",\"@id\":\"http:\/\/villanueva-fineart.es\/#organization\",\"name\":\"Villanueva Fineart\",\"url\":\"http:\/\/villanueva-fineart.es\/\",\"logo\":{\"@type\":\"ImageObject\",\"inLanguage\":\"es\",\"@id\":\"http:\/\/villanueva-fineart.es\/#\/schema\/logo\/image\/\",\"url\":\"https:\/\/villanueva-fineart.es\/wp-content\/uploads\/2021\/11\/Logo-fineart.jpg\",\"contentUrl\":\"https:\/\/villanueva-fineart.es\/wp-content\/uploads\/2021\/11\/Logo-fineart.jpg\",\"width\":200,\"height\":85,\"caption\":\"Villanueva Fineart\"},\"image\":{\"@id\":\"http:\/\/villanueva-fineart.es\/#\/schema\/logo\/image\/\"}}]}<\/script>\n<!-- \/ Yoast SEO plugin. -->","yoast_head_json":{"title":"Rosa Serra - Villanueva Fineart","description":"Vic, Barcelona, 1944 Pertenece a la generaci\u00f3n que impuso una ruptura en la escultura olotina. Su descubrimiento de la figura tridimensional la condujo a acercarse a las realizaciones de Llu\u00eds Cur\u00f3s, su primer maestro","robots":{"index":"index","follow":"follow","max-snippet":"max-snippet:-1","max-image-preview":"max-image-preview:large","max-video-preview":"max-video-preview:-1"},"canonical":"https:\/\/villanueva-fineart.es\/es_es\/rosa-serra\/","og_locale":"es_ES","og_type":"article","og_title":"Rosa Serra - Villanueva Fineart","og_description":"Vic, Barcelona, 1944 Pertenece a la generaci\u00f3n que impuso una ruptura en la escultura olotina. Su descubrimiento de la figura tridimensional la condujo a acercarse a las realizaciones de Llu\u00eds Cur\u00f3s, su primer maestro","og_url":"https:\/\/villanueva-fineart.es\/es_es\/rosa-serra\/","og_site_name":"Villanueva Fineart","article_modified_time":"2022-03-02T12:35:05+00:00","og_image":[{"url":"https:\/\/villanueva-fineart.es\/wp-content\/uploads\/2022\/02\/Maternidad-1-768x1174.jpg","type":"","width":"","height":""}],"twitter_card":"summary_large_image","twitter_misc":{"Tiempo de lectura":"3 minutos"},"schema":{"@context":"https:\/\/schema.org","@graph":[{"@type":"WebPage","@id":"https:\/\/villanueva-fineart.es\/rosa-serra\/","url":"https:\/\/villanueva-fineart.es\/rosa-serra\/","name":"Rosa Serra - Villanueva Fineart","isPartOf":{"@id":"http:\/\/villanueva-fineart.es\/#website"},"primaryImageOfPage":{"@id":"https:\/\/villanueva-fineart.es\/rosa-serra\/#primaryimage"},"image":{"@id":"https:\/\/villanueva-fineart.es\/rosa-serra\/#primaryimage"},"thumbnailUrl":"https:\/\/villanueva-fineart.es\/wp-content\/uploads\/2022\/02\/Maternidad-1-768x1174.jpg","datePublished":"2021-12-28T20:18:59+00:00","dateModified":"2022-03-02T12:35:05+00:00","description":"Vic, Barcelona, 1944 Pertenece a la generaci\u00f3n que impuso una ruptura en la escultura olotina. Su descubrimiento de la figura tridimensional la condujo a acercarse a las realizaciones de Llu\u00eds Cur\u00f3s, su primer maestro","breadcrumb":{"@id":"https:\/\/villanueva-fineart.es\/rosa-serra\/#breadcrumb"},"inLanguage":"es","potentialAction":[{"@type":"ReadAction","target":["https:\/\/villanueva-fineart.es\/rosa-serra\/"]}]},{"@type":"ImageObject","inLanguage":"es","@id":"https:\/\/villanueva-fineart.es\/rosa-serra\/#primaryimage","url":"https:\/\/villanueva-fineart.es\/wp-content\/uploads\/2022\/02\/Maternidad-1-768x1174.jpg","contentUrl":"https:\/\/villanueva-fineart.es\/wp-content\/uploads\/2022\/02\/Maternidad-1-768x1174.jpg"},{"@type":"BreadcrumbList","@id":"https:\/\/villanueva-fineart.es\/rosa-serra\/#breadcrumb","itemListElement":[{"@type":"ListItem","position":1,"name":"Inicio","item":"https:\/\/villanueva-fineart.es\/"},{"@type":"ListItem","position":2,"name":"Rosa Serra"}]},{"@type":"WebSite","@id":"http:\/\/villanueva-fineart.es\/#website","url":"http:\/\/villanueva-fineart.es\/","name":"Villanueva Fineart","description":"Liquidaci\u00f3n de Obras de arte","publisher":{"@id":"http:\/\/villanueva-fineart.es\/#organization"},"potentialAction":[{"@type":"SearchAction","target":{"@type":"EntryPoint","urlTemplate":"http:\/\/villanueva-fineart.es\/?s={search_term_string}"},"query-input":{"@type":"PropertyValueSpecification","valueRequired":true,"valueName":"search_term_string"}}],"inLanguage":"es"},{"@type":"Organization","@id":"http:\/\/villanueva-fineart.es\/#organization","name":"Villanueva Fineart","url":"http:\/\/villanueva-fineart.es\/","logo":{"@type":"ImageObject","inLanguage":"es","@id":"http:\/\/villanueva-fineart.es\/#\/schema\/logo\/image\/","url":"https:\/\/villanueva-fineart.es\/wp-content\/uploads\/2021\/11\/Logo-fineart.jpg","contentUrl":"https:\/\/villanueva-fineart.es\/wp-content\/uploads\/2021\/11\/Logo-fineart.jpg","width":200,"height":85,"caption":"Villanueva Fineart"},"image":{"@id":"http:\/\/villanueva-fineart.es\/#\/schema\/logo\/image\/"}}]}},"_links":{"self":[{"href":"https:\/\/villanueva-fineart.es\/es_es\/wp-json\/wp\/v2\/pages\/3013","targetHints":{"allow":["GET"]}}],"collection":[{"href":"https:\/\/villanueva-fineart.es\/es_es\/wp-json\/wp\/v2\/pages"}],"about":[{"href":"https:\/\/villanueva-fineart.es\/es_es\/wp-json\/wp\/v2\/types\/page"}],"author":[{"embeddable":true,"href":"https:\/\/villanueva-fineart.es\/es_es\/wp-json\/wp\/v2\/users\/1"}],"replies":[{"embeddable":true,"href":"https:\/\/villanueva-fineart.es\/es_es\/wp-json\/wp\/v2\/comments?post=3013"}],"version-history":[{"count":52,"href":"https:\/\/villanueva-fineart.es\/es_es\/wp-json\/wp\/v2\/pages\/3013\/revisions"}],"predecessor-version":[{"id":4524,"href":"https:\/\/villanueva-fineart.es\/es_es\/wp-json\/wp\/v2\/pages\/3013\/revisions\/4524"}],"wp:attachment":[{"href":"https:\/\/villanueva-fineart.es\/es_es\/wp-json\/wp\/v2\/media?parent=3013"}],"curies":[{"name":"wp","href":"https:\/\/api.w.org\/{rel}","templated":true}]}}