{"id":1104,"date":"2021-11-29T10:34:20","date_gmt":"2021-11-29T10:34:20","guid":{"rendered":"http:\/\/villanueva-fineart.es\/?page_id=1104"},"modified":"2021-12-17T21:20:57","modified_gmt":"2021-12-17T21:20:57","slug":"menacho","status":"publish","type":"page","link":"https:\/\/villanueva-fineart.es\/es_es\/menacho\/","title":{"rendered":"Menacho"},"content":{"rendered":"\t\t<div data-elementor-type=\"wp-page\" data-elementor-id=\"1104\" class=\"elementor elementor-1104\" data-elementor-post-type=\"page\">\n\t\t\t\t\t\t<section class=\"elementor-section elementor-top-section elementor-element elementor-element-e74c4ed elementor-section-full_width elementor-section-height-default elementor-section-height-default\" data-id=\"e74c4ed\" data-element_type=\"section\">\n\t\t\t\t\t\t<div class=\"elementor-container elementor-column-gap-default\">\n\t\t\t\t\t<div class=\"elementor-column elementor-col-100 elementor-top-column elementor-element elementor-element-36c6060\" data-id=\"36c6060\" data-element_type=\"column\">\n\t\t\t<div class=\"elementor-widget-wrap elementor-element-populated\">\n\t\t\t\t\t\t<div class=\"elementor-element elementor-element-17d32d8 elementor-widget-divider--view-line elementor-widget elementor-widget-divider\" data-id=\"17d32d8\" data-element_type=\"widget\" data-widget_type=\"divider.default\">\n\t\t\t\t<div class=\"elementor-widget-container\">\n\t\t\t\t\t\t\t<div class=\"elementor-divider\">\n\t\t\t<span class=\"elementor-divider-separator\">\n\t\t\t\t\t\t<\/span>\n\t\t<\/div>\n\t\t\t\t\t\t<\/div>\n\t\t\t\t<\/div>\n\t\t\t\t\t<\/div>\n\t\t<\/div>\n\t\t\t\t\t<\/div>\n\t\t<\/section>\n\t\t\t\t<section class=\"elementor-section elementor-top-section elementor-element elementor-element-a016830 elementor-section-boxed elementor-section-height-default elementor-section-height-default\" data-id=\"a016830\" data-element_type=\"section\">\n\t\t\t\t\t\t<div class=\"elementor-container elementor-column-gap-default\">\n\t\t\t\t\t<div class=\"elementor-column elementor-col-50 elementor-top-column elementor-element elementor-element-61e5c1a\" data-id=\"61e5c1a\" data-element_type=\"column\">\n\t\t\t<div class=\"elementor-widget-wrap elementor-element-populated\">\n\t\t\t\t\t\t<div class=\"elementor-element elementor-element-ad87ad6 elementor-widget elementor-widget-image\" data-id=\"ad87ad6\" data-element_type=\"widget\" data-widget_type=\"image.default\">\n\t\t\t\t<div class=\"elementor-widget-container\">\n\t\t\t\t\t\t\t\t\t\t\t\t\t\t\t<img fetchpriority=\"high\" decoding=\"async\" width=\"768\" height=\"627\" src=\"https:\/\/villanueva-fineart.es\/wp-content\/uploads\/2021\/11\/MENACHO-768x627.jpg\" class=\"attachment-medium_large size-medium_large wp-image-2209\" alt=\"\" srcset=\"https:\/\/villanueva-fineart.es\/wp-content\/uploads\/2021\/11\/MENACHO-768x627.jpg 768w, https:\/\/villanueva-fineart.es\/wp-content\/uploads\/2021\/11\/MENACHO-300x245.jpg 300w, https:\/\/villanueva-fineart.es\/wp-content\/uploads\/2021\/11\/MENACHO-1024x835.jpg 1024w, https:\/\/villanueva-fineart.es\/wp-content\/uploads\/2021\/11\/MENACHO-15x12.jpg 15w, https:\/\/villanueva-fineart.es\/wp-content\/uploads\/2021\/11\/MENACHO-600x489.jpg 600w, https:\/\/villanueva-fineart.es\/wp-content\/uploads\/2021\/11\/MENACHO.jpg 1091w\" sizes=\"(max-width: 768px) 100vw, 768px\" \/>\t\t\t\t\t\t\t\t\t\t\t\t\t\t\t<\/div>\n\t\t\t\t<\/div>\n\t\t\t\t\t<\/div>\n\t\t<\/div>\n\t\t\t\t<div class=\"elementor-column elementor-col-50 elementor-top-column elementor-element elementor-element-7c15c57\" data-id=\"7c15c57\" data-element_type=\"column\">\n\t\t\t<div class=\"elementor-widget-wrap elementor-element-populated\">\n\t\t\t\t\t\t<div class=\"elementor-element elementor-element-615f8b6 elementor-widget elementor-widget-heading\" data-id=\"615f8b6\" data-element_type=\"widget\" data-widget_type=\"heading.default\">\n\t\t\t\t<div class=\"elementor-widget-container\">\n\t\t\t\t\t<div class=\"elementor-heading-title elementor-size-xl\">Menacho<\/div>\t\t\t\t<\/div>\n\t\t\t\t<\/div>\n\t\t\t\t<div class=\"elementor-element elementor-element-846d409 elementor-widget elementor-widget-text-editor\" data-id=\"846d409\" data-element_type=\"widget\" data-widget_type=\"text-editor.default\">\n\t\t\t\t<div class=\"elementor-widget-container\">\n\t\t\t\t\t\t\t\t\t<p>Disc\u00edpulo de Don <strong>Baldomero Romero Ressendi<\/strong>, pintor de reconocido prestigio en el siglo veinte y de <strong>Don Manuel Monedero<\/strong> pintor autodidacta de reconocido prestigio internacional.<\/p><p>Formado en el <strong>museo<\/strong> de bellas arte de Sevilla en los a\u00f1os 1967 &#8211; 1971. Pintor <strong>realista figurativo<\/strong>, <strong>retratista<\/strong> conocedor de diversas t\u00e9cnicas y temas. <strong>Dibujante<\/strong>.<\/p><p>Pintor de Sevilla Andaluc\u00eda <strong>Medalla de Oro<\/strong> de las Artes las Ciencias y las Letras de Sevilla. En 2006 <strong>Medalla de Oro<\/strong> de Bellas Artes a la mejor exposici\u00f3n y pinturas expuesta en la ciudad de M\u00e1laga, 1984 <strong>Exposici\u00f3n<\/strong> homenaje, Menacho su Obra, en el Real Alc\u00e1zar, Sevilla 2007 <strong>Obras<\/strong> en el Museo de San Juan de Dios (Palacio de los Pisas) (Granada) Dos <strong>obras<\/strong> ( 3\u00b400 X 2\u00b400 m.) en el <strong>Altar de la Capilla de San Juan de Dios<\/strong>, Bormujos, Sevilla Puerta trasera del Sin pecado (Caj\u00f3n) del Roc\u00edo, de la Hermandad de Umbretes, Sevilla Hospital de san francisco, USA Catedral de (Lisboa) Portugal Curia Generales del Frati Minoni Cappuccini de Roma Expuesto en diversas galer\u00edas de arte internacionales.<\/p>\t\t\t\t\t\t\t\t<\/div>\n\t\t\t\t<\/div>\n\t\t\t\t\t<\/div>\n\t\t<\/div>\n\t\t\t\t\t<\/div>\n\t\t<\/section>\n\t\t\t\t<section class=\"elementor-section elementor-top-section elementor-element elementor-element-630aeaf elementor-section-boxed elementor-section-height-default elementor-section-height-default\" data-id=\"630aeaf\" data-element_type=\"section\">\n\t\t\t\t\t\t<div class=\"elementor-container elementor-column-gap-default\">\n\t\t\t\t\t<div class=\"elementor-column elementor-col-100 elementor-top-column elementor-element elementor-element-82f1cfe\" data-id=\"82f1cfe\" data-element_type=\"column\">\n\t\t\t<div class=\"elementor-widget-wrap elementor-element-populated\">\n\t\t\t\t\t\t<div class=\"elementor-element elementor-element-fd3a163 elementor-widget elementor-widget-text-editor\" data-id=\"fd3a163\" data-element_type=\"widget\" data-widget_type=\"text-editor.default\">\n\t\t\t\t<div class=\"elementor-widget-container\">\n\t\t\t\t\t\t\t\t\t<p>Obras en diversas <strong>colecciones<\/strong> particulares. <strong>Maestro de arte<\/strong> con academia propia Formaci\u00f3n de alumnos. Hoy licenciados, Doctorados y M\u00e1ster en Bellas Artes Maestro de dibujo en la Fundaci\u00f3n O.S.CU.S, Sevilla 1984<\/p><p><strong>Maestro de dibujo art\u00edstico<\/strong> en la unidad de Lesionados Medulares del Hospital de San juan de Dios. Bormujos, Sevilla 2011<\/p><p>Decir que su <strong>obra<\/strong> nace y crece en una gestaci\u00f3n de <strong>amor<\/strong> y b\u00fasqueda continua con la sola intenci\u00f3n de dar de \u00e9l todo lo bello que la <strong>naturaleza<\/strong> pone ante sus ojos para <strong>comunicarse<\/strong> con los dem\u00e1s. Por todo esto, en su <strong>madurez<\/strong> decide, acercarse a los <strong>maestros<\/strong> y escuchar sus mensajes. Siempre desde lo m\u00e1s <strong>profundo<\/strong> de \u00e9l seguir\u00e1 en este camino:\u201d<\/p><p>En sus <strong>obras<\/strong> encontramos parcelas de <strong>realidad<\/strong> que ni en la realidad existen. El <strong>color<\/strong> es su <strong>pintura<\/strong> materia generosa que gana fuerza <strong>expresiva<\/strong>, que se materializa a veces en fuertes empastes que aumentan su vigor por la proximidad del complementario. La <strong>luz<\/strong> es una explosi\u00f3n de materia o apenas un susurro diluido en la inmaterialidad de la <strong>penumbra<\/strong>.<\/p><p>Utiliza con singular <strong>destreza<\/strong> un amplio repertorio de recursos <strong>expresivos<\/strong>, que le permiten adecuar la materia al objetivo global de cada una de sus <strong>obras<\/strong>. Dibujado con <strong>agilidad<\/strong> por medio de empastes o dejando entrever los trazos de unas formas apenas bosquejadas.<\/p><p>Su dilatada <strong>obra creativa<\/strong> nos muestra a un artista de amplios <strong>recursos t\u00e9cnicos<\/strong>, magistral en el dibujo, que se atreve a jugar con el color con la seguridad del mago experimentado, para quien la forma del mundo real es una mera excusa desde el que proyectar, recre\u00e1ndolo, su propio mundo.<\/p><p>En sus <strong>obras<\/strong> podemos encontrar <strong>sensaciones<\/strong>, como ecos proveniente de la gran tradici\u00f3n de la <strong>pintura<\/strong> espa\u00f1ola de siempre.<\/p>\t\t\t\t\t\t\t\t<\/div>\n\t\t\t\t<\/div>\n\t\t\t\t\t<\/div>\n\t\t<\/div>\n\t\t\t\t\t<\/div>\n\t\t<\/section>\n\t\t\t\t<section class=\"elementor-section elementor-top-section elementor-element elementor-element-f5e7406 elementor-section-boxed elementor-section-height-default elementor-section-height-default\" data-id=\"f5e7406\" data-element_type=\"section\">\n\t\t\t\t\t\t<div class=\"elementor-container elementor-column-gap-default\">\n\t\t\t\t\t<div class=\"elementor-column elementor-col-100 elementor-top-column elementor-element elementor-element-40ae73b\" data-id=\"40ae73b\" data-element_type=\"column\">\n\t\t\t<div class=\"elementor-widget-wrap elementor-element-populated\">\n\t\t\t\t\t\t<div class=\"elementor-element elementor-element-35cfc82 elementor-widget elementor-widget-heading\" data-id=\"35cfc82\" data-element_type=\"widget\" data-widget_type=\"heading.default\">\n\t\t\t\t<div class=\"elementor-widget-container\">\n\t\t\t\t\t<div class=\"elementor-heading-title elementor-size-xl\">Obras<\/div>\t\t\t\t<\/div>\n\t\t\t\t<\/div>\n\t\t\t\t<div class=\"elementor-element elementor-element-ca8e1b3 elementor-grid-4 elementor-grid-tablet-3 elementor-grid-mobile-2 elementor-products-grid elementor-wc-products elementor-widget elementor-widget-woocommerce-products\" data-id=\"ca8e1b3\" data-element_type=\"widget\" data-widget_type=\"woocommerce-products.default\">\n\t\t\t\t<div class=\"elementor-widget-container\">\n\t\t\t\t\t<div class=\"woocommerce columns-4 \"><ul class=\"products elementor-grid columns-4\">\n<li class=\"sales-flash-overlay woocommerce-text-align-center woocommerce-image-align-center do-quantity-buttons product type-product post-2092 status-publish first instock product_cat-500e-y-menos product_cat-obra product_cat-oleo product_cat-paisajes-obra has-post-thumbnail sold-individually taxable shipping-taxable purchasable product-type-simple\">\n\t<a href=\"https:\/\/villanueva-fineart.es\/es_es\/producto\/paisaje-menacho\/\" class=\"woocommerce-LoopProduct-link woocommerce-loop-product__link\"><img decoding=\"async\" width=\"300\" height=\"300\" src=\"https:\/\/villanueva-fineart.es\/wp-content\/uploads\/2021\/12\/22-Menacho-300x300.jpg\" class=\"attachment-woocommerce_thumbnail size-woocommerce_thumbnail\" alt=\"Paisaje, Menacho, VENDIDO\/SOLD OUT\" srcset=\"https:\/\/villanueva-fineart.es\/wp-content\/uploads\/2021\/12\/22-Menacho-300x300.jpg 300w, https:\/\/villanueva-fineart.es\/wp-content\/uploads\/2021\/12\/22-Menacho-150x150.jpg 150w, https:\/\/villanueva-fineart.es\/wp-content\/uploads\/2021\/12\/22-Menacho-100x100.jpg 100w\" sizes=\"(max-width: 300px) 100vw, 300px\" \/><h2 class=\"woocommerce-loop-product__title\">Paisaje, Menacho, VENDIDO\/SOLD OUT<\/h2>\n\t<span class=\"price\"><span class=\"woocommerce-Price-amount amount\"><bdi>0,00&nbsp;<span class=\"woocommerce-Price-currencySymbol\">&euro;<\/span><\/bdi><\/span><\/span>\n<\/a><a href=\"?add-to-cart=2092\" aria-describedby=\"woocommerce_loop_add_to_cart_link_describedby_2092\" data-quantity=\"1\" class=\"button product_type_simple add_to_cart_button ajax_add_to_cart\" data-product_id=\"2092\" data-product_sku=\"\" aria-label=\"A\u00f1adir al carrito: &ldquo;Paisaje, Menacho, VENDIDO\/SOLD OUT&rdquo;\" rel=\"nofollow\" data-success_message=\"\u00abPaisaje, Menacho, VENDIDO\/SOLD OUT\u00bb se ha a\u00f1adido a tu carrito\">A\u00f1adir al carrito<\/a>\t<span id=\"woocommerce_loop_add_to_cart_link_describedby_2092\" class=\"screen-reader-text\">\n\t\t\t<\/span>\n<\/li>\n<li class=\"sales-flash-overlay woocommerce-text-align-center woocommerce-image-align-center do-quantity-buttons product type-product post-678 status-publish instock product_cat-figurativos product_cat-obra product_cat-oleo has-post-thumbnail sale sold-individually taxable shipping-taxable purchasable product-type-simple\">\n\t<a href=\"https:\/\/villanueva-fineart.es\/es_es\/producto\/vendiendo-los-cobres-menacho\/\" class=\"woocommerce-LoopProduct-link woocommerce-loop-product__link\">\n\t<span class=\"onsale\">\u00a1Oferta!<\/span>\n\t<img decoding=\"async\" width=\"300\" height=\"300\" src=\"https:\/\/villanueva-fineart.es\/wp-content\/uploads\/2021\/11\/MENACHO-300x300.jpg\" class=\"attachment-woocommerce_thumbnail size-woocommerce_thumbnail\" alt=\"Vendiendo los cobres, Menacho\" srcset=\"https:\/\/villanueva-fineart.es\/wp-content\/uploads\/2021\/11\/MENACHO-300x300.jpg 300w, https:\/\/villanueva-fineart.es\/wp-content\/uploads\/2021\/11\/MENACHO-150x150.jpg 150w, https:\/\/villanueva-fineart.es\/wp-content\/uploads\/2021\/11\/MENACHO-100x100.jpg 100w\" sizes=\"(max-width: 300px) 100vw, 300px\" \/><h2 class=\"woocommerce-loop-product__title\">Vendiendo los cobres, Menacho<\/h2>\n\t<span class=\"price\"><del aria-hidden=\"true\"><span class=\"woocommerce-Price-amount amount\"><bdi>6.000,00&nbsp;<span class=\"woocommerce-Price-currencySymbol\">&euro;<\/span><\/bdi><\/span><\/del> <span class=\"screen-reader-text\">El precio original era: 6.000,00&nbsp;&euro;.<\/span><ins aria-hidden=\"true\"><span class=\"woocommerce-Price-amount amount\"><bdi>2.500,00&nbsp;<span class=\"woocommerce-Price-currencySymbol\">&euro;<\/span><\/bdi><\/span><\/ins><span class=\"screen-reader-text\">El precio actual es: 2.500,00&nbsp;&euro;.<\/span><\/span>\n<\/a><a href=\"?add-to-cart=678\" aria-describedby=\"woocommerce_loop_add_to_cart_link_describedby_678\" data-quantity=\"1\" class=\"button product_type_simple add_to_cart_button ajax_add_to_cart\" data-product_id=\"678\" data-product_sku=\"\" aria-label=\"A\u00f1adir al carrito: &ldquo;Vendiendo los cobres, Menacho&rdquo;\" rel=\"nofollow\" data-success_message=\"\u00abVendiendo los cobres, Menacho\u00bb se ha a\u00f1adido a tu carrito\">A\u00f1adir al carrito<\/a>\t<span id=\"woocommerce_loop_add_to_cart_link_describedby_678\" class=\"screen-reader-text\">\n\t\t\t<\/span>\n<\/li>\n<\/ul>\n<\/div>\t\t\t\t<\/div>\n\t\t\t\t<\/div>\n\t\t\t\t\t<\/div>\n\t\t<\/div>\n\t\t\t\t\t<\/div>\n\t\t<\/section>\n\t\t\t\t<\/div>\n\t\t","protected":false},"excerpt":{"rendered":"<p>Menacho Disc\u00edpulo de Don Baldomero Romero Ressendi, pintor de reconocido prestigio en el siglo veinte y de Don Manuel Monedero pintor autodidacta de reconocido prestigio internacional. Formado en el museo de bellas arte de Sevilla en los a\u00f1os 1967 &#8211; 1971. Pintor realista figurativo, retratista conocedor de diversas t\u00e9cnicas y temas. Dibujante. Pintor de Sevilla &#8230; <a title=\"Menacho\" class=\"read-more\" href=\"https:\/\/villanueva-fineart.es\/es_es\/menacho\/\" aria-label=\"Leer m\u00e1s sobre Menacho\">Leer m\u00e1s<\/a><\/p>\n","protected":false},"author":1,"featured_media":0,"parent":0,"menu_order":0,"comment_status":"closed","ping_status":"closed","template":"","meta":{"footnotes":""},"class_list":["post-1104","page","type-page","status-publish"],"yoast_head":"<!-- This site is optimized with the Yoast SEO plugin v25.9 - https:\/\/yoast.com\/wordpress\/plugins\/seo\/ -->\n<title>Menacho - Villanueva Fineart<\/title>\n<meta name=\"description\" content=\"Pintor realista figurativo y retratista con multitud de recursos expresivos y t\u00e9cnicos. En cuyas obras se transmiten sensaciones.\" \/>\n<meta name=\"robots\" content=\"index, follow, max-snippet:-1, max-image-preview:large, max-video-preview:-1\" \/>\n<link rel=\"canonical\" href=\"https:\/\/villanueva-fineart.es\/es_es\/menacho\/\" \/>\n<meta property=\"og:locale\" content=\"es_ES\" \/>\n<meta property=\"og:type\" content=\"article\" \/>\n<meta property=\"og:title\" content=\"Menacho - Villanueva Fineart\" \/>\n<meta property=\"og:description\" content=\"Pintor realista figurativo y retratista con multitud de recursos expresivos y t\u00e9cnicos. En cuyas obras se transmiten sensaciones.\" \/>\n<meta property=\"og:url\" content=\"https:\/\/villanueva-fineart.es\/es_es\/menacho\/\" \/>\n<meta property=\"og:site_name\" content=\"Villanueva Fineart\" \/>\n<meta property=\"article:modified_time\" content=\"2021-12-17T21:20:57+00:00\" \/>\n<meta property=\"og:image\" content=\"https:\/\/villanueva-fineart.es\/wp-content\/uploads\/2021\/11\/MENACHO-768x627.jpg\" \/>\n<meta name=\"twitter:card\" content=\"summary_large_image\" \/>\n<meta name=\"twitter:label1\" content=\"Tiempo de lectura\" \/>\n\t<meta name=\"twitter:data1\" content=\"3 minutos\" \/>\n<script type=\"application\/ld+json\" class=\"yoast-schema-graph\">{\"@context\":\"https:\/\/schema.org\",\"@graph\":[{\"@type\":\"WebPage\",\"@id\":\"https:\/\/villanueva-fineart.es\/es_es\/menacho\/\",\"url\":\"https:\/\/villanueva-fineart.es\/es_es\/menacho\/\",\"name\":\"Menacho - Villanueva Fineart\",\"isPartOf\":{\"@id\":\"http:\/\/villanueva-fineart.es\/#website\"},\"primaryImageOfPage\":{\"@id\":\"https:\/\/villanueva-fineart.es\/es_es\/menacho\/#primaryimage\"},\"image\":{\"@id\":\"https:\/\/villanueva-fineart.es\/es_es\/menacho\/#primaryimage\"},\"thumbnailUrl\":\"https:\/\/villanueva-fineart.es\/wp-content\/uploads\/2021\/11\/MENACHO-768x627.jpg\",\"datePublished\":\"2021-11-29T10:34:20+00:00\",\"dateModified\":\"2021-12-17T21:20:57+00:00\",\"description\":\"Pintor realista figurativo y retratista con multitud de recursos expresivos y t\u00e9cnicos. En cuyas obras se transmiten sensaciones.\",\"breadcrumb\":{\"@id\":\"https:\/\/villanueva-fineart.es\/es_es\/menacho\/#breadcrumb\"},\"inLanguage\":\"es\",\"potentialAction\":[{\"@type\":\"ReadAction\",\"target\":[\"https:\/\/villanueva-fineart.es\/es_es\/menacho\/\"]}]},{\"@type\":\"ImageObject\",\"inLanguage\":\"es\",\"@id\":\"https:\/\/villanueva-fineart.es\/es_es\/menacho\/#primaryimage\",\"url\":\"https:\/\/villanueva-fineart.es\/wp-content\/uploads\/2021\/11\/MENACHO-768x627.jpg\",\"contentUrl\":\"https:\/\/villanueva-fineart.es\/wp-content\/uploads\/2021\/11\/MENACHO-768x627.jpg\"},{\"@type\":\"BreadcrumbList\",\"@id\":\"https:\/\/villanueva-fineart.es\/es_es\/menacho\/#breadcrumb\",\"itemListElement\":[{\"@type\":\"ListItem\",\"position\":1,\"name\":\"Inicio\",\"item\":\"https:\/\/villanueva-fineart.es\/\"},{\"@type\":\"ListItem\",\"position\":2,\"name\":\"Menacho\"}]},{\"@type\":\"WebSite\",\"@id\":\"http:\/\/villanueva-fineart.es\/#website\",\"url\":\"http:\/\/villanueva-fineart.es\/\",\"name\":\"Villanueva Fineart\",\"description\":\"Liquidaci\u00f3n de Obras de arte\",\"publisher\":{\"@id\":\"http:\/\/villanueva-fineart.es\/#organization\"},\"potentialAction\":[{\"@type\":\"SearchAction\",\"target\":{\"@type\":\"EntryPoint\",\"urlTemplate\":\"http:\/\/villanueva-fineart.es\/?s={search_term_string}\"},\"query-input\":{\"@type\":\"PropertyValueSpecification\",\"valueRequired\":true,\"valueName\":\"search_term_string\"}}],\"inLanguage\":\"es\"},{\"@type\":\"Organization\",\"@id\":\"http:\/\/villanueva-fineart.es\/#organization\",\"name\":\"Villanueva Fineart\",\"url\":\"http:\/\/villanueva-fineart.es\/\",\"logo\":{\"@type\":\"ImageObject\",\"inLanguage\":\"es\",\"@id\":\"http:\/\/villanueva-fineart.es\/#\/schema\/logo\/image\/\",\"url\":\"https:\/\/villanueva-fineart.es\/wp-content\/uploads\/2021\/11\/Logo-fineart.jpg\",\"contentUrl\":\"https:\/\/villanueva-fineart.es\/wp-content\/uploads\/2021\/11\/Logo-fineart.jpg\",\"width\":200,\"height\":85,\"caption\":\"Villanueva Fineart\"},\"image\":{\"@id\":\"http:\/\/villanueva-fineart.es\/#\/schema\/logo\/image\/\"}}]}<\/script>\n<!-- \/ Yoast SEO plugin. -->","yoast_head_json":{"title":"Menacho - Villanueva Fineart","description":"Pintor realista figurativo y retratista con multitud de recursos expresivos y t\u00e9cnicos. En cuyas obras se transmiten sensaciones.","robots":{"index":"index","follow":"follow","max-snippet":"max-snippet:-1","max-image-preview":"max-image-preview:large","max-video-preview":"max-video-preview:-1"},"canonical":"https:\/\/villanueva-fineart.es\/es_es\/menacho\/","og_locale":"es_ES","og_type":"article","og_title":"Menacho - Villanueva Fineart","og_description":"Pintor realista figurativo y retratista con multitud de recursos expresivos y t\u00e9cnicos. En cuyas obras se transmiten sensaciones.","og_url":"https:\/\/villanueva-fineart.es\/es_es\/menacho\/","og_site_name":"Villanueva Fineart","article_modified_time":"2021-12-17T21:20:57+00:00","og_image":[{"url":"https:\/\/villanueva-fineart.es\/wp-content\/uploads\/2021\/11\/MENACHO-768x627.jpg","type":"","width":"","height":""}],"twitter_card":"summary_large_image","twitter_misc":{"Tiempo de lectura":"3 minutos"},"schema":{"@context":"https:\/\/schema.org","@graph":[{"@type":"WebPage","@id":"https:\/\/villanueva-fineart.es\/es_es\/menacho\/","url":"https:\/\/villanueva-fineart.es\/es_es\/menacho\/","name":"Menacho - Villanueva Fineart","isPartOf":{"@id":"http:\/\/villanueva-fineart.es\/#website"},"primaryImageOfPage":{"@id":"https:\/\/villanueva-fineart.es\/es_es\/menacho\/#primaryimage"},"image":{"@id":"https:\/\/villanueva-fineart.es\/es_es\/menacho\/#primaryimage"},"thumbnailUrl":"https:\/\/villanueva-fineart.es\/wp-content\/uploads\/2021\/11\/MENACHO-768x627.jpg","datePublished":"2021-11-29T10:34:20+00:00","dateModified":"2021-12-17T21:20:57+00:00","description":"Pintor realista figurativo y retratista con multitud de recursos expresivos y t\u00e9cnicos. En cuyas obras se transmiten sensaciones.","breadcrumb":{"@id":"https:\/\/villanueva-fineart.es\/es_es\/menacho\/#breadcrumb"},"inLanguage":"es","potentialAction":[{"@type":"ReadAction","target":["https:\/\/villanueva-fineart.es\/es_es\/menacho\/"]}]},{"@type":"ImageObject","inLanguage":"es","@id":"https:\/\/villanueva-fineart.es\/es_es\/menacho\/#primaryimage","url":"https:\/\/villanueva-fineart.es\/wp-content\/uploads\/2021\/11\/MENACHO-768x627.jpg","contentUrl":"https:\/\/villanueva-fineart.es\/wp-content\/uploads\/2021\/11\/MENACHO-768x627.jpg"},{"@type":"BreadcrumbList","@id":"https:\/\/villanueva-fineart.es\/es_es\/menacho\/#breadcrumb","itemListElement":[{"@type":"ListItem","position":1,"name":"Inicio","item":"https:\/\/villanueva-fineart.es\/"},{"@type":"ListItem","position":2,"name":"Menacho"}]},{"@type":"WebSite","@id":"http:\/\/villanueva-fineart.es\/#website","url":"http:\/\/villanueva-fineart.es\/","name":"Villanueva Fineart","description":"Liquidaci\u00f3n de Obras de arte","publisher":{"@id":"http:\/\/villanueva-fineart.es\/#organization"},"potentialAction":[{"@type":"SearchAction","target":{"@type":"EntryPoint","urlTemplate":"http:\/\/villanueva-fineart.es\/?s={search_term_string}"},"query-input":{"@type":"PropertyValueSpecification","valueRequired":true,"valueName":"search_term_string"}}],"inLanguage":"es"},{"@type":"Organization","@id":"http:\/\/villanueva-fineart.es\/#organization","name":"Villanueva Fineart","url":"http:\/\/villanueva-fineart.es\/","logo":{"@type":"ImageObject","inLanguage":"es","@id":"http:\/\/villanueva-fineart.es\/#\/schema\/logo\/image\/","url":"https:\/\/villanueva-fineart.es\/wp-content\/uploads\/2021\/11\/Logo-fineart.jpg","contentUrl":"https:\/\/villanueva-fineart.es\/wp-content\/uploads\/2021\/11\/Logo-fineart.jpg","width":200,"height":85,"caption":"Villanueva Fineart"},"image":{"@id":"http:\/\/villanueva-fineart.es\/#\/schema\/logo\/image\/"}}]}},"_links":{"self":[{"href":"https:\/\/villanueva-fineart.es\/es_es\/wp-json\/wp\/v2\/pages\/1104","targetHints":{"allow":["GET"]}}],"collection":[{"href":"https:\/\/villanueva-fineart.es\/es_es\/wp-json\/wp\/v2\/pages"}],"about":[{"href":"https:\/\/villanueva-fineart.es\/es_es\/wp-json\/wp\/v2\/types\/page"}],"author":[{"embeddable":true,"href":"https:\/\/villanueva-fineart.es\/es_es\/wp-json\/wp\/v2\/users\/1"}],"replies":[{"embeddable":true,"href":"https:\/\/villanueva-fineart.es\/es_es\/wp-json\/wp\/v2\/comments?post=1104"}],"version-history":[{"count":34,"href":"https:\/\/villanueva-fineart.es\/es_es\/wp-json\/wp\/v2\/pages\/1104\/revisions"}],"predecessor-version":[{"id":2394,"href":"https:\/\/villanueva-fineart.es\/es_es\/wp-json\/wp\/v2\/pages\/1104\/revisions\/2394"}],"wp:attachment":[{"href":"https:\/\/villanueva-fineart.es\/es_es\/wp-json\/wp\/v2\/media?parent=1104"}],"curies":[{"name":"wp","href":"https:\/\/api.w.org\/{rel}","templated":true}]}}