{"id":4921,"date":"2022-06-03T16:10:44","date_gmt":"2022-06-03T16:10:44","guid":{"rendered":"https:\/\/villanueva-fineart.es\/?post_type=product&#038;p=4921"},"modified":"2025-12-20T16:29:27","modified_gmt":"2025-12-20T16:29:27","slug":"figuras-pedro-sobrado","status":"publish","type":"product","link":"https:\/\/villanueva-fineart.es\/en\/product\/figuras-pedro-sobrado\/","title":{"rendered":"Figuras, Pedro Sobrado"},"content":{"rendered":"","protected":false},"excerpt":{"rendered":"<p>Figuras, Pedro Sobrado, T\u00e9cnica mixta, firmado<\/p>","protected":false},"featured_media":4922,"template":"","meta":[],"product_brand":[],"product_cat":[46,24,47],"product_tag":[],"class_list":{"0":"post-4921","1":"product","2":"type-product","3":"status-publish","4":"has-post-thumbnail","6":"product_cat-500e-y-menos","7":"product_cat-obra","8":"product_cat-tecnica-mixta","9":"sales-flash-overlay","10":"woocommerce-text-align-center","11":"woocommerce-image-align-center","12":"do-quantity-buttons","14":"first","15":"instock","16":"sale","17":"sold-individually","18":"taxable","19":"shipping-taxable","20":"purchasable","21":"product-type-simple"},"yoast_head":"<!-- This site is optimized with the Yoast SEO plugin v25.9 - https:\/\/yoast.com\/wordpress\/plugins\/seo\/ -->\n<title>Figuras, Pedro Sobrado - Villanueva Fineart<\/title>\n<meta name=\"description\" content=\"Pedro Sobrado es un artista espa\u00f1ol que naci\u00f3 en Torrelavega, Cantabria, en el a\u00f1o 1936. De formaci\u00f3n autodidacta, hizo su primera exposici\u00f3n en Santander en 1959, en la Galer\u00eda Sur. Dos a\u00f1os m\u00e1s tarde se traslad\u00f3 a Par\u00eds, donde se qued\u00f3 a vivir hasta 1976, a\u00f1o en que regres\u00f3 a Espa\u00f1a. En Paris frecuent\u00f3 la Escuela del Louvre, y m\u00e1s tarde se interiorizando con las corrientes art\u00edsticas del momento, que le condujeron hacia la abstracci\u00f3n. En este estilo se mantuvo hasta 1968, a\u00f1o en que volvi\u00f3 a la figuraci\u00f3n para quedarse definitivamente. En su obra le dio gran importancia al dibujo: \u201cDibujo de l\u00ednea sobria, que crece en armon\u00eda hasta trazar un esquema a modo de campo de cultivo donde cada materia, cada tono, tiene su situaci\u00f3n\u201d, expres\u00f3. En Par\u00eds expuso en el Sal\u00f3n des Surindependants y otras galer\u00edas; y en los setenta, ya en Espa\u00f1a, en Valencia. Luego, exhibi\u00f3 en Madrid y en la Fundaci\u00f3n Santillana, de Cantabria; tambi\u00e9n en Santander. En 1998 present\u00f3 su obra en Chicago. Pedro Sobrado es un artista m\u00e1s premiado en Francia que en Espa\u00f1a, donde obtuvo las medallas Arts, Sciences, Lettres; M\u00e9rite el D\u00e9vovement Fran\u00e7ais; y M\u00e9rite Culturel et Art\u00edstiques, etc.Su producci\u00f3n art\u00edstica forma parte de estos museos y colecciones.\" \/>\n<meta name=\"robots\" content=\"index, follow, max-snippet:-1, max-image-preview:large, max-video-preview:-1\" \/>\n<link rel=\"canonical\" href=\"https:\/\/villanueva-fineart.es\/en\/product\/figuras-pedro-sobrado\/\" \/>\n<meta property=\"og:locale\" content=\"en_GB\" \/>\n<meta property=\"og:type\" content=\"article\" \/>\n<meta property=\"og:title\" content=\"Figuras, Pedro Sobrado - Villanueva Fineart\" \/>\n<meta property=\"og:description\" content=\"Pedro Sobrado es un artista espa\u00f1ol que naci\u00f3 en Torrelavega, Cantabria, en el a\u00f1o 1936. De formaci\u00f3n autodidacta, hizo su primera exposici\u00f3n en Santander en 1959, en la Galer\u00eda Sur. Dos a\u00f1os m\u00e1s tarde se traslad\u00f3 a Par\u00eds, donde se qued\u00f3 a vivir hasta 1976, a\u00f1o en que regres\u00f3 a Espa\u00f1a. En Paris frecuent\u00f3 la Escuela del Louvre, y m\u00e1s tarde se interiorizando con las corrientes art\u00edsticas del momento, que le condujeron hacia la abstracci\u00f3n. En este estilo se mantuvo hasta 1968, a\u00f1o en que volvi\u00f3 a la figuraci\u00f3n para quedarse definitivamente. En su obra le dio gran importancia al dibujo: \u201cDibujo de l\u00ednea sobria, que crece en armon\u00eda hasta trazar un esquema a modo de campo de cultivo donde cada materia, cada tono, tiene su situaci\u00f3n\u201d, expres\u00f3. En Par\u00eds expuso en el Sal\u00f3n des Surindependants y otras galer\u00edas; y en los setenta, ya en Espa\u00f1a, en Valencia. Luego, exhibi\u00f3 en Madrid y en la Fundaci\u00f3n Santillana, de Cantabria; tambi\u00e9n en Santander. En 1998 present\u00f3 su obra en Chicago. Pedro Sobrado es un artista m\u00e1s premiado en Francia que en Espa\u00f1a, donde obtuvo las medallas Arts, Sciences, Lettres; M\u00e9rite el D\u00e9vovement Fran\u00e7ais; y M\u00e9rite Culturel et Art\u00edstiques, etc.Su producci\u00f3n art\u00edstica forma parte de estos museos y colecciones.\" \/>\n<meta property=\"og:url\" content=\"https:\/\/villanueva-fineart.es\/en\/product\/figuras-pedro-sobrado\/\" \/>\n<meta property=\"og:site_name\" content=\"Villanueva Fineart\" \/>\n<meta property=\"article:modified_time\" content=\"2025-12-20T16:29:27+00:00\" \/>\n<meta property=\"og:image\" content=\"https:\/\/villanueva-fineart.es\/wp-content\/uploads\/2022\/06\/94-Pedro-Sobrado.jpg\" \/>\n\t<meta property=\"og:image:width\" content=\"727\" \/>\n\t<meta property=\"og:image:height\" content=\"545\" \/>\n\t<meta property=\"og:image:type\" content=\"image\/jpeg\" \/>\n<meta name=\"twitter:card\" content=\"summary_large_image\" \/>\n<meta name=\"twitter:label1\" content=\"Estimated reading time\" \/>\n\t<meta name=\"twitter:data1\" content=\"1 minute\" \/>\n<script type=\"application\/ld+json\" class=\"yoast-schema-graph\">{\"@context\":\"https:\/\/schema.org\",\"@graph\":[{\"@type\":\"WebPage\",\"@id\":\"https:\/\/villanueva-fineart.es\/producto\/figuras-pedro-sobrado\/\",\"url\":\"https:\/\/villanueva-fineart.es\/producto\/figuras-pedro-sobrado\/\",\"name\":\"Figuras, Pedro Sobrado - Villanueva Fineart\",\"isPartOf\":{\"@id\":\"http:\/\/villanueva-fineart.es\/#website\"},\"primaryImageOfPage\":{\"@id\":\"https:\/\/villanueva-fineart.es\/producto\/figuras-pedro-sobrado\/#primaryimage\"},\"image\":{\"@id\":\"https:\/\/villanueva-fineart.es\/producto\/figuras-pedro-sobrado\/#primaryimage\"},\"thumbnailUrl\":\"https:\/\/villanueva-fineart.es\/wp-content\/uploads\/2022\/06\/94-Pedro-Sobrado.jpg\",\"datePublished\":\"2022-06-03T16:10:44+00:00\",\"dateModified\":\"2025-12-20T16:29:27+00:00\",\"description\":\"Pedro Sobrado es un artista espa\u00f1ol que naci\u00f3 en Torrelavega, Cantabria, en el a\u00f1o 1936. De formaci\u00f3n autodidacta, hizo su primera exposici\u00f3n en Santander en 1959, en la Galer\u00eda Sur. Dos a\u00f1os m\u00e1s tarde se traslad\u00f3 a Par\u00eds, donde se qued\u00f3 a vivir hasta 1976, a\u00f1o en que regres\u00f3 a Espa\u00f1a. En Paris frecuent\u00f3 la Escuela del Louvre, y m\u00e1s tarde se interiorizando con las corrientes art\u00edsticas del momento, que le condujeron hacia la abstracci\u00f3n. En este estilo se mantuvo hasta 1968, a\u00f1o en que volvi\u00f3 a la figuraci\u00f3n para quedarse definitivamente. En su obra le dio gran importancia al dibujo: \u201cDibujo de l\u00ednea sobria, que crece en armon\u00eda hasta trazar un esquema a modo de campo de cultivo donde cada materia, cada tono, tiene su situaci\u00f3n\u201d, expres\u00f3. En Par\u00eds expuso en el Sal\u00f3n des Surindependants y otras galer\u00edas; y en los setenta, ya en Espa\u00f1a, en Valencia. Luego, exhibi\u00f3 en Madrid y en la Fundaci\u00f3n Santillana, de Cantabria; tambi\u00e9n en Santander. En 1998 present\u00f3 su obra en Chicago. Pedro Sobrado es un artista m\u00e1s premiado en Francia que en Espa\u00f1a, donde obtuvo las medallas Arts, Sciences, Lettres; M\u00e9rite el D\u00e9vovement Fran\u00e7ais; y M\u00e9rite Culturel et Art\u00edstiques, etc.Su producci\u00f3n art\u00edstica forma parte de estos museos y colecciones.\",\"breadcrumb\":{\"@id\":\"https:\/\/villanueva-fineart.es\/producto\/figuras-pedro-sobrado\/#breadcrumb\"},\"inLanguage\":\"en-GB\",\"potentialAction\":[{\"@type\":\"ReadAction\",\"target\":[\"https:\/\/villanueva-fineart.es\/producto\/figuras-pedro-sobrado\/\"]}]},{\"@type\":\"ImageObject\",\"inLanguage\":\"en-GB\",\"@id\":\"https:\/\/villanueva-fineart.es\/producto\/figuras-pedro-sobrado\/#primaryimage\",\"url\":\"https:\/\/villanueva-fineart.es\/wp-content\/uploads\/2022\/06\/94-Pedro-Sobrado.jpg\",\"contentUrl\":\"https:\/\/villanueva-fineart.es\/wp-content\/uploads\/2022\/06\/94-Pedro-Sobrado.jpg\",\"width\":727,\"height\":545},{\"@type\":\"BreadcrumbList\",\"@id\":\"https:\/\/villanueva-fineart.es\/producto\/figuras-pedro-sobrado\/#breadcrumb\",\"itemListElement\":[{\"@type\":\"ListItem\",\"position\":1,\"name\":\"Inicio\",\"item\":\"https:\/\/villanueva-fineart.es\/\"},{\"@type\":\"ListItem\",\"position\":2,\"name\":\"Tienda\",\"item\":\"https:\/\/villanueva-fineart.es\/es_es\/tienda\/\"},{\"@type\":\"ListItem\",\"position\":3,\"name\":\"Figuras, Pedro Sobrado\"}]},{\"@type\":\"WebSite\",\"@id\":\"http:\/\/villanueva-fineart.es\/#website\",\"url\":\"http:\/\/villanueva-fineart.es\/\",\"name\":\"Villanueva Fineart\",\"description\":\"Liquidaci\u00f3n de Obras de arte\",\"publisher\":{\"@id\":\"http:\/\/villanueva-fineart.es\/#organization\"},\"potentialAction\":[{\"@type\":\"SearchAction\",\"target\":{\"@type\":\"EntryPoint\",\"urlTemplate\":\"http:\/\/villanueva-fineart.es\/?s={search_term_string}\"},\"query-input\":{\"@type\":\"PropertyValueSpecification\",\"valueRequired\":true,\"valueName\":\"search_term_string\"}}],\"inLanguage\":\"en-GB\"},{\"@type\":\"Organization\",\"@id\":\"http:\/\/villanueva-fineart.es\/#organization\",\"name\":\"Villanueva Fineart\",\"url\":\"http:\/\/villanueva-fineart.es\/\",\"logo\":{\"@type\":\"ImageObject\",\"inLanguage\":\"en-GB\",\"@id\":\"http:\/\/villanueva-fineart.es\/#\/schema\/logo\/image\/\",\"url\":\"https:\/\/villanueva-fineart.es\/wp-content\/uploads\/2021\/11\/Logo-fineart.jpg\",\"contentUrl\":\"https:\/\/villanueva-fineart.es\/wp-content\/uploads\/2021\/11\/Logo-fineart.jpg\",\"width\":200,\"height\":85,\"caption\":\"Villanueva Fineart\"},\"image\":{\"@id\":\"http:\/\/villanueva-fineart.es\/#\/schema\/logo\/image\/\"}}]}<\/script>\n<!-- \/ Yoast SEO plugin. -->","yoast_head_json":{"title":"Figuras, Pedro Sobrado - Villanueva Fineart","description":"Pedro Sobrado es un artista espa\u00f1ol que naci\u00f3 en Torrelavega, Cantabria, en el a\u00f1o 1936. De formaci\u00f3n autodidacta, hizo su primera exposici\u00f3n en Santander en 1959, en la Galer\u00eda Sur. Dos a\u00f1os m\u00e1s tarde se traslad\u00f3 a Par\u00eds, donde se qued\u00f3 a vivir hasta 1976, a\u00f1o en que regres\u00f3 a Espa\u00f1a. En Paris frecuent\u00f3 la Escuela del Louvre, y m\u00e1s tarde se interiorizando con las corrientes art\u00edsticas del momento, que le condujeron hacia la abstracci\u00f3n. En este estilo se mantuvo hasta 1968, a\u00f1o en que volvi\u00f3 a la figuraci\u00f3n para quedarse definitivamente. En su obra le dio gran importancia al dibujo: \u201cDibujo de l\u00ednea sobria, que crece en armon\u00eda hasta trazar un esquema a modo de campo de cultivo donde cada materia, cada tono, tiene su situaci\u00f3n\u201d, expres\u00f3. En Par\u00eds expuso en el Sal\u00f3n des Surindependants y otras galer\u00edas; y en los setenta, ya en Espa\u00f1a, en Valencia. Luego, exhibi\u00f3 en Madrid y en la Fundaci\u00f3n Santillana, de Cantabria; tambi\u00e9n en Santander. En 1998 present\u00f3 su obra en Chicago. Pedro Sobrado es un artista m\u00e1s premiado en Francia que en Espa\u00f1a, donde obtuvo las medallas Arts, Sciences, Lettres; M\u00e9rite el D\u00e9vovement Fran\u00e7ais; y M\u00e9rite Culturel et Art\u00edstiques, etc.Su producci\u00f3n art\u00edstica forma parte de estos museos y colecciones.","robots":{"index":"index","follow":"follow","max-snippet":"max-snippet:-1","max-image-preview":"max-image-preview:large","max-video-preview":"max-video-preview:-1"},"canonical":"https:\/\/villanueva-fineart.es\/en\/product\/figuras-pedro-sobrado\/","og_locale":"en_GB","og_type":"article","og_title":"Figuras, Pedro Sobrado - Villanueva Fineart","og_description":"Pedro Sobrado es un artista espa\u00f1ol que naci\u00f3 en Torrelavega, Cantabria, en el a\u00f1o 1936. De formaci\u00f3n autodidacta, hizo su primera exposici\u00f3n en Santander en 1959, en la Galer\u00eda Sur. Dos a\u00f1os m\u00e1s tarde se traslad\u00f3 a Par\u00eds, donde se qued\u00f3 a vivir hasta 1976, a\u00f1o en que regres\u00f3 a Espa\u00f1a. En Paris frecuent\u00f3 la Escuela del Louvre, y m\u00e1s tarde se interiorizando con las corrientes art\u00edsticas del momento, que le condujeron hacia la abstracci\u00f3n. En este estilo se mantuvo hasta 1968, a\u00f1o en que volvi\u00f3 a la figuraci\u00f3n para quedarse definitivamente. En su obra le dio gran importancia al dibujo: \u201cDibujo de l\u00ednea sobria, que crece en armon\u00eda hasta trazar un esquema a modo de campo de cultivo donde cada materia, cada tono, tiene su situaci\u00f3n\u201d, expres\u00f3. En Par\u00eds expuso en el Sal\u00f3n des Surindependants y otras galer\u00edas; y en los setenta, ya en Espa\u00f1a, en Valencia. Luego, exhibi\u00f3 en Madrid y en la Fundaci\u00f3n Santillana, de Cantabria; tambi\u00e9n en Santander. En 1998 present\u00f3 su obra en Chicago. Pedro Sobrado es un artista m\u00e1s premiado en Francia que en Espa\u00f1a, donde obtuvo las medallas Arts, Sciences, Lettres; M\u00e9rite el D\u00e9vovement Fran\u00e7ais; y M\u00e9rite Culturel et Art\u00edstiques, etc.Su producci\u00f3n art\u00edstica forma parte de estos museos y colecciones.","og_url":"https:\/\/villanueva-fineart.es\/en\/product\/figuras-pedro-sobrado\/","og_site_name":"Villanueva Fineart","article_modified_time":"2025-12-20T16:29:27+00:00","og_image":[{"width":727,"height":545,"url":"https:\/\/villanueva-fineart.es\/wp-content\/uploads\/2022\/06\/94-Pedro-Sobrado.jpg","type":"image\/jpeg"}],"twitter_card":"summary_large_image","twitter_misc":{"Estimated reading time":"1 minute"},"schema":{"@context":"https:\/\/schema.org","@graph":[{"@type":"WebPage","@id":"https:\/\/villanueva-fineart.es\/producto\/figuras-pedro-sobrado\/","url":"https:\/\/villanueva-fineart.es\/producto\/figuras-pedro-sobrado\/","name":"Figuras, Pedro Sobrado - Villanueva Fineart","isPartOf":{"@id":"http:\/\/villanueva-fineart.es\/#website"},"primaryImageOfPage":{"@id":"https:\/\/villanueva-fineart.es\/producto\/figuras-pedro-sobrado\/#primaryimage"},"image":{"@id":"https:\/\/villanueva-fineart.es\/producto\/figuras-pedro-sobrado\/#primaryimage"},"thumbnailUrl":"https:\/\/villanueva-fineart.es\/wp-content\/uploads\/2022\/06\/94-Pedro-Sobrado.jpg","datePublished":"2022-06-03T16:10:44+00:00","dateModified":"2025-12-20T16:29:27+00:00","description":"Pedro Sobrado es un artista espa\u00f1ol que naci\u00f3 en Torrelavega, Cantabria, en el a\u00f1o 1936. De formaci\u00f3n autodidacta, hizo su primera exposici\u00f3n en Santander en 1959, en la Galer\u00eda Sur. Dos a\u00f1os m\u00e1s tarde se traslad\u00f3 a Par\u00eds, donde se qued\u00f3 a vivir hasta 1976, a\u00f1o en que regres\u00f3 a Espa\u00f1a. En Paris frecuent\u00f3 la Escuela del Louvre, y m\u00e1s tarde se interiorizando con las corrientes art\u00edsticas del momento, que le condujeron hacia la abstracci\u00f3n. En este estilo se mantuvo hasta 1968, a\u00f1o en que volvi\u00f3 a la figuraci\u00f3n para quedarse definitivamente. En su obra le dio gran importancia al dibujo: \u201cDibujo de l\u00ednea sobria, que crece en armon\u00eda hasta trazar un esquema a modo de campo de cultivo donde cada materia, cada tono, tiene su situaci\u00f3n\u201d, expres\u00f3. En Par\u00eds expuso en el Sal\u00f3n des Surindependants y otras galer\u00edas; y en los setenta, ya en Espa\u00f1a, en Valencia. Luego, exhibi\u00f3 en Madrid y en la Fundaci\u00f3n Santillana, de Cantabria; tambi\u00e9n en Santander. En 1998 present\u00f3 su obra en Chicago. Pedro Sobrado es un artista m\u00e1s premiado en Francia que en Espa\u00f1a, donde obtuvo las medallas Arts, Sciences, Lettres; M\u00e9rite el D\u00e9vovement Fran\u00e7ais; y M\u00e9rite Culturel et Art\u00edstiques, etc.Su producci\u00f3n art\u00edstica forma parte de estos museos y colecciones.","breadcrumb":{"@id":"https:\/\/villanueva-fineart.es\/producto\/figuras-pedro-sobrado\/#breadcrumb"},"inLanguage":"en-GB","potentialAction":[{"@type":"ReadAction","target":["https:\/\/villanueva-fineart.es\/producto\/figuras-pedro-sobrado\/"]}]},{"@type":"ImageObject","inLanguage":"en-GB","@id":"https:\/\/villanueva-fineart.es\/producto\/figuras-pedro-sobrado\/#primaryimage","url":"https:\/\/villanueva-fineart.es\/wp-content\/uploads\/2022\/06\/94-Pedro-Sobrado.jpg","contentUrl":"https:\/\/villanueva-fineart.es\/wp-content\/uploads\/2022\/06\/94-Pedro-Sobrado.jpg","width":727,"height":545},{"@type":"BreadcrumbList","@id":"https:\/\/villanueva-fineart.es\/producto\/figuras-pedro-sobrado\/#breadcrumb","itemListElement":[{"@type":"ListItem","position":1,"name":"Inicio","item":"https:\/\/villanueva-fineart.es\/"},{"@type":"ListItem","position":2,"name":"Tienda","item":"https:\/\/villanueva-fineart.es\/es_es\/tienda\/"},{"@type":"ListItem","position":3,"name":"Figuras, Pedro Sobrado"}]},{"@type":"WebSite","@id":"http:\/\/villanueva-fineart.es\/#website","url":"http:\/\/villanueva-fineart.es\/","name":"Villanueva Fineart","description":"Liquidaci\u00f3n de Obras de arte","publisher":{"@id":"http:\/\/villanueva-fineart.es\/#organization"},"potentialAction":[{"@type":"SearchAction","target":{"@type":"EntryPoint","urlTemplate":"http:\/\/villanueva-fineart.es\/?s={search_term_string}"},"query-input":{"@type":"PropertyValueSpecification","valueRequired":true,"valueName":"search_term_string"}}],"inLanguage":"en-GB"},{"@type":"Organization","@id":"http:\/\/villanueva-fineart.es\/#organization","name":"Villanueva Fineart","url":"http:\/\/villanueva-fineart.es\/","logo":{"@type":"ImageObject","inLanguage":"en-GB","@id":"http:\/\/villanueva-fineart.es\/#\/schema\/logo\/image\/","url":"https:\/\/villanueva-fineart.es\/wp-content\/uploads\/2021\/11\/Logo-fineart.jpg","contentUrl":"https:\/\/villanueva-fineart.es\/wp-content\/uploads\/2021\/11\/Logo-fineart.jpg","width":200,"height":85,"caption":"Villanueva Fineart"},"image":{"@id":"http:\/\/villanueva-fineart.es\/#\/schema\/logo\/image\/"}}]}},"_links":{"self":[{"href":"https:\/\/villanueva-fineart.es\/en\/wp-json\/wp\/v2\/product\/4921","targetHints":{"allow":["GET"]}}],"collection":[{"href":"https:\/\/villanueva-fineart.es\/en\/wp-json\/wp\/v2\/product"}],"about":[{"href":"https:\/\/villanueva-fineart.es\/en\/wp-json\/wp\/v2\/types\/product"}],"wp:featuredmedia":[{"embeddable":true,"href":"https:\/\/villanueva-fineart.es\/en\/wp-json\/wp\/v2\/media\/4922"}],"wp:attachment":[{"href":"https:\/\/villanueva-fineart.es\/en\/wp-json\/wp\/v2\/media?parent=4921"}],"wp:term":[{"taxonomy":"product_brand","embeddable":true,"href":"https:\/\/villanueva-fineart.es\/en\/wp-json\/wp\/v2\/product_brand?post=4921"},{"taxonomy":"product_cat","embeddable":true,"href":"https:\/\/villanueva-fineart.es\/en\/wp-json\/wp\/v2\/product_cat?post=4921"},{"taxonomy":"product_tag","embeddable":true,"href":"https:\/\/villanueva-fineart.es\/en\/wp-json\/wp\/v2\/product_tag?post=4921"}],"curies":[{"name":"wp","href":"https:\/\/api.w.org\/{rel}","templated":true}]}}