{"id":4875,"date":"2022-04-24T22:50:44","date_gmt":"2022-04-24T22:50:44","guid":{"rendered":"https:\/\/villanueva-fineart.es\/?post_type=product&#038;p=4875"},"modified":"2022-05-07T12:20:31","modified_gmt":"2022-05-07T12:20:31","slug":"composicion-en-verde-jalo","status":"publish","type":"product","link":"https:\/\/villanueva-fineart.es\/en\/product\/composicion-en-verde-jalo\/","title":{"rendered":"Composici\u00f3n en verde, Jalo"},"content":{"rendered":"","protected":false},"excerpt":{"rendered":"<p>Composition in green, oil on canvas, Signed, 40 x 40 cm<\/p>","protected":false},"featured_media":4661,"template":"","meta":[],"product_brand":[],"product_cat":[46,24,25,31],"product_tag":[],"class_list":{"0":"post-4875","1":"product","2":"type-product","3":"status-publish","4":"has-post-thumbnail","6":"product_cat-500e-y-menos","7":"product_cat-obra","8":"product_cat-bodegones","9":"product_cat-oleo","10":"sales-flash-overlay","11":"woocommerce-text-align-center","12":"woocommerce-image-align-center","13":"do-quantity-buttons","15":"first","16":"instock","17":"sale","18":"sold-individually","19":"taxable","20":"shipping-taxable","21":"purchasable","22":"product-type-simple"},"yoast_head":"<!-- This site is optimized with the Yoast SEO plugin v25.9 - https:\/\/yoast.com\/wordpress\/plugins\/seo\/ -->\n<title>Composici\u00f3n en verde, Jalo - Villanueva Fineart<\/title>\n<meta name=\"description\" content=\"JALO Nacido en Sevilla (Espa\u00f1a) en 1948, ha mostrado su obra en galer\u00edas en toda Espa\u00f1a (Santa Cruz de Tenerife, Elche, Granada, Sevilla, Madrid, Palma de Mallorca, Castell\u00f3n, L\u00e9rida, Barcelona, Tarragona, La Coru\u00f1a y M\u00e1laga) y en otros pa\u00edses como Portugal (Lisboa), B\u00e9lgica (Bruselas), Singapur y Estados Unidos (Nueva York, San Francisco, Florida).\" \/>\n<meta name=\"robots\" content=\"index, follow, max-snippet:-1, max-image-preview:large, max-video-preview:-1\" \/>\n<link rel=\"canonical\" href=\"https:\/\/villanueva-fineart.es\/en\/product\/composicion-en-verde-jalo\/\" \/>\n<meta property=\"og:locale\" content=\"en_GB\" \/>\n<meta property=\"og:type\" content=\"article\" \/>\n<meta property=\"og:title\" content=\"Composici\u00f3n en verde, Jalo - Villanueva Fineart\" \/>\n<meta property=\"og:description\" content=\"JALO Nacido en Sevilla (Espa\u00f1a) en 1948, ha mostrado su obra en galer\u00edas en toda Espa\u00f1a (Santa Cruz de Tenerife, Elche, Granada, Sevilla, Madrid, Palma de Mallorca, Castell\u00f3n, L\u00e9rida, Barcelona, Tarragona, La Coru\u00f1a y M\u00e1laga) y en otros pa\u00edses como Portugal (Lisboa), B\u00e9lgica (Bruselas), Singapur y Estados Unidos (Nueva York, San Francisco, Florida).\" \/>\n<meta property=\"og:url\" content=\"https:\/\/villanueva-fineart.es\/en\/product\/composicion-en-verde-jalo\/\" \/>\n<meta property=\"og:site_name\" content=\"Villanueva Fineart\" \/>\n<meta property=\"article:modified_time\" content=\"2022-05-07T12:20:31+00:00\" \/>\n<meta property=\"og:image\" content=\"https:\/\/villanueva-fineart.es\/wp-content\/uploads\/2022\/04\/20210819_093210.jpg\" \/>\n\t<meta property=\"og:image:width\" content=\"890\" \/>\n\t<meta property=\"og:image:height\" content=\"928\" \/>\n\t<meta property=\"og:image:type\" content=\"image\/jpeg\" \/>\n<meta name=\"twitter:card\" content=\"summary_large_image\" \/>\n<script type=\"application\/ld+json\" class=\"yoast-schema-graph\">{\"@context\":\"https:\/\/schema.org\",\"@graph\":[{\"@type\":\"WebPage\",\"@id\":\"https:\/\/villanueva-fineart.es\/en\/product\/composicion-en-verde-jalo\/\",\"url\":\"https:\/\/villanueva-fineart.es\/en\/product\/composicion-en-verde-jalo\/\",\"name\":\"Composici\u00f3n en verde, Jalo - Villanueva Fineart\",\"isPartOf\":{\"@id\":\"http:\/\/villanueva-fineart.es\/#website\"},\"primaryImageOfPage\":{\"@id\":\"https:\/\/villanueva-fineart.es\/en\/product\/composicion-en-verde-jalo\/#primaryimage\"},\"image\":{\"@id\":\"https:\/\/villanueva-fineart.es\/en\/product\/composicion-en-verde-jalo\/#primaryimage\"},\"thumbnailUrl\":\"https:\/\/villanueva-fineart.es\/wp-content\/uploads\/2022\/04\/20210819_093210.jpg\",\"datePublished\":\"2022-04-24T22:50:44+00:00\",\"dateModified\":\"2022-05-07T12:20:31+00:00\",\"description\":\"JALO Nacido en Sevilla (Espa\u00f1a) en 1948, ha mostrado su obra en galer\u00edas en toda Espa\u00f1a (Santa Cruz de Tenerife, Elche, Granada, Sevilla, Madrid, Palma de Mallorca, Castell\u00f3n, L\u00e9rida, Barcelona, Tarragona, La Coru\u00f1a y M\u00e1laga) y en otros pa\u00edses como Portugal (Lisboa), B\u00e9lgica (Bruselas), Singapur y Estados Unidos (Nueva York, San Francisco, Florida).\",\"breadcrumb\":{\"@id\":\"https:\/\/villanueva-fineart.es\/en\/product\/composicion-en-verde-jalo\/#breadcrumb\"},\"inLanguage\":\"en-GB\",\"potentialAction\":[{\"@type\":\"ReadAction\",\"target\":[\"https:\/\/villanueva-fineart.es\/en\/product\/composicion-en-verde-jalo\/\"]}]},{\"@type\":\"ImageObject\",\"inLanguage\":\"en-GB\",\"@id\":\"https:\/\/villanueva-fineart.es\/en\/product\/composicion-en-verde-jalo\/#primaryimage\",\"url\":\"https:\/\/villanueva-fineart.es\/wp-content\/uploads\/2022\/04\/20210819_093210.jpg\",\"contentUrl\":\"https:\/\/villanueva-fineart.es\/wp-content\/uploads\/2022\/04\/20210819_093210.jpg\",\"width\":890,\"height\":928},{\"@type\":\"BreadcrumbList\",\"@id\":\"https:\/\/villanueva-fineart.es\/en\/product\/composicion-en-verde-jalo\/#breadcrumb\",\"itemListElement\":[{\"@type\":\"ListItem\",\"position\":1,\"name\":\"Inicio\",\"item\":\"https:\/\/villanueva-fineart.es\/\"},{\"@type\":\"ListItem\",\"position\":2,\"name\":\"Tienda\",\"item\":\"https:\/\/villanueva-fineart.es\/es_es\/tienda\/\"},{\"@type\":\"ListItem\",\"position\":3,\"name\":\"Composici\u00f3n en verde, Jalo\"}]},{\"@type\":\"WebSite\",\"@id\":\"http:\/\/villanueva-fineart.es\/#website\",\"url\":\"http:\/\/villanueva-fineart.es\/\",\"name\":\"Villanueva Fineart\",\"description\":\"Liquidaci\u00f3n de Obras de arte\",\"publisher\":{\"@id\":\"http:\/\/villanueva-fineart.es\/#organization\"},\"potentialAction\":[{\"@type\":\"SearchAction\",\"target\":{\"@type\":\"EntryPoint\",\"urlTemplate\":\"http:\/\/villanueva-fineart.es\/?s={search_term_string}\"},\"query-input\":{\"@type\":\"PropertyValueSpecification\",\"valueRequired\":true,\"valueName\":\"search_term_string\"}}],\"inLanguage\":\"en-GB\"},{\"@type\":\"Organization\",\"@id\":\"http:\/\/villanueva-fineart.es\/#organization\",\"name\":\"Villanueva Fineart\",\"url\":\"http:\/\/villanueva-fineart.es\/\",\"logo\":{\"@type\":\"ImageObject\",\"inLanguage\":\"en-GB\",\"@id\":\"http:\/\/villanueva-fineart.es\/#\/schema\/logo\/image\/\",\"url\":\"https:\/\/villanueva-fineart.es\/wp-content\/uploads\/2021\/11\/Logo-fineart.jpg\",\"contentUrl\":\"https:\/\/villanueva-fineart.es\/wp-content\/uploads\/2021\/11\/Logo-fineart.jpg\",\"width\":200,\"height\":85,\"caption\":\"Villanueva Fineart\"},\"image\":{\"@id\":\"http:\/\/villanueva-fineart.es\/#\/schema\/logo\/image\/\"}}]}<\/script>\n<!-- \/ Yoast SEO plugin. -->","yoast_head_json":{"title":"Composici\u00f3n en verde, Jalo - Villanueva Fineart","description":"JALO Nacido en Sevilla (Espa\u00f1a) en 1948, ha mostrado su obra en galer\u00edas en toda Espa\u00f1a (Santa Cruz de Tenerife, Elche, Granada, Sevilla, Madrid, Palma de Mallorca, Castell\u00f3n, L\u00e9rida, Barcelona, Tarragona, La Coru\u00f1a y M\u00e1laga) y en otros pa\u00edses como Portugal (Lisboa), B\u00e9lgica (Bruselas), Singapur y Estados Unidos (Nueva York, San Francisco, Florida).","robots":{"index":"index","follow":"follow","max-snippet":"max-snippet:-1","max-image-preview":"max-image-preview:large","max-video-preview":"max-video-preview:-1"},"canonical":"https:\/\/villanueva-fineart.es\/en\/product\/composicion-en-verde-jalo\/","og_locale":"en_GB","og_type":"article","og_title":"Composici\u00f3n en verde, Jalo - Villanueva Fineart","og_description":"JALO Nacido en Sevilla (Espa\u00f1a) en 1948, ha mostrado su obra en galer\u00edas en toda Espa\u00f1a (Santa Cruz de Tenerife, Elche, Granada, Sevilla, Madrid, Palma de Mallorca, Castell\u00f3n, L\u00e9rida, Barcelona, Tarragona, La Coru\u00f1a y M\u00e1laga) y en otros pa\u00edses como Portugal (Lisboa), B\u00e9lgica (Bruselas), Singapur y Estados Unidos (Nueva York, San Francisco, Florida).","og_url":"https:\/\/villanueva-fineart.es\/en\/product\/composicion-en-verde-jalo\/","og_site_name":"Villanueva Fineart","article_modified_time":"2022-05-07T12:20:31+00:00","og_image":[{"width":890,"height":928,"url":"https:\/\/villanueva-fineart.es\/wp-content\/uploads\/2022\/04\/20210819_093210.jpg","type":"image\/jpeg"}],"twitter_card":"summary_large_image","schema":{"@context":"https:\/\/schema.org","@graph":[{"@type":"WebPage","@id":"https:\/\/villanueva-fineart.es\/en\/product\/composicion-en-verde-jalo\/","url":"https:\/\/villanueva-fineart.es\/en\/product\/composicion-en-verde-jalo\/","name":"Composici\u00f3n en verde, Jalo - Villanueva Fineart","isPartOf":{"@id":"http:\/\/villanueva-fineart.es\/#website"},"primaryImageOfPage":{"@id":"https:\/\/villanueva-fineart.es\/en\/product\/composicion-en-verde-jalo\/#primaryimage"},"image":{"@id":"https:\/\/villanueva-fineart.es\/en\/product\/composicion-en-verde-jalo\/#primaryimage"},"thumbnailUrl":"https:\/\/villanueva-fineart.es\/wp-content\/uploads\/2022\/04\/20210819_093210.jpg","datePublished":"2022-04-24T22:50:44+00:00","dateModified":"2022-05-07T12:20:31+00:00","description":"JALO Nacido en Sevilla (Espa\u00f1a) en 1948, ha mostrado su obra en galer\u00edas en toda Espa\u00f1a (Santa Cruz de Tenerife, Elche, Granada, Sevilla, Madrid, Palma de Mallorca, Castell\u00f3n, L\u00e9rida, Barcelona, Tarragona, La Coru\u00f1a y M\u00e1laga) y en otros pa\u00edses como Portugal (Lisboa), B\u00e9lgica (Bruselas), Singapur y Estados Unidos (Nueva York, San Francisco, Florida).","breadcrumb":{"@id":"https:\/\/villanueva-fineart.es\/en\/product\/composicion-en-verde-jalo\/#breadcrumb"},"inLanguage":"en-GB","potentialAction":[{"@type":"ReadAction","target":["https:\/\/villanueva-fineart.es\/en\/product\/composicion-en-verde-jalo\/"]}]},{"@type":"ImageObject","inLanguage":"en-GB","@id":"https:\/\/villanueva-fineart.es\/en\/product\/composicion-en-verde-jalo\/#primaryimage","url":"https:\/\/villanueva-fineart.es\/wp-content\/uploads\/2022\/04\/20210819_093210.jpg","contentUrl":"https:\/\/villanueva-fineart.es\/wp-content\/uploads\/2022\/04\/20210819_093210.jpg","width":890,"height":928},{"@type":"BreadcrumbList","@id":"https:\/\/villanueva-fineart.es\/en\/product\/composicion-en-verde-jalo\/#breadcrumb","itemListElement":[{"@type":"ListItem","position":1,"name":"Inicio","item":"https:\/\/villanueva-fineart.es\/"},{"@type":"ListItem","position":2,"name":"Tienda","item":"https:\/\/villanueva-fineart.es\/es_es\/tienda\/"},{"@type":"ListItem","position":3,"name":"Composici\u00f3n en verde, Jalo"}]},{"@type":"WebSite","@id":"http:\/\/villanueva-fineart.es\/#website","url":"http:\/\/villanueva-fineart.es\/","name":"Villanueva Fineart","description":"Liquidaci\u00f3n de Obras de arte","publisher":{"@id":"http:\/\/villanueva-fineart.es\/#organization"},"potentialAction":[{"@type":"SearchAction","target":{"@type":"EntryPoint","urlTemplate":"http:\/\/villanueva-fineart.es\/?s={search_term_string}"},"query-input":{"@type":"PropertyValueSpecification","valueRequired":true,"valueName":"search_term_string"}}],"inLanguage":"en-GB"},{"@type":"Organization","@id":"http:\/\/villanueva-fineart.es\/#organization","name":"Villanueva Fineart","url":"http:\/\/villanueva-fineart.es\/","logo":{"@type":"ImageObject","inLanguage":"en-GB","@id":"http:\/\/villanueva-fineart.es\/#\/schema\/logo\/image\/","url":"https:\/\/villanueva-fineart.es\/wp-content\/uploads\/2021\/11\/Logo-fineart.jpg","contentUrl":"https:\/\/villanueva-fineart.es\/wp-content\/uploads\/2021\/11\/Logo-fineart.jpg","width":200,"height":85,"caption":"Villanueva Fineart"},"image":{"@id":"http:\/\/villanueva-fineart.es\/#\/schema\/logo\/image\/"}}]}},"_links":{"self":[{"href":"https:\/\/villanueva-fineart.es\/en\/wp-json\/wp\/v2\/product\/4875","targetHints":{"allow":["GET"]}}],"collection":[{"href":"https:\/\/villanueva-fineart.es\/en\/wp-json\/wp\/v2\/product"}],"about":[{"href":"https:\/\/villanueva-fineart.es\/en\/wp-json\/wp\/v2\/types\/product"}],"wp:featuredmedia":[{"embeddable":true,"href":"https:\/\/villanueva-fineart.es\/en\/wp-json\/wp\/v2\/media\/4661"}],"wp:attachment":[{"href":"https:\/\/villanueva-fineart.es\/en\/wp-json\/wp\/v2\/media?parent=4875"}],"wp:term":[{"taxonomy":"product_brand","embeddable":true,"href":"https:\/\/villanueva-fineart.es\/en\/wp-json\/wp\/v2\/product_brand?post=4875"},{"taxonomy":"product_cat","embeddable":true,"href":"https:\/\/villanueva-fineart.es\/en\/wp-json\/wp\/v2\/product_cat?post=4875"},{"taxonomy":"product_tag","embeddable":true,"href":"https:\/\/villanueva-fineart.es\/en\/wp-json\/wp\/v2\/product_tag?post=4875"}],"curies":[{"name":"wp","href":"https:\/\/api.w.org\/{rel}","templated":true}]}}