{"id":4659,"date":"2022-04-22T18:30:34","date_gmt":"2022-04-22T18:30:34","guid":{"rendered":"https:\/\/villanueva-fineart.es\/?post_type=product&#038;p=4659"},"modified":"2022-05-07T12:52:43","modified_gmt":"2022-05-07T12:52:43","slug":"rinoceronte-salvador-dali","status":"publish","type":"product","link":"https:\/\/villanueva-fineart.es\/en\/product\/rinoceronte-salvador-dali\/","title":{"rendered":"Rinoceronte. Salvador Dal\u00ed"},"content":{"rendered":"","protected":false},"excerpt":{"rendered":"<p>Rhino, lithography signed on plate and by hand 56 x 76 cm.<\/p>","protected":false},"featured_media":4660,"template":"","meta":[],"product_brand":[],"product_cat":[46,45,44,24],"product_tag":[],"class_list":{"0":"post-4659","1":"product","2":"type-product","3":"status-publish","4":"has-post-thumbnail","6":"product_cat-500e-y-menos","7":"product_cat-litografia","8":"product_cat-litografias","9":"product_cat-obra","10":"sales-flash-overlay","11":"woocommerce-text-align-center","12":"woocommerce-image-align-center","13":"do-quantity-buttons","15":"first","16":"instock","17":"sale","18":"sold-individually","19":"taxable","20":"shipping-taxable","21":"purchasable","22":"product-type-simple"},"yoast_head":"<!-- This site is optimized with the Yoast SEO plugin v25.9 - https:\/\/yoast.com\/wordpress\/plugins\/seo\/ -->\n<title>Rinoceronte. Salvador Dal\u00ed - Villanueva Fineart<\/title>\n<meta name=\"description\" content=\"Rinoceronte. Litograf\u00eda Salvador Dal\u00ed i Dom\u00e8nech Figueres, 11 de mayo de 1904 \u2013 23 de enero de 1989\" \/>\n<meta name=\"robots\" content=\"index, follow, max-snippet:-1, max-image-preview:large, max-video-preview:-1\" \/>\n<link rel=\"canonical\" href=\"https:\/\/villanueva-fineart.es\/en\/product\/rinoceronte-salvador-dali\/\" \/>\n<meta property=\"og:locale\" content=\"en_GB\" \/>\n<meta property=\"og:type\" content=\"article\" \/>\n<meta property=\"og:title\" content=\"Rinoceronte. Salvador Dal\u00ed - Villanueva Fineart\" \/>\n<meta property=\"og:description\" content=\"Rinoceronte. Litograf\u00eda Salvador Dal\u00ed i Dom\u00e8nech Figueres, 11 de mayo de 1904 \u2013 23 de enero de 1989\" \/>\n<meta property=\"og:url\" content=\"https:\/\/villanueva-fineart.es\/en\/product\/rinoceronte-salvador-dali\/\" \/>\n<meta property=\"og:site_name\" content=\"Villanueva Fineart\" \/>\n<meta property=\"article:modified_time\" content=\"2022-05-07T12:52:43+00:00\" \/>\n<meta property=\"og:image\" content=\"https:\/\/villanueva-fineart.es\/wp-content\/uploads\/2022\/04\/Litografia-Dali.jpg\" \/>\n\t<meta property=\"og:image:width\" content=\"890\" \/>\n\t<meta property=\"og:image:height\" content=\"664\" \/>\n\t<meta property=\"og:image:type\" content=\"image\/jpeg\" \/>\n<meta name=\"twitter:card\" content=\"summary_large_image\" \/>\n<script type=\"application\/ld+json\" class=\"yoast-schema-graph\">{\"@context\":\"https:\/\/schema.org\",\"@graph\":[{\"@type\":\"WebPage\",\"@id\":\"https:\/\/villanueva-fineart.es\/en\/product\/rinoceronte-salvador-dali\/\",\"url\":\"https:\/\/villanueva-fineart.es\/en\/product\/rinoceronte-salvador-dali\/\",\"name\":\"Rinoceronte. Salvador Dal\u00ed - Villanueva Fineart\",\"isPartOf\":{\"@id\":\"http:\/\/villanueva-fineart.es\/#website\"},\"primaryImageOfPage\":{\"@id\":\"https:\/\/villanueva-fineart.es\/en\/product\/rinoceronte-salvador-dali\/#primaryimage\"},\"image\":{\"@id\":\"https:\/\/villanueva-fineart.es\/en\/product\/rinoceronte-salvador-dali\/#primaryimage\"},\"thumbnailUrl\":\"https:\/\/villanueva-fineart.es\/wp-content\/uploads\/2022\/04\/Litografia-Dali.jpg\",\"datePublished\":\"2022-04-22T18:30:34+00:00\",\"dateModified\":\"2022-05-07T12:52:43+00:00\",\"description\":\"Rinoceronte. Litograf\u00eda Salvador Dal\u00ed i Dom\u00e8nech Figueres, 11 de mayo de 1904 \u2013 23 de enero de 1989\",\"breadcrumb\":{\"@id\":\"https:\/\/villanueva-fineart.es\/en\/product\/rinoceronte-salvador-dali\/#breadcrumb\"},\"inLanguage\":\"en-GB\",\"potentialAction\":[{\"@type\":\"ReadAction\",\"target\":[\"https:\/\/villanueva-fineart.es\/en\/product\/rinoceronte-salvador-dali\/\"]}]},{\"@type\":\"ImageObject\",\"inLanguage\":\"en-GB\",\"@id\":\"https:\/\/villanueva-fineart.es\/en\/product\/rinoceronte-salvador-dali\/#primaryimage\",\"url\":\"https:\/\/villanueva-fineart.es\/wp-content\/uploads\/2022\/04\/Litografia-Dali.jpg\",\"contentUrl\":\"https:\/\/villanueva-fineart.es\/wp-content\/uploads\/2022\/04\/Litografia-Dali.jpg\",\"width\":890,\"height\":664},{\"@type\":\"BreadcrumbList\",\"@id\":\"https:\/\/villanueva-fineart.es\/en\/product\/rinoceronte-salvador-dali\/#breadcrumb\",\"itemListElement\":[{\"@type\":\"ListItem\",\"position\":1,\"name\":\"Inicio\",\"item\":\"https:\/\/villanueva-fineart.es\/\"},{\"@type\":\"ListItem\",\"position\":2,\"name\":\"Tienda\",\"item\":\"https:\/\/villanueva-fineart.es\/es_es\/tienda\/\"},{\"@type\":\"ListItem\",\"position\":3,\"name\":\"Rinoceronte. Salvador Dal\u00ed\"}]},{\"@type\":\"WebSite\",\"@id\":\"http:\/\/villanueva-fineart.es\/#website\",\"url\":\"http:\/\/villanueva-fineart.es\/\",\"name\":\"Villanueva Fineart\",\"description\":\"Liquidaci\u00f3n de Obras de arte\",\"publisher\":{\"@id\":\"http:\/\/villanueva-fineart.es\/#organization\"},\"potentialAction\":[{\"@type\":\"SearchAction\",\"target\":{\"@type\":\"EntryPoint\",\"urlTemplate\":\"http:\/\/villanueva-fineart.es\/?s={search_term_string}\"},\"query-input\":{\"@type\":\"PropertyValueSpecification\",\"valueRequired\":true,\"valueName\":\"search_term_string\"}}],\"inLanguage\":\"en-GB\"},{\"@type\":\"Organization\",\"@id\":\"http:\/\/villanueva-fineart.es\/#organization\",\"name\":\"Villanueva Fineart\",\"url\":\"http:\/\/villanueva-fineart.es\/\",\"logo\":{\"@type\":\"ImageObject\",\"inLanguage\":\"en-GB\",\"@id\":\"http:\/\/villanueva-fineart.es\/#\/schema\/logo\/image\/\",\"url\":\"https:\/\/villanueva-fineart.es\/wp-content\/uploads\/2021\/11\/Logo-fineart.jpg\",\"contentUrl\":\"https:\/\/villanueva-fineart.es\/wp-content\/uploads\/2021\/11\/Logo-fineart.jpg\",\"width\":200,\"height\":85,\"caption\":\"Villanueva Fineart\"},\"image\":{\"@id\":\"http:\/\/villanueva-fineart.es\/#\/schema\/logo\/image\/\"}}]}<\/script>\n<!-- \/ Yoast SEO plugin. -->","yoast_head_json":{"title":"Rinoceronte. Salvador Dal\u00ed - Villanueva Fineart","description":"Rinoceronte. Litograf\u00eda Salvador Dal\u00ed i Dom\u00e8nech Figueres, 11 de mayo de 1904 \u2013 23 de enero de 1989","robots":{"index":"index","follow":"follow","max-snippet":"max-snippet:-1","max-image-preview":"max-image-preview:large","max-video-preview":"max-video-preview:-1"},"canonical":"https:\/\/villanueva-fineart.es\/en\/product\/rinoceronte-salvador-dali\/","og_locale":"en_GB","og_type":"article","og_title":"Rinoceronte. Salvador Dal\u00ed - Villanueva Fineart","og_description":"Rinoceronte. Litograf\u00eda Salvador Dal\u00ed i Dom\u00e8nech Figueres, 11 de mayo de 1904 \u2013 23 de enero de 1989","og_url":"https:\/\/villanueva-fineart.es\/en\/product\/rinoceronte-salvador-dali\/","og_site_name":"Villanueva Fineart","article_modified_time":"2022-05-07T12:52:43+00:00","og_image":[{"width":890,"height":664,"url":"https:\/\/villanueva-fineart.es\/wp-content\/uploads\/2022\/04\/Litografia-Dali.jpg","type":"image\/jpeg"}],"twitter_card":"summary_large_image","schema":{"@context":"https:\/\/schema.org","@graph":[{"@type":"WebPage","@id":"https:\/\/villanueva-fineart.es\/en\/product\/rinoceronte-salvador-dali\/","url":"https:\/\/villanueva-fineart.es\/en\/product\/rinoceronte-salvador-dali\/","name":"Rinoceronte. Salvador Dal\u00ed - Villanueva Fineart","isPartOf":{"@id":"http:\/\/villanueva-fineart.es\/#website"},"primaryImageOfPage":{"@id":"https:\/\/villanueva-fineart.es\/en\/product\/rinoceronte-salvador-dali\/#primaryimage"},"image":{"@id":"https:\/\/villanueva-fineart.es\/en\/product\/rinoceronte-salvador-dali\/#primaryimage"},"thumbnailUrl":"https:\/\/villanueva-fineart.es\/wp-content\/uploads\/2022\/04\/Litografia-Dali.jpg","datePublished":"2022-04-22T18:30:34+00:00","dateModified":"2022-05-07T12:52:43+00:00","description":"Rinoceronte. Litograf\u00eda Salvador Dal\u00ed i Dom\u00e8nech Figueres, 11 de mayo de 1904 \u2013 23 de enero de 1989","breadcrumb":{"@id":"https:\/\/villanueva-fineart.es\/en\/product\/rinoceronte-salvador-dali\/#breadcrumb"},"inLanguage":"en-GB","potentialAction":[{"@type":"ReadAction","target":["https:\/\/villanueva-fineart.es\/en\/product\/rinoceronte-salvador-dali\/"]}]},{"@type":"ImageObject","inLanguage":"en-GB","@id":"https:\/\/villanueva-fineart.es\/en\/product\/rinoceronte-salvador-dali\/#primaryimage","url":"https:\/\/villanueva-fineart.es\/wp-content\/uploads\/2022\/04\/Litografia-Dali.jpg","contentUrl":"https:\/\/villanueva-fineart.es\/wp-content\/uploads\/2022\/04\/Litografia-Dali.jpg","width":890,"height":664},{"@type":"BreadcrumbList","@id":"https:\/\/villanueva-fineart.es\/en\/product\/rinoceronte-salvador-dali\/#breadcrumb","itemListElement":[{"@type":"ListItem","position":1,"name":"Inicio","item":"https:\/\/villanueva-fineart.es\/"},{"@type":"ListItem","position":2,"name":"Tienda","item":"https:\/\/villanueva-fineart.es\/es_es\/tienda\/"},{"@type":"ListItem","position":3,"name":"Rinoceronte. Salvador Dal\u00ed"}]},{"@type":"WebSite","@id":"http:\/\/villanueva-fineart.es\/#website","url":"http:\/\/villanueva-fineart.es\/","name":"Villanueva Fineart","description":"Liquidaci\u00f3n de Obras de arte","publisher":{"@id":"http:\/\/villanueva-fineart.es\/#organization"},"potentialAction":[{"@type":"SearchAction","target":{"@type":"EntryPoint","urlTemplate":"http:\/\/villanueva-fineart.es\/?s={search_term_string}"},"query-input":{"@type":"PropertyValueSpecification","valueRequired":true,"valueName":"search_term_string"}}],"inLanguage":"en-GB"},{"@type":"Organization","@id":"http:\/\/villanueva-fineart.es\/#organization","name":"Villanueva Fineart","url":"http:\/\/villanueva-fineart.es\/","logo":{"@type":"ImageObject","inLanguage":"en-GB","@id":"http:\/\/villanueva-fineart.es\/#\/schema\/logo\/image\/","url":"https:\/\/villanueva-fineart.es\/wp-content\/uploads\/2021\/11\/Logo-fineart.jpg","contentUrl":"https:\/\/villanueva-fineart.es\/wp-content\/uploads\/2021\/11\/Logo-fineart.jpg","width":200,"height":85,"caption":"Villanueva Fineart"},"image":{"@id":"http:\/\/villanueva-fineart.es\/#\/schema\/logo\/image\/"}}]}},"_links":{"self":[{"href":"https:\/\/villanueva-fineart.es\/en\/wp-json\/wp\/v2\/product\/4659","targetHints":{"allow":["GET"]}}],"collection":[{"href":"https:\/\/villanueva-fineart.es\/en\/wp-json\/wp\/v2\/product"}],"about":[{"href":"https:\/\/villanueva-fineart.es\/en\/wp-json\/wp\/v2\/types\/product"}],"wp:featuredmedia":[{"embeddable":true,"href":"https:\/\/villanueva-fineart.es\/en\/wp-json\/wp\/v2\/media\/4660"}],"wp:attachment":[{"href":"https:\/\/villanueva-fineart.es\/en\/wp-json\/wp\/v2\/media?parent=4659"}],"wp:term":[{"taxonomy":"product_brand","embeddable":true,"href":"https:\/\/villanueva-fineart.es\/en\/wp-json\/wp\/v2\/product_brand?post=4659"},{"taxonomy":"product_cat","embeddable":true,"href":"https:\/\/villanueva-fineart.es\/en\/wp-json\/wp\/v2\/product_cat?post=4659"},{"taxonomy":"product_tag","embeddable":true,"href":"https:\/\/villanueva-fineart.es\/en\/wp-json\/wp\/v2\/product_tag?post=4659"}],"curies":[{"name":"wp","href":"https:\/\/api.w.org\/{rel}","templated":true}]}}