{"id":4512,"date":"2022-03-02T09:09:39","date_gmt":"2022-03-02T09:09:39","guid":{"rendered":"https:\/\/villanueva-fineart.es\/?post_type=product&#038;p=4512"},"modified":"2024-01-14T13:18:00","modified_gmt":"2024-01-14T13:18:00","slug":"yin-yang-sun-yuly","status":"publish","type":"product","link":"https:\/\/villanueva-fineart.es\/en\/product\/yin-yang-sun-yuly\/","title":{"rendered":"Yin Yang,  Sun Yuly &#8211; PRECIO A NEGOCIAR"},"content":{"rendered":"","protected":false},"excerpt":{"rendered":"<p>Yin Yang, escultura en bronce, 1\/10 &#8211; 44 x 36 x 6 cm. Firmada<\/p>\n<hr \/>\n<p><strong><span style=\"color: #ff0000;\">PRECIO A NEGOCIAR<\/span><\/strong><\/p>","protected":false},"featured_media":4429,"template":"","meta":[],"product_brand":[],"product_cat":[24,40],"product_tag":[52],"class_list":{"0":"post-4512","1":"product","2":"type-product","3":"status-publish","4":"has-post-thumbnail","6":"product_cat-obra","7":"product_cat-esculturas","8":"product_tag-precio-a-negociar","9":"sales-flash-overlay","10":"woocommerce-text-align-center","11":"woocommerce-image-align-center","12":"do-quantity-buttons","14":"first","15":"instock","16":"sale","17":"sold-individually","18":"taxable","19":"shipping-taxable","20":"purchasable","21":"product-type-simple"},"yoast_head":"<!-- This site is optimized with the Yoast SEO plugin v25.9 - https:\/\/yoast.com\/wordpress\/plugins\/seo\/ -->\n<title>Yin Yang, Sun Yuly - PRECIO A NEGOCIAR - Villanueva Fineart<\/title>\n<meta name=\"description\" content=\"ESCULTOR SINGAPURENSE SUN YU-LI El Sr. Sun Yu-li, arquitecto convertido en escultor, fue el ganador del prestigioso Premio de Escultura Moderna de la Rep\u00fablica de China (ROC) de 1991. Tambi\u00e9n fue ganador del Premio al M\u00e9rito del IBM Art Award 1990.\" \/>\n<meta name=\"robots\" content=\"index, follow, max-snippet:-1, max-image-preview:large, max-video-preview:-1\" \/>\n<link rel=\"canonical\" href=\"https:\/\/villanueva-fineart.es\/en\/product\/yin-yang-sun-yuly\/\" \/>\n<meta property=\"og:locale\" content=\"en_GB\" \/>\n<meta property=\"og:type\" content=\"article\" \/>\n<meta property=\"og:title\" content=\"Yin Yang, Sun Yuly - PRECIO A NEGOCIAR - Villanueva Fineart\" \/>\n<meta property=\"og:description\" content=\"ESCULTOR SINGAPURENSE SUN YU-LI El Sr. Sun Yu-li, arquitecto convertido en escultor, fue el ganador del prestigioso Premio de Escultura Moderna de la Rep\u00fablica de China (ROC) de 1991. Tambi\u00e9n fue ganador del Premio al M\u00e9rito del IBM Art Award 1990.\" \/>\n<meta property=\"og:url\" content=\"https:\/\/villanueva-fineart.es\/en\/product\/yin-yang-sun-yuly\/\" \/>\n<meta property=\"og:site_name\" content=\"Villanueva Fineart\" \/>\n<meta property=\"article:modified_time\" content=\"2024-01-14T13:18:00+00:00\" \/>\n<meta property=\"og:image\" content=\"https:\/\/villanueva-fineart.es\/wp-content\/uploads\/2022\/02\/74-scaled.jpg\" \/>\n\t<meta property=\"og:image:width\" content=\"2560\" \/>\n\t<meta property=\"og:image:height\" content=\"1697\" \/>\n\t<meta property=\"og:image:type\" content=\"image\/jpeg\" \/>\n<meta name=\"twitter:card\" content=\"summary_large_image\" \/>\n<script type=\"application\/ld+json\" class=\"yoast-schema-graph\">{\"@context\":\"https:\/\/schema.org\",\"@graph\":[{\"@type\":\"WebPage\",\"@id\":\"https:\/\/villanueva-fineart.es\/producto\/yin-yang-sun-yuly\/\",\"url\":\"https:\/\/villanueva-fineart.es\/producto\/yin-yang-sun-yuly\/\",\"name\":\"Yin Yang, Sun Yuly - PRECIO A NEGOCIAR - Villanueva Fineart\",\"isPartOf\":{\"@id\":\"http:\/\/villanueva-fineart.es\/#website\"},\"primaryImageOfPage\":{\"@id\":\"https:\/\/villanueva-fineart.es\/producto\/yin-yang-sun-yuly\/#primaryimage\"},\"image\":{\"@id\":\"https:\/\/villanueva-fineart.es\/producto\/yin-yang-sun-yuly\/#primaryimage\"},\"thumbnailUrl\":\"https:\/\/villanueva-fineart.es\/wp-content\/uploads\/2022\/02\/74-scaled.jpg\",\"datePublished\":\"2022-03-02T09:09:39+00:00\",\"dateModified\":\"2024-01-14T13:18:00+00:00\",\"description\":\"ESCULTOR SINGAPURENSE SUN YU-LI El Sr. Sun Yu-li, arquitecto convertido en escultor, fue el ganador del prestigioso Premio de Escultura Moderna de la Rep\u00fablica de China (ROC) de 1991. Tambi\u00e9n fue ganador del Premio al M\u00e9rito del IBM Art Award 1990.\",\"breadcrumb\":{\"@id\":\"https:\/\/villanueva-fineart.es\/producto\/yin-yang-sun-yuly\/#breadcrumb\"},\"inLanguage\":\"en-GB\",\"potentialAction\":[{\"@type\":\"ReadAction\",\"target\":[\"https:\/\/villanueva-fineart.es\/producto\/yin-yang-sun-yuly\/\"]}]},{\"@type\":\"ImageObject\",\"inLanguage\":\"en-GB\",\"@id\":\"https:\/\/villanueva-fineart.es\/producto\/yin-yang-sun-yuly\/#primaryimage\",\"url\":\"https:\/\/villanueva-fineart.es\/wp-content\/uploads\/2022\/02\/74-scaled.jpg\",\"contentUrl\":\"https:\/\/villanueva-fineart.es\/wp-content\/uploads\/2022\/02\/74-scaled.jpg\",\"width\":2560,\"height\":1697,\"caption\":\"?????????????\"},{\"@type\":\"BreadcrumbList\",\"@id\":\"https:\/\/villanueva-fineart.es\/producto\/yin-yang-sun-yuly\/#breadcrumb\",\"itemListElement\":[{\"@type\":\"ListItem\",\"position\":1,\"name\":\"Inicio\",\"item\":\"https:\/\/villanueva-fineart.es\/\"},{\"@type\":\"ListItem\",\"position\":2,\"name\":\"Tienda\",\"item\":\"https:\/\/villanueva-fineart.es\/es_es\/tienda\/\"},{\"@type\":\"ListItem\",\"position\":3,\"name\":\"Yin Yang, Sun Yuly &#8211; PRECIO A NEGOCIAR\"}]},{\"@type\":\"WebSite\",\"@id\":\"http:\/\/villanueva-fineart.es\/#website\",\"url\":\"http:\/\/villanueva-fineart.es\/\",\"name\":\"Villanueva Fineart\",\"description\":\"Liquidaci\u00f3n de Obras de arte\",\"publisher\":{\"@id\":\"http:\/\/villanueva-fineart.es\/#organization\"},\"potentialAction\":[{\"@type\":\"SearchAction\",\"target\":{\"@type\":\"EntryPoint\",\"urlTemplate\":\"http:\/\/villanueva-fineart.es\/?s={search_term_string}\"},\"query-input\":{\"@type\":\"PropertyValueSpecification\",\"valueRequired\":true,\"valueName\":\"search_term_string\"}}],\"inLanguage\":\"en-GB\"},{\"@type\":\"Organization\",\"@id\":\"http:\/\/villanueva-fineart.es\/#organization\",\"name\":\"Villanueva Fineart\",\"url\":\"http:\/\/villanueva-fineart.es\/\",\"logo\":{\"@type\":\"ImageObject\",\"inLanguage\":\"en-GB\",\"@id\":\"http:\/\/villanueva-fineart.es\/#\/schema\/logo\/image\/\",\"url\":\"https:\/\/villanueva-fineart.es\/wp-content\/uploads\/2021\/11\/Logo-fineart.jpg\",\"contentUrl\":\"https:\/\/villanueva-fineart.es\/wp-content\/uploads\/2021\/11\/Logo-fineart.jpg\",\"width\":200,\"height\":85,\"caption\":\"Villanueva Fineart\"},\"image\":{\"@id\":\"http:\/\/villanueva-fineart.es\/#\/schema\/logo\/image\/\"}}]}<\/script>\n<!-- \/ Yoast SEO plugin. -->","yoast_head_json":{"title":"Yin Yang, Sun Yuly - PRECIO A NEGOCIAR - Villanueva Fineart","description":"ESCULTOR SINGAPURENSE SUN YU-LI El Sr. Sun Yu-li, arquitecto convertido en escultor, fue el ganador del prestigioso Premio de Escultura Moderna de la Rep\u00fablica de China (ROC) de 1991. Tambi\u00e9n fue ganador del Premio al M\u00e9rito del IBM Art Award 1990.","robots":{"index":"index","follow":"follow","max-snippet":"max-snippet:-1","max-image-preview":"max-image-preview:large","max-video-preview":"max-video-preview:-1"},"canonical":"https:\/\/villanueva-fineart.es\/en\/product\/yin-yang-sun-yuly\/","og_locale":"en_GB","og_type":"article","og_title":"Yin Yang, Sun Yuly - PRECIO A NEGOCIAR - Villanueva Fineart","og_description":"ESCULTOR SINGAPURENSE SUN YU-LI El Sr. Sun Yu-li, arquitecto convertido en escultor, fue el ganador del prestigioso Premio de Escultura Moderna de la Rep\u00fablica de China (ROC) de 1991. Tambi\u00e9n fue ganador del Premio al M\u00e9rito del IBM Art Award 1990.","og_url":"https:\/\/villanueva-fineart.es\/en\/product\/yin-yang-sun-yuly\/","og_site_name":"Villanueva Fineart","article_modified_time":"2024-01-14T13:18:00+00:00","og_image":[{"width":2560,"height":1697,"url":"https:\/\/villanueva-fineart.es\/wp-content\/uploads\/2022\/02\/74-scaled.jpg","type":"image\/jpeg"}],"twitter_card":"summary_large_image","schema":{"@context":"https:\/\/schema.org","@graph":[{"@type":"WebPage","@id":"https:\/\/villanueva-fineart.es\/producto\/yin-yang-sun-yuly\/","url":"https:\/\/villanueva-fineart.es\/producto\/yin-yang-sun-yuly\/","name":"Yin Yang, Sun Yuly - PRECIO A NEGOCIAR - Villanueva Fineart","isPartOf":{"@id":"http:\/\/villanueva-fineart.es\/#website"},"primaryImageOfPage":{"@id":"https:\/\/villanueva-fineart.es\/producto\/yin-yang-sun-yuly\/#primaryimage"},"image":{"@id":"https:\/\/villanueva-fineart.es\/producto\/yin-yang-sun-yuly\/#primaryimage"},"thumbnailUrl":"https:\/\/villanueva-fineart.es\/wp-content\/uploads\/2022\/02\/74-scaled.jpg","datePublished":"2022-03-02T09:09:39+00:00","dateModified":"2024-01-14T13:18:00+00:00","description":"ESCULTOR SINGAPURENSE SUN YU-LI El Sr. Sun Yu-li, arquitecto convertido en escultor, fue el ganador del prestigioso Premio de Escultura Moderna de la Rep\u00fablica de China (ROC) de 1991. Tambi\u00e9n fue ganador del Premio al M\u00e9rito del IBM Art Award 1990.","breadcrumb":{"@id":"https:\/\/villanueva-fineart.es\/producto\/yin-yang-sun-yuly\/#breadcrumb"},"inLanguage":"en-GB","potentialAction":[{"@type":"ReadAction","target":["https:\/\/villanueva-fineart.es\/producto\/yin-yang-sun-yuly\/"]}]},{"@type":"ImageObject","inLanguage":"en-GB","@id":"https:\/\/villanueva-fineart.es\/producto\/yin-yang-sun-yuly\/#primaryimage","url":"https:\/\/villanueva-fineart.es\/wp-content\/uploads\/2022\/02\/74-scaled.jpg","contentUrl":"https:\/\/villanueva-fineart.es\/wp-content\/uploads\/2022\/02\/74-scaled.jpg","width":2560,"height":1697,"caption":"?????????????"},{"@type":"BreadcrumbList","@id":"https:\/\/villanueva-fineart.es\/producto\/yin-yang-sun-yuly\/#breadcrumb","itemListElement":[{"@type":"ListItem","position":1,"name":"Inicio","item":"https:\/\/villanueva-fineart.es\/"},{"@type":"ListItem","position":2,"name":"Tienda","item":"https:\/\/villanueva-fineart.es\/es_es\/tienda\/"},{"@type":"ListItem","position":3,"name":"Yin Yang, Sun Yuly &#8211; PRECIO A NEGOCIAR"}]},{"@type":"WebSite","@id":"http:\/\/villanueva-fineart.es\/#website","url":"http:\/\/villanueva-fineart.es\/","name":"Villanueva Fineart","description":"Liquidaci\u00f3n de Obras de arte","publisher":{"@id":"http:\/\/villanueva-fineart.es\/#organization"},"potentialAction":[{"@type":"SearchAction","target":{"@type":"EntryPoint","urlTemplate":"http:\/\/villanueva-fineart.es\/?s={search_term_string}"},"query-input":{"@type":"PropertyValueSpecification","valueRequired":true,"valueName":"search_term_string"}}],"inLanguage":"en-GB"},{"@type":"Organization","@id":"http:\/\/villanueva-fineart.es\/#organization","name":"Villanueva Fineart","url":"http:\/\/villanueva-fineart.es\/","logo":{"@type":"ImageObject","inLanguage":"en-GB","@id":"http:\/\/villanueva-fineart.es\/#\/schema\/logo\/image\/","url":"https:\/\/villanueva-fineart.es\/wp-content\/uploads\/2021\/11\/Logo-fineart.jpg","contentUrl":"https:\/\/villanueva-fineart.es\/wp-content\/uploads\/2021\/11\/Logo-fineart.jpg","width":200,"height":85,"caption":"Villanueva Fineart"},"image":{"@id":"http:\/\/villanueva-fineart.es\/#\/schema\/logo\/image\/"}}]}},"_links":{"self":[{"href":"https:\/\/villanueva-fineart.es\/en\/wp-json\/wp\/v2\/product\/4512","targetHints":{"allow":["GET"]}}],"collection":[{"href":"https:\/\/villanueva-fineart.es\/en\/wp-json\/wp\/v2\/product"}],"about":[{"href":"https:\/\/villanueva-fineart.es\/en\/wp-json\/wp\/v2\/types\/product"}],"wp:featuredmedia":[{"embeddable":true,"href":"https:\/\/villanueva-fineart.es\/en\/wp-json\/wp\/v2\/media\/4429"}],"wp:attachment":[{"href":"https:\/\/villanueva-fineart.es\/en\/wp-json\/wp\/v2\/media?parent=4512"}],"wp:term":[{"taxonomy":"product_brand","embeddable":true,"href":"https:\/\/villanueva-fineart.es\/en\/wp-json\/wp\/v2\/product_brand?post=4512"},{"taxonomy":"product_cat","embeddable":true,"href":"https:\/\/villanueva-fineart.es\/en\/wp-json\/wp\/v2\/product_cat?post=4512"},{"taxonomy":"product_tag","embeddable":true,"href":"https:\/\/villanueva-fineart.es\/en\/wp-json\/wp\/v2\/product_tag?post=4512"}],"curies":[{"name":"wp","href":"https:\/\/api.w.org\/{rel}","templated":true}]}}