{"id":4001,"date":"2022-01-30T12:42:17","date_gmt":"2022-01-30T12:42:17","guid":{"rendered":"https:\/\/villanueva-fineart.es\/?post_type=product&#038;p=4001"},"modified":"2024-06-23T15:38:09","modified_gmt":"2024-06-23T15:38:09","slug":"flores-trinidad-fernandez-montes","status":"publish","type":"product","link":"https:\/\/villanueva-fineart.es\/en\/product\/flores-trinidad-fernandez-montes\/","title":{"rendered":"Flores I, Trinidad Fern\u00e1ndez Montes PRECIO A NEGOCIAR"},"content":{"rendered":"<p>1991 Finalist V Young Painting Contest of Galeria Anquin's. Reus\n\n1991 Honorable Mention Painting Prize City of Roquetes. \n\n1993 First Prize City of Roquetes. \n\n1995 Honorable Mention XV Vila de Cambrils Painting Prize. \n\n2000 Finalist Valenti Award. Sant Pere de Ribes. Barcelona. \n\n2005 Jules Verne Medal. Nantes. France. \n\n2008 Local Painting Award City of Roquetes. \n\n2009 Local Painting Award City of Roquetes. \n\n2011 First prize for painting 7th edition Ceferino Olive. Reus.<\/p>","protected":false},"excerpt":{"rendered":"<p>Flower , oil on paper, signed, 35x25 cm.<\/p>","protected":false},"featured_media":3974,"template":"","meta":[],"product_brand":[],"product_cat":[46,24,27,31],"product_tag":[],"class_list":{"0":"post-4001","1":"product","2":"type-product","3":"status-publish","4":"has-post-thumbnail","6":"product_cat-500e-y-menos","7":"product_cat-obra","8":"product_cat-flores","9":"product_cat-oleo","10":"sales-flash-overlay","11":"woocommerce-text-align-center","12":"woocommerce-image-align-center","13":"do-quantity-buttons","15":"first","16":"instock","17":"sold-individually","18":"taxable","19":"shipping-taxable","20":"purchasable","21":"product-type-simple"},"yoast_head":"<!-- This site is optimized with the Yoast SEO plugin v25.9 - https:\/\/yoast.com\/wordpress\/plugins\/seo\/ -->\n<title>Flores I, Trinidad Fern\u00e1ndez Montes PRECIO A NEGOCIAR - Villanueva Fineart<\/title>\n<meta name=\"description\" content=\"Trinidad Fern\u00e1ndez Montes nace en Osuna en 25 de marzo de 1968. Cursa estudios en la Escuela de Artes Aplicadas de Sevilla, y recibe la influencia pict\u00f3rica de artistas sevillanos. Sus obras cuentan con una gran gama de colores y tema on\u00edrico. Sus pinturas pertenecen a colecciones particulares en Espa\u00f1a, Francia, Inglaterra, Marruecos y Estados Unidos\" \/>\n<meta name=\"robots\" content=\"index, follow, max-snippet:-1, max-image-preview:large, max-video-preview:-1\" \/>\n<link rel=\"canonical\" href=\"https:\/\/villanueva-fineart.es\/en\/product\/flores-trinidad-fernandez-montes\/\" \/>\n<meta property=\"og:locale\" content=\"en_GB\" \/>\n<meta property=\"og:type\" content=\"article\" \/>\n<meta property=\"og:title\" content=\"Flores I, Trinidad Fern\u00e1ndez Montes PRECIO A NEGOCIAR - Villanueva Fineart\" \/>\n<meta property=\"og:description\" content=\"Trinidad Fern\u00e1ndez Montes nace en Osuna en 25 de marzo de 1968. Cursa estudios en la Escuela de Artes Aplicadas de Sevilla, y recibe la influencia pict\u00f3rica de artistas sevillanos. Sus obras cuentan con una gran gama de colores y tema on\u00edrico. Sus pinturas pertenecen a colecciones particulares en Espa\u00f1a, Francia, Inglaterra, Marruecos y Estados Unidos\" \/>\n<meta property=\"og:url\" content=\"https:\/\/villanueva-fineart.es\/en\/product\/flores-trinidad-fernandez-montes\/\" \/>\n<meta property=\"og:site_name\" content=\"Villanueva Fineart\" \/>\n<meta property=\"article:modified_time\" content=\"2024-06-23T15:38:09+00:00\" \/>\n<meta property=\"og:image\" content=\"https:\/\/villanueva-fineart.es\/wp-content\/uploads\/2022\/01\/116.jpg\" \/>\n\t<meta property=\"og:image:width\" content=\"890\" \/>\n\t<meta property=\"og:image:height\" content=\"1288\" \/>\n\t<meta property=\"og:image:type\" content=\"image\/jpeg\" \/>\n<meta name=\"twitter:card\" content=\"summary_large_image\" \/>\n<meta name=\"twitter:label1\" content=\"Estimated reading time\" \/>\n\t<meta name=\"twitter:data1\" content=\"1 minute\" \/>\n<script type=\"application\/ld+json\" class=\"yoast-schema-graph\">{\"@context\":\"https:\/\/schema.org\",\"@graph\":[{\"@type\":\"WebPage\",\"@id\":\"https:\/\/villanueva-fineart.es\/producto\/flores-trinidad-fernandez-montes\/\",\"url\":\"https:\/\/villanueva-fineart.es\/producto\/flores-trinidad-fernandez-montes\/\",\"name\":\"Flores I, Trinidad Fern\u00e1ndez Montes PRECIO A NEGOCIAR - Villanueva Fineart\",\"isPartOf\":{\"@id\":\"http:\/\/villanueva-fineart.es\/#website\"},\"primaryImageOfPage\":{\"@id\":\"https:\/\/villanueva-fineart.es\/producto\/flores-trinidad-fernandez-montes\/#primaryimage\"},\"image\":{\"@id\":\"https:\/\/villanueva-fineart.es\/producto\/flores-trinidad-fernandez-montes\/#primaryimage\"},\"thumbnailUrl\":\"https:\/\/villanueva-fineart.es\/wp-content\/uploads\/2022\/01\/116.jpg\",\"datePublished\":\"2022-01-30T12:42:17+00:00\",\"dateModified\":\"2024-06-23T15:38:09+00:00\",\"description\":\"Trinidad Fern\u00e1ndez Montes nace en Osuna en 25 de marzo de 1968. Cursa estudios en la Escuela de Artes Aplicadas de Sevilla, y recibe la influencia pict\u00f3rica de artistas sevillanos. Sus obras cuentan con una gran gama de colores y tema on\u00edrico. Sus pinturas pertenecen a colecciones particulares en Espa\u00f1a, Francia, Inglaterra, Marruecos y Estados Unidos\",\"breadcrumb\":{\"@id\":\"https:\/\/villanueva-fineart.es\/producto\/flores-trinidad-fernandez-montes\/#breadcrumb\"},\"inLanguage\":\"en-GB\",\"potentialAction\":[{\"@type\":\"ReadAction\",\"target\":[\"https:\/\/villanueva-fineart.es\/producto\/flores-trinidad-fernandez-montes\/\"]}]},{\"@type\":\"ImageObject\",\"inLanguage\":\"en-GB\",\"@id\":\"https:\/\/villanueva-fineart.es\/producto\/flores-trinidad-fernandez-montes\/#primaryimage\",\"url\":\"https:\/\/villanueva-fineart.es\/wp-content\/uploads\/2022\/01\/116.jpg\",\"contentUrl\":\"https:\/\/villanueva-fineart.es\/wp-content\/uploads\/2022\/01\/116.jpg\",\"width\":890,\"height\":1288},{\"@type\":\"BreadcrumbList\",\"@id\":\"https:\/\/villanueva-fineart.es\/producto\/flores-trinidad-fernandez-montes\/#breadcrumb\",\"itemListElement\":[{\"@type\":\"ListItem\",\"position\":1,\"name\":\"Inicio\",\"item\":\"https:\/\/villanueva-fineart.es\/\"},{\"@type\":\"ListItem\",\"position\":2,\"name\":\"Tienda\",\"item\":\"https:\/\/villanueva-fineart.es\/es_es\/tienda\/\"},{\"@type\":\"ListItem\",\"position\":3,\"name\":\"Flores I, Trinidad Fern\u00e1ndez Montes PRECIO A NEGOCIAR\"}]},{\"@type\":\"WebSite\",\"@id\":\"http:\/\/villanueva-fineart.es\/#website\",\"url\":\"http:\/\/villanueva-fineart.es\/\",\"name\":\"Villanueva Fineart\",\"description\":\"Liquidaci\u00f3n de Obras de arte\",\"publisher\":{\"@id\":\"http:\/\/villanueva-fineart.es\/#organization\"},\"potentialAction\":[{\"@type\":\"SearchAction\",\"target\":{\"@type\":\"EntryPoint\",\"urlTemplate\":\"http:\/\/villanueva-fineart.es\/?s={search_term_string}\"},\"query-input\":{\"@type\":\"PropertyValueSpecification\",\"valueRequired\":true,\"valueName\":\"search_term_string\"}}],\"inLanguage\":\"en-GB\"},{\"@type\":\"Organization\",\"@id\":\"http:\/\/villanueva-fineart.es\/#organization\",\"name\":\"Villanueva Fineart\",\"url\":\"http:\/\/villanueva-fineart.es\/\",\"logo\":{\"@type\":\"ImageObject\",\"inLanguage\":\"en-GB\",\"@id\":\"http:\/\/villanueva-fineart.es\/#\/schema\/logo\/image\/\",\"url\":\"https:\/\/villanueva-fineart.es\/wp-content\/uploads\/2021\/11\/Logo-fineart.jpg\",\"contentUrl\":\"https:\/\/villanueva-fineart.es\/wp-content\/uploads\/2021\/11\/Logo-fineart.jpg\",\"width\":200,\"height\":85,\"caption\":\"Villanueva Fineart\"},\"image\":{\"@id\":\"http:\/\/villanueva-fineart.es\/#\/schema\/logo\/image\/\"}}]}<\/script>\n<!-- \/ Yoast SEO plugin. -->","yoast_head_json":{"title":"Flores I, Trinidad Fern\u00e1ndez Montes PRECIO A NEGOCIAR - Villanueva Fineart","description":"Trinidad Fern\u00e1ndez Montes nace en Osuna en 25 de marzo de 1968. Cursa estudios en la Escuela de Artes Aplicadas de Sevilla, y recibe la influencia pict\u00f3rica de artistas sevillanos. Sus obras cuentan con una gran gama de colores y tema on\u00edrico. Sus pinturas pertenecen a colecciones particulares en Espa\u00f1a, Francia, Inglaterra, Marruecos y Estados Unidos","robots":{"index":"index","follow":"follow","max-snippet":"max-snippet:-1","max-image-preview":"max-image-preview:large","max-video-preview":"max-video-preview:-1"},"canonical":"https:\/\/villanueva-fineart.es\/en\/product\/flores-trinidad-fernandez-montes\/","og_locale":"en_GB","og_type":"article","og_title":"Flores I, Trinidad Fern\u00e1ndez Montes PRECIO A NEGOCIAR - Villanueva Fineart","og_description":"Trinidad Fern\u00e1ndez Montes nace en Osuna en 25 de marzo de 1968. Cursa estudios en la Escuela de Artes Aplicadas de Sevilla, y recibe la influencia pict\u00f3rica de artistas sevillanos. Sus obras cuentan con una gran gama de colores y tema on\u00edrico. Sus pinturas pertenecen a colecciones particulares en Espa\u00f1a, Francia, Inglaterra, Marruecos y Estados Unidos","og_url":"https:\/\/villanueva-fineart.es\/en\/product\/flores-trinidad-fernandez-montes\/","og_site_name":"Villanueva Fineart","article_modified_time":"2024-06-23T15:38:09+00:00","og_image":[{"width":890,"height":1288,"url":"https:\/\/villanueva-fineart.es\/wp-content\/uploads\/2022\/01\/116.jpg","type":"image\/jpeg"}],"twitter_card":"summary_large_image","twitter_misc":{"Estimated reading time":"1 minute"},"schema":{"@context":"https:\/\/schema.org","@graph":[{"@type":"WebPage","@id":"https:\/\/villanueva-fineart.es\/producto\/flores-trinidad-fernandez-montes\/","url":"https:\/\/villanueva-fineart.es\/producto\/flores-trinidad-fernandez-montes\/","name":"Flores I, Trinidad Fern\u00e1ndez Montes PRECIO A NEGOCIAR - Villanueva Fineart","isPartOf":{"@id":"http:\/\/villanueva-fineart.es\/#website"},"primaryImageOfPage":{"@id":"https:\/\/villanueva-fineart.es\/producto\/flores-trinidad-fernandez-montes\/#primaryimage"},"image":{"@id":"https:\/\/villanueva-fineart.es\/producto\/flores-trinidad-fernandez-montes\/#primaryimage"},"thumbnailUrl":"https:\/\/villanueva-fineart.es\/wp-content\/uploads\/2022\/01\/116.jpg","datePublished":"2022-01-30T12:42:17+00:00","dateModified":"2024-06-23T15:38:09+00:00","description":"Trinidad Fern\u00e1ndez Montes nace en Osuna en 25 de marzo de 1968. Cursa estudios en la Escuela de Artes Aplicadas de Sevilla, y recibe la influencia pict\u00f3rica de artistas sevillanos. Sus obras cuentan con una gran gama de colores y tema on\u00edrico. Sus pinturas pertenecen a colecciones particulares en Espa\u00f1a, Francia, Inglaterra, Marruecos y Estados Unidos","breadcrumb":{"@id":"https:\/\/villanueva-fineart.es\/producto\/flores-trinidad-fernandez-montes\/#breadcrumb"},"inLanguage":"en-GB","potentialAction":[{"@type":"ReadAction","target":["https:\/\/villanueva-fineart.es\/producto\/flores-trinidad-fernandez-montes\/"]}]},{"@type":"ImageObject","inLanguage":"en-GB","@id":"https:\/\/villanueva-fineart.es\/producto\/flores-trinidad-fernandez-montes\/#primaryimage","url":"https:\/\/villanueva-fineart.es\/wp-content\/uploads\/2022\/01\/116.jpg","contentUrl":"https:\/\/villanueva-fineart.es\/wp-content\/uploads\/2022\/01\/116.jpg","width":890,"height":1288},{"@type":"BreadcrumbList","@id":"https:\/\/villanueva-fineart.es\/producto\/flores-trinidad-fernandez-montes\/#breadcrumb","itemListElement":[{"@type":"ListItem","position":1,"name":"Inicio","item":"https:\/\/villanueva-fineart.es\/"},{"@type":"ListItem","position":2,"name":"Tienda","item":"https:\/\/villanueva-fineart.es\/es_es\/tienda\/"},{"@type":"ListItem","position":3,"name":"Flores I, Trinidad Fern\u00e1ndez Montes PRECIO A NEGOCIAR"}]},{"@type":"WebSite","@id":"http:\/\/villanueva-fineart.es\/#website","url":"http:\/\/villanueva-fineart.es\/","name":"Villanueva Fineart","description":"Liquidaci\u00f3n de Obras de arte","publisher":{"@id":"http:\/\/villanueva-fineart.es\/#organization"},"potentialAction":[{"@type":"SearchAction","target":{"@type":"EntryPoint","urlTemplate":"http:\/\/villanueva-fineart.es\/?s={search_term_string}"},"query-input":{"@type":"PropertyValueSpecification","valueRequired":true,"valueName":"search_term_string"}}],"inLanguage":"en-GB"},{"@type":"Organization","@id":"http:\/\/villanueva-fineart.es\/#organization","name":"Villanueva Fineart","url":"http:\/\/villanueva-fineart.es\/","logo":{"@type":"ImageObject","inLanguage":"en-GB","@id":"http:\/\/villanueva-fineart.es\/#\/schema\/logo\/image\/","url":"https:\/\/villanueva-fineart.es\/wp-content\/uploads\/2021\/11\/Logo-fineart.jpg","contentUrl":"https:\/\/villanueva-fineart.es\/wp-content\/uploads\/2021\/11\/Logo-fineart.jpg","width":200,"height":85,"caption":"Villanueva Fineart"},"image":{"@id":"http:\/\/villanueva-fineart.es\/#\/schema\/logo\/image\/"}}]}},"_links":{"self":[{"href":"https:\/\/villanueva-fineart.es\/en\/wp-json\/wp\/v2\/product\/4001","targetHints":{"allow":["GET"]}}],"collection":[{"href":"https:\/\/villanueva-fineart.es\/en\/wp-json\/wp\/v2\/product"}],"about":[{"href":"https:\/\/villanueva-fineart.es\/en\/wp-json\/wp\/v2\/types\/product"}],"wp:featuredmedia":[{"embeddable":true,"href":"https:\/\/villanueva-fineart.es\/en\/wp-json\/wp\/v2\/media\/3974"}],"wp:attachment":[{"href":"https:\/\/villanueva-fineart.es\/en\/wp-json\/wp\/v2\/media?parent=4001"}],"wp:term":[{"taxonomy":"product_brand","embeddable":true,"href":"https:\/\/villanueva-fineart.es\/en\/wp-json\/wp\/v2\/product_brand?post=4001"},{"taxonomy":"product_cat","embeddable":true,"href":"https:\/\/villanueva-fineart.es\/en\/wp-json\/wp\/v2\/product_cat?post=4001"},{"taxonomy":"product_tag","embeddable":true,"href":"https:\/\/villanueva-fineart.es\/en\/wp-json\/wp\/v2\/product_tag?post=4001"}],"curies":[{"name":"wp","href":"https:\/\/api.w.org\/{rel}","templated":true}]}}