{"id":3129,"date":"2021-12-29T19:46:04","date_gmt":"2021-12-29T19:46:04","guid":{"rendered":"https:\/\/villanueva-fineart.es\/?post_type=product&#038;p=3129"},"modified":"2022-05-07T13:11:24","modified_gmt":"2022-05-07T13:11:24","slug":"jose-caballero","status":"publish","type":"product","link":"https:\/\/villanueva-fineart.es\/en\/product\/jose-caballero\/","title":{"rendered":"Homenaje al Toro, Jos\u00e9 Caballero"},"content":{"rendered":"","protected":false},"excerpt":{"rendered":"<p>Engraving on paper \"Homenaje al Toro\" Limited edition 199\/250, hand-signed. Size 50 x 42 cm.<\/p>","protected":false},"featured_media":4300,"template":"","meta":[],"product_brand":[],"product_cat":[46,24,29],"product_tag":[],"class_list":{"0":"post-3129","1":"product","2":"type-product","3":"status-publish","4":"has-post-thumbnail","6":"product_cat-500e-y-menos","7":"product_cat-obra","8":"product_cat-grabados","9":"sales-flash-overlay","10":"woocommerce-text-align-center","11":"woocommerce-image-align-center","12":"do-quantity-buttons","14":"first","15":"instock","16":"sale","17":"sold-individually","18":"taxable","19":"shipping-taxable","20":"purchasable","21":"product-type-simple"},"yoast_head":"<!-- This site is optimized with the Yoast SEO plugin v25.9 - https:\/\/yoast.com\/wordpress\/plugins\/seo\/ -->\n<title>Homenaje al Toro, Jos\u00e9 Caballero - Villanueva Fineart<\/title>\n<meta name=\"description\" content=\"Jos\u00e9 Caballero (Huelva, 1915 - \u2020 Madrid, 1991) fue un pintor espa\u00f1ol del siglo XX.Tras estudiar en el colegio de los Padres Agustinos y el bachillerato en el Instituto de Huelva, donde da muestras indudables de su capacidad para el dibujo conoce a finales de los a\u00f1os 20 al poeta Adriano del Valle. En 1924 fallece su padre, quedando la familia en una d\u00edficil situaci\u00f3n econ\u00f3mica.En 1930 Se traslada a Madrid para estudiar Ingenier\u00eda Industrial, que abandona dos a\u00f1os despu\u00e9s para ingresar en la Escuela de Bellas Artes de San Fernando y continuar con sus clases en el estudio de Daniel V\u00e1zquez D\u00edaz, a quien hab\u00eda conocido en Huelva, pintando los murales de Monasterio de la R\u00e1bida. A trav\u00e9s de su maestro entra en contacto con los artistas e intelectuales m\u00e1s destacados de aqu\u00e9l momento. Poco tiempo despu\u00e9s, junto a otros artistas como Federico Garc\u00eda Lorca, colabora en el Ateneo de Huelva en una exposici\u00f3n tan pol\u00e9mica que fue clausurada a la hora de inaugurarse.\" \/>\n<meta name=\"robots\" content=\"index, follow, max-snippet:-1, max-image-preview:large, max-video-preview:-1\" \/>\n<link rel=\"canonical\" href=\"https:\/\/villanueva-fineart.es\/en\/product\/jose-caballero\/\" \/>\n<meta property=\"og:locale\" content=\"en_GB\" \/>\n<meta property=\"og:type\" content=\"article\" \/>\n<meta property=\"og:title\" content=\"Homenaje al Toro, Jos\u00e9 Caballero - Villanueva Fineart\" \/>\n<meta property=\"og:description\" content=\"Jos\u00e9 Caballero (Huelva, 1915 - \u2020 Madrid, 1991) fue un pintor espa\u00f1ol del siglo XX.Tras estudiar en el colegio de los Padres Agustinos y el bachillerato en el Instituto de Huelva, donde da muestras indudables de su capacidad para el dibujo conoce a finales de los a\u00f1os 20 al poeta Adriano del Valle. En 1924 fallece su padre, quedando la familia en una d\u00edficil situaci\u00f3n econ\u00f3mica.En 1930 Se traslada a Madrid para estudiar Ingenier\u00eda Industrial, que abandona dos a\u00f1os despu\u00e9s para ingresar en la Escuela de Bellas Artes de San Fernando y continuar con sus clases en el estudio de Daniel V\u00e1zquez D\u00edaz, a quien hab\u00eda conocido en Huelva, pintando los murales de Monasterio de la R\u00e1bida. A trav\u00e9s de su maestro entra en contacto con los artistas e intelectuales m\u00e1s destacados de aqu\u00e9l momento. Poco tiempo despu\u00e9s, junto a otros artistas como Federico Garc\u00eda Lorca, colabora en el Ateneo de Huelva en una exposici\u00f3n tan pol\u00e9mica que fue clausurada a la hora de inaugurarse.\" \/>\n<meta property=\"og:url\" content=\"https:\/\/villanueva-fineart.es\/en\/product\/jose-caballero\/\" \/>\n<meta property=\"og:site_name\" content=\"Villanueva Fineart\" \/>\n<meta property=\"article:modified_time\" content=\"2022-05-07T13:11:24+00:00\" \/>\n<meta property=\"og:image\" content=\"https:\/\/villanueva-fineart.es\/wp-content\/uploads\/2022\/02\/69.jpg\" \/>\n\t<meta property=\"og:image:width\" content=\"890\" \/>\n\t<meta property=\"og:image:height\" content=\"1029\" \/>\n\t<meta property=\"og:image:type\" content=\"image\/jpeg\" \/>\n<meta name=\"twitter:card\" content=\"summary_large_image\" \/>\n<script type=\"application\/ld+json\" class=\"yoast-schema-graph\">{\"@context\":\"https:\/\/schema.org\",\"@graph\":[{\"@type\":\"WebPage\",\"@id\":\"https:\/\/villanueva-fineart.es\/en\/product\/jose-caballero\/\",\"url\":\"https:\/\/villanueva-fineart.es\/en\/product\/jose-caballero\/\",\"name\":\"Homenaje al Toro, Jos\u00e9 Caballero - Villanueva Fineart\",\"isPartOf\":{\"@id\":\"http:\/\/villanueva-fineart.es\/#website\"},\"primaryImageOfPage\":{\"@id\":\"https:\/\/villanueva-fineart.es\/en\/product\/jose-caballero\/#primaryimage\"},\"image\":{\"@id\":\"https:\/\/villanueva-fineart.es\/en\/product\/jose-caballero\/#primaryimage\"},\"thumbnailUrl\":\"https:\/\/villanueva-fineart.es\/wp-content\/uploads\/2022\/02\/69.jpg\",\"datePublished\":\"2021-12-29T19:46:04+00:00\",\"dateModified\":\"2022-05-07T13:11:24+00:00\",\"description\":\"Jos\u00e9 Caballero (Huelva, 1915 - \u2020 Madrid, 1991) fue un pintor espa\u00f1ol del siglo XX.Tras estudiar en el colegio de los Padres Agustinos y el bachillerato en el Instituto de Huelva, donde da muestras indudables de su capacidad para el dibujo conoce a finales de los a\u00f1os 20 al poeta Adriano del Valle. En 1924 fallece su padre, quedando la familia en una d\u00edficil situaci\u00f3n econ\u00f3mica.En 1930 Se traslada a Madrid para estudiar Ingenier\u00eda Industrial, que abandona dos a\u00f1os despu\u00e9s para ingresar en la Escuela de Bellas Artes de San Fernando y continuar con sus clases en el estudio de Daniel V\u00e1zquez D\u00edaz, a quien hab\u00eda conocido en Huelva, pintando los murales de Monasterio de la R\u00e1bida. A trav\u00e9s de su maestro entra en contacto con los artistas e intelectuales m\u00e1s destacados de aqu\u00e9l momento. Poco tiempo despu\u00e9s, junto a otros artistas como Federico Garc\u00eda Lorca, colabora en el Ateneo de Huelva en una exposici\u00f3n tan pol\u00e9mica que fue clausurada a la hora de inaugurarse.\",\"breadcrumb\":{\"@id\":\"https:\/\/villanueva-fineart.es\/en\/product\/jose-caballero\/#breadcrumb\"},\"inLanguage\":\"en-GB\",\"potentialAction\":[{\"@type\":\"ReadAction\",\"target\":[\"https:\/\/villanueva-fineart.es\/en\/product\/jose-caballero\/\"]}]},{\"@type\":\"ImageObject\",\"inLanguage\":\"en-GB\",\"@id\":\"https:\/\/villanueva-fineart.es\/en\/product\/jose-caballero\/#primaryimage\",\"url\":\"https:\/\/villanueva-fineart.es\/wp-content\/uploads\/2022\/02\/69.jpg\",\"contentUrl\":\"https:\/\/villanueva-fineart.es\/wp-content\/uploads\/2022\/02\/69.jpg\",\"width\":890,\"height\":1029,\"caption\":\"?????????????\"},{\"@type\":\"BreadcrumbList\",\"@id\":\"https:\/\/villanueva-fineart.es\/en\/product\/jose-caballero\/#breadcrumb\",\"itemListElement\":[{\"@type\":\"ListItem\",\"position\":1,\"name\":\"Inicio\",\"item\":\"https:\/\/villanueva-fineart.es\/\"},{\"@type\":\"ListItem\",\"position\":2,\"name\":\"Tienda\",\"item\":\"https:\/\/villanueva-fineart.es\/es_es\/tienda\/\"},{\"@type\":\"ListItem\",\"position\":3,\"name\":\"Homenaje al Toro, Jos\u00e9 Caballero\"}]},{\"@type\":\"WebSite\",\"@id\":\"http:\/\/villanueva-fineart.es\/#website\",\"url\":\"http:\/\/villanueva-fineart.es\/\",\"name\":\"Villanueva Fineart\",\"description\":\"Liquidaci\u00f3n de Obras de arte\",\"publisher\":{\"@id\":\"http:\/\/villanueva-fineart.es\/#organization\"},\"potentialAction\":[{\"@type\":\"SearchAction\",\"target\":{\"@type\":\"EntryPoint\",\"urlTemplate\":\"http:\/\/villanueva-fineart.es\/?s={search_term_string}\"},\"query-input\":{\"@type\":\"PropertyValueSpecification\",\"valueRequired\":true,\"valueName\":\"search_term_string\"}}],\"inLanguage\":\"en-GB\"},{\"@type\":\"Organization\",\"@id\":\"http:\/\/villanueva-fineart.es\/#organization\",\"name\":\"Villanueva Fineart\",\"url\":\"http:\/\/villanueva-fineart.es\/\",\"logo\":{\"@type\":\"ImageObject\",\"inLanguage\":\"en-GB\",\"@id\":\"http:\/\/villanueva-fineart.es\/#\/schema\/logo\/image\/\",\"url\":\"https:\/\/villanueva-fineart.es\/wp-content\/uploads\/2021\/11\/Logo-fineart.jpg\",\"contentUrl\":\"https:\/\/villanueva-fineart.es\/wp-content\/uploads\/2021\/11\/Logo-fineart.jpg\",\"width\":200,\"height\":85,\"caption\":\"Villanueva Fineart\"},\"image\":{\"@id\":\"http:\/\/villanueva-fineart.es\/#\/schema\/logo\/image\/\"}}]}<\/script>\n<!-- \/ Yoast SEO plugin. -->","yoast_head_json":{"title":"Homenaje al Toro, Jos\u00e9 Caballero - Villanueva Fineart","description":"Jos\u00e9 Caballero (Huelva, 1915 - \u2020 Madrid, 1991) fue un pintor espa\u00f1ol del siglo XX.Tras estudiar en el colegio de los Padres Agustinos y el bachillerato en el Instituto de Huelva, donde da muestras indudables de su capacidad para el dibujo conoce a finales de los a\u00f1os 20 al poeta Adriano del Valle. En 1924 fallece su padre, quedando la familia en una d\u00edficil situaci\u00f3n econ\u00f3mica.En 1930 Se traslada a Madrid para estudiar Ingenier\u00eda Industrial, que abandona dos a\u00f1os despu\u00e9s para ingresar en la Escuela de Bellas Artes de San Fernando y continuar con sus clases en el estudio de Daniel V\u00e1zquez D\u00edaz, a quien hab\u00eda conocido en Huelva, pintando los murales de Monasterio de la R\u00e1bida. A trav\u00e9s de su maestro entra en contacto con los artistas e intelectuales m\u00e1s destacados de aqu\u00e9l momento. Poco tiempo despu\u00e9s, junto a otros artistas como Federico Garc\u00eda Lorca, colabora en el Ateneo de Huelva en una exposici\u00f3n tan pol\u00e9mica que fue clausurada a la hora de inaugurarse.","robots":{"index":"index","follow":"follow","max-snippet":"max-snippet:-1","max-image-preview":"max-image-preview:large","max-video-preview":"max-video-preview:-1"},"canonical":"https:\/\/villanueva-fineart.es\/en\/product\/jose-caballero\/","og_locale":"en_GB","og_type":"article","og_title":"Homenaje al Toro, Jos\u00e9 Caballero - Villanueva Fineart","og_description":"Jos\u00e9 Caballero (Huelva, 1915 - \u2020 Madrid, 1991) fue un pintor espa\u00f1ol del siglo XX.Tras estudiar en el colegio de los Padres Agustinos y el bachillerato en el Instituto de Huelva, donde da muestras indudables de su capacidad para el dibujo conoce a finales de los a\u00f1os 20 al poeta Adriano del Valle. En 1924 fallece su padre, quedando la familia en una d\u00edficil situaci\u00f3n econ\u00f3mica.En 1930 Se traslada a Madrid para estudiar Ingenier\u00eda Industrial, que abandona dos a\u00f1os despu\u00e9s para ingresar en la Escuela de Bellas Artes de San Fernando y continuar con sus clases en el estudio de Daniel V\u00e1zquez D\u00edaz, a quien hab\u00eda conocido en Huelva, pintando los murales de Monasterio de la R\u00e1bida. A trav\u00e9s de su maestro entra en contacto con los artistas e intelectuales m\u00e1s destacados de aqu\u00e9l momento. Poco tiempo despu\u00e9s, junto a otros artistas como Federico Garc\u00eda Lorca, colabora en el Ateneo de Huelva en una exposici\u00f3n tan pol\u00e9mica que fue clausurada a la hora de inaugurarse.","og_url":"https:\/\/villanueva-fineart.es\/en\/product\/jose-caballero\/","og_site_name":"Villanueva Fineart","article_modified_time":"2022-05-07T13:11:24+00:00","og_image":[{"width":890,"height":1029,"url":"https:\/\/villanueva-fineart.es\/wp-content\/uploads\/2022\/02\/69.jpg","type":"image\/jpeg"}],"twitter_card":"summary_large_image","schema":{"@context":"https:\/\/schema.org","@graph":[{"@type":"WebPage","@id":"https:\/\/villanueva-fineart.es\/en\/product\/jose-caballero\/","url":"https:\/\/villanueva-fineart.es\/en\/product\/jose-caballero\/","name":"Homenaje al Toro, Jos\u00e9 Caballero - Villanueva Fineart","isPartOf":{"@id":"http:\/\/villanueva-fineart.es\/#website"},"primaryImageOfPage":{"@id":"https:\/\/villanueva-fineart.es\/en\/product\/jose-caballero\/#primaryimage"},"image":{"@id":"https:\/\/villanueva-fineart.es\/en\/product\/jose-caballero\/#primaryimage"},"thumbnailUrl":"https:\/\/villanueva-fineart.es\/wp-content\/uploads\/2022\/02\/69.jpg","datePublished":"2021-12-29T19:46:04+00:00","dateModified":"2022-05-07T13:11:24+00:00","description":"Jos\u00e9 Caballero (Huelva, 1915 - \u2020 Madrid, 1991) fue un pintor espa\u00f1ol del siglo XX.Tras estudiar en el colegio de los Padres Agustinos y el bachillerato en el Instituto de Huelva, donde da muestras indudables de su capacidad para el dibujo conoce a finales de los a\u00f1os 20 al poeta Adriano del Valle. En 1924 fallece su padre, quedando la familia en una d\u00edficil situaci\u00f3n econ\u00f3mica.En 1930 Se traslada a Madrid para estudiar Ingenier\u00eda Industrial, que abandona dos a\u00f1os despu\u00e9s para ingresar en la Escuela de Bellas Artes de San Fernando y continuar con sus clases en el estudio de Daniel V\u00e1zquez D\u00edaz, a quien hab\u00eda conocido en Huelva, pintando los murales de Monasterio de la R\u00e1bida. A trav\u00e9s de su maestro entra en contacto con los artistas e intelectuales m\u00e1s destacados de aqu\u00e9l momento. Poco tiempo despu\u00e9s, junto a otros artistas como Federico Garc\u00eda Lorca, colabora en el Ateneo de Huelva en una exposici\u00f3n tan pol\u00e9mica que fue clausurada a la hora de inaugurarse.","breadcrumb":{"@id":"https:\/\/villanueva-fineart.es\/en\/product\/jose-caballero\/#breadcrumb"},"inLanguage":"en-GB","potentialAction":[{"@type":"ReadAction","target":["https:\/\/villanueva-fineart.es\/en\/product\/jose-caballero\/"]}]},{"@type":"ImageObject","inLanguage":"en-GB","@id":"https:\/\/villanueva-fineart.es\/en\/product\/jose-caballero\/#primaryimage","url":"https:\/\/villanueva-fineart.es\/wp-content\/uploads\/2022\/02\/69.jpg","contentUrl":"https:\/\/villanueva-fineart.es\/wp-content\/uploads\/2022\/02\/69.jpg","width":890,"height":1029,"caption":"?????????????"},{"@type":"BreadcrumbList","@id":"https:\/\/villanueva-fineart.es\/en\/product\/jose-caballero\/#breadcrumb","itemListElement":[{"@type":"ListItem","position":1,"name":"Inicio","item":"https:\/\/villanueva-fineart.es\/"},{"@type":"ListItem","position":2,"name":"Tienda","item":"https:\/\/villanueva-fineart.es\/es_es\/tienda\/"},{"@type":"ListItem","position":3,"name":"Homenaje al Toro, Jos\u00e9 Caballero"}]},{"@type":"WebSite","@id":"http:\/\/villanueva-fineart.es\/#website","url":"http:\/\/villanueva-fineart.es\/","name":"Villanueva Fineart","description":"Liquidaci\u00f3n de Obras de arte","publisher":{"@id":"http:\/\/villanueva-fineart.es\/#organization"},"potentialAction":[{"@type":"SearchAction","target":{"@type":"EntryPoint","urlTemplate":"http:\/\/villanueva-fineart.es\/?s={search_term_string}"},"query-input":{"@type":"PropertyValueSpecification","valueRequired":true,"valueName":"search_term_string"}}],"inLanguage":"en-GB"},{"@type":"Organization","@id":"http:\/\/villanueva-fineart.es\/#organization","name":"Villanueva Fineart","url":"http:\/\/villanueva-fineart.es\/","logo":{"@type":"ImageObject","inLanguage":"en-GB","@id":"http:\/\/villanueva-fineart.es\/#\/schema\/logo\/image\/","url":"https:\/\/villanueva-fineart.es\/wp-content\/uploads\/2021\/11\/Logo-fineart.jpg","contentUrl":"https:\/\/villanueva-fineart.es\/wp-content\/uploads\/2021\/11\/Logo-fineart.jpg","width":200,"height":85,"caption":"Villanueva Fineart"},"image":{"@id":"http:\/\/villanueva-fineart.es\/#\/schema\/logo\/image\/"}}]}},"_links":{"self":[{"href":"https:\/\/villanueva-fineart.es\/en\/wp-json\/wp\/v2\/product\/3129","targetHints":{"allow":["GET"]}}],"collection":[{"href":"https:\/\/villanueva-fineart.es\/en\/wp-json\/wp\/v2\/product"}],"about":[{"href":"https:\/\/villanueva-fineart.es\/en\/wp-json\/wp\/v2\/types\/product"}],"wp:featuredmedia":[{"embeddable":true,"href":"https:\/\/villanueva-fineart.es\/en\/wp-json\/wp\/v2\/media\/4300"}],"wp:attachment":[{"href":"https:\/\/villanueva-fineart.es\/en\/wp-json\/wp\/v2\/media?parent=3129"}],"wp:term":[{"taxonomy":"product_brand","embeddable":true,"href":"https:\/\/villanueva-fineart.es\/en\/wp-json\/wp\/v2\/product_brand?post=3129"},{"taxonomy":"product_cat","embeddable":true,"href":"https:\/\/villanueva-fineart.es\/en\/wp-json\/wp\/v2\/product_cat?post=3129"},{"taxonomy":"product_tag","embeddable":true,"href":"https:\/\/villanueva-fineart.es\/en\/wp-json\/wp\/v2\/product_tag?post=3129"}],"curies":[{"name":"wp","href":"https:\/\/api.w.org\/{rel}","templated":true}]}}