{"id":2842,"date":"2021-12-26T21:14:06","date_gmt":"2021-12-26T21:14:06","guid":{"rendered":"https:\/\/villanueva-fineart.es\/?post_type=product&#038;p=2842"},"modified":"2022-05-07T15:33:36","modified_gmt":"2022-05-07T15:33:36","slug":"pueblo-sanchez-garcia","status":"publish","type":"product","link":"https:\/\/villanueva-fineart.es\/en\/product\/pueblo-sanchez-garcia\/","title":{"rendered":"Pueblo, Jos\u00e9 Luis S\u00e1nchez Garc\u00eda"},"content":{"rendered":"","protected":false},"excerpt":{"rendered":"<p>Village, oil on panel, signed, 28 x 35 cm.<\/p>","protected":false},"featured_media":2847,"template":"","meta":[],"product_brand":[],"product_cat":[46,24,31,37,26],"product_tag":[],"class_list":{"0":"post-2842","1":"product","2":"type-product","3":"status-publish","4":"has-post-thumbnail","6":"product_cat-500e-y-menos","7":"product_cat-obra","8":"product_cat-oleo","9":"product_cat-paisajes-obra","10":"product_cat-vistas-urbanas","11":"sales-flash-overlay","12":"woocommerce-text-align-center","13":"woocommerce-image-align-center","14":"do-quantity-buttons","16":"first","17":"instock","18":"sale","19":"sold-individually","20":"taxable","21":"shipping-taxable","22":"purchasable","23":"product-type-simple"},"yoast_head":"<!-- This site is optimized with the Yoast SEO plugin v25.9 - https:\/\/yoast.com\/wordpress\/plugins\/seo\/ -->\n<title>Pueblo, Jos\u00e9 Luis S\u00e1nchez Garc\u00eda - Villanueva Fineart<\/title>\n<meta name=\"description\" content=\"Jos\u00e9 Luis S\u00e1nchez Garc\u00eda (Sevilla 1945)\" \/>\n<meta name=\"robots\" content=\"index, follow, max-snippet:-1, max-image-preview:large, max-video-preview:-1\" \/>\n<link rel=\"canonical\" href=\"https:\/\/villanueva-fineart.es\/en\/product\/pueblo-sanchez-garcia\/\" \/>\n<meta property=\"og:locale\" content=\"en_GB\" \/>\n<meta property=\"og:type\" content=\"article\" \/>\n<meta property=\"og:title\" content=\"Pueblo, Jos\u00e9 Luis S\u00e1nchez Garc\u00eda - Villanueva Fineart\" \/>\n<meta property=\"og:description\" content=\"Jos\u00e9 Luis S\u00e1nchez Garc\u00eda (Sevilla 1945)\" \/>\n<meta property=\"og:url\" content=\"https:\/\/villanueva-fineart.es\/en\/product\/pueblo-sanchez-garcia\/\" \/>\n<meta property=\"og:site_name\" content=\"Villanueva Fineart\" \/>\n<meta property=\"article:modified_time\" content=\"2022-05-07T15:33:36+00:00\" \/>\n<meta property=\"og:image\" content=\"https:\/\/villanueva-fineart.es\/wp-content\/uploads\/2021\/12\/Sanchez-Garcia-1.jpg\" \/>\n\t<meta property=\"og:image:width\" content=\"890\" \/>\n\t<meta property=\"og:image:height\" content=\"664\" \/>\n\t<meta property=\"og:image:type\" content=\"image\/jpeg\" \/>\n<meta name=\"twitter:card\" content=\"summary_large_image\" \/>\n<script type=\"application\/ld+json\" class=\"yoast-schema-graph\">{\"@context\":\"https:\/\/schema.org\",\"@graph\":[{\"@type\":\"WebPage\",\"@id\":\"https:\/\/villanueva-fineart.es\/en\/product\/pueblo-sanchez-garcia\/\",\"url\":\"https:\/\/villanueva-fineart.es\/en\/product\/pueblo-sanchez-garcia\/\",\"name\":\"Pueblo, Jos\u00e9 Luis S\u00e1nchez Garc\u00eda - Villanueva Fineart\",\"isPartOf\":{\"@id\":\"http:\/\/villanueva-fineart.es\/#website\"},\"primaryImageOfPage\":{\"@id\":\"https:\/\/villanueva-fineart.es\/en\/product\/pueblo-sanchez-garcia\/#primaryimage\"},\"image\":{\"@id\":\"https:\/\/villanueva-fineart.es\/en\/product\/pueblo-sanchez-garcia\/#primaryimage\"},\"thumbnailUrl\":\"https:\/\/villanueva-fineart.es\/wp-content\/uploads\/2021\/12\/Sanchez-Garcia-1.jpg\",\"datePublished\":\"2021-12-26T21:14:06+00:00\",\"dateModified\":\"2022-05-07T15:33:36+00:00\",\"description\":\"Jos\u00e9 Luis S\u00e1nchez Garc\u00eda (Sevilla 1945)\",\"breadcrumb\":{\"@id\":\"https:\/\/villanueva-fineart.es\/en\/product\/pueblo-sanchez-garcia\/#breadcrumb\"},\"inLanguage\":\"en-GB\",\"potentialAction\":[{\"@type\":\"ReadAction\",\"target\":[\"https:\/\/villanueva-fineart.es\/en\/product\/pueblo-sanchez-garcia\/\"]}]},{\"@type\":\"ImageObject\",\"inLanguage\":\"en-GB\",\"@id\":\"https:\/\/villanueva-fineart.es\/en\/product\/pueblo-sanchez-garcia\/#primaryimage\",\"url\":\"https:\/\/villanueva-fineart.es\/wp-content\/uploads\/2021\/12\/Sanchez-Garcia-1.jpg\",\"contentUrl\":\"https:\/\/villanueva-fineart.es\/wp-content\/uploads\/2021\/12\/Sanchez-Garcia-1.jpg\",\"width\":890,\"height\":664},{\"@type\":\"BreadcrumbList\",\"@id\":\"https:\/\/villanueva-fineart.es\/en\/product\/pueblo-sanchez-garcia\/#breadcrumb\",\"itemListElement\":[{\"@type\":\"ListItem\",\"position\":1,\"name\":\"Inicio\",\"item\":\"https:\/\/villanueva-fineart.es\/\"},{\"@type\":\"ListItem\",\"position\":2,\"name\":\"Tienda\",\"item\":\"https:\/\/villanueva-fineart.es\/es_es\/tienda\/\"},{\"@type\":\"ListItem\",\"position\":3,\"name\":\"Pueblo, Jos\u00e9 Luis S\u00e1nchez Garc\u00eda\"}]},{\"@type\":\"WebSite\",\"@id\":\"http:\/\/villanueva-fineart.es\/#website\",\"url\":\"http:\/\/villanueva-fineart.es\/\",\"name\":\"Villanueva Fineart\",\"description\":\"Liquidaci\u00f3n de Obras de arte\",\"publisher\":{\"@id\":\"http:\/\/villanueva-fineart.es\/#organization\"},\"potentialAction\":[{\"@type\":\"SearchAction\",\"target\":{\"@type\":\"EntryPoint\",\"urlTemplate\":\"http:\/\/villanueva-fineart.es\/?s={search_term_string}\"},\"query-input\":{\"@type\":\"PropertyValueSpecification\",\"valueRequired\":true,\"valueName\":\"search_term_string\"}}],\"inLanguage\":\"en-GB\"},{\"@type\":\"Organization\",\"@id\":\"http:\/\/villanueva-fineart.es\/#organization\",\"name\":\"Villanueva Fineart\",\"url\":\"http:\/\/villanueva-fineart.es\/\",\"logo\":{\"@type\":\"ImageObject\",\"inLanguage\":\"en-GB\",\"@id\":\"http:\/\/villanueva-fineart.es\/#\/schema\/logo\/image\/\",\"url\":\"https:\/\/villanueva-fineart.es\/wp-content\/uploads\/2021\/11\/Logo-fineart.jpg\",\"contentUrl\":\"https:\/\/villanueva-fineart.es\/wp-content\/uploads\/2021\/11\/Logo-fineart.jpg\",\"width\":200,\"height\":85,\"caption\":\"Villanueva Fineart\"},\"image\":{\"@id\":\"http:\/\/villanueva-fineart.es\/#\/schema\/logo\/image\/\"}}]}<\/script>\n<!-- \/ Yoast SEO plugin. -->","yoast_head_json":{"title":"Pueblo, Jos\u00e9 Luis S\u00e1nchez Garc\u00eda - Villanueva Fineart","description":"Jos\u00e9 Luis S\u00e1nchez Garc\u00eda (Sevilla 1945)","robots":{"index":"index","follow":"follow","max-snippet":"max-snippet:-1","max-image-preview":"max-image-preview:large","max-video-preview":"max-video-preview:-1"},"canonical":"https:\/\/villanueva-fineart.es\/en\/product\/pueblo-sanchez-garcia\/","og_locale":"en_GB","og_type":"article","og_title":"Pueblo, Jos\u00e9 Luis S\u00e1nchez Garc\u00eda - Villanueva Fineart","og_description":"Jos\u00e9 Luis S\u00e1nchez Garc\u00eda (Sevilla 1945)","og_url":"https:\/\/villanueva-fineart.es\/en\/product\/pueblo-sanchez-garcia\/","og_site_name":"Villanueva Fineart","article_modified_time":"2022-05-07T15:33:36+00:00","og_image":[{"width":890,"height":664,"url":"https:\/\/villanueva-fineart.es\/wp-content\/uploads\/2021\/12\/Sanchez-Garcia-1.jpg","type":"image\/jpeg"}],"twitter_card":"summary_large_image","schema":{"@context":"https:\/\/schema.org","@graph":[{"@type":"WebPage","@id":"https:\/\/villanueva-fineart.es\/en\/product\/pueblo-sanchez-garcia\/","url":"https:\/\/villanueva-fineart.es\/en\/product\/pueblo-sanchez-garcia\/","name":"Pueblo, Jos\u00e9 Luis S\u00e1nchez Garc\u00eda - Villanueva Fineart","isPartOf":{"@id":"http:\/\/villanueva-fineart.es\/#website"},"primaryImageOfPage":{"@id":"https:\/\/villanueva-fineart.es\/en\/product\/pueblo-sanchez-garcia\/#primaryimage"},"image":{"@id":"https:\/\/villanueva-fineart.es\/en\/product\/pueblo-sanchez-garcia\/#primaryimage"},"thumbnailUrl":"https:\/\/villanueva-fineart.es\/wp-content\/uploads\/2021\/12\/Sanchez-Garcia-1.jpg","datePublished":"2021-12-26T21:14:06+00:00","dateModified":"2022-05-07T15:33:36+00:00","description":"Jos\u00e9 Luis S\u00e1nchez Garc\u00eda (Sevilla 1945)","breadcrumb":{"@id":"https:\/\/villanueva-fineart.es\/en\/product\/pueblo-sanchez-garcia\/#breadcrumb"},"inLanguage":"en-GB","potentialAction":[{"@type":"ReadAction","target":["https:\/\/villanueva-fineart.es\/en\/product\/pueblo-sanchez-garcia\/"]}]},{"@type":"ImageObject","inLanguage":"en-GB","@id":"https:\/\/villanueva-fineart.es\/en\/product\/pueblo-sanchez-garcia\/#primaryimage","url":"https:\/\/villanueva-fineart.es\/wp-content\/uploads\/2021\/12\/Sanchez-Garcia-1.jpg","contentUrl":"https:\/\/villanueva-fineart.es\/wp-content\/uploads\/2021\/12\/Sanchez-Garcia-1.jpg","width":890,"height":664},{"@type":"BreadcrumbList","@id":"https:\/\/villanueva-fineart.es\/en\/product\/pueblo-sanchez-garcia\/#breadcrumb","itemListElement":[{"@type":"ListItem","position":1,"name":"Inicio","item":"https:\/\/villanueva-fineart.es\/"},{"@type":"ListItem","position":2,"name":"Tienda","item":"https:\/\/villanueva-fineart.es\/es_es\/tienda\/"},{"@type":"ListItem","position":3,"name":"Pueblo, Jos\u00e9 Luis S\u00e1nchez Garc\u00eda"}]},{"@type":"WebSite","@id":"http:\/\/villanueva-fineart.es\/#website","url":"http:\/\/villanueva-fineart.es\/","name":"Villanueva Fineart","description":"Liquidaci\u00f3n de Obras de arte","publisher":{"@id":"http:\/\/villanueva-fineart.es\/#organization"},"potentialAction":[{"@type":"SearchAction","target":{"@type":"EntryPoint","urlTemplate":"http:\/\/villanueva-fineart.es\/?s={search_term_string}"},"query-input":{"@type":"PropertyValueSpecification","valueRequired":true,"valueName":"search_term_string"}}],"inLanguage":"en-GB"},{"@type":"Organization","@id":"http:\/\/villanueva-fineart.es\/#organization","name":"Villanueva Fineart","url":"http:\/\/villanueva-fineart.es\/","logo":{"@type":"ImageObject","inLanguage":"en-GB","@id":"http:\/\/villanueva-fineart.es\/#\/schema\/logo\/image\/","url":"https:\/\/villanueva-fineart.es\/wp-content\/uploads\/2021\/11\/Logo-fineart.jpg","contentUrl":"https:\/\/villanueva-fineart.es\/wp-content\/uploads\/2021\/11\/Logo-fineart.jpg","width":200,"height":85,"caption":"Villanueva Fineart"},"image":{"@id":"http:\/\/villanueva-fineart.es\/#\/schema\/logo\/image\/"}}]}},"_links":{"self":[{"href":"https:\/\/villanueva-fineart.es\/en\/wp-json\/wp\/v2\/product\/2842","targetHints":{"allow":["GET"]}}],"collection":[{"href":"https:\/\/villanueva-fineart.es\/en\/wp-json\/wp\/v2\/product"}],"about":[{"href":"https:\/\/villanueva-fineart.es\/en\/wp-json\/wp\/v2\/types\/product"}],"wp:featuredmedia":[{"embeddable":true,"href":"https:\/\/villanueva-fineart.es\/en\/wp-json\/wp\/v2\/media\/2847"}],"wp:attachment":[{"href":"https:\/\/villanueva-fineart.es\/en\/wp-json\/wp\/v2\/media?parent=2842"}],"wp:term":[{"taxonomy":"product_brand","embeddable":true,"href":"https:\/\/villanueva-fineart.es\/en\/wp-json\/wp\/v2\/product_brand?post=2842"},{"taxonomy":"product_cat","embeddable":true,"href":"https:\/\/villanueva-fineart.es\/en\/wp-json\/wp\/v2\/product_cat?post=2842"},{"taxonomy":"product_tag","embeddable":true,"href":"https:\/\/villanueva-fineart.es\/en\/wp-json\/wp\/v2\/product_tag?post=2842"}],"curies":[{"name":"wp","href":"https:\/\/api.w.org\/{rel}","templated":true}]}}