{"id":4880,"date":"2022-04-25T16:39:05","date_gmt":"2022-04-25T16:39:05","guid":{"rendered":"https:\/\/villanueva-fineart.es\/?page_id=4880"},"modified":"2022-05-07T11:09:04","modified_gmt":"2022-05-07T11:09:04","slug":"ulises-sagredo","status":"publish","type":"page","link":"https:\/\/villanueva-fineart.es\/en\/ulises-sagredo\/","title":{"rendered":"Ulises Sagredo"},"content":{"rendered":"<div data-elementor-type=\"wp-page\" data-elementor-id=\"4880\" class=\"elementor elementor-4880\" data-elementor-post-type=\"page\">\n\t\t\t\t\t\t<section class=\"elementor-section elementor-top-section elementor-element elementor-element-7da3ceb elementor-section-full_width elementor-section-height-default elementor-section-height-default\" data-id=\"7da3ceb\" data-element_type=\"section\">\n\t\t\t\t\t\t<div class=\"elementor-container elementor-column-gap-default\">\n\t\t\t\t\t<div class=\"elementor-column elementor-col-100 elementor-top-column elementor-element elementor-element-fe60994\" data-id=\"fe60994\" data-element_type=\"column\">\n\t\t\t<div class=\"elementor-widget-wrap elementor-element-populated\">\n\t\t\t\t\t\t<div class=\"elementor-element elementor-element-019e990 elementor-widget-divider--view-line elementor-widget elementor-widget-divider\" data-id=\"019e990\" data-element_type=\"widget\" data-widget_type=\"divider.default\">\n\t\t\t\t<div class=\"elementor-widget-container\">\n\t\t\t\t\t\t\t<div class=\"elementor-divider\">\n\t\t\t<span class=\"elementor-divider-separator\">\n\t\t\t\t\t\t<\/span>\n\t\t<\/div>\n\t\t\t\t\t\t<\/div>\n\t\t\t\t<\/div>\n\t\t\t\t\t<\/div>\n\t\t<\/div>\n\t\t\t\t\t<\/div>\n\t\t<\/section>\n\t\t\t\t<section class=\"elementor-section elementor-top-section elementor-element elementor-element-04cd1bb elementor-section-boxed elementor-section-height-default elementor-section-height-default\" data-id=\"04cd1bb\" data-element_type=\"section\">\n\t\t\t\t\t\t<div class=\"elementor-container elementor-column-gap-default\">\n\t\t\t\t\t<div class=\"elementor-column elementor-col-50 elementor-top-column elementor-element elementor-element-fd0b1ae\" data-id=\"fd0b1ae\" data-element_type=\"column\">\n\t\t\t<div class=\"elementor-widget-wrap elementor-element-populated\">\n\t\t\t\t\t\t<div class=\"elementor-element elementor-element-6484428 elementor-widget elementor-widget-image\" data-id=\"6484428\" data-element_type=\"widget\" data-widget_type=\"image.default\">\n\t\t\t\t<div class=\"elementor-widget-container\">\n\t\t\t\t\t\t\t\t\t\t\t\t\t\t\t\t<a href=\"https:\/\/villanueva-fineart.es\/en\/ulises-sagredo\/\">\n\t\t\t\t\t\t\t<img fetchpriority=\"high\" decoding=\"async\" width=\"768\" height=\"614\" src=\"https:\/\/villanueva-fineart.es\/wp-content\/uploads\/2022\/04\/Ulises-Sagredo-1-768x614.jpg\" class=\"attachment-medium_large size-medium_large wp-image-4882\" alt=\"\" srcset=\"https:\/\/villanueva-fineart.es\/wp-content\/uploads\/2022\/04\/Ulises-Sagredo-1-768x614.jpg 768w, https:\/\/villanueva-fineart.es\/wp-content\/uploads\/2022\/04\/Ulises-Sagredo-1-300x240.jpg 300w, https:\/\/villanueva-fineart.es\/wp-content\/uploads\/2022\/04\/Ulises-Sagredo-1-1024x819.jpg 1024w, https:\/\/villanueva-fineart.es\/wp-content\/uploads\/2022\/04\/Ulises-Sagredo-1-1536x1229.jpg 1536w, https:\/\/villanueva-fineart.es\/wp-content\/uploads\/2022\/04\/Ulises-Sagredo-1-15x12.jpg 15w, https:\/\/villanueva-fineart.es\/wp-content\/uploads\/2022\/04\/Ulises-Sagredo-1-600x480.jpg 600w, https:\/\/villanueva-fineart.es\/wp-content\/uploads\/2022\/04\/Ulises-Sagredo-1.jpg 1919w\" sizes=\"(max-width: 768px) 100vw, 768px\" \/>\t\t\t\t\t\t\t\t<\/a>\n\t\t\t\t\t\t\t\t\t\t\t\t\t\t\t<\/div>\n\t\t\t\t<\/div>\n\t\t\t\t\t<\/div>\n\t\t<\/div>\n\t\t\t\t<div class=\"elementor-column elementor-col-50 elementor-top-column elementor-element elementor-element-6463cb3\" data-id=\"6463cb3\" data-element_type=\"column\">\n\t\t\t<div class=\"elementor-widget-wrap elementor-element-populated\">\n\t\t\t\t\t\t<div class=\"elementor-element elementor-element-4667ff2 elementor-widget elementor-widget-heading\" data-id=\"4667ff2\" data-element_type=\"widget\" data-widget_type=\"heading.default\">\n\t\t\t\t<div class=\"elementor-widget-container\">\n\t\t\t\t\t<div class=\"elementor-heading-title elementor-size-xl\"><a href=\"https:\/\/villanueva-fineart.es\/en\/ulises-sagredo\/\">Ulises Sagredo<\/a><\/div>\t\t\t\t<\/div>\n\t\t\t\t<\/div>\n\t\t\t\t<div class=\"elementor-element elementor-element-772d12a elementor-widget elementor-widget-text-editor\" data-id=\"772d12a\" data-element_type=\"widget\" data-widget_type=\"text-editor.default\">\n\t\t\t\t<div class=\"elementor-widget-container\">\n\t\t\t\t\t\t\t\t\t<p><strong>ULISES ANTONO SAGREDO MAUREIRA<\/strong><\/p><p>Naci\u00f3 en Santiago de Chile, su formaci\u00f3n como pintor se desarroll\u00f3 en los estudios particulares chilenos Enrique Campuzano y Carmen Silva, quienes lo introdujeron en los estudios de la pintura Espa\u00f1ola.<\/p><p>Tras ganar m\u00faltiples cert\u00e1menes de pintura y exponer en conocidas galer\u00edas de la capital chilena, su inter\u00e9s por conocer directamente la pintura Espa\u00f1ola le llev\u00f3 hasta Espa\u00f1a en octubre de 1.995, continuando con su formaci\u00f3n en los estudios de la Fundaci\u00f3n \u00abAranco\u00bb con el pintor Guillermo Mu\u00f1oz Vera. Desde 1.996 Ulises ha mostrado su obra en numerosas exposiciones, colectivas e individuales en diferentes ciudades Espa\u00f1olas.<\/p><p>Actualmente ha encontrado en Alhama de Granada un referente progresivo para poder desarrollar su arte. Tras estudiar y sentir la belleza natural de sus paisajes, Ulises plasma en el lienzo todo lo percibido. Ofrece en su obre una visi\u00f3n personal de la realidad, fruto de un intenso y enriquecedor trabajo interior fuertemente influenciado por el estudio profundo de la luz, cuya sutileza y plasticidad se pueden percibir f\u00e1cilmente en todas sus creaciones.<\/p>\t\t\t\t\t\t\t\t<\/div>\n\t\t\t\t<\/div>\n\t\t\t\t\t<\/div>\n\t\t<\/div>\n\t\t\t\t\t<\/div>\n\t\t<\/section>\n\t\t\t\t<section class=\"elementor-section elementor-top-section elementor-element elementor-element-19a47d5 elementor-section-boxed elementor-section-height-default elementor-section-height-default\" data-id=\"19a47d5\" data-element_type=\"section\">\n\t\t\t\t\t\t<div class=\"elementor-container elementor-column-gap-default\">\n\t\t\t\t\t<div class=\"elementor-column elementor-col-100 elementor-top-column elementor-element elementor-element-cfc1c48\" data-id=\"cfc1c48\" data-element_type=\"column\">\n\t\t\t<div class=\"elementor-widget-wrap elementor-element-populated\">\n\t\t\t\t\t\t<div class=\"elementor-element elementor-element-7a7679c elementor-widget elementor-widget-heading\" data-id=\"7a7679c\" data-element_type=\"widget\" data-widget_type=\"heading.default\">\n\t\t\t\t<div class=\"elementor-widget-container\">\n\t\t\t\t\t<div class=\"elementor-heading-title elementor-size-xl\">Exhibitions<\/div>\t\t\t\t<\/div>\n\t\t\t\t<\/div>\n\t\t\t\t\t<\/div>\n\t\t<\/div>\n\t\t\t\t\t<\/div>\n\t\t<\/section>\n\t\t\t\t<section class=\"elementor-section elementor-top-section elementor-element elementor-element-c9747ec elementor-section-boxed elementor-section-height-default elementor-section-height-default\" data-id=\"c9747ec\" data-element_type=\"section\">\n\t\t\t\t\t\t<div class=\"elementor-container elementor-column-gap-default\">\n\t\t\t\t\t<div class=\"elementor-column elementor-col-100 elementor-top-column elementor-element elementor-element-2bb9ce9\" data-id=\"2bb9ce9\" data-element_type=\"column\">\n\t\t\t<div class=\"elementor-widget-wrap elementor-element-populated\">\n\t\t\t\t\t\t<div class=\"elementor-element elementor-element-dc1600c elementor-widget elementor-widget-text-editor\" data-id=\"dc1600c\" data-element_type=\"widget\" data-widget_type=\"text-editor.default\">\n\t\t\t\t<div class=\"elementor-widget-container\">\n\t\t\t\t\t\t\t\t\t<ul><li>Feria \u00abMercado de los Artistas\u00bb, Estaci\u00f3n de Atocha, Madrid, Espa\u00f1a.<\/li><li>Galer\u00eda Cartel (colectiva), Granada, Espa\u00f1a.<\/li><li>Galer\u00eda Cartel (colectiva), M\u00e1laga, Espa\u00f1a.<\/li><li>Galer\u00eda Ansorena (colectiva), Madrid, Espa\u00f1a.<\/li><li>Galer\u00eda Cartel (Individual), Granada, Espa\u00f1a.<\/li><li>Colegio de Abogados (colectiva), M\u00e1laga, Espa\u00f1a.<\/li><li>Galer\u00eda del \u00abPatio del Carmen\u00bb, Alhama de Granada. (individual). Espa\u00f1a.<\/li><\/ul><p>1.998 \u00a0 \u00abVictoria Hidalgo\u00bb. Realidades Diversas (colectiva). Madrid, Espa\u00f1a.<\/p><p>1.998 \u00a0 Galer\u00eda de Arte \u00abClaudio Coello, 16\u00bb (colectiva). Espa\u00f1a.<\/p><ul><li>Galer\u00eda \u00abProart\u00bb (colectiva). Madrid, Espa\u00f1a<\/li><\/ul><p>1.999\u00a0\u00a0 Abril. Galer\u00eda \u00abProart\u00bb (individual). Madrid, Espa\u00f1a.<\/p><p>1.999 \u00a0 Mayo. \u00abArte+Sur\u00bb. Feria Internacional de Arte Contempor\u00e1neo de Andaluc\u00eda.<\/p><p>1.999\u00a0\u00a0 Octubre. Galer\u00eda \u00abVictoria Hidalgo\u00bb (individual).<\/p>\t\t\t\t\t\t\t\t<\/div>\n\t\t\t\t<\/div>\n\t\t\t\t\t<\/div>\n\t\t<\/div>\n\t\t\t\t\t<\/div>\n\t\t<\/section>\n\t\t\t\t<section class=\"elementor-section elementor-top-section elementor-element elementor-element-baa7ac1 elementor-section-boxed elementor-section-height-default elementor-section-height-default\" data-id=\"baa7ac1\" data-element_type=\"section\">\n\t\t\t\t\t\t<div class=\"elementor-container elementor-column-gap-default\">\n\t\t\t\t\t<div class=\"elementor-column elementor-col-100 elementor-top-column elementor-element elementor-element-a9adb97\" data-id=\"a9adb97\" data-element_type=\"column\">\n\t\t\t<div class=\"elementor-widget-wrap elementor-element-populated\">\n\t\t\t\t\t\t<div class=\"elementor-element elementor-element-726238b elementor-widget elementor-widget-heading\" data-id=\"726238b\" data-element_type=\"widget\" data-widget_type=\"heading.default\">\n\t\t\t\t<div class=\"elementor-widget-container\">\n\t\t\t\t\t<div class=\"elementor-heading-title elementor-size-xl\">Artworks<\/div>\t\t\t\t<\/div>\n\t\t\t\t<\/div>\n\t\t\t\t<div class=\"elementor-element elementor-element-787b771 elementor-grid-4 elementor-grid-tablet-3 elementor-grid-mobile-2 elementor-products-grid elementor-wc-products elementor-widget elementor-widget-woocommerce-products\" data-id=\"787b771\" data-element_type=\"widget\" data-widget_type=\"woocommerce-products.default\">\n\t\t\t\t<div class=\"elementor-widget-container\">\n\t\t\t\t\t<div class=\"woocommerce columns-4\"><ul class=\"products elementor-grid columns-4\">\n<li class=\"sales-flash-overlay woocommerce-text-align-center woocommerce-image-align-center do-quantity-buttons product type-product post-4890 status-publish first instock product_cat-bodegones product_cat-obra product_cat-oleo has-post-thumbnail sale sold-individually taxable shipping-taxable purchasable product-type-simple\">\n\t<a href=\"https:\/\/villanueva-fineart.es\/en\/product\/canasta-con-manzanas-ulises-sagredo\/\" class=\"woocommerce-LoopProduct-link woocommerce-loop-product__link\">\n\t<span class=\"onsale\" data-no-translation=\"\" data-trp-gettext=\"\">\u00a1offers!<\/span>\n\t<img decoding=\"async\" width=\"300\" height=\"300\" src=\"https:\/\/villanueva-fineart.es\/wp-content\/uploads\/2022\/04\/Ulises-Sagredo-1-300x300.jpg\" class=\"attachment-woocommerce_thumbnail size-woocommerce_thumbnail\" alt=\"Canasta con manzanas, Ulises Sagredo\" srcset=\"https:\/\/villanueva-fineart.es\/wp-content\/uploads\/2022\/04\/Ulises-Sagredo-1-300x300.jpg 300w, https:\/\/villanueva-fineart.es\/wp-content\/uploads\/2022\/04\/Ulises-Sagredo-1-150x150.jpg 150w, https:\/\/villanueva-fineart.es\/wp-content\/uploads\/2022\/04\/Ulises-Sagredo-1-100x100.jpg 100w\" sizes=\"(max-width: 300px) 100vw, 300px\" \/><h2 class=\"woocommerce-loop-product__title\">Canasta con manzanas, Ulises Sagredo<\/h2>\n\t<span class=\"price\"><del aria-hidden=\"true\"><span class=\"woocommerce-Price-amount amount\"><bdi>2.000,00&nbsp;<span class=\"woocommerce-Price-currencySymbol\">&euro;<\/span><\/bdi><\/span><\/del> <span class=\"screen-reader-text\" data-no-translation=\"\" data-trp-gettext=\"\">Original price was: 2.000,00&nbsp;&euro;.<\/span><ins aria-hidden=\"true\"><span class=\"woocommerce-Price-amount amount\"><bdi>800,00&nbsp;<span class=\"woocommerce-Price-currencySymbol\">&euro;<\/span><\/bdi><\/span><\/ins><span class=\"screen-reader-text\" data-no-translation=\"\" data-trp-gettext=\"\">Current price is: 800,00&nbsp;&euro;.<\/span><\/span>\n<\/a><a href=\"?add-to-cart=4890\" aria-describedby=\"woocommerce_loop_add_to_cart_link_describedby_4890\" data-quantity=\"1\" class=\"button product_type_simple add_to_cart_button ajax_add_to_cart\" data-product_id=\"4890\" data-product_sku=\"\" aria-label=\"Add to basket: \u201cCanasta con manzanas, Ulises Sagredo\u201d\" rel=\"nofollow\" data-success_message=\"\u201cCanasta con manzanas, Ulises Sagredo\u201d has been added to your cart\" data-no-translation=\"\" data-trp-gettext=\"\" data-no-translation-aria-label=\"\" data-no-translation-data-success_message=\"\">ADD TO CART<\/a>\t<span id=\"woocommerce_loop_add_to_cart_link_describedby_4890\" class=\"screen-reader-text\">\n\t\t\t<\/span>\n<\/li>\n<\/ul>\n<\/div>\t\t\t\t<\/div>\n\t\t\t\t<\/div>\n\t\t\t\t\t<\/div>\n\t\t<\/div>\n\t\t\t\t\t<\/div>\n\t\t<\/section>\n\t\t\t\t<\/div>","protected":false},"excerpt":{"rendered":"<p>Ulises Sagredo ULISES ANTONO SAGREDO MAUREIRA Naci\u00f3 en Santiago de Chile, su formaci\u00f3n como pintor se desarroll\u00f3 en los estudios particulares chilenos Enrique Campuzano y Carmen Silva, quienes lo introdujeron en los estudios de la pintura Espa\u00f1ola. Tras ganar m\u00faltiples cert\u00e1menes de pintura y exponer en conocidas galer\u00edas de la capital chilena, su inter\u00e9s por &#8230; <a title=\"Ulises Sagredo\" class=\"read-more\" href=\"https:\/\/villanueva-fineart.es\/en\/ulises-sagredo\/\" aria-label=\"Read more about Ulises Sagredo\">Read more<\/a><\/p>","protected":false},"author":1,"featured_media":0,"parent":0,"menu_order":0,"comment_status":"closed","ping_status":"closed","template":"","meta":{"footnotes":""},"class_list":["post-4880","page","type-page","status-publish"],"yoast_head":"<!-- This site is optimized with the Yoast SEO plugin v25.9 - https:\/\/yoast.com\/wordpress\/plugins\/seo\/ -->\n<title>Ulises Sagredo - Villanueva Fineart<\/title>\n<meta name=\"description\" content=\"Bodegones, Ofertas, liquidaciones. ULISES ANTONO SAGREDO MAUREIRA Naci\u00f3 en Santiago de Chile, su formaci\u00f3n como pintor se desarroll\u00f3 en los estudios p articulares chilenos Enrique Campuzano y Carmen Silva, quienes lo introdujeron en los estudios de la pintura Espa\u00f1ola.Tras ganar m\u00faltiples cert\u00e1menes de pintura y exponer en conocidas galer\u00edas de la capital chilena, su inter\u00e9s por conocer directamente la pintura Espa\u00f1ola le llev\u00f3 hasta Espa\u00f1a en octubre de 1.995, continuando con su formaci\u00f3n en los estudios de la Fundaci\u00f3n &quot;Aranco&quot; con el pintor Guillermo Mu\u00f1oz Vera. Desde 1.996 Ulises ha mostrado su obra en numerosas exposiciones, colectivas e individuales en diferentes ciudades Espa\u00f1olas.\" \/>\n<meta name=\"robots\" content=\"index, follow, max-snippet:-1, max-image-preview:large, max-video-preview:-1\" \/>\n<link rel=\"canonical\" href=\"https:\/\/villanueva-fineart.es\/en\/ulises-sagredo\/\" \/>\n<meta property=\"og:locale\" content=\"en_GB\" \/>\n<meta property=\"og:type\" content=\"article\" \/>\n<meta property=\"og:title\" content=\"Ulises Sagredo - Villanueva Fineart\" \/>\n<meta property=\"og:description\" content=\"Bodegones, Ofertas, liquidaciones. ULISES ANTONO SAGREDO MAUREIRA Naci\u00f3 en Santiago de Chile, su formaci\u00f3n como pintor se desarroll\u00f3 en los estudios p articulares chilenos Enrique Campuzano y Carmen Silva, quienes lo introdujeron en los estudios de la pintura Espa\u00f1ola.Tras ganar m\u00faltiples cert\u00e1menes de pintura y exponer en conocidas galer\u00edas de la capital chilena, su inter\u00e9s por conocer directamente la pintura Espa\u00f1ola le llev\u00f3 hasta Espa\u00f1a en octubre de 1.995, continuando con su formaci\u00f3n en los estudios de la Fundaci\u00f3n &quot;Aranco&quot; con el pintor Guillermo Mu\u00f1oz Vera. Desde 1.996 Ulises ha mostrado su obra en numerosas exposiciones, colectivas e individuales en diferentes ciudades Espa\u00f1olas.\" \/>\n<meta property=\"og:url\" content=\"https:\/\/villanueva-fineart.es\/en\/ulises-sagredo\/\" \/>\n<meta property=\"og:site_name\" content=\"Villanueva Fineart\" \/>\n<meta property=\"article:modified_time\" content=\"2022-05-07T11:09:04+00:00\" \/>\n<meta property=\"og:image\" content=\"https:\/\/villanueva-fineart.es\/wp-content\/uploads\/2022\/04\/Ulises-Sagredo-1-768x614.jpg\" \/>\n<meta name=\"twitter:card\" content=\"summary_large_image\" \/>\n<meta name=\"twitter:label1\" content=\"Estimated reading time\" \/>\n\t<meta name=\"twitter:data1\" content=\"2 minutes\" \/>\n<script type=\"application\/ld+json\" class=\"yoast-schema-graph\">{\"@context\":\"https:\/\/schema.org\",\"@graph\":[{\"@type\":\"WebPage\",\"@id\":\"https:\/\/villanueva-fineart.es\/en\/ulises-sagredo\/\",\"url\":\"https:\/\/villanueva-fineart.es\/en\/ulises-sagredo\/\",\"name\":\"Ulises Sagredo - Villanueva Fineart\",\"isPartOf\":{\"@id\":\"http:\/\/villanueva-fineart.es\/#website\"},\"primaryImageOfPage\":{\"@id\":\"https:\/\/villanueva-fineart.es\/en\/ulises-sagredo\/#primaryimage\"},\"image\":{\"@id\":\"https:\/\/villanueva-fineart.es\/en\/ulises-sagredo\/#primaryimage\"},\"thumbnailUrl\":\"https:\/\/villanueva-fineart.es\/wp-content\/uploads\/2022\/04\/Ulises-Sagredo-1-768x614.jpg\",\"datePublished\":\"2022-04-25T16:39:05+00:00\",\"dateModified\":\"2022-05-07T11:09:04+00:00\",\"description\":\"Bodegones, Ofertas, liquidaciones. ULISES ANTONO SAGREDO MAUREIRA Naci\u00f3 en Santiago de Chile, su formaci\u00f3n como pintor se desarroll\u00f3 en los estudios p articulares chilenos Enrique Campuzano y Carmen Silva, quienes lo introdujeron en los estudios de la pintura Espa\u00f1ola.Tras ganar m\u00faltiples cert\u00e1menes de pintura y exponer en conocidas galer\u00edas de la capital chilena, su inter\u00e9s por conocer directamente la pintura Espa\u00f1ola le llev\u00f3 hasta Espa\u00f1a en octubre de 1.995, continuando con su formaci\u00f3n en los estudios de la Fundaci\u00f3n \\\"Aranco\\\" con el pintor Guillermo Mu\u00f1oz Vera. Desde 1.996 Ulises ha mostrado su obra en numerosas exposiciones, colectivas e individuales en diferentes ciudades Espa\u00f1olas.\",\"breadcrumb\":{\"@id\":\"https:\/\/villanueva-fineart.es\/en\/ulises-sagredo\/#breadcrumb\"},\"inLanguage\":\"en-GB\",\"potentialAction\":[{\"@type\":\"ReadAction\",\"target\":[\"https:\/\/villanueva-fineart.es\/en\/ulises-sagredo\/\"]}]},{\"@type\":\"ImageObject\",\"inLanguage\":\"en-GB\",\"@id\":\"https:\/\/villanueva-fineart.es\/en\/ulises-sagredo\/#primaryimage\",\"url\":\"https:\/\/villanueva-fineart.es\/wp-content\/uploads\/2022\/04\/Ulises-Sagredo-1-768x614.jpg\",\"contentUrl\":\"https:\/\/villanueva-fineart.es\/wp-content\/uploads\/2022\/04\/Ulises-Sagredo-1-768x614.jpg\"},{\"@type\":\"BreadcrumbList\",\"@id\":\"https:\/\/villanueva-fineart.es\/en\/ulises-sagredo\/#breadcrumb\",\"itemListElement\":[{\"@type\":\"ListItem\",\"position\":1,\"name\":\"Inicio\",\"item\":\"https:\/\/villanueva-fineart.es\/\"},{\"@type\":\"ListItem\",\"position\":2,\"name\":\"Ulises Sagredo\"}]},{\"@type\":\"WebSite\",\"@id\":\"http:\/\/villanueva-fineart.es\/#website\",\"url\":\"http:\/\/villanueva-fineart.es\/\",\"name\":\"Villanueva Fineart\",\"description\":\"Liquidaci\u00f3n de Obras de arte\",\"publisher\":{\"@id\":\"http:\/\/villanueva-fineart.es\/#organization\"},\"potentialAction\":[{\"@type\":\"SearchAction\",\"target\":{\"@type\":\"EntryPoint\",\"urlTemplate\":\"http:\/\/villanueva-fineart.es\/?s={search_term_string}\"},\"query-input\":{\"@type\":\"PropertyValueSpecification\",\"valueRequired\":true,\"valueName\":\"search_term_string\"}}],\"inLanguage\":\"en-GB\"},{\"@type\":\"Organization\",\"@id\":\"http:\/\/villanueva-fineart.es\/#organization\",\"name\":\"Villanueva Fineart\",\"url\":\"http:\/\/villanueva-fineart.es\/\",\"logo\":{\"@type\":\"ImageObject\",\"inLanguage\":\"en-GB\",\"@id\":\"http:\/\/villanueva-fineart.es\/#\/schema\/logo\/image\/\",\"url\":\"https:\/\/villanueva-fineart.es\/wp-content\/uploads\/2021\/11\/Logo-fineart.jpg\",\"contentUrl\":\"https:\/\/villanueva-fineart.es\/wp-content\/uploads\/2021\/11\/Logo-fineart.jpg\",\"width\":200,\"height\":85,\"caption\":\"Villanueva Fineart\"},\"image\":{\"@id\":\"http:\/\/villanueva-fineart.es\/#\/schema\/logo\/image\/\"}}]}<\/script>\n<!-- \/ Yoast SEO plugin. -->","yoast_head_json":{"title":"Ulises Sagredo - Villanueva Fineart","description":"Bodegones, Ofertas, liquidaciones. ULISES ANTONO SAGREDO MAUREIRA Naci\u00f3 en Santiago de Chile, su formaci\u00f3n como pintor se desarroll\u00f3 en los estudios p articulares chilenos Enrique Campuzano y Carmen Silva, quienes lo introdujeron en los estudios de la pintura Espa\u00f1ola.Tras ganar m\u00faltiples cert\u00e1menes de pintura y exponer en conocidas galer\u00edas de la capital chilena, su inter\u00e9s por conocer directamente la pintura Espa\u00f1ola le llev\u00f3 hasta Espa\u00f1a en octubre de 1.995, continuando con su formaci\u00f3n en los estudios de la Fundaci\u00f3n \"Aranco\" con el pintor Guillermo Mu\u00f1oz Vera. Desde 1.996 Ulises ha mostrado su obra en numerosas exposiciones, colectivas e individuales en diferentes ciudades Espa\u00f1olas.","robots":{"index":"index","follow":"follow","max-snippet":"max-snippet:-1","max-image-preview":"max-image-preview:large","max-video-preview":"max-video-preview:-1"},"canonical":"https:\/\/villanueva-fineart.es\/en\/ulises-sagredo\/","og_locale":"en_GB","og_type":"article","og_title":"Ulises Sagredo - Villanueva Fineart","og_description":"Bodegones, Ofertas, liquidaciones. ULISES ANTONO SAGREDO MAUREIRA Naci\u00f3 en Santiago de Chile, su formaci\u00f3n como pintor se desarroll\u00f3 en los estudios p articulares chilenos Enrique Campuzano y Carmen Silva, quienes lo introdujeron en los estudios de la pintura Espa\u00f1ola.Tras ganar m\u00faltiples cert\u00e1menes de pintura y exponer en conocidas galer\u00edas de la capital chilena, su inter\u00e9s por conocer directamente la pintura Espa\u00f1ola le llev\u00f3 hasta Espa\u00f1a en octubre de 1.995, continuando con su formaci\u00f3n en los estudios de la Fundaci\u00f3n \"Aranco\" con el pintor Guillermo Mu\u00f1oz Vera. Desde 1.996 Ulises ha mostrado su obra en numerosas exposiciones, colectivas e individuales en diferentes ciudades Espa\u00f1olas.","og_url":"https:\/\/villanueva-fineart.es\/en\/ulises-sagredo\/","og_site_name":"Villanueva Fineart","article_modified_time":"2022-05-07T11:09:04+00:00","og_image":[{"url":"https:\/\/villanueva-fineart.es\/wp-content\/uploads\/2022\/04\/Ulises-Sagredo-1-768x614.jpg","type":"","width":"","height":""}],"twitter_card":"summary_large_image","twitter_misc":{"Estimated reading time":"2 minutes"},"schema":{"@context":"https:\/\/schema.org","@graph":[{"@type":"WebPage","@id":"https:\/\/villanueva-fineart.es\/en\/ulises-sagredo\/","url":"https:\/\/villanueva-fineart.es\/en\/ulises-sagredo\/","name":"Ulises Sagredo - Villanueva Fineart","isPartOf":{"@id":"http:\/\/villanueva-fineart.es\/#website"},"primaryImageOfPage":{"@id":"https:\/\/villanueva-fineart.es\/en\/ulises-sagredo\/#primaryimage"},"image":{"@id":"https:\/\/villanueva-fineart.es\/en\/ulises-sagredo\/#primaryimage"},"thumbnailUrl":"https:\/\/villanueva-fineart.es\/wp-content\/uploads\/2022\/04\/Ulises-Sagredo-1-768x614.jpg","datePublished":"2022-04-25T16:39:05+00:00","dateModified":"2022-05-07T11:09:04+00:00","description":"Bodegones, Ofertas, liquidaciones. ULISES ANTONO SAGREDO MAUREIRA Naci\u00f3 en Santiago de Chile, su formaci\u00f3n como pintor se desarroll\u00f3 en los estudios p articulares chilenos Enrique Campuzano y Carmen Silva, quienes lo introdujeron en los estudios de la pintura Espa\u00f1ola.Tras ganar m\u00faltiples cert\u00e1menes de pintura y exponer en conocidas galer\u00edas de la capital chilena, su inter\u00e9s por conocer directamente la pintura Espa\u00f1ola le llev\u00f3 hasta Espa\u00f1a en octubre de 1.995, continuando con su formaci\u00f3n en los estudios de la Fundaci\u00f3n \"Aranco\" con el pintor Guillermo Mu\u00f1oz Vera. Desde 1.996 Ulises ha mostrado su obra en numerosas exposiciones, colectivas e individuales en diferentes ciudades Espa\u00f1olas.","breadcrumb":{"@id":"https:\/\/villanueva-fineart.es\/en\/ulises-sagredo\/#breadcrumb"},"inLanguage":"en-GB","potentialAction":[{"@type":"ReadAction","target":["https:\/\/villanueva-fineart.es\/en\/ulises-sagredo\/"]}]},{"@type":"ImageObject","inLanguage":"en-GB","@id":"https:\/\/villanueva-fineart.es\/en\/ulises-sagredo\/#primaryimage","url":"https:\/\/villanueva-fineart.es\/wp-content\/uploads\/2022\/04\/Ulises-Sagredo-1-768x614.jpg","contentUrl":"https:\/\/villanueva-fineart.es\/wp-content\/uploads\/2022\/04\/Ulises-Sagredo-1-768x614.jpg"},{"@type":"BreadcrumbList","@id":"https:\/\/villanueva-fineart.es\/en\/ulises-sagredo\/#breadcrumb","itemListElement":[{"@type":"ListItem","position":1,"name":"Inicio","item":"https:\/\/villanueva-fineart.es\/"},{"@type":"ListItem","position":2,"name":"Ulises Sagredo"}]},{"@type":"WebSite","@id":"http:\/\/villanueva-fineart.es\/#website","url":"http:\/\/villanueva-fineart.es\/","name":"Villanueva Fineart","description":"Liquidaci\u00f3n de Obras de arte","publisher":{"@id":"http:\/\/villanueva-fineart.es\/#organization"},"potentialAction":[{"@type":"SearchAction","target":{"@type":"EntryPoint","urlTemplate":"http:\/\/villanueva-fineart.es\/?s={search_term_string}"},"query-input":{"@type":"PropertyValueSpecification","valueRequired":true,"valueName":"search_term_string"}}],"inLanguage":"en-GB"},{"@type":"Organization","@id":"http:\/\/villanueva-fineart.es\/#organization","name":"Villanueva Fineart","url":"http:\/\/villanueva-fineart.es\/","logo":{"@type":"ImageObject","inLanguage":"en-GB","@id":"http:\/\/villanueva-fineart.es\/#\/schema\/logo\/image\/","url":"https:\/\/villanueva-fineart.es\/wp-content\/uploads\/2021\/11\/Logo-fineart.jpg","contentUrl":"https:\/\/villanueva-fineart.es\/wp-content\/uploads\/2021\/11\/Logo-fineart.jpg","width":200,"height":85,"caption":"Villanueva Fineart"},"image":{"@id":"http:\/\/villanueva-fineart.es\/#\/schema\/logo\/image\/"}}]}},"_links":{"self":[{"href":"https:\/\/villanueva-fineart.es\/en\/wp-json\/wp\/v2\/pages\/4880","targetHints":{"allow":["GET"]}}],"collection":[{"href":"https:\/\/villanueva-fineart.es\/en\/wp-json\/wp\/v2\/pages"}],"about":[{"href":"https:\/\/villanueva-fineart.es\/en\/wp-json\/wp\/v2\/types\/page"}],"author":[{"embeddable":true,"href":"https:\/\/villanueva-fineart.es\/en\/wp-json\/wp\/v2\/users\/1"}],"replies":[{"embeddable":true,"href":"https:\/\/villanueva-fineart.es\/en\/wp-json\/wp\/v2\/comments?post=4880"}],"version-history":[{"count":8,"href":"https:\/\/villanueva-fineart.es\/en\/wp-json\/wp\/v2\/pages\/4880\/revisions"}],"predecessor-version":[{"id":4905,"href":"https:\/\/villanueva-fineart.es\/en\/wp-json\/wp\/v2\/pages\/4880\/revisions\/4905"}],"wp:attachment":[{"href":"https:\/\/villanueva-fineart.es\/en\/wp-json\/wp\/v2\/media?parent=4880"}],"curies":[{"name":"wp","href":"https:\/\/api.w.org\/{rel}","templated":true}]}}