{"id":4514,"date":"2022-03-02T09:22:24","date_gmt":"2022-03-02T09:22:24","guid":{"rendered":"https:\/\/villanueva-fineart.es\/?page_id=4514"},"modified":"2022-03-02T16:55:20","modified_gmt":"2022-03-02T16:55:20","slug":"sun-yu-li","status":"publish","type":"page","link":"https:\/\/villanueva-fineart.es\/en\/sun-yu-li\/","title":{"rendered":"Sun Yu-Li"},"content":{"rendered":"<div data-elementor-type=\"wp-page\" data-elementor-id=\"4514\" class=\"elementor elementor-4514\" data-elementor-post-type=\"page\">\n\t\t\t\t\t\t<section class=\"elementor-section elementor-top-section elementor-element elementor-element-7da3ceb elementor-section-full_width elementor-section-height-default elementor-section-height-default\" data-id=\"7da3ceb\" data-element_type=\"section\">\n\t\t\t\t\t\t<div class=\"elementor-container elementor-column-gap-default\">\n\t\t\t\t\t<div class=\"elementor-column elementor-col-100 elementor-top-column elementor-element elementor-element-fe60994\" data-id=\"fe60994\" data-element_type=\"column\">\n\t\t\t<div class=\"elementor-widget-wrap elementor-element-populated\">\n\t\t\t\t\t\t<div class=\"elementor-element elementor-element-019e990 elementor-widget-divider--view-line elementor-widget elementor-widget-divider\" data-id=\"019e990\" data-element_type=\"widget\" data-widget_type=\"divider.default\">\n\t\t\t\t<div class=\"elementor-widget-container\">\n\t\t\t\t\t\t\t<div class=\"elementor-divider\">\n\t\t\t<span class=\"elementor-divider-separator\">\n\t\t\t\t\t\t<\/span>\n\t\t<\/div>\n\t\t\t\t\t\t<\/div>\n\t\t\t\t<\/div>\n\t\t\t\t\t<\/div>\n\t\t<\/div>\n\t\t\t\t\t<\/div>\n\t\t<\/section>\n\t\t\t\t<section class=\"elementor-section elementor-top-section elementor-element elementor-element-04cd1bb elementor-section-boxed elementor-section-height-default elementor-section-height-default\" data-id=\"04cd1bb\" data-element_type=\"section\">\n\t\t\t\t\t\t<div class=\"elementor-container elementor-column-gap-default\">\n\t\t\t\t\t<div class=\"elementor-column elementor-col-50 elementor-top-column elementor-element elementor-element-fd0b1ae\" data-id=\"fd0b1ae\" data-element_type=\"column\">\n\t\t\t<div class=\"elementor-widget-wrap elementor-element-populated\">\n\t\t\t\t\t\t<div class=\"elementor-element elementor-element-6484428 elementor-widget elementor-widget-image\" data-id=\"6484428\" data-element_type=\"widget\" data-widget_type=\"image.default\">\n\t\t\t\t<div class=\"elementor-widget-container\">\n\t\t\t\t\t\t\t\t\t\t\t\t\t\t\t\t<a href=\"https:\/\/villanueva-fineart.es\/en\/sun-yu-li\/\">\n\t\t\t\t\t\t\t<img fetchpriority=\"high\" decoding=\"async\" width=\"768\" height=\"509\" src=\"https:\/\/villanueva-fineart.es\/wp-content\/uploads\/2022\/02\/74-768x509.jpg\" class=\"attachment-medium_large size-medium_large wp-image-4429\" alt=\"\" srcset=\"https:\/\/villanueva-fineart.es\/wp-content\/uploads\/2022\/02\/74-768x509.jpg 768w, https:\/\/villanueva-fineart.es\/wp-content\/uploads\/2022\/02\/74-300x199.jpg 300w, https:\/\/villanueva-fineart.es\/wp-content\/uploads\/2022\/02\/74-1024x679.jpg 1024w, https:\/\/villanueva-fineart.es\/wp-content\/uploads\/2022\/02\/74-1536x1018.jpg 1536w, https:\/\/villanueva-fineart.es\/wp-content\/uploads\/2022\/02\/74-2048x1358.jpg 2048w, https:\/\/villanueva-fineart.es\/wp-content\/uploads\/2022\/02\/74-18x12.jpg 18w, https:\/\/villanueva-fineart.es\/wp-content\/uploads\/2022\/02\/74-600x398.jpg 600w\" sizes=\"(max-width: 768px) 100vw, 768px\" \/>\t\t\t\t\t\t\t\t<\/a>\n\t\t\t\t\t\t\t\t\t\t\t\t\t\t\t<\/div>\n\t\t\t\t<\/div>\n\t\t\t\t\t<\/div>\n\t\t<\/div>\n\t\t\t\t<div class=\"elementor-column elementor-col-50 elementor-top-column elementor-element elementor-element-6463cb3\" data-id=\"6463cb3\" data-element_type=\"column\">\n\t\t\t<div class=\"elementor-widget-wrap elementor-element-populated\">\n\t\t\t\t\t\t<div class=\"elementor-element elementor-element-4667ff2 elementor-widget elementor-widget-heading\" data-id=\"4667ff2\" data-element_type=\"widget\" data-widget_type=\"heading.default\">\n\t\t\t\t<div class=\"elementor-widget-container\">\n\t\t\t\t\t<div class=\"elementor-heading-title elementor-size-xl\"><a href=\"https:\/\/villanueva-fineart.es\/en\/sun-yu-li\/\">Sun Yu-li<\/a><\/div>\t\t\t\t<\/div>\n\t\t\t\t<\/div>\n\t\t\t\t<div class=\"elementor-element elementor-element-772d12a elementor-widget elementor-widget-text-editor\" data-id=\"772d12a\" data-element_type=\"widget\" data-widget_type=\"text-editor.default\">\n\t\t\t\t<div class=\"elementor-widget-container\">\n\t\t\t\t\t\t\t\t\t<p><strong><span style=\"color: #ff0000;\">SINGAPOREAN SCULPTOR SUN YU-LI\u00a0<\/span><\/strong><\/p><p>Date of Birth: May 25 1948 \u2022Country of Birth: China<\/p><p>Sun Yu-li, Architect-turned-Sculptor, was the winner of the prestigious 1991 Republic of China (ROC) Modern Sculpture Award. He was also a Merit Award winner of the IBM Art Award 1990.<\/p><p><strong><span style=\"color: #ff0000;\">Education<\/span><\/strong><\/p><p>University of Illinois, USA - Master of Urban Planning<\/p><p>Catholic University of America, USA - Master of Architecture<\/p><p>Tung-hai University, ROC - Bachelor of Architecture<\/p><p><span style=\"color: #ff0000;\"><strong>Professional Qualifications<\/strong><\/span><\/p><p>Member of Modern Art Society, Singapore and\n\nMember of Singapore Art Society<\/p><p>Member of Royal Australian Institute of Architects (ARAIA)<\/p><p>Registered Architect, NSW, Australia  and\nRegistered Architect, Taiwan, ROC<\/p>\t\t\t\t\t\t\t\t<\/div>\n\t\t\t\t<\/div>\n\t\t\t\t\t<\/div>\n\t\t<\/div>\n\t\t\t\t\t<\/div>\n\t\t<\/section>\n\t\t\t\t<section class=\"elementor-section elementor-top-section elementor-element elementor-element-19a47d5 elementor-section-boxed elementor-section-height-default elementor-section-height-default\" data-id=\"19a47d5\" data-element_type=\"section\">\n\t\t\t\t\t\t<div class=\"elementor-container elementor-column-gap-default\">\n\t\t\t\t\t<div class=\"elementor-column elementor-col-100 elementor-top-column elementor-element elementor-element-cfc1c48\" data-id=\"cfc1c48\" data-element_type=\"column\">\n\t\t\t<div class=\"elementor-widget-wrap elementor-element-populated\">\n\t\t\t\t\t\t<div class=\"elementor-element elementor-element-b223874 elementor-widget elementor-widget-text-editor\" data-id=\"b223874\" data-element_type=\"widget\" data-widget_type=\"text-editor.default\">\n\t\t\t\t<div class=\"elementor-widget-container\">\n\t\t\t\t\t\t\t\t\t<p>He works with bronze, the bold and unsophisticated material which the sculptor describes as soft, warm and close to the heart. His method of sculpting, which he developed, is unique. Instead of using the conventional clay, he uses cardboard shapes, stacking up layers, and slowly building and shaping them. This method characterizes his quest for simplicity. The search for the origin of the first 'dot', from which comes the line, and then the plane, and finally the volume, which becomes the physical embodiment of his ideas.\nHis works have been described as simple but yet profound; shapes that have evolved from basic and primitive forms, revealing his deep understanding of the oriental philosophical view of space and his inner quest for life's higher order, blending yin and yang, void and solid. \nOnly when a person comes face to face with Sun's works will he fully comprehend the mind of the Artist and his purpose of keeping the sculpture simple. For therein lies a statement of hidden power.<\/p>\t\t\t\t\t\t\t\t<\/div>\n\t\t\t\t<\/div>\n\t\t\t\t<div class=\"elementor-element elementor-element-7a7679c elementor-widget elementor-widget-heading\" data-id=\"7a7679c\" data-element_type=\"widget\" data-widget_type=\"heading.default\">\n\t\t\t\t<div class=\"elementor-widget-container\">\n\t\t\t\t\t<div class=\"elementor-heading-title elementor-size-xl\">Selected Solo Exhibitions<\/div>\t\t\t\t<\/div>\n\t\t\t\t<\/div>\n\t\t\t\t\t<\/div>\n\t\t<\/div>\n\t\t\t\t\t<\/div>\n\t\t<\/section>\n\t\t\t\t<section class=\"elementor-section elementor-top-section elementor-element elementor-element-c9747ec elementor-section-boxed elementor-section-height-default elementor-section-height-default\" data-id=\"c9747ec\" data-element_type=\"section\">\n\t\t\t\t\t\t<div class=\"elementor-container elementor-column-gap-default\">\n\t\t\t\t\t<div class=\"elementor-column elementor-col-100 elementor-top-column elementor-element elementor-element-2bb9ce9\" data-id=\"2bb9ce9\" data-element_type=\"column\">\n\t\t\t<div class=\"elementor-widget-wrap elementor-element-populated\">\n\t\t\t\t\t\t<div class=\"elementor-element elementor-element-dc1600c elementor-widget elementor-widget-text-editor\" data-id=\"dc1600c\" data-element_type=\"widget\" data-widget_type=\"text-editor.default\">\n\t\t\t\t<div class=\"elementor-widget-container\">\n\t\t\t\t\t\t\t\t\t<p>China Fine Arts Museum, Beijing, China<\/p><p>Taipei Fine Arts Museum, Taiwan, ROC<\/p><p>National Museum Art Gallery, Singapore<\/p>\t\t\t\t\t\t\t\t<\/div>\n\t\t\t\t<\/div>\n\t\t\t\t\t<\/div>\n\t\t<\/div>\n\t\t\t\t\t<\/div>\n\t\t<\/section>\n\t\t\t\t<section class=\"elementor-section elementor-top-section elementor-element elementor-element-5a53b65 elementor-section-boxed elementor-section-height-default elementor-section-height-default\" data-id=\"5a53b65\" data-element_type=\"section\">\n\t\t\t\t\t\t<div class=\"elementor-container elementor-column-gap-default\">\n\t\t\t\t\t<div class=\"elementor-column elementor-col-100 elementor-top-column elementor-element elementor-element-bdafe80\" data-id=\"bdafe80\" data-element_type=\"column\">\n\t\t\t<div class=\"elementor-widget-wrap elementor-element-populated\">\n\t\t\t\t\t\t<div class=\"elementor-element elementor-element-db99fbd elementor-widget elementor-widget-heading\" data-id=\"db99fbd\" data-element_type=\"widget\" data-widget_type=\"heading.default\">\n\t\t\t\t<div class=\"elementor-widget-container\">\n\t\t\t\t\t<div class=\"elementor-heading-title elementor-size-xl\">Selected Public &amp; Private Collections\n<\/div>\t\t\t\t<\/div>\n\t\t\t\t<\/div>\n\t\t\t\t<div class=\"elementor-element elementor-element-783b0e5 elementor-widget elementor-widget-text-editor\" data-id=\"783b0e5\" data-element_type=\"widget\" data-widget_type=\"text-editor.default\">\n\t\t\t\t<div class=\"elementor-widget-container\">\n\t\t\t\t\t\t\t\t\t<p>\"Reaching II\"\/Bronze\/180(H)x600(W)x150(D)cm 1997,UE Square, Singapore<\/p><p>\"BC-AD\"\/Bronze\/165(H)x165(W)x115(D);90(H)x90(W)x60(D)cm 1997, NTU School of Communication Studies, Singapore<\/p><p>\"Harmony IV\"\/Bronze\/115(H)x65(W)x45(D)cm 1996, APEC Sculpture Garden, Manila, Philippines<\/p><p>\"Rest\" \/Bronze\/65(H)x85(W)x65(D)cm 1996, China Fine Arts Museum, Beijing, China<\/p><p>\"Abundance III\"\/Bronze\/360(H)x360(W)xl00(D)cm 1995,Suntec City, Singapore    and                                \n\n\n\"Harmony\"\/Bronze\/800(H)xl20(W)xl20(D)cm 1995, Chung-Cheng Park, Keelong, Taiwan, ROC<\/p><p>\"Heaven &amp; Earth\"\/Bronze\/240(H)x300(W)x2l0(D)cm1995, Private Collection, Aarhus, Denmark<\/p><p>\u2022\t\"Yin Shang\"\/Bronze\/65(H)x20(W)x8(D)cm 1994, Kaoshiung Fine Arts Museum, Taiwan, ROC \n\u2022\t\"Desire\"\/Bronze\/32(H)x48(W)x40(D)cm 1994, Taipei Fine Arts Museum, Taiwan, ROC \n\u2022\t\"Vitality\"\/Bronze\/500(H)xl70(W)x85(D)cm 1994, Four Seasons Hotel, Singapore<\/p><p>\u2022\t\"Jing Jin\"\/Bronze\/38(H)x25(W)xl2(D)cm 1992, Nat'l IT Award, National Computer Board, Singapore \n\u2022\t\"Predestined\"\/Bronze\/150(H)xl20(W)x34(D)cm 1992,Chancery Park Condominium, Singapore \n\u2022\t\"Reaching\"\/Bronze\/228(H)x228(W)xl00(D)cm 1992, Ministry of National Development, Singapore \n\u2022\t\"Loose\"\/Bronze\/50(H)x30(W)x20(D)cm 1992, Hyatt Regency, Singapore<\/p><p>\u00a0\u00abBorn Free\u00bb\/Bronze\/21(H)x6l(W)xl5(D)cm 1993, Singapore Embassy, Washington D.C., USA \u00abPredestined\u00bb\/Bronze\/150(H)xl20(W)x34(D)cm 1992,China Trust Building, New York, USA \u00abFluttering\u00bb\/Bronze\/75(H)x240(W)x36(D)cm 1992,\u00a0 Colecci\u00f3n privada, Nueva Jersey, EE.UU.<\/p><p>\u00abJing Jin\u00bb\/Bronce\/38(H)x25(W)xl2(D)cm 1992, Nat&#8217;l IT Award, National Computer Board, Singapur \u00abPredestinado\u00bb\/Bronce\/150(H)xl20(W)x34(D)cm 1992,Chancery Park Condominium, Singapur \u00abReaching\u00bb\/Bronze\/228(H)x228(W)xl00(D)cm 1992, Ministerio de Desarrollo Nacional, Singapur \u00abLoose\u00bb\/Bronze\/50(H)x30(W)x20(D)cm 1992,\u00a0 Hyatt Regency, Singapur<\/p><p>\u2022\t\"Born Free\"\/Bronze\/84(H)x244(W)x60(D)cm 1991, Private Collection, Singapore \n\u2022\t\"Trace\"\/Bronze\/62(H)x90(W)xl0(D)cm 1991, Taipei Fine Arts Museum, Taiwan, ROC \n\u2022\t\"Affection\"\/Bronze\/39(H)x60(W)xl8(D)cm 1990, Singapore Art Museum, Singapore<\/p><p>\u2022\t\"Heaven &amp; Earth\"\/Bronze\/38(H)x48(W)x34(D)cm1990, Morgan Guaranty Trust Company, Taipei, Taiwan, ROC<\/p>\t\t\t\t\t\t\t\t<\/div>\n\t\t\t\t<\/div>\n\t\t\t\t\t<\/div>\n\t\t<\/div>\n\t\t\t\t\t<\/div>\n\t\t<\/section>\n\t\t\t\t<section class=\"elementor-section elementor-top-section elementor-element elementor-element-baa7ac1 elementor-section-boxed elementor-section-height-default elementor-section-height-default\" data-id=\"baa7ac1\" data-element_type=\"section\">\n\t\t\t\t\t\t<div class=\"elementor-container elementor-column-gap-default\">\n\t\t\t\t\t<div class=\"elementor-column elementor-col-100 elementor-top-column elementor-element elementor-element-a9adb97\" data-id=\"a9adb97\" data-element_type=\"column\">\n\t\t\t<div class=\"elementor-widget-wrap elementor-element-populated\">\n\t\t\t\t\t\t<div class=\"elementor-element elementor-element-726238b elementor-widget elementor-widget-heading\" data-id=\"726238b\" data-element_type=\"widget\" data-widget_type=\"heading.default\">\n\t\t\t\t<div class=\"elementor-widget-container\">\n\t\t\t\t\t<div class=\"elementor-heading-title elementor-size-xl\">Artworks<\/div>\t\t\t\t<\/div>\n\t\t\t\t<\/div>\n\t\t\t\t<div class=\"elementor-element elementor-element-787b771 elementor-grid-4 elementor-grid-tablet-3 elementor-grid-mobile-2 elementor-products-grid elementor-wc-products elementor-widget elementor-widget-woocommerce-products\" data-id=\"787b771\" data-element_type=\"widget\" data-widget_type=\"woocommerce-products.default\">\n\t\t\t\t<div class=\"elementor-widget-container\">\n\t\t\t\t\t<div class=\"woocommerce columns-4\"><ul class=\"products elementor-grid columns-4\">\n<li class=\"sales-flash-overlay woocommerce-text-align-center woocommerce-image-align-center do-quantity-buttons product type-product post-4512 status-publish first instock product_cat-esculturas product_cat-obra product_tag-precio-a-negociar has-post-thumbnail sale sold-individually taxable shipping-taxable purchasable product-type-simple\">\n\t<a href=\"https:\/\/villanueva-fineart.es\/en\/product\/yin-yang-sun-yuly\/\" class=\"woocommerce-LoopProduct-link woocommerce-loop-product__link\">\n\t<span class=\"onsale\" data-no-translation=\"\" data-trp-gettext=\"\">\u00a1offers!<\/span>\n\t<img decoding=\"async\" width=\"300\" height=\"300\" src=\"https:\/\/villanueva-fineart.es\/wp-content\/uploads\/2022\/02\/74-300x300.jpg\" class=\"attachment-woocommerce_thumbnail size-woocommerce_thumbnail\" alt=\"Yin Yang,  Sun Yuly - PRECIO A NEGOCIAR\" srcset=\"https:\/\/villanueva-fineart.es\/wp-content\/uploads\/2022\/02\/74-300x300.jpg 300w, https:\/\/villanueva-fineart.es\/wp-content\/uploads\/2022\/02\/74-150x150.jpg 150w, https:\/\/villanueva-fineart.es\/wp-content\/uploads\/2022\/02\/74-100x100.jpg 100w\" sizes=\"(max-width: 300px) 100vw, 300px\" \/><h2 class=\"woocommerce-loop-product__title\">Yin Yang,  Sun Yuly &#8211; PRECIO A NEGOCIAR<\/h2>\n\t<span class=\"price\"><del aria-hidden=\"true\"><span class=\"woocommerce-Price-amount amount\"><bdi>2.500,00&nbsp;<span class=\"woocommerce-Price-currencySymbol\">&euro;<\/span><\/bdi><\/span><\/del> <span class=\"screen-reader-text\" data-no-translation=\"\" data-trp-gettext=\"\">Original price was: 2.500,00&nbsp;&euro;.<\/span><ins aria-hidden=\"true\"><span class=\"woocommerce-Price-amount amount\"><bdi>950,00&nbsp;<span class=\"woocommerce-Price-currencySymbol\">&euro;<\/span><\/bdi><\/span><\/ins><span class=\"screen-reader-text\" data-no-translation=\"\" data-trp-gettext=\"\">Current price is: 950,00&nbsp;&euro;.<\/span><\/span>\n<\/a><a href=\"?add-to-cart=4512\" aria-describedby=\"woocommerce_loop_add_to_cart_link_describedby_4512\" data-quantity=\"1\" class=\"button product_type_simple add_to_cart_button ajax_add_to_cart\" data-product_id=\"4512\" data-product_sku=\"\" aria-label=\"Add to basket: \u201cYin Yang,  Sun Yuly - PRECIO A NEGOCIAR\u201d\" rel=\"nofollow\" data-success_message=\"\u201cYin Yang,  Sun Yuly - PRECIO A NEGOCIAR\u201d has been added to your cart\" data-no-translation=\"\" data-trp-gettext=\"\" data-no-translation-aria-label=\"\" data-no-translation-data-success_message=\"\">ADD TO CART<\/a>\t<span id=\"woocommerce_loop_add_to_cart_link_describedby_4512\" class=\"screen-reader-text\">\n\t\t\t<\/span>\n<\/li>\n<\/ul>\n<\/div>\t\t\t\t<\/div>\n\t\t\t\t<\/div>\n\t\t\t\t\t<\/div>\n\t\t<\/div>\n\t\t\t\t\t<\/div>\n\t\t<\/section>\n\t\t\t\t<\/div>","protected":false},"excerpt":{"rendered":"<p>Sun Yu-li ESCULTOR SINGAPURENSE SUN YU-LI\u00a0 Fecha de nacimiento: 25 de mayo 1948 Pa\u00eds de nacimiento: China Sun Yu-li, arquitecto convertido en escultor, fue el ganador del prestigioso Premio de Escultura Moderna de la Rep\u00fablica de China (ROC) de 1991. Tambi\u00e9n fue ganador del Premio al M\u00e9rito del IBM Art Award 1990. Educaci\u00f3n: Universidad de &#8230; <a title=\"Sun Yu-Li\" class=\"read-more\" href=\"https:\/\/villanueva-fineart.es\/en\/sun-yu-li\/\" aria-label=\"Read more about Sun Yu-Li\">Read more<\/a><\/p>","protected":false},"author":1,"featured_media":0,"parent":0,"menu_order":0,"comment_status":"closed","ping_status":"closed","template":"","meta":{"footnotes":""},"class_list":["post-4514","page","type-page","status-publish"],"yoast_head":"<!-- This site is optimized with the Yoast SEO plugin v25.9 - https:\/\/yoast.com\/wordpress\/plugins\/seo\/ -->\n<title>Sun Yu-Li - Villanueva Fineart<\/title>\n<meta name=\"description\" content=\"ESCULTOR SINGAPURENSE SUN YU-LI El Sr. Sun Yu-li, arquitecto convertido en escultor, fue el ganador del prestigioso Premio de Escultura Moderna de la Rep\u00fablica de China (ROC) de 1991. Tambi\u00e9n fue ganador del Premio al M\u00e9rito del IBM Art Award 1990.\" \/>\n<meta name=\"robots\" content=\"index, follow, max-snippet:-1, max-image-preview:large, max-video-preview:-1\" \/>\n<link rel=\"canonical\" href=\"https:\/\/villanueva-fineart.es\/en\/sun-yu-li\/\" \/>\n<meta property=\"og:locale\" content=\"en_GB\" \/>\n<meta property=\"og:type\" content=\"article\" \/>\n<meta property=\"og:title\" content=\"Sun Yu-Li - Villanueva Fineart\" \/>\n<meta property=\"og:description\" content=\"ESCULTOR SINGAPURENSE SUN YU-LI El Sr. Sun Yu-li, arquitecto convertido en escultor, fue el ganador del prestigioso Premio de Escultura Moderna de la Rep\u00fablica de China (ROC) de 1991. Tambi\u00e9n fue ganador del Premio al M\u00e9rito del IBM Art Award 1990.\" \/>\n<meta property=\"og:url\" content=\"https:\/\/villanueva-fineart.es\/en\/sun-yu-li\/\" \/>\n<meta property=\"og:site_name\" content=\"Villanueva Fineart\" \/>\n<meta property=\"article:modified_time\" content=\"2022-03-02T16:55:20+00:00\" \/>\n<meta property=\"og:image\" content=\"https:\/\/villanueva-fineart.es\/wp-content\/uploads\/2022\/02\/74-768x509.jpg\" \/>\n<meta name=\"twitter:card\" content=\"summary_large_image\" \/>\n<meta name=\"twitter:label1\" content=\"Estimated reading time\" \/>\n\t<meta name=\"twitter:data1\" content=\"3 minutes\" \/>\n<script type=\"application\/ld+json\" class=\"yoast-schema-graph\">{\"@context\":\"https:\/\/schema.org\",\"@graph\":[{\"@type\":\"WebPage\",\"@id\":\"https:\/\/villanueva-fineart.es\/es_es\/sun-yu-li\/\",\"url\":\"https:\/\/villanueva-fineart.es\/es_es\/sun-yu-li\/\",\"name\":\"Sun Yu-Li - Villanueva Fineart\",\"isPartOf\":{\"@id\":\"http:\/\/villanueva-fineart.es\/#website\"},\"primaryImageOfPage\":{\"@id\":\"https:\/\/villanueva-fineart.es\/es_es\/sun-yu-li\/#primaryimage\"},\"image\":{\"@id\":\"https:\/\/villanueva-fineart.es\/es_es\/sun-yu-li\/#primaryimage\"},\"thumbnailUrl\":\"https:\/\/villanueva-fineart.es\/wp-content\/uploads\/2022\/02\/74-768x509.jpg\",\"datePublished\":\"2022-03-02T09:22:24+00:00\",\"dateModified\":\"2022-03-02T16:55:20+00:00\",\"description\":\"ESCULTOR SINGAPURENSE SUN YU-LI El Sr. Sun Yu-li, arquitecto convertido en escultor, fue el ganador del prestigioso Premio de Escultura Moderna de la Rep\u00fablica de China (ROC) de 1991. Tambi\u00e9n fue ganador del Premio al M\u00e9rito del IBM Art Award 1990.\",\"breadcrumb\":{\"@id\":\"https:\/\/villanueva-fineart.es\/es_es\/sun-yu-li\/#breadcrumb\"},\"inLanguage\":\"en-GB\",\"potentialAction\":[{\"@type\":\"ReadAction\",\"target\":[\"https:\/\/villanueva-fineart.es\/es_es\/sun-yu-li\/\"]}]},{\"@type\":\"ImageObject\",\"inLanguage\":\"en-GB\",\"@id\":\"https:\/\/villanueva-fineart.es\/es_es\/sun-yu-li\/#primaryimage\",\"url\":\"https:\/\/villanueva-fineart.es\/wp-content\/uploads\/2022\/02\/74-768x509.jpg\",\"contentUrl\":\"https:\/\/villanueva-fineart.es\/wp-content\/uploads\/2022\/02\/74-768x509.jpg\"},{\"@type\":\"BreadcrumbList\",\"@id\":\"https:\/\/villanueva-fineart.es\/es_es\/sun-yu-li\/#breadcrumb\",\"itemListElement\":[{\"@type\":\"ListItem\",\"position\":1,\"name\":\"Inicio\",\"item\":\"https:\/\/villanueva-fineart.es\/\"},{\"@type\":\"ListItem\",\"position\":2,\"name\":\"Sun Yu-Li\"}]},{\"@type\":\"WebSite\",\"@id\":\"http:\/\/villanueva-fineart.es\/#website\",\"url\":\"http:\/\/villanueva-fineart.es\/\",\"name\":\"Villanueva Fineart\",\"description\":\"Liquidaci\u00f3n de Obras de arte\",\"publisher\":{\"@id\":\"http:\/\/villanueva-fineart.es\/#organization\"},\"potentialAction\":[{\"@type\":\"SearchAction\",\"target\":{\"@type\":\"EntryPoint\",\"urlTemplate\":\"http:\/\/villanueva-fineart.es\/?s={search_term_string}\"},\"query-input\":{\"@type\":\"PropertyValueSpecification\",\"valueRequired\":true,\"valueName\":\"search_term_string\"}}],\"inLanguage\":\"en-GB\"},{\"@type\":\"Organization\",\"@id\":\"http:\/\/villanueva-fineart.es\/#organization\",\"name\":\"Villanueva Fineart\",\"url\":\"http:\/\/villanueva-fineart.es\/\",\"logo\":{\"@type\":\"ImageObject\",\"inLanguage\":\"en-GB\",\"@id\":\"http:\/\/villanueva-fineart.es\/#\/schema\/logo\/image\/\",\"url\":\"https:\/\/villanueva-fineart.es\/wp-content\/uploads\/2021\/11\/Logo-fineart.jpg\",\"contentUrl\":\"https:\/\/villanueva-fineart.es\/wp-content\/uploads\/2021\/11\/Logo-fineart.jpg\",\"width\":200,\"height\":85,\"caption\":\"Villanueva Fineart\"},\"image\":{\"@id\":\"http:\/\/villanueva-fineart.es\/#\/schema\/logo\/image\/\"}}]}<\/script>\n<!-- \/ Yoast SEO plugin. -->","yoast_head_json":{"title":"Sun Yu-Li - Villanueva Fineart","description":"ESCULTOR SINGAPURENSE SUN YU-LI El Sr. Sun Yu-li, arquitecto convertido en escultor, fue el ganador del prestigioso Premio de Escultura Moderna de la Rep\u00fablica de China (ROC) de 1991. Tambi\u00e9n fue ganador del Premio al M\u00e9rito del IBM Art Award 1990.","robots":{"index":"index","follow":"follow","max-snippet":"max-snippet:-1","max-image-preview":"max-image-preview:large","max-video-preview":"max-video-preview:-1"},"canonical":"https:\/\/villanueva-fineart.es\/en\/sun-yu-li\/","og_locale":"en_GB","og_type":"article","og_title":"Sun Yu-Li - Villanueva Fineart","og_description":"ESCULTOR SINGAPURENSE SUN YU-LI El Sr. Sun Yu-li, arquitecto convertido en escultor, fue el ganador del prestigioso Premio de Escultura Moderna de la Rep\u00fablica de China (ROC) de 1991. Tambi\u00e9n fue ganador del Premio al M\u00e9rito del IBM Art Award 1990.","og_url":"https:\/\/villanueva-fineart.es\/en\/sun-yu-li\/","og_site_name":"Villanueva Fineart","article_modified_time":"2022-03-02T16:55:20+00:00","og_image":[{"url":"https:\/\/villanueva-fineart.es\/wp-content\/uploads\/2022\/02\/74-768x509.jpg","type":"","width":"","height":""}],"twitter_card":"summary_large_image","twitter_misc":{"Estimated reading time":"3 minutes"},"schema":{"@context":"https:\/\/schema.org","@graph":[{"@type":"WebPage","@id":"https:\/\/villanueva-fineart.es\/es_es\/sun-yu-li\/","url":"https:\/\/villanueva-fineart.es\/es_es\/sun-yu-li\/","name":"Sun Yu-Li - Villanueva Fineart","isPartOf":{"@id":"http:\/\/villanueva-fineart.es\/#website"},"primaryImageOfPage":{"@id":"https:\/\/villanueva-fineart.es\/es_es\/sun-yu-li\/#primaryimage"},"image":{"@id":"https:\/\/villanueva-fineart.es\/es_es\/sun-yu-li\/#primaryimage"},"thumbnailUrl":"https:\/\/villanueva-fineart.es\/wp-content\/uploads\/2022\/02\/74-768x509.jpg","datePublished":"2022-03-02T09:22:24+00:00","dateModified":"2022-03-02T16:55:20+00:00","description":"ESCULTOR SINGAPURENSE SUN YU-LI El Sr. Sun Yu-li, arquitecto convertido en escultor, fue el ganador del prestigioso Premio de Escultura Moderna de la Rep\u00fablica de China (ROC) de 1991. Tambi\u00e9n fue ganador del Premio al M\u00e9rito del IBM Art Award 1990.","breadcrumb":{"@id":"https:\/\/villanueva-fineart.es\/es_es\/sun-yu-li\/#breadcrumb"},"inLanguage":"en-GB","potentialAction":[{"@type":"ReadAction","target":["https:\/\/villanueva-fineart.es\/es_es\/sun-yu-li\/"]}]},{"@type":"ImageObject","inLanguage":"en-GB","@id":"https:\/\/villanueva-fineart.es\/es_es\/sun-yu-li\/#primaryimage","url":"https:\/\/villanueva-fineart.es\/wp-content\/uploads\/2022\/02\/74-768x509.jpg","contentUrl":"https:\/\/villanueva-fineart.es\/wp-content\/uploads\/2022\/02\/74-768x509.jpg"},{"@type":"BreadcrumbList","@id":"https:\/\/villanueva-fineart.es\/es_es\/sun-yu-li\/#breadcrumb","itemListElement":[{"@type":"ListItem","position":1,"name":"Inicio","item":"https:\/\/villanueva-fineart.es\/"},{"@type":"ListItem","position":2,"name":"Sun Yu-Li"}]},{"@type":"WebSite","@id":"http:\/\/villanueva-fineart.es\/#website","url":"http:\/\/villanueva-fineart.es\/","name":"Villanueva Fineart","description":"Liquidaci\u00f3n de Obras de arte","publisher":{"@id":"http:\/\/villanueva-fineart.es\/#organization"},"potentialAction":[{"@type":"SearchAction","target":{"@type":"EntryPoint","urlTemplate":"http:\/\/villanueva-fineart.es\/?s={search_term_string}"},"query-input":{"@type":"PropertyValueSpecification","valueRequired":true,"valueName":"search_term_string"}}],"inLanguage":"en-GB"},{"@type":"Organization","@id":"http:\/\/villanueva-fineart.es\/#organization","name":"Villanueva Fineart","url":"http:\/\/villanueva-fineart.es\/","logo":{"@type":"ImageObject","inLanguage":"en-GB","@id":"http:\/\/villanueva-fineart.es\/#\/schema\/logo\/image\/","url":"https:\/\/villanueva-fineart.es\/wp-content\/uploads\/2021\/11\/Logo-fineart.jpg","contentUrl":"https:\/\/villanueva-fineart.es\/wp-content\/uploads\/2021\/11\/Logo-fineart.jpg","width":200,"height":85,"caption":"Villanueva Fineart"},"image":{"@id":"http:\/\/villanueva-fineart.es\/#\/schema\/logo\/image\/"}}]}},"_links":{"self":[{"href":"https:\/\/villanueva-fineart.es\/en\/wp-json\/wp\/v2\/pages\/4514","targetHints":{"allow":["GET"]}}],"collection":[{"href":"https:\/\/villanueva-fineart.es\/en\/wp-json\/wp\/v2\/pages"}],"about":[{"href":"https:\/\/villanueva-fineart.es\/en\/wp-json\/wp\/v2\/types\/page"}],"author":[{"embeddable":true,"href":"https:\/\/villanueva-fineart.es\/en\/wp-json\/wp\/v2\/users\/1"}],"replies":[{"embeddable":true,"href":"https:\/\/villanueva-fineart.es\/en\/wp-json\/wp\/v2\/comments?post=4514"}],"version-history":[{"count":10,"href":"https:\/\/villanueva-fineart.es\/en\/wp-json\/wp\/v2\/pages\/4514\/revisions"}],"predecessor-version":[{"id":4541,"href":"https:\/\/villanueva-fineart.es\/en\/wp-json\/wp\/v2\/pages\/4514\/revisions\/4541"}],"wp:attachment":[{"href":"https:\/\/villanueva-fineart.es\/en\/wp-json\/wp\/v2\/media?parent=4514"}],"curies":[{"name":"wp","href":"https:\/\/api.w.org\/{rel}","templated":true}]}}