{"id":3913,"date":"2022-01-29T13:09:26","date_gmt":"2022-01-29T13:09:26","guid":{"rendered":"https:\/\/villanueva-fineart.es\/?page_id=3913"},"modified":"2022-04-24T15:22:38","modified_gmt":"2022-04-24T15:22:38","slug":"enrique-monis-mora","status":"publish","type":"page","link":"https:\/\/villanueva-fineart.es\/en\/enrique-monis-mora\/","title":{"rendered":"Enrique Mon\u00eds Mora"},"content":{"rendered":"<div data-elementor-type=\"wp-page\" data-elementor-id=\"3913\" class=\"elementor elementor-3913\" data-elementor-post-type=\"page\">\n\t\t\t\t\t\t<section class=\"elementor-section elementor-top-section elementor-element elementor-element-ba9abe5 elementor-section-full_width elementor-section-height-default elementor-section-height-default\" data-id=\"ba9abe5\" data-element_type=\"section\">\n\t\t\t\t\t\t<div class=\"elementor-container elementor-column-gap-default\">\n\t\t\t\t\t<div class=\"elementor-column elementor-col-100 elementor-top-column elementor-element elementor-element-6a897f1\" data-id=\"6a897f1\" data-element_type=\"column\">\n\t\t\t<div class=\"elementor-widget-wrap elementor-element-populated\">\n\t\t\t\t\t\t<div class=\"elementor-element elementor-element-ab0d8ef elementor-widget-divider--view-line elementor-widget elementor-widget-divider\" data-id=\"ab0d8ef\" data-element_type=\"widget\" data-widget_type=\"divider.default\">\n\t\t\t\t<div class=\"elementor-widget-container\">\n\t\t\t\t\t\t\t<div class=\"elementor-divider\">\n\t\t\t<span class=\"elementor-divider-separator\">\n\t\t\t\t\t\t<\/span>\n\t\t<\/div>\n\t\t\t\t\t\t<\/div>\n\t\t\t\t<\/div>\n\t\t\t\t\t<\/div>\n\t\t<\/div>\n\t\t\t\t\t<\/div>\n\t\t<\/section>\n\t\t\t\t<section class=\"elementor-section elementor-top-section elementor-element elementor-element-2d229a6 elementor-section-boxed elementor-section-height-default elementor-section-height-default\" data-id=\"2d229a6\" data-element_type=\"section\">\n\t\t\t\t\t\t<div class=\"elementor-container elementor-column-gap-default\">\n\t\t\t\t\t<div class=\"elementor-column elementor-col-50 elementor-top-column elementor-element elementor-element-030696b\" data-id=\"030696b\" data-element_type=\"column\">\n\t\t\t<div class=\"elementor-widget-wrap elementor-element-populated\">\n\t\t\t\t\t\t<div class=\"elementor-element elementor-element-5f2bab9 elementor-widget elementor-widget-image\" data-id=\"5f2bab9\" data-element_type=\"widget\" data-widget_type=\"image.default\">\n\t\t\t\t<div class=\"elementor-widget-container\">\n\t\t\t\t\t\t\t\t\t\t\t\t\t\t\t\t<a href=\"http:\/\/https\/\/www.villanueva-fineart.es\/enrique-monis-mora\">\n\t\t\t\t\t\t\t<img fetchpriority=\"high\" decoding=\"async\" width=\"768\" height=\"577\" src=\"https:\/\/villanueva-fineart.es\/wp-content\/uploads\/2022\/01\/Monis-Mora-768x577.jpg\" class=\"attachment-medium_large size-medium_large wp-image-3934\" alt=\"\" srcset=\"https:\/\/villanueva-fineart.es\/wp-content\/uploads\/2022\/01\/Monis-Mora-768x577.jpg 768w, https:\/\/villanueva-fineart.es\/wp-content\/uploads\/2022\/01\/Monis-Mora-300x226.jpg 300w, https:\/\/villanueva-fineart.es\/wp-content\/uploads\/2022\/01\/Monis-Mora-16x12.jpg 16w, https:\/\/villanueva-fineart.es\/wp-content\/uploads\/2022\/01\/Monis-Mora-600x451.jpg 600w, https:\/\/villanueva-fineart.es\/wp-content\/uploads\/2022\/01\/Monis-Mora.jpg 890w\" sizes=\"(max-width: 768px) 100vw, 768px\" \/>\t\t\t\t\t\t\t\t<\/a>\n\t\t\t\t\t\t\t\t\t\t\t\t\t\t\t<\/div>\n\t\t\t\t<\/div>\n\t\t\t\t\t<\/div>\n\t\t<\/div>\n\t\t\t\t<div class=\"elementor-column elementor-col-50 elementor-top-column elementor-element elementor-element-97c9237\" data-id=\"97c9237\" data-element_type=\"column\">\n\t\t\t<div class=\"elementor-widget-wrap elementor-element-populated\">\n\t\t\t\t\t\t<div class=\"elementor-element elementor-element-357f95f elementor-widget elementor-widget-heading\" data-id=\"357f95f\" data-element_type=\"widget\" data-widget_type=\"heading.default\">\n\t\t\t\t<div class=\"elementor-widget-container\">\n\t\t\t\t\t<div class=\"elementor-heading-title elementor-size-xl\"><a href=\"http:\/\/https\/\/www.villanueva-fineart.es\/enrique-monis-mora\">Enrique Mon\u00eds Mora<\/a><\/div>\t\t\t\t<\/div>\n\t\t\t\t<\/div>\n\t\t\t\t<div class=\"elementor-element elementor-element-5566467 elementor-widget elementor-widget-text-editor\" data-id=\"5566467\" data-element_type=\"widget\" data-widget_type=\"text-editor.default\">\n\t\t\t\t<div class=\"elementor-widget-container\">\n\t\t\t\t\t\t\t\t\t<p><strong>Enrique Mon\u00eds Mora <\/strong><strong>(Nerva, 1914-1982), <\/strong><\/p><p><strong>Huelva painter trained artistically in Seville and Paris. He devoted himself profusely to the painting of flowers, in the purest Dutch style. Author of prodigious still lifes, marinas, landscapes, floral ensembles and portraits.\u00a0<\/strong><strong>Autor de prodigiosos<br \/>bodegones, marinas, paisajes, conjuntos florales y retratos.<\/strong><\/p><p><strong>Enrique Mon\u00eds Mora cultivated flowery still lifes like few others and specialized in this subject in his canvases.\u00a0<\/strong><\/p><p><strong>El Museo V\u00e1zquez D\u00edaz de Nerva muestra sus fondos de arte.<\/strong><\/p><p><strong>\u00a0Two magnificent works, a portrait of Jos\u00e9 M\u00aa Mor\u00f3n and a self-portrait, both from the early sixties, which the author gave in 1963 to the City Council of Nerva. Under a mining background of chimneys and red hills of his homeland he places the poet and he is portrayed painting his mother, with a brush in his right hand. Before being a painter of flowers as they wanted to call him, he built with firmness and strength a neat drawing of very good invoice.<\/strong><\/p>\t\t\t\t\t\t\t\t<\/div>\n\t\t\t\t<\/div>\n\t\t\t\t\t<\/div>\n\t\t<\/div>\n\t\t\t\t\t<\/div>\n\t\t<\/section>\n\t\t\t\t<section class=\"elementor-section elementor-top-section elementor-element elementor-element-03455b4 elementor-section-boxed elementor-section-height-default elementor-section-height-default\" data-id=\"03455b4\" data-element_type=\"section\">\n\t\t\t\t\t\t<div class=\"elementor-container elementor-column-gap-default\">\n\t\t\t\t\t<div class=\"elementor-column elementor-col-100 elementor-top-column elementor-element elementor-element-33e8861\" data-id=\"33e8861\" data-element_type=\"column\">\n\t\t\t<div class=\"elementor-widget-wrap elementor-element-populated\">\n\t\t\t\t\t\t\t<\/div>\n\t\t<\/div>\n\t\t\t\t\t<\/div>\n\t\t<\/section>\n\t\t\t\t<section class=\"elementor-section elementor-top-section elementor-element elementor-element-0d4ab8f elementor-section-boxed elementor-section-height-default elementor-section-height-default\" data-id=\"0d4ab8f\" data-element_type=\"section\">\n\t\t\t\t\t\t<div class=\"elementor-container elementor-column-gap-default\">\n\t\t\t\t\t<div class=\"elementor-column elementor-col-100 elementor-top-column elementor-element elementor-element-ed2de8c\" data-id=\"ed2de8c\" data-element_type=\"column\">\n\t\t\t<div class=\"elementor-widget-wrap elementor-element-populated\">\n\t\t\t\t\t\t<div class=\"elementor-element elementor-element-9188e95 elementor-widget elementor-widget-heading\" data-id=\"9188e95\" data-element_type=\"widget\" data-widget_type=\"heading.default\">\n\t\t\t\t<div class=\"elementor-widget-container\">\n\t\t\t\t\t<h2 class=\"elementor-heading-title elementor-size-default\">Artworks<\/h2>\t\t\t\t<\/div>\n\t\t\t\t<\/div>\n\t\t\t\t<div class=\"elementor-element elementor-element-b0a9d4f elementor-grid-4 elementor-grid-tablet-3 elementor-grid-mobile-2 elementor-products-grid elementor-wc-products elementor-widget elementor-widget-woocommerce-products\" data-id=\"b0a9d4f\" data-element_type=\"widget\" data-widget_type=\"woocommerce-products.default\">\n\t\t\t\t<div class=\"elementor-widget-container\">\n\t\t\t\t\t<div class=\"woocommerce columns-4\"><ul class=\"products elementor-grid columns-4\">\n<li class=\"sales-flash-overlay woocommerce-text-align-center woocommerce-image-align-center do-quantity-buttons product type-product post-3933 status-publish first instock product_cat-obra product_cat-oleo product_cat-paisajes-obra has-post-thumbnail sold-individually taxable shipping-taxable purchasable product-type-simple\">\n\t<a href=\"https:\/\/villanueva-fineart.es\/en\/product\/paisaje-enrique-monis-mora\/\" class=\"woocommerce-LoopProduct-link woocommerce-loop-product__link\"><img decoding=\"async\" width=\"300\" height=\"300\" src=\"https:\/\/villanueva-fineart.es\/wp-content\/uploads\/2022\/01\/Monis-Mora-300x300.jpg\" class=\"attachment-woocommerce_thumbnail size-woocommerce_thumbnail\" alt=\"Paisaje, Enrique Mon\u00eds Mora - VENDIDO\/SOLD OUT\" srcset=\"https:\/\/villanueva-fineart.es\/wp-content\/uploads\/2022\/01\/Monis-Mora-300x300.jpg 300w, https:\/\/villanueva-fineart.es\/wp-content\/uploads\/2022\/01\/Monis-Mora-150x150.jpg 150w, https:\/\/villanueva-fineart.es\/wp-content\/uploads\/2022\/01\/Monis-Mora-100x100.jpg 100w\" sizes=\"(max-width: 300px) 100vw, 300px\" \/><h2 class=\"woocommerce-loop-product__title\">Paisaje, Enrique Mon\u00eds Mora &#8211; VENDIDO\/SOLD OUT<\/h2>\n\t<span class=\"price\"><span class=\"woocommerce-Price-amount amount\"><bdi>0,00&nbsp;<span class=\"woocommerce-Price-currencySymbol\">&euro;<\/span><\/bdi><\/span><\/span>\n<\/a><a href=\"?add-to-cart=3933\" aria-describedby=\"woocommerce_loop_add_to_cart_link_describedby_3933\" data-quantity=\"1\" class=\"button product_type_simple add_to_cart_button ajax_add_to_cart\" data-product_id=\"3933\" data-product_sku=\"\" aria-label=\"Add to basket: \u201cPaisaje, Enrique Mon\u00eds Mora - VENDIDO\/SOLD OUT\u201d\" rel=\"nofollow\" data-success_message=\"\u201cPaisaje, Enrique Mon\u00eds Mora - VENDIDO\/SOLD OUT\u201d has been added to your cart\" data-no-translation=\"\" data-trp-gettext=\"\" data-no-translation-aria-label=\"\" data-no-translation-data-success_message=\"\">ADD TO CART<\/a>\t<span id=\"woocommerce_loop_add_to_cart_link_describedby_3933\" class=\"screen-reader-text\">\n\t\t\t<\/span>\n<\/li>\n<\/ul>\n<\/div>\t\t\t\t<\/div>\n\t\t\t\t<\/div>\n\t\t\t\t\t<\/div>\n\t\t<\/div>\n\t\t\t\t\t<\/div>\n\t\t<\/section>\n\t\t\t\t<\/div>","protected":false},"excerpt":{"rendered":"<p>Enrique Mon\u00eds Mora Enrique Mon\u00eds Mora (Nerva, 1914-1982), Pintor onubense formado art\u00edsticamente en Sevilla y en Par\u00eds. Se dedic\u00f3 con profusi\u00f3n a la pintura de flores, al m\u00e1s puro estilo holand\u00e9s.\u00a0Autor de prodigiososbodegones, marinas, paisajes, conjuntos florales y retratos. Enrique Mon\u00eds Mora cultiv\u00f3 los bodegones floridos como pocos y se especializ\u00f3 en este tema en &#8230; <a title=\"Enrique Mon\u00eds Mora\" class=\"read-more\" href=\"https:\/\/villanueva-fineart.es\/en\/enrique-monis-mora\/\" aria-label=\"Read more about Enrique Mon\u00eds Mora\">Read more<\/a><\/p>","protected":false},"author":1,"featured_media":0,"parent":0,"menu_order":0,"comment_status":"closed","ping_status":"closed","template":"","meta":{"footnotes":""},"class_list":["post-3913","page","type-page","status-publish"],"yoast_head":"<!-- This site is optimized with the Yoast SEO plugin v25.9 - https:\/\/yoast.com\/wordpress\/plugins\/seo\/ -->\n<title>Enrique Mon\u00eds Mora - Villanueva Fineart<\/title>\n<meta name=\"description\" content=\"Pintor impresionista espa\u00f1ol, de los m\u00e1s conocidos e importantes con larga trayectoria y numerosos premios.\" \/>\n<meta name=\"robots\" content=\"index, follow, max-snippet:-1, max-image-preview:large, max-video-preview:-1\" \/>\n<link rel=\"canonical\" href=\"https:\/\/villanueva-fineart.es\/en\/enrique-monis-mora\/\" \/>\n<meta property=\"og:locale\" content=\"en_GB\" \/>\n<meta property=\"og:type\" content=\"article\" \/>\n<meta property=\"og:title\" content=\"Enrique Mon\u00eds Mora - Villanueva Fineart\" \/>\n<meta property=\"og:description\" content=\"Pintor impresionista espa\u00f1ol, de los m\u00e1s conocidos e importantes con larga trayectoria y numerosos premios.\" \/>\n<meta property=\"og:url\" content=\"https:\/\/villanueva-fineart.es\/en\/enrique-monis-mora\/\" \/>\n<meta property=\"og:site_name\" content=\"Villanueva Fineart\" \/>\n<meta property=\"article:modified_time\" content=\"2022-04-24T15:22:38+00:00\" \/>\n<meta property=\"og:image\" content=\"https:\/\/villanueva-fineart.es\/wp-content\/uploads\/2022\/01\/Monis-Mora-768x577.jpg\" \/>\n<meta name=\"twitter:card\" content=\"summary_large_image\" \/>\n<meta name=\"twitter:label1\" content=\"Estimated reading time\" \/>\n\t<meta name=\"twitter:data1\" content=\"2 minutes\" \/>\n<script type=\"application\/ld+json\" class=\"yoast-schema-graph\">{\"@context\":\"https:\/\/schema.org\",\"@graph\":[{\"@type\":\"WebPage\",\"@id\":\"https:\/\/villanueva-fineart.es\/enrique-monis-mora\/\",\"url\":\"https:\/\/villanueva-fineart.es\/enrique-monis-mora\/\",\"name\":\"Enrique Mon\u00eds Mora - Villanueva Fineart\",\"isPartOf\":{\"@id\":\"http:\/\/villanueva-fineart.es\/#website\"},\"primaryImageOfPage\":{\"@id\":\"https:\/\/villanueva-fineart.es\/enrique-monis-mora\/#primaryimage\"},\"image\":{\"@id\":\"https:\/\/villanueva-fineart.es\/enrique-monis-mora\/#primaryimage\"},\"thumbnailUrl\":\"https:\/\/villanueva-fineart.es\/wp-content\/uploads\/2022\/01\/Monis-Mora-768x577.jpg\",\"datePublished\":\"2022-01-29T13:09:26+00:00\",\"dateModified\":\"2022-04-24T15:22:38+00:00\",\"description\":\"Pintor impresionista espa\u00f1ol, de los m\u00e1s conocidos e importantes con larga trayectoria y numerosos premios.\",\"breadcrumb\":{\"@id\":\"https:\/\/villanueva-fineart.es\/enrique-monis-mora\/#breadcrumb\"},\"inLanguage\":\"en-GB\",\"potentialAction\":[{\"@type\":\"ReadAction\",\"target\":[\"https:\/\/villanueva-fineart.es\/enrique-monis-mora\/\"]}]},{\"@type\":\"ImageObject\",\"inLanguage\":\"en-GB\",\"@id\":\"https:\/\/villanueva-fineart.es\/enrique-monis-mora\/#primaryimage\",\"url\":\"https:\/\/villanueva-fineart.es\/wp-content\/uploads\/2022\/01\/Monis-Mora-768x577.jpg\",\"contentUrl\":\"https:\/\/villanueva-fineart.es\/wp-content\/uploads\/2022\/01\/Monis-Mora-768x577.jpg\"},{\"@type\":\"BreadcrumbList\",\"@id\":\"https:\/\/villanueva-fineart.es\/enrique-monis-mora\/#breadcrumb\",\"itemListElement\":[{\"@type\":\"ListItem\",\"position\":1,\"name\":\"Inicio\",\"item\":\"https:\/\/villanueva-fineart.es\/\"},{\"@type\":\"ListItem\",\"position\":2,\"name\":\"Enrique Mon\u00eds Mora\"}]},{\"@type\":\"WebSite\",\"@id\":\"http:\/\/villanueva-fineart.es\/#website\",\"url\":\"http:\/\/villanueva-fineart.es\/\",\"name\":\"Villanueva Fineart\",\"description\":\"Liquidaci\u00f3n de Obras de arte\",\"publisher\":{\"@id\":\"http:\/\/villanueva-fineart.es\/#organization\"},\"potentialAction\":[{\"@type\":\"SearchAction\",\"target\":{\"@type\":\"EntryPoint\",\"urlTemplate\":\"http:\/\/villanueva-fineart.es\/?s={search_term_string}\"},\"query-input\":{\"@type\":\"PropertyValueSpecification\",\"valueRequired\":true,\"valueName\":\"search_term_string\"}}],\"inLanguage\":\"en-GB\"},{\"@type\":\"Organization\",\"@id\":\"http:\/\/villanueva-fineart.es\/#organization\",\"name\":\"Villanueva Fineart\",\"url\":\"http:\/\/villanueva-fineart.es\/\",\"logo\":{\"@type\":\"ImageObject\",\"inLanguage\":\"en-GB\",\"@id\":\"http:\/\/villanueva-fineart.es\/#\/schema\/logo\/image\/\",\"url\":\"https:\/\/villanueva-fineart.es\/wp-content\/uploads\/2021\/11\/Logo-fineart.jpg\",\"contentUrl\":\"https:\/\/villanueva-fineart.es\/wp-content\/uploads\/2021\/11\/Logo-fineart.jpg\",\"width\":200,\"height\":85,\"caption\":\"Villanueva Fineart\"},\"image\":{\"@id\":\"http:\/\/villanueva-fineart.es\/#\/schema\/logo\/image\/\"}}]}<\/script>\n<!-- \/ Yoast SEO plugin. -->","yoast_head_json":{"title":"Enrique Mon\u00eds Mora - Villanueva Fineart","description":"Pintor impresionista espa\u00f1ol, de los m\u00e1s conocidos e importantes con larga trayectoria y numerosos premios.","robots":{"index":"index","follow":"follow","max-snippet":"max-snippet:-1","max-image-preview":"max-image-preview:large","max-video-preview":"max-video-preview:-1"},"canonical":"https:\/\/villanueva-fineart.es\/en\/enrique-monis-mora\/","og_locale":"en_GB","og_type":"article","og_title":"Enrique Mon\u00eds Mora - Villanueva Fineart","og_description":"Pintor impresionista espa\u00f1ol, de los m\u00e1s conocidos e importantes con larga trayectoria y numerosos premios.","og_url":"https:\/\/villanueva-fineart.es\/en\/enrique-monis-mora\/","og_site_name":"Villanueva Fineart","article_modified_time":"2022-04-24T15:22:38+00:00","og_image":[{"url":"https:\/\/villanueva-fineart.es\/wp-content\/uploads\/2022\/01\/Monis-Mora-768x577.jpg","type":"","width":"","height":""}],"twitter_card":"summary_large_image","twitter_misc":{"Estimated reading time":"2 minutes"},"schema":{"@context":"https:\/\/schema.org","@graph":[{"@type":"WebPage","@id":"https:\/\/villanueva-fineart.es\/enrique-monis-mora\/","url":"https:\/\/villanueva-fineart.es\/enrique-monis-mora\/","name":"Enrique Mon\u00eds Mora - Villanueva Fineart","isPartOf":{"@id":"http:\/\/villanueva-fineart.es\/#website"},"primaryImageOfPage":{"@id":"https:\/\/villanueva-fineart.es\/enrique-monis-mora\/#primaryimage"},"image":{"@id":"https:\/\/villanueva-fineart.es\/enrique-monis-mora\/#primaryimage"},"thumbnailUrl":"https:\/\/villanueva-fineart.es\/wp-content\/uploads\/2022\/01\/Monis-Mora-768x577.jpg","datePublished":"2022-01-29T13:09:26+00:00","dateModified":"2022-04-24T15:22:38+00:00","description":"Pintor impresionista espa\u00f1ol, de los m\u00e1s conocidos e importantes con larga trayectoria y numerosos premios.","breadcrumb":{"@id":"https:\/\/villanueva-fineart.es\/enrique-monis-mora\/#breadcrumb"},"inLanguage":"en-GB","potentialAction":[{"@type":"ReadAction","target":["https:\/\/villanueva-fineart.es\/enrique-monis-mora\/"]}]},{"@type":"ImageObject","inLanguage":"en-GB","@id":"https:\/\/villanueva-fineart.es\/enrique-monis-mora\/#primaryimage","url":"https:\/\/villanueva-fineart.es\/wp-content\/uploads\/2022\/01\/Monis-Mora-768x577.jpg","contentUrl":"https:\/\/villanueva-fineart.es\/wp-content\/uploads\/2022\/01\/Monis-Mora-768x577.jpg"},{"@type":"BreadcrumbList","@id":"https:\/\/villanueva-fineart.es\/enrique-monis-mora\/#breadcrumb","itemListElement":[{"@type":"ListItem","position":1,"name":"Inicio","item":"https:\/\/villanueva-fineart.es\/"},{"@type":"ListItem","position":2,"name":"Enrique Mon\u00eds Mora"}]},{"@type":"WebSite","@id":"http:\/\/villanueva-fineart.es\/#website","url":"http:\/\/villanueva-fineart.es\/","name":"Villanueva Fineart","description":"Liquidaci\u00f3n de Obras de arte","publisher":{"@id":"http:\/\/villanueva-fineart.es\/#organization"},"potentialAction":[{"@type":"SearchAction","target":{"@type":"EntryPoint","urlTemplate":"http:\/\/villanueva-fineart.es\/?s={search_term_string}"},"query-input":{"@type":"PropertyValueSpecification","valueRequired":true,"valueName":"search_term_string"}}],"inLanguage":"en-GB"},{"@type":"Organization","@id":"http:\/\/villanueva-fineart.es\/#organization","name":"Villanueva Fineart","url":"http:\/\/villanueva-fineart.es\/","logo":{"@type":"ImageObject","inLanguage":"en-GB","@id":"http:\/\/villanueva-fineart.es\/#\/schema\/logo\/image\/","url":"https:\/\/villanueva-fineart.es\/wp-content\/uploads\/2021\/11\/Logo-fineart.jpg","contentUrl":"https:\/\/villanueva-fineart.es\/wp-content\/uploads\/2021\/11\/Logo-fineart.jpg","width":200,"height":85,"caption":"Villanueva Fineart"},"image":{"@id":"http:\/\/villanueva-fineart.es\/#\/schema\/logo\/image\/"}}]}},"_links":{"self":[{"href":"https:\/\/villanueva-fineart.es\/en\/wp-json\/wp\/v2\/pages\/3913","targetHints":{"allow":["GET"]}}],"collection":[{"href":"https:\/\/villanueva-fineart.es\/en\/wp-json\/wp\/v2\/pages"}],"about":[{"href":"https:\/\/villanueva-fineart.es\/en\/wp-json\/wp\/v2\/types\/page"}],"author":[{"embeddable":true,"href":"https:\/\/villanueva-fineart.es\/en\/wp-json\/wp\/v2\/users\/1"}],"replies":[{"embeddable":true,"href":"https:\/\/villanueva-fineart.es\/en\/wp-json\/wp\/v2\/comments?post=3913"}],"version-history":[{"count":38,"href":"https:\/\/villanueva-fineart.es\/en\/wp-json\/wp\/v2\/pages\/3913\/revisions"}],"predecessor-version":[{"id":4780,"href":"https:\/\/villanueva-fineart.es\/en\/wp-json\/wp\/v2\/pages\/3913\/revisions\/4780"}],"wp:attachment":[{"href":"https:\/\/villanueva-fineart.es\/en\/wp-json\/wp\/v2\/media?parent=3913"}],"curies":[{"name":"wp","href":"https:\/\/api.w.org\/{rel}","templated":true}]}}