{"id":3509,"date":"2022-01-01T21:31:11","date_gmt":"2022-01-01T21:31:11","guid":{"rendered":"https:\/\/villanueva-fineart.es\/?page_id=3509"},"modified":"2022-01-02T16:41:34","modified_gmt":"2022-01-02T16:41:34","slug":"tristan-ra","status":"publish","type":"page","link":"https:\/\/villanueva-fineart.es\/en\/tristan-ra\/","title":{"rendered":"Tristan R\u00e1"},"content":{"rendered":"<div data-elementor-type=\"wp-page\" data-elementor-id=\"3509\" class=\"elementor elementor-3509\" data-elementor-post-type=\"page\">\n\t\t\t\t\t\t<section class=\"elementor-section elementor-top-section elementor-element elementor-element-7da3ceb elementor-section-full_width elementor-section-height-default elementor-section-height-default\" data-id=\"7da3ceb\" data-element_type=\"section\">\n\t\t\t\t\t\t<div class=\"elementor-container elementor-column-gap-default\">\n\t\t\t\t\t<div class=\"elementor-column elementor-col-100 elementor-top-column elementor-element elementor-element-fe60994\" data-id=\"fe60994\" data-element_type=\"column\">\n\t\t\t<div class=\"elementor-widget-wrap elementor-element-populated\">\n\t\t\t\t\t\t<div class=\"elementor-element elementor-element-019e990 elementor-widget-divider--view-line elementor-widget elementor-widget-divider\" data-id=\"019e990\" data-element_type=\"widget\" data-widget_type=\"divider.default\">\n\t\t\t\t<div class=\"elementor-widget-container\">\n\t\t\t\t\t\t\t<div class=\"elementor-divider\">\n\t\t\t<span class=\"elementor-divider-separator\">\n\t\t\t\t\t\t<\/span>\n\t\t<\/div>\n\t\t\t\t\t\t<\/div>\n\t\t\t\t<\/div>\n\t\t\t\t\t<\/div>\n\t\t<\/div>\n\t\t\t\t\t<\/div>\n\t\t<\/section>\n\t\t\t\t<section class=\"elementor-section elementor-top-section elementor-element elementor-element-04cd1bb elementor-section-boxed elementor-section-height-default elementor-section-height-default\" data-id=\"04cd1bb\" data-element_type=\"section\">\n\t\t\t\t\t\t<div class=\"elementor-container elementor-column-gap-default\">\n\t\t\t\t\t<div class=\"elementor-column elementor-col-50 elementor-top-column elementor-element elementor-element-fd0b1ae\" data-id=\"fd0b1ae\" data-element_type=\"column\">\n\t\t\t<div class=\"elementor-widget-wrap elementor-element-populated\">\n\t\t\t\t\t\t<div class=\"elementor-element elementor-element-6484428 elementor-widget elementor-widget-image\" data-id=\"6484428\" data-element_type=\"widget\" data-widget_type=\"image.default\">\n\t\t\t\t<div class=\"elementor-widget-container\">\n\t\t\t\t\t\t\t\t\t\t\t\t\t\t\t\t<a href=\"https:\/\/villanueva-fineart.es\/en\/tristan-ra\/\">\n\t\t\t\t\t\t\t<img fetchpriority=\"high\" decoding=\"async\" width=\"768\" height=\"1004\" src=\"https:\/\/villanueva-fineart.es\/wp-content\/uploads\/2022\/01\/Tristan-Ra-cop-768x1004.jpg\" class=\"attachment-medium_large size-medium_large wp-image-3510\" alt=\"\" srcset=\"https:\/\/villanueva-fineart.es\/wp-content\/uploads\/2022\/01\/Tristan-Ra-cop-768x1004.jpg 768w, https:\/\/villanueva-fineart.es\/wp-content\/uploads\/2022\/01\/Tristan-Ra-cop-230x300.jpg 230w, https:\/\/villanueva-fineart.es\/wp-content\/uploads\/2022\/01\/Tristan-Ra-cop-784x1024.jpg 784w, https:\/\/villanueva-fineart.es\/wp-content\/uploads\/2022\/01\/Tristan-Ra-cop-9x12.jpg 9w, https:\/\/villanueva-fineart.es\/wp-content\/uploads\/2022\/01\/Tristan-Ra-cop-600x784.jpg 600w, https:\/\/villanueva-fineart.es\/wp-content\/uploads\/2022\/01\/Tristan-Ra-cop.jpg 890w\" sizes=\"(max-width: 768px) 100vw, 768px\" \/>\t\t\t\t\t\t\t\t<\/a>\n\t\t\t\t\t\t\t\t\t\t\t\t\t\t\t<\/div>\n\t\t\t\t<\/div>\n\t\t\t\t\t<\/div>\n\t\t<\/div>\n\t\t\t\t<div class=\"elementor-column elementor-col-50 elementor-top-column elementor-element elementor-element-6463cb3\" data-id=\"6463cb3\" data-element_type=\"column\">\n\t\t\t<div class=\"elementor-widget-wrap elementor-element-populated\">\n\t\t\t\t\t\t<div class=\"elementor-element elementor-element-4667ff2 elementor-widget elementor-widget-heading\" data-id=\"4667ff2\" data-element_type=\"widget\" data-widget_type=\"heading.default\">\n\t\t\t\t<div class=\"elementor-widget-container\">\n\t\t\t\t\t<div class=\"elementor-heading-title elementor-size-xl\"><a href=\"https:\/\/villanueva-fineart.es\/en\/tristan-ra\/\">Tristan R\u00e1<\/a><\/div>\t\t\t\t<\/div>\n\t\t\t\t<\/div>\n\t\t\t\t<div class=\"elementor-element elementor-element-772d12a elementor-widget elementor-widget-text-editor\" data-id=\"772d12a\" data-element_type=\"widget\" data-widget_type=\"text-editor.default\">\n\t\t\t\t<div class=\"elementor-widget-container\">\n\t\t\t\t\t\t\t\t\t<p>Born in Montlu\u00e7on, in central France, this talented self-taught man deliberately chose our own south to set up his easel after years of cheerful galleys on the C\u00f4te d'Azur. A painter of renown and adoration, his contemporary expressionism is fashionable in many galleries and international exhibitions around the world. Unpretentious and with their hearts in their hands, Tristan and his partner Monika welcome him to their simplest house in the world, at tea time, while they receive the Indian artist Jairaj Soni, collected in Rajasthan during the last trip.<\/p><p>Increasingly, Le Carla-Bayle acquires the appearance of an art village that the Arts et Vie association, organizer of the Rue des arts, would like to give it. Every year he sees his share of openings of small galleries and artists' studios. Thus, the painter Tristan R\u00e0 opens to the public his beautiful house in blue tones at the southern entrance of the bastide. It is probably the most visited place in the village, after the church and the inns. Tristan R\u00e0 was created in 1998, in the Carla-Bayle, a base port to which he invariably returns after each of his many trips from which he always brings back a formidable harvest of images and prints that make all the richness of his paintings.<\/p><p>\u00a0<\/p><p class=\"translation-block\">Tristan R\u00e0 travels a lot through the countries that inspire him. Mainly in the East and Middle East, Afghanistan, Pakistan, Iran, Africa, Tunisia and Mali.<\/p><p>His talent is recognized today all over the world. He exhibits in the largest galleries: New York, Miami, Singapore, Hong Kong and of course Paris<\/p><p>Tristan R\u00e0 presented some of the thirty paintings he has composed in the last ten years: the Blue Mosque of Istanbul, views of Venice and Jerusalem, portraits of Urdu, people from the Afghan-Pakistani border.<\/p><p>He defines himself as a \"modern orientalist\" painter with an \"expressionist\" style.<\/p><p>The richness and color palette, from deep blue to reds and ochres, seduce visitors to the exhibition, as do the works of other artists, watercolors, pencils, oils, pastels, Indian inks, zinc, poetry and sculptures.<\/p><p>Tristan R\u00e0 was not born a painter, he certainly always drew but embarked on medical studies before, overnight, to throw everything away for painting<\/p><p>I enrolled in Fine Arts, but we learned an extremely laborious technique.<br \/><strong>. I moved to Vallauris where I met a teacher I worked with.<\/strong><\/p><p>Thirty years ago, Tristan R\u00e0 worked in oil painting \"for the subtlety of the colors\" but acrylic now allows him to go further in the subtlety of the enamel, the representation of the object fades behind the color medium and the movement of the line.<\/p><p>On his easel, it is under the benevolent gaze of Picasso that he officiates,<\/p><p>\"pure genius!\" according to R\u00e0.<\/p><p>\"I lived in Vallauris for a long time, I often met him without daring to approach him [...]<\/p><p>The presence of these great painters then imprinted in these places an atmosphere that encouraged creation.\"<\/p><p>Ramatuelle, Gassin, Collioure, at first painted ports, villages where he stayed, the overwhelming heat of the south but also the cold color of the island of R\u00e9 or the diffuse luminosity of the south of France and this small village of Ari\u00e8ge that reminds him so much of Saint Paul de Vence, with its high hills, its walls and galleries.<\/p><p>\u00a0<\/p><p>\"Today I no longer have the pressure to produce several dozen paintings a month.<br \/><strong>I have an important exhibition in Zurich in January and I work exclusively with galleries, in Germany, Switzerland, the United States and with my website \"<\/strong><\/p><p>I like color, I am close to German expressionists like August Macke and then Duffy, Matisse, Braque, Picasso or Gauguin who opened the doors to modern art\"<\/p><p>The exhibition of Tristan R\u00e2 can be seen until August 31, 2021 at the Maison Jacob in Castelnau-Montratier in the Lot.\u00a0<\/p><p>Oriental Expressionism<\/p><p>Colors are bright, bright but not aggressive, he went to iconic places on the Silk Road to create his own vision.<\/p><p>A journey that takes him to the East, where brushes and paintings under his arm is installed, in the street, in a place that inspires him to sketch the essence. Some paintings are worked with gold leaf, explains the artist \"Some places deserve gold leaf like the paintings about Jerusalem. When I go to a country, I bring the canvas and paint on the street. This is the place that will take me. Depending on the place we do not have the same color palettes. Venice is very different from Sarmarkand. I can't take pictures of a place and go back to my painter's studio. I have to be inspired by the place, I have to relax, I have to smell the desert, the fog, the coffee next door, the spices. And then I know I have to settle there. That's where the color comes from. Smell gives me colors.\"<\/p><p>His Silk Road series does not mark all the stages, but the beginning with Venice and the end in hiva in Uzbekistan<\/p><p>Beautiful encounters<\/p><p>He likes to tell how this inspiration from the Silk Road was born: \"in a rental in Venice, there were on the bedside table two books by Marco Polo, including the Devisement du monde that tells the story of his years of travels. It counts all the large and smaller stages with cities that no longer exist. The very evocative names of the cities he crossed, made me dream and gave me this desire to leave to do my Silk Road.<\/p><p>And when the artist moves to the street to paint, the natives are usually very interested in his work. He also does meetings, exchanges, talks a lot with his hands, his eyes, and many times he ends up making the portrait of the people who ask for it. \"The portraits I made are, in fact, those who came to see me instinctively in their traditional attire for me to comb their hair.\"<\/p><p>\u00a0<\/p><p>\u00a0<\/p><p>\u00a0<\/p>\t\t\t\t\t\t\t\t<\/div>\n\t\t\t\t<\/div>\n\t\t\t\t\t<\/div>\n\t\t<\/div>\n\t\t\t\t\t<\/div>\n\t\t<\/section>\n\t\t\t\t<section class=\"elementor-section elementor-top-section elementor-element elementor-element-baa7ac1 elementor-section-boxed elementor-section-height-default elementor-section-height-default\" data-id=\"baa7ac1\" data-element_type=\"section\">\n\t\t\t\t\t\t<div class=\"elementor-container elementor-column-gap-default\">\n\t\t\t\t\t<div class=\"elementor-column elementor-col-100 elementor-top-column elementor-element elementor-element-a9adb97\" data-id=\"a9adb97\" data-element_type=\"column\">\n\t\t\t<div class=\"elementor-widget-wrap elementor-element-populated\">\n\t\t\t\t\t\t<div class=\"elementor-element elementor-element-726238b elementor-widget elementor-widget-heading\" data-id=\"726238b\" data-element_type=\"widget\" data-widget_type=\"heading.default\">\n\t\t\t\t<div class=\"elementor-widget-container\">\n\t\t\t\t\t<div class=\"elementor-heading-title elementor-size-xl\">Artworks<\/div>\t\t\t\t<\/div>\n\t\t\t\t<\/div>\n\t\t\t\t<div class=\"elementor-element elementor-element-787b771 elementor-grid-4 elementor-grid-tablet-3 elementor-grid-mobile-2 elementor-products-grid elementor-wc-products elementor-widget elementor-widget-woocommerce-products\" data-id=\"787b771\" data-element_type=\"widget\" data-widget_type=\"woocommerce-products.default\">\n\t\t\t\t<div class=\"elementor-widget-container\">\n\t\t\t\t\t<div class=\"woocommerce columns-4\"><ul class=\"products elementor-grid columns-4\">\n<li class=\"sales-flash-overlay woocommerce-text-align-center woocommerce-image-align-center do-quantity-buttons product type-product post-2841 status-publish first instock product_cat-500e-y-menos product_cat-figurativos product_cat-obra product_cat-oleo has-post-thumbnail sold-individually taxable shipping-taxable product-type-simple\">\n\t<a href=\"https:\/\/villanueva-fineart.es\/en\/product\/torero-tristan-ra\/\" class=\"woocommerce-LoopProduct-link woocommerce-loop-product__link\"><img decoding=\"async\" width=\"300\" height=\"300\" src=\"https:\/\/villanueva-fineart.es\/wp-content\/uploads\/2021\/12\/Tristan-Ra-1-300x300.jpg\" class=\"attachment-woocommerce_thumbnail size-woocommerce_thumbnail\" alt=\"Torero, Tristan R\u00e1 VENDIDO\/SOLD OUT\" srcset=\"https:\/\/villanueva-fineart.es\/wp-content\/uploads\/2021\/12\/Tristan-Ra-1-300x300.jpg 300w, https:\/\/villanueva-fineart.es\/wp-content\/uploads\/2021\/12\/Tristan-Ra-1-150x150.jpg 150w, https:\/\/villanueva-fineart.es\/wp-content\/uploads\/2021\/12\/Tristan-Ra-1-100x100.jpg 100w\" sizes=\"(max-width: 300px) 100vw, 300px\" \/><h2 class=\"woocommerce-loop-product__title\">Torero, Tristan R\u00e1 VENDIDO\/SOLD OUT<\/h2>\n<\/a><a href=\"https:\/\/villanueva-fineart.es\/en\/product\/torero-tristan-ra\/\" aria-describedby=\"woocommerce_loop_add_to_cart_link_describedby_2841\" data-quantity=\"1\" class=\"button product_type_simple\" data-product_id=\"2841\" data-product_sku=\"\" aria-label=\"Read more about \u201cTorero, Tristan R\u00e1 VENDIDO\/SOLD OUT\u201d\" rel=\"nofollow\" data-success_message=\"\" data-no-translation=\"\" data-trp-gettext=\"\" data-no-translation-aria-label=\"\">Read more<\/a>\t<span id=\"woocommerce_loop_add_to_cart_link_describedby_2841\" class=\"screen-reader-text\">\n\t\t\t<\/span>\n<\/li>\n<\/ul>\n<\/div>\t\t\t\t<\/div>\n\t\t\t\t<\/div>\n\t\t\t\t\t<\/div>\n\t\t<\/div>\n\t\t\t\t\t<\/div>\n\t\t<\/section>\n\t\t\t\t<\/div>","protected":false},"excerpt":{"rendered":"<p>Tristan R\u00e1 Nacido en Montlu\u00e7on, en el centro de Francia, este talentoso hombre autodidacta eligi\u00f3 deliberadamente nuestro propio sur para poner su caballete despu\u00e9s de a\u00f1os de alegres galeras en la Costa Azul. Pintor de renombre y adoraci\u00f3n, su expresionismo contempor\u00e1neo est\u00e1 de moda en muchas galer\u00edas y exposiciones internacionales de todo el mundo. Sin &#8230; <a title=\"Tristan R\u00e1\" class=\"read-more\" href=\"https:\/\/villanueva-fineart.es\/en\/tristan-ra\/\" aria-label=\"Read more about Tristan R\u00e1\">Read more<\/a><\/p>","protected":false},"author":1,"featured_media":0,"parent":0,"menu_order":0,"comment_status":"closed","ping_status":"closed","template":"","meta":{"footnotes":""},"class_list":["post-3509","page","type-page","status-publish"],"yoast_head":"<!-- This site is optimized with the Yoast SEO plugin v25.9 - https:\/\/yoast.com\/wordpress\/plugins\/seo\/ -->\n<title>Tristan R\u00e1 - Villanueva Fineart<\/title>\n<meta name=\"description\" content=\"Pintor de renombre y adoraci\u00f3n, su expresionismo contempor\u00e1neo est\u00e1 de moda en muchas galer\u00edas y exposiciones internacionales de todo el mundo.\" \/>\n<meta name=\"robots\" content=\"index, follow, max-snippet:-1, max-image-preview:large, max-video-preview:-1\" \/>\n<link rel=\"canonical\" href=\"https:\/\/villanueva-fineart.es\/en\/tristan-ra\/\" \/>\n<meta property=\"og:locale\" content=\"en_GB\" \/>\n<meta property=\"og:type\" content=\"article\" \/>\n<meta property=\"og:title\" content=\"Tristan R\u00e1 - Villanueva Fineart\" \/>\n<meta property=\"og:description\" content=\"Pintor de renombre y adoraci\u00f3n, su expresionismo contempor\u00e1neo est\u00e1 de moda en muchas galer\u00edas y exposiciones internacionales de todo el mundo.\" \/>\n<meta property=\"og:url\" content=\"https:\/\/villanueva-fineart.es\/en\/tristan-ra\/\" \/>\n<meta property=\"og:site_name\" content=\"Villanueva Fineart\" \/>\n<meta property=\"article:modified_time\" content=\"2022-01-02T16:41:34+00:00\" \/>\n<meta property=\"og:image\" content=\"https:\/\/villanueva-fineart.es\/wp-content\/uploads\/2022\/01\/Tristan-Ra-cop-768x1004.jpg\" \/>\n<meta name=\"twitter:card\" content=\"summary_large_image\" \/>\n<meta name=\"twitter:label1\" content=\"Estimated reading time\" \/>\n\t<meta name=\"twitter:data1\" content=\"6 minutes\" \/>\n<script type=\"application\/ld+json\" class=\"yoast-schema-graph\">{\"@context\":\"https:\/\/schema.org\",\"@graph\":[{\"@type\":\"WebPage\",\"@id\":\"https:\/\/villanueva-fineart.es\/en\/tristan-ra\/\",\"url\":\"https:\/\/villanueva-fineart.es\/en\/tristan-ra\/\",\"name\":\"Tristan R\u00e1 - Villanueva Fineart\",\"isPartOf\":{\"@id\":\"http:\/\/villanueva-fineart.es\/#website\"},\"primaryImageOfPage\":{\"@id\":\"https:\/\/villanueva-fineart.es\/en\/tristan-ra\/#primaryimage\"},\"image\":{\"@id\":\"https:\/\/villanueva-fineart.es\/en\/tristan-ra\/#primaryimage\"},\"thumbnailUrl\":\"https:\/\/villanueva-fineart.es\/wp-content\/uploads\/2022\/01\/Tristan-Ra-cop-768x1004.jpg\",\"datePublished\":\"2022-01-01T21:31:11+00:00\",\"dateModified\":\"2022-01-02T16:41:34+00:00\",\"description\":\"Pintor de renombre y adoraci\u00f3n, su expresionismo contempor\u00e1neo est\u00e1 de moda en muchas galer\u00edas y exposiciones internacionales de todo el mundo.\",\"breadcrumb\":{\"@id\":\"https:\/\/villanueva-fineart.es\/en\/tristan-ra\/#breadcrumb\"},\"inLanguage\":\"en-GB\",\"potentialAction\":[{\"@type\":\"ReadAction\",\"target\":[\"https:\/\/villanueva-fineart.es\/en\/tristan-ra\/\"]}]},{\"@type\":\"ImageObject\",\"inLanguage\":\"en-GB\",\"@id\":\"https:\/\/villanueva-fineart.es\/en\/tristan-ra\/#primaryimage\",\"url\":\"https:\/\/villanueva-fineart.es\/wp-content\/uploads\/2022\/01\/Tristan-Ra-cop-768x1004.jpg\",\"contentUrl\":\"https:\/\/villanueva-fineart.es\/wp-content\/uploads\/2022\/01\/Tristan-Ra-cop-768x1004.jpg\"},{\"@type\":\"BreadcrumbList\",\"@id\":\"https:\/\/villanueva-fineart.es\/en\/tristan-ra\/#breadcrumb\",\"itemListElement\":[{\"@type\":\"ListItem\",\"position\":1,\"name\":\"Inicio\",\"item\":\"https:\/\/villanueva-fineart.es\/\"},{\"@type\":\"ListItem\",\"position\":2,\"name\":\"Tristan R\u00e1\"}]},{\"@type\":\"WebSite\",\"@id\":\"http:\/\/villanueva-fineart.es\/#website\",\"url\":\"http:\/\/villanueva-fineart.es\/\",\"name\":\"Villanueva Fineart\",\"description\":\"Liquidaci\u00f3n de Obras de arte\",\"publisher\":{\"@id\":\"http:\/\/villanueva-fineart.es\/#organization\"},\"potentialAction\":[{\"@type\":\"SearchAction\",\"target\":{\"@type\":\"EntryPoint\",\"urlTemplate\":\"http:\/\/villanueva-fineart.es\/?s={search_term_string}\"},\"query-input\":{\"@type\":\"PropertyValueSpecification\",\"valueRequired\":true,\"valueName\":\"search_term_string\"}}],\"inLanguage\":\"en-GB\"},{\"@type\":\"Organization\",\"@id\":\"http:\/\/villanueva-fineart.es\/#organization\",\"name\":\"Villanueva Fineart\",\"url\":\"http:\/\/villanueva-fineart.es\/\",\"logo\":{\"@type\":\"ImageObject\",\"inLanguage\":\"en-GB\",\"@id\":\"http:\/\/villanueva-fineart.es\/#\/schema\/logo\/image\/\",\"url\":\"https:\/\/villanueva-fineart.es\/wp-content\/uploads\/2021\/11\/Logo-fineart.jpg\",\"contentUrl\":\"https:\/\/villanueva-fineart.es\/wp-content\/uploads\/2021\/11\/Logo-fineart.jpg\",\"width\":200,\"height\":85,\"caption\":\"Villanueva Fineart\"},\"image\":{\"@id\":\"http:\/\/villanueva-fineart.es\/#\/schema\/logo\/image\/\"}}]}<\/script>\n<!-- \/ Yoast SEO plugin. -->","yoast_head_json":{"title":"Tristan R\u00e1 - Villanueva Fineart","description":"Pintor de renombre y adoraci\u00f3n, su expresionismo contempor\u00e1neo est\u00e1 de moda en muchas galer\u00edas y exposiciones internacionales de todo el mundo.","robots":{"index":"index","follow":"follow","max-snippet":"max-snippet:-1","max-image-preview":"max-image-preview:large","max-video-preview":"max-video-preview:-1"},"canonical":"https:\/\/villanueva-fineart.es\/en\/tristan-ra\/","og_locale":"en_GB","og_type":"article","og_title":"Tristan R\u00e1 - Villanueva Fineart","og_description":"Pintor de renombre y adoraci\u00f3n, su expresionismo contempor\u00e1neo est\u00e1 de moda en muchas galer\u00edas y exposiciones internacionales de todo el mundo.","og_url":"https:\/\/villanueva-fineart.es\/en\/tristan-ra\/","og_site_name":"Villanueva Fineart","article_modified_time":"2022-01-02T16:41:34+00:00","og_image":[{"url":"https:\/\/villanueva-fineart.es\/wp-content\/uploads\/2022\/01\/Tristan-Ra-cop-768x1004.jpg","type":"","width":"","height":""}],"twitter_card":"summary_large_image","twitter_misc":{"Estimated reading time":"6 minutes"},"schema":{"@context":"https:\/\/schema.org","@graph":[{"@type":"WebPage","@id":"https:\/\/villanueva-fineart.es\/en\/tristan-ra\/","url":"https:\/\/villanueva-fineart.es\/en\/tristan-ra\/","name":"Tristan R\u00e1 - Villanueva Fineart","isPartOf":{"@id":"http:\/\/villanueva-fineart.es\/#website"},"primaryImageOfPage":{"@id":"https:\/\/villanueva-fineart.es\/en\/tristan-ra\/#primaryimage"},"image":{"@id":"https:\/\/villanueva-fineart.es\/en\/tristan-ra\/#primaryimage"},"thumbnailUrl":"https:\/\/villanueva-fineart.es\/wp-content\/uploads\/2022\/01\/Tristan-Ra-cop-768x1004.jpg","datePublished":"2022-01-01T21:31:11+00:00","dateModified":"2022-01-02T16:41:34+00:00","description":"Pintor de renombre y adoraci\u00f3n, su expresionismo contempor\u00e1neo est\u00e1 de moda en muchas galer\u00edas y exposiciones internacionales de todo el mundo.","breadcrumb":{"@id":"https:\/\/villanueva-fineart.es\/en\/tristan-ra\/#breadcrumb"},"inLanguage":"en-GB","potentialAction":[{"@type":"ReadAction","target":["https:\/\/villanueva-fineart.es\/en\/tristan-ra\/"]}]},{"@type":"ImageObject","inLanguage":"en-GB","@id":"https:\/\/villanueva-fineart.es\/en\/tristan-ra\/#primaryimage","url":"https:\/\/villanueva-fineart.es\/wp-content\/uploads\/2022\/01\/Tristan-Ra-cop-768x1004.jpg","contentUrl":"https:\/\/villanueva-fineart.es\/wp-content\/uploads\/2022\/01\/Tristan-Ra-cop-768x1004.jpg"},{"@type":"BreadcrumbList","@id":"https:\/\/villanueva-fineart.es\/en\/tristan-ra\/#breadcrumb","itemListElement":[{"@type":"ListItem","position":1,"name":"Inicio","item":"https:\/\/villanueva-fineart.es\/"},{"@type":"ListItem","position":2,"name":"Tristan R\u00e1"}]},{"@type":"WebSite","@id":"http:\/\/villanueva-fineart.es\/#website","url":"http:\/\/villanueva-fineart.es\/","name":"Villanueva Fineart","description":"Liquidaci\u00f3n de Obras de arte","publisher":{"@id":"http:\/\/villanueva-fineart.es\/#organization"},"potentialAction":[{"@type":"SearchAction","target":{"@type":"EntryPoint","urlTemplate":"http:\/\/villanueva-fineart.es\/?s={search_term_string}"},"query-input":{"@type":"PropertyValueSpecification","valueRequired":true,"valueName":"search_term_string"}}],"inLanguage":"en-GB"},{"@type":"Organization","@id":"http:\/\/villanueva-fineart.es\/#organization","name":"Villanueva Fineart","url":"http:\/\/villanueva-fineart.es\/","logo":{"@type":"ImageObject","inLanguage":"en-GB","@id":"http:\/\/villanueva-fineart.es\/#\/schema\/logo\/image\/","url":"https:\/\/villanueva-fineart.es\/wp-content\/uploads\/2021\/11\/Logo-fineart.jpg","contentUrl":"https:\/\/villanueva-fineart.es\/wp-content\/uploads\/2021\/11\/Logo-fineart.jpg","width":200,"height":85,"caption":"Villanueva Fineart"},"image":{"@id":"http:\/\/villanueva-fineart.es\/#\/schema\/logo\/image\/"}}]}},"_links":{"self":[{"href":"https:\/\/villanueva-fineart.es\/en\/wp-json\/wp\/v2\/pages\/3509","targetHints":{"allow":["GET"]}}],"collection":[{"href":"https:\/\/villanueva-fineart.es\/en\/wp-json\/wp\/v2\/pages"}],"about":[{"href":"https:\/\/villanueva-fineart.es\/en\/wp-json\/wp\/v2\/types\/page"}],"author":[{"embeddable":true,"href":"https:\/\/villanueva-fineart.es\/en\/wp-json\/wp\/v2\/users\/1"}],"replies":[{"embeddable":true,"href":"https:\/\/villanueva-fineart.es\/en\/wp-json\/wp\/v2\/comments?post=3509"}],"version-history":[{"count":4,"href":"https:\/\/villanueva-fineart.es\/en\/wp-json\/wp\/v2\/pages\/3509\/revisions"}],"predecessor-version":[{"id":3520,"href":"https:\/\/villanueva-fineart.es\/en\/wp-json\/wp\/v2\/pages\/3509\/revisions\/3520"}],"wp:attachment":[{"href":"https:\/\/villanueva-fineart.es\/en\/wp-json\/wp\/v2\/media?parent=3509"}],"curies":[{"name":"wp","href":"https:\/\/api.w.org\/{rel}","templated":true}]}}