{"id":3487,"date":"2022-01-01T18:02:46","date_gmt":"2022-01-01T18:02:46","guid":{"rendered":"https:\/\/villanueva-fineart.es\/?page_id=3487"},"modified":"2022-01-02T16:20:21","modified_gmt":"2022-01-02T16:20:21","slug":"pilar-urtiaga","status":"publish","type":"page","link":"https:\/\/villanueva-fineart.es\/en\/pilar-urtiaga\/","title":{"rendered":"Pilar Urtiaga"},"content":{"rendered":"<div data-elementor-type=\"wp-page\" data-elementor-id=\"3487\" class=\"elementor elementor-3487\" data-elementor-post-type=\"page\">\n\t\t\t\t\t\t<section class=\"elementor-section elementor-top-section elementor-element elementor-element-7da3ceb elementor-section-full_width elementor-section-height-default elementor-section-height-default\" data-id=\"7da3ceb\" data-element_type=\"section\">\n\t\t\t\t\t\t<div class=\"elementor-container elementor-column-gap-default\">\n\t\t\t\t\t<div class=\"elementor-column elementor-col-100 elementor-top-column elementor-element elementor-element-fe60994\" data-id=\"fe60994\" data-element_type=\"column\">\n\t\t\t<div class=\"elementor-widget-wrap elementor-element-populated\">\n\t\t\t\t\t\t<div class=\"elementor-element elementor-element-019e990 elementor-widget-divider--view-line elementor-widget elementor-widget-divider\" data-id=\"019e990\" data-element_type=\"widget\" data-widget_type=\"divider.default\">\n\t\t\t\t<div class=\"elementor-widget-container\">\n\t\t\t\t\t\t\t<div class=\"elementor-divider\">\n\t\t\t<span class=\"elementor-divider-separator\">\n\t\t\t\t\t\t<\/span>\n\t\t<\/div>\n\t\t\t\t\t\t<\/div>\n\t\t\t\t<\/div>\n\t\t\t\t\t<\/div>\n\t\t<\/div>\n\t\t\t\t\t<\/div>\n\t\t<\/section>\n\t\t\t\t<section class=\"elementor-section elementor-top-section elementor-element elementor-element-04cd1bb elementor-section-boxed elementor-section-height-default elementor-section-height-default\" data-id=\"04cd1bb\" data-element_type=\"section\">\n\t\t\t\t\t\t<div class=\"elementor-container elementor-column-gap-default\">\n\t\t\t\t\t<div class=\"elementor-column elementor-col-50 elementor-top-column elementor-element elementor-element-fd0b1ae\" data-id=\"fd0b1ae\" data-element_type=\"column\">\n\t\t\t<div class=\"elementor-widget-wrap elementor-element-populated\">\n\t\t\t\t\t\t<div class=\"elementor-element elementor-element-6484428 elementor-widget elementor-widget-image\" data-id=\"6484428\" data-element_type=\"widget\" data-widget_type=\"image.default\">\n\t\t\t\t<div class=\"elementor-widget-container\">\n\t\t\t\t\t\t\t\t\t\t\t\t\t\t\t\t<a href=\"https:\/\/villanueva-fineart.es\/en\/pilar-urtiaga\/\">\n\t\t\t\t\t\t\t<img fetchpriority=\"high\" decoding=\"async\" width=\"768\" height=\"612\" src=\"https:\/\/villanueva-fineart.es\/wp-content\/uploads\/2022\/01\/P.-5-768x612.jpg\" class=\"attachment-medium_large size-medium_large wp-image-3483\" alt=\"\" srcset=\"https:\/\/villanueva-fineart.es\/wp-content\/uploads\/2022\/01\/P.-5-768x612.jpg 768w, https:\/\/villanueva-fineart.es\/wp-content\/uploads\/2022\/01\/P.-5-300x239.jpg 300w, https:\/\/villanueva-fineart.es\/wp-content\/uploads\/2022\/01\/P.-5-15x12.jpg 15w, https:\/\/villanueva-fineart.es\/wp-content\/uploads\/2022\/01\/P.-5-600x478.jpg 600w, https:\/\/villanueva-fineart.es\/wp-content\/uploads\/2022\/01\/P.-5.jpg 890w\" sizes=\"(max-width: 768px) 100vw, 768px\" \/>\t\t\t\t\t\t\t\t<\/a>\n\t\t\t\t\t\t\t\t\t\t\t\t\t\t\t<\/div>\n\t\t\t\t<\/div>\n\t\t\t\t\t<\/div>\n\t\t<\/div>\n\t\t\t\t<div class=\"elementor-column elementor-col-50 elementor-top-column elementor-element elementor-element-6463cb3\" data-id=\"6463cb3\" data-element_type=\"column\">\n\t\t\t<div class=\"elementor-widget-wrap elementor-element-populated\">\n\t\t\t\t\t\t<div class=\"elementor-element elementor-element-4667ff2 elementor-widget elementor-widget-heading\" data-id=\"4667ff2\" data-element_type=\"widget\" data-widget_type=\"heading.default\">\n\t\t\t\t<div class=\"elementor-widget-container\">\n\t\t\t\t\t<div class=\"elementor-heading-title elementor-size-xl\"><a href=\"https:\/\/villanueva-fineart.es\/en\/pilar-urtiaga\/\">Pilar Urtiaga<\/a><\/div>\t\t\t\t<\/div>\n\t\t\t\t<\/div>\n\t\t\t\t<div class=\"elementor-element elementor-element-772d12a elementor-widget elementor-widget-text-editor\" data-id=\"772d12a\" data-element_type=\"widget\" data-widget_type=\"text-editor.default\">\n\t\t\t\t<div class=\"elementor-widget-container\">\n\t\t\t\t\t\t\t\t\t<p>Born in Madrid, she attended painting courses conducted by Julio Quesada.<\/p><p>She worked with Kortokraks in Italy and attended watercolour classes taught by Ron Ranson in Ireland. Back in Madrid, she worked at Manolo Arjona\u00b4s studio and the Spica workshop.<\/p><p>\u00a0<\/p>\t\t\t\t\t\t\t\t<\/div>\n\t\t\t\t<\/div>\n\t\t\t\t\t<\/div>\n\t\t<\/div>\n\t\t\t\t\t<\/div>\n\t\t<\/section>\n\t\t\t\t<section class=\"elementor-section elementor-top-section elementor-element elementor-element-19a47d5 elementor-section-boxed elementor-section-height-default elementor-section-height-default\" data-id=\"19a47d5\" data-element_type=\"section\">\n\t\t\t\t\t\t<div class=\"elementor-container elementor-column-gap-default\">\n\t\t\t\t\t<div class=\"elementor-column elementor-col-100 elementor-top-column elementor-element elementor-element-fd174ac\" data-id=\"fd174ac\" data-element_type=\"column\">\n\t\t\t<div class=\"elementor-widget-wrap\">\n\t\t\t\t\t\t\t<\/div>\n\t\t<\/div>\n\t\t\t\t\t<\/div>\n\t\t<\/section>\n\t\t\t\t<section class=\"elementor-section elementor-top-section elementor-element elementor-element-c9747ec elementor-section-boxed elementor-section-height-default elementor-section-height-default\" data-id=\"c9747ec\" data-element_type=\"section\">\n\t\t\t\t\t\t<div class=\"elementor-container elementor-column-gap-default\">\n\t\t\t\t\t<div class=\"elementor-column elementor-col-50 elementor-top-column elementor-element elementor-element-ae0718e\" data-id=\"ae0718e\" data-element_type=\"column\">\n\t\t\t<div class=\"elementor-widget-wrap elementor-element-populated\">\n\t\t\t\t\t\t<div class=\"elementor-element elementor-element-33e11ec elementor-widget elementor-widget-heading\" data-id=\"33e11ec\" data-element_type=\"widget\" data-widget_type=\"heading.default\">\n\t\t\t\t<div class=\"elementor-widget-container\">\n\t\t\t\t\t<div class=\"elementor-heading-title elementor-size-xl\">Collective exhibitions<\/div>\t\t\t\t<\/div>\n\t\t\t\t<\/div>\n\t\t\t\t\t<\/div>\n\t\t<\/div>\n\t\t\t\t<div class=\"elementor-column elementor-col-50 elementor-top-column elementor-element elementor-element-2bb9ce9\" data-id=\"2bb9ce9\" data-element_type=\"column\">\n\t\t\t<div class=\"elementor-widget-wrap elementor-element-populated\">\n\t\t\t\t\t\t<div class=\"elementor-element elementor-element-6d66f68 elementor-widget elementor-widget-text-editor\" data-id=\"6d66f68\" data-element_type=\"widget\" data-widget_type=\"text-editor.default\">\n\t\t\t\t<div class=\"elementor-widget-container\">\n\t\t\t\t\t\t\t\t\t<p>1986 Garoe Show Room. Tenerife (Canary Islands), Spain.<\/p><p>Pluma Art Gallery. Bogot\u00e1, Colombia.<\/p><ul><li>1989 Archaeological Museum of Malta.<\/li><li>1995 Eduma Art Gallery. Linares (Ja\u00e9n), Spain.<\/li><\/ul><p>ARTE+SUR (International Contemporary Art Fair). Granada, Spain.<\/p><p>Linares Biennial Exhibition. Linares (Ja\u00e9n), Spain.<\/p><ul><li>1996  \u201cEncuentro con el Arte\u201d (\u201cA Meeting with Art\u201d) Exhibition. Nicol\u00e1s Salm\u00e9n Centre.<\/li><\/ul><p>ARTE+SUR (International Contemporary Art Fair). Granada, Spain.<\/p><p>Barcelona Biennial Watercolour Exhibition. Barcelona, Spain.<\/p><ul><li>1997 \u201cEl Madrid de Goya\u201d (Goya\u00b4s Madrid) Exhibition. Mondoa Cultural Centre.<\/li><\/ul><p>ARTE+SUR (International Contemporary Art Fair). Granada, Spain.<\/p><p>Barcelona Biennial Watercolour Exhibition. Barcelona, Spain.<\/p><p>Manolete\u2019s 50th Anniversary Exhibition. Linares (Ja\u00e9n), Spain.<\/p><ul><li>1998 ARTE+SUR (International Contemporary Art Fair), M\u00e1laga, Spain<\/li><\/ul><p>\u201cEl agua en el arte\u201d (\u201cWater in Art\u201d). Puertollano\u2019s Town Hall. Puertollano, Spain.<\/p><p>Art Fair of Marbella. Marbella (M\u00e1laga), Spain.<\/p><p>Barcelona Biennial Watercolour Exhibition. Barcelona, Spain.<\/p><p>Group Exhibitions: \u201cSal\u00f3n de Oto\u00f1o\u201d, Caja Madrid, Casa del Reloj, biennial exhibitions and foreign art galleries.<\/p><p>.<\/p>\t\t\t\t\t\t\t\t<\/div>\n\t\t\t\t<\/div>\n\t\t\t\t\t<\/div>\n\t\t<\/div>\n\t\t\t\t\t<\/div>\n\t\t<\/section>\n\t\t\t\t<section class=\"elementor-section elementor-top-section elementor-element elementor-element-8610463 elementor-section-boxed elementor-section-height-default elementor-section-height-default\" data-id=\"8610463\" data-element_type=\"section\">\n\t\t\t\t\t\t<div class=\"elementor-container elementor-column-gap-default\">\n\t\t\t\t\t<div class=\"elementor-column elementor-col-100 elementor-top-column elementor-element elementor-element-ae36119\" data-id=\"ae36119\" data-element_type=\"column\">\n\t\t\t<div class=\"elementor-widget-wrap\">\n\t\t\t\t\t\t\t<\/div>\n\t\t<\/div>\n\t\t\t\t\t<\/div>\n\t\t<\/section>\n\t\t\t\t<section class=\"elementor-section elementor-top-section elementor-element elementor-element-3f4bab9 elementor-section-boxed elementor-section-height-default elementor-section-height-default\" data-id=\"3f4bab9\" data-element_type=\"section\">\n\t\t\t\t\t\t<div class=\"elementor-container elementor-column-gap-default\">\n\t\t\t\t\t<div class=\"elementor-column elementor-col-100 elementor-top-column elementor-element elementor-element-ec88b76\" data-id=\"ec88b76\" data-element_type=\"column\">\n\t\t\t<div class=\"elementor-widget-wrap elementor-element-populated\">\n\t\t\t\t\t\t<div class=\"elementor-element elementor-element-0e68d6b elementor-widget elementor-widget-heading\" data-id=\"0e68d6b\" data-element_type=\"widget\" data-widget_type=\"heading.default\">\n\t\t\t\t<div class=\"elementor-widget-container\">\n\t\t\t\t\t<div class=\"elementor-heading-title elementor-size-xl\">Awards and Distinctions<\/div>\t\t\t\t<\/div>\n\t\t\t\t<\/div>\n\t\t\t\t<div class=\"elementor-element elementor-element-b0e22c0 elementor-widget elementor-widget-text-editor\" data-id=\"b0e22c0\" data-element_type=\"widget\" data-widget_type=\"text-editor.default\">\n\t\t\t\t<div class=\"elementor-widget-container\">\n\t\t\t\t\t\t\t\t\t<p>1985 \u201cPaleta de plata\u201d Award. Agrupaci\u00f3n de Acuarelistas.<\/p><ul><li>1986 Jos\u00e9 Valenciano Award.<\/li><li>1990 Second medallist at the 57th \u201cSalon de Oto\u00f1o\u201d (\u201cAutumn Annual Exhibition\u201d).<\/li><li>1991 \u201cAyuntamiento\u201d Second Prize. Casa del Reloj.<\/li><li>1995 Honourable Mention. 19th Watercolour Award.<\/li><li>1996 Finalist at the Retiro Award.<\/li><li>1997 Faber Castell Watercolour Award. Retiro Award.<\/li><\/ul><p>\u201cAranjuez Gardens\u201d Consolation Prize.<\/p><p>\u201cSalon de Invierno\u201d Honourable Mention, Mondoa Cultural Centre.<\/p><ul><li>1998 Prize and Acquisition. Puertollano\u2019s Town Hall Exhibition.<\/li><\/ul><p>\u201cCasa del Reloj\u201d Consolation Prize. Madrid\u00b4s Town Hall.<\/p><p>Honourable mention at the Air Force Award.<\/p><p>Selected in many other awards or public exhibitions: \u201cSal\u00f3n de Oto\u00f1o\u201d, Caja Madrid, Biennial Exhibitions, etc.<\/p><p>\u00a0<\/p>\t\t\t\t\t\t\t\t<\/div>\n\t\t\t\t<\/div>\n\t\t\t\t<div class=\"elementor-element elementor-element-a1247fd elementor-widget elementor-widget-heading\" data-id=\"a1247fd\" data-element_type=\"widget\" data-widget_type=\"heading.default\">\n\t\t\t\t<div class=\"elementor-widget-container\">\n\t\t\t\t\t<div class=\"elementor-heading-title elementor-size-xl\">Museums and Collections<\/div>\t\t\t\t<\/div>\n\t\t\t\t<\/div>\n\t\t\t\t<div class=\"elementor-element elementor-element-4ff8164 elementor-widget elementor-widget-text-editor\" data-id=\"4ff8164\" data-element_type=\"widget\" data-widget_type=\"text-editor.default\">\n\t\t\t\t<div class=\"elementor-widget-container\">\n\t\t\t\t\t\t\t\t\t<p>1989 Archaeological Museum of Malta.<\/p><p>- Puertollano Museum<\/p><p>- Numerous private collections in Rome (Italy), Cologne (Germany), Kassel (Germany) and Santo Domingo (Dominican Republic).<\/p>\t\t\t\t\t\t\t\t<\/div>\n\t\t\t\t<\/div>\n\t\t\t\t\t<\/div>\n\t\t<\/div>\n\t\t\t\t\t<\/div>\n\t\t<\/section>\n\t\t\t\t<section class=\"elementor-section elementor-top-section elementor-element elementor-element-baa7ac1 elementor-section-boxed elementor-section-height-default elementor-section-height-default\" data-id=\"baa7ac1\" data-element_type=\"section\">\n\t\t\t\t\t\t<div class=\"elementor-container elementor-column-gap-default\">\n\t\t\t\t\t<div class=\"elementor-column elementor-col-100 elementor-top-column elementor-element elementor-element-a9adb97\" data-id=\"a9adb97\" data-element_type=\"column\">\n\t\t\t<div class=\"elementor-widget-wrap elementor-element-populated\">\n\t\t\t\t\t\t<div class=\"elementor-element elementor-element-726238b elementor-widget elementor-widget-heading\" data-id=\"726238b\" data-element_type=\"widget\" data-widget_type=\"heading.default\">\n\t\t\t\t<div class=\"elementor-widget-container\">\n\t\t\t\t\t<div class=\"elementor-heading-title elementor-size-xl\">Artworks<\/div>\t\t\t\t<\/div>\n\t\t\t\t<\/div>\n\t\t\t\t<div class=\"elementor-element elementor-element-787b771 elementor-grid-4 elementor-grid-tablet-3 elementor-grid-mobile-2 elementor-products-grid elementor-wc-products elementor-widget elementor-widget-woocommerce-products\" data-id=\"787b771\" data-element_type=\"widget\" data-widget_type=\"woocommerce-products.default\">\n\t\t\t\t<div class=\"elementor-widget-container\">\n\t\t\t\t\t<div class=\"woocommerce columns-4\"><ul class=\"products elementor-grid columns-4\">\n<li class=\"sales-flash-overlay woocommerce-text-align-center woocommerce-image-align-center do-quantity-buttons product type-product post-3485 status-publish first instock product_cat-acuarela product_cat-vistas-urbanas product_cat-vistas-urbanas-de-sevilla has-post-thumbnail sale sold-individually taxable shipping-taxable purchasable product-type-simple\">\n\t<a href=\"https:\/\/villanueva-fineart.es\/en\/product\/sevilla-pilar-urtiaga\/\" class=\"woocommerce-LoopProduct-link woocommerce-loop-product__link\">\n\t<span class=\"onsale\" data-no-translation=\"\" data-trp-gettext=\"\">\u00a1offers!<\/span>\n\t<img decoding=\"async\" width=\"300\" height=\"300\" src=\"https:\/\/villanueva-fineart.es\/wp-content\/uploads\/2022\/01\/P.-5-300x300.jpg\" class=\"attachment-woocommerce_thumbnail size-woocommerce_thumbnail\" alt=\"Sevilla, Pilar Urtiaga\" srcset=\"https:\/\/villanueva-fineart.es\/wp-content\/uploads\/2022\/01\/P.-5-300x300.jpg 300w, https:\/\/villanueva-fineart.es\/wp-content\/uploads\/2022\/01\/P.-5-150x150.jpg 150w, https:\/\/villanueva-fineart.es\/wp-content\/uploads\/2022\/01\/P.-5-100x100.jpg 100w\" sizes=\"(max-width: 300px) 100vw, 300px\" \/><h2 class=\"woocommerce-loop-product__title\">Sevilla, Pilar Urtiaga<\/h2>\n\t<span class=\"price\"><del aria-hidden=\"true\"><span class=\"woocommerce-Price-amount amount\"><bdi>1.700,00&nbsp;<span class=\"woocommerce-Price-currencySymbol\">&euro;<\/span><\/bdi><\/span><\/del> <span class=\"screen-reader-text\" data-no-translation=\"\" data-trp-gettext=\"\">Original price was: 1.700,00&nbsp;&euro;.<\/span><ins aria-hidden=\"true\"><span class=\"woocommerce-Price-amount amount\"><bdi>700,00&nbsp;<span class=\"woocommerce-Price-currencySymbol\">&euro;<\/span><\/bdi><\/span><\/ins><span class=\"screen-reader-text\" data-no-translation=\"\" data-trp-gettext=\"\">Current price is: 700,00&nbsp;&euro;.<\/span><\/span>\n<\/a><a href=\"?add-to-cart=3485\" aria-describedby=\"woocommerce_loop_add_to_cart_link_describedby_3485\" data-quantity=\"1\" class=\"button product_type_simple add_to_cart_button ajax_add_to_cart\" data-product_id=\"3485\" data-product_sku=\"\" aria-label=\"Add to basket: \u201cSevilla, Pilar Urtiaga\u201d\" rel=\"nofollow\" data-success_message=\"\u201cSevilla, Pilar Urtiaga\u201d has been added to your cart\" data-no-translation=\"\" data-trp-gettext=\"\" data-no-translation-aria-label=\"\" data-no-translation-data-success_message=\"\">ADD TO CART<\/a>\t<span id=\"woocommerce_loop_add_to_cart_link_describedby_3485\" class=\"screen-reader-text\">\n\t\t\t<\/span>\n<\/li>\n<\/ul>\n<\/div>\t\t\t\t<\/div>\n\t\t\t\t<\/div>\n\t\t\t\t\t<\/div>\n\t\t<\/div>\n\t\t\t\t\t<\/div>\n\t\t<\/section>\n\t\t\t\t<\/div>","protected":false},"excerpt":{"rendered":"<p>Pilar Urtiaga Nace en Madrid, asiste a cursos de acuarela y pintura con Julio Quesada. En Italia trabaja con Kortokraks, en Irlanda asiste a cursos de acuarela con Ron Ranson, en Madrid trabaja en el estudio de Manolo Arjona, taller Spica, etc. Exposiciones colectivas Sala Garo\u00e9. Tenerife. Galer\u00eda Pluma. Bogot\u00e1 Museo Arqueol\u00f3gico de Malta. Galer\u00eda &#8230; <a title=\"Pilar Urtiaga\" class=\"read-more\" href=\"https:\/\/villanueva-fineart.es\/en\/pilar-urtiaga\/\" aria-label=\"Read more about Pilar Urtiaga\">Read more<\/a><\/p>","protected":false},"author":1,"featured_media":0,"parent":0,"menu_order":0,"comment_status":"closed","ping_status":"closed","template":"","meta":{"footnotes":""},"class_list":["post-3487","page","type-page","status-publish"],"yoast_head":"<!-- This site is optimized with the Yoast SEO plugin v25.9 - https:\/\/yoast.com\/wordpress\/plugins\/seo\/ -->\n<title>Pilar Urtiaga - Villanueva Fineart<\/title>\n<meta name=\"description\" content=\"Nace en Madrid, asiste a cursos de acuarela y pintura con Julio Quesada.En Italia trabaja con Kortokraks, en Irlanda asiste a cursos de acuarela con Ron Ranson, en Madrid trabaja en el estudio de Manolo Arjona, taller Spica, etc.\" \/>\n<meta name=\"robots\" content=\"index, follow, max-snippet:-1, max-image-preview:large, max-video-preview:-1\" \/>\n<link rel=\"canonical\" href=\"https:\/\/villanueva-fineart.es\/en\/pilar-urtiaga\/\" \/>\n<meta property=\"og:locale\" content=\"en_GB\" \/>\n<meta property=\"og:type\" content=\"article\" \/>\n<meta property=\"og:title\" content=\"Pilar Urtiaga - Villanueva Fineart\" \/>\n<meta property=\"og:description\" content=\"Nace en Madrid, asiste a cursos de acuarela y pintura con Julio Quesada.En Italia trabaja con Kortokraks, en Irlanda asiste a cursos de acuarela con Ron Ranson, en Madrid trabaja en el estudio de Manolo Arjona, taller Spica, etc.\" \/>\n<meta property=\"og:url\" content=\"https:\/\/villanueva-fineart.es\/en\/pilar-urtiaga\/\" \/>\n<meta property=\"og:site_name\" content=\"Villanueva Fineart\" \/>\n<meta property=\"article:modified_time\" content=\"2022-01-02T16:20:21+00:00\" \/>\n<meta property=\"og:image\" content=\"https:\/\/villanueva-fineart.es\/wp-content\/uploads\/2022\/01\/P.-5-768x612.jpg\" \/>\n<meta name=\"twitter:card\" content=\"summary_large_image\" \/>\n<meta name=\"twitter:label1\" content=\"Estimated reading time\" \/>\n\t<meta name=\"twitter:data1\" content=\"2 minutes\" \/>\n<script type=\"application\/ld+json\" class=\"yoast-schema-graph\">{\"@context\":\"https:\/\/schema.org\",\"@graph\":[{\"@type\":\"WebPage\",\"@id\":\"https:\/\/villanueva-fineart.es\/es_es\/pilar-urtiaga\/\",\"url\":\"https:\/\/villanueva-fineart.es\/es_es\/pilar-urtiaga\/\",\"name\":\"Pilar Urtiaga - Villanueva Fineart\",\"isPartOf\":{\"@id\":\"http:\/\/villanueva-fineart.es\/#website\"},\"primaryImageOfPage\":{\"@id\":\"https:\/\/villanueva-fineart.es\/es_es\/pilar-urtiaga\/#primaryimage\"},\"image\":{\"@id\":\"https:\/\/villanueva-fineart.es\/es_es\/pilar-urtiaga\/#primaryimage\"},\"thumbnailUrl\":\"https:\/\/villanueva-fineart.es\/wp-content\/uploads\/2022\/01\/P.-5-768x612.jpg\",\"datePublished\":\"2022-01-01T18:02:46+00:00\",\"dateModified\":\"2022-01-02T16:20:21+00:00\",\"description\":\"Nace en Madrid, asiste a cursos de acuarela y pintura con Julio Quesada.En Italia trabaja con Kortokraks, en Irlanda asiste a cursos de acuarela con Ron Ranson, en Madrid trabaja en el estudio de Manolo Arjona, taller Spica, etc.\",\"breadcrumb\":{\"@id\":\"https:\/\/villanueva-fineart.es\/es_es\/pilar-urtiaga\/#breadcrumb\"},\"inLanguage\":\"en-GB\",\"potentialAction\":[{\"@type\":\"ReadAction\",\"target\":[\"https:\/\/villanueva-fineart.es\/es_es\/pilar-urtiaga\/\"]}]},{\"@type\":\"ImageObject\",\"inLanguage\":\"en-GB\",\"@id\":\"https:\/\/villanueva-fineart.es\/es_es\/pilar-urtiaga\/#primaryimage\",\"url\":\"https:\/\/villanueva-fineart.es\/wp-content\/uploads\/2022\/01\/P.-5-768x612.jpg\",\"contentUrl\":\"https:\/\/villanueva-fineart.es\/wp-content\/uploads\/2022\/01\/P.-5-768x612.jpg\"},{\"@type\":\"BreadcrumbList\",\"@id\":\"https:\/\/villanueva-fineart.es\/es_es\/pilar-urtiaga\/#breadcrumb\",\"itemListElement\":[{\"@type\":\"ListItem\",\"position\":1,\"name\":\"Inicio\",\"item\":\"https:\/\/villanueva-fineart.es\/\"},{\"@type\":\"ListItem\",\"position\":2,\"name\":\"Pilar Urtiaga\"}]},{\"@type\":\"WebSite\",\"@id\":\"http:\/\/villanueva-fineart.es\/#website\",\"url\":\"http:\/\/villanueva-fineart.es\/\",\"name\":\"Villanueva Fineart\",\"description\":\"Liquidaci\u00f3n de Obras de arte\",\"publisher\":{\"@id\":\"http:\/\/villanueva-fineart.es\/#organization\"},\"potentialAction\":[{\"@type\":\"SearchAction\",\"target\":{\"@type\":\"EntryPoint\",\"urlTemplate\":\"http:\/\/villanueva-fineart.es\/?s={search_term_string}\"},\"query-input\":{\"@type\":\"PropertyValueSpecification\",\"valueRequired\":true,\"valueName\":\"search_term_string\"}}],\"inLanguage\":\"en-GB\"},{\"@type\":\"Organization\",\"@id\":\"http:\/\/villanueva-fineart.es\/#organization\",\"name\":\"Villanueva Fineart\",\"url\":\"http:\/\/villanueva-fineart.es\/\",\"logo\":{\"@type\":\"ImageObject\",\"inLanguage\":\"en-GB\",\"@id\":\"http:\/\/villanueva-fineart.es\/#\/schema\/logo\/image\/\",\"url\":\"https:\/\/villanueva-fineart.es\/wp-content\/uploads\/2021\/11\/Logo-fineart.jpg\",\"contentUrl\":\"https:\/\/villanueva-fineart.es\/wp-content\/uploads\/2021\/11\/Logo-fineart.jpg\",\"width\":200,\"height\":85,\"caption\":\"Villanueva Fineart\"},\"image\":{\"@id\":\"http:\/\/villanueva-fineart.es\/#\/schema\/logo\/image\/\"}}]}<\/script>\n<!-- \/ Yoast SEO plugin. -->","yoast_head_json":{"title":"Pilar Urtiaga - Villanueva Fineart","description":"Nace en Madrid, asiste a cursos de acuarela y pintura con Julio Quesada.En Italia trabaja con Kortokraks, en Irlanda asiste a cursos de acuarela con Ron Ranson, en Madrid trabaja en el estudio de Manolo Arjona, taller Spica, etc.","robots":{"index":"index","follow":"follow","max-snippet":"max-snippet:-1","max-image-preview":"max-image-preview:large","max-video-preview":"max-video-preview:-1"},"canonical":"https:\/\/villanueva-fineart.es\/en\/pilar-urtiaga\/","og_locale":"en_GB","og_type":"article","og_title":"Pilar Urtiaga - Villanueva Fineart","og_description":"Nace en Madrid, asiste a cursos de acuarela y pintura con Julio Quesada.En Italia trabaja con Kortokraks, en Irlanda asiste a cursos de acuarela con Ron Ranson, en Madrid trabaja en el estudio de Manolo Arjona, taller Spica, etc.","og_url":"https:\/\/villanueva-fineart.es\/en\/pilar-urtiaga\/","og_site_name":"Villanueva Fineart","article_modified_time":"2022-01-02T16:20:21+00:00","og_image":[{"url":"https:\/\/villanueva-fineart.es\/wp-content\/uploads\/2022\/01\/P.-5-768x612.jpg","type":"","width":"","height":""}],"twitter_card":"summary_large_image","twitter_misc":{"Estimated reading time":"2 minutes"},"schema":{"@context":"https:\/\/schema.org","@graph":[{"@type":"WebPage","@id":"https:\/\/villanueva-fineart.es\/es_es\/pilar-urtiaga\/","url":"https:\/\/villanueva-fineart.es\/es_es\/pilar-urtiaga\/","name":"Pilar Urtiaga - Villanueva Fineart","isPartOf":{"@id":"http:\/\/villanueva-fineart.es\/#website"},"primaryImageOfPage":{"@id":"https:\/\/villanueva-fineart.es\/es_es\/pilar-urtiaga\/#primaryimage"},"image":{"@id":"https:\/\/villanueva-fineart.es\/es_es\/pilar-urtiaga\/#primaryimage"},"thumbnailUrl":"https:\/\/villanueva-fineart.es\/wp-content\/uploads\/2022\/01\/P.-5-768x612.jpg","datePublished":"2022-01-01T18:02:46+00:00","dateModified":"2022-01-02T16:20:21+00:00","description":"Nace en Madrid, asiste a cursos de acuarela y pintura con Julio Quesada.En Italia trabaja con Kortokraks, en Irlanda asiste a cursos de acuarela con Ron Ranson, en Madrid trabaja en el estudio de Manolo Arjona, taller Spica, etc.","breadcrumb":{"@id":"https:\/\/villanueva-fineart.es\/es_es\/pilar-urtiaga\/#breadcrumb"},"inLanguage":"en-GB","potentialAction":[{"@type":"ReadAction","target":["https:\/\/villanueva-fineart.es\/es_es\/pilar-urtiaga\/"]}]},{"@type":"ImageObject","inLanguage":"en-GB","@id":"https:\/\/villanueva-fineart.es\/es_es\/pilar-urtiaga\/#primaryimage","url":"https:\/\/villanueva-fineart.es\/wp-content\/uploads\/2022\/01\/P.-5-768x612.jpg","contentUrl":"https:\/\/villanueva-fineart.es\/wp-content\/uploads\/2022\/01\/P.-5-768x612.jpg"},{"@type":"BreadcrumbList","@id":"https:\/\/villanueva-fineart.es\/es_es\/pilar-urtiaga\/#breadcrumb","itemListElement":[{"@type":"ListItem","position":1,"name":"Inicio","item":"https:\/\/villanueva-fineart.es\/"},{"@type":"ListItem","position":2,"name":"Pilar Urtiaga"}]},{"@type":"WebSite","@id":"http:\/\/villanueva-fineart.es\/#website","url":"http:\/\/villanueva-fineart.es\/","name":"Villanueva Fineart","description":"Liquidaci\u00f3n de Obras de arte","publisher":{"@id":"http:\/\/villanueva-fineart.es\/#organization"},"potentialAction":[{"@type":"SearchAction","target":{"@type":"EntryPoint","urlTemplate":"http:\/\/villanueva-fineart.es\/?s={search_term_string}"},"query-input":{"@type":"PropertyValueSpecification","valueRequired":true,"valueName":"search_term_string"}}],"inLanguage":"en-GB"},{"@type":"Organization","@id":"http:\/\/villanueva-fineart.es\/#organization","name":"Villanueva Fineart","url":"http:\/\/villanueva-fineart.es\/","logo":{"@type":"ImageObject","inLanguage":"en-GB","@id":"http:\/\/villanueva-fineart.es\/#\/schema\/logo\/image\/","url":"https:\/\/villanueva-fineart.es\/wp-content\/uploads\/2021\/11\/Logo-fineart.jpg","contentUrl":"https:\/\/villanueva-fineart.es\/wp-content\/uploads\/2021\/11\/Logo-fineart.jpg","width":200,"height":85,"caption":"Villanueva Fineart"},"image":{"@id":"http:\/\/villanueva-fineart.es\/#\/schema\/logo\/image\/"}}]}},"_links":{"self":[{"href":"https:\/\/villanueva-fineart.es\/en\/wp-json\/wp\/v2\/pages\/3487","targetHints":{"allow":["GET"]}}],"collection":[{"href":"https:\/\/villanueva-fineart.es\/en\/wp-json\/wp\/v2\/pages"}],"about":[{"href":"https:\/\/villanueva-fineart.es\/en\/wp-json\/wp\/v2\/types\/page"}],"author":[{"embeddable":true,"href":"https:\/\/villanueva-fineart.es\/en\/wp-json\/wp\/v2\/users\/1"}],"replies":[{"embeddable":true,"href":"https:\/\/villanueva-fineart.es\/en\/wp-json\/wp\/v2\/comments?post=3487"}],"version-history":[{"count":8,"href":"https:\/\/villanueva-fineart.es\/en\/wp-json\/wp\/v2\/pages\/3487\/revisions"}],"predecessor-version":[{"id":3499,"href":"https:\/\/villanueva-fineart.es\/en\/wp-json\/wp\/v2\/pages\/3487\/revisions\/3499"}],"wp:attachment":[{"href":"https:\/\/villanueva-fineart.es\/en\/wp-json\/wp\/v2\/media?parent=3487"}],"curies":[{"name":"wp","href":"https:\/\/api.w.org\/{rel}","templated":true}]}}