{"id":3463,"date":"2022-01-01T16:07:37","date_gmt":"2022-01-01T16:07:37","guid":{"rendered":"https:\/\/villanueva-fineart.es\/?page_id=3463"},"modified":"2022-02-05T16:42:49","modified_gmt":"2022-02-05T16:42:49","slug":"sola-puig-joan","status":"publish","type":"page","link":"https:\/\/villanueva-fineart.es\/en\/sola-puig-joan\/","title":{"rendered":"Sol\u00e1 Puig Joan"},"content":{"rendered":"<div data-elementor-type=\"wp-page\" data-elementor-id=\"3463\" class=\"elementor elementor-3463\" data-elementor-post-type=\"page\">\n\t\t\t\t\t\t<section class=\"elementor-section elementor-top-section elementor-element elementor-element-7da3ceb elementor-section-full_width elementor-section-height-default elementor-section-height-default\" data-id=\"7da3ceb\" data-element_type=\"section\">\n\t\t\t\t\t\t<div class=\"elementor-container elementor-column-gap-default\">\n\t\t\t\t\t<div class=\"elementor-column elementor-col-100 elementor-top-column elementor-element elementor-element-fe60994\" data-id=\"fe60994\" data-element_type=\"column\">\n\t\t\t<div class=\"elementor-widget-wrap elementor-element-populated\">\n\t\t\t\t\t\t<div class=\"elementor-element elementor-element-019e990 elementor-widget-divider--view-line elementor-widget elementor-widget-divider\" data-id=\"019e990\" data-element_type=\"widget\" data-widget_type=\"divider.default\">\n\t\t\t\t<div class=\"elementor-widget-container\">\n\t\t\t\t\t\t\t<div class=\"elementor-divider\">\n\t\t\t<span class=\"elementor-divider-separator\">\n\t\t\t\t\t\t<\/span>\n\t\t<\/div>\n\t\t\t\t\t\t<\/div>\n\t\t\t\t<\/div>\n\t\t\t\t\t<\/div>\n\t\t<\/div>\n\t\t\t\t\t<\/div>\n\t\t<\/section>\n\t\t\t\t<section class=\"elementor-section elementor-top-section elementor-element elementor-element-04cd1bb elementor-section-boxed elementor-section-height-default elementor-section-height-default\" data-id=\"04cd1bb\" data-element_type=\"section\">\n\t\t\t\t\t\t<div class=\"elementor-container elementor-column-gap-default\">\n\t\t\t\t\t<div class=\"elementor-column elementor-col-50 elementor-top-column elementor-element elementor-element-fd0b1ae\" data-id=\"fd0b1ae\" data-element_type=\"column\">\n\t\t\t<div class=\"elementor-widget-wrap elementor-element-populated\">\n\t\t\t\t\t\t<div class=\"elementor-element elementor-element-6484428 elementor-widget elementor-widget-image\" data-id=\"6484428\" data-element_type=\"widget\" data-widget_type=\"image.default\">\n\t\t\t\t<div class=\"elementor-widget-container\">\n\t\t\t\t\t\t\t\t\t\t\t\t\t\t\t\t<a href=\"https:\/\/villanueva-fineart.es\/en\/sola-puig\/\">\n\t\t\t\t\t\t\t<img fetchpriority=\"high\" decoding=\"async\" width=\"390\" height=\"275\" src=\"https:\/\/villanueva-fineart.es\/wp-content\/uploads\/2021\/12\/Josep-Puig.jpg\" class=\"attachment-medium_large size-medium_large wp-image-2846\" alt=\"\" srcset=\"https:\/\/villanueva-fineart.es\/wp-content\/uploads\/2021\/12\/Josep-Puig.jpg 390w, https:\/\/villanueva-fineart.es\/wp-content\/uploads\/2021\/12\/Josep-Puig-300x212.jpg 300w, https:\/\/villanueva-fineart.es\/wp-content\/uploads\/2021\/12\/Josep-Puig-18x12.jpg 18w\" sizes=\"(max-width: 390px) 100vw, 390px\" \/>\t\t\t\t\t\t\t\t<\/a>\n\t\t\t\t\t\t\t\t\t\t\t\t\t\t\t<\/div>\n\t\t\t\t<\/div>\n\t\t\t\t\t<\/div>\n\t\t<\/div>\n\t\t\t\t<div class=\"elementor-column elementor-col-50 elementor-top-column elementor-element elementor-element-6463cb3\" data-id=\"6463cb3\" data-element_type=\"column\">\n\t\t\t<div class=\"elementor-widget-wrap elementor-element-populated\">\n\t\t\t\t\t\t<div class=\"elementor-element elementor-element-4667ff2 elementor-widget elementor-widget-heading\" data-id=\"4667ff2\" data-element_type=\"widget\" data-widget_type=\"heading.default\">\n\t\t\t\t<div class=\"elementor-widget-container\">\n\t\t\t\t\t<div class=\"elementor-heading-title elementor-size-xl\"><a href=\"https:\/\/villanueva-fineart.es\/en\/sola-puig\/\">SOL\u00c0 PUIG, Joan    <\/a><\/div>\t\t\t\t<\/div>\n\t\t\t\t<\/div>\n\t\t\t\t<div class=\"elementor-element elementor-element-772d12a elementor-widget elementor-widget-text-editor\" data-id=\"772d12a\" data-element_type=\"widget\" data-widget_type=\"text-editor.default\">\n\t\t\t\t<div class=\"elementor-widget-container\">\n\t\t\t\t\t\t\t\t\t<p>(Barcelona 1950 )<\/p><p>Joan SOL\u00c1 paints in a natural way, which reflects the Old Masters, soaking up the colour, air, smell and the pure scent of his environment. He delivers to his canvas the strange mix of emotion and poetry that reveals an earthly strength only attainable by some, capable of disregard and completely devoid of artifice and the anecdotal. With this approach he reaches and expresses the essentials.<\/p><p>Remarkably, his atmospheric mastery along with his poetic restraint and use of colour is a personal and rare ability, with a brushstroke application that is bold and vigorous but at the same time thoughtful and measured, to reach expressive but serene work capable of connecting so intimately with his audience.<\/p><p>Joan Sol\u00e0 is able to convey onto canvas in an infallible way. The shadows that appear to draw breath, the pulse of a dormant land, and with clear visions the harmonized values of close-ups from the past. He is able to reflect the sentiment developed from contact with nature with the eloquence and interpretation served by serene experiences.<\/p>\t\t\t\t\t\t\t\t<\/div>\n\t\t\t\t<\/div>\n\t\t\t\t\t<\/div>\n\t\t<\/div>\n\t\t\t\t\t<\/div>\n\t\t<\/section>\n\t\t\t\t<section class=\"elementor-section elementor-top-section elementor-element elementor-element-19a47d5 elementor-section-boxed elementor-section-height-default elementor-section-height-default\" data-id=\"19a47d5\" data-element_type=\"section\">\n\t\t\t\t\t\t<div class=\"elementor-container elementor-column-gap-default\">\n\t\t\t\t\t<div class=\"elementor-column elementor-col-100 elementor-top-column elementor-element elementor-element-cfc1c48\" data-id=\"cfc1c48\" data-element_type=\"column\">\n\t\t\t<div class=\"elementor-widget-wrap elementor-element-populated\">\n\t\t\t\t\t\t<div class=\"elementor-element elementor-element-b223874 elementor-widget elementor-widget-text-editor\" data-id=\"b223874\" data-element_type=\"widget\" data-widget_type=\"text-editor.default\">\n\t\t\t\t<div class=\"elementor-widget-container\">\n\t\t\t\t\t\t\t\t\t<p>Collections, awards and highlights:<\/p><p>\u2022Acknowledged by their Majesties the King and Queen of Spain.<br \/>\u2022\tA. Real el Pr\u00edncipe de Asturias award<br \/>\u2022Contemporary Museum of Art, Florida (USA).<br \/>\u2022\tMuseum of Art, Catalunya (Spain)<br \/>\u2022Honorary Regional Council of Barcelona.<br \/>\u2022\tThe collection of Marqu\u00e9s de Muller, Barcelona (Spain).\n\u2022<br \/>\u2022\tThe collection of \u201cArt Reproduction Mallori\u201d in Palma de Mallorca.\n\u2022<br \/>The collection of Ayuntamiento de Vic at Galer\u00eda de los Ilustres.\n\u2022<br \/>Se\u00f1or Hosakawa Kazuo collection (Japan)\n\u2022<br \/>Se\u00f1or Kenichi Yamaguchi collection (Japan)<br \/>\u2022\tErik Lange collection (Norway)\n\u2022<br \/>Key collections in Spain, France, Germany Belgium, Norway, Sweden, Luxemburg, Italy, Monaco y Holland.\n\u2022<br \/>The collection of \u201cCaixa de Pensions\u201d.\n\u2022<br \/>The collection of the foundation \u201cCasa del Actor\u201d in Madrid \u2028(Spain).<br \/>\u2022\tIn 2003 he was appointed academic by the institute La Academia II Marzocco in Florence. \u2028<\/p>\t\t\t\t\t\t\t\t<\/div>\n\t\t\t\t<\/div>\n\t\t\t\t\t<\/div>\n\t\t<\/div>\n\t\t\t\t\t<\/div>\n\t\t<\/section>\n\t\t\t\t<section class=\"elementor-section elementor-top-section elementor-element elementor-element-baa7ac1 elementor-section-boxed elementor-section-height-default elementor-section-height-default\" data-id=\"baa7ac1\" data-element_type=\"section\">\n\t\t\t\t\t\t<div class=\"elementor-container elementor-column-gap-default\">\n\t\t\t\t\t<div class=\"elementor-column elementor-col-100 elementor-top-column elementor-element elementor-element-a9adb97\" data-id=\"a9adb97\" data-element_type=\"column\">\n\t\t\t<div class=\"elementor-widget-wrap elementor-element-populated\">\n\t\t\t\t\t\t<div class=\"elementor-element elementor-element-726238b elementor-widget elementor-widget-heading\" data-id=\"726238b\" data-element_type=\"widget\" data-widget_type=\"heading.default\">\n\t\t\t\t<div class=\"elementor-widget-container\">\n\t\t\t\t\t<div class=\"elementor-heading-title elementor-size-xl\">Artworks<\/div>\t\t\t\t<\/div>\n\t\t\t\t<\/div>\n\t\t\t\t<div class=\"elementor-element elementor-element-787b771 elementor-grid-4 elementor-grid-tablet-3 elementor-grid-mobile-2 elementor-products-grid elementor-wc-products elementor-widget elementor-widget-woocommerce-products\" data-id=\"787b771\" data-element_type=\"widget\" data-widget_type=\"woocommerce-products.default\">\n\t\t\t\t<div class=\"elementor-widget-container\">\n\t\t\t\t\t<div class=\"woocommerce columns-4\"><ul class=\"products elementor-grid columns-4\">\n<li class=\"sales-flash-overlay woocommerce-text-align-center woocommerce-image-align-center do-quantity-buttons product type-product post-2854 status-publish first instock product_cat-500e-y-menos product_cat-obra product_cat-oleo product_cat-paisajes-marinos has-post-thumbnail sold-individually taxable shipping-taxable product-type-simple\">\n\t<a href=\"https:\/\/villanueva-fineart.es\/en\/product\/marina-joan-sola-puig\/\" class=\"woocommerce-LoopProduct-link woocommerce-loop-product__link\"><img decoding=\"async\" width=\"300\" height=\"275\" src=\"https:\/\/villanueva-fineart.es\/wp-content\/uploads\/2021\/12\/Josep-Puig-300x275.jpg\" class=\"attachment-woocommerce_thumbnail size-woocommerce_thumbnail\" alt=\"Marina, Joan Sola Puig - VENDIDO - SOLD OUT\" \/><h2 class=\"woocommerce-loop-product__title\">Marina, Joan Sola Puig &#8211; VENDIDO &#8211; SOLD OUT<\/h2>\n<\/a><a href=\"https:\/\/villanueva-fineart.es\/en\/product\/marina-joan-sola-puig\/\" aria-describedby=\"woocommerce_loop_add_to_cart_link_describedby_2854\" data-quantity=\"1\" class=\"button product_type_simple\" data-product_id=\"2854\" data-product_sku=\"\" aria-label=\"Read more about \u201cMarina, Joan Sola Puig - VENDIDO - SOLD OUT\u201d\" rel=\"nofollow\" data-success_message=\"\" data-no-translation=\"\" data-trp-gettext=\"\" data-no-translation-aria-label=\"\">Read more<\/a>\t<span id=\"woocommerce_loop_add_to_cart_link_describedby_2854\" class=\"screen-reader-text\">\n\t\t\t<\/span>\n<\/li>\n<\/ul>\n<\/div>\t\t\t\t<\/div>\n\t\t\t\t<\/div>\n\t\t\t\t\t<\/div>\n\t\t<\/div>\n\t\t\t\t\t<\/div>\n\t\t<\/section>\n\t\t\t\t<\/div>","protected":false},"excerpt":{"rendered":"<p>SOL\u00c0 PUIG, Joan (Barcelona 1950 ) Joan SOL\u00c1 pinta al natural, a la manera y reflejo de los viejos maestros para poder impregnarse del color, el aire, el olor y el perfume singular de su entorno, para as\u00ed poder plasmarlo en sus lienzos y transmitir esa extra\u00f1a mezcla de sentimiento y poes\u00eda que desprende una &#8230; <a title=\"Sol\u00e1 Puig Joan\" class=\"read-more\" href=\"https:\/\/villanueva-fineart.es\/en\/sola-puig-joan\/\" aria-label=\"Read more about Sol\u00e1 Puig Joan\">Read more<\/a><\/p>","protected":false},"author":1,"featured_media":0,"parent":0,"menu_order":0,"comment_status":"closed","ping_status":"closed","template":"","meta":{"footnotes":""},"class_list":["post-3463","page","type-page","status-publish"],"yoast_head":"<!-- This site is optimized with the Yoast SEO plugin v25.9 - https:\/\/yoast.com\/wordpress\/plugins\/seo\/ -->\n<title>Sol\u00e1 Puig Joan - Villanueva Fineart<\/title>\n<meta name=\"description\" content=\"Joan SOL\u00c1 pinta al natural, a la manera y reflejo de los viejos maestros para poder impregnarse del color, el aire, el olor y el perfume singular de su entorno, para as\u00ed poder plasmarlo en sus lienzos y transmitir esa extra\u00f1a mezcla de sentimiento y poes\u00eda que desprende una fuerza casi tel\u00farica\" \/>\n<meta name=\"robots\" content=\"index, follow, max-snippet:-1, max-image-preview:large, max-video-preview:-1\" \/>\n<link rel=\"canonical\" href=\"https:\/\/villanueva-fineart.es\/en\/sola-puig-joan\/\" \/>\n<meta property=\"og:locale\" content=\"en_GB\" \/>\n<meta property=\"og:type\" content=\"article\" \/>\n<meta property=\"og:title\" content=\"Sol\u00e1 Puig Joan - Villanueva Fineart\" \/>\n<meta property=\"og:description\" content=\"Joan SOL\u00c1 pinta al natural, a la manera y reflejo de los viejos maestros para poder impregnarse del color, el aire, el olor y el perfume singular de su entorno, para as\u00ed poder plasmarlo en sus lienzos y transmitir esa extra\u00f1a mezcla de sentimiento y poes\u00eda que desprende una fuerza casi tel\u00farica\" \/>\n<meta property=\"og:url\" content=\"https:\/\/villanueva-fineart.es\/en\/sola-puig-joan\/\" \/>\n<meta property=\"og:site_name\" content=\"Villanueva Fineart\" \/>\n<meta property=\"article:modified_time\" content=\"2022-02-05T16:42:49+00:00\" \/>\n<meta property=\"og:image\" content=\"https:\/\/villanueva-fineart.es\/wp-content\/uploads\/2021\/12\/Josep-Puig.jpg\" \/>\n<meta name=\"twitter:card\" content=\"summary_large_image\" \/>\n<meta name=\"twitter:label1\" content=\"Estimated reading time\" \/>\n\t<meta name=\"twitter:data1\" content=\"3 minutes\" \/>\n<script type=\"application\/ld+json\" class=\"yoast-schema-graph\">{\"@context\":\"https:\/\/schema.org\",\"@graph\":[{\"@type\":\"WebPage\",\"@id\":\"https:\/\/villanueva-fineart.es\/sola-puig-joan\/\",\"url\":\"https:\/\/villanueva-fineart.es\/sola-puig-joan\/\",\"name\":\"Sol\u00e1 Puig Joan - Villanueva Fineart\",\"isPartOf\":{\"@id\":\"http:\/\/villanueva-fineart.es\/#website\"},\"primaryImageOfPage\":{\"@id\":\"https:\/\/villanueva-fineart.es\/sola-puig-joan\/#primaryimage\"},\"image\":{\"@id\":\"https:\/\/villanueva-fineart.es\/sola-puig-joan\/#primaryimage\"},\"thumbnailUrl\":\"https:\/\/villanueva-fineart.es\/wp-content\/uploads\/2021\/12\/Josep-Puig.jpg\",\"datePublished\":\"2022-01-01T16:07:37+00:00\",\"dateModified\":\"2022-02-05T16:42:49+00:00\",\"description\":\"Joan SOL\u00c1 pinta al natural, a la manera y reflejo de los viejos maestros para poder impregnarse del color, el aire, el olor y el perfume singular de su entorno, para as\u00ed poder plasmarlo en sus lienzos y transmitir esa extra\u00f1a mezcla de sentimiento y poes\u00eda que desprende una fuerza casi tel\u00farica\",\"breadcrumb\":{\"@id\":\"https:\/\/villanueva-fineart.es\/sola-puig-joan\/#breadcrumb\"},\"inLanguage\":\"en-GB\",\"potentialAction\":[{\"@type\":\"ReadAction\",\"target\":[\"https:\/\/villanueva-fineart.es\/sola-puig-joan\/\"]}]},{\"@type\":\"ImageObject\",\"inLanguage\":\"en-GB\",\"@id\":\"https:\/\/villanueva-fineart.es\/sola-puig-joan\/#primaryimage\",\"url\":\"https:\/\/villanueva-fineart.es\/wp-content\/uploads\/2021\/12\/Josep-Puig.jpg\",\"contentUrl\":\"https:\/\/villanueva-fineart.es\/wp-content\/uploads\/2021\/12\/Josep-Puig.jpg\"},{\"@type\":\"BreadcrumbList\",\"@id\":\"https:\/\/villanueva-fineart.es\/sola-puig-joan\/#breadcrumb\",\"itemListElement\":[{\"@type\":\"ListItem\",\"position\":1,\"name\":\"Inicio\",\"item\":\"https:\/\/villanueva-fineart.es\/\"},{\"@type\":\"ListItem\",\"position\":2,\"name\":\"Sol\u00e1 Puig Joan\"}]},{\"@type\":\"WebSite\",\"@id\":\"http:\/\/villanueva-fineart.es\/#website\",\"url\":\"http:\/\/villanueva-fineart.es\/\",\"name\":\"Villanueva Fineart\",\"description\":\"Liquidaci\u00f3n de Obras de arte\",\"publisher\":{\"@id\":\"http:\/\/villanueva-fineart.es\/#organization\"},\"potentialAction\":[{\"@type\":\"SearchAction\",\"target\":{\"@type\":\"EntryPoint\",\"urlTemplate\":\"http:\/\/villanueva-fineart.es\/?s={search_term_string}\"},\"query-input\":{\"@type\":\"PropertyValueSpecification\",\"valueRequired\":true,\"valueName\":\"search_term_string\"}}],\"inLanguage\":\"en-GB\"},{\"@type\":\"Organization\",\"@id\":\"http:\/\/villanueva-fineart.es\/#organization\",\"name\":\"Villanueva Fineart\",\"url\":\"http:\/\/villanueva-fineart.es\/\",\"logo\":{\"@type\":\"ImageObject\",\"inLanguage\":\"en-GB\",\"@id\":\"http:\/\/villanueva-fineart.es\/#\/schema\/logo\/image\/\",\"url\":\"https:\/\/villanueva-fineart.es\/wp-content\/uploads\/2021\/11\/Logo-fineart.jpg\",\"contentUrl\":\"https:\/\/villanueva-fineart.es\/wp-content\/uploads\/2021\/11\/Logo-fineart.jpg\",\"width\":200,\"height\":85,\"caption\":\"Villanueva Fineart\"},\"image\":{\"@id\":\"http:\/\/villanueva-fineart.es\/#\/schema\/logo\/image\/\"}}]}<\/script>\n<!-- \/ Yoast SEO plugin. -->","yoast_head_json":{"title":"Sol\u00e1 Puig Joan - Villanueva Fineart","description":"Joan SOL\u00c1 pinta al natural, a la manera y reflejo de los viejos maestros para poder impregnarse del color, el aire, el olor y el perfume singular de su entorno, para as\u00ed poder plasmarlo en sus lienzos y transmitir esa extra\u00f1a mezcla de sentimiento y poes\u00eda que desprende una fuerza casi tel\u00farica","robots":{"index":"index","follow":"follow","max-snippet":"max-snippet:-1","max-image-preview":"max-image-preview:large","max-video-preview":"max-video-preview:-1"},"canonical":"https:\/\/villanueva-fineart.es\/en\/sola-puig-joan\/","og_locale":"en_GB","og_type":"article","og_title":"Sol\u00e1 Puig Joan - Villanueva Fineart","og_description":"Joan SOL\u00c1 pinta al natural, a la manera y reflejo de los viejos maestros para poder impregnarse del color, el aire, el olor y el perfume singular de su entorno, para as\u00ed poder plasmarlo en sus lienzos y transmitir esa extra\u00f1a mezcla de sentimiento y poes\u00eda que desprende una fuerza casi tel\u00farica","og_url":"https:\/\/villanueva-fineart.es\/en\/sola-puig-joan\/","og_site_name":"Villanueva Fineart","article_modified_time":"2022-02-05T16:42:49+00:00","og_image":[{"url":"https:\/\/villanueva-fineart.es\/wp-content\/uploads\/2021\/12\/Josep-Puig.jpg","type":"","width":"","height":""}],"twitter_card":"summary_large_image","twitter_misc":{"Estimated reading time":"3 minutes"},"schema":{"@context":"https:\/\/schema.org","@graph":[{"@type":"WebPage","@id":"https:\/\/villanueva-fineart.es\/sola-puig-joan\/","url":"https:\/\/villanueva-fineart.es\/sola-puig-joan\/","name":"Sol\u00e1 Puig Joan - Villanueva Fineart","isPartOf":{"@id":"http:\/\/villanueva-fineart.es\/#website"},"primaryImageOfPage":{"@id":"https:\/\/villanueva-fineart.es\/sola-puig-joan\/#primaryimage"},"image":{"@id":"https:\/\/villanueva-fineart.es\/sola-puig-joan\/#primaryimage"},"thumbnailUrl":"https:\/\/villanueva-fineart.es\/wp-content\/uploads\/2021\/12\/Josep-Puig.jpg","datePublished":"2022-01-01T16:07:37+00:00","dateModified":"2022-02-05T16:42:49+00:00","description":"Joan SOL\u00c1 pinta al natural, a la manera y reflejo de los viejos maestros para poder impregnarse del color, el aire, el olor y el perfume singular de su entorno, para as\u00ed poder plasmarlo en sus lienzos y transmitir esa extra\u00f1a mezcla de sentimiento y poes\u00eda que desprende una fuerza casi tel\u00farica","breadcrumb":{"@id":"https:\/\/villanueva-fineart.es\/sola-puig-joan\/#breadcrumb"},"inLanguage":"en-GB","potentialAction":[{"@type":"ReadAction","target":["https:\/\/villanueva-fineart.es\/sola-puig-joan\/"]}]},{"@type":"ImageObject","inLanguage":"en-GB","@id":"https:\/\/villanueva-fineart.es\/sola-puig-joan\/#primaryimage","url":"https:\/\/villanueva-fineart.es\/wp-content\/uploads\/2021\/12\/Josep-Puig.jpg","contentUrl":"https:\/\/villanueva-fineart.es\/wp-content\/uploads\/2021\/12\/Josep-Puig.jpg"},{"@type":"BreadcrumbList","@id":"https:\/\/villanueva-fineart.es\/sola-puig-joan\/#breadcrumb","itemListElement":[{"@type":"ListItem","position":1,"name":"Inicio","item":"https:\/\/villanueva-fineart.es\/"},{"@type":"ListItem","position":2,"name":"Sol\u00e1 Puig Joan"}]},{"@type":"WebSite","@id":"http:\/\/villanueva-fineart.es\/#website","url":"http:\/\/villanueva-fineart.es\/","name":"Villanueva Fineart","description":"Liquidaci\u00f3n de Obras de arte","publisher":{"@id":"http:\/\/villanueva-fineart.es\/#organization"},"potentialAction":[{"@type":"SearchAction","target":{"@type":"EntryPoint","urlTemplate":"http:\/\/villanueva-fineart.es\/?s={search_term_string}"},"query-input":{"@type":"PropertyValueSpecification","valueRequired":true,"valueName":"search_term_string"}}],"inLanguage":"en-GB"},{"@type":"Organization","@id":"http:\/\/villanueva-fineart.es\/#organization","name":"Villanueva Fineart","url":"http:\/\/villanueva-fineart.es\/","logo":{"@type":"ImageObject","inLanguage":"en-GB","@id":"http:\/\/villanueva-fineart.es\/#\/schema\/logo\/image\/","url":"https:\/\/villanueva-fineart.es\/wp-content\/uploads\/2021\/11\/Logo-fineart.jpg","contentUrl":"https:\/\/villanueva-fineart.es\/wp-content\/uploads\/2021\/11\/Logo-fineart.jpg","width":200,"height":85,"caption":"Villanueva Fineart"},"image":{"@id":"http:\/\/villanueva-fineart.es\/#\/schema\/logo\/image\/"}}]}},"_links":{"self":[{"href":"https:\/\/villanueva-fineart.es\/en\/wp-json\/wp\/v2\/pages\/3463","targetHints":{"allow":["GET"]}}],"collection":[{"href":"https:\/\/villanueva-fineart.es\/en\/wp-json\/wp\/v2\/pages"}],"about":[{"href":"https:\/\/villanueva-fineart.es\/en\/wp-json\/wp\/v2\/types\/page"}],"author":[{"embeddable":true,"href":"https:\/\/villanueva-fineart.es\/en\/wp-json\/wp\/v2\/users\/1"}],"replies":[{"embeddable":true,"href":"https:\/\/villanueva-fineart.es\/en\/wp-json\/wp\/v2\/comments?post=3463"}],"version-history":[{"count":23,"href":"https:\/\/villanueva-fineart.es\/en\/wp-json\/wp\/v2\/pages\/3463\/revisions"}],"predecessor-version":[{"id":4070,"href":"https:\/\/villanueva-fineart.es\/en\/wp-json\/wp\/v2\/pages\/3463\/revisions\/4070"}],"wp:attachment":[{"href":"https:\/\/villanueva-fineart.es\/en\/wp-json\/wp\/v2\/media?parent=3463"}],"curies":[{"name":"wp","href":"https:\/\/api.w.org\/{rel}","templated":true}]}}