{"id":2587,"date":"2021-12-20T22:26:04","date_gmt":"2021-12-20T22:26:04","guid":{"rendered":"https:\/\/villanueva-fineart.es\/?page_id=2587"},"modified":"2022-01-02T16:22:31","modified_gmt":"2022-01-02T16:22:31","slug":"rafael-atencia","status":"publish","type":"page","link":"https:\/\/villanueva-fineart.es\/en\/rafael-atencia\/","title":{"rendered":"Rafael Atencia"},"content":{"rendered":"<div data-elementor-type=\"wp-page\" data-elementor-id=\"2587\" class=\"elementor elementor-2587\" data-elementor-post-type=\"page\">\n\t\t\t\t\t\t<section class=\"elementor-section elementor-top-section elementor-element elementor-element-ee9d12b elementor-section-full_width elementor-section-height-default elementor-section-height-default\" data-id=\"ee9d12b\" data-element_type=\"section\">\n\t\t\t\t\t\t<div class=\"elementor-container elementor-column-gap-default\">\n\t\t\t\t\t<div class=\"elementor-column elementor-col-100 elementor-top-column elementor-element elementor-element-806ddb1\" data-id=\"806ddb1\" data-element_type=\"column\">\n\t\t\t<div class=\"elementor-widget-wrap elementor-element-populated\">\n\t\t\t\t\t\t<div class=\"elementor-element elementor-element-382160a elementor-widget-divider--view-line elementor-widget elementor-widget-divider\" data-id=\"382160a\" data-element_type=\"widget\" data-widget_type=\"divider.default\">\n\t\t\t\t<div class=\"elementor-widget-container\">\n\t\t\t\t\t\t\t<div class=\"elementor-divider\">\n\t\t\t<span class=\"elementor-divider-separator\">\n\t\t\t\t\t\t<\/span>\n\t\t<\/div>\n\t\t\t\t\t\t<\/div>\n\t\t\t\t<\/div>\n\t\t\t\t\t<\/div>\n\t\t<\/div>\n\t\t\t\t\t<\/div>\n\t\t<\/section>\n\t\t\t\t<section class=\"elementor-section elementor-top-section elementor-element elementor-element-4a91ffe elementor-section-boxed elementor-section-height-default elementor-section-height-default\" data-id=\"4a91ffe\" data-element_type=\"section\">\n\t\t\t\t\t\t<div class=\"elementor-container elementor-column-gap-default\">\n\t\t\t\t\t<div class=\"elementor-column elementor-col-50 elementor-top-column elementor-element elementor-element-c3aedf6\" data-id=\"c3aedf6\" data-element_type=\"column\">\n\t\t\t<div class=\"elementor-widget-wrap elementor-element-populated\">\n\t\t\t\t\t\t<div class=\"elementor-element elementor-element-22c4343 elementor-widget elementor-widget-image\" data-id=\"22c4343\" data-element_type=\"widget\" data-widget_type=\"image.default\">\n\t\t\t\t<div class=\"elementor-widget-container\">\n\t\t\t\t\t\t\t\t\t\t\t\t\t\t\t<img fetchpriority=\"high\" decoding=\"async\" width=\"389\" height=\"525\" src=\"https:\/\/villanueva-fineart.es\/wp-content\/uploads\/2021\/12\/Atencia-2.jpg\" class=\"attachment-medium_large size-medium_large wp-image-2507\" alt=\"\" srcset=\"https:\/\/villanueva-fineart.es\/wp-content\/uploads\/2021\/12\/Atencia-2.jpg 389w, https:\/\/villanueva-fineart.es\/wp-content\/uploads\/2021\/12\/Atencia-2-222x300.jpg 222w, https:\/\/villanueva-fineart.es\/wp-content\/uploads\/2021\/12\/Atencia-2-9x12.jpg 9w\" sizes=\"(max-width: 389px) 100vw, 389px\" \/>\t\t\t\t\t\t\t\t\t\t\t\t\t\t\t<\/div>\n\t\t\t\t<\/div>\n\t\t\t\t\t<\/div>\n\t\t<\/div>\n\t\t\t\t<div class=\"elementor-column elementor-col-50 elementor-top-column elementor-element elementor-element-fb1894e\" data-id=\"fb1894e\" data-element_type=\"column\">\n\t\t\t<div class=\"elementor-widget-wrap elementor-element-populated\">\n\t\t\t\t\t\t<div class=\"elementor-element elementor-element-c3dfd43 elementor-widget elementor-widget-heading\" data-id=\"c3dfd43\" data-element_type=\"widget\" data-widget_type=\"heading.default\">\n\t\t\t\t<div class=\"elementor-widget-container\">\n\t\t\t\t\t<div class=\"elementor-heading-title elementor-size-xl\">Rafael Atencia<\/div>\t\t\t\t<\/div>\n\t\t\t\t<\/div>\n\t\t\t\t<div class=\"elementor-element elementor-element-ad9efe9 elementor-widget elementor-widget-text-editor\" data-id=\"ad9efe9\" data-element_type=\"widget\" data-widget_type=\"text-editor.default\">\n\t\t\t\t<div class=\"elementor-widget-container\">\n\t\t\t\t\t\t\t\t\t<p><strong>Rafael Atencia. Castro del R\u00edo (C\u00f3rdoba), 1954<\/strong><\/p><p>Scholar of the Spanish classical schools, especially the Baroque Sevillian of Murillo.<\/p><p>He began his pictorial studies with the master C. Toledo continuing his training with the Artistic Circle of San Lluch in Barcelona.<br \/>In his works we appreciate a perfect balance of colors and shapes. His plastic is subtle and delicate, the brush does not stain the canvas, rather he caresses it, with great affection and delicacy. His figures are serene, very humanized, very intimate when viewed with interest. The landscapes are of very good invoice and a pleasant and serious color, very well studied and with character.<\/p><p><br \/>The lyrical poetics retains in its fullest meaning a harmonious whole set that makes the works something positively accommodating and pleasant <br \/>Rafael Atencia is a sensitive man and artist who stops his gaze and his experiences in the everyday and simple, in that mute dialogue that he engages with the things of the world around him. He knows how to penetrate the hidden beauty of shapes and lines and knows how to play with them in such a way that the result is beautiful, pleasant, calm and full of inner peace. There is a beautiful play between the content and the continent and the link between the two gives his works a particular stamp of personality.<\/p><p><strong>Text by: Jos\u00e9 Salguero Carrera. (Art critic)<\/strong><br \/><br \/><\/p><p>Atencia's painting fulfills one of the most basic functions that our generation had to necessarily assign to the plastic arts, those of elements of compensation-light, transparency, harmony, spirit .....<\/p><p><strong>Francisco Anglada (Correo de Andalucia)<\/strong><\/p><p><strong>\u00a0<\/strong><\/p><p>\u00a0<\/p>\t\t\t\t\t\t\t\t<\/div>\n\t\t\t\t<\/div>\n\t\t\t\t\t<\/div>\n\t\t<\/div>\n\t\t\t\t\t<\/div>\n\t\t<\/section>\n\t\t\t\t<section class=\"elementor-section elementor-top-section elementor-element elementor-element-4b190c4 elementor-section-boxed elementor-section-height-default elementor-section-height-default\" data-id=\"4b190c4\" data-element_type=\"section\">\n\t\t\t\t\t\t<div class=\"elementor-container elementor-column-gap-default\">\n\t\t\t\t\t<div class=\"elementor-column elementor-col-50 elementor-top-column elementor-element elementor-element-cfdfe58\" data-id=\"cfdfe58\" data-element_type=\"column\">\n\t\t\t<div class=\"elementor-widget-wrap elementor-element-populated\">\n\t\t\t\t\t\t<div class=\"elementor-element elementor-element-6af858f elementor-widget elementor-widget-heading\" data-id=\"6af858f\" data-element_type=\"widget\" data-widget_type=\"heading.default\">\n\t\t\t\t<div class=\"elementor-widget-container\">\n\t\t\t\t\t<div class=\"elementor-heading-title elementor-size-xl\">Exhibitions<\/div>\t\t\t\t<\/div>\n\t\t\t\t<\/div>\n\t\t\t\t<div class=\"elementor-element elementor-element-aff5969 elementor-widget elementor-widget-text-editor\" data-id=\"aff5969\" data-element_type=\"widget\" data-widget_type=\"text-editor.default\">\n\t\t\t\t<div class=\"elementor-widget-container\">\n\t\t\t\t\t\t\t\t\t<p><strong>Since 1964, Rafael Atencia, has made numerous Individual and Collective Exhibitions throughout Spain.<\/strong><\/p>\t\t\t\t\t\t\t\t<\/div>\n\t\t\t\t<\/div>\n\t\t\t\t\t<\/div>\n\t\t<\/div>\n\t\t\t\t<div class=\"elementor-column elementor-col-50 elementor-top-column elementor-element elementor-element-9f0c263\" data-id=\"9f0c263\" data-element_type=\"column\">\n\t\t\t<div class=\"elementor-widget-wrap elementor-element-populated\">\n\t\t\t\t\t\t\t<\/div>\n\t\t<\/div>\n\t\t\t\t\t<\/div>\n\t\t<\/section>\n\t\t\t\t<section class=\"elementor-section elementor-top-section elementor-element elementor-element-9425fdd elementor-section-boxed elementor-section-height-default elementor-section-height-default\" data-id=\"9425fdd\" data-element_type=\"section\">\n\t\t\t\t\t\t<div class=\"elementor-container elementor-column-gap-default\">\n\t\t\t\t\t<div class=\"elementor-column elementor-col-50 elementor-top-column elementor-element elementor-element-dcc0f77\" data-id=\"dcc0f77\" data-element_type=\"column\">\n\t\t\t<div class=\"elementor-widget-wrap elementor-element-populated\">\n\t\t\t\t\t\t<div class=\"elementor-element elementor-element-4e8c2bc elementor-widget elementor-widget-heading\" data-id=\"4e8c2bc\" data-element_type=\"widget\" data-widget_type=\"heading.default\">\n\t\t\t\t<div class=\"elementor-widget-container\">\n\t\t\t\t\t<div class=\"elementor-heading-title elementor-size-xl\">Awards<\/div>\t\t\t\t<\/div>\n\t\t\t\t<\/div>\n\t\t\t\t<div class=\"elementor-element elementor-element-0425256 elementor-widget elementor-widget-text-editor\" data-id=\"0425256\" data-element_type=\"widget\" data-widget_type=\"text-editor.default\">\n\t\t\t\t<div class=\"elementor-widget-container\">\n\t\t\t\t\t\t\t\t\t<p>\u00a0<\/p><p><strong>Has been awarded with 1st and 2nd Prizes in the Contests that have been presented\u00a0 <\/strong><\/p>\t\t\t\t\t\t\t\t<\/div>\n\t\t\t\t<\/div>\n\t\t\t\t\t<\/div>\n\t\t<\/div>\n\t\t\t\t<div class=\"elementor-column elementor-col-50 elementor-top-column elementor-element elementor-element-b0cd0df\" data-id=\"b0cd0df\" data-element_type=\"column\">\n\t\t\t<div class=\"elementor-widget-wrap elementor-element-populated\">\n\t\t\t\t\t\t\t<\/div>\n\t\t<\/div>\n\t\t\t\t\t<\/div>\n\t\t<\/section>\n\t\t\t\t<section class=\"elementor-section elementor-top-section elementor-element elementor-element-36bfd19 elementor-section-boxed elementor-section-height-default elementor-section-height-default\" data-id=\"36bfd19\" data-element_type=\"section\">\n\t\t\t\t\t\t<div class=\"elementor-container elementor-column-gap-default\">\n\t\t\t\t\t<div class=\"elementor-column elementor-col-100 elementor-top-column elementor-element elementor-element-b2e4b54\" data-id=\"b2e4b54\" data-element_type=\"column\">\n\t\t\t<div class=\"elementor-widget-wrap elementor-element-populated\">\n\t\t\t\t\t\t<div class=\"elementor-element elementor-element-94aeff7 elementor-widget elementor-widget-heading\" data-id=\"94aeff7\" data-element_type=\"widget\" data-widget_type=\"heading.default\">\n\t\t\t\t<div class=\"elementor-widget-container\">\n\t\t\t\t\t<div class=\"elementor-heading-title elementor-size-xl\">Artworks<\/div>\t\t\t\t<\/div>\n\t\t\t\t<\/div>\n\t\t\t\t<div class=\"elementor-element elementor-element-8958310 elementor-grid-4 elementor-grid-tablet-3 elementor-grid-mobile-2 elementor-products-grid elementor-wc-products elementor-widget elementor-widget-woocommerce-products\" data-id=\"8958310\" data-element_type=\"widget\" data-widget_type=\"woocommerce-products.default\">\n\t\t\t\t<div class=\"elementor-widget-container\">\n\t\t\t\t\t<div class=\"woocommerce columns-4\"><ul class=\"products elementor-grid columns-4\">\n<li class=\"sales-flash-overlay woocommerce-text-align-center woocommerce-image-align-center do-quantity-buttons product type-product post-2533 status-publish first instock product_cat-500e-y-menos product_cat-obra product_cat-oleo product_cat-paisajes-obra has-post-thumbnail sale sold-individually taxable shipping-taxable purchasable product-type-simple\">\n\t<a href=\"https:\/\/villanueva-fineart.es\/en\/product\/paisaje-rafael-atencia\/\" class=\"woocommerce-LoopProduct-link woocommerce-loop-product__link\">\n\t<span class=\"onsale\" data-no-translation=\"\" data-trp-gettext=\"\">\u00a1offers!<\/span>\n\t<img decoding=\"async\" width=\"300\" height=\"300\" src=\"https:\/\/villanueva-fineart.es\/wp-content\/uploads\/2021\/12\/Atencia-2-300x300.jpg\" class=\"attachment-woocommerce_thumbnail size-woocommerce_thumbnail\" alt=\"Paisaje, Rafael Atencia\" srcset=\"https:\/\/villanueva-fineart.es\/wp-content\/uploads\/2021\/12\/Atencia-2-300x300.jpg 300w, https:\/\/villanueva-fineart.es\/wp-content\/uploads\/2021\/12\/Atencia-2-150x150.jpg 150w, https:\/\/villanueva-fineart.es\/wp-content\/uploads\/2021\/12\/Atencia-2-100x100.jpg 100w\" sizes=\"(max-width: 300px) 100vw, 300px\" \/><h2 class=\"woocommerce-loop-product__title\">Paisaje, Rafael Atencia<\/h2>\n\t<span class=\"price\"><del aria-hidden=\"true\"><span class=\"woocommerce-Price-amount amount\"><bdi>350,00&nbsp;<span class=\"woocommerce-Price-currencySymbol\">&euro;<\/span><\/bdi><\/span><\/del> <span class=\"screen-reader-text\" data-no-translation=\"\" data-trp-gettext=\"\">Original price was: 350,00&nbsp;&euro;.<\/span><ins aria-hidden=\"true\"><span class=\"woocommerce-Price-amount amount\"><bdi>200,00&nbsp;<span class=\"woocommerce-Price-currencySymbol\">&euro;<\/span><\/bdi><\/span><\/ins><span class=\"screen-reader-text\" data-no-translation=\"\" data-trp-gettext=\"\">Current price is: 200,00&nbsp;&euro;.<\/span><\/span>\n<\/a><a href=\"?add-to-cart=2533\" aria-describedby=\"woocommerce_loop_add_to_cart_link_describedby_2533\" data-quantity=\"1\" class=\"button product_type_simple add_to_cart_button ajax_add_to_cart\" data-product_id=\"2533\" data-product_sku=\"\" aria-label=\"Add to basket: \u201cPaisaje, Rafael Atencia\u201d\" rel=\"nofollow\" data-success_message=\"\u201cPaisaje, Rafael Atencia\u201d has been added to your cart\" data-no-translation=\"\" data-trp-gettext=\"\" data-no-translation-aria-label=\"\" data-no-translation-data-success_message=\"\">ADD TO CART<\/a>\t<span id=\"woocommerce_loop_add_to_cart_link_describedby_2533\" class=\"screen-reader-text\">\n\t\t\t<\/span>\n<\/li>\n<li class=\"sales-flash-overlay woocommerce-text-align-center woocommerce-image-align-center do-quantity-buttons product type-product post-2503 status-publish instock product_cat-500e-y-menos product_cat-bodegones product_cat-obra product_cat-oleo has-post-thumbnail sale sold-individually taxable shipping-taxable purchasable product-type-simple\">\n\t<a href=\"https:\/\/villanueva-fineart.es\/en\/product\/bodegon-rafael-atencia\/\" class=\"woocommerce-LoopProduct-link woocommerce-loop-product__link\">\n\t<span class=\"onsale\" data-no-translation=\"\" data-trp-gettext=\"\">\u00a1offers!<\/span>\n\t<img decoding=\"async\" width=\"300\" height=\"286\" src=\"https:\/\/villanueva-fineart.es\/wp-content\/uploads\/2021\/12\/Atencia-1-300x286.jpg\" class=\"attachment-woocommerce_thumbnail size-woocommerce_thumbnail\" alt=\"Bodeg\u00f3n, Rafael Atencia\" \/><h2 class=\"woocommerce-loop-product__title\">Bodeg\u00f3n, Rafael Atencia<\/h2>\n\t<span class=\"price\"><del aria-hidden=\"true\"><span class=\"woocommerce-Price-amount amount\"><bdi>350,00&nbsp;<span class=\"woocommerce-Price-currencySymbol\">&euro;<\/span><\/bdi><\/span><\/del> <span class=\"screen-reader-text\" data-no-translation=\"\" data-trp-gettext=\"\">Original price was: 350,00&nbsp;&euro;.<\/span><ins aria-hidden=\"true\"><span class=\"woocommerce-Price-amount amount\"><bdi>200,00&nbsp;<span class=\"woocommerce-Price-currencySymbol\">&euro;<\/span><\/bdi><\/span><\/ins><span class=\"screen-reader-text\" data-no-translation=\"\" data-trp-gettext=\"\">Current price is: 200,00&nbsp;&euro;.<\/span><\/span>\n<\/a><a href=\"?add-to-cart=2503\" aria-describedby=\"woocommerce_loop_add_to_cart_link_describedby_2503\" data-quantity=\"1\" class=\"button product_type_simple add_to_cart_button ajax_add_to_cart\" data-product_id=\"2503\" data-product_sku=\"\" aria-label=\"Add to basket: \u201cBodeg\u00f3n, Rafael Atencia\u201d\" rel=\"nofollow\" data-success_message=\"\u201cBodeg\u00f3n, Rafael Atencia\u201d has been added to your cart\" data-no-translation=\"\" data-trp-gettext=\"\" data-no-translation-aria-label=\"\" data-no-translation-data-success_message=\"\">ADD TO CART<\/a>\t<span id=\"woocommerce_loop_add_to_cart_link_describedby_2503\" class=\"screen-reader-text\">\n\t\t\t<\/span>\n<\/li>\n<\/ul>\n<\/div>\t\t\t\t<\/div>\n\t\t\t\t<\/div>\n\t\t\t\t\t<\/div>\n\t\t<\/div>\n\t\t\t\t\t<\/div>\n\t\t<\/section>\n\t\t\t\t<\/div>","protected":false},"excerpt":{"rendered":"<p>Rafael Atencia Rafael Atencia. Castro del R\u00edo (C\u00f3rdoba), 1954 Estudioso de las escuelas cl\u00e1sicas espa\u00f1olas, especialmente la sevillana barroca de Murillo. Comenz\u00f3 sus estudios pict\u00f3ricos con el maestro C. Toledo continuando su formaci\u00f3n con el C\u00edrculo Art\u00edstico de San Lluch de Barcelona. En sus obras apreciamos un perfecto equilibrio de coloridos y formas. Su pl\u00e1stica &#8230; <a title=\"Rafael Atencia\" class=\"read-more\" href=\"https:\/\/villanueva-fineart.es\/en\/rafael-atencia\/\" aria-label=\"Read more about Rafael Atencia\">Read more<\/a><\/p>","protected":false},"author":1,"featured_media":0,"parent":0,"menu_order":0,"comment_status":"closed","ping_status":"closed","template":"","meta":{"footnotes":""},"class_list":["post-2587","page","type-page","status-publish"],"yoast_head":"<!-- This site is optimized with the Yoast SEO plugin v25.9 - https:\/\/yoast.com\/wordpress\/plugins\/seo\/ -->\n<title>Rafael Atencia - Villanueva Fineart<\/title>\n<meta name=\"description\" content=\"Estudioso de las escuelas cl\u00e1sicas espa\u00f1olas, especialmente la sevillana barroca de Murillo.\" \/>\n<meta name=\"robots\" content=\"index, follow, max-snippet:-1, max-image-preview:large, max-video-preview:-1\" \/>\n<link rel=\"canonical\" href=\"https:\/\/villanueva-fineart.es\/en\/rafael-atencia\/\" \/>\n<meta property=\"og:locale\" content=\"en_GB\" \/>\n<meta property=\"og:type\" content=\"article\" \/>\n<meta property=\"og:title\" content=\"Rafael Atencia - Villanueva Fineart\" \/>\n<meta property=\"og:description\" content=\"Estudioso de las escuelas cl\u00e1sicas espa\u00f1olas, especialmente la sevillana barroca de Murillo.\" \/>\n<meta property=\"og:url\" content=\"https:\/\/villanueva-fineart.es\/en\/rafael-atencia\/\" \/>\n<meta property=\"og:site_name\" content=\"Villanueva Fineart\" \/>\n<meta property=\"article:modified_time\" content=\"2022-01-02T16:22:31+00:00\" \/>\n<meta property=\"og:image\" content=\"https:\/\/villanueva-fineart.es\/wp-content\/uploads\/2021\/12\/Atencia-2.jpg\" \/>\n<meta name=\"twitter:card\" content=\"summary_large_image\" \/>\n<meta name=\"twitter:label1\" content=\"Estimated reading time\" \/>\n\t<meta name=\"twitter:data1\" content=\"2 minutes\" \/>\n<script type=\"application\/ld+json\" class=\"yoast-schema-graph\">{\"@context\":\"https:\/\/schema.org\",\"@graph\":[{\"@type\":\"WebPage\",\"@id\":\"https:\/\/villanueva-fineart.es\/rafael-atencia\/\",\"url\":\"https:\/\/villanueva-fineart.es\/rafael-atencia\/\",\"name\":\"Rafael Atencia - Villanueva Fineart\",\"isPartOf\":{\"@id\":\"http:\/\/villanueva-fineart.es\/#website\"},\"primaryImageOfPage\":{\"@id\":\"https:\/\/villanueva-fineart.es\/rafael-atencia\/#primaryimage\"},\"image\":{\"@id\":\"https:\/\/villanueva-fineart.es\/rafael-atencia\/#primaryimage\"},\"thumbnailUrl\":\"https:\/\/villanueva-fineart.es\/wp-content\/uploads\/2021\/12\/Atencia-2.jpg\",\"datePublished\":\"2021-12-20T22:26:04+00:00\",\"dateModified\":\"2022-01-02T16:22:31+00:00\",\"description\":\"Estudioso de las escuelas cl\u00e1sicas espa\u00f1olas, especialmente la sevillana barroca de Murillo.\",\"breadcrumb\":{\"@id\":\"https:\/\/villanueva-fineart.es\/rafael-atencia\/#breadcrumb\"},\"inLanguage\":\"en-GB\",\"potentialAction\":[{\"@type\":\"ReadAction\",\"target\":[\"https:\/\/villanueva-fineart.es\/rafael-atencia\/\"]}]},{\"@type\":\"ImageObject\",\"inLanguage\":\"en-GB\",\"@id\":\"https:\/\/villanueva-fineart.es\/rafael-atencia\/#primaryimage\",\"url\":\"https:\/\/villanueva-fineart.es\/wp-content\/uploads\/2021\/12\/Atencia-2.jpg\",\"contentUrl\":\"https:\/\/villanueva-fineart.es\/wp-content\/uploads\/2021\/12\/Atencia-2.jpg\"},{\"@type\":\"BreadcrumbList\",\"@id\":\"https:\/\/villanueva-fineart.es\/rafael-atencia\/#breadcrumb\",\"itemListElement\":[{\"@type\":\"ListItem\",\"position\":1,\"name\":\"Inicio\",\"item\":\"https:\/\/villanueva-fineart.es\/\"},{\"@type\":\"ListItem\",\"position\":2,\"name\":\"Rafael Atencia\"}]},{\"@type\":\"WebSite\",\"@id\":\"http:\/\/villanueva-fineart.es\/#website\",\"url\":\"http:\/\/villanueva-fineart.es\/\",\"name\":\"Villanueva Fineart\",\"description\":\"Liquidaci\u00f3n de Obras de arte\",\"publisher\":{\"@id\":\"http:\/\/villanueva-fineart.es\/#organization\"},\"potentialAction\":[{\"@type\":\"SearchAction\",\"target\":{\"@type\":\"EntryPoint\",\"urlTemplate\":\"http:\/\/villanueva-fineart.es\/?s={search_term_string}\"},\"query-input\":{\"@type\":\"PropertyValueSpecification\",\"valueRequired\":true,\"valueName\":\"search_term_string\"}}],\"inLanguage\":\"en-GB\"},{\"@type\":\"Organization\",\"@id\":\"http:\/\/villanueva-fineart.es\/#organization\",\"name\":\"Villanueva Fineart\",\"url\":\"http:\/\/villanueva-fineart.es\/\",\"logo\":{\"@type\":\"ImageObject\",\"inLanguage\":\"en-GB\",\"@id\":\"http:\/\/villanueva-fineart.es\/#\/schema\/logo\/image\/\",\"url\":\"https:\/\/villanueva-fineart.es\/wp-content\/uploads\/2021\/11\/Logo-fineart.jpg\",\"contentUrl\":\"https:\/\/villanueva-fineart.es\/wp-content\/uploads\/2021\/11\/Logo-fineart.jpg\",\"width\":200,\"height\":85,\"caption\":\"Villanueva Fineart\"},\"image\":{\"@id\":\"http:\/\/villanueva-fineart.es\/#\/schema\/logo\/image\/\"}}]}<\/script>\n<!-- \/ Yoast SEO plugin. -->","yoast_head_json":{"title":"Rafael Atencia - Villanueva Fineart","description":"Estudioso de las escuelas cl\u00e1sicas espa\u00f1olas, especialmente la sevillana barroca de Murillo.","robots":{"index":"index","follow":"follow","max-snippet":"max-snippet:-1","max-image-preview":"max-image-preview:large","max-video-preview":"max-video-preview:-1"},"canonical":"https:\/\/villanueva-fineart.es\/en\/rafael-atencia\/","og_locale":"en_GB","og_type":"article","og_title":"Rafael Atencia - Villanueva Fineart","og_description":"Estudioso de las escuelas cl\u00e1sicas espa\u00f1olas, especialmente la sevillana barroca de Murillo.","og_url":"https:\/\/villanueva-fineart.es\/en\/rafael-atencia\/","og_site_name":"Villanueva Fineart","article_modified_time":"2022-01-02T16:22:31+00:00","og_image":[{"url":"https:\/\/villanueva-fineart.es\/wp-content\/uploads\/2021\/12\/Atencia-2.jpg","type":"","width":"","height":""}],"twitter_card":"summary_large_image","twitter_misc":{"Estimated reading time":"2 minutes"},"schema":{"@context":"https:\/\/schema.org","@graph":[{"@type":"WebPage","@id":"https:\/\/villanueva-fineart.es\/rafael-atencia\/","url":"https:\/\/villanueva-fineart.es\/rafael-atencia\/","name":"Rafael Atencia - Villanueva Fineart","isPartOf":{"@id":"http:\/\/villanueva-fineart.es\/#website"},"primaryImageOfPage":{"@id":"https:\/\/villanueva-fineart.es\/rafael-atencia\/#primaryimage"},"image":{"@id":"https:\/\/villanueva-fineart.es\/rafael-atencia\/#primaryimage"},"thumbnailUrl":"https:\/\/villanueva-fineart.es\/wp-content\/uploads\/2021\/12\/Atencia-2.jpg","datePublished":"2021-12-20T22:26:04+00:00","dateModified":"2022-01-02T16:22:31+00:00","description":"Estudioso de las escuelas cl\u00e1sicas espa\u00f1olas, especialmente la sevillana barroca de Murillo.","breadcrumb":{"@id":"https:\/\/villanueva-fineart.es\/rafael-atencia\/#breadcrumb"},"inLanguage":"en-GB","potentialAction":[{"@type":"ReadAction","target":["https:\/\/villanueva-fineart.es\/rafael-atencia\/"]}]},{"@type":"ImageObject","inLanguage":"en-GB","@id":"https:\/\/villanueva-fineart.es\/rafael-atencia\/#primaryimage","url":"https:\/\/villanueva-fineart.es\/wp-content\/uploads\/2021\/12\/Atencia-2.jpg","contentUrl":"https:\/\/villanueva-fineart.es\/wp-content\/uploads\/2021\/12\/Atencia-2.jpg"},{"@type":"BreadcrumbList","@id":"https:\/\/villanueva-fineart.es\/rafael-atencia\/#breadcrumb","itemListElement":[{"@type":"ListItem","position":1,"name":"Inicio","item":"https:\/\/villanueva-fineart.es\/"},{"@type":"ListItem","position":2,"name":"Rafael Atencia"}]},{"@type":"WebSite","@id":"http:\/\/villanueva-fineart.es\/#website","url":"http:\/\/villanueva-fineart.es\/","name":"Villanueva Fineart","description":"Liquidaci\u00f3n de Obras de arte","publisher":{"@id":"http:\/\/villanueva-fineart.es\/#organization"},"potentialAction":[{"@type":"SearchAction","target":{"@type":"EntryPoint","urlTemplate":"http:\/\/villanueva-fineart.es\/?s={search_term_string}"},"query-input":{"@type":"PropertyValueSpecification","valueRequired":true,"valueName":"search_term_string"}}],"inLanguage":"en-GB"},{"@type":"Organization","@id":"http:\/\/villanueva-fineart.es\/#organization","name":"Villanueva Fineart","url":"http:\/\/villanueva-fineart.es\/","logo":{"@type":"ImageObject","inLanguage":"en-GB","@id":"http:\/\/villanueva-fineart.es\/#\/schema\/logo\/image\/","url":"https:\/\/villanueva-fineart.es\/wp-content\/uploads\/2021\/11\/Logo-fineart.jpg","contentUrl":"https:\/\/villanueva-fineart.es\/wp-content\/uploads\/2021\/11\/Logo-fineart.jpg","width":200,"height":85,"caption":"Villanueva Fineart"},"image":{"@id":"http:\/\/villanueva-fineart.es\/#\/schema\/logo\/image\/"}}]}},"_links":{"self":[{"href":"https:\/\/villanueva-fineart.es\/en\/wp-json\/wp\/v2\/pages\/2587","targetHints":{"allow":["GET"]}}],"collection":[{"href":"https:\/\/villanueva-fineart.es\/en\/wp-json\/wp\/v2\/pages"}],"about":[{"href":"https:\/\/villanueva-fineart.es\/en\/wp-json\/wp\/v2\/types\/page"}],"author":[{"embeddable":true,"href":"https:\/\/villanueva-fineart.es\/en\/wp-json\/wp\/v2\/users\/1"}],"replies":[{"embeddable":true,"href":"https:\/\/villanueva-fineart.es\/en\/wp-json\/wp\/v2\/comments?post=2587"}],"version-history":[{"count":4,"href":"https:\/\/villanueva-fineart.es\/en\/wp-json\/wp\/v2\/pages\/2587\/revisions"}],"predecessor-version":[{"id":3608,"href":"https:\/\/villanueva-fineart.es\/en\/wp-json\/wp\/v2\/pages\/2587\/revisions\/3608"}],"wp:attachment":[{"href":"https:\/\/villanueva-fineart.es\/en\/wp-json\/wp\/v2\/media?parent=2587"}],"curies":[{"name":"wp","href":"https:\/\/api.w.org\/{rel}","templated":true}]}}